{"id":5645,"date":"2020-06-18T03:12:46","date_gmt":"2020-06-18T08:12:46","guid":{"rendered":"https:\/\/www.blackjackinfo.com\/?page_id=5645"},"modified":"2020-06-18T03:12:46","modified_gmt":"2020-06-18T08:12:46","slug":"il-blackjack-online-e-truccato","status":"publish","type":"page","link":"https:\/\/www.blackjackinfo.com\/it\/online-blackjack\/is-online-blackjack-rigged\/","title":{"rendered":"Il blackjack online \u00e8 truccato?"},"content":{"rendered":"<p>Questa \u00e8 una delle domande che molti giocatori di blackjack si pongono. Si ricollega all'annoso problema se i casin\u00f2 online siano o meno truccati. Possiamo darvi una risposta rapida: il blackjack online di solito non \u00e8 truccato, ma pu\u00f2 esserlo.<\/p>\n<p>Poich\u00e9 non si tratta di una domanda a cui si pu\u00f2 semplicemente rispondere e chiudere la questione, dobbiamo ancora approfondire cosa significa esattamente. Restate con noi se volete scoprire perch\u00e9 il blackjack online di solito non \u00e8 truccato e come pu\u00f2 esserlo. Diamo un'occhiata.<\/p>\n<h2>I casin\u00f2 online sono truccati?<\/h2>\n<p>Prima di spiegare il blackjack online e se dovete preoccuparvi che sia truccato, dobbiamo parlare dei luoghi in cui si pu\u00f2 giocare a blackjack online - i casin\u00f2 online.<\/p>\n<p>In tutta onest\u00e0, i casin\u00f2 online possono essere truccati molto facilmente. Tuttavia, questo non significa che lo siano. Anzi, la stragrande maggioranza di essi non lo sono. La cosa pi\u00f9 importante da capire \u00e8 che ci sono cose che garantiscono che i casin\u00f2 online e i giochi che offrono non siano truccati.<\/p>\n<p>Innanzitutto, gli sviluppatori di giochi di casin\u00f2 di qualit\u00e0 non vogliono essere associati a giochi e casin\u00f2 truccati. Pertanto, non creano nemmeno giochi truccati, compreso il blackjack. Ogni buon sviluppatore crea giochi di casin\u00f2 con generatori di numeri casuali incorporati per garantire che ci\u00f2 che accade nei giochi sia del tutto casuale.<\/p>\n<p>Naturalmente, tutti i giochi di casin\u00f2 sono fatti per favorire leggermente il casin\u00f2, in modo che il sito possa trarre profitto. Tuttavia, questo margine del casin\u00f2 \u00e8 sempre molto ridotto e, per quanto grande sia, non significa che non si possa vincere molto in ogni singolo gioco.<\/p>\n<p>A parte le precauzioni prese dagli stessi sviluppatori di software, ogni casin\u00f2 online \u00e8 soggetto alle leggi del paese in cui opera. Se sono internazionali, sono comunque soggetti a regole che garantiscono la correttezza del gioco e la sicurezza dei giocatori.<\/p>\n<p>Inoltre, ogni casin\u00f2 certificato come onesto possiede le licenze adeguate. Le migliori licenze nel mondo del gioco d'azzardo online sono quelle rilasciate dalla Malta Gaming Authority (MGA) e dalla United Kingdom Gambling Commission (UKGC). Quindi, se un casin\u00f2 ha una di queste licenze, potete essere certi che \u00e8 equo e non pi\u00f9 truccato della vita stessa!<\/p>\n<p>\u00c8 importante ricordare che molti casin\u00f2 online consentono a revisori indipendenti di verificare occasionalmente il loro livello di correttezza e onest\u00e0.<\/p>\n<h2>Perch\u00e9 e come il blackjack online pu\u00f2 essere truccato?<\/h2>\n<p>I giocatori sono molto sospettosi nei confronti dei giochi d'azzardo online, e hanno tutto il diritto di esserlo. \u00c8 facile pensare che il gioco sia truccato perch\u00e9 un casin\u00f2 online pu\u00f2 facilmente truccare una partita di blackjack. Il casin\u00f2 controlla il software e pu\u00f2 quindi controllare lo svolgimento del gioco. Inoltre, per il modo in cui funziona il blackjack, il casin\u00f2 pu\u00f2 facilmente ribaltare le probabilit\u00e0 a suo favore senza che nessuno se ne accorga.<\/p>\n<p>Per questi motivi, \u00e8 comprensibile che vi preoccupiate che il gioco del blackjack online a cui state giocando sia truccato. Quel che \u00e8 peggio \u00e8 che queste cose non sono mai successe prima. Per esempio, c'\u00e8 il famigerato scandalo Potripper, in cui il proprietario del sito web aveva la possibilit\u00e0 di vedere le carte dei giocatori.<\/p>\n<p>Casi come questi sono rari, ma non inediti. Quando si tratta di blackjack, ci sono molti modi in cui un casin\u00f2 pu\u00f2 truccare il gioco. Il metodo pi\u00f9 comune che un casin\u00f2 malvagio potrebbe utilizzare \u00e8 quello di rimuovere completamente gli assi o le carte coperte. Si potrebbe pensare che questo sia facile da notare, ma il fatto \u00e8 che la maggior parte dei giochi di blackjack utilizza meno di 50% di carte disponibili per partita, quindi \u00e8 probabile che nessuno se ne accorga.<\/p>\n<p>Esistono altri metodi per truccare una partita di blackjack online, ma la realt\u00e0 \u00e8 che la maggior parte dei casin\u00f2 non li utilizza. Ci\u00f2 \u00e8 dovuto principalmente alle ragioni che abbiamo gi\u00e0 spiegato e alle regole che impediscono di truccare i giochi. Tuttavia, la maggior parte dei casin\u00f2 online non vuole nemmeno truccare i propri giochi. Semplicemente non ne vale la pena. Se qualcuno si accorge che una partita di blackjack \u00e8 truccata, la cattiva reputazione che ne deriva potrebbe facilmente rovinare il casin\u00f2.<\/p>\n<p>In tutta onest\u00e0, solo un proprietario di casin\u00f2 molto stupido vorrebbe truccare il blackjack, poich\u00e9 i potenziali guadagni sono molto bassi, mentre i rischi sono tremendamente alti.<\/p>\n<h2>Come posso sapere se il mio gioco del blackjack online \u00e8 truccato?<\/h2>\n<p>Per scoprire se il gioco del blackjack online \u00e8 truccato, \u00e8 sempre necessario valutare l'affidabilit\u00e0 della piattaforma su cui si gioca. Finch\u00e9 la piattaforma stessa \u00e8 equa e legittima, le possibilit\u00e0 che il gioco del blackjack sia truccato sono minime.<\/p>\n<p>Una delle cose pi\u00f9 importanti da verificare \u00e8 se il casin\u00f2 possiede una licenza rilasciata da una delle organizzazioni di cui abbiamo parlato (MGA e UKGC) o da un'altra agenzia ben riconosciuta. Inoltre, assicuratevi che il gioco del blackjack provenga da uno sviluppatore di software legittimo e popolare come Microgaming, Playtech, Evolution Gaming, NetEnt, ecc.<\/p>\n<p>Per quanto riguarda il gioco vero e proprio, \u00e8 possibile giocare al blackjack con croupier dal vivo. I giochi dal vivo sono pi\u00f9 facili da seguire e qualsiasi potenziale problema \u00e8 meno probabile e pi\u00f9 facile da individuare. Tuttavia, questo non significa che non si debba giocare ai normali giochi di blackjack online. Tutti i migliori giochi di blackjack sono realizzati con algoritmi che mescolano le carte in modo del tutto casuale. E naturalmente, se il casin\u00f2 \u00e8 buono, la possibilit\u00e0 che il gioco sia truccato \u00e8 praticamente inesistente.<\/p>\n<p>Se iniziate a perdere spesso, \u00e8 bene che diate un'occhiata al vostro modo di giocare. Purtroppo, la ragione pi\u00f9 probabile delle vostre continue perdite ha a che fare con voi, non con il gioco in s\u00e9.<\/p>\n<p>La maggior parte dei giocatori tende a incolpare il gioco per le proprie perdite, invece di esaminare i propri metodi e strategie di gioco. Nella maggior parte dei casi, quando i giocatori accusano il casin\u00f2 di aver truccato il gioco del blackjack, lo fanno perch\u00e9 non si rendono conto di aver fatto qualcosa di sbagliato. \u00c8 quindi importante considerare anche questo aspetto quando si esamina la correttezza del gioco.<\/p>\n<h2>Il bilancio<\/h2>\n<p>Nel complesso, il blackjack online non \u00e8 quasi mai truccato, anche se pu\u00f2 esserlo. La maggior parte dei casin\u00f2 in cui si gioca sono legittimi e corretti, quindi anche i loro giochi di blackjack sono molto probabilmente corretti.<\/p>\n<p>Inoltre, anche se una partita di blackjack pu\u00f2 essere truccata in diversi modi, non c'\u00e8 motivo o necessit\u00e0 per un casin\u00f2 di farlo. Le ricompense sono basse e i rischi elevati, quindi potete essere certi che un casin\u00f2 online non avr\u00e0 mai bisogno di truccare una partita di blackjack.<\/p>\n<p>In conclusione, potete rilassarvi e iniziare a giocare a blackjack online nel vostro casin\u00f2 online preferito e legittimo, senza preoccuparvi che sia truccato.<\/p>\n<h2>Articoli correlati<\/h2>\n<ul>\n<li><a href=\"https:\/\/www.blackjackinfo.com\/are-online-casinos-rigged\/\">I casin\u00f2 online sono truccati?<\/a><\/li>\n<li><a href=\"https:\/\/www.blackjackinfo.com\/us\/\">Casin\u00f2 online statunitensi<\/a><\/li>\n<li><a href=\"https:\/\/www.blackjackinfo.com\/us\/us-offshore-online-casinos\/\">I casin\u00f2 offshore statunitensi spiegati<\/a><\/li>\n<\/ul>","protected":false},"excerpt":{"rendered":"<p>This is one of those questions many blackjack players have. It ties into the age-long problem of whether or not online casinos are rigged. We can give you a quick answer \u2014 online blackjack is usually not rigged, but it can be. As this is not a question that we can merely answer and be [&hellip;]<\/p>\n","protected":false},"author":4,"featured_media":0,"parent":1928,"menu_order":0,"comment_status":"closed","ping_status":"closed","template":"","meta":{"_acf_changed":false,"footnotes":""},"tags":[],"class_list":["post-5645","page","type-page","status-publish","hentry"],"acf":[],"yoast_head":"<!-- This site is optimized with the Yoast SEO plugin v26.6 - https:\/\/yoast.com\/wordpress\/plugins\/seo\/ -->\n<title>Is Online Blackjack Rigged?<\/title>\n<meta name=\"description\" content=\"This is one of those questions many blackjack players have. It ties into the age-long problem of whether or not online casinos are rigged. We can give you\" \/>\n<meta name=\"robots\" content=\"index, follow, max-snippet:-1, max-image-preview:large, max-video-preview:-1\" \/>\n<link rel=\"canonical\" href=\"https:\/\/www.blackjackinfo.com\/it\/blackjack-online-2\/il-blackjack-online-e-truccato\/\" \/>\n<meta property=\"og:locale\" content=\"it_IT\" \/>\n<meta property=\"og:type\" content=\"article\" \/>\n<meta property=\"og:title\" content=\"Is Online Blackjack Rigged?\" \/>\n<meta property=\"og:description\" content=\"This is one of those questions many blackjack players have. It ties into the age-long problem of whether or not online casinos are rigged. We can give you\" \/>\n<meta property=\"og:url\" content=\"https:\/\/www.blackjackinfo.com\/it\/blackjack-online-2\/il-blackjack-online-e-truccato\/\" \/>\n<meta property=\"og:site_name\" content=\"BlackjackInfo.com\" \/>\n<meta name=\"twitter:label1\" content=\"Tempo di lettura stimato\" \/>\n\t<meta name=\"twitter:data1\" content=\"6 minuti\" \/>\n<script type=\"application\/ld+json\" class=\"yoast-schema-graph\">{\"@context\":\"https:\/\/schema.org\",\"@graph\":[{\"@type\":\"WebPage\",\"@id\":\"https:\/\/www.blackjackinfo.com\/online-blackjack\/is-online-blackjack-rigged\/\",\"url\":\"https:\/\/www.blackjackinfo.com\/online-blackjack\/is-online-blackjack-rigged\/\",\"name\":\"Is Online Blackjack Rigged?\",\"isPartOf\":{\"@id\":\"https:\/\/www.blackjackinfo.com\/#website\"},\"datePublished\":\"2020-06-18T08:12:46+00:00\",\"description\":\"This is one of those questions many blackjack players have. It ties into the age-long problem of whether or not online casinos are rigged. We can give you\",\"breadcrumb\":{\"@id\":\"https:\/\/www.blackjackinfo.com\/online-blackjack\/is-online-blackjack-rigged\/#breadcrumb\"},\"inLanguage\":\"it-IT\",\"potentialAction\":[{\"@type\":\"ReadAction\",\"target\":[\"https:\/\/www.blackjackinfo.com\/online-blackjack\/is-online-blackjack-rigged\/\"]}]},{\"@type\":\"BreadcrumbList\",\"@id\":\"https:\/\/www.blackjackinfo.com\/online-blackjack\/is-online-blackjack-rigged\/#breadcrumb\",\"itemListElement\":[{\"@type\":\"ListItem\",\"position\":1,\"name\":\"Home\",\"item\":\"https:\/\/www.blackjackinfo.com\/\"},{\"@type\":\"ListItem\",\"position\":2,\"name\":\"Online Blackjack for Real Money\",\"item\":\"https:\/\/www.blackjackinfo.com\/online-blackjack\/\"},{\"@type\":\"ListItem\",\"position\":3,\"name\":\"Is Online Blackjack Rigged?\"}]},{\"@type\":\"WebSite\",\"@id\":\"https:\/\/www.blackjackinfo.com\/#website\",\"url\":\"https:\/\/www.blackjackinfo.com\/\",\"name\":\"BlackjackInfo.com\",\"description\":\"Because Winning is More Fun!\",\"potentialAction\":[{\"@type\":\"SearchAction\",\"target\":{\"@type\":\"EntryPoint\",\"urlTemplate\":\"https:\/\/www.blackjackinfo.com\/?s={search_term_string}\"},\"query-input\":{\"@type\":\"PropertyValueSpecification\",\"valueRequired\":true,\"valueName\":\"search_term_string\"}}],\"inLanguage\":\"it-IT\"}]}<\/script>\n<!-- \/ Yoast SEO plugin. -->","yoast_head_json":{"title":"Il blackjack online \u00e8 truccato?","description":"Questa \u00e8 una delle domande che molti giocatori di blackjack si pongono. Si ricollega all'annoso problema se i casin\u00f2 online siano o meno truccati. Possiamo darvi","robots":{"index":"index","follow":"follow","max-snippet":"max-snippet:-1","max-image-preview":"max-image-preview:large","max-video-preview":"max-video-preview:-1"},"canonical":"https:\/\/www.blackjackinfo.com\/it\/blackjack-online-2\/il-blackjack-online-e-truccato\/","og_locale":"it_IT","og_type":"article","og_title":"Is Online Blackjack Rigged?","og_description":"This is one of those questions many blackjack players have. It ties into the age-long problem of whether or not online casinos are rigged. We can give you","og_url":"https:\/\/www.blackjackinfo.com\/it\/blackjack-online-2\/il-blackjack-online-e-truccato\/","og_site_name":"BlackjackInfo.com","twitter_misc":{"Tempo di lettura stimato":"6 minuti"},"schema":{"@context":"https:\/\/schema.org","@graph":[{"@type":"WebPage","@id":"https:\/\/www.blackjackinfo.com\/online-blackjack\/is-online-blackjack-rigged\/","url":"https:\/\/www.blackjackinfo.com\/online-blackjack\/is-online-blackjack-rigged\/","name":"Il blackjack online \u00e8 truccato?","isPartOf":{"@id":"https:\/\/www.blackjackinfo.com\/#website"},"datePublished":"2020-06-18T08:12:46+00:00","description":"Questa \u00e8 una delle domande che molti giocatori di blackjack si pongono. Si ricollega all'annoso problema se i casin\u00f2 online siano o meno truccati. Possiamo darvi","breadcrumb":{"@id":"https:\/\/www.blackjackinfo.com\/online-blackjack\/is-online-blackjack-rigged\/#breadcrumb"},"inLanguage":"it-IT","potentialAction":[{"@type":"ReadAction","target":["https:\/\/www.blackjackinfo.com\/online-blackjack\/is-online-blackjack-rigged\/"]}]},{"@type":"BreadcrumbList","@id":"https:\/\/www.blackjackinfo.com\/online-blackjack\/is-online-blackjack-rigged\/#breadcrumb","itemListElement":[{"@type":"ListItem","position":1,"name":"Home","item":"https:\/\/www.blackjackinfo.com\/"},{"@type":"ListItem","position":2,"name":"Online Blackjack for Real Money","item":"https:\/\/www.blackjackinfo.com\/online-blackjack\/"},{"@type":"ListItem","position":3,"name":"Is Online Blackjack Rigged?"}]},{"@type":"WebSite","@id":"https:\/\/www.blackjackinfo.com\/#website","url":"https:\/\/www.blackjackinfo.com\/","name":"BlackjackInfo.com","description":"Perch\u00e9 vincere \u00e8 pi\u00f9 divertente!","potentialAction":[{"@type":"SearchAction","target":{"@type":"EntryPoint","urlTemplate":"https:\/\/www.blackjackinfo.com\/?s={search_term_string}"},"query-input":{"@type":"PropertyValueSpecification","valueRequired":true,"valueName":"search_term_string"}}],"inLanguage":"it-IT"}]}},"_links":{"self":[{"href":"https:\/\/www.blackjackinfo.com\/it\/wp-json\/wp\/v2\/pages\/5645","targetHints":{"allow":["GET"]}}],"collection":[{"href":"https:\/\/www.blackjackinfo.com\/it\/wp-json\/wp\/v2\/pages"}],"about":[{"href":"https:\/\/www.blackjackinfo.com\/it\/wp-json\/wp\/v2\/types\/page"}],"author":[{"embeddable":true,"href":"https:\/\/www.blackjackinfo.com\/it\/wp-json\/wp\/v2\/users\/4"}],"replies":[{"embeddable":true,"href":"https:\/\/www.blackjackinfo.com\/it\/wp-json\/wp\/v2\/comments?post=5645"}],"version-history":[{"count":1,"href":"https:\/\/www.blackjackinfo.com\/it\/wp-json\/wp\/v2\/pages\/5645\/revisions"}],"predecessor-version":[{"id":5646,"href":"https:\/\/www.blackjackinfo.com\/it\/wp-json\/wp\/v2\/pages\/5645\/revisions\/5646"}],"up":[{"embeddable":true,"href":"https:\/\/www.blackjackinfo.com\/it\/wp-json\/wp\/v2\/pages\/1928"}],"wp:attachment":[{"href":"https:\/\/www.blackjackinfo.com\/it\/wp-json\/wp\/v2\/media?parent=5645"}],"wp:term":[{"taxonomy":"post_tag","embeddable":true,"href":"https:\/\/www.blackjackinfo.com\/it\/wp-json\/wp\/v2\/tags?post=5645"}],"curies":[{"name":"wp","href":"https:\/\/api.w.org\/{rel}","templated":true}]}}