{"id":567,"date":"2014-09-21T17:34:05","date_gmt":"2014-09-21T22:34:05","guid":{"rendered":"http:\/\/www.blackjackinfo.com\/blog\/?page_id=567"},"modified":"2018-06-22T02:37:17","modified_gmt":"2018-06-22T07:37:17","slug":"problema-di-gioco-dazzardo","status":"publish","type":"page","link":"https:\/\/www.blackjackinfo.com\/it\/gambling-problem\/","title":{"rendered":"Problemi di gioco?"},"content":{"rendered":"<p>Il gioco d'azzardo \u00e8 un passatempo divertente per la maggior parte dei partecipanti, ma pu\u00f2 anche essere una forza dirompente nella vita di alcuni giocatori.<\/p>\n<p>Se voi o qualcuno che conoscete ha un problema di gioco d'azzardo, vi invito a contattare una delle seguenti organizzazioni per chiedere aiuto:<\/p>\n<p><strong>Consiglio nazionale sul gioco d'azzardo problematico<\/strong><br \/>\nChiamate il numero 1-800-522.4700 o visitate il loro sito web all'indirizzo<br \/>\n<a title=\"Linea telefonica del Consiglio nazionale per i problemi di gioco d&#039;azzardo\" href=\"http:\/\/www.ncpgambling.org\/help-treatment\/national-helpline-1-800-522-4700\/\">http:\/\/www.ncpgambling.org\/help-treatment\/national-helpline-1-800-522-4700\/<\/a><\/p>\n<p><strong>Giocatori Anonimi<\/strong><br \/>\nTrovate una linea telefonica locale sul loro sito web:<br \/>\n<a title=\"Linee telefoniche per giocatori d&#039;azzardo anonimi\" href=\"http:\/\/www.gamblersanonymous.org\/ga\/hotlines\">http:\/\/www.gamblersanonymous.org\/ga\/hotlines<\/a><\/p>\n<p>Se avete bisogno di aiuto, chiedetelo.<\/p>","protected":false},"excerpt":{"rendered":"<p>Gambling is an entertaining pastime for most participants, but it can also be a disruptive force in some players&#8217; lives. If you or someone you know has a gambling problem, I urge you to contact one of the following organizations for help: National Council on Problem Gambling Call 1-800-522.4700, or visit their website at http:\/\/www.ncpgambling.org\/help-treatment\/national-helpline-1-800-522-4700\/ [&hellip;]<\/p>\n","protected":false},"author":2,"featured_media":0,"parent":0,"menu_order":0,"comment_status":"closed","ping_status":"closed","template":"","meta":{"_acf_changed":false,"footnotes":""},"tags":[],"class_list":["post-567","page","type-page","status-publish","hentry"],"acf":[],"yoast_head":"<!-- This site is optimized with the Yoast SEO plugin v26.6 - https:\/\/yoast.com\/wordpress\/plugins\/seo\/ -->\n<title>Gambling Problem?<\/title>\n<meta name=\"description\" content=\"Gambling should be fun. But for some people it is a problem. Get help here.\" \/>\n<meta name=\"robots\" content=\"index, follow, max-snippet:-1, max-image-preview:large, max-video-preview:-1\" \/>\n<link rel=\"canonical\" href=\"https:\/\/www.blackjackinfo.com\/it\/problema-di-gioco-dazzardo\/\" \/>\n<meta property=\"og:locale\" content=\"it_IT\" \/>\n<meta property=\"og:type\" content=\"article\" \/>\n<meta property=\"og:title\" content=\"Gambling Problem?\" \/>\n<meta property=\"og:description\" content=\"Gambling should be fun. But for some people it is a problem. Get help here.\" \/>\n<meta property=\"og:url\" content=\"https:\/\/www.blackjackinfo.com\/it\/problema-di-gioco-dazzardo\/\" \/>\n<meta property=\"og:site_name\" content=\"BlackjackInfo.com\" \/>\n<meta property=\"article:modified_time\" content=\"2018-06-22T07:37:17+00:00\" \/>\n<script type=\"application\/ld+json\" class=\"yoast-schema-graph\">{\"@context\":\"https:\/\/schema.org\",\"@graph\":[{\"@type\":\"WebPage\",\"@id\":\"https:\/\/www.blackjackinfo.com\/gambling-problem\/\",\"url\":\"https:\/\/www.blackjackinfo.com\/gambling-problem\/\",\"name\":\"Gambling Problem?\",\"isPartOf\":{\"@id\":\"https:\/\/www.blackjackinfo.com\/#website\"},\"datePublished\":\"2014-09-21T22:34:05+00:00\",\"dateModified\":\"2018-06-22T07:37:17+00:00\",\"description\":\"Gambling should be fun. But for some people it is a problem. Get help here.\",\"breadcrumb\":{\"@id\":\"https:\/\/www.blackjackinfo.com\/gambling-problem\/#breadcrumb\"},\"inLanguage\":\"it-IT\",\"potentialAction\":[{\"@type\":\"ReadAction\",\"target\":[\"https:\/\/www.blackjackinfo.com\/gambling-problem\/\"]}]},{\"@type\":\"BreadcrumbList\",\"@id\":\"https:\/\/www.blackjackinfo.com\/gambling-problem\/#breadcrumb\",\"itemListElement\":[{\"@type\":\"ListItem\",\"position\":1,\"name\":\"Home\",\"item\":\"https:\/\/www.blackjackinfo.com\/\"},{\"@type\":\"ListItem\",\"position\":2,\"name\":\"Gambling Problem?\"}]},{\"@type\":\"WebSite\",\"@id\":\"https:\/\/www.blackjackinfo.com\/#website\",\"url\":\"https:\/\/www.blackjackinfo.com\/\",\"name\":\"BlackjackInfo.com\",\"description\":\"Because Winning is More Fun!\",\"potentialAction\":[{\"@type\":\"SearchAction\",\"target\":{\"@type\":\"EntryPoint\",\"urlTemplate\":\"https:\/\/www.blackjackinfo.com\/?s={search_term_string}\"},\"query-input\":{\"@type\":\"PropertyValueSpecification\",\"valueRequired\":true,\"valueName\":\"search_term_string\"}}],\"inLanguage\":\"it-IT\"}]}<\/script>\n<!-- \/ Yoast SEO plugin. -->","yoast_head_json":{"title":"Problemi di gioco?","description":"Il gioco d'azzardo dovrebbe essere divertente. Ma per alcune persone \u00e8 un problema. Chiedete aiuto qui.","robots":{"index":"index","follow":"follow","max-snippet":"max-snippet:-1","max-image-preview":"max-image-preview:large","max-video-preview":"max-video-preview:-1"},"canonical":"https:\/\/www.blackjackinfo.com\/it\/problema-di-gioco-dazzardo\/","og_locale":"it_IT","og_type":"article","og_title":"Gambling Problem?","og_description":"Gambling should be fun. But for some people it is a problem. Get help here.","og_url":"https:\/\/www.blackjackinfo.com\/it\/problema-di-gioco-dazzardo\/","og_site_name":"BlackjackInfo.com","article_modified_time":"2018-06-22T07:37:17+00:00","schema":{"@context":"https:\/\/schema.org","@graph":[{"@type":"WebPage","@id":"https:\/\/www.blackjackinfo.com\/gambling-problem\/","url":"https:\/\/www.blackjackinfo.com\/gambling-problem\/","name":"Problemi di gioco?","isPartOf":{"@id":"https:\/\/www.blackjackinfo.com\/#website"},"datePublished":"2014-09-21T22:34:05+00:00","dateModified":"2018-06-22T07:37:17+00:00","description":"Il gioco d'azzardo dovrebbe essere divertente. Ma per alcune persone \u00e8 un problema. Chiedete aiuto qui.","breadcrumb":{"@id":"https:\/\/www.blackjackinfo.com\/gambling-problem\/#breadcrumb"},"inLanguage":"it-IT","potentialAction":[{"@type":"ReadAction","target":["https:\/\/www.blackjackinfo.com\/gambling-problem\/"]}]},{"@type":"BreadcrumbList","@id":"https:\/\/www.blackjackinfo.com\/gambling-problem\/#breadcrumb","itemListElement":[{"@type":"ListItem","position":1,"name":"Home","item":"https:\/\/www.blackjackinfo.com\/"},{"@type":"ListItem","position":2,"name":"Gambling Problem?"}]},{"@type":"WebSite","@id":"https:\/\/www.blackjackinfo.com\/#website","url":"https:\/\/www.blackjackinfo.com\/","name":"BlackjackInfo.com","description":"Perch\u00e9 vincere \u00e8 pi\u00f9 divertente!","potentialAction":[{"@type":"SearchAction","target":{"@type":"EntryPoint","urlTemplate":"https:\/\/www.blackjackinfo.com\/?s={search_term_string}"},"query-input":{"@type":"PropertyValueSpecification","valueRequired":true,"valueName":"search_term_string"}}],"inLanguage":"it-IT"}]}},"_links":{"self":[{"href":"https:\/\/www.blackjackinfo.com\/it\/wp-json\/wp\/v2\/pages\/567","targetHints":{"allow":["GET"]}}],"collection":[{"href":"https:\/\/www.blackjackinfo.com\/it\/wp-json\/wp\/v2\/pages"}],"about":[{"href":"https:\/\/www.blackjackinfo.com\/it\/wp-json\/wp\/v2\/types\/page"}],"author":[{"embeddable":true,"href":"https:\/\/www.blackjackinfo.com\/it\/wp-json\/wp\/v2\/users\/2"}],"replies":[{"embeddable":true,"href":"https:\/\/www.blackjackinfo.com\/it\/wp-json\/wp\/v2\/comments?post=567"}],"version-history":[{"count":5,"href":"https:\/\/www.blackjackinfo.com\/it\/wp-json\/wp\/v2\/pages\/567\/revisions"}],"predecessor-version":[{"id":595,"href":"https:\/\/www.blackjackinfo.com\/it\/wp-json\/wp\/v2\/pages\/567\/revisions\/595"}],"wp:attachment":[{"href":"https:\/\/www.blackjackinfo.com\/it\/wp-json\/wp\/v2\/media?parent=567"}],"wp:term":[{"taxonomy":"post_tag","embeddable":true,"href":"https:\/\/www.blackjackinfo.com\/it\/wp-json\/wp\/v2\/tags?post=567"}],"curies":[{"name":"wp","href":"https:\/\/api.w.org\/{rel}","templated":true}]}}