{"id":5712,"date":"2020-07-01T00:20:33","date_gmt":"2020-07-01T05:20:33","guid":{"rendered":"https:\/\/www.blackjackinfo.com\/?page_id=5712"},"modified":"2024-07-04T20:38:56","modified_gmt":"2024-07-05T01:38:56","slug":"casino-online-in-pennsylvania","status":"publish","type":"page","link":"https:\/\/www.blackjackinfo.com\/it\/us\/pennsylvania-online-casinos\/","title":{"rendered":"Casin\u00f2 online della Pennsylvania"},"content":{"rendered":"<p>La Pennsylvania \u00e8 sempre stata un passo avanti rispetto agli altri, anche quando si tratta di gioco d'azzardo. Il primo tipo di gioco d'azzardo legalizzato nel 1959 \u00e8 stato quello delle corse dei cavalli. Poi \u00e8 arrivata la lotteria statale nel 1972, il bingo nel 1988 e il casin\u00f2 nel 2004, subito dopo la creazione del Pennsylvania Gaming Control Board.<\/p>\n<p>Oggi il gioco d'azzardo \u00e8 visto come un modo per stimolare l'economia, migliorare il deficit finanziario dello Stato e offrire opportunit\u00e0 di lavoro a un maggior numero di persone. La Pennsylvania \u00e8 uno dei primi Stati a legalizzare quasi tutte le forme di gioco d'azzardo: le uniche attivit\u00e0 di gioco ancora illegali nel Keystone State sono le scommesse sulle corse dei levrieri e i giochi di casin\u00f2 con croupier dal vivo.<\/p>\n<p>Leggete la nostra recensione per conoscere l'attuale situazione legale dei casin\u00f2 online in Pennsylvania.<\/p>\n<h2>Il gioco d'azzardo online \u00e8 legale in Pennsylvania?<\/h2>\n<p>Il gioco d'azzardo \u00e8 presente nel Keystone State da molto tempo. I residenti della Pennsylvania hanno potuto partecipare a tutti i tipi di attivit\u00e0 di gioco d'azzardo per pi\u00f9 di un decennio, e ora hanno l'opportunit\u00e0 di godere dell'offerta di varie piattaforme di gioco d'azzardo online.<\/p>\n<p>Il 26 ottobre 2017, il governatore Tom Wolf ha firmato la legge H 271, che ha reso legale il gioco d'azzardo online nello stato della Pennsylvania. Ecco cosa introduceva il disegno di legge:<\/p>\n<ul>\n<li>Casin\u00f2 online (giochi da tavolo e slot)<\/li>\n<li>Poker online<\/li>\n<li>Sport di fantasia giornalieri<\/li>\n<li>Lotteria online<\/li>\n<li>Terminale per il gioco d'azzardo in un paio di aree di sosta per autocarri<\/li>\n<li>Gioco su tablet in diversi aeroporti<\/li>\n<li>Mini-casin\u00f2<\/li>\n<\/ul>\n<p>Inoltre, questo disegno di legge prevedeva la regolamentazione delle scommesse sportive, sia al dettaglio che online, nel caso in cui fossero diventate legali a livello federale. Una volta che il disegno di legge H 271 \u00e8 stato approvato dal Senato e introdotto nella legge, lo Stato della Pennsylvania ha ottenuto il permesso di legalizzare e regolamentare le attivit\u00e0 sopra citate.<\/p>\n<p>La legge stabilisce che le piattaforme di casin\u00f2 con denaro reale possono operare solo in collaborazione con i casin\u00f2 terrestri esistenti. Tutti i siti di casin\u00f2 online legali sono approvati, controllati e supervisionati dal PGCB (Pennsylvania Gaming Control Board).<\/p>\n<p>Nel 2018, dopo che il PASPA (Professional and Amateur Sports Protection Act) \u00e8 stato dichiarato incostituzionale dalla Corte Suprema, la Pennsylvania ha legalizzato le scommesse sportive.<\/p>\n<p>Attualmente, lo Stato della Pennsylvania rilascia tre tipi di licenze per il gioco d'azzardo online:<\/p>\n<ul>\n<li>Slot machine<\/li>\n<li>Giochi da tavolo in casa<\/li>\n<li>Giochi peer-to-peer e poker<\/li>\n<\/ul>\n<h2>Piattaforme di casin\u00f2 online in Pennsylvania<\/h2>\n<p>Al momento della stesura di questo articolo, ci sono dieci casin\u00f2 online che offrono varie attivit\u00e0 di gioco ai giocatori della PA:<\/p>\n<ul>\n<li>Casin\u00f2 Bally<\/li>\n<li>Casin\u00f2 BetMGM<\/li>\n<li>Casin\u00f2 BetParx<\/li>\n<li>Casin\u00f2 BetRivers<\/li>\n<li>Casin\u00f2 Betway<\/li>\n<li>Casin\u00f2 Borgata<\/li>\n<li>Scommesse sportive e casin\u00f2 Caesars<\/li>\n<li>Casin\u00f2 online Caesarslace<\/li>\n<li>Casin\u00f2 DraftKings<\/li>\n<li>Casin\u00f2 FanDuel<\/li>\n<li>Casin\u00f2 Golden Nugget<\/li>\n<li>Casin\u00f2 di Hollywood<\/li>\n<li>PlayLive! Casin\u00f2<\/li>\n<li>Casin\u00f2 PlaySugarHouse<\/li>\n<li>Casin\u00f2 PointsBet<\/li>\n<li>Casin\u00f2 PokerStars<\/li>\n<li>Casin\u00f2 Stardust<\/li>\n<li>Casin\u00f2 Tropicana<\/li>\n<li>Casin\u00f2 Unibet<\/li>\n<li>Casin\u00f2 Wind Creek<\/li>\n<\/ul>\n<p>Ciascuna di queste piattaforme possiede una licenza per operare e ha stretto una partnership con un casin\u00f2 locale. Ogni casin\u00f2 dispone di un'ampia gamma di slot online e di giochi da tavolo e di carte. Inoltre, offrono allettanti offerte di benvenuto a tutti i nuovi giocatori che desiderano iscriversi.<\/p>\n<p>Attualmente, l'unica forma di giochi di casin\u00f2 che non \u00e8 disponibile per i giocatori della PA \u00e8 il casin\u00f2 con croupier dal vivo. Tuttavia, con l'adeguamento regolare delle leggi e dei regolamenti dello Stato, questo tipo di gioco d'azzardo potrebbe essere presto legalizzato.<\/p>\n<h2>Quali altri tipi di gioco d'azzardo online sono legali in Pennsylvania?<\/h2>\n<p>La Pennsylvania \u00e8 stato il quarto stato, e il pi\u00f9 grande, a legalizzare il gioco d'azzardo online. I casin\u00f2 online sono stati i primi a ottenere le licenze di gioco. In seguito, il Keystone State ha introdotto nella legge le scommesse sportive online. Poco dopo, anche il poker online \u00e8 diventato un'attivit\u00e0 di gioco legale.<\/p>\n<p>Attualmente, i giocatori della PA hanno l'opportunit\u00e0 di godere di una vasta selezione di opportunit\u00e0 di scommesse sportive sulle migliori scommesse sportive online - FanDuel, DraftKings Sportsbook, BetRivers, FoxBet. Gli scommettitori possono piazzare scommesse su sport ed eventi sportivi come NLF, NBA, MLB, hockey, corse di cavalli, golf, tennis, ecc.<\/p>\n<p>L'ultimo a unirsi alla festa \u00e8 stato il poker online. Per ora, l'unica piattaforma di poker autorizzata che opera nello stato della Pennsylvania \u00e8 PokerStars. Tuttavia, altri due siti web di poker stanno per essere lanciati a breve in PA: Party Poker e WSOP.com\/888.<\/p>\n<h2>Nozioni di base del blackjack online<\/h2>\n<p>L'obiettivo del blackjack \u00e8 semplice: i giocatori devono avvicinarsi il pi\u00f9 possibile a 21 senza fare busting (andare oltre) e avere un totale di mano superiore a quello del dealer. Se si supera il 21, si perde la partita, e lo stesso vale per il banco.<\/p>\n<h3>Valori della mano<\/h3>\n<p>Prima di iniziare a giocare, \u00e8 fondamentale capire cosa determina il valore della mano. Ogni carta ha un valore specifico, a seconda del suo rango. Ad esempio, le carte numerate (da 2 a 10) hanno lo stesso valore del loro rango e sono 36 nel mazzo. Le carte coperte (fante, regina e re) hanno invece un valore pari a 10. Gli assi sono flessibili, in quanto possono essere valutati come uno o come 11, a seconda di quale sia il valore pi\u00f9 vicino a 21.<\/p>\n<p>La mano di blackjack \u00e8 la somma di questi valori. Se si ha la fortuna di ricevere 10 e 11 come carte iniziali, si ha un blackjack o un naturale. Di conseguenza, si vince automaticamente e si viene pagati 3:2. In caso di vincita con un altro totale di mano, sarete pagati alla pari.<\/p>\n<h3>Gioco<\/h3>\n<p>Ogni giocatore riceve due carte scoperte quando si unisce a un tavolo di blackjack online. Nel frattempo, il banco prende una carta scoperta e una coperta. Dopodich\u00e9, \u00e8 necessario scegliere una delle seguenti mosse:<\/p>\n<ul>\n<li><strong>Colpire<\/strong> - Prendere un'altra carta dal mazzo.<\/li>\n<li><strong>Stand<\/strong> - Non prendere\/aggiungere altre carte al totale della mano.<\/li>\n<li><strong>Raddoppio<\/strong> - Raddoppiare la puntata prima che il banco dia un'altra carta, dando la possibilit\u00e0 di guadagnare pi\u00f9 soldi in un solo colpo.<\/li>\n<li><strong>Dividere<\/strong> - Se si ricevono due carte di valore identico (ad esempio, due 7), \u00e8 possibile dividerle in due mani separate e ricevere altre due carte. Poi, si pu\u00f2 continuare a puntare o raddoppiare su ciascuna mano. La buona notizia \u00e8 che anche se una mano fallisce, si pu\u00f2 continuare a giocare con l'altra.<\/li>\n<li><strong>Arrendersi<\/strong> - Quando vi viene assegnata una mano negativa, scegliete di arrendervi piuttosto che colpire o stare. In questo modo, si dedurr\u00e0 50% della puntata iniziale, ma almeno non si perder\u00e0 tutto.<\/li>\n<li><strong>Assicurazione<\/strong> <strong>(scommessa laterale)<\/strong> - \u00c8 possibile piazzare una puntata laterale di assicurazione quando la carta del banco \u00e8 un asso se si ritiene che l'altra carta scoperta abbia un valore di 10 punti.<\/li>\n<\/ul>\n<h2>Vantaggi del gioco del blackjack online in Pennsylvania<\/h2>\n<p>Il blackjack online offre diversi vantaggi importanti che non hanno nulla da invidiare ai casin\u00f2 tradizionali della Pennsylvania. Scopriamoli e vediamo perch\u00e9 ne vale la pena.<\/p>\n<ul>\n<li><strong>Convenienza<\/strong> - Il vantaggio pi\u00f9 evidente \u00e8 che potete godervi questo classico del casin\u00f2 senza lasciare il comfort di casa vostra. Basta un dispositivo mobile o un PC per avere accesso ai migliori giochi con denaro reale dei migliori casin\u00f2 online.<\/li>\n<li><strong>Accessibilit\u00e0 e anonimato<\/strong> - \u00c8 possibile accedere e giocare alla propria variante di blackjack preferita in pochi secondi su una piattaforma online, il che \u00e8 piuttosto comodo per chi vive lontano dai casin\u00f2 tradizionali. Inoltre, il gioco d'azzardo online consente di sedersi a un tavolo virtuale senza rivelare la propria identit\u00e0, il che \u00e8 ideale per i giocatori che vogliono sentirsi a proprio agio senza essere giudicati solo per il loro livello di abilit\u00e0.<\/li>\n<li><strong>Promozioni interessanti<\/strong> - Le linee promozionali dei casin\u00f2 online sono molto pi\u00f9 abbondanti dei vantaggi che si possono ottenere nei casin\u00f2 tradizionali. Gli operatori di solito premiano i nuovi membri con lucrosi bonus di benvenuto del valore di diverse migliaia di dollari e incentivano i clienti abituali con ricariche, cashback e programmi VIP.<\/li>\n<li><strong>Giochi gratuiti<\/strong> - Giocare a blackjack in modalit\u00e0 demo permette di muoversi al proprio ritmo e di provare diverse strategie. Sfruttate questa opportunit\u00e0 per imparare i trucchi e i segreti del vostro gioco di blackjack preferito senza rischiare un centesimo.<\/li>\n<li><strong>Tabelle di modifica <\/strong>- Se desiderate cambiare un tavolo in un casin\u00f2 tradizionale, dovrete aspettare che si liberino altri posti. Fortunatamente, nel blackjack online \u00e8 possibile cambiare tavolo istantaneamente.<\/li>\n<li><strong>Giocare testa a testa con un croupier<\/strong> - Il blackjack online vi permette di giocare uno contro uno con un croupier, il che \u00e8 molto pi\u00f9 vantaggioso che farlo contro un tavolo pieno. Potreste imbattervi in un giocatore inesperto che effettua chiamate, stand o colpi sbagliati, rovinando la vostra strategia e le vostre possibilit\u00e0 di vittoria. Questo \u00e8 qualcosa che si pu\u00f2 evitare in una partita online testa a testa.<\/li>\n<li><strong>Economico<\/strong> - I casin\u00f2 online PA sono una scelta eccellente per chi ha un budget limitato, dato che si possono trovare tavoli con puntate a partire da $0,10.<\/li>\n<\/ul>\n<h2>Varianti popolari del blackjack in PA<\/h2>\n<p>Essendo un gioco popolare in tutto il mondo, non c'\u00e8 da stupirsi che il blackjack abbia centinaia di varianti. La maggior parte di esse si attiene alle stesse regole di base del gioco, con piccole deviazioni, e queste sono le varianti pi\u00f9 diffuse in Pennsylvania.<\/p>\n<h3>Blackjack europeo<\/h3>\n<p>Questa variante del blackjack utilizza in genere due mazzi, ma \u00e8 possibile imbattersi anche in giochi con quattro o sei mazzi. Nel blackjack americano, il banco sbircia la propria carta nascosta quando la carta scoperta \u00e8 un 10 o un asso. Nel blackjack europeo, invece, il mazziere non \u00e8 tenuto a farlo, poich\u00e9 riceve una sola carta. Nel frattempo, la carta coperta viene distribuita dopo che tutti i partecipanti hanno agito.<\/p>\n<p>In questa variante, il blackjack paga 3:2 e il banco deve stare su un 17 morbido. I giocatori possono dividere una coppia solo una volta e raddoppiare su mani con un totale di nove, dieci o undici. Il gioco \u00e8 unico in quanto si perde se il banco ha un naturale e si ha un totale di 21 con altre carte.<\/p>\n<h3>Pontile<\/h3>\n<p>Il pontoon \u00e8 la versione britannica del blackjack, che condivide molti aspetti con la variante americana. Tuttavia, questo gioco presenta diversi elementi che lo rendono un po' pi\u00f9 interessante. I giocatori ricevono una carta e fanno la loro puntata prima di ricevere l'altra. Poi, il gioco segue le regole standard del blackjack, con la differenza che i giocatori usano il termine \"twist\" invece di \"hit\". La mano migliore nel Pontoon consiste nell'avere cinque carte uguali o inferiori a 21, il che raddoppia automaticamente la vincita.<\/p>\n<h3>Blackjack di Atlantic City<\/h3>\n<p>Ispirato alla famosa destinazione del gioco d'azzardo Atlantic City, questo gioco di blackjack segue le stesse regole di base. Tuttavia, si distingue per l'utilizzo di otto mazzi e per la possibilit\u00e0 di arrendersi tardivamente, il che significa che si pu\u00f2 perdere met\u00e0 della puntata iniziale. Il gioco paga 3:2 e il croupier pu\u00f2 fare un peek per il blackjack e stare su un 17 morbido. Inoltre, \u00e8 possibile dividere le coppie fino a tre volte e raddoppiare su una delle prime due carte.<\/p>\n<h3>Striscia di Las Vegas<\/h3>\n<p>In origine questo gioco utilizzava un mazzo di carte, ma oggi ne impiega quattro. L'obiettivo e i valori delle carte seguono il gioco standard del blackjack, ma nella Vegas Strip \u00e8 possibile raddoppiare su due carte qualsiasi e dividere fino a un massimo di quattro mani. Inoltre, \u00e8 possibile dividere carte di valore 10, il che \u00e8 una rarit\u00e0. Per quanto riguarda il gioco del croupier, deve stare su un 17 morbido e fare un peek per il blackjack. Anche questa variante paga 3:2.<\/p>\n<h2>Strategia di base del blackjack<\/h2>\n<p>Sebbene il blackjack sia un gioco d'azzardo, potete seguire la strategia di base per aumentare le vostre possibilit\u00e0 di vincita e persino ridurre il margine della casa. Ecco come fare:<\/p>\n<ul>\n<li>Stare sempre in piedi su un piano rigido 17 o superiore.<\/li>\n<li>Non dividete mai due carte coperte, perch\u00e9 rinuncereste a un'alta possibilit\u00e0 di vincita con un 20.<\/li>\n<li>Dividete una mano di Assi o di 8, poich\u00e9 vi danno maggiori possibilit\u00e0 di realizzare una mano vincente.<\/li>\n<li>Evitate di puntare sull'assicurazione, poich\u00e9 \u00e8 quasi impossibile prevedere se la carta scoperta del banco ha un valore di 10.<\/li>\n<li>Supponiamo che la carta nascosta del mazziere abbia un valore di 10.<\/li>\n<li>Il mazziere ha maggiori probabilit\u00e0 di fare busting se la sua carta scoperta \u00e8 sei o pi\u00f9 bassa.<\/li>\n<li>Colpo su un 17 morbido.<\/li>\n<li>Raddoppiate l'11.<\/li>\n<\/ul>\n<h2>Trovare il tavolo di blackjack giusto sui siti di gioco d'azzardo della PA<\/h2>\n<p>\u00c8 fondamentale effettuare una scouting dei tavoli di blackjack prima di registrarsi ed effettuare un deposito. I diversi operatori possono avere regole proprie, procedure di mescolamento, numero di mazzi e limiti massimi e minimi di puntata. Piccole sfumature possono influenzare notevolmente i vostri potenziali profitti, quindi considerate sempre quanto segue:<\/p>\n<ul>\n<li>Cercate i giochi con un payout di 3:2 ed evitate quelli che pagano 6:5, poich\u00e9 questo aumenta il margine della casa di circa 1,39%.<\/li>\n<li>Optate per i giochi che consentono il riscatto anticipato e tardivo, in quanto riduce il margine della casa di 0,6%.<\/li>\n<li>Scegliete le varianti del blackjack in cui il banco sta su un 17 morbido; in caso contrario, il margine della casa aumenta di 0,2%<\/li>\n<li>Trovate un gioco in cui potete ripetere gli assi, perch\u00e9 questo aumenta le vostre probabilit\u00e0 di 0,6% secondo la strategia di base del blackjack.<\/li>\n<li>Non si deve ricorrere a giochi che utilizzano macchine per il mescolamento continuo (CSM), perch\u00e9 combinano una scarpa da gioco e un mescolatore automatico di carte.<\/li>\n<li>Scegliete una variante con meno mazzi. La regola generale \u00e8 che pi\u00f9 sono i mazzi, pi\u00f9 alto \u00e8 il margine della casa.<\/li>\n<\/ul>\n<h2>Opzioni di casin\u00f2 terrestri in Pennsylvania<\/h2>\n<p>Prima dei casin\u00f2 online, esistevano i casin\u00f2 tradizionali, 12 per la precisione. Sono tutti attivi da tempo e offrono giochi di casin\u00f2 tradizionali, ma cercano sempre di migliorare la loro selezione.<\/p>\n<p>Di seguito, abbiamo menzionato alcune delle opzioni di casin\u00f2 tradizionali che potete scegliere quando vi trovate nel Keystone State:<\/p>\n<ul>\n<li><strong>Harrah's Philadelphia<\/strong> - Gestito da Caesars Entertainment, questo casin\u00f2 offre oltre 2.000 slot machine e video poker. Inoltre, dispone di una buona gamma di giochi da tavolo e di una sala per le scommesse sportive.<\/li>\n<li><strong>Casin\u00f2 di Hollywood al Penn National Race Course<\/strong> - Riconosciuto come uno dei migliori casin\u00f2 della Pennsylvania, questo casin\u00f2 offre circa 2.500 titoli di slot, pi\u00f9 di 60 giochi da tavolo e una selezione di opportunit\u00e0 di video poker.<\/li>\n<li><strong>Ippodromo e casin\u00f2 The Meadows<\/strong> - Senza dubbio, questo \u00e8 il pi\u00f9 grande casin\u00f2 del Keystone State. Il Meadows offre una selezione di oltre 3.000 giochi di slot, pi\u00f9 di 60 giochi da tavolo e 14 tavoli da poker a disposizione di tutti i visitatori.<\/li>\n<li><strong>Casin\u00f2 e corse Parx<\/strong> - Con ben 3.300 giochi di slot, 180 giochi da tavolo e 48 tavoli da poker, questo casin\u00f2 offre a tutti i giocatori una straordinaria esperienza di gioco.<\/li>\n<li><strong>Casin\u00f2 Rivers<\/strong> - Situato nel cuore di Pittsburgh, offre oltre 2.900 slot machine, oltre a pi\u00f9 di 100 giochi da tavolo e 30 tavoli da poker.<\/li>\n<li><strong>Casin\u00f2 SugarHouse<\/strong> - Anche se per dimensioni non pu\u00f2 essere paragonato ad altri casin\u00f2, questo stabilimento \u00e8 ancora tra le opzioni pi\u00f9 popolari tra i giocatori di casin\u00f2. Dispone di oltre 1.800 slot machine e di oltre 130 giochi da tavolo e di poker.<\/li>\n<li><strong>Mohegan Sun Pocono<\/strong> - Con oltre 2.300 titoli di slot e 90 giochi da tavolo, Mohegan Sun offre un'esperienza di casin\u00f2 coinvolgente.<\/li>\n<\/ul>\n<p>La maggior parte di questi casin\u00f2 terrestri hanno gi\u00e0 le loro controparti online, e altri potrebbero arrivare in futuro.<\/p>","protected":false},"excerpt":{"rendered":"<p>Pennsylvania has always been one step ahead of others, even when gambling is in question. The first type of gambling that was legalized in 1959 was horse racing. Then came the state lottery in 1972, bingo in 1988, and casino in 2004 right after the creation of the Pennsylvania Gaming Control Board. Today, gambling is [&hellip;]<\/p>\n","protected":false},"author":4,"featured_media":0,"parent":5554,"menu_order":0,"comment_status":"closed","ping_status":"closed","template":"","meta":{"_acf_changed":false,"footnotes":""},"tags":[],"class_list":["post-5712","page","type-page","status-publish","hentry"],"acf":[],"yoast_head":"<!-- This site is optimized with the Yoast SEO plugin v26.6 - https:\/\/yoast.com\/wordpress\/plugins\/seo\/ -->\n<title>Best Pennsylvania Online Casinos in 2026<\/title>\n<meta name=\"description\" content=\"Pennsylvania has always been one step ahead of others, even when gambling is in question. The first type of gambling that was legalized in 1959 was horse\" \/>\n<meta name=\"robots\" content=\"index, follow, max-snippet:-1, max-image-preview:large, max-video-preview:-1\" \/>\n<link rel=\"canonical\" href=\"https:\/\/www.blackjackinfo.com\/it\/noi\/casino-online-in-pennsylvania\/\" \/>\n<meta property=\"og:locale\" content=\"it_IT\" \/>\n<meta property=\"og:type\" content=\"article\" \/>\n<meta property=\"og:title\" content=\"Best Pennsylvania Online Casinos in 2026\" \/>\n<meta property=\"og:description\" content=\"Pennsylvania has always been one step ahead of others, even when gambling is in question. The first type of gambling that was legalized in 1959 was horse\" \/>\n<meta property=\"og:url\" content=\"https:\/\/www.blackjackinfo.com\/it\/noi\/casino-online-in-pennsylvania\/\" \/>\n<meta property=\"og:site_name\" content=\"BlackjackInfo.com\" \/>\n<meta property=\"article:modified_time\" content=\"2024-07-05T01:38:56+00:00\" \/>\n<meta name=\"twitter:label1\" content=\"Tempo di lettura stimato\" \/>\n\t<meta name=\"twitter:data1\" content=\"11 minuti\" \/>\n<script type=\"application\/ld+json\" class=\"yoast-schema-graph\">{\"@context\":\"https:\/\/schema.org\",\"@graph\":[{\"@type\":\"WebPage\",\"@id\":\"https:\/\/www.blackjackinfo.com\/us\/pennsylvania-online-casinos\/\",\"url\":\"https:\/\/www.blackjackinfo.com\/us\/pennsylvania-online-casinos\/\",\"name\":\"Best Pennsylvania Online Casinos in 2026\",\"isPartOf\":{\"@id\":\"https:\/\/www.blackjackinfo.com\/#website\"},\"datePublished\":\"2020-07-01T05:20:33+00:00\",\"dateModified\":\"2024-07-05T01:38:56+00:00\",\"description\":\"Pennsylvania has always been one step ahead of others, even when gambling is in question. The first type of gambling that was legalized in 1959 was horse\",\"breadcrumb\":{\"@id\":\"https:\/\/www.blackjackinfo.com\/us\/pennsylvania-online-casinos\/#breadcrumb\"},\"inLanguage\":\"it-IT\",\"potentialAction\":[{\"@type\":\"ReadAction\",\"target\":[\"https:\/\/www.blackjackinfo.com\/us\/pennsylvania-online-casinos\/\"]}]},{\"@type\":\"BreadcrumbList\",\"@id\":\"https:\/\/www.blackjackinfo.com\/us\/pennsylvania-online-casinos\/#breadcrumb\",\"itemListElement\":[{\"@type\":\"ListItem\",\"position\":1,\"name\":\"Home\",\"item\":\"https:\/\/www.blackjackinfo.com\/\"},{\"@type\":\"ListItem\",\"position\":2,\"name\":\"Online Casinos in the US\",\"item\":\"https:\/\/www.blackjackinfo.com\/us\/\"},{\"@type\":\"ListItem\",\"position\":3,\"name\":\"Pennsylvania Online Casinos\"}]},{\"@type\":\"WebSite\",\"@id\":\"https:\/\/www.blackjackinfo.com\/#website\",\"url\":\"https:\/\/www.blackjackinfo.com\/\",\"name\":\"BlackjackInfo.com\",\"description\":\"Because Winning is More Fun!\",\"potentialAction\":[{\"@type\":\"SearchAction\",\"target\":{\"@type\":\"EntryPoint\",\"urlTemplate\":\"https:\/\/www.blackjackinfo.com\/?s={search_term_string}\"},\"query-input\":{\"@type\":\"PropertyValueSpecification\",\"valueRequired\":true,\"valueName\":\"search_term_string\"}}],\"inLanguage\":\"it-IT\"}]}<\/script>\n<!-- \/ Yoast SEO plugin. -->","yoast_head_json":{"title":"I migliori casin\u00f2 online della Pennsylvania nel 2026","description":"La Pennsylvania \u00e8 sempre stata un passo avanti rispetto agli altri, anche quando si tratta di gioco d'azzardo. Il primo tipo di gioco d'azzardo legalizzato nel 1959 \u00e8 stato quello dei cavalli.","robots":{"index":"index","follow":"follow","max-snippet":"max-snippet:-1","max-image-preview":"max-image-preview:large","max-video-preview":"max-video-preview:-1"},"canonical":"https:\/\/www.blackjackinfo.com\/it\/noi\/casino-online-in-pennsylvania\/","og_locale":"it_IT","og_type":"article","og_title":"Best Pennsylvania Online Casinos in 2026","og_description":"Pennsylvania has always been one step ahead of others, even when gambling is in question. The first type of gambling that was legalized in 1959 was horse","og_url":"https:\/\/www.blackjackinfo.com\/it\/noi\/casino-online-in-pennsylvania\/","og_site_name":"BlackjackInfo.com","article_modified_time":"2024-07-05T01:38:56+00:00","twitter_misc":{"Tempo di lettura stimato":"11 minuti"},"schema":{"@context":"https:\/\/schema.org","@graph":[{"@type":"WebPage","@id":"https:\/\/www.blackjackinfo.com\/us\/pennsylvania-online-casinos\/","url":"https:\/\/www.blackjackinfo.com\/us\/pennsylvania-online-casinos\/","name":"I migliori casin\u00f2 online della Pennsylvania nel 2026","isPartOf":{"@id":"https:\/\/www.blackjackinfo.com\/#website"},"datePublished":"2020-07-01T05:20:33+00:00","dateModified":"2024-07-05T01:38:56+00:00","description":"La Pennsylvania \u00e8 sempre stata un passo avanti rispetto agli altri, anche quando si tratta di gioco d'azzardo. Il primo tipo di gioco d'azzardo legalizzato nel 1959 \u00e8 stato quello dei cavalli.","breadcrumb":{"@id":"https:\/\/www.blackjackinfo.com\/us\/pennsylvania-online-casinos\/#breadcrumb"},"inLanguage":"it-IT","potentialAction":[{"@type":"ReadAction","target":["https:\/\/www.blackjackinfo.com\/us\/pennsylvania-online-casinos\/"]}]},{"@type":"BreadcrumbList","@id":"https:\/\/www.blackjackinfo.com\/us\/pennsylvania-online-casinos\/#breadcrumb","itemListElement":[{"@type":"ListItem","position":1,"name":"Home","item":"https:\/\/www.blackjackinfo.com\/"},{"@type":"ListItem","position":2,"name":"Online Casinos in the US","item":"https:\/\/www.blackjackinfo.com\/us\/"},{"@type":"ListItem","position":3,"name":"Pennsylvania Online Casinos"}]},{"@type":"WebSite","@id":"https:\/\/www.blackjackinfo.com\/#website","url":"https:\/\/www.blackjackinfo.com\/","name":"BlackjackInfo.com","description":"Perch\u00e9 vincere \u00e8 pi\u00f9 divertente!","potentialAction":[{"@type":"SearchAction","target":{"@type":"EntryPoint","urlTemplate":"https:\/\/www.blackjackinfo.com\/?s={search_term_string}"},"query-input":{"@type":"PropertyValueSpecification","valueRequired":true,"valueName":"search_term_string"}}],"inLanguage":"it-IT"}]}},"_links":{"self":[{"href":"https:\/\/www.blackjackinfo.com\/it\/wp-json\/wp\/v2\/pages\/5712","targetHints":{"allow":["GET"]}}],"collection":[{"href":"https:\/\/www.blackjackinfo.com\/it\/wp-json\/wp\/v2\/pages"}],"about":[{"href":"https:\/\/www.blackjackinfo.com\/it\/wp-json\/wp\/v2\/types\/page"}],"author":[{"embeddable":true,"href":"https:\/\/www.blackjackinfo.com\/it\/wp-json\/wp\/v2\/users\/4"}],"replies":[{"embeddable":true,"href":"https:\/\/www.blackjackinfo.com\/it\/wp-json\/wp\/v2\/comments?post=5712"}],"version-history":[{"count":5,"href":"https:\/\/www.blackjackinfo.com\/it\/wp-json\/wp\/v2\/pages\/5712\/revisions"}],"predecessor-version":[{"id":6288,"href":"https:\/\/www.blackjackinfo.com\/it\/wp-json\/wp\/v2\/pages\/5712\/revisions\/6288"}],"up":[{"embeddable":true,"href":"https:\/\/www.blackjackinfo.com\/it\/wp-json\/wp\/v2\/pages\/5554"}],"wp:attachment":[{"href":"https:\/\/www.blackjackinfo.com\/it\/wp-json\/wp\/v2\/media?parent=5712"}],"wp:term":[{"taxonomy":"post_tag","embeddable":true,"href":"https:\/\/www.blackjackinfo.com\/it\/wp-json\/wp\/v2\/tags?post=5712"}],"curies":[{"name":"wp","href":"https:\/\/api.w.org\/{rel}","templated":true}]}}