{"id":5740,"date":"2020-07-10T00:55:27","date_gmt":"2020-07-10T05:55:27","guid":{"rendered":"https:\/\/www.blackjackinfo.com\/?page_id=5740"},"modified":"2024-07-04T20:37:39","modified_gmt":"2024-07-05T01:37:39","slug":"casino-online-del-new-jersey","status":"publish","type":"page","link":"https:\/\/www.blackjackinfo.com\/it\/us\/new-jersey-online-casinos\/","title":{"rendered":"Casin\u00f2 online del New Jersey"},"content":{"rendered":"<p>Il New Jersey \u00e8 uno stato in cui tutte le forme di gioco d'azzardo sono non solo legalizzate ma anche ben regolamentate. Poich\u00e9 Atlantic City si trova nel NJ, i legislatori sono stati rapidi nel legalizzare tutte le opzioni di gioco d'azzardo online. Si pu\u00f2 dire che il Garden State ha le leggi pi\u00f9 liberali in materia di gioco d'azzardo. L'unico Stato che ha fatto un simile passo avanti \u00e8 il Nevada.<\/p>\n<p>Pertanto, se siete interessati a giocare ai giochi di casin\u00f2 online legali nel New Jersey, leggete la nostra guida.<\/p>\n<h2>Il gioco d'azzardo online \u00e8 legale nel New Jersey?<\/h2>\n<p>S\u00ec, tutte le forme di gioco d'azzardo sono legali in questo Stato. Tutti i casin\u00f2 online (cos\u00ec come le altre piattaforme di gioco d'azzardo) devono essere autorizzati e regolamentati da un ente normativo ufficiale che si chiama New Jersey Division of Gaming Enforcement (DGE). Quindi, cosa fa la DGE?<\/p>\n<p>Innanzitutto, fornisce le licenze per tutti i siti di gioco d'azzardo gestiti dai casin\u00f2 di Atlantic City. Inoltre, si assicura che tutti questi siti siano sicuri, protetti e legali. Infine, la DGE assicura che il mercato sia equo e che ogni casin\u00f2 di Atlantic City abbia la possibilit\u00e0 di offrire i propri servizi online.<\/p>\n<p>Ogni casin\u00f2 che riceve una licenza pu\u00f2 gestire fino a cinque casin\u00f2 online. Per essere precisi, possono gestire cinque diversi marchi sul web, ed \u00e8 per questo che i giocatori del New Jersey possono ancora accedere ad alcuni marchi che non sono effettivamente disponibili come casin\u00f2 terrestri nello stato.<\/p>\n<p>Oltre ai casin\u00f2 online, anche gli operatori terrestri possono offrire alcuni servizi di scommesse sportive sul web. Gli operatori di casin\u00f2 non sono gli unici a poter richiedere una licenza per le scommesse sportive online, poich\u00e9 anche gli ippodromi del New Jersey possono farlo.<\/p>\n<p>Anche i casin\u00f2 online del NJ sono tassati. Lo Stato preleva 17,5% da tutte le entrate dei casin\u00f2 e del poker online, il che \u00e8 identico a quanto vengono tassate le propriet\u00e0 terrestri. Il New Jersey guadagna circa $35 milioni dalle tasse sui casin\u00f2 online, pari a circa $400 milioni all'anno.<\/p>\n<h2>Casin\u00f2 online autorizzati dal DGE<\/h2>\n<p>Attualmente ci sono diversi casin\u00f2 ad Atlantic City che sono autorizzati a gestire piattaforme di gioco d'azzardo online. Pertanto, diamo un'occhiata alle opzioni disponibili per gli amanti dei casin\u00f2 del NJ che sono alla ricerca di un modo per giocare d'azzardo online.<\/p>\n<h3>Casin\u00f2 online Borgata<\/h3>\n<p>Borgata \u00e8 probabilmente il casin\u00f2 terrestre pi\u00f9 importante di Atlantic City, a cui sono associate diverse piattaforme di gioco d'azzardo online.<\/p>\n<p>Innanzitutto, gestisce le piattaforme del casin\u00f2 online Borgata e del poker online Borgata. La sala da poker fa parte della stessa rete di PartyPoker, il che significa che i giocatori che aprono un conto nel poker online Borgata avranno una vasta scelta di giochi.<\/p>\n<p>Borgata \u00e8 anche partner di Pala Casino, una societ\u00e0 tribale della California. I giocatori del New Jersey possono aprire un conto presso il casin\u00f2 online Pala e la poker room online Pala. La poker room non fa parte della stessa rete di PartyPoker e Borgata.<\/p>\n<p>Il popolare casin\u00f2 terrestre \u00e8 di propriet\u00e0 di MGM, il che significa che gli amanti del casin\u00f2 possono accedere anche a piattaforme come BetMGM che offre poker e casin\u00f2.<\/p>\n<h3>Casin\u00f2 online di Caesars<\/h3>\n<p>Caesars Entertainment ha unito le forze con 888, quindi i giocatori del NJ possono scegliere tra molte opzioni legate a questo operatore. Innanzitutto, \u00e8 possibile iscriversi a 888, che offre un casin\u00f2 online e una piattaforma di poker online. Inoltre, il casin\u00f2 online di Caesars \u00e8 disponibile anche nel New Jersey, cos\u00ec come la controparte online di Harrah's.<\/p>\n<p>WSOP \u00e8 anche uno dei principali partner di Caesars, quindi gli amanti del poker del NJ sono liberi di partecipare ai cash game e ai tornei di poker online disponibili sulla piattaforma ufficiale di poker online di WSOP.<\/p>\n<h3>Siti di gioco d'azzardo online Golden Nugget<\/h3>\n<p>Golden Nugget potrebbe non avere una presenza cos\u00ec significativa nel mercato dei casin\u00f2 tradizionali del NJ, quindi ha spostato la sua attenzione sul settore online. Attualmente \u00e8 la piattaforma online con i maggiori incassi negli Stati del Giardino e offre pi\u00f9 di 600 giochi online originali di un'ampia variet\u00e0 di fornitori.<\/p>\n<p>Il casin\u00f2 ha stretto una partnership con Betfair, SugarHouse e Churchill Downs Interactive. Pertanto, oltre al casin\u00f2 online Golden Nugget, i giocatori possono iscriversi anche a Betfair Casino, SugarHouse Casino e BetAmerica Casino.<\/p>\n<h3>Casin\u00f2 online di Hard Rock AC<\/h3>\n<p>L'Hard Rock AC \u00e8 uno dei pi\u00f9 recenti casin\u00f2 di Atlantic City, aperto nel luogo in cui sorgeva il precedente Trump Taj Mahal. Il casin\u00f2 terrestre ha faticato a tenere il passo con i concorrenti, ma offre comunque un ottimo casin\u00f2 online che si chiama Hard Rock.<\/p>\n<p>L'operatore ha stretto una partnership con Bet365 e Unibet, per cui gli amanti dei casin\u00f2 del NJ possono ora accedere ai servizi di gioco online di questi due operatori.<\/p>\n<h3>Casin\u00f2 online di Ocean Casino Resort<\/h3>\n<p>Anche Ocean Casino Resort \u00e8 stato aperto nel 2018, proprio come Hard Rock AC. Al momento, questo casin\u00f2 gestisce due piattaforme online - Ocean Resort e Parx Casino NJ. Il GAN alimenta entrambe le piattaforme.<\/p>\n<h3>Opzioni di gioco online dei resort<\/h3>\n<p>Il casin\u00f2 Resorts di Atlantic City \u00e8 gestito da Mohegan Sun, ed entrambe le societ\u00e0 offrono i loro servizi sul web. In altre parole, \u00e8 possibile accedere sia al casin\u00f2 online Resorts che al casin\u00f2 online Mohegan Sun dal New Jersey.<\/p>\n<p>La societ\u00e0 ha stretto una partnership con PokerStars che \u00e8 diventata parte della sua licenza interattiva nel 2016. Pertanto, siete liberi di iscrivervi a PokerStars New Jersey se siete appassionati di poker online.<\/p>\n<p>Infine, nel 2018 Resorts ha stretto una partnership con DraftKings. Se siete interessati alle scommesse sportive e ai daily fantasy sports, avrete l'opportunit\u00e0 di iscrivervi a questa piattaforma e persino di esplorare il suo casin\u00f2 online.<\/p>\n<h3>Opzioni del casin\u00f2 online Tropicana<\/h3>\n<p>Tropicana \u00e8 un partner di Gamesys, ed \u00e8 per questo che \u00e8 possibile accedere a due casin\u00f2 online di questo operatore: Tropicana e Virgin Casino.<\/p>\n<h2>Casin\u00f2 online nel New Jersey - Sicurezza e protezione<\/h2>\n<p>Poich\u00e9 tutte le piattaforme di gioco d'azzardo online sono autorizzate e regolamentate dalla commissione per il gioco d'azzardo dello Stato, \u00e8 sicuro che tutti questi siti hanno le migliori misure di sicurezza possibili.<\/p>\n<p>La Division of Gaming Enforcement del New Jersey \u00e8 una delle migliori del settore e molti la considerano l'organizzazione pi\u00f9 esperta al mondo. Il solo fatto che non si siano verificati problemi importanti in nessuno dei siti di gioco d'azzardo online del New Jersey testimonia il livello di professionalit\u00e0 della DGE.<\/p>\n<p>Inoltre, il DGE lavora attivamente per proteggere i casin\u00f2 e i suoi utenti da ogni tipo di frode. Ci sono stati casi in cui questo regolatore si \u00e8 impegnato attivamente nella scoperta di frodi che hanno portato alla cattura dei criminali.<\/p>\n<h2>Bonus nei casin\u00f2 online<\/h2>\n<p>Il New Jersey ha creato un mercato dei casin\u00f2 online molto competitivo, e i giocatori sono quelli che ricevono i maggiori benefici da questa competizione, in quanto possono richiedere bonus lucrativi su molte piattaforme online.<\/p>\n<h2>Metodi di pagamento nei casin\u00f2 online NJ<\/h2>\n<p>Le piattaforme di gioco d'azzardo online regolamentate nel NJ offrono un'ampia gamma di opzioni di pagamento, tra cui:<\/p>\n<ul>\n<li>Carte prepagate<\/li>\n<li>Bonifico bancario<\/li>\n<li>PayNearMe presso 7-11 (in contanti)<\/li>\n<li>Denaro contante attraverso la gabbia di Atlantic City<\/li>\n<\/ul>\n<p>Tutti i metodi di pagamento sono veloci e sicuri. Soprattutto, non ci sono commissioni quando si deposita nei casin\u00f2 online.<\/p>\n<h2>Casin\u00f2 mobili nel New Jersey<\/h2>\n<p>Tutti i casin\u00f2 online del New Jersey sono disponibili per i giocatori che preferiscono i dispositivi mobili. Tuttavia, alcuni di essi sono disponibili tramite applicazioni mobili dedicate, mentre altri sono accessibili tramite il browser mobile. Le versioni mobili potrebbero non avere tutti i giochi che si possono trovare sui computer desktop, ma la maggior parte sar\u00e0 comunque disponibile.<\/p>\n<h2>Articoli correlati<\/h2>\n<ul>\n<li><a href=\"https:\/\/www.blackjackinfo.com\/online-blackjack\/new-jersey\/\">Blackjack online nel New Jersey<\/a><\/li>\n<\/ul>","protected":false},"excerpt":{"rendered":"<p>New Jersey is a state where all forms of gambling are not only legalized but also well-regulated. Since Atlantic City is located in NJ, lawmakers were quick to legalize all online gambling options. It&#8217;s safe to say that the Garden State has the most liberal laws related to gambling. The only state that made such [&hellip;]<\/p>\n","protected":false},"author":4,"featured_media":0,"parent":5554,"menu_order":0,"comment_status":"closed","ping_status":"closed","template":"","meta":{"_acf_changed":false,"footnotes":""},"tags":[],"class_list":["post-5740","page","type-page","status-publish","hentry"],"acf":[],"yoast_head":"<!-- This site is optimized with the Yoast SEO plugin v26.6 - https:\/\/yoast.com\/wordpress\/plugins\/seo\/ -->\n<title>Best New Jersey Online Casinos in 2026<\/title>\n<meta name=\"description\" content=\"New Jersey is a state where all forms of gambling are not only legalized but also well-regulated. Since Atlantic City is located in NJ, lawmakers were\" \/>\n<meta name=\"robots\" content=\"index, follow, max-snippet:-1, max-image-preview:large, max-video-preview:-1\" \/>\n<link rel=\"canonical\" href=\"https:\/\/www.blackjackinfo.com\/it\/noi\/casino-online-del-new-jersey\/\" \/>\n<meta property=\"og:locale\" content=\"it_IT\" \/>\n<meta property=\"og:type\" content=\"article\" \/>\n<meta property=\"og:title\" content=\"Best New Jersey Online Casinos in 2026\" \/>\n<meta property=\"og:description\" content=\"New Jersey is a state where all forms of gambling are not only legalized but also well-regulated. Since Atlantic City is located in NJ, lawmakers were\" \/>\n<meta property=\"og:url\" content=\"https:\/\/www.blackjackinfo.com\/it\/noi\/casino-online-del-new-jersey\/\" \/>\n<meta property=\"og:site_name\" content=\"BlackjackInfo.com\" \/>\n<meta property=\"article:modified_time\" content=\"2024-07-05T01:37:39+00:00\" \/>\n<meta name=\"twitter:label1\" content=\"Tempo di lettura stimato\" \/>\n\t<meta name=\"twitter:data1\" content=\"6 minuti\" \/>\n<script type=\"application\/ld+json\" class=\"yoast-schema-graph\">{\"@context\":\"https:\/\/schema.org\",\"@graph\":[{\"@type\":\"WebPage\",\"@id\":\"https:\/\/www.blackjackinfo.com\/us\/new-jersey-online-casinos\/\",\"url\":\"https:\/\/www.blackjackinfo.com\/us\/new-jersey-online-casinos\/\",\"name\":\"Best New Jersey Online Casinos in 2026\",\"isPartOf\":{\"@id\":\"https:\/\/www.blackjackinfo.com\/#website\"},\"datePublished\":\"2020-07-10T05:55:27+00:00\",\"dateModified\":\"2024-07-05T01:37:39+00:00\",\"description\":\"New Jersey is a state where all forms of gambling are not only legalized but also well-regulated. Since Atlantic City is located in NJ, lawmakers were\",\"breadcrumb\":{\"@id\":\"https:\/\/www.blackjackinfo.com\/us\/new-jersey-online-casinos\/#breadcrumb\"},\"inLanguage\":\"it-IT\",\"potentialAction\":[{\"@type\":\"ReadAction\",\"target\":[\"https:\/\/www.blackjackinfo.com\/us\/new-jersey-online-casinos\/\"]}]},{\"@type\":\"BreadcrumbList\",\"@id\":\"https:\/\/www.blackjackinfo.com\/us\/new-jersey-online-casinos\/#breadcrumb\",\"itemListElement\":[{\"@type\":\"ListItem\",\"position\":1,\"name\":\"Home\",\"item\":\"https:\/\/www.blackjackinfo.com\/\"},{\"@type\":\"ListItem\",\"position\":2,\"name\":\"Online Casinos in the US\",\"item\":\"https:\/\/www.blackjackinfo.com\/us\/\"},{\"@type\":\"ListItem\",\"position\":3,\"name\":\"New Jersey Online Casinos\"}]},{\"@type\":\"WebSite\",\"@id\":\"https:\/\/www.blackjackinfo.com\/#website\",\"url\":\"https:\/\/www.blackjackinfo.com\/\",\"name\":\"BlackjackInfo.com\",\"description\":\"Because Winning is More Fun!\",\"potentialAction\":[{\"@type\":\"SearchAction\",\"target\":{\"@type\":\"EntryPoint\",\"urlTemplate\":\"https:\/\/www.blackjackinfo.com\/?s={search_term_string}\"},\"query-input\":{\"@type\":\"PropertyValueSpecification\",\"valueRequired\":true,\"valueName\":\"search_term_string\"}}],\"inLanguage\":\"it-IT\"}]}<\/script>\n<!-- \/ Yoast SEO plugin. -->","yoast_head_json":{"title":"I migliori casin\u00f2 online del New Jersey nel 2026","description":"Il New Jersey \u00e8 uno stato in cui tutte le forme di gioco d'azzardo sono non solo legalizzate ma anche ben regolamentate. Dal momento che Atlantic City si trova nel NJ, i legislatori sono stati","robots":{"index":"index","follow":"follow","max-snippet":"max-snippet:-1","max-image-preview":"max-image-preview:large","max-video-preview":"max-video-preview:-1"},"canonical":"https:\/\/www.blackjackinfo.com\/it\/noi\/casino-online-del-new-jersey\/","og_locale":"it_IT","og_type":"article","og_title":"Best New Jersey Online Casinos in 2026","og_description":"New Jersey is a state where all forms of gambling are not only legalized but also well-regulated. Since Atlantic City is located in NJ, lawmakers were","og_url":"https:\/\/www.blackjackinfo.com\/it\/noi\/casino-online-del-new-jersey\/","og_site_name":"BlackjackInfo.com","article_modified_time":"2024-07-05T01:37:39+00:00","twitter_misc":{"Tempo di lettura stimato":"6 minuti"},"schema":{"@context":"https:\/\/schema.org","@graph":[{"@type":"WebPage","@id":"https:\/\/www.blackjackinfo.com\/us\/new-jersey-online-casinos\/","url":"https:\/\/www.blackjackinfo.com\/us\/new-jersey-online-casinos\/","name":"I migliori casin\u00f2 online del New Jersey nel 2026","isPartOf":{"@id":"https:\/\/www.blackjackinfo.com\/#website"},"datePublished":"2020-07-10T05:55:27+00:00","dateModified":"2024-07-05T01:37:39+00:00","description":"Il New Jersey \u00e8 uno stato in cui tutte le forme di gioco d'azzardo sono non solo legalizzate ma anche ben regolamentate. Dal momento che Atlantic City si trova nel NJ, i legislatori sono stati","breadcrumb":{"@id":"https:\/\/www.blackjackinfo.com\/us\/new-jersey-online-casinos\/#breadcrumb"},"inLanguage":"it-IT","potentialAction":[{"@type":"ReadAction","target":["https:\/\/www.blackjackinfo.com\/us\/new-jersey-online-casinos\/"]}]},{"@type":"BreadcrumbList","@id":"https:\/\/www.blackjackinfo.com\/us\/new-jersey-online-casinos\/#breadcrumb","itemListElement":[{"@type":"ListItem","position":1,"name":"Home","item":"https:\/\/www.blackjackinfo.com\/"},{"@type":"ListItem","position":2,"name":"Online Casinos in the US","item":"https:\/\/www.blackjackinfo.com\/us\/"},{"@type":"ListItem","position":3,"name":"New Jersey Online Casinos"}]},{"@type":"WebSite","@id":"https:\/\/www.blackjackinfo.com\/#website","url":"https:\/\/www.blackjackinfo.com\/","name":"BlackjackInfo.com","description":"Perch\u00e9 vincere \u00e8 pi\u00f9 divertente!","potentialAction":[{"@type":"SearchAction","target":{"@type":"EntryPoint","urlTemplate":"https:\/\/www.blackjackinfo.com\/?s={search_term_string}"},"query-input":{"@type":"PropertyValueSpecification","valueRequired":true,"valueName":"search_term_string"}}],"inLanguage":"it-IT"}]}},"_links":{"self":[{"href":"https:\/\/www.blackjackinfo.com\/it\/wp-json\/wp\/v2\/pages\/5740","targetHints":{"allow":["GET"]}}],"collection":[{"href":"https:\/\/www.blackjackinfo.com\/it\/wp-json\/wp\/v2\/pages"}],"about":[{"href":"https:\/\/www.blackjackinfo.com\/it\/wp-json\/wp\/v2\/types\/page"}],"author":[{"embeddable":true,"href":"https:\/\/www.blackjackinfo.com\/it\/wp-json\/wp\/v2\/users\/4"}],"replies":[{"embeddable":true,"href":"https:\/\/www.blackjackinfo.com\/it\/wp-json\/wp\/v2\/comments?post=5740"}],"version-history":[{"count":3,"href":"https:\/\/www.blackjackinfo.com\/it\/wp-json\/wp\/v2\/pages\/5740\/revisions"}],"predecessor-version":[{"id":5744,"href":"https:\/\/www.blackjackinfo.com\/it\/wp-json\/wp\/v2\/pages\/5740\/revisions\/5744"}],"up":[{"embeddable":true,"href":"https:\/\/www.blackjackinfo.com\/it\/wp-json\/wp\/v2\/pages\/5554"}],"wp:attachment":[{"href":"https:\/\/www.blackjackinfo.com\/it\/wp-json\/wp\/v2\/media?parent=5740"}],"wp:term":[{"taxonomy":"post_tag","embeddable":true,"href":"https:\/\/www.blackjackinfo.com\/it\/wp-json\/wp\/v2\/tags?post=5740"}],"curies":[{"name":"wp","href":"https:\/\/api.w.org\/{rel}","templated":true}]}}