{"id":581,"date":"2014-10-07T17:31:38","date_gmt":"2014-10-07T22:31:38","guid":{"rendered":"http:\/\/test.blackjackinfo.com\/?page_id=581"},"modified":"2026-04-02T05:08:33","modified_gmt":"2026-04-02T10:08:33","slug":"motore-di-strategia-di-base-del-blackjack","status":"publish","type":"page","link":"https:\/\/www.blackjackinfo.com\/it\/blackjack-basic-strategy-engine\/","title":{"rendered":"Grafici della strategia di base del blackjack"},"content":{"rendered":"<h2 class=\"purple-underline\">Che cos'\u00e8 la strategia di base?<\/h2>\n<p>Cercate un modo per ridurre il margine del casin\u00f2 a un importo marginale? La strategia di base \u00e8 un insieme di decisioni calcolate matematicamente che possono aiutarvi a vincere di pi\u00f9 al blackjack. <strong>Il motore della strategia di base del blackjack <\/strong>fornisce un modo semplice per memorizzare una serie di decisioni redditizie, come quando dividere, raddoppiare, arrendersi, colpire o stare.<\/p>\n<p>Una tabella di strategia di base standard pu\u00f2 fornire la strategia solo per una serie di regole, come i colpi del banco su soft 17, limitando la vostra padronanza a un solo gioco. Il nostro <strong>Motore della strategia di base del blackjack<\/strong> consente di regolare rapidamente le regole con un semplice clic, calcolando la strategia ottimale per il gioco selezionato. I grafici di facile lettura del motore illustrano in dettaglio la strategia per tutti i totali rigidi, i totali morbidi e le coppie.<\/p>\n<p>Il motore consente di personalizzare istantaneamente la strategia in base a regole come la resa, il raddoppio solo su 9, 10 o 11, lo stile delle carte coperte del banco e qualsiasi numero di mazzi. Questo sistema unico \u00e8 una risorsa incredibile per ogni serio giocatore di blackjack che ha bisogno di calcolare la strategia per ogni gioco che incontra.<\/p>\n<h2>I limiti della strategia di base<\/h2>\n<p>La strategia di base non sar\u00e0 mai sufficiente per battere il gioco a lungo termine. Certo, sarete sicuramente in grado di vincere pi\u00f9 frequentemente, di conservare i vostri soldi pi\u00f9 a lungo e di fare qualche vacanza gratis utilizzando <a href=\"https:\/\/entertainment.howstuffworks.com\/casino-gambling-basics-ga2.htm\">comps del casin\u00f2<\/a>ma non riuscirete mai a guadagnare per migliaia di ore di gioco. Per questo, dovrete imparare a <a href=\"https:\/\/www.blackjackinfo.com\/card-counting\/\">contare le carte<\/a> e utilizzare le deviazioni della strategia per battere il margine della casa. Se invece volete solo divertirvi e far durare i vostri soldi pi\u00f9 a lungo, la strategia di base far\u00e0 al caso vostro.<\/p>\n<h2>Come iniziare<\/h2>\n<p>Volete imparare la strategia di base per avere un vantaggio sui tavoli da gioco, ma non siete sicuri di come iniziare. Una volta che avete usato il <strong>Motore della strategia di base del blackjack<\/strong> Per scegliere il gioco pi\u00f9 frequente, potreste essere tentati di tuffarvi subito nella memorizzazione, ma un po' di conoscenza di base pu\u00f2 aiutarvi a capire i concetti alla base della strategia. Esploriamo alcune regole che vi aiuteranno nel percorso.<\/p>\n<h2>Avete una serie di azioni a vostra disposizione<\/h2>\n<p>Il blackjack non si limita a colpire o a stare in piedi, e queste decisioni extra determineranno se sarete dei grandi vincitori o dei grandi perdenti. Le opzioni extra sono la resa, la divisione o il raddoppio, e la loro disponibilit\u00e0 \u00e8 determinata dalle regole del gioco del blackjack. Inoltre, tenete presente che anche nello stesso casin\u00f2, tavoli diversi possono avere regole diverse, quindi assicuratevi di controllare il feltro o di chiedere al croupier le regole di ogni tavolo. Non giocate mai al blackjack 6:5 e cercate di giocare a S17 se \u00e8 disponibile.  Leggete il nostro <a href=\"https:\/\/www.blackjackinfo.com\/blackjack-rules\/\">pagina delle regole<\/a> se avete bisogno di un corso di aggiornamento su cosa fa ogni azione.<\/p>\n<h2>Quando posso arrendermi?<\/h2>\n<p><a href=\"https:\/\/www.blackjackinfo.com\/blackjack-surrender-explained\/\">Arrendersi<\/a> \u00e8 una regola che viene offerta sempre pi\u00f9 di rado, in quanto vantaggiosa per il giocatore. Per sapere se \u00e8 disponibile al vostro tavolo, potete chiedere al croupier o cercare un'indicazione sul tavolo. Prima di intraprendere qualsiasi altra azione, \u00e8 bene verificare se la strategia di base consiglia di arrendersi.<\/p>\n<h2>Quando posso dividere?<\/h2>\n<p>Lo splitting entra in gioco quando si ha in mano una coppia uguale, ad esempio due 8, due 7 o un jack e una regina. Quando vi trovate con una coppia, dovreste controllare la vostra scheda di strategia di base per vedere se lo split \u00e8 vantaggioso.<\/p>\n<h2>Quando posso raddoppiare?<\/h2>\n<p>\u00c8 possibile raddoppiare su tutte le prime due carte. In generale, si consiglia di raddoppiare quando una carta da 10 sarebbe vantaggiosa per il giocatore (con un 11 o un 10 difficile, ad esempio), o quando il banco ha una carta con una possibilit\u00e0 pi\u00f9 alta del normale di fare busting, come un 5 o un 6.<\/p>\n<h2>Quando devo colpire o stare in piedi<\/h2>\n<p>Queste due azioni costituiranno la maggior parte del vostro processo decisionale. <strong>Imparare quando colpire o stare in ogni scenario \u00e8 il punto cruciale della strategia di base.<\/strong>. Memorizzando la strategia di base, si memorizza l'azione ottimale e pi\u00f9 vantaggiosa con due carte qualsiasi contro una carta scoperta del banco.<\/p>\n<h2>Come memorizzare la strategia di base<\/h2>\n<p>Pu\u00f2 sembrare opprimente affrontare ogni diversa combinazione di carte iniziali con la strategia di base, ma fortunatamente ci sono molte regole empiriche che possono aiutare a semplificare il processo. Ecco alcune delle strategie pi\u00f9 importanti, efficaci e facili da ricordare che vi aiuteranno nel vostro percorso verso un blackjack solido.<\/p>\n<h3>Arrendersi<\/h3>\n<p><strong>Arrendersi<\/strong> <strong>16<\/strong> contro <strong>9<\/strong> attraverso<strong> Asso<\/strong>.<\/p>\n<p><strong>Arrendersi<\/strong> <strong>15<\/strong> contro un <strong>10<\/strong> (a meno che non si usino le regole di H17, allora ci si arrende contro l'Asso).<\/p>\n<h3>Divisione<\/h3>\n<p><strong>Sempre<\/strong> Dividere <strong>Assi<\/strong><\/p>\n<p><strong>Mai<\/strong> Dividere <strong>Volti<\/strong> (10 carte valore)<\/p>\n<p><strong>Sempre<\/strong> Dividere <strong>8s <\/strong>(A meno che non si usino le regole H17, allora ci si arrende contro un Asso).<\/p>\n<p><strong>Mai<\/strong> Dividere <strong>5s<\/strong><\/p>\n<p><strong>Dividere<\/strong> una coppia di <strong>9s<\/strong> contro un dealer <strong>2<\/strong> attraverso <strong>9<\/strong>, tranne un 7 del mazziere (dato che il vostro 18 batte il loro 17)<\/p>\n<p><strong>Dividere<\/strong> una coppia di <strong>7s<\/strong> contro un dealer <strong>2<\/strong> attraverso <strong>7<\/strong>, colpire qualsiasi altra cosa.<\/p>\n<p><strong>Dividere<\/strong> una coppia di <strong>6s<\/strong> contro un dealer <strong>2<\/strong> attraverso <strong>6<\/strong>, colpire qualsiasi altra cosa.<\/p>\n<p><strong>Dividere<\/strong> una coppia di <strong>4s<\/strong> contro un dealer <strong>5<\/strong> o <strong>6<\/strong> quando si pu\u00f2 raddoppiare dopo, altrimenti colpire.<\/p>\n<p><strong>Dividere<\/strong> una coppia di <strong>3s<\/strong> contro un dealer <strong>2<\/strong> attraverso <strong>7<\/strong>, colpire qualsiasi altra cosa.<\/p>\n<p><strong>Dividere<\/strong> una coppia di <strong>2s<\/strong> contro un dealer <strong>2<\/strong> attraverso <strong>7<\/strong>, colpire qualsiasi altra cosa.<\/p>\n<h3>Raddoppio<\/h3>\n<p><strong>Doppio<\/strong> un <strong>11<\/strong> contro tutto tranne l'Asso (anche il doppio contro l'Asso se si gioca con le regole H17).<\/p>\n<p><strong>Doppio<\/strong> a <strong>10<\/strong> contro tutto, tranne un 10 o un Asso<\/p>\n<p><strong>Doppio<\/strong> un duro <strong>9<\/strong> contro un dealer <strong>3<\/strong> attraverso <strong>6<\/strong>.<\/p>\n<p><strong>Mai<\/strong> doppio un duro <strong>8<\/strong>.<\/p>\n<p><strong>Doppio<\/strong> a <strong>morbido<\/strong> <strong>13<\/strong> o <strong>14<\/strong> contro un dealer <strong>5<\/strong> o <strong>6<\/strong>.<\/p>\n<p><strong>Doppio<\/strong> a <strong>morbido 15<\/strong> o <strong>16<\/strong> contro un dealer <strong>4<\/strong> attraverso <strong>6<\/strong>.<\/p>\n<p><strong>Doppio<\/strong> a <strong>morbido<\/strong> <strong>17<\/strong> o <strong>18<\/strong> contro un dealer <strong>3<\/strong> attraverso <strong>6<\/strong>.<\/p>\n<p><strong>Doppio<\/strong> a <strong>morbido 19<\/strong> contro un dealer <strong>6<\/strong> se si utilizza <strong>H17<\/strong> regole.<\/p>\n<h3>Colpire e stare in piedi<\/h3>\n<p><strong>Stand<\/strong> su <strong>17<\/strong> e su<\/p>\n<p><strong>Stand<\/strong> su un <strong>13<\/strong>, <strong>14<\/strong>, <strong>15<\/strong>, o <strong>16<\/strong> contro un <strong>2<\/strong> attraverso <strong>6<\/strong>, colpire contro qualsiasi altra carta<\/p>\n<p><strong>Stand<\/strong> su un <strong>12<\/strong> contro un dealer <strong>4<\/strong> attraverso <strong>6<\/strong>, colpire contro qualsiasi altra carta.<\/p>\n<p><strong>Sempre<\/strong> colpire qualsiasi cosa sotto il 17 morbido.<\/p>\n<p><strong>Stand<\/strong> su <strong>morbido 19<\/strong> in su.<\/p>\n<h2>Cosa c'\u00e8 dopo?<\/h2>\n<p>Le informazioni di cui sopra devono essere esaminate insieme alle nostre <strong>Motore della strategia di base del blackjack<\/strong> mentre vi esercitate a giocare a blackjack. Non siete ancora pronti per giocare in un casin\u00f2, neanche per sogno. Anche se avete gi\u00e0 giocato in passato e vi \u00e8 andata bene, non dovreste tornarci finch\u00e9 non conoscete la strategia di base come il dorso della mano.<\/p>\n<p>Il modo migliore per esercitarsi \u00e8 quello di utilizzare un software come il nostro <a href=\"https:\/\/www.blackjackinfo.com\/blackjack-strategy-trainer\/\">Allenatore di blackjack<\/a>\u00a0o\u00a0<a href=\"https:\/\/www.blackjackinfo.com\/casino-verite-blackjack-the-ultimate-practice-tool\/\">Casin\u00f2 V\u00e9rit\u00e9 Blackjack<\/a> per migliorare le vostre abilit\u00e0 e capire quali sono le aree in cui avete difficolt\u00e0, come la resa o il gioco di mani morbide. Una volta che sarete in grado di giocare senza errori in un'ampia gamma di scenari, sarete pronti a fare pratica in un casin\u00f2.<\/p>\n<p>Ricordate che pu\u00f2 essere pi\u00f9 difficile ricordare una perfetta strategia di base quando una cameriera urla le ordinazioni dei drink, un pit boss chiede la vostra carta e i giocatori cercano di fare conversazione, quindi non andate al casin\u00f2 finch\u00e9 non siete veramente pronti. Non chiedete consigli nemmeno agli altri giocatori. Essi vanno deliberatamente contro la strategia di base quando i calcoli non coincidono con le loro superstizioni sul flusso delle carte, e spesso vi diranno che siete pazzi a colpire un 18 morbido contro un 9 o un 10 del banco.<\/p>\n<h2>Altri strumenti per la strategia di base<\/h2>\n<ul>\n<li><a href=\"https:\/\/www.blackjackinfo.com\/blackjack-strategy-trainer\/\">Allenatore di strategia del blackjack<\/a> - Il nostro allenatore di blackjack originale \u00e8 uno strumento interattivo di coaching che fornisce consigli se avete preso la decisione giusta o meno.  Abbiamo anche una versione mobile friendly <a href=\"https:\/\/www.blackjackinfo.com\/blackjackinfo-blackjack-strategy-trainer\/\">qui<\/a>.<\/li>\n<li><a href=\"https:\/\/www.blackjackinfo.com\/blackjack-basic-strategy-quiz\/\">Quiz sul blackjack<\/a> - Una serie di 20 domande per determinare se conoscete davvero la strategia di base.<\/li>\n<li>Grafici di strategia fisici - \u00c8 possibile acquistare anche una versione fisica in plastica, formato portafoglio, dei grafici di strategia. <a href=\"\/card\/\">qui<\/a>.<\/li>\n<li><a href=\"https:\/\/www.blackjackinfo.com\/goto\/casino-verite\/\">Casin\u00f2 V\u00e9rit\u00e9 Blackjack<\/a>\u00a0- Uno strumento completo per testare la vostra conoscenza della strategia del blackjack.  La nostra recensione di questo software \u00e8 disponibile <a href=\"https:\/\/www.blackjackinfo.com\/casino-verite-blackjack-the-ultimate-practice-tool\/\">qui<\/a>.<\/li>\n<\/ul>\n<p>&nbsp;<\/p>","protected":false},"excerpt":{"rendered":"<p>What is Basic Strategy? Looking for a way to cut the casino\u2019s edge down to a marginal amount? Basic strategy is a mathematically calculated set of decisions that can help you win more at blackjack. The Blackjack Basic Strategy Engine above provides a simple way to memorize a variety of different profitable decisions, such as [&hellip;]<\/p>\n","protected":false},"author":2,"featured_media":0,"parent":0,"menu_order":0,"comment_status":"open","ping_status":"open","template":"","meta":{"_acf_changed":false,"footnotes":""},"tags":[],"class_list":["post-581","page","type-page","status-publish","hentry"],"acf":[],"yoast_head":"<!-- This site is optimized with the Yoast SEO plugin v26.6 - https:\/\/yoast.com\/wordpress\/plugins\/seo\/ -->\n<title>Blackjack Strategy Charts - Generate Charts for 1-8 Decks<\/title>\n<meta name=\"description\" content=\"Founded in 1998, our basic blackjack strategy engine generates optimal strategy charts for 1\/2\/3\/4\/5\/6\/7\/8 decks. Allows custom filters for variations too\" \/>\n<meta name=\"robots\" content=\"index, follow, max-snippet:-1, max-image-preview:large, max-video-preview:-1\" \/>\n<link rel=\"canonical\" href=\"https:\/\/www.blackjackinfo.com\/it\/motore-di-strategia-di-base-del-blackjack\/\" \/>\n<meta property=\"og:locale\" content=\"it_IT\" \/>\n<meta property=\"og:type\" content=\"article\" \/>\n<meta property=\"og:title\" content=\"Blackjack Strategy Charts - Generate Charts for 1-8 Decks\" \/>\n<meta property=\"og:description\" content=\"Founded in 1998, our basic blackjack strategy engine generates optimal strategy charts for 1\/2\/3\/4\/5\/6\/7\/8 decks. Allows custom filters for variations too\" \/>\n<meta property=\"og:url\" content=\"https:\/\/www.blackjackinfo.com\/it\/motore-di-strategia-di-base-del-blackjack\/\" \/>\n<meta property=\"og:site_name\" content=\"BlackjackInfo.com\" \/>\n<meta property=\"article:modified_time\" content=\"2026-04-02T10:08:33+00:00\" \/>\n<meta name=\"twitter:label1\" content=\"Tempo di lettura stimato\" \/>\n\t<meta name=\"twitter:data1\" content=\"6 minuti\" \/>\n<script type=\"application\/ld+json\" class=\"yoast-schema-graph\">{\"@context\":\"https:\/\/schema.org\",\"@graph\":[{\"@type\":\"WebPage\",\"@id\":\"https:\/\/www.blackjackinfo.com\/blackjack-basic-strategy-engine\/\",\"url\":\"https:\/\/www.blackjackinfo.com\/blackjack-basic-strategy-engine\/\",\"name\":\"Blackjack Strategy Charts - Generate Charts for 1-8 Decks\",\"isPartOf\":{\"@id\":\"https:\/\/www.blackjackinfo.com\/#website\"},\"datePublished\":\"2014-10-07T22:31:38+00:00\",\"dateModified\":\"2026-04-02T10:08:33+00:00\",\"description\":\"Founded in 1998, our basic blackjack strategy engine generates optimal strategy charts for 1\/2\/3\/4\/5\/6\/7\/8 decks. Allows custom filters for variations too\",\"breadcrumb\":{\"@id\":\"https:\/\/www.blackjackinfo.com\/blackjack-basic-strategy-engine\/#breadcrumb\"},\"inLanguage\":\"it-IT\",\"potentialAction\":[{\"@type\":\"ReadAction\",\"target\":[\"https:\/\/www.blackjackinfo.com\/blackjack-basic-strategy-engine\/\"]}]},{\"@type\":\"BreadcrumbList\",\"@id\":\"https:\/\/www.blackjackinfo.com\/blackjack-basic-strategy-engine\/#breadcrumb\",\"itemListElement\":[{\"@type\":\"ListItem\",\"position\":1,\"name\":\"Home\",\"item\":\"https:\/\/www.blackjackinfo.com\/\"},{\"@type\":\"ListItem\",\"position\":2,\"name\":\"Blackjack Basic Strategy Charts\"}]},{\"@type\":\"WebSite\",\"@id\":\"https:\/\/www.blackjackinfo.com\/#website\",\"url\":\"https:\/\/www.blackjackinfo.com\/\",\"name\":\"BlackjackInfo.com\",\"description\":\"Because Winning is More Fun!\",\"potentialAction\":[{\"@type\":\"SearchAction\",\"target\":{\"@type\":\"EntryPoint\",\"urlTemplate\":\"https:\/\/www.blackjackinfo.com\/?s={search_term_string}\"},\"query-input\":{\"@type\":\"PropertyValueSpecification\",\"valueRequired\":true,\"valueName\":\"search_term_string\"}}],\"inLanguage\":\"it-IT\"}]}<\/script>\n<!-- \/ Yoast SEO plugin. -->","yoast_head_json":{"title":"Grafici della strategia del blackjack - Generare grafici per 1-8 mazzi di carte","description":"Fondato nel 1998, il nostro motore di strategia di base per il blackjack genera grafici di strategia ottimali per 1\/2\/3\/4\/5\/6\/7\/8 mazzi. Permette filtri personalizzati anche per le varianti","robots":{"index":"index","follow":"follow","max-snippet":"max-snippet:-1","max-image-preview":"max-image-preview:large","max-video-preview":"max-video-preview:-1"},"canonical":"https:\/\/www.blackjackinfo.com\/it\/motore-di-strategia-di-base-del-blackjack\/","og_locale":"it_IT","og_type":"article","og_title":"Blackjack Strategy Charts - Generate Charts for 1-8 Decks","og_description":"Founded in 1998, our basic blackjack strategy engine generates optimal strategy charts for 1\/2\/3\/4\/5\/6\/7\/8 decks. Allows custom filters for variations too","og_url":"https:\/\/www.blackjackinfo.com\/it\/motore-di-strategia-di-base-del-blackjack\/","og_site_name":"BlackjackInfo.com","article_modified_time":"2026-04-02T10:08:33+00:00","twitter_misc":{"Tempo di lettura stimato":"6 minuti"},"schema":{"@context":"https:\/\/schema.org","@graph":[{"@type":"WebPage","@id":"https:\/\/www.blackjackinfo.com\/blackjack-basic-strategy-engine\/","url":"https:\/\/www.blackjackinfo.com\/blackjack-basic-strategy-engine\/","name":"Grafici della strategia del blackjack - Generare grafici per 1-8 mazzi di carte","isPartOf":{"@id":"https:\/\/www.blackjackinfo.com\/#website"},"datePublished":"2014-10-07T22:31:38+00:00","dateModified":"2026-04-02T10:08:33+00:00","description":"Fondato nel 1998, il nostro motore di strategia di base per il blackjack genera grafici di strategia ottimali per 1\/2\/3\/4\/5\/6\/7\/8 mazzi. Permette filtri personalizzati anche per le varianti","breadcrumb":{"@id":"https:\/\/www.blackjackinfo.com\/blackjack-basic-strategy-engine\/#breadcrumb"},"inLanguage":"it-IT","potentialAction":[{"@type":"ReadAction","target":["https:\/\/www.blackjackinfo.com\/blackjack-basic-strategy-engine\/"]}]},{"@type":"BreadcrumbList","@id":"https:\/\/www.blackjackinfo.com\/blackjack-basic-strategy-engine\/#breadcrumb","itemListElement":[{"@type":"ListItem","position":1,"name":"Home","item":"https:\/\/www.blackjackinfo.com\/"},{"@type":"ListItem","position":2,"name":"Blackjack Basic Strategy Charts"}]},{"@type":"WebSite","@id":"https:\/\/www.blackjackinfo.com\/#website","url":"https:\/\/www.blackjackinfo.com\/","name":"BlackjackInfo.com","description":"Perch\u00e9 vincere \u00e8 pi\u00f9 divertente!","potentialAction":[{"@type":"SearchAction","target":{"@type":"EntryPoint","urlTemplate":"https:\/\/www.blackjackinfo.com\/?s={search_term_string}"},"query-input":{"@type":"PropertyValueSpecification","valueRequired":true,"valueName":"search_term_string"}}],"inLanguage":"it-IT"}]}},"_links":{"self":[{"href":"https:\/\/www.blackjackinfo.com\/it\/wp-json\/wp\/v2\/pages\/581","targetHints":{"allow":["GET"]}}],"collection":[{"href":"https:\/\/www.blackjackinfo.com\/it\/wp-json\/wp\/v2\/pages"}],"about":[{"href":"https:\/\/www.blackjackinfo.com\/it\/wp-json\/wp\/v2\/types\/page"}],"author":[{"embeddable":true,"href":"https:\/\/www.blackjackinfo.com\/it\/wp-json\/wp\/v2\/users\/2"}],"replies":[{"embeddable":true,"href":"https:\/\/www.blackjackinfo.com\/it\/wp-json\/wp\/v2\/comments?post=581"}],"version-history":[{"count":23,"href":"https:\/\/www.blackjackinfo.com\/it\/wp-json\/wp\/v2\/pages\/581\/revisions"}],"predecessor-version":[{"id":10427,"href":"https:\/\/www.blackjackinfo.com\/it\/wp-json\/wp\/v2\/pages\/581\/revisions\/10427"}],"wp:attachment":[{"href":"https:\/\/www.blackjackinfo.com\/it\/wp-json\/wp\/v2\/media?parent=581"}],"wp:term":[{"taxonomy":"post_tag","embeddable":true,"href":"https:\/\/www.blackjackinfo.com\/it\/wp-json\/wp\/v2\/tags?post=581"}],"curies":[{"name":"wp","href":"https:\/\/api.w.org\/{rel}","templated":true}]}}