{"id":585,"date":"2014-10-08T11:17:41","date_gmt":"2014-10-08T16:17:41","guid":{"rendered":"http:\/\/test.blackjackinfo.com\/?page_id=585"},"modified":"2018-06-22T02:43:00","modified_gmt":"2018-06-22T07:43:00","slug":"informativa-sulla-privacy","status":"publish","type":"page","link":"https:\/\/www.blackjackinfo.com\/it\/privacy-policy\/","title":{"rendered":"Informativa sulla privacy"},"content":{"rendered":"<p>Noi di BlackjackInfo ci sforziamo di utilizzare il principio della \"regola d'oro\" per guidare il nostro utilizzo dei dati che ci fornite.<\/p>\n<p>In altre parole, trattiamo le vostre informazioni con la stessa sicurezza e vigilanza che ci aspetteremmo noi stessi.  Nell'odierno ambiente Internet \u00e8 necessario utilizzare in qualche modo le informazioni dei visitatori, quindi ecco cosa facciamo con le informazioni che ci fornite.<\/p>\n<h3>Commenti<\/h3>\n<p>Quando i visitatori lasciano commenti sul sito, raccogliamo i dati mostrati nel modulo dei commenti, nonch\u00e9 l'indirizzo IP del visitatore e la stringa dello user agent del browser per facilitare il rilevamento dello spam.<\/p>\n<p>Una stringa anonima creata dall'indirizzo e-mail dell'utente (chiamata anche hash) pu\u00f2 essere fornita al servizio Gravatar per verificare se l'utente lo sta utilizzando. L'informativa sulla privacy del servizio Gravatar \u00e8 disponibile qui: https:\/\/automattic.com\/privacy\/. Dopo l'approvazione del commento, l'immagine del profilo \u00e8 visibile al pubblico nel contesto del commento.<\/p>\n<h3>Se si sceglie di iscriversi alla nostra newsletter gratuita:<\/h3>\n<p>Non vorremmo che il nostro indirizzo e-mail fosse condiviso con nessuno, quindi siamo altrettanto attenti al vostro.<\/p>\n<ul>\n<li>Non condividiamo il nostro elenco con altri siti. Pertanto, qualsiasi messaggio ricevuto in seguito all'iscrizione indicher\u00e0 chiaramente che proviene da BlackjackInfo.com.<\/li>\n<li>Ogni messaggio che riceverete avr\u00e0 un link per rimuovere il vostro indirizzo dall'elenco di e-mail, se lo desiderate.<\/li>\n<li>Per ulteriore protezione, ogni aggiunta o rimozione di un indirizzo dal nostro elenco invia una conferma all'indirizzo, indicando l'ora e l'indirizzo IP dell'utente responsabile.<\/li>\n<li>Per l'elenco di e-mail, utilizziamo <a href=\"https:\/\/mailchimp.com\/\">MailChimp<\/a> per memorizzare e inviare le newsletter e non richiediamo ulteriori informazioni sull'utente.  Abbiamo solo il vostro indirizzo e-mail, nessun nome o indirizzo reale.<\/li>\n<li>Adottiamo ogni ragionevole precauzione per proteggere le informazioni dei nostri utenti, mantenendo il nostro server e il nostro software nella maniera pi\u00f9 sicura possibile.<\/li>\n<\/ul>\n<h3>Registrazione delle attivit\u00e0<\/h3>\n<p>Come tutti i siti web, ogni interazione del visitatore con questo sito crea una serie di voci nei file di log del nostro server.  Questi registri includono la data e l'ora della visita, l'indirizzo IP dal quale \u00e8 stata effettuata la visita e tutti i dettagli relativi al computer o al browser forniti dal browser stesso.  Questi dettagli di accesso non includono informazioni di identificazione personale, anche se se l'utente sceglie di fornire tali informazioni attraverso la sua interazione, sarebbe possibile collegare una visita con un particolare utente.  Questo non \u00e8 un uso normale dei registri, ma potremmo farlo in caso di frode o attivit\u00e0 dannosa.<\/p>\n<h3>Google Analytics<\/h3>\n<p>Come la maggior parte dei siti web, questo sito utilizza Google Analytics per tenere traccia di come gli utenti trovano e utilizzano il nostro sito.  Google Analytics utilizza i cosiddetti \"cookie\", file di testo che vengono depositati sul vostro computer per raccogliere informazioni di registro e il comportamento dei visitatori in forma anonima. Le informazioni generate dal cookie sull'utilizzo del sito web vengono trasmesse a Google.  Queste informazioni vengono utilizzate per redigere rapporti sull'utilizzo del sito web.  Le condizioni di utilizzo di Google per i dati raccolti possono essere consultate all'indirizzo\u00a0<a title=\"Informativa sulla privacy di Google Analytics\" href=\"https:\/\/www.google.com\/intl\/en\/policies\/privacy\/partners\/\">https:\/\/www.google.com\/intl\/en\/policies\/privacy\/partners\/<\/a><\/p>\n<p>\u00c8 possibile scegliere di accettare o rifiutare i cookie. La maggior parte dei browser Web li accetta automaticamente, ma \u00e8 possibile modificare le impostazioni del browser per rifiutare i cookie. Se rifiutate i cookie modificando le impostazioni del vostro browser, sappiate che questo potrebbe disabilitare alcune funzionalit\u00e0 del nostro sito web.<\/p>\n<h3>Il nostro uso dei cookie<\/h3>\n<p>A proposito di \"cookie\", possiamo utilizzarli su questo sito per una serie di motivi che facilitano il funzionamento del sito stesso.  Non li utilizziamo per tracciare le vostre visite per nessun altro scopo.  Esempi di utilizzo dei cookie sono la memorizzazione dei dati di accesso o la gestione dell'inserimento di un ordine nel negozio.<\/p>\n<h3>Relazioni con gli inserzionisti<\/h3>\n<p>Possiamo mostrare pubblicit\u00e0 ai visitatori di questo sito e in alcuni casi le immagini pubblicitarie possono provenire direttamente dai nostri partner pubblicitari.  Tali inserzionisti sono in grado di vedere le normali informazioni di log di Internet per tali richieste, che includono le tipiche informazioni anonime dei file di log.  Nessuna informazione di identificazione personale viene resa disponibile attraverso il nostro sito ai nostri inserzionisti, ma qualsiasi impostazione del browser sul vostro computer che influisce sui dati inviati con ogni richiesta sar\u00e0 ovviamente applicabile.  In genere si tratta di cookie, informazioni sull'agente utente e informazioni sulla versione del software.<\/p>\n<h3>Rapporti con gli affiliati<\/h3>\n<p>Alcuni dei nostri rapporti pubblicitari sono partnership di affiliazione, che ricompensano gli editori sulla base di commissioni per gli affari derivanti dagli annunci sul sito web.  In ogni caso, se scegliete di fare affari con un inserzionista presente sul nostro sito, l'azienda stessa avr\u00e0 una politica sulla privacy che regola l'uso dei vostri dati.  Queste politiche variano notevolmente.  In molti casi, queste politiche consentono alle aziende di condividere i dettagli delle transazioni con i loro partner pubblicitari.  Sebbene queste informazioni non includano solitamente dati personali identificabili, i limiti effettivi di ci\u00f2 che pu\u00f2 essere disponibile sono soggetti all'informativa sulla privacy dell'inserzionista, che \u00e8 possibile trovare sul suo sito web.  In ogni caso, non utilizzeremo alcuna informazione resa disponibile in modo da violare la nostra politica della \"Regola d'oro\".<\/p>\n<h3>Divulgazione e condivisione delle informazioni<\/h3>\n<p>I vostri dati personali non saranno condivisi con terze parti, a meno che non abbiate richiesto un prodotto o un servizio da noi o:<\/p>\n<p>Siamo tenuti a fornire le informazioni ai partner che hanno un accordo di riservatezza con noi o che lavorano per nostro conto. I vostri dati personali possono essere utilizzati da queste societ\u00e0 per aiutarci a trasmettervi le offerte nostre e dei nostri partner di marketing, ma non hanno il diritto di condividere tali informazioni in modo indipendente;<br \/>\nIn risposta a ordini del tribunale, citazioni in giudizio e procedimenti legali;<br \/>\nIn caso di indagini, prevenzione, lotta ad attivit\u00e0 illegali, potenziali minacce alla sicurezza fisica di qualsiasi persona, sospette frodi, violazioni dei nostri Termini e condizioni, o come altrimenti richiesto dalla legge;<\/p>\n<p>In caso di acquisizione o fusione, nel qual caso sarete informati prima che le vostre informazioni personali vengano trasferite e diventino soggette a una nuova politica sulla privacy;<\/p>\n<p>L'utente visualizza o interagisce con un annuncio mirato basato su informazioni personali, visualizzato da noi, poich\u00e9 in tal caso acconsente alla possibilit\u00e0 che l'inserzionista ritenga che l'utente soddisfi i criteri di destinazione utilizzati per presentare l'annuncio. Tuttavia, non forniamo alcuna informazione personale all'inserzionista. Gli inserzionisti coprono diversi settori, tra cui casin\u00f2, commercianti e servizi di viaggio.<\/p>\n<h3>Aggiornamenti e modifiche all'informativa sulla privacy<\/h3>\n<p>Potremmo apportare modifiche alla presente Informativa sulla privacy. In caso di aggiornamenti significativi direttamente collegati al trattamento dei vostri dati personali, sarete informati tramite il vostro indirizzo e-mail registrato e\/o un avviso visualizzato sul nostro sito.<\/p>\n<h3>Una parola finale<\/h3>\n<p>Quante scritte in piccolo, vero?!  Questo \u00e8 il mondo in cui viviamo al giorno d'oggi.<\/p>\n<p>Per molti anni abbiamo utilizzato un'informativa sulla privacy semplice e \"senza fronzoli\", che si limitava a poche righe.  Il nostro intento non \u00e8 mai cambiato, ma la necessit\u00e0 di menzionare tutti questi dettagli s\u00ec.<\/p>\n<p>Per essere chiari, vogliamo trattare i vostri dati con la cura che meritano e custodirli in ogni modo possibile.<\/p>","protected":false},"excerpt":{"rendered":"<p>BlackjackInfo.com Informativa sulla privacy<\/p>","protected":false},"author":2,"featured_media":0,"parent":0,"menu_order":0,"comment_status":"closed","ping_status":"closed","template":"","meta":{"_acf_changed":false,"footnotes":""},"tags":[],"class_list":["post-585","page","type-page","status-publish","hentry"],"acf":[],"yoast_head":"<!-- This site is optimized with the Yoast SEO plugin v26.6 - https:\/\/yoast.com\/wordpress\/plugins\/seo\/ -->\n<title>Privacy Policy<\/title>\n<meta name=\"description\" content=\"BlackjackInfo.com Privacy Policy\" \/>\n<meta name=\"robots\" content=\"index, follow, max-snippet:-1, max-image-preview:large, max-video-preview:-1\" \/>\n<link rel=\"canonical\" href=\"https:\/\/www.blackjackinfo.com\/it\/informativa-sulla-privacy\/\" \/>\n<meta property=\"og:locale\" content=\"it_IT\" \/>\n<meta property=\"og:type\" content=\"article\" \/>\n<meta property=\"og:title\" content=\"Privacy Policy\" \/>\n<meta property=\"og:description\" content=\"BlackjackInfo.com Privacy Policy\" \/>\n<meta property=\"og:url\" content=\"https:\/\/www.blackjackinfo.com\/it\/informativa-sulla-privacy\/\" \/>\n<meta property=\"og:site_name\" content=\"BlackjackInfo.com\" \/>\n<meta property=\"article:modified_time\" content=\"2018-06-22T07:43:00+00:00\" \/>\n<meta name=\"twitter:label1\" content=\"Tempo di lettura stimato\" \/>\n\t<meta name=\"twitter:data1\" content=\"6 minuti\" \/>\n<script type=\"application\/ld+json\" class=\"yoast-schema-graph\">{\"@context\":\"https:\/\/schema.org\",\"@graph\":[{\"@type\":\"WebPage\",\"@id\":\"https:\/\/www.blackjackinfo.com\/privacy-policy\/\",\"url\":\"https:\/\/www.blackjackinfo.com\/privacy-policy\/\",\"name\":\"Privacy Policy\",\"isPartOf\":{\"@id\":\"https:\/\/www.blackjackinfo.com\/#website\"},\"datePublished\":\"2014-10-08T16:17:41+00:00\",\"dateModified\":\"2018-06-22T07:43:00+00:00\",\"description\":\"BlackjackInfo.com Privacy Policy\",\"breadcrumb\":{\"@id\":\"https:\/\/www.blackjackinfo.com\/privacy-policy\/#breadcrumb\"},\"inLanguage\":\"it-IT\",\"potentialAction\":[{\"@type\":\"ReadAction\",\"target\":[\"https:\/\/www.blackjackinfo.com\/privacy-policy\/\"]}]},{\"@type\":\"BreadcrumbList\",\"@id\":\"https:\/\/www.blackjackinfo.com\/privacy-policy\/#breadcrumb\",\"itemListElement\":[{\"@type\":\"ListItem\",\"position\":1,\"name\":\"Home\",\"item\":\"https:\/\/www.blackjackinfo.com\/\"},{\"@type\":\"ListItem\",\"position\":2,\"name\":\"Privacy Policy\"}]},{\"@type\":\"WebSite\",\"@id\":\"https:\/\/www.blackjackinfo.com\/#website\",\"url\":\"https:\/\/www.blackjackinfo.com\/\",\"name\":\"BlackjackInfo.com\",\"description\":\"Because Winning is More Fun!\",\"potentialAction\":[{\"@type\":\"SearchAction\",\"target\":{\"@type\":\"EntryPoint\",\"urlTemplate\":\"https:\/\/www.blackjackinfo.com\/?s={search_term_string}\"},\"query-input\":{\"@type\":\"PropertyValueSpecification\",\"valueRequired\":true,\"valueName\":\"search_term_string\"}}],\"inLanguage\":\"it-IT\"}]}<\/script>\n<!-- \/ Yoast SEO plugin. -->","yoast_head_json":{"title":"Informativa sulla privacy","description":"BlackjackInfo.com Informativa sulla privacy","robots":{"index":"index","follow":"follow","max-snippet":"max-snippet:-1","max-image-preview":"max-image-preview:large","max-video-preview":"max-video-preview:-1"},"canonical":"https:\/\/www.blackjackinfo.com\/it\/informativa-sulla-privacy\/","og_locale":"it_IT","og_type":"article","og_title":"Privacy Policy","og_description":"BlackjackInfo.com Privacy Policy","og_url":"https:\/\/www.blackjackinfo.com\/it\/informativa-sulla-privacy\/","og_site_name":"BlackjackInfo.com","article_modified_time":"2018-06-22T07:43:00+00:00","twitter_misc":{"Tempo di lettura stimato":"6 minuti"},"schema":{"@context":"https:\/\/schema.org","@graph":[{"@type":"WebPage","@id":"https:\/\/www.blackjackinfo.com\/privacy-policy\/","url":"https:\/\/www.blackjackinfo.com\/privacy-policy\/","name":"Informativa sulla privacy","isPartOf":{"@id":"https:\/\/www.blackjackinfo.com\/#website"},"datePublished":"2014-10-08T16:17:41+00:00","dateModified":"2018-06-22T07:43:00+00:00","description":"BlackjackInfo.com Informativa sulla privacy","breadcrumb":{"@id":"https:\/\/www.blackjackinfo.com\/privacy-policy\/#breadcrumb"},"inLanguage":"it-IT","potentialAction":[{"@type":"ReadAction","target":["https:\/\/www.blackjackinfo.com\/privacy-policy\/"]}]},{"@type":"BreadcrumbList","@id":"https:\/\/www.blackjackinfo.com\/privacy-policy\/#breadcrumb","itemListElement":[{"@type":"ListItem","position":1,"name":"Home","item":"https:\/\/www.blackjackinfo.com\/"},{"@type":"ListItem","position":2,"name":"Privacy Policy"}]},{"@type":"WebSite","@id":"https:\/\/www.blackjackinfo.com\/#website","url":"https:\/\/www.blackjackinfo.com\/","name":"BlackjackInfo.com","description":"Perch\u00e9 vincere \u00e8 pi\u00f9 divertente!","potentialAction":[{"@type":"SearchAction","target":{"@type":"EntryPoint","urlTemplate":"https:\/\/www.blackjackinfo.com\/?s={search_term_string}"},"query-input":{"@type":"PropertyValueSpecification","valueRequired":true,"valueName":"search_term_string"}}],"inLanguage":"it-IT"}]}},"_links":{"self":[{"href":"https:\/\/www.blackjackinfo.com\/it\/wp-json\/wp\/v2\/pages\/585","targetHints":{"allow":["GET"]}}],"collection":[{"href":"https:\/\/www.blackjackinfo.com\/it\/wp-json\/wp\/v2\/pages"}],"about":[{"href":"https:\/\/www.blackjackinfo.com\/it\/wp-json\/wp\/v2\/types\/page"}],"author":[{"embeddable":true,"href":"https:\/\/www.blackjackinfo.com\/it\/wp-json\/wp\/v2\/users\/2"}],"replies":[{"embeddable":true,"href":"https:\/\/www.blackjackinfo.com\/it\/wp-json\/wp\/v2\/comments?post=585"}],"version-history":[{"count":8,"href":"https:\/\/www.blackjackinfo.com\/it\/wp-json\/wp\/v2\/pages\/585\/revisions"}],"predecessor-version":[{"id":3955,"href":"https:\/\/www.blackjackinfo.com\/it\/wp-json\/wp\/v2\/pages\/585\/revisions\/3955"}],"wp:attachment":[{"href":"https:\/\/www.blackjackinfo.com\/it\/wp-json\/wp\/v2\/media?parent=585"}],"wp:term":[{"taxonomy":"post_tag","embeddable":true,"href":"https:\/\/www.blackjackinfo.com\/it\/wp-json\/wp\/v2\/tags?post=585"}],"curies":[{"name":"wp","href":"https:\/\/api.w.org\/{rel}","templated":true}]}}