{"id":590,"date":"2014-10-08T13:54:13","date_gmt":"2014-10-08T18:54:13","guid":{"rendered":"http:\/\/test.blackjackinfo.com\/?page_id=590"},"modified":"2018-06-22T02:26:16","modified_gmt":"2018-06-22T07:26:16","slug":"avviso-di-affiliazione","status":"publish","type":"page","link":"https:\/\/www.blackjackinfo.com\/it\/affiliate-notice\/","title":{"rendered":"Avviso agli affiliati"},"content":{"rendered":"<h3>Che cos'\u00e8 un annuncio di affiliazione?<\/h3>\n<p>Molte delle pubblicit\u00e0 che vedete su BlackjackInfo sono basate su una partnership di affiliazione che abbiamo con il prodotto o il marchio pubblicizzato.  Un annuncio di affiliazione \u00e8 un annuncio in cui l'editore \u00e8 compensato sulla base di una commissione per qualsiasi prodotto o servizio che un visitatore acquista dall'inserzionista dopo aver cliccato da un link su questo sito.<\/p>\n<h3>L'utilizzo di un link di affiliazione non aumenter\u00e0 i vostri costi<\/h3>\n<p>Se visitate uno dei nostri inserzionisti attraverso uno dei nostri link, otterrete lo stesso prezzo e la stessa proposta di valore che otterreste altrimenti, e forse anche di pi\u00f9.  In realt\u00e0, spesso stipuliamo accordi esclusivi con gli inserzionisti per conto dei nostri visitatori, per ottenere un'offerta migliore.  In ogni caso, fare clic su uno dei nostri link di affiliazione contribuisce a sostenere questo sito, <strong>senza alcun costo per voi<\/strong>.<\/p>\n<h3>Siamo molto esigenti nei confronti dei partner pubblicitari<\/h3>\n<p>A causa della popolarit\u00e0 di questo sito, riceviamo un flusso costante di offerte da parte di diverse aziende e marchi che sperano di collaborare con BlackjackInfo attraverso il marketing di affiliazione.  Tuttavia, le rifiutiamo quasi tutte.  Prima di scegliere di fare affari con un inserzionista, questi deve soddisfare i nostri standard editoriali e convincerci che offrir\u00e0 ai nostri visitatori un affare equo.  E non smettiamo mai di esaminare i loro servizi per assicurarci che siano ancora un partner che ci sentiamo di promuovere.<\/p>\n<h3>Quali dei nostri annunci sono link di affiliazione?<\/h3>\n<p>Sebbene non tutti i nostri annunci siano annunci di affiliazione, la struttura di ogni particolare accordo pubblicitario \u00e8 soggetta a modifiche.  Di conseguenza, l'utente deve presumere che qualsiasi link cliccato a un altro sito possa far parte di un accordo di affiliazione.<\/p>\n<h3>Perch\u00e9 parlare di tutto questo?<\/h3>\n<p>La trasparenza permette la fiducia e noi speriamo di continuare a essere una fonte di informazioni affidabile per la comunit\u00e0 del blackjack e dei giochi da casin\u00f2.  Il marketing di affiliazione \u00e8 davvero una situazione win-win-win:  BlackjackInfo beneficia di un flusso di entrate; gli inserzionisti ottengono nuovi clienti grazie alla loro esposizione qui; e voi, i visitatori, ottenete il beneficio di uno sviluppo continuo di informazioni e risorse gratuite.  \u00c8 un buon affare per tutti.<\/p>","protected":false},"excerpt":{"rendered":"<p>What is an Affiliate Ad? Many of the advertisements that you see on BlackjackInfo are based on an affiliate partnership we have with the product or brand being advertised.\u00a0 An affiliate ad is one where the publisher is compensated on a commission basis for any products or services that a visitor buys from the advertiser [&hellip;]<\/p>\n","protected":false},"author":2,"featured_media":0,"parent":0,"menu_order":0,"comment_status":"closed","ping_status":"closed","template":"","meta":{"_acf_changed":false,"footnotes":""},"tags":[],"class_list":["post-590","page","type-page","status-publish","hentry"],"acf":[],"yoast_head":"<!-- This site is optimized with the Yoast SEO plugin v26.6 - https:\/\/yoast.com\/wordpress\/plugins\/seo\/ -->\n<title>Affiliate Notice<\/title>\n<meta name=\"description\" content=\"What is an Affiliate Ad? Many of the advertisements that you see on BlackjackInfo are based on an affiliate partnership we have with the product or brand\" \/>\n<meta name=\"robots\" content=\"index, follow, max-snippet:-1, max-image-preview:large, max-video-preview:-1\" \/>\n<link rel=\"canonical\" href=\"https:\/\/www.blackjackinfo.com\/it\/avviso-di-affiliazione\/\" \/>\n<meta property=\"og:locale\" content=\"it_IT\" \/>\n<meta property=\"og:type\" content=\"article\" \/>\n<meta property=\"og:title\" content=\"Affiliate Notice\" \/>\n<meta property=\"og:description\" content=\"What is an Affiliate Ad? Many of the advertisements that you see on BlackjackInfo are based on an affiliate partnership we have with the product or brand\" \/>\n<meta property=\"og:url\" content=\"https:\/\/www.blackjackinfo.com\/it\/avviso-di-affiliazione\/\" \/>\n<meta property=\"og:site_name\" content=\"BlackjackInfo.com\" \/>\n<meta property=\"article:modified_time\" content=\"2018-06-22T07:26:16+00:00\" \/>\n<meta name=\"twitter:label1\" content=\"Tempo di lettura stimato\" \/>\n\t<meta name=\"twitter:data1\" content=\"2 minuti\" \/>\n<script type=\"application\/ld+json\" class=\"yoast-schema-graph\">{\"@context\":\"https:\/\/schema.org\",\"@graph\":[{\"@type\":\"WebPage\",\"@id\":\"https:\/\/www.blackjackinfo.com\/affiliate-notice\/\",\"url\":\"https:\/\/www.blackjackinfo.com\/affiliate-notice\/\",\"name\":\"Affiliate Notice\",\"isPartOf\":{\"@id\":\"https:\/\/www.blackjackinfo.com\/#website\"},\"datePublished\":\"2014-10-08T18:54:13+00:00\",\"dateModified\":\"2018-06-22T07:26:16+00:00\",\"description\":\"What is an Affiliate Ad? Many of the advertisements that you see on BlackjackInfo are based on an affiliate partnership we have with the product or brand\",\"breadcrumb\":{\"@id\":\"https:\/\/www.blackjackinfo.com\/affiliate-notice\/#breadcrumb\"},\"inLanguage\":\"it-IT\",\"potentialAction\":[{\"@type\":\"ReadAction\",\"target\":[\"https:\/\/www.blackjackinfo.com\/affiliate-notice\/\"]}]},{\"@type\":\"BreadcrumbList\",\"@id\":\"https:\/\/www.blackjackinfo.com\/affiliate-notice\/#breadcrumb\",\"itemListElement\":[{\"@type\":\"ListItem\",\"position\":1,\"name\":\"Home\",\"item\":\"https:\/\/www.blackjackinfo.com\/\"},{\"@type\":\"ListItem\",\"position\":2,\"name\":\"Affiliate Notice\"}]},{\"@type\":\"WebSite\",\"@id\":\"https:\/\/www.blackjackinfo.com\/#website\",\"url\":\"https:\/\/www.blackjackinfo.com\/\",\"name\":\"BlackjackInfo.com\",\"description\":\"Because Winning is More Fun!\",\"potentialAction\":[{\"@type\":\"SearchAction\",\"target\":{\"@type\":\"EntryPoint\",\"urlTemplate\":\"https:\/\/www.blackjackinfo.com\/?s={search_term_string}\"},\"query-input\":{\"@type\":\"PropertyValueSpecification\",\"valueRequired\":true,\"valueName\":\"search_term_string\"}}],\"inLanguage\":\"it-IT\"}]}<\/script>\n<!-- \/ Yoast SEO plugin. -->","yoast_head_json":{"title":"Avviso agli affiliati","description":"Che cos'\u00e8 un annuncio di affiliazione? Molti degli annunci pubblicitari che vedete su BlackjackInfo sono basati su una partnership di affiliazione che abbiamo con il prodotto o il marchio","robots":{"index":"index","follow":"follow","max-snippet":"max-snippet:-1","max-image-preview":"max-image-preview:large","max-video-preview":"max-video-preview:-1"},"canonical":"https:\/\/www.blackjackinfo.com\/it\/avviso-di-affiliazione\/","og_locale":"it_IT","og_type":"article","og_title":"Affiliate Notice","og_description":"What is an Affiliate Ad? Many of the advertisements that you see on BlackjackInfo are based on an affiliate partnership we have with the product or brand","og_url":"https:\/\/www.blackjackinfo.com\/it\/avviso-di-affiliazione\/","og_site_name":"BlackjackInfo.com","article_modified_time":"2018-06-22T07:26:16+00:00","twitter_misc":{"Tempo di lettura stimato":"2 minuti"},"schema":{"@context":"https:\/\/schema.org","@graph":[{"@type":"WebPage","@id":"https:\/\/www.blackjackinfo.com\/affiliate-notice\/","url":"https:\/\/www.blackjackinfo.com\/affiliate-notice\/","name":"Avviso agli affiliati","isPartOf":{"@id":"https:\/\/www.blackjackinfo.com\/#website"},"datePublished":"2014-10-08T18:54:13+00:00","dateModified":"2018-06-22T07:26:16+00:00","description":"Che cos'\u00e8 un annuncio di affiliazione? Molti degli annunci pubblicitari che vedete su BlackjackInfo sono basati su una partnership di affiliazione che abbiamo con il prodotto o il marchio","breadcrumb":{"@id":"https:\/\/www.blackjackinfo.com\/affiliate-notice\/#breadcrumb"},"inLanguage":"it-IT","potentialAction":[{"@type":"ReadAction","target":["https:\/\/www.blackjackinfo.com\/affiliate-notice\/"]}]},{"@type":"BreadcrumbList","@id":"https:\/\/www.blackjackinfo.com\/affiliate-notice\/#breadcrumb","itemListElement":[{"@type":"ListItem","position":1,"name":"Home","item":"https:\/\/www.blackjackinfo.com\/"},{"@type":"ListItem","position":2,"name":"Affiliate Notice"}]},{"@type":"WebSite","@id":"https:\/\/www.blackjackinfo.com\/#website","url":"https:\/\/www.blackjackinfo.com\/","name":"BlackjackInfo.com","description":"Perch\u00e9 vincere \u00e8 pi\u00f9 divertente!","potentialAction":[{"@type":"SearchAction","target":{"@type":"EntryPoint","urlTemplate":"https:\/\/www.blackjackinfo.com\/?s={search_term_string}"},"query-input":{"@type":"PropertyValueSpecification","valueRequired":true,"valueName":"search_term_string"}}],"inLanguage":"it-IT"}]}},"_links":{"self":[{"href":"https:\/\/www.blackjackinfo.com\/it\/wp-json\/wp\/v2\/pages\/590","targetHints":{"allow":["GET"]}}],"collection":[{"href":"https:\/\/www.blackjackinfo.com\/it\/wp-json\/wp\/v2\/pages"}],"about":[{"href":"https:\/\/www.blackjackinfo.com\/it\/wp-json\/wp\/v2\/types\/page"}],"author":[{"embeddable":true,"href":"https:\/\/www.blackjackinfo.com\/it\/wp-json\/wp\/v2\/users\/2"}],"replies":[{"embeddable":true,"href":"https:\/\/www.blackjackinfo.com\/it\/wp-json\/wp\/v2\/comments?post=590"}],"version-history":[{"count":4,"href":"https:\/\/www.blackjackinfo.com\/it\/wp-json\/wp\/v2\/pages\/590\/revisions"}],"predecessor-version":[{"id":594,"href":"https:\/\/www.blackjackinfo.com\/it\/wp-json\/wp\/v2\/pages\/590\/revisions\/594"}],"wp:attachment":[{"href":"https:\/\/www.blackjackinfo.com\/it\/wp-json\/wp\/v2\/media?parent=590"}],"wp:term":[{"taxonomy":"post_tag","embeddable":true,"href":"https:\/\/www.blackjackinfo.com\/it\/wp-json\/wp\/v2\/tags?post=590"}],"curies":[{"name":"wp","href":"https:\/\/api.w.org\/{rel}","templated":true}]}}