{"id":5916,"date":"2023-01-22T17:58:52","date_gmt":"2023-01-22T23:58:52","guid":{"rendered":"http:\/\/www.blackjackinfo.com\/?page_id=5916"},"modified":"2023-01-22T17:58:52","modified_gmt":"2023-01-22T23:58:52","slug":"il-blackjack-online-e-legale-in-svezia","status":"publish","type":"page","link":"https:\/\/www.blackjackinfo.com\/it\/is-online-blackjack-legal-in-sweden\/","title":{"rendered":"Il blackjack online \u00e8 legale in Svezia?"},"content":{"rendered":"<p>Il blackjack online \u00e8 interamente legale e regolamentato in Svezia. La legge sul gioco d'azzardo del 2018 ha fornito il quadro giuridico per il gioco d'azzardo commerciale online e terrestre, oltre a lotterie, bingo, scommesse sportive e altre forme di scommessa. Il mercato del Paese \u00e8 cresciuto fino a 26 miliardi di corone svedesi nel 2021, con oltre 56% di tutti gli svedesi che hanno dichiarato di aver giocato almeno una volta nell'ultimo anno.<\/p>\n<p>Le leggi svedesi sul gioco d'azzardo sono ritenute piuttosto severe, anche pi\u00f9 di quelle di altri Paesi scandinavi. Le autorit\u00e0 di regolamentazione giustificano la legge sottolineando la sicurezza dei giocatori e la prevenzione della dipendenza dal gioco d'azzardo.<\/p>\n<h2>I migliori siti di blackjack online per la Svezia<\/h2>\n\n<div class=\"row\">\n\t\t<div class=\"col-md-12\">\n\t\t\t<div class=\"table-responsive-lg\">\n\t\t\t\t<table cellspacing=\"0\" class=\"casino-table\">\n\t\t\t\t\t<thead>\n\t\t\t\t\t\t<tr class=\"text-secondary hidden-xs\" style=\"height: 54px;\">\n\t\t\t\t\t\t\t<th><span class=\"flag-icon flag-icon-\"><\/th>\n\t\t\t\t\t\t\t<th class=\"text-center\" scope=\"col\">CASINO<\/th>\n\t\t\t\t\t\t\t<th class=\"text-center\" scope=\"col\">VALUTAZIONE<\/th>\n                            <th scope=\"col\" class=\"text-center\">BONUS<\/th>\n                            <th scope=\"col\" class=\"text-center\">GIOCARE<\/th><\/tr>\n\t\t\t\t\t<\/thead>\n\t\t\t\t\t<tbody>\n                <tr>\n                    <td><span class=\"ranking-number\">1<\/span><\/td>\n                    <td class=\"casino-logo\"><a rel=\"nofollow\" target=\"_blank\" href=\"https:\/\/www.blackjackinfo.com\/it\/goto\/bovada-homepage\/\"><img decoding=\"async\" class=\"mx-auto\" src=\"https:\/\/www.blackjackinfo.com\/files\/bovada.png\" data-no-auto-translation=\"\"><\/a>\n                    <span class=\"casino-name\"><a href=\"https:\/\/www.blackjackinfo.com\/it\/casino\/bovada\/\">Bovada<\/a><\/span>\n                    <\/td>\n                    <td class=\"star-rating\">\n                    <i class=\"fa fa-star\" aria-hidden=\"true\"><\/i><i class=\"fa fa-star\" aria-hidden=\"true\"><\/i><i class=\"fa fa-star\" aria-hidden=\"true\"><\/i><i class=\"fa fa-star\" aria-hidden=\"true\"><\/i><i class=\"fa fa-star-half-o\" aria-hidden=\"true\"><\/i><\/td>\n                    <td class=\"bonus-details\">\n                        <div class=\"bonus-text\">100% fino a $1.000<\/div> <span class=\"bonus-text-type\">Bonus di iscrizione<\/span><\/td>\n                    <td class=\"play text-center\">\n                        <a rel=\"nofollow\" target=\"_blank\" class=\"btn btn-lg btn-success\" href=\"https:\/\/www.blackjackinfo.com\/it\/goto\/bovada-homepage\/\">Gioca ora<\/a>\n                        \n\t\t\t\t\t\t\t\t\t\t\t\t\t\t\t\t\t\t\t\t<\/td>\n\t\t\t\t\t\t\t\t\t\t\t\t\t\t\t\t\t\t\t<\/tr>\n                <tr>\n                    <td><span class=\"ranking-number\">2<\/span><\/td>\n                    <td class=\"casino-logo\"><a rel=\"nofollow\" target=\"_blank\" href=\"https:\/\/www.blackjackinfo.com\/it\/goto\/ignition-casino-live-dealer\/\"><img decoding=\"async\" class=\"mx-auto\" src=\"https:\/\/www.blackjackinfo.com\/files\/ignition-casino-logo.png\" data-no-auto-translation=\"\"><\/a>\n                    <span class=\"casino-name\"><a href=\"https:\/\/www.blackjackinfo.com\/it\/casino\/ignition-casino\/\">Casin\u00f2 Ignition<\/a><\/span>\n                    <\/td>\n                    <td class=\"star-rating\">\n                    <i class=\"fa fa-star\" aria-hidden=\"true\"><\/i><i class=\"fa fa-star\" aria-hidden=\"true\"><\/i><i class=\"fa fa-star\" aria-hidden=\"true\"><\/i><i class=\"fa fa-star\" aria-hidden=\"true\"><\/i><i class=\"fa fa-star-half-o\" aria-hidden=\"true\"><\/i><\/td>\n                    <td class=\"bonus-details\">\n                        <div class=\"bonus-text\">100% fino a $1.000<\/div> <span class=\"bonus-text-type\">Bonus di iscrizione<\/span><\/td>\n                    <td class=\"play text-center\">\n                        <a rel=\"nofollow\" target=\"_blank\" class=\"btn btn-lg btn-success\" href=\"https:\/\/www.blackjackinfo.com\/it\/goto\/ignition-casino-live-dealer\/\">Gioca ora<\/a>\n                        \n\t\t\t\t\t\t\t\t\t\t\t\t\t\t\t\t\t\t\t\t<\/td>\n\t\t\t\t\t\t\t\t\t\t\t\t\t\t\t\t\t\t\t<\/tr>\n                <tr>\n                    <td><span class=\"ranking-number\">3<\/span><\/td>\n                    <td class=\"casino-logo\"><a rel=\"nofollow\" target=\"_blank\" href=\"https:\/\/www.blackjackinfo.com\/it\/goto\/vipslots-homepage\/\"><img decoding=\"async\" class=\"mx-auto\" src=\"https:\/\/www.blackjackinfo.com\/files\/VipSlots-500x250_dark.svg\" data-no-auto-translation=\"\"><\/a>\n                    <span class=\"casino-name\"><a href=\"https:\/\/www.blackjackinfo.com\/it\/casino\/vipslots-casino\/\">Casin\u00f2 VipSlots<\/a><\/span>\n                    <\/td>\n                    <td class=\"star-rating\">\n                    <i class=\"fa fa-star\" aria-hidden=\"true\"><\/i><i class=\"fa fa-star\" aria-hidden=\"true\"><\/i><i class=\"fa fa-star\" aria-hidden=\"true\"><\/i><i class=\"fa fa-star\" aria-hidden=\"true\"><\/i><i class=\"fa fa-star-half-o\" aria-hidden=\"true\"><\/i><\/td>\n                    <td class=\"bonus-details\">\n                        <div class=\"bonus-text\">100 SPIN GRATUITI su Vita segreta dei gatti<\/div> <span class=\"bonus-text-type\">Bonus senza deposito<\/span><\/td>\n                    <td class=\"play text-center\">\n                        <a rel=\"nofollow\" target=\"_blank\" class=\"btn btn-lg btn-success\" href=\"https:\/\/www.blackjackinfo.com\/it\/goto\/vipslots-homepage\/\">Gioca ora<\/a>\n                        \n\t\t\t\t\t\t\t\t\t\t\t\t\t\t\t\t\t\t\t\t<\/td>\n\t\t\t\t\t\t\t\t\t\t\t\t\t\t\t\t\t\t\t<\/tr>\n                <tr>\n                    <td><span class=\"ranking-number\">4<\/span><\/td>\n                    <td class=\"casino-logo\"><a rel=\"nofollow\" target=\"_blank\" href=\"https:\/\/www.blackjackinfo.com\/it\/goto\/vegas-casino-online-default\/\"><img decoding=\"async\" class=\"mx-auto\" src=\"https:\/\/www.blackjackinfo.com\/files\/vegas_casino_online.png\" data-no-auto-translation=\"\"><\/a>\n                    <span class=\"casino-name\"><a href=\"https:\/\/www.blackjackinfo.com\/it\/casino\/vegas-casino-online-2\/\">Casin\u00f2 Vegas online<\/a><\/span>\n                    <\/td>\n                    <td class=\"star-rating\">\n                    <i class=\"fa fa-star\" aria-hidden=\"true\"><\/i><i class=\"fa fa-star\" aria-hidden=\"true\"><\/i><i class=\"fa fa-star\" aria-hidden=\"true\"><\/i><i class=\"fa fa-star\" aria-hidden=\"true\"><\/i><i class=\"fa fa-star-half-o\" aria-hidden=\"true\"><\/i><\/td>\n                    <td class=\"bonus-details\">\n                        <div class=\"bonus-text\">300% fino a $3.000<\/div> <span class=\"bonus-text-type\">Bonus di iscrizione<\/span><\/td>\n                    <td class=\"play text-center\">\n                        <a rel=\"nofollow\" target=\"_blank\" class=\"btn btn-lg btn-success\" href=\"https:\/\/www.blackjackinfo.com\/it\/goto\/vegas-casino-online-default\/\">Gioca ora<\/a>\n                        \n\t\t\t\t\t\t\t\t\t\t\t\t\t\t\t\t\t\t\t\t<\/td>\n\t\t\t\t\t\t\t\t\t\t\t\t\t\t\t\t\t\t\t<\/tr>\n                <tr>\n                    <td><span class=\"ranking-number\">5<\/span><\/td>\n                    <td class=\"casino-logo\"><a rel=\"nofollow\" target=\"_blank\" href=\"https:\/\/www.blackjackinfo.com\/it\/goto\/cafe-casino\/\"><img decoding=\"async\" class=\"mx-auto\" src=\"https:\/\/www.blackjackinfo.com\/files\/cafe-casino-logo.svg\" data-no-auto-translation=\"\"><\/a>\n                    <span class=\"casino-name\"><a href=\"https:\/\/www.blackjackinfo.com\/it\/casino\/cafe-casino\/\">Caff\u00e8 Casin\u00f2<\/a><\/span>\n                    <\/td>\n                    <td class=\"star-rating\">\n                    <i class=\"fa fa-star\" aria-hidden=\"true\"><\/i><i class=\"fa fa-star\" aria-hidden=\"true\"><\/i><i class=\"fa fa-star\" aria-hidden=\"true\"><\/i><i class=\"fa fa-star\" aria-hidden=\"true\"><\/i><i class=\"fa fa-star-half-o\" aria-hidden=\"true\"><\/i><\/td>\n                    <td class=\"bonus-details\">\n                        <div class=\"bonus-text\">250% fino a $1.500<\/div> <span class=\"bonus-text-type\">Bonus di iscrizione<\/span><\/td>\n                    <td class=\"play text-center\">\n                        <a rel=\"nofollow\" target=\"_blank\" class=\"btn btn-lg btn-success\" href=\"https:\/\/www.blackjackinfo.com\/it\/goto\/cafe-casino\/\">Gioca ora<\/a>\n                        \n\t\t\t\t\t\t\t\t\t\t\t\t\t\t\t\t\t\t\t\t<\/td>\n\t\t\t\t\t\t\t\t\t\t\t\t\t\t\t\t\t\t\t<\/tr><\/tbody>\n\t\t<\/table>\n\t<\/div>\n<\/div>\n<\/div>\n\n<h2>Leggi sul gioco d'azzardo in Svezia<\/h2>\n<p>Fino al 2019, il mercato del gioco d'azzardo in Svezia era dominato da societ\u00e0 statali come la Svenska Spel, che di fatto deteneva il monopolio del gioco. Poi, il Riksdag ha votato per l'approvazione della nuova legge sul gioco d'azzardo. <a href=\"https:\/\/www.spelinspektionen.se\/globalassets\/dokument\/engelsk\/oversatt-spellagen\/english-spellagen-sfs-201_1138.pdf\">Legge sul gioco d'azzardo<\/a> nel maggio 2018, che \u00e8 entrato in vigore il 1\u00b0 gennaio 2019.<\/p>\n<p>La mossa ha portato non solo il blackjack online legale, ma anche tonnellate di altri giochi di casin\u00f2 online, scommesse sportive e tutte le altre forme di gioco d'azzardo sia nel regno delle scommesse online che in quello offline.<\/p>\n<p>Lotteriinspektionen, l'agenzia precedentemente incaricata della regolamentazione del mercato, \u00e8 stata ribattezzata Spelinspektionen per riflettere il nuovo mandato attribuito a tutti i settori del gioco d'azzardo. L'agenzia ha rilasciato licenze a oltre 100 casin\u00f2 online, dove \u00e8 possibile trovare il blackjack online in tutte le sue forme, sia RNG che con croupier dal vivo. Gli operatori autorizzati pagano un'imposta di 18% sui profitti del gioco d'azzardo, mentre il gioco d'azzardo per scopi non lucrativi \u00e8 esente da questa imposta.<\/p>\n<p>Recentemente il Parlamento svedese ha approvato una legge che introduce nel mercato nuove licenze per i fornitori di giochi d'azzardo online. Nel dicembre 2022, Spelinspektionen ha rilasciato informazioni sul regime di licenze B2B per i fornitori di giochi. L'avvio della procedura di richiesta \u00e8 previsto per il 1\u00b0 marzo 2023.<\/p>\n<p>Spelinspektionen rilascer\u00e0 fino a 70 licenze di fornitore di casin\u00f2 per eliminare il gioco d'azzardo e il software senza licenza e garantire una maggiore sicurezza e correttezza dei giochi. Possiamo aspettarci che i pi\u00f9 grandi nomi del settore, come Evolution e i suoi Live Blackjack, Infinite Blackjack e altri titoli di successo, siano tra i primi a ricevere il via libera dall'autorit\u00e0 di regolamentazione svedese.<\/p>\n<p>Infine, l'et\u00e0 legale per il gioco d'azzardo in Svezia \u00e8 di 18 anni, e gli operatori devono attenersi alle politiche di Know Your Customer e verificare l'et\u00e0 dei giocatori e altre informazioni personali.<\/p>\n<h2>Bonus del blackjack online in Svezia<\/h2>\n<p>I casin\u00f2 online in Svezia offrono promozioni bonus che i giocatori possono utilizzare per il blackjack online. Tuttavia, il regime dei bonus \u00e8 incredibilmente limitante. In particolare, il governo svedese ha approvato diverse restrizioni nel 2020, durante la pandemia globale, come il bonus massimo che gli operatori autorizzati possono offrire. Gli utenti possono aspettarsi di ricevere solo bonus fino a 100 corone svedesi. Erano consentite solo offerte di bonus una tantum per i nuovi giocatori, lasciando i giocatori abituali senza alcun incentivo.<\/p>\n<p>Nell'ambito della stessa serie di regole, \u00e8 stato introdotto anche un limite di deposito mensile di 5.000 corone svedesi. Inoltre, i giocatori devono stabilire dei limiti di tempo per quanto tempo intendono giocare ai giochi di casin\u00f2 online, compreso il blackjack online.<\/p>\n<p>Purtroppo, nonostante la forte opposizione degli operatori, queste restrizioni sono ancora in vigore. Un'ulteriore revisione dei termini dei bonus \u00e8 prevista durante la prossima stagione legislativa.<\/p>\n<h2>Casin\u00f2 online offshore in Svezia<\/h2>\n<p>Secondo la legislazione, tutti gli operatori di casin\u00f2 che hanno versioni di siti in Svezia, accettano pagamenti in corone svedesi o permettono agli svedesi di registrarsi online e giocare partecipano effettivamente al mercato del gioco d'azzardo del Paese e devono, quindi, ottenere una licenza da Spelinspektionen.<\/p>\n<p>I casin\u00f2 offshore non sono autorizzati a operare in Svezia e Spelinspektionen ha persino vietato alcuni di questi siti. Tuttavia, questo non significa che i siti siano stati chiusi, poich\u00e9 sono autorizzati in un altro Paese e le autorit\u00e0 di regolamentazione svedesi non hanno giurisdizione. Ci si aspetta invece che i siti rispettino la decisione di Spelinspektionen e si astengano dall'offrire servizi agli svedesi.<\/p>\n<p>La maggior parte di questi siti continua ad accettare i giocatori svedesi che continuano a giocarvi. Le ragioni sono molteplici: migliori offerte di bonus, una scelta pi\u00f9 ampia di giochi, tra cui il blackjack online, e la possibilit\u00e0 di utilizzare le criptovalute per finanziare le proprie avventure di gioco, cosa che \u00e8 off-limits quando si gioca su siti autorizzati dalle autorit\u00e0 locali.<\/p>\n<p>In definitiva, nessuna persona \u00e8 mai stata perseguita per aver giocato nei casin\u00f2 online offshore.<\/p>\n<h2>Il futuro del blackjack online in Svezia<\/h2>\n<p>Il blackjack online rimane uno dei giochi pi\u00f9 diffusi nei casin\u00f2 online svedesi e questo non dovrebbe cambiare nel prossimo futuro. Infatti, con l'intenzione del regolatore statale di rilasciare licenze per i fornitori di casin\u00f2 B2B nel 2023, possiamo dire con certezza che la scelta dei giochi di blackjack migliorer\u00e0 notevolmente.<\/p>\n<p>Evolution, Ezugi e altri fornitori di giochi con croupier dal vivo sicuramente approfitteranno dei nuovi regolamenti per entrare nel mercato, portando con s\u00e9 i loro giochi di blackjack.<\/p>\n<h2>Conclusione<\/h2>\n<p>Giocare al blackjack online nei casin\u00f2 online svedesi certificati \u00e8 perfettamente legale. Tuttavia, giocare in questi casin\u00f2 comporta limiti di deposito settimanali imposti dal governo, offerte di bonus una tantum del valore di sole 100 corone svedesi e limiti di tempo di gioco autoimposti. \u00c8 qui che entrano in gioco i casin\u00f2 online offshore. Anche se giocare sui siti offshore non \u00e8 tecnicamente legale, \u00e8 comunque un'opzione praticabile. I siti che accettano i giocatori svedesi sono autorizzati da giurisdizioni affidabili e offrono bonus migliori, un maggiore assortimento di giochi e molte altre caratteristiche che danno loro un leggero vantaggio rispetto ai concorrenti locali.<\/p>\n<h2>FAQ<\/h2>\n<h3>Il blackjack online \u00e8 legale in Svezia?<\/h3>\n<p>S\u00ec, i giochi di blackjack online sono legali in Svezia se si gioca su siti di casin\u00f2 regolamentati dallo Stato.<\/p>\n<h3>Qual \u00e8 l'et\u00e0 minima per giocare d'azzardo in Svezia?<\/h3>\n<p>L'et\u00e0 minima per giocare d'azzardo in Svezia \u00e8 di 18 anni. Questo requisito di et\u00e0 si applica a tutti i settori del gioco d'azzardo disponibili nel Paese.<\/p>\n<h3>Quali sono i limiti di gioco del blackjack?<\/h3>\n<p>Non esiste un limite di gioco specifico per i giochi di blackjack. Tuttavia, esiste un limite di deposito settimanale fissato a 5000 corone svedesi e un limite massimo di bonus di 100 corone svedesi.<\/p>\n<h3>Posso giocare al blackjack online nei casin\u00f2 offshore?<\/h3>\n<p>S\u00ec, \u00e8 possibile registrarsi nei casin\u00f2 offshore dalla Svezia e giocare a blackjack. Si noti che questi siti non sono regolamentati da Spelinspektionen e, in quanto tali, non devono rispettare le regole e le limitazioni locali.<\/p>","protected":false},"excerpt":{"rendered":"<p>Online blackjack is entirely legal and regulated in Sweden. The country\u2019s 2018 Gambling Act provided the legal framework for online and land-based commercial gambling, as well as lotteries, bingo, sports betting, and other forms of wagering. The country\u2019s market grew to SEK 26 billion in 2021, with over 56% of all Swedes reporting gambling at [&hellip;]<\/p>\n","protected":false},"author":4,"featured_media":0,"parent":0,"menu_order":0,"comment_status":"closed","ping_status":"closed","template":"","meta":{"_acf_changed":false,"footnotes":""},"tags":[],"class_list":["post-5916","page","type-page","status-publish","hentry"],"acf":[],"yoast_head":"<!-- This site is optimized with the Yoast SEO plugin v26.6 - https:\/\/yoast.com\/wordpress\/plugins\/seo\/ -->\n<title>Is Online Blackjack Legal in Sweden?<\/title>\n<meta name=\"description\" content=\"Online blackjack is entirely legal and regulated in Sweden. The country\u2019s 2018 Gambling Act provided the legal framework for online and land-based\" \/>\n<meta name=\"robots\" content=\"index, follow, max-snippet:-1, max-image-preview:large, max-video-preview:-1\" \/>\n<link rel=\"canonical\" href=\"https:\/\/www.blackjackinfo.com\/it\/il-blackjack-online-e-legale-in-svezia\/\" \/>\n<meta property=\"og:locale\" content=\"it_IT\" \/>\n<meta property=\"og:type\" content=\"article\" \/>\n<meta property=\"og:title\" content=\"Is Online Blackjack Legal in Sweden?\" \/>\n<meta property=\"og:description\" content=\"Online blackjack is entirely legal and regulated in Sweden. The country\u2019s 2018 Gambling Act provided the legal framework for online and land-based\" \/>\n<meta property=\"og:url\" content=\"https:\/\/www.blackjackinfo.com\/it\/il-blackjack-online-e-legale-in-svezia\/\" \/>\n<meta property=\"og:site_name\" content=\"BlackjackInfo.com\" \/>\n<meta name=\"twitter:label1\" content=\"Tempo di lettura stimato\" \/>\n\t<meta name=\"twitter:data1\" content=\"5 minuti\" \/>\n<script type=\"application\/ld+json\" class=\"yoast-schema-graph\">{\"@context\":\"https:\/\/schema.org\",\"@graph\":[{\"@type\":\"WebPage\",\"@id\":\"https:\/\/www.blackjackinfo.com\/is-online-blackjack-legal-in-sweden\/\",\"url\":\"https:\/\/www.blackjackinfo.com\/is-online-blackjack-legal-in-sweden\/\",\"name\":\"Is Online Blackjack Legal in Sweden?\",\"isPartOf\":{\"@id\":\"https:\/\/www.blackjackinfo.com\/#website\"},\"datePublished\":\"2023-01-22T23:58:52+00:00\",\"description\":\"Online blackjack is entirely legal and regulated in Sweden. The country\u2019s 2018 Gambling Act provided the legal framework for online and land-based\",\"breadcrumb\":{\"@id\":\"https:\/\/www.blackjackinfo.com\/is-online-blackjack-legal-in-sweden\/#breadcrumb\"},\"inLanguage\":\"it-IT\",\"potentialAction\":[{\"@type\":\"ReadAction\",\"target\":[\"https:\/\/www.blackjackinfo.com\/is-online-blackjack-legal-in-sweden\/\"]}]},{\"@type\":\"BreadcrumbList\",\"@id\":\"https:\/\/www.blackjackinfo.com\/is-online-blackjack-legal-in-sweden\/#breadcrumb\",\"itemListElement\":[{\"@type\":\"ListItem\",\"position\":1,\"name\":\"Home\",\"item\":\"https:\/\/www.blackjackinfo.com\/\"},{\"@type\":\"ListItem\",\"position\":2,\"name\":\"Is Online Blackjack Legal in Sweden?\"}]},{\"@type\":\"WebSite\",\"@id\":\"https:\/\/www.blackjackinfo.com\/#website\",\"url\":\"https:\/\/www.blackjackinfo.com\/\",\"name\":\"BlackjackInfo.com\",\"description\":\"Because Winning is More Fun!\",\"potentialAction\":[{\"@type\":\"SearchAction\",\"target\":{\"@type\":\"EntryPoint\",\"urlTemplate\":\"https:\/\/www.blackjackinfo.com\/?s={search_term_string}\"},\"query-input\":{\"@type\":\"PropertyValueSpecification\",\"valueRequired\":true,\"valueName\":\"search_term_string\"}}],\"inLanguage\":\"it-IT\"}]}<\/script>\n<!-- \/ Yoast SEO plugin. -->","yoast_head_json":{"title":"Il blackjack online \u00e8 legale in Svezia?","description":"Il blackjack online \u00e8 interamente legale e regolamentato in Svezia. La legge sul gioco d'azzardo del 2018 ha fornito il quadro giuridico per il blackjack online e terrestre.","robots":{"index":"index","follow":"follow","max-snippet":"max-snippet:-1","max-image-preview":"max-image-preview:large","max-video-preview":"max-video-preview:-1"},"canonical":"https:\/\/www.blackjackinfo.com\/it\/il-blackjack-online-e-legale-in-svezia\/","og_locale":"it_IT","og_type":"article","og_title":"Is Online Blackjack Legal in Sweden?","og_description":"Online blackjack is entirely legal and regulated in Sweden. The country\u2019s 2018 Gambling Act provided the legal framework for online and land-based","og_url":"https:\/\/www.blackjackinfo.com\/it\/il-blackjack-online-e-legale-in-svezia\/","og_site_name":"BlackjackInfo.com","twitter_misc":{"Tempo di lettura stimato":"5 minuti"},"schema":{"@context":"https:\/\/schema.org","@graph":[{"@type":"WebPage","@id":"https:\/\/www.blackjackinfo.com\/is-online-blackjack-legal-in-sweden\/","url":"https:\/\/www.blackjackinfo.com\/is-online-blackjack-legal-in-sweden\/","name":"Il blackjack online \u00e8 legale in Svezia?","isPartOf":{"@id":"https:\/\/www.blackjackinfo.com\/#website"},"datePublished":"2023-01-22T23:58:52+00:00","description":"Il blackjack online \u00e8 interamente legale e regolamentato in Svezia. La legge sul gioco d'azzardo del 2018 ha fornito il quadro giuridico per il blackjack online e terrestre.","breadcrumb":{"@id":"https:\/\/www.blackjackinfo.com\/is-online-blackjack-legal-in-sweden\/#breadcrumb"},"inLanguage":"it-IT","potentialAction":[{"@type":"ReadAction","target":["https:\/\/www.blackjackinfo.com\/is-online-blackjack-legal-in-sweden\/"]}]},{"@type":"BreadcrumbList","@id":"https:\/\/www.blackjackinfo.com\/is-online-blackjack-legal-in-sweden\/#breadcrumb","itemListElement":[{"@type":"ListItem","position":1,"name":"Home","item":"https:\/\/www.blackjackinfo.com\/"},{"@type":"ListItem","position":2,"name":"Is Online Blackjack Legal in Sweden?"}]},{"@type":"WebSite","@id":"https:\/\/www.blackjackinfo.com\/#website","url":"https:\/\/www.blackjackinfo.com\/","name":"BlackjackInfo.com","description":"Perch\u00e9 vincere \u00e8 pi\u00f9 divertente!","potentialAction":[{"@type":"SearchAction","target":{"@type":"EntryPoint","urlTemplate":"https:\/\/www.blackjackinfo.com\/?s={search_term_string}"},"query-input":{"@type":"PropertyValueSpecification","valueRequired":true,"valueName":"search_term_string"}}],"inLanguage":"it-IT"}]}},"_links":{"self":[{"href":"https:\/\/www.blackjackinfo.com\/it\/wp-json\/wp\/v2\/pages\/5916","targetHints":{"allow":["GET"]}}],"collection":[{"href":"https:\/\/www.blackjackinfo.com\/it\/wp-json\/wp\/v2\/pages"}],"about":[{"href":"https:\/\/www.blackjackinfo.com\/it\/wp-json\/wp\/v2\/types\/page"}],"author":[{"embeddable":true,"href":"https:\/\/www.blackjackinfo.com\/it\/wp-json\/wp\/v2\/users\/4"}],"replies":[{"embeddable":true,"href":"https:\/\/www.blackjackinfo.com\/it\/wp-json\/wp\/v2\/comments?post=5916"}],"version-history":[{"count":1,"href":"https:\/\/www.blackjackinfo.com\/it\/wp-json\/wp\/v2\/pages\/5916\/revisions"}],"predecessor-version":[{"id":5917,"href":"https:\/\/www.blackjackinfo.com\/it\/wp-json\/wp\/v2\/pages\/5916\/revisions\/5917"}],"wp:attachment":[{"href":"https:\/\/www.blackjackinfo.com\/it\/wp-json\/wp\/v2\/media?parent=5916"}],"wp:term":[{"taxonomy":"post_tag","embeddable":true,"href":"https:\/\/www.blackjackinfo.com\/it\/wp-json\/wp\/v2\/tags?post=5916"}],"curies":[{"name":"wp","href":"https:\/\/api.w.org\/{rel}","templated":true}]}}