{"id":5919,"date":"2023-01-22T18:01:39","date_gmt":"2023-01-23T00:01:39","guid":{"rendered":"http:\/\/www.blackjackinfo.com\/?page_id=5919"},"modified":"2023-01-22T18:01:39","modified_gmt":"2023-01-23T00:01:39","slug":"il-blackjack-online-e-legale-in-india","status":"publish","type":"page","link":"https:\/\/www.blackjackinfo.com\/it\/is-online-blackjack-legal-in-india\/","title":{"rendered":"Il blackjack online \u00e8 legale in India?"},"content":{"rendered":"<p>A differenza di altri Paesi, in India le norme sul gioco d'azzardo variano da Stato a Stato. Gli Stati indiani hanno il diritto di formulare le proprie leggi sul gioco d'azzardo e ci\u00f2 che \u00e8 legale in uno pu\u00f2 essere limitato in un altro. Per esempio, solo tre stati su 29 permettono il gioco d'azzardo (Goa, Sikkim e Daman), ed \u00e8 qui che si trovano tutti i casin\u00f2 tradizionali. D'altra parte, l'India consente il gioco d'azzardo online in tutto il Paese, ma non \u00e8 regolamentato nella maggior parte degli Stati.<\/p>\n<p>Questo significa che i giocatori indiani hanno molte opportunit\u00e0 di giocare a blackjack online e di persona? Questo articolo esaminer\u00e0 la legalit\u00e0 del blackjack online in India e le leggi indiane sul gioco d'azzardo in generale.<\/p>\n<h2>I migliori siti di blackjack online per l'India<\/h2>\n\n<div class=\"row\">\n\t\t<div class=\"col-md-12\">\n\t\t\t<div class=\"table-responsive-lg\">\n\t\t\t\t<table cellspacing=\"0\" class=\"casino-table\">\n\t\t\t\t\t<thead>\n\t\t\t\t\t\t<tr class=\"text-secondary hidden-xs\" style=\"height: 54px;\">\n\t\t\t\t\t\t\t<th><span class=\"flag-icon flag-icon-\"><\/th>\n\t\t\t\t\t\t\t<th class=\"text-center\" scope=\"col\">CASINO<\/th>\n\t\t\t\t\t\t\t<th class=\"text-center\" scope=\"col\">VALUTAZIONE<\/th>\n                            <th scope=\"col\" class=\"text-center\">BONUS<\/th>\n                            <th scope=\"col\" class=\"text-center\">GIOCARE<\/th><\/tr>\n\t\t\t\t\t<\/thead>\n\t\t\t\t\t<tbody>\n                <tr>\n                    <td><span class=\"ranking-number\">1<\/span><\/td>\n                    <td class=\"casino-logo\"><a rel=\"nofollow\" target=\"_blank\" href=\"https:\/\/www.blackjackinfo.com\/it\/goto\/bovada-homepage\/\"><img decoding=\"async\" class=\"mx-auto\" src=\"https:\/\/www.blackjackinfo.com\/files\/bovada.png\" data-no-auto-translation=\"\"><\/a>\n                    <span class=\"casino-name\"><a href=\"https:\/\/www.blackjackinfo.com\/it\/casino\/bovada\/\">Bovada<\/a><\/span>\n                    <\/td>\n                    <td class=\"star-rating\">\n                    <i class=\"fa fa-star\" aria-hidden=\"true\"><\/i><i class=\"fa fa-star\" aria-hidden=\"true\"><\/i><i class=\"fa fa-star\" aria-hidden=\"true\"><\/i><i class=\"fa fa-star\" aria-hidden=\"true\"><\/i><i class=\"fa fa-star-half-o\" aria-hidden=\"true\"><\/i><\/td>\n                    <td class=\"bonus-details\">\n                        <div class=\"bonus-text\">100% fino a $1.000<\/div> <span class=\"bonus-text-type\">Bonus di iscrizione<\/span><\/td>\n                    <td class=\"play text-center\">\n                        <a rel=\"nofollow\" target=\"_blank\" class=\"btn btn-lg btn-success\" href=\"https:\/\/www.blackjackinfo.com\/it\/goto\/bovada-homepage\/\">Gioca ora<\/a>\n                        \n\t\t\t\t\t\t\t\t\t\t\t\t\t\t\t\t\t\t\t\t<\/td>\n\t\t\t\t\t\t\t\t\t\t\t\t\t\t\t\t\t\t\t<\/tr>\n                <tr>\n                    <td><span class=\"ranking-number\">2<\/span><\/td>\n                    <td class=\"casino-logo\"><a rel=\"nofollow\" target=\"_blank\" href=\"https:\/\/www.blackjackinfo.com\/it\/goto\/ignition-casino-live-dealer\/\"><img decoding=\"async\" class=\"mx-auto\" src=\"https:\/\/www.blackjackinfo.com\/files\/ignition-casino-logo.png\" data-no-auto-translation=\"\"><\/a>\n                    <span class=\"casino-name\"><a href=\"https:\/\/www.blackjackinfo.com\/it\/casino\/ignition-casino\/\">Casin\u00f2 Ignition<\/a><\/span>\n                    <\/td>\n                    <td class=\"star-rating\">\n                    <i class=\"fa fa-star\" aria-hidden=\"true\"><\/i><i class=\"fa fa-star\" aria-hidden=\"true\"><\/i><i class=\"fa fa-star\" aria-hidden=\"true\"><\/i><i class=\"fa fa-star\" aria-hidden=\"true\"><\/i><i class=\"fa fa-star-half-o\" aria-hidden=\"true\"><\/i><\/td>\n                    <td class=\"bonus-details\">\n                        <div class=\"bonus-text\">100% fino a $1.000<\/div> <span class=\"bonus-text-type\">Bonus di iscrizione<\/span><\/td>\n                    <td class=\"play text-center\">\n                        <a rel=\"nofollow\" target=\"_blank\" class=\"btn btn-lg btn-success\" href=\"https:\/\/www.blackjackinfo.com\/it\/goto\/ignition-casino-live-dealer\/\">Gioca ora<\/a>\n                        \n\t\t\t\t\t\t\t\t\t\t\t\t\t\t\t\t\t\t\t\t<\/td>\n\t\t\t\t\t\t\t\t\t\t\t\t\t\t\t\t\t\t\t<\/tr>\n                <tr>\n                    <td><span class=\"ranking-number\">3<\/span><\/td>\n                    <td class=\"casino-logo\"><a rel=\"nofollow\" target=\"_blank\" href=\"https:\/\/www.blackjackinfo.com\/it\/goto\/vipslots-homepage\/\"><img decoding=\"async\" class=\"mx-auto\" src=\"https:\/\/www.blackjackinfo.com\/files\/VipSlots-500x250_dark.svg\" data-no-auto-translation=\"\"><\/a>\n                    <span class=\"casino-name\"><a href=\"https:\/\/www.blackjackinfo.com\/it\/casino\/vipslots-casino\/\">Casin\u00f2 VipSlots<\/a><\/span>\n                    <\/td>\n                    <td class=\"star-rating\">\n                    <i class=\"fa fa-star\" aria-hidden=\"true\"><\/i><i class=\"fa fa-star\" aria-hidden=\"true\"><\/i><i class=\"fa fa-star\" aria-hidden=\"true\"><\/i><i class=\"fa fa-star\" aria-hidden=\"true\"><\/i><i class=\"fa fa-star-half-o\" aria-hidden=\"true\"><\/i><\/td>\n                    <td class=\"bonus-details\">\n                        <div class=\"bonus-text\">100 SPIN GRATUITI su Vita segreta dei gatti<\/div> <span class=\"bonus-text-type\">Bonus senza deposito<\/span><\/td>\n                    <td class=\"play text-center\">\n                        <a rel=\"nofollow\" target=\"_blank\" class=\"btn btn-lg btn-success\" href=\"https:\/\/www.blackjackinfo.com\/it\/goto\/vipslots-homepage\/\">Gioca ora<\/a>\n                        \n\t\t\t\t\t\t\t\t\t\t\t\t\t\t\t\t\t\t\t\t<\/td>\n\t\t\t\t\t\t\t\t\t\t\t\t\t\t\t\t\t\t\t<\/tr>\n                <tr>\n                    <td><span class=\"ranking-number\">4<\/span><\/td>\n                    <td class=\"casino-logo\"><a rel=\"nofollow\" target=\"_blank\" href=\"https:\/\/www.blackjackinfo.com\/it\/goto\/vegas-casino-online-default\/\"><img decoding=\"async\" class=\"mx-auto\" src=\"https:\/\/www.blackjackinfo.com\/files\/vegas_casino_online.png\" data-no-auto-translation=\"\"><\/a>\n                    <span class=\"casino-name\"><a href=\"https:\/\/www.blackjackinfo.com\/it\/casino\/vegas-casino-online-2\/\">Casin\u00f2 Vegas online<\/a><\/span>\n                    <\/td>\n                    <td class=\"star-rating\">\n                    <i class=\"fa fa-star\" aria-hidden=\"true\"><\/i><i class=\"fa fa-star\" aria-hidden=\"true\"><\/i><i class=\"fa fa-star\" aria-hidden=\"true\"><\/i><i class=\"fa fa-star\" aria-hidden=\"true\"><\/i><i class=\"fa fa-star-half-o\" aria-hidden=\"true\"><\/i><\/td>\n                    <td class=\"bonus-details\">\n                        <div class=\"bonus-text\">300% fino a $3.000<\/div> <span class=\"bonus-text-type\">Bonus di iscrizione<\/span><\/td>\n                    <td class=\"play text-center\">\n                        <a rel=\"nofollow\" target=\"_blank\" class=\"btn btn-lg btn-success\" href=\"https:\/\/www.blackjackinfo.com\/it\/goto\/vegas-casino-online-default\/\">Gioca ora<\/a>\n                        \n\t\t\t\t\t\t\t\t\t\t\t\t\t\t\t\t\t\t\t\t<\/td>\n\t\t\t\t\t\t\t\t\t\t\t\t\t\t\t\t\t\t\t<\/tr>\n                <tr>\n                    <td><span class=\"ranking-number\">5<\/span><\/td>\n                    <td class=\"casino-logo\"><a rel=\"nofollow\" target=\"_blank\" href=\"https:\/\/www.blackjackinfo.com\/it\/goto\/cafe-casino\/\"><img decoding=\"async\" class=\"mx-auto\" src=\"https:\/\/www.blackjackinfo.com\/files\/cafe-casino-logo.svg\" data-no-auto-translation=\"\"><\/a>\n                    <span class=\"casino-name\"><a href=\"https:\/\/www.blackjackinfo.com\/it\/casino\/cafe-casino\/\">Caff\u00e8 Casin\u00f2<\/a><\/span>\n                    <\/td>\n                    <td class=\"star-rating\">\n                    <i class=\"fa fa-star\" aria-hidden=\"true\"><\/i><i class=\"fa fa-star\" aria-hidden=\"true\"><\/i><i class=\"fa fa-star\" aria-hidden=\"true\"><\/i><i class=\"fa fa-star\" aria-hidden=\"true\"><\/i><i class=\"fa fa-star-half-o\" aria-hidden=\"true\"><\/i><\/td>\n                    <td class=\"bonus-details\">\n                        <div class=\"bonus-text\">250% fino a $1.500<\/div> <span class=\"bonus-text-type\">Bonus di iscrizione<\/span><\/td>\n                    <td class=\"play text-center\">\n                        <a rel=\"nofollow\" target=\"_blank\" class=\"btn btn-lg btn-success\" href=\"https:\/\/www.blackjackinfo.com\/it\/goto\/cafe-casino\/\">Gioca ora<\/a>\n                        \n\t\t\t\t\t\t\t\t\t\t\t\t\t\t\t\t\t\t\t\t<\/td>\n\t\t\t\t\t\t\t\t\t\t\t\t\t\t\t\t\t\t\t<\/tr><\/tbody>\n\t\t<\/table>\n\t<\/div>\n<\/div>\n<\/div>\n\n<h2>Leggi sul gioco d'azzardo in India<\/h2>\n<p>L'India non \u00e8 una destinazione di gioco d'azzardo cos\u00ec importante come Macao o Las Vegas. Tuttavia, \u00e8 un dato di fatto che alcune forme di gioco d'azzardo sono state documentate per la prima volta in India e che anche molti dei nostri giochi preferiti sono nati l\u00ec. Anche i primi testi sanscriti, il Ramayana e il Mahabharata, contengono alcuni dei primi riferimenti al gioco d'azzardo.<\/p>\n<p>Nel corso dei secoli sono state favorite molte forme di gioco d'azzardo, tra cui le corse dei cavalli e il cricket, che i colonizzatori britannici portarono in India nel XVIII secolo. Una volta resisi conto che il gioco d'azzardo era fiorente in India, i britannici cercarono di controllarlo approvando la legge sul gioco d'azzardo. <a href=\"https:\/\/indiankanoon.org\/doc\/1824663\/\">Legge sul gioco d'azzardo pubblico nel 1867<\/a>. Questa legge federale sul gioco d'azzardo inizialmente si applicava solo a dieci Stati, ma ora copre tutti gli Stati che non hanno una propria legge sul gioco d'azzardo e i casin\u00f2.<\/p>\n<p>Questa legge mirava a impedire alle case da gioco illegali di operare e ai giocatori di visitarle. Gestire una casa da gioco pu\u00f2 comportare una multa di 200 rupie o fino a tre mesi di reclusione, mentre essere trovati in una di esse pu\u00f2 comportare una multa di 100 rupie o un mese di prigione.<\/p>\n<p>I giochi di abilit\u00e0 sono esclusi da questa legge, in quanto non sono considerati giochi d'azzardo. Pertanto, nel corso degli anni non \u00e8 stato chiaro quali giochi siano basati sull'abilit\u00e0 e quali sul caso.<\/p>\n<p>Per esempio, la Corte Suprema indiana ha stabilito che le corse dei cavalli sono un gioco di abilit\u00e0. C'era confusione anche riguardo alla lotteria, per cui lo Stato l'ha legalizzata approvando il Lotteries Regulation Act nel 1998. Anche il poker e il ramino sono legali in quanto giochi di abilit\u00e0. Purtroppo, le slot machine, la roulette, il baccarat, il blackjack e altri classici dei casin\u00f2 sono considerati giochi d'azzardo e quindi illegali nella maggior parte degli Stati in base a questa legge.<\/p>\n<p>Considerando che questa legge \u00e8 stata promulgata nel 1876, molto prima che il gioco d'azzardo su Internet fosse anche solo un concetto, non contiene alcun riferimento ad esso, e non \u00e8 chiaro se i siti di casin\u00f2 online debbano essere trattati come case da gioco secondo questa legge indiana sul gioco d'azzardo.<\/p>\n<h2>L'India ha legalizzato il gioco d'azzardo online?<\/h2>\n<p>Poich\u00e9 la suddetta legge sul gioco d'azzardo non \u00e8 mai stata modificata, essa esclude i casin\u00f2 online dal suo campo di applicazione in quanto non soddisfa i requisiti per una moderna regolamentazione del gioco d'azzardo. Una volta riconosciuta questa lacuna, il governo federale ha dato agli Stati la facolt\u00e0 di creare una propria legislazione. Se uno Stato non ha una legislazione sul gioco d'azzardo, si applica la legge sul gioco d'azzardo pubblico del 1867.<\/p>\n<p>Per questo motivo, ogni Stato indiano ha il diritto di consentire o vietare le attivit\u00e0 di gioco d'azzardo.  Sebbene alcuni Stati offrano siti web di gioco specifici per il poker e il ramino, non sono disponibili casin\u00f2 online veri e propri. Attualmente non esistono casin\u00f2 online indiani approvati dal governo federale.<\/p>\n<p>Il gioco d'azzardo \u00e8 considerato un male economico e sociale in India, motivo per cui alcuni Stati vietano i casin\u00f2 online. Ad esempio, il Maharashtra ha vietato il gioco d'azzardo online in base al Bombay Wire Act. Altri Stati hanno seguito l'esempio, tra cui Telangana, Gujarat, Odisha, Andhra Pradesh, Assam, Kerala, Tamil Nadu e altri ancora.<\/p>\n<p>Sikkim e Goa sono i due Stati con la legislazione pi\u00f9 avanzata in materia di gioco d'azzardo. Oltre a legalizzare l'industria del gioco d'azzardo, il Sikkim ha anche deciso di regolamentare la sua controparte online introducendo <a href=\"https:\/\/www.indiacode.nic.in\/bitstream\/123456789\/11161\/1\/the_sikkim_online_gaming-edited.pdf\">la legge sul gioco d'azzardo online (regolamentazione) del Sikkim nel 2008<\/a>. L'atto ha permesso la maggior parte dei giochi da casin\u00f2 di Classe III, incluso il blackjack. Nel 2020, lo Stato ha accettato le domande per tre casin\u00f2 online. Sebbene alcuni nomi importanti abbiano presentato domanda di licenza, come Betfair e William Hill, nessuno degli operatori ha lanciato un casin\u00f2 online da allora a causa della scarsa popolazione dello Stato.<\/p>\n<p>Ci\u00f2 significa che gli appassionati di blackjack in India hanno due possibilit\u00e0. Una \u00e8 quella di visitare un casin\u00f2 terrestre o galleggiante a Sikkim, Goa o Daman. L'altra \u00e8 visitare i siti di gioco d'azzardo offshore, considerati legali in alcuni stati, anche se rientrano nella zona grigia. Tuttavia, pi\u00f9 di 100 milioni di giocatori attivi indiani sono la prova della loro popolarit\u00e0. Inoltre, 41% di giocatori visitano quotidianamente le piattaforme di gioco d'azzardo, e 75% provengono dalle quattro citt\u00e0 principali: Delhi, Mumbai, Chennai e Bangalore. Il valore del mercato indiano dell'iGaming \u00e8 passato da 101 miliardi di rupie nel 2020 a 120 miliardi nel 2022, un balzo notevole.<\/p>\n<p>Anche se molte di queste piattaforme si affacciano sul mercato ogni mese, non tutte sono affidabili. Pertanto, \u00e8 essenziale trovarne una che impieghi tutte le pi\u00f9 recenti misure di sicurezza e firewall, che possieda una o due licenze e che abbia una buona reputazione. Oltre a vantare un ricco portafoglio di giochi con diversi titoli di blackjack, molte di esse offrono bonus interessanti, programmi VIP per i giocatori pi\u00f9 fedeli, sono ottimizzate per i dispositivi mobili e offrono prelievi rapidi.<\/p>\n<p>A meno che non si viva in uno degli Stati in cui il gioco d'azzardo online \u00e8 attivamente vietato, \u00e8 legale partecipare al gioco d'azzardo online in India. Inoltre, nessun giocatore indiano \u00e8 stato perseguito per aver giocato d'azzardo su siti offshore online.<\/p>\n<h2>Altre leggi relative al gioco d'azzardo online in India<\/h2>\n<p>Oltre alla legge sul gioco d'azzardo pubblico del 1867, altre due leggi federali riguardano parzialmente il gioco d'azzardo online. Nel 1999, il legislatore statale ha approvato una legge finanziaria - <a href=\"https:\/\/legislative.gov.in\/sites\/default\/files\/A1999-42_0.pdf\">la legge sulla gestione dei cambi (FEMA)<\/a>. Sebbene la legge sia incentrata sul commercio internazionale e sul cambio di valuta, una disposizione vieta di depositare fondi in una valuta diversa dalle rupie indiane in un conto di gioco online.<\/p>\n<p>Non sorprende quindi che molti casin\u00f2 offshore orientati ai giocatori indiani accettino solo pagamenti in rupie. Utilizzando un software di geolocalizzazione, possono determinare la posizione delle transazioni provenienti dall'India e limitarle alle rupie per rispettare la legge FEMA. Un altro modo per aggirare questa legge \u00e8 l'utilizzo di portafogli elettronici, come Skrill o Netteler, invece di carte di credito o di debito. Questo significa anche che i giocatori hanno un accesso limitato ai metodi bancari in India. In ogni caso, \u00e8 sempre bene ricordarlo prima di registrarsi e giocare su una piattaforma online internazionale.<\/p>\n<p>Un'altra legge che riguarda il gioco d'azzardo online \u00e8 la seguente <a href=\"https:\/\/www.indiacode.nic.in\/bitstream\/123456789\/13116\/1\/it_act_2000_updated.pdf\">la legge sulle tecnologie dell'informazione del 2000<\/a>. Questa legge \u00e8 piuttosto ampia e pu\u00f2 essere applicata a qualsiasi attivit\u00e0 online. Ci\u00f2 che \u00e8 importante per i giocatori \u00e8 che nessuna disposizione di questa legge specifica esplicitamente che il gioco d'azzardo online in India \u00e8 illegale. Tuttavia, il governo indiano pu\u00f2 bloccare qualsiasi sito web straniero in base a questa legge.<\/p>\n<h2>Conclusione<\/h2>\n<p>Il panorama legale dei casin\u00f2 online in India \u00e8 attualmente molto confuso. Non esiste una norma che vieti esplicitamente ai giocatori di iscriversi ai siti di gioco d'azzardo online, n\u00e9 una che permetta loro di operare legalmente nel Paese. Inoltre, queste regole si applicano a tutti i casin\u00f2 terrestri in India. Il governo federale non si preoccupa di bloccare gli indirizzi IP o i siti situati al di fuori dell'India perch\u00e9 non sono soggetti alla legge indiana. Finch\u00e9 le leggi attuali non saranno riscritte, i giocatori indiani hanno un motivo in pi\u00f9 per considerare legali le piattaforme di gioco d'azzardo online offshore.<\/p>\n<p>Molti casin\u00f2 offshore legali gestiti da operatori internazionali si rivolgono ai giocatori indiani. Oltre a offrire numerosi titoli di blackjack, alcuni accettano anche pagamenti in rupie. Tuttavia, assicuratevi di trovare una piattaforma affidabile.<\/p>\n<h2>FAQ<\/h2>\n<h3>I casin\u00f2 online e i giochi di casin\u00f2 come il blackjack sono legali in India?<\/h3>\n<p>La legge indiana non vieta i casin\u00f2 o i giochi online internazionali, a meno che non siano organizzati privatamente all'interno dei confini del Paese. I giocatori indiani possono depositare denaro sui siti di gioco d'azzardo, giocare ai loro giochi di blackjack preferiti e ritirare le vincite, purch\u00e9 i siti operino legalmente al di fuori del Paese. Tuttavia, devono essere consapevoli che alcuni Stati indiani vietano il gioco d'azzardo online o specifici giochi online. Pertanto, si raccomanda di familiarizzare con le leggi di ogni Stato prima di iniziare a giocare.<\/p>\n<h3>Come posso giocare a blackjack online con soldi veri in India?<\/h3>\n<p>Innanzitutto, \u00e8 necessario trovare un operatore affidabile e degno di fiducia che si rivolga ai giocatori indiani. Poi, dovete creare un conto, verificarlo e depositare dei fondi sul vostro conto. Infine, scegliete un titolo di blackjack che vi piace e siete pronti a partire.<\/p>\n<h3>\u00c8 sicuro giocare al blackjack online in India?<\/h3>\n<p>Senza dubbio volete essere sicuri di giocare al blackjack online in un ambiente sicuro. Pertanto, dovete scegliere un operatore con una licenza valida, che rispetti le leggi internazionali sul gioco d'azzardo e che garantisca un gioco trasparente e sicuro.<\/p>\n<h3>Qual \u00e8 l'et\u00e0 minima per giocare d'azzardo in India?<\/h3>\n<p>L'et\u00e0 legale per il gioco d'azzardo in India \u00e8 di 21 anni, mentre chiunque abbia pi\u00f9 di 18 anni pu\u00f2 giocare alla lotteria.<\/p>","protected":false},"excerpt":{"rendered":"<p>In contrast to some countries, gambling regulations in India vary by state. Indian states have the right to formulate their own gambling laws, and what\u2019s legal in one may be restricted in another. For instance, only three states out of 29 allow gambling (Goa, Sikkim, and Daman), and this is where you can find all [&hellip;]<\/p>\n","protected":false},"author":4,"featured_media":0,"parent":0,"menu_order":0,"comment_status":"closed","ping_status":"closed","template":"","meta":{"_acf_changed":false,"footnotes":""},"tags":[],"class_list":["post-5919","page","type-page","status-publish","hentry"],"acf":[],"yoast_head":"<!-- This site is optimized with the Yoast SEO plugin v26.6 - https:\/\/yoast.com\/wordpress\/plugins\/seo\/ -->\n<title>Is Online Blackjack Legal in India?<\/title>\n<meta name=\"description\" content=\"In contrast to some countries, gambling regulations in India vary by state. Indian states have the right to formulate their own gambling laws, and what\u2019s\" \/>\n<meta name=\"robots\" content=\"index, follow, max-snippet:-1, max-image-preview:large, max-video-preview:-1\" \/>\n<link rel=\"canonical\" href=\"https:\/\/www.blackjackinfo.com\/it\/il-blackjack-online-e-legale-in-india\/\" \/>\n<meta property=\"og:locale\" content=\"it_IT\" \/>\n<meta property=\"og:type\" content=\"article\" \/>\n<meta property=\"og:title\" content=\"Is Online Blackjack Legal in India?\" \/>\n<meta property=\"og:description\" content=\"In contrast to some countries, gambling regulations in India vary by state. Indian states have the right to formulate their own gambling laws, and what\u2019s\" \/>\n<meta property=\"og:url\" content=\"https:\/\/www.blackjackinfo.com\/it\/il-blackjack-online-e-legale-in-india\/\" \/>\n<meta property=\"og:site_name\" content=\"BlackjackInfo.com\" \/>\n<meta name=\"twitter:label1\" content=\"Tempo di lettura stimato\" \/>\n\t<meta name=\"twitter:data1\" content=\"7 minuti\" \/>\n<script type=\"application\/ld+json\" class=\"yoast-schema-graph\">{\"@context\":\"https:\/\/schema.org\",\"@graph\":[{\"@type\":\"WebPage\",\"@id\":\"https:\/\/www.blackjackinfo.com\/is-online-blackjack-legal-in-india\/\",\"url\":\"https:\/\/www.blackjackinfo.com\/is-online-blackjack-legal-in-india\/\",\"name\":\"Is Online Blackjack Legal in India?\",\"isPartOf\":{\"@id\":\"https:\/\/www.blackjackinfo.com\/#website\"},\"datePublished\":\"2023-01-23T00:01:39+00:00\",\"description\":\"In contrast to some countries, gambling regulations in India vary by state. Indian states have the right to formulate their own gambling laws, and what\u2019s\",\"breadcrumb\":{\"@id\":\"https:\/\/www.blackjackinfo.com\/is-online-blackjack-legal-in-india\/#breadcrumb\"},\"inLanguage\":\"it-IT\",\"potentialAction\":[{\"@type\":\"ReadAction\",\"target\":[\"https:\/\/www.blackjackinfo.com\/is-online-blackjack-legal-in-india\/\"]}]},{\"@type\":\"BreadcrumbList\",\"@id\":\"https:\/\/www.blackjackinfo.com\/is-online-blackjack-legal-in-india\/#breadcrumb\",\"itemListElement\":[{\"@type\":\"ListItem\",\"position\":1,\"name\":\"Home\",\"item\":\"https:\/\/www.blackjackinfo.com\/\"},{\"@type\":\"ListItem\",\"position\":2,\"name\":\"Is Online Blackjack Legal in India?\"}]},{\"@type\":\"WebSite\",\"@id\":\"https:\/\/www.blackjackinfo.com\/#website\",\"url\":\"https:\/\/www.blackjackinfo.com\/\",\"name\":\"BlackjackInfo.com\",\"description\":\"Because Winning is More Fun!\",\"potentialAction\":[{\"@type\":\"SearchAction\",\"target\":{\"@type\":\"EntryPoint\",\"urlTemplate\":\"https:\/\/www.blackjackinfo.com\/?s={search_term_string}\"},\"query-input\":{\"@type\":\"PropertyValueSpecification\",\"valueRequired\":true,\"valueName\":\"search_term_string\"}}],\"inLanguage\":\"it-IT\"}]}<\/script>\n<!-- \/ Yoast SEO plugin. -->","yoast_head_json":{"title":"Il blackjack online \u00e8 legale in India?","description":"A differenza di alcuni Paesi, in India le normative sul gioco d'azzardo variano a seconda dello Stato. Gli stati indiani hanno il diritto di formulare le proprie leggi sul gioco d'azzardo, e ci\u00f2 che \u00e8","robots":{"index":"index","follow":"follow","max-snippet":"max-snippet:-1","max-image-preview":"max-image-preview:large","max-video-preview":"max-video-preview:-1"},"canonical":"https:\/\/www.blackjackinfo.com\/it\/il-blackjack-online-e-legale-in-india\/","og_locale":"it_IT","og_type":"article","og_title":"Is Online Blackjack Legal in India?","og_description":"In contrast to some countries, gambling regulations in India vary by state. Indian states have the right to formulate their own gambling laws, and what\u2019s","og_url":"https:\/\/www.blackjackinfo.com\/it\/il-blackjack-online-e-legale-in-india\/","og_site_name":"BlackjackInfo.com","twitter_misc":{"Tempo di lettura stimato":"7 minuti"},"schema":{"@context":"https:\/\/schema.org","@graph":[{"@type":"WebPage","@id":"https:\/\/www.blackjackinfo.com\/is-online-blackjack-legal-in-india\/","url":"https:\/\/www.blackjackinfo.com\/is-online-blackjack-legal-in-india\/","name":"Il blackjack online \u00e8 legale in India?","isPartOf":{"@id":"https:\/\/www.blackjackinfo.com\/#website"},"datePublished":"2023-01-23T00:01:39+00:00","description":"A differenza di alcuni Paesi, in India le normative sul gioco d'azzardo variano a seconda dello Stato. Gli stati indiani hanno il diritto di formulare le proprie leggi sul gioco d'azzardo, e ci\u00f2 che \u00e8","breadcrumb":{"@id":"https:\/\/www.blackjackinfo.com\/is-online-blackjack-legal-in-india\/#breadcrumb"},"inLanguage":"it-IT","potentialAction":[{"@type":"ReadAction","target":["https:\/\/www.blackjackinfo.com\/is-online-blackjack-legal-in-india\/"]}]},{"@type":"BreadcrumbList","@id":"https:\/\/www.blackjackinfo.com\/is-online-blackjack-legal-in-india\/#breadcrumb","itemListElement":[{"@type":"ListItem","position":1,"name":"Home","item":"https:\/\/www.blackjackinfo.com\/"},{"@type":"ListItem","position":2,"name":"Is Online Blackjack Legal in India?"}]},{"@type":"WebSite","@id":"https:\/\/www.blackjackinfo.com\/#website","url":"https:\/\/www.blackjackinfo.com\/","name":"BlackjackInfo.com","description":"Perch\u00e9 vincere \u00e8 pi\u00f9 divertente!","potentialAction":[{"@type":"SearchAction","target":{"@type":"EntryPoint","urlTemplate":"https:\/\/www.blackjackinfo.com\/?s={search_term_string}"},"query-input":{"@type":"PropertyValueSpecification","valueRequired":true,"valueName":"search_term_string"}}],"inLanguage":"it-IT"}]}},"_links":{"self":[{"href":"https:\/\/www.blackjackinfo.com\/it\/wp-json\/wp\/v2\/pages\/5919","targetHints":{"allow":["GET"]}}],"collection":[{"href":"https:\/\/www.blackjackinfo.com\/it\/wp-json\/wp\/v2\/pages"}],"about":[{"href":"https:\/\/www.blackjackinfo.com\/it\/wp-json\/wp\/v2\/types\/page"}],"author":[{"embeddable":true,"href":"https:\/\/www.blackjackinfo.com\/it\/wp-json\/wp\/v2\/users\/4"}],"replies":[{"embeddable":true,"href":"https:\/\/www.blackjackinfo.com\/it\/wp-json\/wp\/v2\/comments?post=5919"}],"version-history":[{"count":1,"href":"https:\/\/www.blackjackinfo.com\/it\/wp-json\/wp\/v2\/pages\/5919\/revisions"}],"predecessor-version":[{"id":5920,"href":"https:\/\/www.blackjackinfo.com\/it\/wp-json\/wp\/v2\/pages\/5919\/revisions\/5920"}],"wp:attachment":[{"href":"https:\/\/www.blackjackinfo.com\/it\/wp-json\/wp\/v2\/media?parent=5919"}],"wp:term":[{"taxonomy":"post_tag","embeddable":true,"href":"https:\/\/www.blackjackinfo.com\/it\/wp-json\/wp\/v2\/tags?post=5919"}],"curies":[{"name":"wp","href":"https:\/\/api.w.org\/{rel}","templated":true}]}}