{"id":5961,"date":"2023-12-11T01:18:34","date_gmt":"2023-12-11T07:18:34","guid":{"rendered":"http:\/\/www.blackjackinfo.com\/?page_id=5961"},"modified":"2023-12-11T01:23:31","modified_gmt":"2023-12-11T07:23:31","slug":"blackjack-online-legale-in-delaware","status":"publish","type":"page","link":"https:\/\/www.blackjackinfo.com\/it\/us\/delaware-online-casinos\/legal-online-blackjack-in-delaware\/","title":{"rendered":"Blackjack online legale in Delaware"},"content":{"rendered":"<p>Nonostante le sue dimensioni, nel 2012 il Delaware ha fatto la storia diventando il primo Stato a legalizzare il gioco d'azzardo online. L'anno successivo, la Lotteria del Delaware e 888 Holdings hanno stretto una partnership con i tre principali casin\u00f2 dello stato per lanciare i rispettivi siti di gioco online. Al momento, queste sono le uniche piattaforme autorizzate a funzionare nello Stato.<\/p>\n<p>Questi siti non hanno una vasta collezione di giochi di blackjack, ma ci sono abbastanza opzioni per soddisfare qualsiasi fan di questo classico del casin\u00f2. Di seguito, esploreremo i migliori consigli e strategie per il blackjack e i migliori siti per divertirsi con questo gioco nel Delaware.<\/p>\n<h2>I migliori siti di blackjack online in Delaware<\/h2>\n\n<div class=\"row\">\n\t\t<div class=\"col-md-12\">\n\t\t\t<div class=\"table-responsive-lg\">\n\t\t\t\t<table cellspacing=\"0\" class=\"casino-table\">\n\t\t\t\t\t<thead>\n\t\t\t\t\t\t<tr class=\"text-secondary hidden-xs\" style=\"height: 54px;\">\n\t\t\t\t\t\t\t<th><span class=\"flag-icon flag-icon-\"><\/th>\n\t\t\t\t\t\t\t<th class=\"text-center\" scope=\"col\">CASINO<\/th>\n\t\t\t\t\t\t\t<th class=\"text-center\" scope=\"col\">VALUTAZIONE<\/th>\n                            <th scope=\"col\" class=\"text-center\">BONUS<\/th>\n                            <th scope=\"col\" class=\"text-center\">GIOCARE<\/th><\/tr>\n\t\t\t\t\t<\/thead>\n\t\t\t\t\t<tbody>\n                <tr>\n                    <td><span class=\"ranking-number\">1<\/span><\/td>\n                    <td class=\"casino-logo\"><a rel=\"nofollow\" target=\"_blank\" href=\"https:\/\/www.blackjackinfo.com\/it\/goto\/bovada-homepage\/\"><img decoding=\"async\" class=\"mx-auto\" src=\"https:\/\/www.blackjackinfo.com\/files\/bovada.png\" data-no-auto-translation=\"\"><\/a>\n                    <span class=\"casino-name\"><a href=\"https:\/\/www.blackjackinfo.com\/it\/casino\/bovada\/\">Bovada<\/a><\/span>\n                    <\/td>\n                    <td class=\"star-rating\">\n                    <i class=\"fa fa-star\" aria-hidden=\"true\"><\/i><i class=\"fa fa-star\" aria-hidden=\"true\"><\/i><i class=\"fa fa-star\" aria-hidden=\"true\"><\/i><i class=\"fa fa-star\" aria-hidden=\"true\"><\/i><i class=\"fa fa-star-half-o\" aria-hidden=\"true\"><\/i><\/td>\n                    <td class=\"bonus-details\">\n                        <div class=\"bonus-text\">100% fino a $1.000<\/div> <span class=\"bonus-text-type\">Bonus di iscrizione<\/span><\/td>\n                    <td class=\"play text-center\">\n                        <a rel=\"nofollow\" target=\"_blank\" class=\"btn btn-lg btn-success\" href=\"https:\/\/www.blackjackinfo.com\/it\/goto\/bovada-homepage\/\">Gioca ora<\/a>\n                        \n\t\t\t\t\t\t\t\t\t\t\t\t\t\t\t\t\t\t\t\t<\/td>\n\t\t\t\t\t\t\t\t\t\t\t\t\t\t\t\t\t\t\t<\/tr>\n                <tr>\n                    <td><span class=\"ranking-number\">2<\/span><\/td>\n                    <td class=\"casino-logo\"><a rel=\"nofollow\" target=\"_blank\" href=\"https:\/\/www.blackjackinfo.com\/it\/goto\/ignition-casino-live-dealer\/\"><img decoding=\"async\" class=\"mx-auto\" src=\"https:\/\/www.blackjackinfo.com\/files\/ignition-casino-logo.png\" data-no-auto-translation=\"\"><\/a>\n                    <span class=\"casino-name\"><a href=\"https:\/\/www.blackjackinfo.com\/it\/casino\/ignition-casino\/\">Casin\u00f2 Ignition<\/a><\/span>\n                    <\/td>\n                    <td class=\"star-rating\">\n                    <i class=\"fa fa-star\" aria-hidden=\"true\"><\/i><i class=\"fa fa-star\" aria-hidden=\"true\"><\/i><i class=\"fa fa-star\" aria-hidden=\"true\"><\/i><i class=\"fa fa-star\" aria-hidden=\"true\"><\/i><i class=\"fa fa-star-half-o\" aria-hidden=\"true\"><\/i><\/td>\n                    <td class=\"bonus-details\">\n                        <div class=\"bonus-text\">100% fino a $1.000<\/div> <span class=\"bonus-text-type\">Bonus di iscrizione<\/span><\/td>\n                    <td class=\"play text-center\">\n                        <a rel=\"nofollow\" target=\"_blank\" class=\"btn btn-lg btn-success\" href=\"https:\/\/www.blackjackinfo.com\/it\/goto\/ignition-casino-live-dealer\/\">Gioca ora<\/a>\n                        \n\t\t\t\t\t\t\t\t\t\t\t\t\t\t\t\t\t\t\t\t<\/td>\n\t\t\t\t\t\t\t\t\t\t\t\t\t\t\t\t\t\t\t<\/tr>\n                <tr>\n                    <td><span class=\"ranking-number\">3<\/span><\/td>\n                    <td class=\"casino-logo\"><a rel=\"nofollow\" target=\"_blank\" href=\"https:\/\/www.blackjackinfo.com\/it\/goto\/vipslots-homepage\/\"><img decoding=\"async\" class=\"mx-auto\" src=\"https:\/\/www.blackjackinfo.com\/files\/VipSlots-500x250_dark.svg\" data-no-auto-translation=\"\"><\/a>\n                    <span class=\"casino-name\"><a href=\"https:\/\/www.blackjackinfo.com\/it\/casino\/vipslots-casino\/\">Casin\u00f2 VipSlots<\/a><\/span>\n                    <\/td>\n                    <td class=\"star-rating\">\n                    <i class=\"fa fa-star\" aria-hidden=\"true\"><\/i><i class=\"fa fa-star\" aria-hidden=\"true\"><\/i><i class=\"fa fa-star\" aria-hidden=\"true\"><\/i><i class=\"fa fa-star\" aria-hidden=\"true\"><\/i><i class=\"fa fa-star-half-o\" aria-hidden=\"true\"><\/i><\/td>\n                    <td class=\"bonus-details\">\n                        <div class=\"bonus-text\">100 SPIN GRATUITI su Vita segreta dei gatti<\/div> <span class=\"bonus-text-type\">Bonus senza deposito<\/span><\/td>\n                    <td class=\"play text-center\">\n                        <a rel=\"nofollow\" target=\"_blank\" class=\"btn btn-lg btn-success\" href=\"https:\/\/www.blackjackinfo.com\/it\/goto\/vipslots-homepage\/\">Gioca ora<\/a>\n                        \n\t\t\t\t\t\t\t\t\t\t\t\t\t\t\t\t\t\t\t\t<\/td>\n\t\t\t\t\t\t\t\t\t\t\t\t\t\t\t\t\t\t\t<\/tr>\n                <tr>\n                    <td><span class=\"ranking-number\">4<\/span><\/td>\n                    <td class=\"casino-logo\"><a rel=\"nofollow\" target=\"_blank\" href=\"https:\/\/www.blackjackinfo.com\/it\/goto\/vegas-casino-online-default\/\"><img decoding=\"async\" class=\"mx-auto\" src=\"https:\/\/www.blackjackinfo.com\/files\/vegas_casino_online.png\" data-no-auto-translation=\"\"><\/a>\n                    <span class=\"casino-name\"><a href=\"https:\/\/www.blackjackinfo.com\/it\/casino\/vegas-casino-online-2\/\">Casin\u00f2 Vegas online<\/a><\/span>\n                    <\/td>\n                    <td class=\"star-rating\">\n                    <i class=\"fa fa-star\" aria-hidden=\"true\"><\/i><i class=\"fa fa-star\" aria-hidden=\"true\"><\/i><i class=\"fa fa-star\" aria-hidden=\"true\"><\/i><i class=\"fa fa-star\" aria-hidden=\"true\"><\/i><i class=\"fa fa-star-half-o\" aria-hidden=\"true\"><\/i><\/td>\n                    <td class=\"bonus-details\">\n                        <div class=\"bonus-text\">300% fino a $3.000<\/div> <span class=\"bonus-text-type\">Bonus di iscrizione<\/span><\/td>\n                    <td class=\"play text-center\">\n                        <a rel=\"nofollow\" target=\"_blank\" class=\"btn btn-lg btn-success\" href=\"https:\/\/www.blackjackinfo.com\/it\/goto\/vegas-casino-online-default\/\">Gioca ora<\/a>\n                        \n\t\t\t\t\t\t\t\t\t\t\t\t\t\t\t\t\t\t\t\t<\/td>\n\t\t\t\t\t\t\t\t\t\t\t\t\t\t\t\t\t\t\t<\/tr>\n                <tr>\n                    <td><span class=\"ranking-number\">5<\/span><\/td>\n                    <td class=\"casino-logo\"><a rel=\"nofollow\" target=\"_blank\" href=\"https:\/\/www.blackjackinfo.com\/it\/goto\/cafe-casino\/\"><img decoding=\"async\" class=\"mx-auto\" src=\"https:\/\/www.blackjackinfo.com\/files\/cafe-casino-logo.svg\" data-no-auto-translation=\"\"><\/a>\n                    <span class=\"casino-name\"><a href=\"https:\/\/www.blackjackinfo.com\/it\/casino\/cafe-casino\/\">Caff\u00e8 Casin\u00f2<\/a><\/span>\n                    <\/td>\n                    <td class=\"star-rating\">\n                    <i class=\"fa fa-star\" aria-hidden=\"true\"><\/i><i class=\"fa fa-star\" aria-hidden=\"true\"><\/i><i class=\"fa fa-star\" aria-hidden=\"true\"><\/i><i class=\"fa fa-star\" aria-hidden=\"true\"><\/i><i class=\"fa fa-star-half-o\" aria-hidden=\"true\"><\/i><\/td>\n                    <td class=\"bonus-details\">\n                        <div class=\"bonus-text\">250% fino a $1.500<\/div> <span class=\"bonus-text-type\">Bonus di iscrizione<\/span><\/td>\n                    <td class=\"play text-center\">\n                        <a rel=\"nofollow\" target=\"_blank\" class=\"btn btn-lg btn-success\" href=\"https:\/\/www.blackjackinfo.com\/it\/goto\/cafe-casino\/\">Gioca ora<\/a>\n                        \n\t\t\t\t\t\t\t\t\t\t\t\t\t\t\t\t\t\t\t\t<\/td>\n\t\t\t\t\t\t\t\t\t\t\t\t\t\t\t\t\t\t\t<\/tr><\/tbody>\n\t\t<\/table>\n\t<\/div>\n<\/div>\n<\/div>\n\n<h2>Dove posso giocare al blackjack online nel Delaware?<\/h2>\n<p>Come abbiamo gi\u00e0 detto, ci sono solo tre casin\u00f2 online legali nel Delaware, e tutti ospitano giochi di blackjack di qualit\u00e0. Questi siti sono gestiti da rispettabili casin\u00f2 tradizionali, quindi potete aspettarvi un servizio di qualit\u00e0 a tutto tondo. Ecco tutto quello che c'\u00e8 da sapere sulle piattaforme.<\/p>\n<h3>1.    Casin\u00f2 online Bally's Dover<\/h3>\n<p>Il casin\u00f2 online di Bally's Dover \u00e8 entrato in funzione nel 2013 come filiale virtuale del pi\u00f9 grande casin\u00f2 terrestre dello stato. La piattaforma presenta un semplice tema rosso e nero con oltre 90 slot e solo 8 giochi da tavolo. Sul sito \u00e8 possibile giocare a Blackjack classico con denaro reale, a condizione che si rientri nei confini dello stato e che si abbia almeno 21 anni.<\/p>\n<p>I nuovi giocatori del casin\u00f2 online Bally's Dover riceveranno un bonus senza deposito di $10 dopo aver creato un conto. Successivamente, potranno usufruire di un match bonus di 100% per i loro primi depositi compresi tra $20 e $100.<\/p>\n<h3>2.    Casin\u00f2 di Delaware Park<\/h3>\n<p>Delaware Park \u00e8 un'altra piattaforma di gioco d'azzardo online lanciata nel 2013 grazie alla partnership tra il casin\u00f2 terrestre di Wilmington e la lotteria dello Stato.<\/p>\n<p>Anche il sistema online del casin\u00f2 \u00e8 offerto da 888 Holdings, quindi presenta un design simile a quello di Bally's Dover e una libreria di giochi quasi identica. I giocatori possono scegliere tra le 107 slot e jackpot disponibili. Nel frattempo, gli amanti del blackjack devono accontentarsi del Classic Blackjack di Microgaming, che ha un RTP di 99,41% e un modello di vincita 3:2.<\/p>\n<p>Il pacchetto di benvenuto del Casin\u00f2 Delaware Park comprende 20 giri gratuiti e un bonus istantaneo di 100% fino a $100. Dopo la registrazione sono disponibili anche altre offerte, tra cui un bonus cashback del marted\u00ec di 10% e buoni di gioco gratuiti settimanali.<\/p>\n<h3>3.    Pista e casin\u00f2 di Harrington<\/h3>\n<p>Harrington Raceway &amp; Casino \u00e8 il terzo e ultimo sito di gioco online dello Stato e un altro prodotto della partnership tra 888 Holdings e la lotteria statale. Il casin\u00f2 dispone di un'applicazione mobile che pu\u00f2 essere scaricata su dispositivi Android e iOS. Ospita pi\u00f9 di 90 slot e una sola opzione di blackjack.<\/p>\n<p>Come gli altri casin\u00f2 di blackjack online in DE, non ci sono opzioni dal vivo e per giocare bisogna avere almeno 21 anni e risiedere nello stato. C'\u00e8 anche un bonus senza deposito di $10 e un bonus di corrispondenza di 100% fino a $100.<\/p>\n<h2>Come giocare a blackjack<\/h2>\n<p>La semplicit\u00e0 del blackjack online \u00e8 un fattore che contribuisce alla sua popolarit\u00e0 nel Primo Stato. \u00c8 possibile imparare a giocare e vincere in pochi minuti.<\/p>\n<p>Lo scopo del gioco \u00e8 avvicinarsi il pi\u00f9 possibile a 21 senza superarlo e avere una mano superiore a quella del banco. Se si ottiene una mano superiore a 21, si parla di bust e si perde. Se sia voi che il banco avete lo stesso numero, si parla di push e la vostra puntata viene restituita.<\/p>\n<p>All'inizio del gioco, riceverete due carte scoperte. Nel frattempo, il banco riceve una carta a faccia in gi\u00f9 e l'altra in su. Se le prime due carte non formano un blackjack istantaneo, dovrete fare una delle seguenti mosse:<\/p>\n<ul>\n<li><strong>Stand<\/strong>: In questo caso, si sceglie di non prendere una carta in pi\u00f9 o perch\u00e9 si \u00e8 sicuri che la propria mano sia migliore di quella del banco o perch\u00e9 si teme che una carta in pi\u00f9 possa mettere fuori gioco.<\/li>\n<li><strong>Colpire<\/strong>: Si richiede una carta in pi\u00f9 al banco o perch\u00e9 la mano attuale \u00e8 troppo bassa o perch\u00e9 si vuole semplicemente migliorare la propria posizione.<\/li>\n<li><strong>Raddoppio<\/strong>: Se vi sentite sicuri della vostra mano, questa mossa vi permette di raddoppiare la puntata prima che il banco riveli la seconda carta.<\/li>\n<li><strong>Dividere<\/strong>: \u00c8 possibile dividere le due carte in mani separate se hanno valori identici. Ciascuna mano va ora singolarmente contro il banco e il risultato di una non influisce sull'altra.<\/li>\n<li><strong>Arrendersi<\/strong>: Se si ritiene di non poter vincere dopo la distribuzione delle carte, si pu\u00f2 alzare bandiera bianca e perdere met\u00e0 della puntata.<\/li>\n<\/ul>\n<h2>Suggerimenti di base per il blackjack<\/h2>\n<p>Sebbene il caso sia l'ultimo a decidere l'esito dei round di blackjack, anche la vostra strategia gioca un ruolo importante. Fare determinate mosse in base alla propria mano o alla carta scoperta del croupier pu\u00f2 far pendere le probabilit\u00e0 a proprio favore.<\/p>\n<p>Ecco alcuni suggerimenti da tenere in considerazione quando si gioca su un sito di blackjack online del Delaware.<\/p>\n<ul>\n<li>Raddoppiate se la carta faccia del banco \u00e8 4-6 e avete un asso e un 4.<\/li>\n<li>Arrendetevi sempre quando avete un 16 e il banco ha un 9-A.<\/li>\n<li>Rimanere in piedi se la carta scoperta del banco \u00e8 7 e si ha una coppia di 9.<\/li>\n<li>Se avete una coppia di 8 o di assi, dividete sempre perch\u00e9 potete vincere pi\u00f9 soldi.<\/li>\n<li>Non puntate sulle scommesse assicurative.<\/li>\n<li>Evitate i tavoli di blackjack con un payout di 6:5, poich\u00e9 aumenta il margine della casa di 1,45%.<\/li>\n<li>Scegliete sempre i tavoli che pagano 3:2.<\/li>\n<\/ul>","protected":false},"excerpt":{"rendered":"<p>Despite its size, Delaware made history in 2012 by becoming the first state to legalize online gambling. The following year, the Delaware Lottery and 888 Holdings partnered with the three major casinos in the state to launch their respective online gambling sites. At the moment, those are the only platforms allowed to run in the [&hellip;]<\/p>\n","protected":false},"author":4,"featured_media":0,"parent":5570,"menu_order":0,"comment_status":"closed","ping_status":"closed","template":"","meta":{"_acf_changed":false,"footnotes":""},"tags":[],"class_list":["post-5961","page","type-page","status-publish","hentry"],"acf":[],"yoast_head":"<!-- This site is optimized with the Yoast SEO plugin v26.6 - https:\/\/yoast.com\/wordpress\/plugins\/seo\/ -->\n<title>Legal Online Blackjack in Delaware<\/title>\n<meta name=\"description\" content=\"Despite its size, Delaware made history in 2012 by becoming the first state to legalize online gambling. The following year, the Delaware Lottery and 888\" \/>\n<meta name=\"robots\" content=\"index, follow, max-snippet:-1, max-image-preview:large, max-video-preview:-1\" \/>\n<link rel=\"canonical\" href=\"https:\/\/www.blackjackinfo.com\/it\/noi\/casino-online-delaware\/blackjack-online-legale-in-delaware\/\" \/>\n<meta property=\"og:locale\" content=\"it_IT\" \/>\n<meta property=\"og:type\" content=\"article\" \/>\n<meta property=\"og:title\" content=\"Legal Online Blackjack in Delaware\" \/>\n<meta property=\"og:description\" content=\"Despite its size, Delaware made history in 2012 by becoming the first state to legalize online gambling. The following year, the Delaware Lottery and 888\" \/>\n<meta property=\"og:url\" content=\"https:\/\/www.blackjackinfo.com\/it\/noi\/casino-online-delaware\/blackjack-online-legale-in-delaware\/\" \/>\n<meta property=\"og:site_name\" content=\"BlackjackInfo.com\" \/>\n<meta property=\"article:modified_time\" content=\"2023-12-11T07:23:31+00:00\" \/>\n<meta name=\"twitter:label1\" content=\"Tempo di lettura stimato\" \/>\n\t<meta name=\"twitter:data1\" content=\"4 minuti\" \/>\n<script type=\"application\/ld+json\" class=\"yoast-schema-graph\">{\"@context\":\"https:\/\/schema.org\",\"@graph\":[{\"@type\":\"WebPage\",\"@id\":\"https:\/\/www.blackjackinfo.com\/us\/delaware-online-casinos\/legal-online-blackjack-in-delaware\/\",\"url\":\"https:\/\/www.blackjackinfo.com\/us\/delaware-online-casinos\/legal-online-blackjack-in-delaware\/\",\"name\":\"Legal Online Blackjack in Delaware\",\"isPartOf\":{\"@id\":\"https:\/\/www.blackjackinfo.com\/#website\"},\"datePublished\":\"2023-12-11T07:18:34+00:00\",\"dateModified\":\"2023-12-11T07:23:31+00:00\",\"description\":\"Despite its size, Delaware made history in 2012 by becoming the first state to legalize online gambling. The following year, the Delaware Lottery and 888\",\"breadcrumb\":{\"@id\":\"https:\/\/www.blackjackinfo.com\/us\/delaware-online-casinos\/legal-online-blackjack-in-delaware\/#breadcrumb\"},\"inLanguage\":\"it-IT\",\"potentialAction\":[{\"@type\":\"ReadAction\",\"target\":[\"https:\/\/www.blackjackinfo.com\/us\/delaware-online-casinos\/legal-online-blackjack-in-delaware\/\"]}]},{\"@type\":\"BreadcrumbList\",\"@id\":\"https:\/\/www.blackjackinfo.com\/us\/delaware-online-casinos\/legal-online-blackjack-in-delaware\/#breadcrumb\",\"itemListElement\":[{\"@type\":\"ListItem\",\"position\":1,\"name\":\"Home\",\"item\":\"https:\/\/www.blackjackinfo.com\/\"},{\"@type\":\"ListItem\",\"position\":2,\"name\":\"Online Casinos in the US\",\"item\":\"https:\/\/www.blackjackinfo.com\/us\/\"},{\"@type\":\"ListItem\",\"position\":3,\"name\":\"Delaware Online Casinos\",\"item\":\"https:\/\/www.blackjackinfo.com\/us\/delaware-online-casinos\/\"},{\"@type\":\"ListItem\",\"position\":4,\"name\":\"Legal Online Blackjack in Delaware\"}]},{\"@type\":\"WebSite\",\"@id\":\"https:\/\/www.blackjackinfo.com\/#website\",\"url\":\"https:\/\/www.blackjackinfo.com\/\",\"name\":\"BlackjackInfo.com\",\"description\":\"Because Winning is More Fun!\",\"potentialAction\":[{\"@type\":\"SearchAction\",\"target\":{\"@type\":\"EntryPoint\",\"urlTemplate\":\"https:\/\/www.blackjackinfo.com\/?s={search_term_string}\"},\"query-input\":{\"@type\":\"PropertyValueSpecification\",\"valueRequired\":true,\"valueName\":\"search_term_string\"}}],\"inLanguage\":\"it-IT\"}]}<\/script>\n<!-- \/ Yoast SEO plugin. -->","yoast_head_json":{"title":"Blackjack online legale in Delaware","description":"Nonostante le sue dimensioni, nel 2012 il Delaware ha fatto la storia diventando il primo Stato a legalizzare il gioco d'azzardo online. L'anno successivo, la Lotteria del Delaware e l'888","robots":{"index":"index","follow":"follow","max-snippet":"max-snippet:-1","max-image-preview":"max-image-preview:large","max-video-preview":"max-video-preview:-1"},"canonical":"https:\/\/www.blackjackinfo.com\/it\/noi\/casino-online-delaware\/blackjack-online-legale-in-delaware\/","og_locale":"it_IT","og_type":"article","og_title":"Legal Online Blackjack in Delaware","og_description":"Despite its size, Delaware made history in 2012 by becoming the first state to legalize online gambling. The following year, the Delaware Lottery and 888","og_url":"https:\/\/www.blackjackinfo.com\/it\/noi\/casino-online-delaware\/blackjack-online-legale-in-delaware\/","og_site_name":"BlackjackInfo.com","article_modified_time":"2023-12-11T07:23:31+00:00","twitter_misc":{"Tempo di lettura stimato":"4 minuti"},"schema":{"@context":"https:\/\/schema.org","@graph":[{"@type":"WebPage","@id":"https:\/\/www.blackjackinfo.com\/us\/delaware-online-casinos\/legal-online-blackjack-in-delaware\/","url":"https:\/\/www.blackjackinfo.com\/us\/delaware-online-casinos\/legal-online-blackjack-in-delaware\/","name":"Blackjack online legale in Delaware","isPartOf":{"@id":"https:\/\/www.blackjackinfo.com\/#website"},"datePublished":"2023-12-11T07:18:34+00:00","dateModified":"2023-12-11T07:23:31+00:00","description":"Nonostante le sue dimensioni, nel 2012 il Delaware ha fatto la storia diventando il primo Stato a legalizzare il gioco d'azzardo online. L'anno successivo, la Lotteria del Delaware e l'888","breadcrumb":{"@id":"https:\/\/www.blackjackinfo.com\/us\/delaware-online-casinos\/legal-online-blackjack-in-delaware\/#breadcrumb"},"inLanguage":"it-IT","potentialAction":[{"@type":"ReadAction","target":["https:\/\/www.blackjackinfo.com\/us\/delaware-online-casinos\/legal-online-blackjack-in-delaware\/"]}]},{"@type":"BreadcrumbList","@id":"https:\/\/www.blackjackinfo.com\/us\/delaware-online-casinos\/legal-online-blackjack-in-delaware\/#breadcrumb","itemListElement":[{"@type":"ListItem","position":1,"name":"Home","item":"https:\/\/www.blackjackinfo.com\/"},{"@type":"ListItem","position":2,"name":"Online Casinos in the US","item":"https:\/\/www.blackjackinfo.com\/us\/"},{"@type":"ListItem","position":3,"name":"Delaware Online Casinos","item":"https:\/\/www.blackjackinfo.com\/us\/delaware-online-casinos\/"},{"@type":"ListItem","position":4,"name":"Legal Online Blackjack in Delaware"}]},{"@type":"WebSite","@id":"https:\/\/www.blackjackinfo.com\/#website","url":"https:\/\/www.blackjackinfo.com\/","name":"BlackjackInfo.com","description":"Perch\u00e9 vincere \u00e8 pi\u00f9 divertente!","potentialAction":[{"@type":"SearchAction","target":{"@type":"EntryPoint","urlTemplate":"https:\/\/www.blackjackinfo.com\/?s={search_term_string}"},"query-input":{"@type":"PropertyValueSpecification","valueRequired":true,"valueName":"search_term_string"}}],"inLanguage":"it-IT"}]}},"_links":{"self":[{"href":"https:\/\/www.blackjackinfo.com\/it\/wp-json\/wp\/v2\/pages\/5961","targetHints":{"allow":["GET"]}}],"collection":[{"href":"https:\/\/www.blackjackinfo.com\/it\/wp-json\/wp\/v2\/pages"}],"about":[{"href":"https:\/\/www.blackjackinfo.com\/it\/wp-json\/wp\/v2\/types\/page"}],"author":[{"embeddable":true,"href":"https:\/\/www.blackjackinfo.com\/it\/wp-json\/wp\/v2\/users\/4"}],"replies":[{"embeddable":true,"href":"https:\/\/www.blackjackinfo.com\/it\/wp-json\/wp\/v2\/comments?post=5961"}],"version-history":[{"count":3,"href":"https:\/\/www.blackjackinfo.com\/it\/wp-json\/wp\/v2\/pages\/5961\/revisions"}],"predecessor-version":[{"id":5964,"href":"https:\/\/www.blackjackinfo.com\/it\/wp-json\/wp\/v2\/pages\/5961\/revisions\/5964"}],"up":[{"embeddable":true,"href":"https:\/\/www.blackjackinfo.com\/it\/wp-json\/wp\/v2\/pages\/5570"}],"wp:attachment":[{"href":"https:\/\/www.blackjackinfo.com\/it\/wp-json\/wp\/v2\/media?parent=5961"}],"wp:term":[{"taxonomy":"post_tag","embeddable":true,"href":"https:\/\/www.blackjackinfo.com\/it\/wp-json\/wp\/v2\/tags?post=5961"}],"curies":[{"name":"wp","href":"https:\/\/api.w.org\/{rel}","templated":true}]}}