{"id":5966,"date":"2023-12-11T01:27:32","date_gmt":"2023-12-11T07:27:32","guid":{"rendered":"http:\/\/www.blackjackinfo.com\/?page_id=5966"},"modified":"2023-12-11T01:33:56","modified_gmt":"2023-12-11T07:33:56","slug":"blackjack-online-legale-in-michigan","status":"publish","type":"page","link":"https:\/\/www.blackjackinfo.com\/it\/us\/michigan-online-casinos\/legal-online-blackjack-in-michigan\/","title":{"rendered":"Blackjack online legale in Michigan"},"content":{"rendered":"<p>Anche se il gioco d'azzardo su Internet \u00e8 stato approvato alla fine del 2019 dal governatore Gretchen Whitmer, i regolatori statali hanno impiegato pi\u00f9 di un anno per mettere in moto le cose. Nel gennaio 2021 la legge \u00e8 entrata in vigore: i casin\u00f2 online del Michigan sono stati lanciati e da allora il blackjack \u00e8 diventato uno dei giochi preferiti dai fan.<\/p>\n<p>Attualmente, ci sono 15 operatori che permettono ai residenti di giocare a questo casin\u00f2 classico e ad altri giochi con denaro reale in questo stato.<\/p>\n<h2>Michigan, uno dei sei Stati con gioco d'azzardo online legale per il blackjack<\/h2>\n<table class=\"table-fill\">\n<tbody>\n<tr>\n<td><strong>Data di legalizzazione del blackjack online in Michigan<\/strong><\/td>\n<td>20 dicembre 2019<\/td>\n<\/tr>\n<tr>\n<td><strong>Lancio del primo casin\u00f2 online di blackjack<\/strong><\/td>\n<td>22 gennaio 2021<\/td>\n<\/tr>\n<tr>\n<td><strong>Numero di app di casin\u00f2 MI blackjack operative<\/strong><\/td>\n<td>15<\/td>\n<\/tr>\n<tr>\n<td><strong>La migliore variet\u00e0 di giochi di blackjack in Michigan<\/strong><\/td>\n<td>Casin\u00f2 DraftKings<\/td>\n<\/tr>\n<tr>\n<td><strong>Il miglior casin\u00f2 di blackjack con bonus di benvenuto in MI<\/strong><\/td>\n<td>Casin\u00f2 Caesars Palace<\/td>\n<\/tr>\n<tr>\n<td><strong>L'app del casin\u00f2 MI con il miglior design del sito<\/strong><\/td>\n<td>Casin\u00f2 FanDuel<\/td>\n<\/tr>\n<\/tbody>\n<\/table>\n<p>Dall'annullamento della PASPA nel 2018, oltre 30 Stati hanno legalizzato le scommesse sportive online. Tuttavia, a partire dal dicembre 2023, solo 6 di essi permetteranno il gioco d'azzardo nei casin\u00f2 online, e il Michigan \u00e8 stato il quinto a unirsi al club.<\/p>\n<p>Secondo la normativa, 3 casin\u00f2 di Detroit e 12 stabilimenti tribali sono autorizzati a collaborare con marchi di gioco d'azzardo online per offrire giochi di casin\u00f2 e scommesse sportive online. Il disegno di legge 4311 ha autorizzato il Michigan Gaming Control Board a rilasciare licenze per il gioco d'azzardo su Internet.<\/p>\n<p>Tenete presente che dovete avere almeno 21 anni per giocare al blackjack online legale o ad altri giochi da tavolo.<\/p>\n<h2>Elenco di tutti i casin\u00f2 online MI Blackjack<\/h2>\n<p>Come accennato, ci sono 15 casin\u00f2 online di blackjack disponibili in Michigan. Alcuni dei pesi massimi includono il Caesars Palace Casino, FanDuel, DraftKings, BetMGM e BetRivers.<\/p>\n<p>Di seguito troverete l'elenco completo degli operatori disponibili. \u00c8 possibile fare clic su uno qualsiasi di essi per saperne di pi\u00f9:<\/p>\n<ol>\n<li>Casin\u00f2 Caesars Palace<\/li>\n<li>Casin\u00f2 FanDuel<\/li>\n<li>Casin\u00f2 DraftKings<\/li>\n<li>Casin\u00f2 BetMGM<\/li>\n<li>Casin\u00f2 BetRivers<\/li>\n<li>Casin\u00f2 Golden Nugget<\/li>\n<li>Casin\u00f2 PointsBet<\/li>\n<li>Casin\u00f2 WynnBET<\/li>\n<li>Casin\u00f2 di Hollywood<\/li>\n<li>Casin\u00f2 SI<\/li>\n<li>Casin\u00f2 Stars<\/li>\n<li>Gioca al casin\u00f2 di Gun Lake<\/li>\n<li>Casin\u00f2 FireKeepers<\/li>\n<li>Casin\u00f2 Four Winds<\/li>\n<li>Casin\u00f2 Eagle<\/li>\n<\/ol>\n<p>Tutti i siti web sopra elencati sono legali e autorizzati dalle autorit\u00e0 di regolamentazione statali. \u00c8 importante ricordare che per giocare su questi siti \u00e8 necessario trovarsi all'interno dei confini dello Stato.<\/p>\n<h3>Casin\u00f2 Caesars Palace MI - Il miglior casin\u00f2 di blackjack in assoluto<\/h3>\n<p>Il Caesars Palace \u00e8 uno dei migliori casin\u00f2 online di blackjack del Michigan. Infatti, il braccio di gioco digitale di Caesars Entertainment offre 21 varianti del classico del casin\u00f2.<\/p>\n<p>Con questo operatore, i nuovi giocatori hanno a disposizione una vera e propria sorpresa: 100% di abbinamento al primo deposito fino a $2.500. Per quanto riguarda i giocatori abituali, troveranno promozioni come il programma Caesars Rewards. Questo programma di fidelizzazione a pi\u00f9 livelli vi permette di guadagnare 1 punto per ogni $25 scommesso sul vostro gioco di blackjack preferito. \u00c8 possibile riscattare questi premi online o presso qualsiasi struttura Caesars.<\/p>\n<p>Il gigante dei casin\u00f2 online consente una gamma flessibile di scommesse - da $1 fino a $1.000 - soddisfacendo cos\u00ec le esigenze dei neofiti e dei giocatori di medio livello.<\/p>\n<p>Troverete anche un'ampia gamma di metodi bancari, tra cui carte di credito\/debito e assegni elettronici, online banking e servizi di persona presso la gabbia del casin\u00f2. Il limite minimo di deposito \u00e8 fissato a $10 e si pu\u00f2 prelevare da $20 a $5.000.<\/p>\n<h3>FanDuel Casino MI - Il migliore per il Blackjack con croupier dal vivo<\/h3>\n<p>FanDuel Casino, noto per il suo aspetto attraente e il design accattivante, offre quasi due dozzine di giochi di blackjack online - in particolare, troverete alcune delle varianti pi\u00f9 popolari, tra cui First Person Blackjack, Live Infinite Blackjack e Multi-Hand Blackjack. Ora, i giochi di blackjack RNG sono piacevoli e tutto il resto, ma il blackjack con croupier dal vivo \u00e8 una caratteristica di spicco e uno dei motivi principali per cui i giocatori online del Michigan vogliono iscriversi a FanDuel.<\/p>\n<p>Inoltre, i nuovi giocatori possono ottenere fino a $1.000 di ritorno in fondi bonus se sono in perdita dopo il loro primo giorno. Riceveranno anche 50 giri bonus dopo aver effettuato il primo deposito.<\/p>\n<p>Questo casin\u00f2 online accetta numerose opzioni di deposito, tra cui carte di credito e di debito Visa e Mastercard, bonifici bancari, assegni elettronici e PayNearMe. \u00c8 inoltre possibile prelevare le vincite utilizzando diversi metodi, come l'online banking, gli assegni postali o gli assegni elettronici.<\/p>\n<h3>DraftKings Casino MI - La pi\u00f9 grande selezione di blackjack online<\/h3>\n<p>DraftKings presenta la linea di blackjack pi\u00f9 completa tra i casin\u00f2 online del Michigan. In collaborazione con il Bay Mills Resort Casino, vanta 33 varianti - pi\u00f9 di qualsiasi altro operatore nello stato. Inoltre, se vi iscrivete a questo sito di casin\u00f2, riceverete un bonus di benvenuto del valore di $285 o $100 in crediti dopo aver effettuato una puntata di $5.<\/p>\n<p>Questo casin\u00f2 offre oltre 15 tavoli di blackjack dal vivo. I giochi con croupier dal vivo combinano l'emozione di visitare un casin\u00f2 tradizionale con la comodit\u00e0 di giocare da casa propria utilizzando un dispositivo digitale. \u00c8 anche un'opzione ideale per i giocatori alle prime armi, che possono iniziare scommettendo solo $1 su Infinite Blackjack. Tuttavia, anche i giocatori di alto livello non si sentiranno esclusi: anche per loro c'\u00e8 in serbo un sacco di azione.<\/p>\n<p>Il casin\u00f2 DraftKings accetta tutte le principali carte di credito\/debito, PayPal, assegni elettronici, bonifici bancari e la gabbia del casin\u00f2 per i depositi. \u00c8 possibile prelevare le vincite utilizzando assegni personali, assegni elettronici, PayPal e il prelievo dalla gabbia del casin\u00f2.<\/p>\n<h3>BetMGM Casino MI - Il miglior casin\u00f2 di blackjack con programma fedelt\u00e0<\/h3>\n<p>Grazie alla versione online di questo casin\u00f2, non \u00e8 pi\u00f9 necessario guidare fino all'MGM Grand di Detroit solo per giocare qualche mano di blackjack. Con oltre due dozzine di varianti disponibili tramite l'app del casin\u00f2, non sarete mai a corto di opzioni. Dai giochi classici come il Blackjack Pro al Detroit Lions Blackjack a tema locale, BetMGM Casino MI offre varianti emozionanti per tutti i tipi di giocatori.<\/p>\n<p>I nuovi soci del Michigan possono ottenere fino a $1.025 di bonus di benvenuto al momento dell'iscrizione. Un'altra caratteristica di spicco \u00e8 il programma di fedelt\u00e0 iRewards a pi\u00f9 livelli. Ogni $25 scommessa sul vostro gioco di blackjack preferito vi far\u00e0 guadagnare 1 punto iRewards, che potrete riscattare in qualsiasi struttura MGM a livello nazionale.<\/p>\n<p>Questo sito di blackjack online di alto livello accetta tonnellate di opzioni di deposito e prelievo. Potrete finanziare il vostro conto utilizzando carte di credito Visa\/Mastercard, bonifici bancari online, assegni elettronici o portafogli digitali come Skrill o PayPal - tenete solo presente che l'importo minimo \u00e8 di $10.<\/p>\n<h3>BetRivers Casino MI - Il miglior casin\u00f2 di blackjack per i giocatori alle prime armi<\/h3>\n<p>Il casin\u00f2 BetRivers \u00e8 un'altra destinazione popolare per i giocatori di MI che vogliono giocare a blackjack online. Il prestigioso operatore di gioco vanta 28 titoli in questa categoria e alcune varianti possono essere giocate a partire da $0,10.<\/p>\n<p>Sebbene il casin\u00f2 online BetRivers sia popolare tra i giocatori di alto livello, si concentra in particolare sull'attrazione dei nuovi fan del blackjack MI. Dopo essersi iscritti a questo casin\u00f2, \u00e8 possibile ricevere fino a $500 di rimborso per le perdite subite nelle prime 24 ore. L'app del casin\u00f2 consente anche ai neofiti di giocare in modalit\u00e0 demo, in modo da poter provare le loro varianti preferite prima di piazzare scommesse con denaro reale.<\/p>\n<p>Il limite di deposito flessibile che va da $10 a $50.000 rende questo casin\u00f2 un'opzione popolare per tutti i tipi di appassionati di blackjack. Anche la gamma di metodi di deposito \u00e8 relativamente ampia: potrete finanziare il vostro conto utilizzando carte di credito\/debito, online banking e contanti presso la gabbia del casin\u00f2.<\/p>\n<h3>Golden Nugget Casino MI - Interfaccia facile da usare<\/h3>\n<p>Se desiderate giocare al blackjack 24 ore su 24, il Golden Nugget Casino dovrebbe essere sicuramente nel vostro radar. Anche se altri operatori del MI offrono opportunit\u00e0 di gioco non-stop, questo casin\u00f2 dichiara specificamente di essere \"aperto 24 ore\".<\/p>\n<p>Golden Nugget offre pi\u00f9 di 20 giochi di blackjack, in linea con gli altri casin\u00f2 MI. Tutte le versioni (tranne quelle dal vivo) possono essere giocate in modalit\u00e0 demo, in modo da poter testare i giochi prima di investire denaro reale.<\/p>\n<p>Questo casin\u00f2 offre ai nuovi clienti del Michigan un bonus di benvenuto del valore massimo di $1.000 + 200 giri bonus. I membri esistenti possono approfittare di promozioni come Play+ Cashback, in cui viene richiesto di effettuare un deposito per ricevere $10 in crediti del sito.<\/p>\n<p>Golden Nugget offre anche un discreto programma di premi. Tuttavia, a differenza di Caesars e BetMGM, che offrono 4 punti per ogni $100 scommesso sulle loro piattaforme, questa vi dar\u00e0 solo 1 punto per aver scommesso $100 sul blackjack. Inoltre, il suo bonus di benvenuto ha un requisito di deposito pi\u00f9 alto - $30.<\/p>\n<h3>Casin\u00f2 PointsBet MI<\/h3>\n<p>In quanto operatore pi\u00f9 piccolo del settore, PointsBet Casino offre meno varianti di blackjack rispetto a pesi massimi come FanDuel e DraftKings. La sua sezione Card &amp; Table presenta circa una mezza dozzina di titoli di blackjack. Inoltre, l'operatore australiano non offre un bonus di benvenuto degno di nota. Tuttavia, vi dar\u00e0 fino a $800 in giri bonus se avete perso $401 o pi\u00f9.<\/p>\n<p>A causa della mancanza di bonus interessanti o di un generoso programma fedelt\u00e0, vi consigliamo di prendere in considerazione marchi pi\u00f9 affidabili, come FanDuel e BetMGM.<\/p>\n<h3>Casin\u00f2 WynnBET MI<\/h3>\n<p>WynnBET Casino, la skin di gioco online di Wynn Resorts, \u00e8 un altro nome affidabile nell'industria dell'iGaming del Michigan. Il design del sito non \u00e8 appariscente come quello di altri casin\u00f2 online del Michigan (come FanDuel e DraftKings). Pertanto, \u00e8 l'opzione perfetta per coloro che sono alla ricerca di un sito web con un design semplice.<\/p>\n<p>Questo casin\u00f2 offre ai nuovi clienti un interessante bonus di benvenuto del valore di $1.000 e 35 varianti di blackjack tra cui scegliere. Tuttavia, non dispone di versioni demo - di conseguenza, non \u00e8 disponibile una modalit\u00e0 gratuita. Pertanto, questo sito di casin\u00f2 \u00e8 pi\u00f9 adatto ai giocatori di blackjack esperti che conoscono le regole del gioco.<\/p>\n<h3>Casin\u00f2 di Hollywood MI<\/h3>\n<p>Hollywood Casino \u00e8 stato lanciato nel novembre 2023, il che lo rende l'ultimo arrivato nel mercato del gioco d'azzardo online del Michigan. Questa filiale di PENN Entertainment offre 40 giochi da tavolo, tra cui alcune eccitanti varianti del blackjack.<\/p>\n<p>All'inizio di agosto, PENN ha annunciato di aver stretto un accordo con ESPN per lanciare ESPN Bet. L'accordo prevedeva anche una controparte online del Casin\u00f2 di Hollywood, accessibile solo tramite ESPN Bet Michigan.<\/p>\n<p>Hollywood Casino MI \u00e8 un rebrand del casin\u00f2 online Barstool, ormai in disuso. Dave Portnoy, che aveva venduto Barstool per circa $500 milioni, lo ha riacquistato per appena $1 in seguito all'accordo PENN-ESPN.<\/p>\n<h3>SI Casin\u00f2 MI<\/h3>\n<p>Sports Illustrated (o SI) \u00e8 entrato a far parte della scena dell'iGaming in Michigan nel febbraio 2023. Ha sostituito TwinSpires, che ha cessato le operazioni in questo stato nel settembre 2022.<\/p>\n<p>SI offre 13 titoli di blackjack e un'ampia gamma di scommesse sportive, il che lo rende un'opzione ideale per coloro che cercano un negozio unico. Al momento dell'iscrizione, riceverete un bonus di 100% del valore massimo di $1.000 e un bonus di $10 per le scommesse sportive.<\/p>\n<p>Dei tre Stati in cui l'operatore ha ottenuto la licenza, solo il Michigan consente il gioco d'azzardo online; di conseguenza, il suo marchio di casin\u00f2 \u00e8 disponibile solo nel Wolverine State.<\/p>\n<h3>Casin\u00f2 Stars MI<\/h3>\n<p>Stars Casino - noto anche come PokerStars Casino - offre 8 giochi di blackjack, un numero inferiore rispetto alla maggior parte degli altri operatori con licenza del Michigan. Tuttavia, presenta una versione esclusiva a tema PokerStars che non si trova altrove.<\/p>\n<p>Una volta iscritti al Casin\u00f2 Stars MI, potrete scegliere tra due bonus. Si pu\u00f2 optare per $100 in bonus di gioco o per un abbinamento al deposito di 100% fino a $600. Potete scegliere tra i due visitando la sezione I miei premi e caricando la pagina delle sfide.<\/p>\n<h3>Gioca a Gun Lake Casino MI<\/h3>\n<p>Play Gun Lake Casino \u00e8 un operatore online meno conosciuto del Michigan. Alimentato da Parx Interactive e dalla Trib\u00f9 di Gun Lake, questo sito di casin\u00f2 offre alcune varianti di blackjack, tra cui il Cashback Blackjack Live.<\/p>\n<p>Nonostante le sue dimensioni, questo casin\u00f2 mantiene gli standard del settore offrendo fino a $1.000 ai nuovi giocatori. L'importo perso sulla prima scommessa vi sar\u00e0 restituito in crediti del sito. Riceverete un rimborso pari all'importo perso entro le prime 24 ore dal piazzamento della scommessa.<\/p>\n<h3>Casin\u00f2 FireKeepers MI<\/h3>\n<p>FireKeepers Casino \u00e8 un altro piccolo giocatore sul mercato del gioco d'azzardo del Michigan. Il suo piccolo portafoglio di 30 giochi da tavolo include alcune varianti del blackjack. Tuttavia, su questo sito non sono disponibili versioni di blackjack con croupier dal vivo.<\/p>\n<p>Tuttavia, FireKeepers offre un bonus di benvenuto decente di 100% che vale fino a $500. La parte migliore \u00e8 che questo accordo viene fornito con un requisito di scommessa di 5x, che \u00e8 piuttosto equo.<\/p>\n<h3>Casin\u00f2 Four Winds MI<\/h3>\n<p>Con oltre una dozzina di titoli di blackjack, Four Winds Casino \u00e8 certamente un concorrente sulla scena dell'iGaming del Michigan. Il suo principale svantaggio, tuttavia, \u00e8 che offre un minuscolo bonus di benvenuto sui primi quattro depositi - fino a $200.<\/p>\n<p>Tuttavia, la sua sezione con croupier dal vivo ci ha sorpreso con alcune emozionanti opzioni di blackjack, tra cui il Lightning Blackjack e l'Infinite Blackjack. Tuttavia, c'\u00e8 ancora molto spazio per migliorare se si vuole competere con giganti nazionali come DraftKings e BetMGM.<\/p>\n<h3>Casin\u00f2 Eagle MI<\/h3>\n<p>Dal suo lancio nell'aprile del 2022, Eagle Casino (alias PlayEagle) si \u00e8 guadagnato una buona reputazione tra i casin\u00f2 di blackjack del Michigan.<\/p>\n<p>Su questo sito, troverete titoli come Poker &amp; Pairs Blackjack, Players Choice No Surrender e Classic Blackjack. La sezione dei croupier dal vivo comprende anche alcuni titoli di blackjack.<\/p>\n<p>L'operatore offre un generoso pacchetto di bonus di benvenuto del valore massimo di $1.000 + 50 giri gratuiti. I clienti abituali troveranno anche una serie di promozioni in corso. Grazie a tutto questo, Eagle Casino \u00e8 giustamente considerato una delle migliori opzioni tra i casin\u00f2 di blackjack di secondo livello del Michigan.<\/p>\n<h2>I migliori casin\u00f2 legali di blackjack online in Michigan classificati e recensiti<\/h2>\n<p>I giocatori di blackjack online del Michigan hanno 15 app di casin\u00f2 tra cui scegliere. Tuttavia, non tutte sono uguali, ed \u00e8 per questo che ci siamo presi la responsabilit\u00e0 di selezionare le migliori del gruppo.<\/p>\n<p>Caesars Palace, FanDuel, DraftKings, BetMGM e BetRivers sono i chiari vincitori. Queste cinque centrali del gioco d'azzardo dominano la quota di mercato e offrono la migliore esperienza di blackjack online legale ai fan del Michigan.<\/p>","protected":false},"excerpt":{"rendered":"<p>Even though internet gambling was approved in late 2019 by Gov. Gretchen Whitmer, the state regulators took more than a year to set things in motion. In January 2021, the bill went into effect \u2014 Michigan online casinos were launched, and blackjack has been a fan favorite ever since. Currently, there are 15 operators allowing [&hellip;]<\/p>\n","protected":false},"author":4,"featured_media":0,"parent":5658,"menu_order":0,"comment_status":"closed","ping_status":"closed","template":"","meta":{"_acf_changed":false,"footnotes":""},"tags":[],"class_list":["post-5966","page","type-page","status-publish","hentry"],"acf":[],"yoast_head":"<!-- This site is optimized with the Yoast SEO plugin v26.6 - https:\/\/yoast.com\/wordpress\/plugins\/seo\/ -->\n<title>Legal Online Blackjack in Michigan<\/title>\n<meta name=\"description\" content=\"Even though internet gambling was approved in late 2019 by Gov. Gretchen Whitmer, the state regulators took more than a year to set things in motion. In\" \/>\n<meta name=\"robots\" content=\"index, follow, max-snippet:-1, max-image-preview:large, max-video-preview:-1\" \/>\n<link rel=\"canonical\" href=\"https:\/\/www.blackjackinfo.com\/it\/noi\/casino-online-del-michigan\/blackjack-online-legale-in-michigan\/\" \/>\n<meta property=\"og:locale\" content=\"it_IT\" \/>\n<meta property=\"og:type\" content=\"article\" \/>\n<meta property=\"og:title\" content=\"Legal Online Blackjack in Michigan\" \/>\n<meta property=\"og:description\" content=\"Even though internet gambling was approved in late 2019 by Gov. Gretchen Whitmer, the state regulators took more than a year to set things in motion. In\" \/>\n<meta property=\"og:url\" content=\"https:\/\/www.blackjackinfo.com\/it\/noi\/casino-online-del-michigan\/blackjack-online-legale-in-michigan\/\" \/>\n<meta property=\"og:site_name\" content=\"BlackjackInfo.com\" \/>\n<meta property=\"article:modified_time\" content=\"2023-12-11T07:33:56+00:00\" \/>\n<meta name=\"twitter:label1\" content=\"Tempo di lettura stimato\" \/>\n\t<meta name=\"twitter:data1\" content=\"11 minuti\" \/>\n<script type=\"application\/ld+json\" class=\"yoast-schema-graph\">{\"@context\":\"https:\/\/schema.org\",\"@graph\":[{\"@type\":\"WebPage\",\"@id\":\"https:\/\/www.blackjackinfo.com\/us\/michigan-online-casinos\/legal-online-blackjack-in-michigan\/\",\"url\":\"https:\/\/www.blackjackinfo.com\/us\/michigan-online-casinos\/legal-online-blackjack-in-michigan\/\",\"name\":\"Legal Online Blackjack in Michigan\",\"isPartOf\":{\"@id\":\"https:\/\/www.blackjackinfo.com\/#website\"},\"datePublished\":\"2023-12-11T07:27:32+00:00\",\"dateModified\":\"2023-12-11T07:33:56+00:00\",\"description\":\"Even though internet gambling was approved in late 2019 by Gov. Gretchen Whitmer, the state regulators took more than a year to set things in motion. In\",\"breadcrumb\":{\"@id\":\"https:\/\/www.blackjackinfo.com\/us\/michigan-online-casinos\/legal-online-blackjack-in-michigan\/#breadcrumb\"},\"inLanguage\":\"it-IT\",\"potentialAction\":[{\"@type\":\"ReadAction\",\"target\":[\"https:\/\/www.blackjackinfo.com\/us\/michigan-online-casinos\/legal-online-blackjack-in-michigan\/\"]}]},{\"@type\":\"BreadcrumbList\",\"@id\":\"https:\/\/www.blackjackinfo.com\/us\/michigan-online-casinos\/legal-online-blackjack-in-michigan\/#breadcrumb\",\"itemListElement\":[{\"@type\":\"ListItem\",\"position\":1,\"name\":\"Home\",\"item\":\"https:\/\/www.blackjackinfo.com\/\"},{\"@type\":\"ListItem\",\"position\":2,\"name\":\"Online Casinos in the US\",\"item\":\"https:\/\/www.blackjackinfo.com\/us\/\"},{\"@type\":\"ListItem\",\"position\":3,\"name\":\"Michigan Online Casinos\",\"item\":\"https:\/\/www.blackjackinfo.com\/us\/michigan-online-casinos\/\"},{\"@type\":\"ListItem\",\"position\":4,\"name\":\"Legal Online Blackjack in Michigan\"}]},{\"@type\":\"WebSite\",\"@id\":\"https:\/\/www.blackjackinfo.com\/#website\",\"url\":\"https:\/\/www.blackjackinfo.com\/\",\"name\":\"BlackjackInfo.com\",\"description\":\"Because Winning is More Fun!\",\"potentialAction\":[{\"@type\":\"SearchAction\",\"target\":{\"@type\":\"EntryPoint\",\"urlTemplate\":\"https:\/\/www.blackjackinfo.com\/?s={search_term_string}\"},\"query-input\":{\"@type\":\"PropertyValueSpecification\",\"valueRequired\":true,\"valueName\":\"search_term_string\"}}],\"inLanguage\":\"it-IT\"}]}<\/script>\n<!-- \/ Yoast SEO plugin. -->","yoast_head_json":{"title":"Blackjack online legale in Michigan","description":"Anche se il gioco d'azzardo su Internet \u00e8 stato approvato alla fine del 2019 dal governatore Gretchen Whitmer, i regolatori statali hanno impiegato pi\u00f9 di un anno per mettere in moto le cose. In","robots":{"index":"index","follow":"follow","max-snippet":"max-snippet:-1","max-image-preview":"max-image-preview:large","max-video-preview":"max-video-preview:-1"},"canonical":"https:\/\/www.blackjackinfo.com\/it\/noi\/casino-online-del-michigan\/blackjack-online-legale-in-michigan\/","og_locale":"it_IT","og_type":"article","og_title":"Legal Online Blackjack in Michigan","og_description":"Even though internet gambling was approved in late 2019 by Gov. Gretchen Whitmer, the state regulators took more than a year to set things in motion. In","og_url":"https:\/\/www.blackjackinfo.com\/it\/noi\/casino-online-del-michigan\/blackjack-online-legale-in-michigan\/","og_site_name":"BlackjackInfo.com","article_modified_time":"2023-12-11T07:33:56+00:00","twitter_misc":{"Tempo di lettura stimato":"11 minuti"},"schema":{"@context":"https:\/\/schema.org","@graph":[{"@type":"WebPage","@id":"https:\/\/www.blackjackinfo.com\/us\/michigan-online-casinos\/legal-online-blackjack-in-michigan\/","url":"https:\/\/www.blackjackinfo.com\/us\/michigan-online-casinos\/legal-online-blackjack-in-michigan\/","name":"Blackjack online legale in Michigan","isPartOf":{"@id":"https:\/\/www.blackjackinfo.com\/#website"},"datePublished":"2023-12-11T07:27:32+00:00","dateModified":"2023-12-11T07:33:56+00:00","description":"Anche se il gioco d'azzardo su Internet \u00e8 stato approvato alla fine del 2019 dal governatore Gretchen Whitmer, i regolatori statali hanno impiegato pi\u00f9 di un anno per mettere in moto le cose. In","breadcrumb":{"@id":"https:\/\/www.blackjackinfo.com\/us\/michigan-online-casinos\/legal-online-blackjack-in-michigan\/#breadcrumb"},"inLanguage":"it-IT","potentialAction":[{"@type":"ReadAction","target":["https:\/\/www.blackjackinfo.com\/us\/michigan-online-casinos\/legal-online-blackjack-in-michigan\/"]}]},{"@type":"BreadcrumbList","@id":"https:\/\/www.blackjackinfo.com\/us\/michigan-online-casinos\/legal-online-blackjack-in-michigan\/#breadcrumb","itemListElement":[{"@type":"ListItem","position":1,"name":"Home","item":"https:\/\/www.blackjackinfo.com\/"},{"@type":"ListItem","position":2,"name":"Online Casinos in the US","item":"https:\/\/www.blackjackinfo.com\/us\/"},{"@type":"ListItem","position":3,"name":"Michigan Online Casinos","item":"https:\/\/www.blackjackinfo.com\/us\/michigan-online-casinos\/"},{"@type":"ListItem","position":4,"name":"Legal Online Blackjack in Michigan"}]},{"@type":"WebSite","@id":"https:\/\/www.blackjackinfo.com\/#website","url":"https:\/\/www.blackjackinfo.com\/","name":"BlackjackInfo.com","description":"Perch\u00e9 vincere \u00e8 pi\u00f9 divertente!","potentialAction":[{"@type":"SearchAction","target":{"@type":"EntryPoint","urlTemplate":"https:\/\/www.blackjackinfo.com\/?s={search_term_string}"},"query-input":{"@type":"PropertyValueSpecification","valueRequired":true,"valueName":"search_term_string"}}],"inLanguage":"it-IT"}]}},"_links":{"self":[{"href":"https:\/\/www.blackjackinfo.com\/it\/wp-json\/wp\/v2\/pages\/5966","targetHints":{"allow":["GET"]}}],"collection":[{"href":"https:\/\/www.blackjackinfo.com\/it\/wp-json\/wp\/v2\/pages"}],"about":[{"href":"https:\/\/www.blackjackinfo.com\/it\/wp-json\/wp\/v2\/types\/page"}],"author":[{"embeddable":true,"href":"https:\/\/www.blackjackinfo.com\/it\/wp-json\/wp\/v2\/users\/4"}],"replies":[{"embeddable":true,"href":"https:\/\/www.blackjackinfo.com\/it\/wp-json\/wp\/v2\/comments?post=5966"}],"version-history":[{"count":4,"href":"https:\/\/www.blackjackinfo.com\/it\/wp-json\/wp\/v2\/pages\/5966\/revisions"}],"predecessor-version":[{"id":5973,"href":"https:\/\/www.blackjackinfo.com\/it\/wp-json\/wp\/v2\/pages\/5966\/revisions\/5973"}],"up":[{"embeddable":true,"href":"https:\/\/www.blackjackinfo.com\/it\/wp-json\/wp\/v2\/pages\/5658"}],"wp:attachment":[{"href":"https:\/\/www.blackjackinfo.com\/it\/wp-json\/wp\/v2\/media?parent=5966"}],"wp:term":[{"taxonomy":"post_tag","embeddable":true,"href":"https:\/\/www.blackjackinfo.com\/it\/wp-json\/wp\/v2\/tags?post=5966"}],"curies":[{"name":"wp","href":"https:\/\/api.w.org\/{rel}","templated":true}]}}