{"id":598,"date":"2014-10-08T21:57:13","date_gmt":"2014-10-09T02:57:13","guid":{"rendered":"http:\/\/test.blackjackinfo.com\/?page_id=598"},"modified":"2018-06-22T02:21:24","modified_gmt":"2018-06-22T07:21:24","slug":"ken-smith","status":"publish","type":"page","link":"https:\/\/www.blackjackinfo.com\/it\/ken-smith\/","title":{"rendered":"Informazioni su Ken Smith"},"content":{"rendered":"<p><img loading=\"lazy\" decoding=\"async\" class=\"alignleft size-full wp-image-600\" src=\"\/files\/kensmith.jpg\" alt=\"kensmith\" width=\"252\" height=\"190\" data-no-auto-translation=\"\" \/><\/p>\n<p class=\"intro\">Sono Kenneth R Smith, il creatore di <a href=\"\/\">BlackjackInfo.com<\/a>. Giocatore appassionato di blackjack da molti anni, ho iniziato a giocare seriamente all'inizio degli anni '90, quando il gioco d'azzardo nei casin\u00f2 \u00e8 arrivato nel mio stato natale, il Mississippi. Nel 1994, ho partecipato per la prima volta a un torneo di blackjack; da allora ho continuato a giocare nei tornei, collezionando numerose grandi vittorie nel corso degli anni. Ho partecipato letteralmente a migliaia di tornei e continuo a giocare regolarmente. Gli appassionati di tornei di blackjack dovrebbero visitare anche il mio sito web specifico per i tornei. <a href=\"https:\/\/www.blackjacktournaments.com\">BlackjackTournaments.com<\/a>, dove si discutono i prossimi eventi e la strategia dei tornei.<\/p>\n<p>\nLa mia casa \u00e8 nel Mississippi, ma amo viaggiare. Alcuni dei viaggi memorabili degli ultimi due anni includono una settimana a Istanbul, in Turchia, e tre settimane in Ecuador e Per\u00f9. Di tanto in tanto racconto i miei viaggi sul mio blog personale. <a href=\"http:\/\/www.sweet-tea-no-lemon.com\">T\u00e8 dolce, senza limone<\/a>.\n<\/p>\n<h3>Apparizioni televisive<\/h3>\n<figure id=\"attachment_606\" aria-describedby=\"caption-attachment-606\" style=\"width: 300px\" class=\"wp-caption alignright\"><a href=\"\/files\/Ken-Smith-and-Penn-on-WSOBJ-800x531.jpg\"><img loading=\"lazy\" decoding=\"async\" class=\"size-medium wp-image-606\" src=\"\/files\/Ken-Smith-and-Penn-on-WSOBJ-800x531-300x199.jpg\" alt=\"Ken with Penn Jillette on WSOB\" width=\"300\" height=\"199\" data-no-auto-translation=\"\" \/><\/a><figcaption id=\"caption-attachment-606\" class=\"wp-caption-text\">Ken con <a href=\"https:\/\/en.wikipedia.org\/wiki\/Penn_Jillette\">Penn Jillette<\/a> su WSOB<\/figcaption><\/figure>\n<p>\nIl blackjack da torneo \u00e8 passato alla televisione nel 2004 e io ho partecipato a molti show. Nella prima serie televisiva di tornei di blackjack (<a href=\"https:\/\/en.wikipedia.org\/wiki\/World_Series_of_Blackjack\">Le serie mondiali di blackjack di GSN<\/a>), ho raggiunto il tavolo finale della prima stagione classificandomi al sesto posto. Negli anni successivi sono apparso in WSOB II, III e IV, uno dei soli tre giocatori che sono apparsi in tutte le stagioni di trasmissione dello show su GSN. Dopo quattro stagioni, GSN ha cancellato la serie. Attualmente non esiste pi\u00f9 una competizione World Series of Blackjack.\n<\/p>\n<p>\nNel 2004 sono anche apparso su Travel Channel, partecipando al Million Dollar Blackjack Tournament II del Las Vegas Hilton. Nel turno di semifinale, avevo bisogno di un'ultima mano vincente per passare al tavolo finale di sette giocatori, dove il vincitore avrebbe ricevuto un milione in contanti. Purtroppo la mia fortuna si \u00e8 esaurita a una mano dalla fine e non sono riuscito a raggiungere il tavolo finale.\n<\/p>\n<p>\nDopo gli spettacoli di Travel Channel e GSN, i tornei televisivi di blackjack hanno fatto un salto nella grande televisione nel settembre 2006, quando l'Ultimate Blackjack Tour \u00e8 stato trasmesso sulla CBS. Nell'episodio inaugurale di quello show, ho vinto l'evento con un primo posto che valeva $50.000. Ho partecipato anche all'evento speciale \"Legends of Blackjack\" per l'UBT, anche se il mio sesto posto in un tavolo di sette giocatori era tutt'altro che leggendario!\n<\/p>\n<p>\nIl blackjack televisivo \u00e8 stato un vero spasso per me. Oltre alla novit\u00e0 di apparire in cos\u00ec tanti programmi, gli eventi UBT mi hanno dato la possibilit\u00e0 di viaggiare in alcune belle destinazioni. Abbiamo girato un evento ad Aruba e un altro a Saint Kitts, per esempio.\n<\/p>\n<h3>Scrittura<\/h3>\n<p>\nDopo essermi guadagnato la reputazione di esperto di strategie di torneo, sono stato autore di rubriche mensili in entrambe le riviste. <i>Blackjack confidenziale<\/i> e <i>Tutto nel Blackjack<\/i> riviste durante il periodo di validit\u00e0 di tali pubblicazioni.\n<\/p>\n<p><a href=\"http:\/\/www.bjinsider.com\/BuyHowToWin\"><img loading=\"lazy\" decoding=\"async\" src=\"\/files\/Ebook125.jpg\" alt=\"Ken&#039;s Tournament eBook\" width=\"125\" height=\"125\" class=\"alignright size-full wp-image-613\" data-no-auto-translation=\"\" \/><\/a><\/p>\n<p>\nHo scritto due e-book sulla strategia dei tornei di blackjack: <a href=\"http:\/\/www.bjinsider.com\/BuyHowToWin\">\"Come vincere pi\u00f9 tornei di blackjack\".<\/a> e <a href=\"http:\/\/deepnettech.com\/estore\/index.php?main_page=product_info&amp;products_id=84\">\"Come vincere ancora di pi\u00f9 i tornei di blackjack - Volume II\"<\/a>. Entrambi i libri sono ricchi di suggerimenti strategici per i giocatori di qualsiasi livello, dai principianti ai professionisti, comprese alcune idee innovative mai pubblicate prima. Clicca su <a href=\"http:\/\/deepnettech.com\/estore\/index.php?main_page=product_info&amp;products_id=85\">qui<\/a> per un pacchetto speciale che comprende entrambi i libri.\n<\/p>\n<p>\nLa maggior parte dei miei scritti sul blackjack \u00e8 qui su BlackjackInfo, ma scrivo anche un articolo occasionale per la newsletter di Henry Tamburin. <a href=\"http:\/\/www.bjinsider.com\">Blackjack Insider<\/a>.\n<\/p>\n<h3>Carte strategiche<\/h3>\n<p>\nNel 2008, ho pubblicato un gruppo di carte strategiche in plastica per il blackjack, disponibili <a href=\"http:\/\/www.amazon.com\/dp\/098211916X\/?tag=theblackjacbasic\">su Amazon.it<\/a>.<br \/>\nPoi, nel 2013, ho ampliato quel prodotto, introducendo un set di carte Strategia avanzata che aggiunge alle solite carte Strategia i dettagli sui numeri dell'indice di conteggio delle carte.  Anche questo prodotto \u00e8 disponibile su <a href=\"http:\/\/www.amazon.com\/dp\/0982119178\/?tag=theblackjacbasic\">Amazon<\/a>.\n<\/p>\n<h3>Dettagli di contatto<\/h3>\n<p>\nA partire da settembre 2016, mi sono allontanato da BlackjackInfo.com, lasciandolo nelle mani capaci di un nuovo entusiasta proprietario.<\/p>","protected":false},"excerpt":{"rendered":"<p>I am Kenneth R Smith, the creator of BlackjackInfo.com. As an avid blackjack player for many years, I began playing seriously in the early 1990s when casino gambling arrived in my home state of Mississippi. In 1994, I participated in a blackjack tournament for the first time; I have been on the tournament trail ever [&hellip;]<\/p>\n","protected":false},"author":2,"featured_media":0,"parent":0,"menu_order":0,"comment_status":"open","ping_status":"closed","template":"","meta":{"_acf_changed":false,"footnotes":""},"tags":[],"class_list":["post-598","page","type-page","status-publish","hentry"],"acf":[],"yoast_head":"<!-- This site is optimized with the Yoast SEO plugin v26.6 - https:\/\/yoast.com\/wordpress\/plugins\/seo\/ -->\n<title>About Ken Smith<\/title>\n<meta name=\"description\" content=\"Ken Smith is the creator of BlackjackInfo.com, an avid player and author, as well as a leading expert on blackjack tournament strategy.\" \/>\n<meta name=\"robots\" content=\"index, follow, max-snippet:-1, max-image-preview:large, max-video-preview:-1\" \/>\n<link rel=\"canonical\" href=\"https:\/\/www.blackjackinfo.com\/it\/ken-smith\/\" \/>\n<meta property=\"og:locale\" content=\"it_IT\" \/>\n<meta property=\"og:type\" content=\"article\" \/>\n<meta property=\"og:title\" content=\"About Ken Smith\" \/>\n<meta property=\"og:description\" content=\"Ken Smith is the creator of BlackjackInfo.com, an avid player and author, as well as a leading expert on blackjack tournament strategy.\" \/>\n<meta property=\"og:url\" content=\"https:\/\/www.blackjackinfo.com\/it\/ken-smith\/\" \/>\n<meta property=\"og:site_name\" content=\"BlackjackInfo.com\" \/>\n<meta property=\"article:modified_time\" content=\"2018-06-22T07:21:24+00:00\" \/>\n<meta name=\"twitter:label1\" content=\"Tempo di lettura stimato\" \/>\n\t<meta name=\"twitter:data1\" content=\"3 minuti\" \/>\n<script type=\"application\/ld+json\" class=\"yoast-schema-graph\">{\"@context\":\"https:\/\/schema.org\",\"@graph\":[{\"@type\":\"WebPage\",\"@id\":\"https:\/\/www.blackjackinfo.com\/ken-smith\/\",\"url\":\"https:\/\/www.blackjackinfo.com\/ken-smith\/\",\"name\":\"About Ken Smith\",\"isPartOf\":{\"@id\":\"https:\/\/www.blackjackinfo.com\/#website\"},\"datePublished\":\"2014-10-09T02:57:13+00:00\",\"dateModified\":\"2018-06-22T07:21:24+00:00\",\"description\":\"Ken Smith is the creator of BlackjackInfo.com, an avid player and author, as well as a leading expert on blackjack tournament strategy.\",\"breadcrumb\":{\"@id\":\"https:\/\/www.blackjackinfo.com\/ken-smith\/#breadcrumb\"},\"inLanguage\":\"it-IT\",\"potentialAction\":[{\"@type\":\"ReadAction\",\"target\":[\"https:\/\/www.blackjackinfo.com\/ken-smith\/\"]}]},{\"@type\":\"BreadcrumbList\",\"@id\":\"https:\/\/www.blackjackinfo.com\/ken-smith\/#breadcrumb\",\"itemListElement\":[{\"@type\":\"ListItem\",\"position\":1,\"name\":\"Home\",\"item\":\"https:\/\/www.blackjackinfo.com\/\"},{\"@type\":\"ListItem\",\"position\":2,\"name\":\"About Ken Smith\"}]},{\"@type\":\"WebSite\",\"@id\":\"https:\/\/www.blackjackinfo.com\/#website\",\"url\":\"https:\/\/www.blackjackinfo.com\/\",\"name\":\"BlackjackInfo.com\",\"description\":\"Because Winning is More Fun!\",\"potentialAction\":[{\"@type\":\"SearchAction\",\"target\":{\"@type\":\"EntryPoint\",\"urlTemplate\":\"https:\/\/www.blackjackinfo.com\/?s={search_term_string}\"},\"query-input\":{\"@type\":\"PropertyValueSpecification\",\"valueRequired\":true,\"valueName\":\"search_term_string\"}}],\"inLanguage\":\"it-IT\"}]}<\/script>\n<!-- \/ Yoast SEO plugin. -->","yoast_head_json":{"title":"Informazioni su Ken Smith","description":"Ken Smith \u00e8 il creatore di BlackjackInfo.com, un appassionato giocatore e autore, nonch\u00e9 uno dei maggiori esperti di strategia dei tornei di blackjack.","robots":{"index":"index","follow":"follow","max-snippet":"max-snippet:-1","max-image-preview":"max-image-preview:large","max-video-preview":"max-video-preview:-1"},"canonical":"https:\/\/www.blackjackinfo.com\/it\/ken-smith\/","og_locale":"it_IT","og_type":"article","og_title":"About Ken Smith","og_description":"Ken Smith is the creator of BlackjackInfo.com, an avid player and author, as well as a leading expert on blackjack tournament strategy.","og_url":"https:\/\/www.blackjackinfo.com\/it\/ken-smith\/","og_site_name":"BlackjackInfo.com","article_modified_time":"2018-06-22T07:21:24+00:00","twitter_misc":{"Tempo di lettura stimato":"3 minuti"},"schema":{"@context":"https:\/\/schema.org","@graph":[{"@type":"WebPage","@id":"https:\/\/www.blackjackinfo.com\/ken-smith\/","url":"https:\/\/www.blackjackinfo.com\/ken-smith\/","name":"Informazioni su Ken Smith","isPartOf":{"@id":"https:\/\/www.blackjackinfo.com\/#website"},"datePublished":"2014-10-09T02:57:13+00:00","dateModified":"2018-06-22T07:21:24+00:00","description":"Ken Smith \u00e8 il creatore di BlackjackInfo.com, un appassionato giocatore e autore, nonch\u00e9 uno dei maggiori esperti di strategia dei tornei di blackjack.","breadcrumb":{"@id":"https:\/\/www.blackjackinfo.com\/ken-smith\/#breadcrumb"},"inLanguage":"it-IT","potentialAction":[{"@type":"ReadAction","target":["https:\/\/www.blackjackinfo.com\/ken-smith\/"]}]},{"@type":"BreadcrumbList","@id":"https:\/\/www.blackjackinfo.com\/ken-smith\/#breadcrumb","itemListElement":[{"@type":"ListItem","position":1,"name":"Home","item":"https:\/\/www.blackjackinfo.com\/"},{"@type":"ListItem","position":2,"name":"About Ken Smith"}]},{"@type":"WebSite","@id":"https:\/\/www.blackjackinfo.com\/#website","url":"https:\/\/www.blackjackinfo.com\/","name":"BlackjackInfo.com","description":"Perch\u00e9 vincere \u00e8 pi\u00f9 divertente!","potentialAction":[{"@type":"SearchAction","target":{"@type":"EntryPoint","urlTemplate":"https:\/\/www.blackjackinfo.com\/?s={search_term_string}"},"query-input":{"@type":"PropertyValueSpecification","valueRequired":true,"valueName":"search_term_string"}}],"inLanguage":"it-IT"}]}},"_links":{"self":[{"href":"https:\/\/www.blackjackinfo.com\/it\/wp-json\/wp\/v2\/pages\/598","targetHints":{"allow":["GET"]}}],"collection":[{"href":"https:\/\/www.blackjackinfo.com\/it\/wp-json\/wp\/v2\/pages"}],"about":[{"href":"https:\/\/www.blackjackinfo.com\/it\/wp-json\/wp\/v2\/types\/page"}],"author":[{"embeddable":true,"href":"https:\/\/www.blackjackinfo.com\/it\/wp-json\/wp\/v2\/users\/2"}],"replies":[{"embeddable":true,"href":"https:\/\/www.blackjackinfo.com\/it\/wp-json\/wp\/v2\/comments?post=598"}],"version-history":[{"count":24,"href":"https:\/\/www.blackjackinfo.com\/it\/wp-json\/wp\/v2\/pages\/598\/revisions"}],"predecessor-version":[{"id":3558,"href":"https:\/\/www.blackjackinfo.com\/it\/wp-json\/wp\/v2\/pages\/598\/revisions\/3558"}],"wp:attachment":[{"href":"https:\/\/www.blackjackinfo.com\/it\/wp-json\/wp\/v2\/media?parent=598"}],"wp:term":[{"taxonomy":"post_tag","embeddable":true,"href":"https:\/\/www.blackjackinfo.com\/it\/wp-json\/wp\/v2\/tags?post=598"}],"curies":[{"name":"wp","href":"https:\/\/api.w.org\/{rel}","templated":true}]}}