{"id":6176,"date":"2023-12-29T23:32:20","date_gmt":"2023-12-30T05:32:20","guid":{"rendered":"http:\/\/www.blackjackinfo.com\/?page_id=6176"},"modified":"2023-12-29T23:32:20","modified_gmt":"2023-12-30T05:32:20","slug":"blackjack-online-legale-in-west-virginia","status":"publish","type":"page","link":"https:\/\/www.blackjackinfo.com\/it\/us\/west-virginia-online-casinos\/legal-online-blackjack-in-west-virginia\/","title":{"rendered":"Blackjack online legale in West Virginia"},"content":{"rendered":"<p>Dopo aver superato <a href=\"https:\/\/www.wvlegislature.gov\/Bill_Status\/bills_history.cfm?INPUT=2934&amp;year=2019&amp;sessiontype=RS\">HB2934<\/a> (West Virginia Lottery Interactive Wagering Act) nel marzo 2019, la Virginia Occidentale \u00e8 diventata uno dei sei stati americani che hanno legalizzato il gioco d'azzardo online. Questo ha spianato la strada al Mountain State per incorporare le scommesse interattive nel suo profilo di gioco d'azzardo e ha permesso ad alcuni dei pi\u00f9 grandi operatori di iniziare a offrire i loro servizi ai giocatori del WV.<\/p>\n<p>Dal luglio 2020, il WV ne ha accolti poco meno di una dozzina, tutti supervisionati dalla West Virginia Lottery Commission. Inoltre, per ottenere una licenza per il gioco d'azzardo online, ogni operatore di casin\u00f2 online deve collaborare con uno dei casin\u00f2 tradizionali. Un'altra limitazione in vigore \u00e8 che chi vuole iscriversi a una delle piattaforme e giocare a giochi come il blackjack deve avere almeno 21 anni.<\/p>\n<p>Questi siti sono diventati dei veri e propri centri di gioco d'azzardo, in quanto operano 24 ore su 24, 7 giorni su 7, e riforniscono regolarmente le loro librerie di giochi. Se volete provare il blackjack e altri titoli emozionanti, restate con noi per discutere le migliori piattaforme di casin\u00f2 online disponibili in West Virginia.<\/p>\n<h2>Dove posso giocare al blackjack online in West Virginia?<\/h2>\n<p>La Virginia Occidentale ha attualmente nove operatori di casin\u00f2 online, ognuno famoso per offrire esperienze di gioco di alto livello. Con cos\u00ec tanti operatori, scegliere il casin\u00f2 online di blackjack giusto pu\u00f2 essere una sfida. La maggior parte di essi ha un portafoglio ricco di titoli di blackjack, oltre a vantare bonus vantaggiosi e prelievi rapidi. Ecco l'intero elenco:<\/p>\n<h3>1.    BetMGM Casin\u00f2 WV<\/h3>\n<p>BetMGM \u00e8 una joint venture tra MGM Resorts ed Entain Holdings, ed \u00e8 uno dei primi operatori ad entrare in funzione nello Stato della Montagna. Questo titano dell'industria ha guadagnato subito molta trazione grazie alla sua piattaforma intuitiva, alle offerte promozionali e ai giochi di alto livello. Inoltre, ha una scommessa sportiva e una sala da poker.<\/p>\n<p>BetMGM offre oltre 500 giochi, mentre la lobby dei giochi da tavolo conta diverse decine di opzioni, di cui pi\u00f9 di 10 sono versioni di blackjack. Giochi come BetMGM Blackjack Player's Choice, Blackjack Stud Poker Pro, Blackjack Millionaire Pro e BetMGM Blackjack Pro sono alcuni dei giochi che si possono provare solo in questo casin\u00f2. Se vi dirigete verso la sezione Live Dealer, troverete alcuni giochi di blackjack, principalmente prodotti da Evolution.<\/p>\n<p>Registrandosi su BetMGM e ricaricando il proprio conto con almeno $10, si ha diritto al match bonus di 100%, fino a $2.500. Inoltre, riceverete 50 giri gratis e un bonus casin\u00f2 di $50 sulla casa.<\/p>\n<h3>2.    Casin\u00f2 Caesars Palace WV<\/h3>\n<p>Caesars Palace \u00e8 uno dei migliori marchi di casin\u00f2 online e ha debuttato in WV nell'aprile 2021. Questo marchio si distingue per i suoi programmi di ricompensa, i bonus regolari, le scommesse sportive e l'enorme portafoglio di giochi. Con un catalogo di 400 titoli, Caesars Palace ha tutti i classici in un unico posto, comprese le slot, i giochi da tavolo, i titoli con croupier dal vivo e le opzioni a marchio Caesars.<\/p>\n<p>\u00c8 interessante notare che il Caesars Palace ospita pi\u00f9 titoli di blackjack live-dealer che RNG, offrendo le scelte pi\u00f9 popolari come il Blackjack Classico, il Lightning Blackjack e il First Person Blackjack. I giochi sono forniti da Ezugi e trasmessi in streaming da studi professionali.<\/p>\n<p>Tutti i giocatori WV di et\u00e0 superiore ai 21 anni si qualificano per il bonus di deposito di 100% fino a $2.500. Inoltre, se scommettete $25 o pi\u00f9 durante i primi sette giorni, il casin\u00f2 vi regaler\u00e0 2.500 crediti di ricompensa.<\/p>\n<h3>3.    DraftKings Casin\u00f2 WV<\/h3>\n<p>DraftKings \u00e8 stato il primo marchio di casin\u00f2 online a lanciare le sue operazioni in West Virginia nel luglio 2020. L'operatore ha una delle app pi\u00f9 accattivanti e la sua combinazione di colori \u00e8 diventata iconica nel mondo del gioco. Una volta effettuato l'accesso al sito, troverete una grande selezione di slot, giochi da tavolo, titoli con croupier dal vivo e diverse decine di opzioni arcade. DraftKings dispone anche di uno sportsbook e si colloca tra le maggiori piattaforme per i daily fantasy sports.<\/p>\n<p>Con quasi 40 titoli di blackjack disponibili, potete scegliere tra varianti classiche come Spanish 21, Single Hand Blackjack, Unlimited Blackjack o Blackjack With Surrender e giochi a marchio DK, come DraftKings Bingo Blackjack e DraftKings Down Under Blackjack. Il bello \u00e8 che la maggior parte di queste versioni presenta importi di puntata minimi di $1, il che significa che il casin\u00f2 DraftKings \u00e8 il posto giusto per chi vuole iniziare con poco.<\/p>\n<h3>4.    Casin\u00f2 FanDuel WV<\/h3>\n<p>Sebbene sia conosciuta soprattutto come operatore di daily fantasy sports, FanDuel ha anche un casin\u00f2 online e una scommessa sportiva. Dopo aver stretto un accordo con il Greenbrier Casino, ha lanciato le sue operazioni nello Stato della Montagna nel 2021. La prima cosa che si nota entrando nel sito di FanDuel \u00e8 l'abbondanza di offerte di bonus disponibili per i giocatori nuovi e registrati del WV. Se siete iscritti per la prima volta, potete ottenere un rimborso fino a $1.000 nel caso in cui perdiate l'intero importo depositato entro 24 ore.<\/p>\n<p>La piattaforma FanDuel ha una delle pi\u00f9 grandi lobby di gioco degli Stati Uniti, che consente di divertirsi con slot, giochi da tavolo, opzioni di casin\u00f2 dal vivo e video poker, tutti prodotti dai nomi pi\u00f9 importanti del settore, come Net Ent, GAN e IGT. Se il blackjack \u00e8 il vostro preferito, sarete entusiasti di sapere che qui potrete provare due dozzine di titoli, come Blackjack Classic, Blackjack X-Change, Zappit Blackjack, Platinum Blackjack SideBets, Blackjack Blazing 7s, Power Blackjack e molte altre opzioni.<\/p>\n<h3>5.    Casin\u00f2 BetRivers WV<\/h3>\n<p>BetRivers Casino \u00e8 entrato in funzione nello Stato della Montagna nel 2021 ed \u00e8 diventato rapidamente una destinazione popolare per il gioco d'azzardo online. La piattaforma \u00e8 nota soprattutto per il suo crescente numero di giochi da casin\u00f2 e di programmi di ricompensa, che la rendono una destinazione eccellente sia per i giocatori veterani che per i principianti. Inoltre, BetRivers Casino vanta un'ampia offerta di scommesse sportive e ospita lucrosi tornei di slot.<\/p>\n<p>Tuttavia, molti giocatori ne sono attratti grazie alla sua imbattibile promo di benvenuto - un bonus di rimborso di $500 su cui si pu\u00f2 contare se si perde tutto il denaro durante il periodo di promozione di 24 ore. Ancora meglio, il requisito di playthrough che l'operazione comporta \u00e8 di appena 1x.<\/p>\n<p>Per quanto riguarda il blackjack, il sito offre quasi due dozzine di giochi, che coprono tutti i must. Tra questi, Infinite Blackjack, Free Bet Blackjack, Lightning Blackjack First Person e Multihand Blackjack Surrender, solo per citarne alcuni. Se volete sperimentare altre opzioni di blackjack, non perdetevi i titoli proprietari del casin\u00f2: Blackjack Player's Choice o Poker &amp; Pairs Blackjack.<\/p>\n<h3>6.    Casin\u00f2 Golden Nugget WV<\/h3>\n<p>Dopo aver ottenuto la licenza grazie alla collaborazione con Greenbrier, il pluripremiato Golden Nugget Casino \u00e8 arrivato sulla scena di WV nel dicembre 2020. I giocatori sono attratti da questo casin\u00f2 per le sue fantastiche promozioni, le ottime opzioni bancarie, i giochi di alta qualit\u00e0 e il Players Club che fornisce crediti del casin\u00f2 (corone).<\/p>\n<p>Il Golden Nugget ha un'impressionante lobby di blackjack con oltre due dozzine di titoli moderni e tradizionali. In effetti, gli altri casin\u00f2 WV non possono competere con esso in questo settore. Se siete alle prime armi con il blackjack, \u00e8 meglio iniziare con il Blackjack Classic, in quanto le puntate partono da $1 e arrivano fino a $1.000. Altri titoli popolari includono il Blackjack Multihand, il Blackjack Single Hand, il Blackjack Match the Dealer e numerosi titoli a marchio DraftKings, considerando che questo casin\u00f2 \u00e8 di propriet\u00e0 di DK.<\/p>\n<h3>7.    Casin\u00f2 PointsBet WV<\/h3>\n<p>PointsBet Casino \u00e8 emerso sulla scena del gioco d'azzardo WV nel 2022 grazie a una partnership con Hollywood Casino. Si tratta di una piattaforma di gioco d'azzardo relativamente piccola con depositi e prelievi minimi bassi, il che significa che il suo pubblico di riferimento non \u00e8 costituito da giocatori di alto livello ma da giocatori che giocano con un budget limitato. L'operatore \u00e8 noto per le sue scommesse sportive, e questo \u00e8 probabilmente il motivo per cui non c'\u00e8 alcun bonus di benvenuto per i giocatori di casin\u00f2.<\/p>\n<p>Tuttavia, ha una buona dose di giochi da casin\u00f2, interamente forniti da IGT. La libreria comprende slot, giochi da tavolo, titoli con croupier dal vivo e video poker. La selezione di blackjack \u00e8 limitata, con due sole varianti: Blackjack With Surrender e Multihand Blackjack With Surrender.<\/p>\n<h3>8.    Casin\u00f2 Barstool WV<\/h3>\n<p>Creato da Penn Entertainment e Barstool Sports, Barstool Casino \u00e8 un operatore di gioco d'azzardo online che offre giochi da casin\u00f2 e scommesse sportive. La registrazione alla piattaforma d\u00e0 diritto a un bonus di benvenuto di 24 ore senza rischi che vale fino a $1.000 crediti bonus, mentre i giocatori abituali possono beneficiare di molte altre promozioni in corso.<\/p>\n<p>Per quanto riguarda i giochi, Barstool vanta oltre 300 titoli di slot, ma ha anche una discreta collezione di giochi da tavolo e con dealer dal vivo. Il casin\u00f2 offre sia giochi di blackjack con RNG che con croupier dal vivo, ognuno con le proprie puntate e limiti. Blackjack With Surrender, First Person Blackjack e Infinite Blackjack sono tra i titoli disponibili.<\/p>\n<h3>9.    Casin\u00f2 Betly WV<\/h3>\n<p>Di propriet\u00e0 e gestito da Delaware North, Betly \u00e8 un casin\u00f2 online e una scommessa sportiva con una piattaforma facile da usare. Nonostante sia pi\u00f9 focalizzato sulle scommesse sportive, questo operatore offre una solida collezione di giochi da casin\u00f2, tra cui slot, jackpot, giochi da tavolo e opzioni di casin\u00f2 dal vivo. Molti giocatori si registrano con questo marchio per le sue allettanti promozioni, tra cui il bonus di abbinamento 200% fino a $200 sul primo deposito.<\/p>\n<p>Navigando nella sezione dei giochi da tavolo si scopre una pletora di giochi di blackjack, tra cui Free Bet Blackjack, Lightning Blackjack First Person, Infinite Blackjack e Classic Blackjack. Se volete uscire dalla vostra zona di comfort e provare qualcosa di nuovo, vi consigliamo Blackjack Touch - Single Deck. Tutti i titoli sono adatti ai principianti, poich\u00e9 le puntate partono da $0,5 o $1 e arrivano fino a $5.000.<\/p>\n<p><strong>Nota: <\/strong>Vale la pena ricordare che la Commissione per la Lotteria della Virginia Occidentale ha approvato altre due licenze di casin\u00f2 online per Play'n Go Casino e Hacksaw Gaming Casino. Entrambi gli operatori dovrebbero lanciare le loro attivit\u00e0 in WV nel prossimo futuro.<\/p>","protected":false},"excerpt":{"rendered":"<p>After passing HB2934 (the West Virginia Lottery Interactive Wagering Act) in March 2019, West Virginia became one of the six US states that have legalized online casino gaming. This has paved the way for the Mountain State to incorporate interactive betting into its gambling profile and allowed some of the biggest operators to start offering [&hellip;]<\/p>\n","protected":false},"author":4,"featured_media":0,"parent":5729,"menu_order":0,"comment_status":"closed","ping_status":"closed","template":"","meta":{"_acf_changed":false,"footnotes":""},"tags":[],"class_list":["post-6176","page","type-page","status-publish","hentry"],"acf":[],"yoast_head":"<!-- This site is optimized with the Yoast SEO plugin v26.6 - https:\/\/yoast.com\/wordpress\/plugins\/seo\/ -->\n<title>Legal Online Blackjack in West Virginia<\/title>\n<meta name=\"description\" content=\"After passing HB2934 (the West Virginia Lottery Interactive Wagering Act) in March 2019, West Virginia became one of the six US states that have legalized\" \/>\n<meta name=\"robots\" content=\"index, follow, max-snippet:-1, max-image-preview:large, max-video-preview:-1\" \/>\n<link rel=\"canonical\" href=\"https:\/\/www.blackjackinfo.com\/it\/noi\/casino-online-della-virginia-occidentale\/blackjack-online-legale-in-west-virginia\/\" \/>\n<meta property=\"og:locale\" content=\"it_IT\" \/>\n<meta property=\"og:type\" content=\"article\" \/>\n<meta property=\"og:title\" content=\"Legal Online Blackjack in West Virginia\" \/>\n<meta property=\"og:description\" content=\"After passing HB2934 (the West Virginia Lottery Interactive Wagering Act) in March 2019, West Virginia became one of the six US states that have legalized\" \/>\n<meta property=\"og:url\" content=\"https:\/\/www.blackjackinfo.com\/it\/noi\/casino-online-della-virginia-occidentale\/blackjack-online-legale-in-west-virginia\/\" \/>\n<meta property=\"og:site_name\" content=\"BlackjackInfo.com\" \/>\n<meta name=\"twitter:label1\" content=\"Tempo di lettura stimato\" \/>\n\t<meta name=\"twitter:data1\" content=\"8 minuti\" \/>\n<script type=\"application\/ld+json\" class=\"yoast-schema-graph\">{\"@context\":\"https:\/\/schema.org\",\"@graph\":[{\"@type\":\"WebPage\",\"@id\":\"https:\/\/www.blackjackinfo.com\/us\/west-virginia-online-casinos\/legal-online-blackjack-in-west-virginia\/\",\"url\":\"https:\/\/www.blackjackinfo.com\/us\/west-virginia-online-casinos\/legal-online-blackjack-in-west-virginia\/\",\"name\":\"Legal Online Blackjack in West Virginia\",\"isPartOf\":{\"@id\":\"https:\/\/www.blackjackinfo.com\/#website\"},\"datePublished\":\"2023-12-30T05:32:20+00:00\",\"description\":\"After passing HB2934 (the West Virginia Lottery Interactive Wagering Act) in March 2019, West Virginia became one of the six US states that have legalized\",\"breadcrumb\":{\"@id\":\"https:\/\/www.blackjackinfo.com\/us\/west-virginia-online-casinos\/legal-online-blackjack-in-west-virginia\/#breadcrumb\"},\"inLanguage\":\"it-IT\",\"potentialAction\":[{\"@type\":\"ReadAction\",\"target\":[\"https:\/\/www.blackjackinfo.com\/us\/west-virginia-online-casinos\/legal-online-blackjack-in-west-virginia\/\"]}]},{\"@type\":\"BreadcrumbList\",\"@id\":\"https:\/\/www.blackjackinfo.com\/us\/west-virginia-online-casinos\/legal-online-blackjack-in-west-virginia\/#breadcrumb\",\"itemListElement\":[{\"@type\":\"ListItem\",\"position\":1,\"name\":\"Home\",\"item\":\"https:\/\/www.blackjackinfo.com\/\"},{\"@type\":\"ListItem\",\"position\":2,\"name\":\"Online Casinos in the US\",\"item\":\"https:\/\/www.blackjackinfo.com\/us\/\"},{\"@type\":\"ListItem\",\"position\":3,\"name\":\"West Virginia Online Casinos\",\"item\":\"https:\/\/www.blackjackinfo.com\/us\/west-virginia-online-casinos\/\"},{\"@type\":\"ListItem\",\"position\":4,\"name\":\"Legal Online Blackjack in West Virginia\"}]},{\"@type\":\"WebSite\",\"@id\":\"https:\/\/www.blackjackinfo.com\/#website\",\"url\":\"https:\/\/www.blackjackinfo.com\/\",\"name\":\"BlackjackInfo.com\",\"description\":\"Because Winning is More Fun!\",\"potentialAction\":[{\"@type\":\"SearchAction\",\"target\":{\"@type\":\"EntryPoint\",\"urlTemplate\":\"https:\/\/www.blackjackinfo.com\/?s={search_term_string}\"},\"query-input\":{\"@type\":\"PropertyValueSpecification\",\"valueRequired\":true,\"valueName\":\"search_term_string\"}}],\"inLanguage\":\"it-IT\"}]}<\/script>\n<!-- \/ Yoast SEO plugin. -->","yoast_head_json":{"title":"Blackjack online legale in West Virginia","description":"Dopo l'approvazione della legge HB2934 (la legge sulle lotterie interattive della Virginia Occidentale) nel marzo 2019, la Virginia Occidentale \u00e8 diventata uno dei sei Stati degli USA che hanno legalizzato","robots":{"index":"index","follow":"follow","max-snippet":"max-snippet:-1","max-image-preview":"max-image-preview:large","max-video-preview":"max-video-preview:-1"},"canonical":"https:\/\/www.blackjackinfo.com\/it\/noi\/casino-online-della-virginia-occidentale\/blackjack-online-legale-in-west-virginia\/","og_locale":"it_IT","og_type":"article","og_title":"Legal Online Blackjack in West Virginia","og_description":"After passing HB2934 (the West Virginia Lottery Interactive Wagering Act) in March 2019, West Virginia became one of the six US states that have legalized","og_url":"https:\/\/www.blackjackinfo.com\/it\/noi\/casino-online-della-virginia-occidentale\/blackjack-online-legale-in-west-virginia\/","og_site_name":"BlackjackInfo.com","twitter_misc":{"Tempo di lettura stimato":"8 minuti"},"schema":{"@context":"https:\/\/schema.org","@graph":[{"@type":"WebPage","@id":"https:\/\/www.blackjackinfo.com\/us\/west-virginia-online-casinos\/legal-online-blackjack-in-west-virginia\/","url":"https:\/\/www.blackjackinfo.com\/us\/west-virginia-online-casinos\/legal-online-blackjack-in-west-virginia\/","name":"Blackjack online legale in West Virginia","isPartOf":{"@id":"https:\/\/www.blackjackinfo.com\/#website"},"datePublished":"2023-12-30T05:32:20+00:00","description":"Dopo l'approvazione della legge HB2934 (la legge sulle lotterie interattive della Virginia Occidentale) nel marzo 2019, la Virginia Occidentale \u00e8 diventata uno dei sei Stati degli USA che hanno legalizzato","breadcrumb":{"@id":"https:\/\/www.blackjackinfo.com\/us\/west-virginia-online-casinos\/legal-online-blackjack-in-west-virginia\/#breadcrumb"},"inLanguage":"it-IT","potentialAction":[{"@type":"ReadAction","target":["https:\/\/www.blackjackinfo.com\/us\/west-virginia-online-casinos\/legal-online-blackjack-in-west-virginia\/"]}]},{"@type":"BreadcrumbList","@id":"https:\/\/www.blackjackinfo.com\/us\/west-virginia-online-casinos\/legal-online-blackjack-in-west-virginia\/#breadcrumb","itemListElement":[{"@type":"ListItem","position":1,"name":"Home","item":"https:\/\/www.blackjackinfo.com\/"},{"@type":"ListItem","position":2,"name":"Online Casinos in the US","item":"https:\/\/www.blackjackinfo.com\/us\/"},{"@type":"ListItem","position":3,"name":"West Virginia Online Casinos","item":"https:\/\/www.blackjackinfo.com\/us\/west-virginia-online-casinos\/"},{"@type":"ListItem","position":4,"name":"Legal Online Blackjack in West Virginia"}]},{"@type":"WebSite","@id":"https:\/\/www.blackjackinfo.com\/#website","url":"https:\/\/www.blackjackinfo.com\/","name":"BlackjackInfo.com","description":"Perch\u00e9 vincere \u00e8 pi\u00f9 divertente!","potentialAction":[{"@type":"SearchAction","target":{"@type":"EntryPoint","urlTemplate":"https:\/\/www.blackjackinfo.com\/?s={search_term_string}"},"query-input":{"@type":"PropertyValueSpecification","valueRequired":true,"valueName":"search_term_string"}}],"inLanguage":"it-IT"}]}},"_links":{"self":[{"href":"https:\/\/www.blackjackinfo.com\/it\/wp-json\/wp\/v2\/pages\/6176","targetHints":{"allow":["GET"]}}],"collection":[{"href":"https:\/\/www.blackjackinfo.com\/it\/wp-json\/wp\/v2\/pages"}],"about":[{"href":"https:\/\/www.blackjackinfo.com\/it\/wp-json\/wp\/v2\/types\/page"}],"author":[{"embeddable":true,"href":"https:\/\/www.blackjackinfo.com\/it\/wp-json\/wp\/v2\/users\/4"}],"replies":[{"embeddable":true,"href":"https:\/\/www.blackjackinfo.com\/it\/wp-json\/wp\/v2\/comments?post=6176"}],"version-history":[{"count":1,"href":"https:\/\/www.blackjackinfo.com\/it\/wp-json\/wp\/v2\/pages\/6176\/revisions"}],"predecessor-version":[{"id":6177,"href":"https:\/\/www.blackjackinfo.com\/it\/wp-json\/wp\/v2\/pages\/6176\/revisions\/6177"}],"up":[{"embeddable":true,"href":"https:\/\/www.blackjackinfo.com\/it\/wp-json\/wp\/v2\/pages\/5729"}],"wp:attachment":[{"href":"https:\/\/www.blackjackinfo.com\/it\/wp-json\/wp\/v2\/media?parent=6176"}],"wp:term":[{"taxonomy":"post_tag","embeddable":true,"href":"https:\/\/www.blackjackinfo.com\/it\/wp-json\/wp\/v2\/tags?post=6176"}],"curies":[{"name":"wp","href":"https:\/\/api.w.org\/{rel}","templated":true}]}}