{"id":6460,"date":"2024-09-15T01:22:26","date_gmt":"2024-09-15T06:22:26","guid":{"rendered":"https:\/\/www.blackjackinfo.com\/?page_id=6460"},"modified":"2024-11-01T04:23:58","modified_gmt":"2024-11-01T09:23:58","slug":"casino-online","status":"publish","type":"page","link":"https:\/\/www.blackjackinfo.com\/it\/online-casinos\/","title":{"rendered":"Casin\u00f2 online: come funzionano?"},"content":{"rendered":"<p>Siete interessati a giocare in un casin\u00f2 online, ma come potete essere sicuri che sia affidabile? Con l'industria del gioco d'azzardo online che oggi vale oltre $60 miliardi a livello globale e che si prevede crescer\u00e0 di altri 11% ogni anno, non siete certo soli! Milioni di persone si godono ogni giorno la comodit\u00e0 e l'eccitazione dei casin\u00f2 online. Ma la questione dell'equit\u00e0 sorge spontanea: dopo tutto, tutti vogliono avere la possibilit\u00e0 di vincere in modo equo! <\/p>\n\n\n\n<p>Vediamo come i casin\u00f2 online assicurano un gioco corretto e come potete iniziare, se decidete di farlo.<\/p>\n\n\n\n<h2 class=\"wp-block-heading\">Come fanno i casin\u00f2 online a mantenere i giochi equi?<\/h2>\n\n\n\n<p>Uno dei modi principali con cui i casin\u00f2 online assicurano un gioco equo \u00e8 attraverso una tecnologia chiamata \"the <strong><a href=\"https:\/\/www.youtube.com\/watch?v=MNNcn5_K78k\">Generatore di numeri casuali (RNG)<\/a><\/strong>. Un RNG \u00e8 un software sofisticato progettato per produrre risultati casuali ogni volta che si gira una slot, si estrae una carta o si lanciano dadi online. <\/p>\n\n\n\n<p>Questo software, sviluppato da fornitori noti come <strong>Microgaming<\/strong>, <strong>NetEnt<\/strong>, e <strong>Playtech<\/strong>Il software RNG garantisce che il risultato di ogni gioco sia del tutto imprevedibile e non possa essere manomesso. Utilizzando un software RNG affidabile, i casin\u00f2 online possono imitare la casualit\u00e0 dei giochi fisici, offrendo ai giocatori una reale possibilit\u00e0 di vincita.<\/p>\n\n\n\n<h2 class=\"wp-block-heading\">Variet\u00e0 di gioco: Chi c'\u00e8 davvero dietro le vostre slot e i vostri giochi da tavolo preferiti?<\/h2>\n\n\n\n<p>I casin\u00f2 online dipendono in larga misura dai fornitori di software con cui collaborano. Questi fornitori sono aziende specializzate responsabili della creazione delle slot, dei giochi da tavolo e delle opzioni di dealer dal vivo che vedete sul sito. Per esempio, aziende come <strong>NetEnt<\/strong> si concentrano sulle slot, note per i loro temi accattivanti e per le immagini di alta qualit\u00e0, mentre <strong>Gioco d'azzardo Evolution<\/strong> \u00e8 rinomata per lo sviluppo di giochi con croupier dal vivo che mirano a ricreare l'atmosfera di un vero casin\u00f2. Ogni fornitore ha il proprio stile e i propri punti di forza, il che significa che i casin\u00f2 con partnership diverse offriranno librerie di gioco uniche.<\/p>\n\n\n\n<p>Se un casin\u00f2 collabora con pi\u00f9 fornitori, pu\u00f2 offrire un'ampia gamma di tipi e stili di gioco, in grado di soddisfare le preferenze dei giocatori. Pertanto, quando si esplora la selezione di giochi di un casin\u00f2, \u00e8 utile dare un'occhiata ai fornitori di software che stanno dietro ai giochi. Il loro coinvolgimento pu\u00f2 darvi un'idea del tipo di esperienza e di qualit\u00e0 che potete aspettarvi. Inoltre, serve a garantire la legittimit\u00e0 dei giochi, poich\u00e9 i fornitori di software affidabili sono sottoposti a controlli per verificarne la correttezza. <\/p>\n\n\n\n<h2 class=\"wp-block-heading\">Come vengono controllati questi sistemi?<\/h2>\n\n\n\n<p>Per dare ai giocatori una maggiore sicurezza, i casin\u00f2 pi\u00f9 affidabili si sottopongono a regolari controlli. <strong>audit di terze parti<\/strong> per verificare che i loro RNG funzionino correttamente. Agenzie di test indipendenti, come <strong>eCOGRA<\/strong>, <strong>Laboratori iTech<\/strong>, e <strong>GLI (Laboratori di gioco internazionali)<\/strong>I casin\u00f2 di Londra sono stati sottoposti a test approfonditi sul software. Queste verifiche assicurano che gli RNG forniscano risultati realmente casuali, confermando che n\u00e9 il casin\u00f2 n\u00e9 i giocatori godono di un vantaggio sleale.<\/p>\n\n\n\n<p>Quando un casin\u00f2 esibisce una certificazione o un sigillo di queste agenzie, segnala che i giochi hanno superato severi test di correttezza e trasparenza. I revisori verificano aspetti come le percentuali di vincita e la coerenza della casualit\u00e0 per assicurarsi che tutto sia in regola.<\/p>\n\n\n\n<h2 class=\"wp-block-heading\">Chi si assicura che i casin\u00f2 rispettino le regole?<\/h2>\n\n\n\n<p>Per creare fiducia nei confronti dei giocatori, i casin\u00f2 affidabili sono autorizzati e regolamentati da autorit\u00e0 di gioco affidabili. Queste autorit\u00e0, ad esempio la <strong>Autorit\u00e0 di gioco di Malta<\/strong> o <strong>Commissione per il gioco d'azzardo del Regno Unito<\/strong>I casin\u00f2 sono un'organizzazione che applica regole severe per garantire la correttezza e la sicurezza dei casin\u00f2. Quando un casin\u00f2 ha una licenza rilasciata da una di queste organizzazioni, significa che ha superato controlli dettagliati ed \u00e8 regolarmente monitorato.<\/p>\n\n\n\n<h2 class=\"wp-block-heading\">\u00c8 legale?<\/h2>\n\n\n\n<p>La legalit\u00e0 del gioco d'azzardo online varia in modo significativo a seconda del luogo in cui ci si trova, poich\u00e9 ogni Paese o regione ha le proprie leggi che regolano questa attivit\u00e0. In alcuni luoghi, il gioco d'azzardo online \u00e8 completamente legalizzato e regolamentato, offrendo un'ampia gamma di opzioni per i giocatori. <\/p>\n\n\n\n<p>Al contrario, altre aree possono imporre severe restrizioni o veri e propri divieti ai casin\u00f2 online, rendendo illegale la partecipazione dei residenti. Inoltre, anche all'interno dei Paesi in cui il gioco d'azzardo online \u00e8 legale, le normative specifiche possono stabilire quali tipi di giochi sono consentiti, chi pu\u00f2 gestire un casin\u00f2 e le modalit\u00e0 di concessione delle licenze. <\/p>\n\n\n\n<p>Pertanto, \u00e8 essenziale che i giocatori comprendano le leggi locali prima di dedicarsi al gioco d'azzardo online per garantire la conformit\u00e0 ed evitare potenziali problemi legali.<\/p>\n\n\n\n<h2 class=\"wp-block-heading\">In conclusione, il fair play \u00e8 la chiave per guadagnare la fiducia: Il fair play \u00e8 fondamentale per guadagnare fiducia<\/h2>\n\n\n\n<p>Per i casin\u00f2, la fiducia dei giocatori \u00e8 tutto, quindi investono molto in tecnologia e conformit\u00e0 per mantenere un ambiente equo. Se state iniziando a giocare, scegliete casin\u00f2 con licenza, certificati da autorit\u00e0 affidabili e sottoposti a verifiche indipendenti. <\/p>\n\n\n\n<p>Facciamo del nostro meglio per elencare solo casin\u00f2 affidabili sul nostro sito, tuttavia, come per l'acquisto di qualsiasi cosa online, raccomandiamo di fare ricerche e di leggere sempre attentamente i termini e le condizioni prima di giocare online.<\/p>\n\n\n\n<h2 class=\"wp-block-heading\">Articoli correlati<\/h2>\n\n\n\n<ul class=\"wp-block-list\">\n<li><a href=\"https:\/\/www.blackjackinfo.com\/are-online-casinos-rigged\/\">I casin\u00f2 online sono truccati?<\/a><\/li>\n<\/ul>","protected":false},"excerpt":{"rendered":"<p>So, you\u2019re interested in playing at a casino online, but how can you be sure they\u2019re trustworthy? With the online gambling industry now worth over $60 billion globally and expected to grow by another 11% each year, you\u2019re certainly not alone! Millions of people are enjoying the convenience and excitement of online casinos every day. [&hellip;]<\/p>\n","protected":false},"author":4,"featured_media":0,"parent":0,"menu_order":0,"comment_status":"closed","ping_status":"closed","template":"","meta":{"_acf_changed":false,"footnotes":""},"tags":[],"class_list":["post-6460","page","type-page","status-publish","hentry"],"acf":[],"yoast_head":"<!-- This site is optimized with the Yoast SEO plugin v26.6 - https:\/\/yoast.com\/wordpress\/plugins\/seo\/ -->\n<title>Online Casinos - How do they Work?<\/title>\n<meta name=\"description\" content=\"So, you\u2019re interested in playing at a casino online, but how can you be sure they\u2019re trustworthy? With the online gambling industry now worth over $60\" \/>\n<meta name=\"robots\" content=\"index, follow, max-snippet:-1, max-image-preview:large, max-video-preview:-1\" \/>\n<link rel=\"canonical\" href=\"https:\/\/www.blackjackinfo.com\/it\/casino-online\/\" \/>\n<meta property=\"og:locale\" content=\"it_IT\" \/>\n<meta property=\"og:type\" content=\"article\" \/>\n<meta property=\"og:title\" content=\"Online Casinos - How do they Work?\" \/>\n<meta property=\"og:description\" content=\"So, you\u2019re interested in playing at a casino online, but how can you be sure they\u2019re trustworthy? With the online gambling industry now worth over $60\" \/>\n<meta property=\"og:url\" content=\"https:\/\/www.blackjackinfo.com\/it\/casino-online\/\" \/>\n<meta property=\"og:site_name\" content=\"BlackjackInfo.com\" \/>\n<meta property=\"article:modified_time\" content=\"2024-11-01T09:23:58+00:00\" \/>\n<meta name=\"twitter:label1\" content=\"Tempo di lettura stimato\" \/>\n\t<meta name=\"twitter:data1\" content=\"4 minuti\" \/>\n<script type=\"application\/ld+json\" class=\"yoast-schema-graph\">{\"@context\":\"https:\/\/schema.org\",\"@graph\":[{\"@type\":\"WebPage\",\"@id\":\"https:\/\/www.blackjackinfo.com\/online-casinos\/\",\"url\":\"https:\/\/www.blackjackinfo.com\/online-casinos\/\",\"name\":\"Online Casinos - How do they Work?\",\"isPartOf\":{\"@id\":\"https:\/\/www.blackjackinfo.com\/#website\"},\"datePublished\":\"2024-09-15T06:22:26+00:00\",\"dateModified\":\"2024-11-01T09:23:58+00:00\",\"description\":\"So, you\u2019re interested in playing at a casino online, but how can you be sure they\u2019re trustworthy? With the online gambling industry now worth over $60\",\"breadcrumb\":{\"@id\":\"https:\/\/www.blackjackinfo.com\/online-casinos\/#breadcrumb\"},\"inLanguage\":\"it-IT\",\"potentialAction\":[{\"@type\":\"ReadAction\",\"target\":[\"https:\/\/www.blackjackinfo.com\/online-casinos\/\"]}]},{\"@type\":\"BreadcrumbList\",\"@id\":\"https:\/\/www.blackjackinfo.com\/online-casinos\/#breadcrumb\",\"itemListElement\":[{\"@type\":\"ListItem\",\"position\":1,\"name\":\"Home\",\"item\":\"https:\/\/www.blackjackinfo.com\/\"},{\"@type\":\"ListItem\",\"position\":2,\"name\":\"Online Casinos &#8211; How do they Work?\"}]},{\"@type\":\"WebSite\",\"@id\":\"https:\/\/www.blackjackinfo.com\/#website\",\"url\":\"https:\/\/www.blackjackinfo.com\/\",\"name\":\"BlackjackInfo.com\",\"description\":\"Because Winning is More Fun!\",\"potentialAction\":[{\"@type\":\"SearchAction\",\"target\":{\"@type\":\"EntryPoint\",\"urlTemplate\":\"https:\/\/www.blackjackinfo.com\/?s={search_term_string}\"},\"query-input\":{\"@type\":\"PropertyValueSpecification\",\"valueRequired\":true,\"valueName\":\"search_term_string\"}}],\"inLanguage\":\"it-IT\"}]}<\/script>\n<!-- \/ Yoast SEO plugin. -->","yoast_head_json":{"title":"Casin\u00f2 online: come funzionano?","description":"Siete interessati a giocare in un casin\u00f2 online, ma come potete essere sicuri che sia affidabile? Con l'industria del gioco d'azzardo online che vale oltre $60","robots":{"index":"index","follow":"follow","max-snippet":"max-snippet:-1","max-image-preview":"max-image-preview:large","max-video-preview":"max-video-preview:-1"},"canonical":"https:\/\/www.blackjackinfo.com\/it\/casino-online\/","og_locale":"it_IT","og_type":"article","og_title":"Online Casinos - How do they Work?","og_description":"So, you\u2019re interested in playing at a casino online, but how can you be sure they\u2019re trustworthy? With the online gambling industry now worth over $60","og_url":"https:\/\/www.blackjackinfo.com\/it\/casino-online\/","og_site_name":"BlackjackInfo.com","article_modified_time":"2024-11-01T09:23:58+00:00","twitter_misc":{"Tempo di lettura stimato":"4 minuti"},"schema":{"@context":"https:\/\/schema.org","@graph":[{"@type":"WebPage","@id":"https:\/\/www.blackjackinfo.com\/online-casinos\/","url":"https:\/\/www.blackjackinfo.com\/online-casinos\/","name":"Casin\u00f2 online: come funzionano?","isPartOf":{"@id":"https:\/\/www.blackjackinfo.com\/#website"},"datePublished":"2024-09-15T06:22:26+00:00","dateModified":"2024-11-01T09:23:58+00:00","description":"Siete interessati a giocare in un casin\u00f2 online, ma come potete essere sicuri che sia affidabile? Con l'industria del gioco d'azzardo online che vale oltre $60","breadcrumb":{"@id":"https:\/\/www.blackjackinfo.com\/online-casinos\/#breadcrumb"},"inLanguage":"it-IT","potentialAction":[{"@type":"ReadAction","target":["https:\/\/www.blackjackinfo.com\/online-casinos\/"]}]},{"@type":"BreadcrumbList","@id":"https:\/\/www.blackjackinfo.com\/online-casinos\/#breadcrumb","itemListElement":[{"@type":"ListItem","position":1,"name":"Home","item":"https:\/\/www.blackjackinfo.com\/"},{"@type":"ListItem","position":2,"name":"Online Casinos &#8211; How do they Work?"}]},{"@type":"WebSite","@id":"https:\/\/www.blackjackinfo.com\/#website","url":"https:\/\/www.blackjackinfo.com\/","name":"BlackjackInfo.com","description":"Perch\u00e9 vincere \u00e8 pi\u00f9 divertente!","potentialAction":[{"@type":"SearchAction","target":{"@type":"EntryPoint","urlTemplate":"https:\/\/www.blackjackinfo.com\/?s={search_term_string}"},"query-input":{"@type":"PropertyValueSpecification","valueRequired":true,"valueName":"search_term_string"}}],"inLanguage":"it-IT"}]}},"_links":{"self":[{"href":"https:\/\/www.blackjackinfo.com\/it\/wp-json\/wp\/v2\/pages\/6460","targetHints":{"allow":["GET"]}}],"collection":[{"href":"https:\/\/www.blackjackinfo.com\/it\/wp-json\/wp\/v2\/pages"}],"about":[{"href":"https:\/\/www.blackjackinfo.com\/it\/wp-json\/wp\/v2\/types\/page"}],"author":[{"embeddable":true,"href":"https:\/\/www.blackjackinfo.com\/it\/wp-json\/wp\/v2\/users\/4"}],"replies":[{"embeddable":true,"href":"https:\/\/www.blackjackinfo.com\/it\/wp-json\/wp\/v2\/comments?post=6460"}],"version-history":[{"count":5,"href":"https:\/\/www.blackjackinfo.com\/it\/wp-json\/wp\/v2\/pages\/6460\/revisions"}],"predecessor-version":[{"id":7500,"href":"https:\/\/www.blackjackinfo.com\/it\/wp-json\/wp\/v2\/pages\/6460\/revisions\/7500"}],"wp:attachment":[{"href":"https:\/\/www.blackjackinfo.com\/it\/wp-json\/wp\/v2\/media?parent=6460"}],"wp:term":[{"taxonomy":"post_tag","embeddable":true,"href":"https:\/\/www.blackjackinfo.com\/it\/wp-json\/wp\/v2\/tags?post=6460"}],"curies":[{"name":"wp","href":"https:\/\/api.w.org\/{rel}","templated":true}]}}