{"id":655,"date":"2014-10-13T20:14:31","date_gmt":"2014-10-14T01:14:31","guid":{"rendered":"http:\/\/test.blackjackinfo.com\/?page_id=655"},"modified":"2018-06-22T02:45:35","modified_gmt":"2018-06-22T07:45:35","slug":"gamemaster","status":"publish","type":"page","link":"https:\/\/www.blackjackinfo.com\/it\/gamemaster\/","title":{"rendered":"Chi \u00e8 il \"GameMaster\"?"},"content":{"rendered":"<p class=\"intro\">L'eccellente libro di 24 lezioni <a title=\"Scuola di blackjack\" href=\"\/blackjack-school\/\">Scuola di blackjack<\/a> ospitato qui su BlackjackInfo.com \u00e8 stato creato da un mio amico di nome Bill Channels che scrive come \"The GameMaster\".  Il suo sito GameMasterOnline.com conteneva una vasta gamma di articoli approfonditi sul blackjack e su altri giochi d'azzardo, finch\u00e9 non \u00e8 stato chiuso alla fine del 2014.<\/p>\n<p>Quando ho incontrato per la prima volta il GameMaster, ho sentito un'immediata affinit\u00e0.  Abbiamo molto in comune.  Siamo entrambi esperti giocatori vincenti ed entrambi ospitiamo siti web di gioco d'azzardo che risalgono ai primissimi giorni del web.  Il suo dominio GameMasterOnline.com \u00e8 stato registrato nel maggio del 1997, mentre il mio BlackjackInfo.com \u00e8 arrivato nel gennaio del 1998.  In realt\u00e0, questi non sono stati i nostri primi siti.  Lui lavorava originariamente con \"Rolling Good Times Online\", che risale al 1996, e il mio sito \u00e8 nato con un indirizzo fornito dal mio ISP pi\u00f9 o meno nello stesso periodo.  A quei tempi, il miglior motore di ricerca era AltaVista e nessuno aveva ancora sentito parlare di Google!<\/p>\n<p>Bill \u00e8 un vero bon vivant.  Nelle sue stesse parole:<\/p>\n<blockquote><p>Godetevi la vita! Ma fatelo con moderazione. Non date un vantaggio eccessivo ai casin\u00f2 quando giocate d'azzardo, e quando bevete, bevete roba buona. Mangiate una piccola bistecca e finite la cena con un buon porto o brandy e un ottimo sigaro.  Ottenere il meglio dalla vita ha poco a che fare con il denaro e tutto a che fare con il gusto.<cite>Il GameMaster<\/cite><\/p><\/blockquote>\n<p>Per un certo periodo \u00e8 stato l'importatore esclusivo negli Stati Uniti di una vodka di segale polacca a tripla distillazione.  La sua conoscenza degli alcolici e dei vini \u00e8 incredibile e la cena con lui \u00e8 sempre un'avventura.  \u00c8 stato un giocatore d'azzardo di successo per molti anni, guadagnando soldi in una variet\u00e0 di giochi da casin\u00f2.  Di tanto in tanto \u00e8 stato coinvolto nel mentoring e nell'insegnamento del blackjack, ed \u00e8 dalla sua esperienza di lavoro con gli studenti che ha creato la sua scuola di blackjack.<\/p>\n<p>Il GameMaster ha reso disponibile la sua scuola di blackjack di 24 lezioni per la pubblicazione su qualsiasi sito web di gioco d'azzardo che soddisfacesse i suoi requisiti editoriali, in cambio di link al suo DVD del materiale del corso.  Fu cos\u00ec che iniziai a ospitare la scuola qui su BlackjackInfo.  La serie fu cos\u00ec apprezzata dai miei visitatori che in seguito pagai per far tradurre le lezioni in francese e in italiano.<\/p>\n<p><a href=\"http:\/\/www.amazon.com\/dp\/1477594663\/?tag=theblackjacbasic\"><img loading=\"lazy\" decoding=\"async\" class=\"alignright size-full wp-image-661\" src=\"\/files\/GameMaster-Darn-Near-Complete-Book-Of-Winning-At-Blackjack.jpg\" alt=\"The (Darn Near) Complete Book Of Winning At Blackjack\" width=\"175\" height=\"250\" data-no-auto-translation=\"\" \/><\/a>Nel 2012, Bill ha raccolto le sue riflessioni sul blackjack e ha pubblicato un libro:<br \/>\n<a href=\"http:\/\/www.amazon.com\/dp\/1477594663\/?tag=theblackjacbasic\">Il libro (quasi) completo su come vincere al blackjack<\/a><br \/>\n(Il link \u00e8 direttamente al suo libro su Amazon).<\/p>\n<p>Mettere il suo vero nome sulla copertina del libro \u00e8 stata la prima volta che ha rivelato pubblicamente l'identit\u00e0 del GameMaster.  Era nervoso al riguardo e temeva che questo potesse costargli il tempo di gioco al casin\u00f2.  Ma l'ultima volta che ne abbiamo parlato aveva ancora il successo di sempre ai tavoli da gioco.<\/p>\n<p>Purtroppo, mentre scrivo questo articolo alla fine del 2014, non sono riuscito a contattare Bill per diversi mesi.  Il suo sito web \u00e8 stato trascurato e a settembre ha smesso di rispondere del tutto.  I miei tentativi di contattarlo via e-mail sono falliti; un vecchio numero di telefono non \u00e8 pi\u00f9 valido e non ho ricevuto risposta quando ho spedito una lettera a un indirizzo che avevo.  Negli ultimi anni ha avuto diversi gravi problemi di salute e nel dicembre 2013 ha scritto su Facebook di essersi trasferito in una casa di riposo a causa delle sue condizioni fisiche.<\/p>\n<p>Per ora, tutti i link di questo sito che prima portavano a GameMasterOnline ora portano a questa pagina.<\/p>\n<p>Sono sicuro che quando sentir\u00f2 Bill, ci sorrider\u00e0 e ci dir\u00e0 di andare avanti, di goderci la vita e di andare a vincere un po' di soldi.<\/p>","protected":false},"excerpt":{"rendered":"<p>The excellent 24-lesson Blackjack School hosted here at BlackjackInfo.com was created by a friend of mine named Bill Channels who writes as &#8220;The GameMaster&#8221;.\u00a0 His website GameMasterOnline.com held a huge array of insightful articles about blackjack and other gambling games until it went dark in late 2014. When I first met the GameMaster, I felt [&hellip;]<\/p>\n","protected":false},"author":2,"featured_media":0,"parent":0,"menu_order":0,"comment_status":"open","ping_status":"closed","template":"","meta":{"_acf_changed":false,"footnotes":""},"tags":[],"class_list":["post-655","page","type-page","status-publish","hentry"],"acf":[],"yoast_head":"<!-- This site is optimized with the Yoast SEO plugin v26.6 - https:\/\/yoast.com\/wordpress\/plugins\/seo\/ -->\n<title>Who is the &quot;GameMaster&quot;?<\/title>\n<meta name=\"description\" content=\"Among many other talents, the GameMaster developed the Blackjack School which is one of our most popular features at BlackjackInfo. Learn more here.\" \/>\n<meta name=\"robots\" content=\"index, follow, max-snippet:-1, max-image-preview:large, max-video-preview:-1\" \/>\n<link rel=\"canonical\" href=\"https:\/\/www.blackjackinfo.com\/it\/gamemaster\/\" \/>\n<meta property=\"og:locale\" content=\"it_IT\" \/>\n<meta property=\"og:type\" content=\"article\" \/>\n<meta property=\"og:title\" content=\"Who is the &quot;GameMaster&quot;?\" \/>\n<meta property=\"og:description\" content=\"Among many other talents, the GameMaster developed the Blackjack School which is one of our most popular features at BlackjackInfo. Learn more here.\" \/>\n<meta property=\"og:url\" content=\"https:\/\/www.blackjackinfo.com\/it\/gamemaster\/\" \/>\n<meta property=\"og:site_name\" content=\"BlackjackInfo.com\" \/>\n<meta property=\"article:modified_time\" content=\"2018-06-22T07:45:35+00:00\" \/>\n<meta name=\"twitter:label1\" content=\"Tempo di lettura stimato\" \/>\n\t<meta name=\"twitter:data1\" content=\"3 minuti\" \/>\n<script type=\"application\/ld+json\" class=\"yoast-schema-graph\">{\"@context\":\"https:\/\/schema.org\",\"@graph\":[{\"@type\":\"WebPage\",\"@id\":\"https:\/\/www.blackjackinfo.com\/gamemaster\/\",\"url\":\"https:\/\/www.blackjackinfo.com\/gamemaster\/\",\"name\":\"Who is the \\\"GameMaster\\\"?\",\"isPartOf\":{\"@id\":\"https:\/\/www.blackjackinfo.com\/#website\"},\"datePublished\":\"2014-10-14T01:14:31+00:00\",\"dateModified\":\"2018-06-22T07:45:35+00:00\",\"description\":\"Among many other talents, the GameMaster developed the Blackjack School which is one of our most popular features at BlackjackInfo. Learn more here.\",\"breadcrumb\":{\"@id\":\"https:\/\/www.blackjackinfo.com\/gamemaster\/#breadcrumb\"},\"inLanguage\":\"it-IT\",\"potentialAction\":[{\"@type\":\"ReadAction\",\"target\":[\"https:\/\/www.blackjackinfo.com\/gamemaster\/\"]}]},{\"@type\":\"BreadcrumbList\",\"@id\":\"https:\/\/www.blackjackinfo.com\/gamemaster\/#breadcrumb\",\"itemListElement\":[{\"@type\":\"ListItem\",\"position\":1,\"name\":\"Home\",\"item\":\"https:\/\/www.blackjackinfo.com\/\"},{\"@type\":\"ListItem\",\"position\":2,\"name\":\"Who is the &#8220;GameMaster&#8221;?\"}]},{\"@type\":\"WebSite\",\"@id\":\"https:\/\/www.blackjackinfo.com\/#website\",\"url\":\"https:\/\/www.blackjackinfo.com\/\",\"name\":\"BlackjackInfo.com\",\"description\":\"Because Winning is More Fun!\",\"potentialAction\":[{\"@type\":\"SearchAction\",\"target\":{\"@type\":\"EntryPoint\",\"urlTemplate\":\"https:\/\/www.blackjackinfo.com\/?s={search_term_string}\"},\"query-input\":{\"@type\":\"PropertyValueSpecification\",\"valueRequired\":true,\"valueName\":\"search_term_string\"}}],\"inLanguage\":\"it-IT\"}]}<\/script>\n<!-- \/ Yoast SEO plugin. -->","yoast_head_json":{"title":"Chi \u00e8 il \"GameMaster\"?","description":"Tra i tanti talenti, il GameMaster ha sviluppato la Scuola di Blackjack, una delle nostre funzioni pi\u00f9 popolari su BlackjackInfo. Per saperne di pi\u00f9, cliccate qui.","robots":{"index":"index","follow":"follow","max-snippet":"max-snippet:-1","max-image-preview":"max-image-preview:large","max-video-preview":"max-video-preview:-1"},"canonical":"https:\/\/www.blackjackinfo.com\/it\/gamemaster\/","og_locale":"it_IT","og_type":"article","og_title":"Who is the \"GameMaster\"?","og_description":"Among many other talents, the GameMaster developed the Blackjack School which is one of our most popular features at BlackjackInfo. Learn more here.","og_url":"https:\/\/www.blackjackinfo.com\/it\/gamemaster\/","og_site_name":"BlackjackInfo.com","article_modified_time":"2018-06-22T07:45:35+00:00","twitter_misc":{"Tempo di lettura stimato":"3 minuti"},"schema":{"@context":"https:\/\/schema.org","@graph":[{"@type":"WebPage","@id":"https:\/\/www.blackjackinfo.com\/gamemaster\/","url":"https:\/\/www.blackjackinfo.com\/gamemaster\/","name":"Chi \u00e8 il \"GameMaster\"?","isPartOf":{"@id":"https:\/\/www.blackjackinfo.com\/#website"},"datePublished":"2014-10-14T01:14:31+00:00","dateModified":"2018-06-22T07:45:35+00:00","description":"Tra i tanti talenti, il GameMaster ha sviluppato la Scuola di Blackjack, una delle nostre funzioni pi\u00f9 popolari su BlackjackInfo. Per saperne di pi\u00f9, cliccate qui.","breadcrumb":{"@id":"https:\/\/www.blackjackinfo.com\/gamemaster\/#breadcrumb"},"inLanguage":"it-IT","potentialAction":[{"@type":"ReadAction","target":["https:\/\/www.blackjackinfo.com\/gamemaster\/"]}]},{"@type":"BreadcrumbList","@id":"https:\/\/www.blackjackinfo.com\/gamemaster\/#breadcrumb","itemListElement":[{"@type":"ListItem","position":1,"name":"Home","item":"https:\/\/www.blackjackinfo.com\/"},{"@type":"ListItem","position":2,"name":"Who is the &#8220;GameMaster&#8221;?"}]},{"@type":"WebSite","@id":"https:\/\/www.blackjackinfo.com\/#website","url":"https:\/\/www.blackjackinfo.com\/","name":"BlackjackInfo.com","description":"Perch\u00e9 vincere \u00e8 pi\u00f9 divertente!","potentialAction":[{"@type":"SearchAction","target":{"@type":"EntryPoint","urlTemplate":"https:\/\/www.blackjackinfo.com\/?s={search_term_string}"},"query-input":{"@type":"PropertyValueSpecification","valueRequired":true,"valueName":"search_term_string"}}],"inLanguage":"it-IT"}]}},"_links":{"self":[{"href":"https:\/\/www.blackjackinfo.com\/it\/wp-json\/wp\/v2\/pages\/655","targetHints":{"allow":["GET"]}}],"collection":[{"href":"https:\/\/www.blackjackinfo.com\/it\/wp-json\/wp\/v2\/pages"}],"about":[{"href":"https:\/\/www.blackjackinfo.com\/it\/wp-json\/wp\/v2\/types\/page"}],"author":[{"embeddable":true,"href":"https:\/\/www.blackjackinfo.com\/it\/wp-json\/wp\/v2\/users\/2"}],"replies":[{"embeddable":true,"href":"https:\/\/www.blackjackinfo.com\/it\/wp-json\/wp\/v2\/comments?post=655"}],"version-history":[{"count":19,"href":"https:\/\/www.blackjackinfo.com\/it\/wp-json\/wp\/v2\/pages\/655\/revisions"}],"predecessor-version":[{"id":1505,"href":"https:\/\/www.blackjackinfo.com\/it\/wp-json\/wp\/v2\/pages\/655\/revisions\/1505"}],"wp:attachment":[{"href":"https:\/\/www.blackjackinfo.com\/it\/wp-json\/wp\/v2\/media?parent=655"}],"wp:term":[{"taxonomy":"post_tag","embeddable":true,"href":"https:\/\/www.blackjackinfo.com\/it\/wp-json\/wp\/v2\/tags?post=655"}],"curies":[{"name":"wp","href":"https:\/\/api.w.org\/{rel}","templated":true}]}}