{"id":697,"date":"2014-10-18T14:58:40","date_gmt":"2014-10-18T19:58:40","guid":{"rendered":"http:\/\/test.blackjackinfo.com\/?page_id=697"},"modified":"2020-02-18T17:53:25","modified_gmt":"2020-02-18T23:53:25","slug":"lezione-03-contare-le-carte-le-basi","status":"publish","type":"page","link":"https:\/\/www.blackjackinfo.com\/it\/blackjack-school\/lesson-03-counting-cards-the-basics\/","title":{"rendered":"Lezione 3 - Contare le carte, le basi"},"content":{"rendered":"<p class=\"intro\">\n<b>Con questa lezione, intendo togliere il velo di mistero che sembra circondare il concetto di conteggio delle carte.<\/b>  Qui scoprirete che non \u00e8 necessario essere un genio per tenere traccia di tutte le carte in una scarpetta a sei mazzi; basta conoscere alcuni segreti del contatore di carte.<\/p>\n<p><b>Il primo \"segreto\" \u00e8 che non memorizziamo le carte di un mazzo.<\/b>  Invece, a ogni carta viene assegnato un valore in punti e tutto ci\u00f2 che stiamo facendo \u00e8 sommare i valori in punti e convertire queste informazioni in una forma utilizzabile.  I valori dei punti dipendono dal sistema di conteggio che il giocatore decide di utilizzare.  In questa scuola, insegner\u00f2 il sistema \"Alto \/ Basso\" o \"Pi\u00f9 \/ Meno\", ma se scegliete di impararne un altro, tutto ci\u00f2 che insegner\u00f2 sar\u00e0 comunque valido.<\/p>\n<p><b>L'altro grande \"segreto\" del conteggio delle carte \u00e8 il modo in cui lo facciamo al tavolo del Blackjack.<\/b>  Credo che la maggior parte delle persone che hanno avuto a che fare con il conteggio possano avere una buona padronanza a casa, ma una volta che si trovano in mezzo alle distrazioni di un casin\u00f2, la loro capacit\u00e0 di tenere traccia delle carte, di giocare la mano in modo corretto e di fare una puntata in tempo si rompe.  Vi ricordate quando vi ho detto che era un MUST per voi conoscere la strategia di base cos\u00ec come conoscete il vostro nome?  Ora inizierete a capire perch\u00e9 \u00e8 necessario; non avete bisogno di altre cose a cui pensare quando siete \"sul green\".<\/p>\n<div class=\"row\" style=\"margin-bottom:20px\">\n    <div class=\"col-sm-12\">\n                <h2>I migliori casin\u00f2 online degli Stati Uniti <span\n                class=\"flag-icon flag-icon-us\"><\/span><\/h2>\n\n        \n                \n        <div class=\"ranking-table text-center\">\n            <div class=\"row flex ad-row\">\n                <div class=\"col-sm-3\">\n                    <div class=\"row flex\">\n\n                        <div class=\"col-sm-3\">\n                            <div class=\"ranking-number text-center\">\n\n                                1                                \n                            <\/div>\n                        <\/div>\n                        <div class=\"col-sm-9\">\n                            <img decoding=\"async\" src=\"https:\/\/www.blackjackinfo.com\/files\/bovada.png\" data-no-auto-translation=\"\">\n                        <\/div>\n                    <\/div>\n                <\/div>\n                <div class=\"col-sm-4\">\n                    <div class=\"bonus-text text-center\"><span class=\"red\">100% fino a $1.000<\/span><\/div>\n\t\t\t\t\t\n\n                <\/div>\n                <div class=\"col-sm-2\">\n                    <a class=\"btn btn-wire\" href=\"\/it\/casino\/bovada\/\">Recensione<\/a>\n\n                <\/div>\n                <div class=\"col-sm-3\">\n                    <a rel=\"nofollow\" target=\"_blank\" class=\"btn btn-blue\" href=\"\/goto\/goto\/\">Giocare\n                        Ora<\/a>\n\t\t\t\t\t\t\n\n                <\/div>\n            <\/div>\n        <\/div>\n\n\n\n        \n                \n        <div class=\"ranking-table text-center\">\n            <div class=\"row flex ad-row\">\n                <div class=\"col-sm-3\">\n                    <div class=\"row flex\">\n\n                        <div class=\"col-sm-3\">\n                            <div class=\"ranking-number text-center\">\n\n                                2                                \n                            <\/div>\n                        <\/div>\n                        <div class=\"col-sm-9\">\n                            <img decoding=\"async\" src=\"https:\/\/www.blackjackinfo.com\/files\/ignition-casino-logo.png\" data-no-auto-translation=\"\">\n                        <\/div>\n                    <\/div>\n                <\/div>\n                <div class=\"col-sm-4\">\n                    <div class=\"bonus-text text-center\"><span class=\"red\">100% fino a $1.000<\/span><\/div>\n\t\t\t\t\t\n\n                <\/div>\n                <div class=\"col-sm-2\">\n                    <a class=\"btn btn-wire\" href=\"\/it\/casino\/ignition-casino\/\">Recensione<\/a>\n\n                <\/div>\n                <div class=\"col-sm-3\">\n                    <a rel=\"nofollow\" target=\"_blank\" class=\"btn btn-blue\" href=\"\/goto\/goto\/\">Giocare\n                        Ora<\/a>\n\t\t\t\t\t\t\n\n                <\/div>\n            <\/div>\n        <\/div>\n\n\n\n        \n                \n        <div class=\"ranking-table text-center\">\n            <div class=\"row flex ad-row\">\n                <div class=\"col-sm-3\">\n                    <div class=\"row flex\">\n\n                        <div class=\"col-sm-3\">\n                            <div class=\"ranking-number text-center\">\n\n                                3                                \n                            <\/div>\n                        <\/div>\n                        <div class=\"col-sm-9\">\n                            <img decoding=\"async\" src=\"https:\/\/www.blackjackinfo.com\/files\/VipSlots-500x250_dark.svg\" data-no-auto-translation=\"\">\n                        <\/div>\n                    <\/div>\n                <\/div>\n                <div class=\"col-sm-4\">\n                    <div class=\"bonus-text text-center\"><span class=\"red\">100 SPIN GRATUITI su Vita segreta dei gatti<\/span><\/div>\n\t\t\t\t\t\n\n                <\/div>\n                <div class=\"col-sm-2\">\n                    <a class=\"btn btn-wire\" href=\"\/it\/casino\/vipslots-casino\/\">Recensione<\/a>\n\n                <\/div>\n                <div class=\"col-sm-3\">\n                    <a rel=\"nofollow\" target=\"_blank\" class=\"btn btn-blue\" href=\"\/goto\/goto\/\">Giocare\n                        Ora<\/a>\n\t\t\t\t\t\t\n\n                <\/div>\n            <\/div>\n        <\/div>\n\n\n\n        \n                \n        <div class=\"ranking-table text-center\">\n            <div class=\"row flex ad-row\">\n                <div class=\"col-sm-3\">\n                    <div class=\"row flex\">\n\n                        <div class=\"col-sm-3\">\n                            <div class=\"ranking-number text-center\">\n\n                                4                                \n                            <\/div>\n                        <\/div>\n                        <div class=\"col-sm-9\">\n                            <img decoding=\"async\" src=\"https:\/\/www.blackjackinfo.com\/files\/vegas_casino_online.png\" data-no-auto-translation=\"\">\n                        <\/div>\n                    <\/div>\n                <\/div>\n                <div class=\"col-sm-4\">\n                    <div class=\"bonus-text text-center\"><span class=\"red\">300% fino a $3.000<\/span><\/div>\n\t\t\t\t\t\n\n                <\/div>\n                <div class=\"col-sm-2\">\n                    <a class=\"btn btn-wire\" href=\"\/it\/casino\/vegas-casino-online-2\/\">Recensione<\/a>\n\n                <\/div>\n                <div class=\"col-sm-3\">\n                    <a rel=\"nofollow\" target=\"_blank\" class=\"btn btn-blue\" href=\"\/goto\/goto\/\">Giocare\n                        Ora<\/a>\n\t\t\t\t\t\t\n\n                <\/div>\n            <\/div>\n        <\/div>\n\n\n\n        \n                \n        <div class=\"ranking-table text-center\">\n            <div class=\"row flex ad-row\">\n                <div class=\"col-sm-3\">\n                    <div class=\"row flex\">\n\n                        <div class=\"col-sm-3\">\n                            <div class=\"ranking-number text-center\">\n\n                                5                                \n                            <\/div>\n                        <\/div>\n                        <div class=\"col-sm-9\">\n                            <img decoding=\"async\" src=\"https:\/\/www.blackjackinfo.com\/files\/cafe-casino-logo.svg\" data-no-auto-translation=\"\">\n                        <\/div>\n                    <\/div>\n                <\/div>\n                <div class=\"col-sm-4\">\n                    <div class=\"bonus-text text-center\"><span class=\"red\">250% fino a $1.500<\/span><\/div>\n\t\t\t\t\t\n\n                <\/div>\n                <div class=\"col-sm-2\">\n                    <a class=\"btn btn-wire\" href=\"\/it\/casino\/cafe-casino\/\">Recensione<\/a>\n\n                <\/div>\n                <div class=\"col-sm-3\">\n                    <a rel=\"nofollow\" target=\"_blank\" class=\"btn btn-blue\" href=\"\/goto\/goto\/\">Giocare\n                        Ora<\/a>\n\t\t\t\t\t\t\n\n                <\/div>\n            <\/div>\n        <\/div>\n\n\n\n            <\/div>\n<\/div>\n<h3>Scegliere un sistema<\/h3>\n<p><b>Esistono diversi sistemi di conteggio delle carte e, come per la maggior parte delle cose nella vita, ognuno ha i suoi vantaggi e i suoi svantaggi.<\/b>  Cercher\u00f2 di fare una cernita dei pi\u00f9 popolari e di aiutarvi a scegliere quello che fa per voi.  Probabilmente il fattore pi\u00f9 importante nella scelta di un sistema \u00e8 il tipo di gioco che farete per la maggior parte del tempo.  Ad esempio, se giocate prevalentemente nell'area di Reno\/Tahoe, dovreste imparare un sistema che si comporti bene contro i giochi a mazzo singolo.  Se invece giocate nella mia vecchia zona di residenza, Atlantic City, dovrete imparare un sistema che sia potente nei giochi a pi\u00f9 mazzi.<\/p>\n<p><b>Un altro fattore importante nella scelta di un sistema \u00e8 la quantit\u00e0 di tempo che si trascorre giocando a Blackjack.<\/b>  Questo vi sorprender\u00e0, ma un giocatore che intende passare molto tempo ai tavoli dovrebbe imparare un sistema molto semplice.  Dico questo perch\u00e9, sebbene sia davvero molto facile, richiede una certa concentrazione e pi\u00f9 semplice \u00e8 il sistema, pi\u00f9 facile \u00e8 concentrarsi per lunghi periodi di tempo.  D'altra parte, se avete intenzione di giocare solo per 3 o 4 ore alla settimana, un sistema pi\u00f9 difficile pu\u00f2 andare bene per voi, poich\u00e9 un sistema difficile \u00e8 di solito pi\u00f9 potente e ottimizza il tempo che trascorrete ai tavoli.  Ora, alcuni di voi \"tipi A\" l\u00e0 fuori stanno pensando di passare molto tempo ai tavoli e di usare un sistema molto potente (e complicato) per ottenere il massimo $$$ dal vostro gioco.  Il problema \u00e8 che in queste circostanze gli errori cominciano ad insinuarsi e possono farvi perdere il vantaggio.  Si applica il principio KISS: <b>\"Keep It Simple, Stupid\"<\/b>.  Se volete davvero ottenere il massimo dal gioco, fate come ho fatto io: imparate due sistemi di conteggio.  Ne uso uno per i giochi a pi\u00f9 mazzi e un altro per quelli a un solo mazzo.  Non \u00e8 poi cos\u00ec difficile e, man mano che procediamo con le lezioni su come imparare a contare, vedrete come gli esercizi che vi insegner\u00f2 possono implementare questa strategia.<\/p>\n<p><b>I sistemi di conteggio delle carte sono valutati in base a due fattori principali: Efficienza di scommessa (BE) ed efficienza di gioco (PE).<\/b>.  L'anomalia dei sistemi di conteggio \u00e8 che se si aumenta il BE, nella maggior parte dei casi si diminuisce contemporaneamente il PE.  Questo accade a causa del ruolo insolito che l'Asso svolge nel gioco.  Ai fini delle scommesse, l'Asso \u00e8 una carta molto potente; \u00e8 il componente principale di un \"naturale\" che paga 3 a 2. Ma per giocare una mano, l'Asso ha un valore piuttosto limitato.  Quante volte avete raddoppiato un 11 e avete ottenuto un Asso?  Ora avete un totale di 12... eccitante, eh?  Se invece raddoppiate un 14, ottenete un Asso e avete 15, non c'\u00e8 niente di cui gridare, vero?  Certo, \u00e8 fantastico raddoppiare un 10 e ottenere un Asso, ma questa \u00e8 una delle pochissime volte in cui l'Asso aiuta nel gioco di una mano.<\/p>\n<p><b>Il modo in cui un sistema di conteggio tratta l'Asso determina molto sul BE e sul PE di quel sistema.<\/b>  Se avete bisogno di un'alta efficienza di puntata, come in un gioco a pi\u00f9 mazzi, allora scegliete un sistema che conta l'Asso come una carta \"grande\"; se invece il vostro gioco preferito \u00e8 a un solo mazzo, scegliete un sistema che tratta l'Asso come una carta \"neutra\" (e tenete traccia degli Assi in un \"conteggio laterale\", un trucco che vi mostrer\u00f2 pi\u00f9 avanti).<\/p>\n<p><b>I giochi a pi\u00f9 mazzi sono battuti principalmente da un ampio spread di scommesse.<\/b>  In poche parole, si scommette poco quando il banco \u00e8 in vantaggio e molto di pi\u00f9 quando si \u00e8 in vantaggio.  Un sistema di conteggio con un alto fattore BE vi dice quando puntare forte.  In un gioco a un solo mazzo, dove il banco sa che un grande spread far\u00e0 vincere l'$$$, un PE elevato vi permette di puntare meno e vincere comunque.  Non dimenticate che i casin\u00f2 sanno che i loro giochi sono vulnerabili e sono alla ricerca di persone in grado di batterli.  Un grande spread di scommesse \u00e8 un indizio che usano per individuare i contatori e, a seconda di dove giocate, essere individuati come contatori pu\u00f2 causare la vostra espulsione (\"barring\") dal casin\u00f2.  Vorrei sottolineare che ci\u00f2 che vi sto insegnando \u00e8 del tutto legale, ma non tutti nel settore dei casin\u00f2 la pensano come me.  Non ci sono leggi contro il conteggio delle carte e potete essere il miglior banco del mondo, ma se i casin\u00f2 non vi lasciano giocare la vostra abilit\u00e0 \u00e8 sprecata.<\/p>\n<p><b>Per aiutarvi a decidere il conteggio da utilizzare, visitate la serie di articoli intitolata \"Sistemi di conteggio\" nella pagina del menu del Blackjack. <a href=\"\/gamemaster\/\">GameMaster OnLine<\/a>  e guardare i sistemi che vengono recensiti.<\/b>  Come accennato in precedenza, parler\u00f2 specificamente del conteggio \"High \/ Low\", ma potete imparare qualsiasi conteggio con i metodi che utilizzer\u00f2.  Se si tratta di giochi a singolo mazzo, il conteggio Hi-Opt 1 \u00e8 probabilmente il migliore per iniziare; se si tratta di giochi a pi\u00f9 mazzi, si pu\u00f2 optare per il conteggio High \/ Low.  Dato che insegner\u00f2 il \"vero conteggio\", uno di questi sistemi funzioner\u00e0 bene, indipendentemente dal luogo in cui giocherete.  La maggior parte delle conte \"sbilanciate\" non richiede l'apprendimento della conta reale, ma non \u00e8 un grosso problema, quindi attenetevi a una delle conte \"bilanciate\".  Per coloro che vogliono davvero approfondire il tema, \u00e8 consigliabile utilizzare il conteggio \"Zen\" di Arnold Snyder, ma dovreste acquistare il suo libro \"Blackbelt in Blackjack\" per integrare ci\u00f2 che sto insegnando.<\/p>\n<p><b>Nella prossima lezione<\/b> Vi mostrer\u00f2 come imparare un sistema di conteggio con i seguenti valori di \"punti\":<\/p>\n<p>2, 3, 4, 5, 6 = +1<br \/>\n7, 8, 9 = 0<br \/>\n10, J, Q, K, A = -1<\/p>\n<p><b>Questo sistema ha un'efficienza di scommessa di 97% e un'efficienza di gioco di 51%.<\/b>  Il miglior sistema al mondo avrebbe un punteggio di 98% BE e 70% PE, quindi quello che imparerete \u00e8 facile da usare per lunghi periodi di tempo, \u00e8 buono per stimare il vostro margine ai fini delle puntate ed \u00e8 solo \"OK\" per giocare correttamente la mano.  (A proposito, esiste una terza valutazione per i sistemi di conteggio: l'efficienza assicurativa.  Mentre la strategia di base dice di non prendere mai l'assicurazione, una volta che la proporzione di dieci nei mazzi rimanenti raggiunge un certo punto, diventa redditizio fare la scommessa sull'assicurazione.  Il sistema di conteggio Alto\/Basso ha un'efficienza assicurativa di .76, il che significa che circa 3\/4 delle volte in cui si prende l'assicurazione (come determinato dal \"vero conteggio\"), sar\u00e0 la decisione corretta.  Ma... stiamo andando avanti, quindi copiate i vostri compiti e andatevene.<\/p>\n<h3>Compiti a casa<\/h3>\n<ul>\n<li>Continuate a lavorare con il vostro <b>Cartoline<\/b> almeno mezz'ora al giorno.<\/li>\n<li>Fare almeno una <b>\"Esercizio di ricostruzione della strategia di base\".<\/b> ogni giorno e continuare a lavorare sulla velocit\u00e0.<\/li>\n<li>Fare almeno una <b>\"Esercizio di decisione sulla strategia di base\" <\/b>ogni giorno e concentrarsi su come fare in meno di 2 minuti.<\/li>\n<li>Lavorare con i tre <b>\"Esercizi con le carte\"<\/b> e concentrarsi sulla somma della mano mentre si gioca con una corretta strategia di base.<\/li>\n<\/ul>\n<p>Per ora la scuola \u00e8 finita.  Ci vediamo qui la prossima volta.<\/p>","protected":false},"excerpt":{"rendered":"<p>With this lesson, I&#8217;m going to unwrap the veil of mystery which seems to surround the concept of card counting. Here you will discover that you don&#8217;t have to be a genius to keep track of all the cards in a six-deck shoe; you just have to know a few card-counter secrets. The first &#8220;secret&#8221; [&hellip;]<\/p>\n","protected":false},"author":2,"featured_media":0,"parent":634,"menu_order":0,"comment_status":"open","ping_status":"open","template":"page-blackjack-school.php","meta":{"_acf_changed":false,"footnotes":""},"tags":[],"class_list":["post-697","page","type-page","status-publish","hentry"],"acf":[],"yoast_head":"<!-- This site is optimized with the Yoast SEO plugin v26.6 - https:\/\/yoast.com\/wordpress\/plugins\/seo\/ -->\n<title>Blackjack School \u1408 Lesson 3 - Counting Cards, The Basics<\/title>\n<meta name=\"description\" content=\"Lesson 3 in the GameMaster&#039;s Free Blackjack School - How and why card counting works.\" \/>\n<meta name=\"robots\" content=\"index, follow, max-snippet:-1, max-image-preview:large, max-video-preview:-1\" \/>\n<link rel=\"canonical\" href=\"https:\/\/www.blackjackinfo.com\/it\/scuola-di-blackjack\/lezione-03-contare-le-carte-le-basi\/\" \/>\n<meta property=\"og:locale\" content=\"it_IT\" \/>\n<meta property=\"og:type\" content=\"article\" \/>\n<meta property=\"og:title\" content=\"Blackjack School \u1408 Lesson 3 - Counting Cards, The Basics\" \/>\n<meta property=\"og:description\" content=\"Lesson 3 in the GameMaster&#039;s Free Blackjack School - How and why card counting works.\" \/>\n<meta property=\"og:url\" content=\"https:\/\/www.blackjackinfo.com\/it\/scuola-di-blackjack\/lezione-03-contare-le-carte-le-basi\/\" \/>\n<meta property=\"og:site_name\" content=\"BlackjackInfo.com\" \/>\n<meta property=\"article:modified_time\" content=\"2020-02-18T23:53:25+00:00\" \/>\n<meta name=\"twitter:label1\" content=\"Tempo di lettura stimato\" \/>\n\t<meta name=\"twitter:data1\" content=\"7 minuti\" \/>\n<script type=\"application\/ld+json\" class=\"yoast-schema-graph\">{\"@context\":\"https:\/\/schema.org\",\"@graph\":[{\"@type\":\"WebPage\",\"@id\":\"https:\/\/www.blackjackinfo.com\/blackjack-school\/lesson-03-counting-cards-the-basics\/\",\"url\":\"https:\/\/www.blackjackinfo.com\/blackjack-school\/lesson-03-counting-cards-the-basics\/\",\"name\":\"Blackjack School \u1408 Lesson 3 - Counting Cards, The Basics\",\"isPartOf\":{\"@id\":\"https:\/\/www.blackjackinfo.com\/#website\"},\"datePublished\":\"2014-10-18T19:58:40+00:00\",\"dateModified\":\"2020-02-18T23:53:25+00:00\",\"description\":\"Lesson 3 in the GameMaster's Free Blackjack School - How and why card counting works.\",\"breadcrumb\":{\"@id\":\"https:\/\/www.blackjackinfo.com\/blackjack-school\/lesson-03-counting-cards-the-basics\/#breadcrumb\"},\"inLanguage\":\"it-IT\",\"potentialAction\":[{\"@type\":\"ReadAction\",\"target\":[\"https:\/\/www.blackjackinfo.com\/blackjack-school\/lesson-03-counting-cards-the-basics\/\"]}]},{\"@type\":\"BreadcrumbList\",\"@id\":\"https:\/\/www.blackjackinfo.com\/blackjack-school\/lesson-03-counting-cards-the-basics\/#breadcrumb\",\"itemListElement\":[{\"@type\":\"ListItem\",\"position\":1,\"name\":\"Home\",\"item\":\"https:\/\/www.blackjackinfo.com\/\"},{\"@type\":\"ListItem\",\"position\":2,\"name\":\"Blackjack School &#8211; A Free 24-Lesson Class on Card Counting\",\"item\":\"https:\/\/www.blackjackinfo.com\/blackjack-school\/\"},{\"@type\":\"ListItem\",\"position\":3,\"name\":\"Lesson 3 &#8211; Counting Cards, The Basics\"}]},{\"@type\":\"WebSite\",\"@id\":\"https:\/\/www.blackjackinfo.com\/#website\",\"url\":\"https:\/\/www.blackjackinfo.com\/\",\"name\":\"BlackjackInfo.com\",\"description\":\"Because Winning is More Fun!\",\"potentialAction\":[{\"@type\":\"SearchAction\",\"target\":{\"@type\":\"EntryPoint\",\"urlTemplate\":\"https:\/\/www.blackjackinfo.com\/?s={search_term_string}\"},\"query-input\":{\"@type\":\"PropertyValueSpecification\",\"valueRequired\":true,\"valueName\":\"search_term_string\"}}],\"inLanguage\":\"it-IT\"}]}<\/script>\n<!-- \/ Yoast SEO plugin. -->","yoast_head_json":{"title":"Scuola di Blackjack \u1408 Lezione 3 - Contare le carte, le basi","description":"Lezione 3 della Scuola gratuita di Blackjack del GameMaster - Come e perch\u00e9 funziona il conteggio delle carte.","robots":{"index":"index","follow":"follow","max-snippet":"max-snippet:-1","max-image-preview":"max-image-preview:large","max-video-preview":"max-video-preview:-1"},"canonical":"https:\/\/www.blackjackinfo.com\/it\/scuola-di-blackjack\/lezione-03-contare-le-carte-le-basi\/","og_locale":"it_IT","og_type":"article","og_title":"Blackjack School \u1408 Lesson 3 - Counting Cards, The Basics","og_description":"Lesson 3 in the GameMaster's Free Blackjack School - How and why card counting works.","og_url":"https:\/\/www.blackjackinfo.com\/it\/scuola-di-blackjack\/lezione-03-contare-le-carte-le-basi\/","og_site_name":"BlackjackInfo.com","article_modified_time":"2020-02-18T23:53:25+00:00","twitter_misc":{"Tempo di lettura stimato":"7 minuti"},"schema":{"@context":"https:\/\/schema.org","@graph":[{"@type":"WebPage","@id":"https:\/\/www.blackjackinfo.com\/blackjack-school\/lesson-03-counting-cards-the-basics\/","url":"https:\/\/www.blackjackinfo.com\/blackjack-school\/lesson-03-counting-cards-the-basics\/","name":"Scuola di Blackjack \u1408 Lezione 3 - Contare le carte, le basi","isPartOf":{"@id":"https:\/\/www.blackjackinfo.com\/#website"},"datePublished":"2014-10-18T19:58:40+00:00","dateModified":"2020-02-18T23:53:25+00:00","description":"Lezione 3 della Scuola gratuita di Blackjack del GameMaster - Come e perch\u00e9 funziona il conteggio delle carte.","breadcrumb":{"@id":"https:\/\/www.blackjackinfo.com\/blackjack-school\/lesson-03-counting-cards-the-basics\/#breadcrumb"},"inLanguage":"it-IT","potentialAction":[{"@type":"ReadAction","target":["https:\/\/www.blackjackinfo.com\/blackjack-school\/lesson-03-counting-cards-the-basics\/"]}]},{"@type":"BreadcrumbList","@id":"https:\/\/www.blackjackinfo.com\/blackjack-school\/lesson-03-counting-cards-the-basics\/#breadcrumb","itemListElement":[{"@type":"ListItem","position":1,"name":"Home","item":"https:\/\/www.blackjackinfo.com\/"},{"@type":"ListItem","position":2,"name":"Blackjack School &#8211; A Free 24-Lesson Class on Card Counting","item":"https:\/\/www.blackjackinfo.com\/blackjack-school\/"},{"@type":"ListItem","position":3,"name":"Lesson 3 &#8211; Counting Cards, The Basics"}]},{"@type":"WebSite","@id":"https:\/\/www.blackjackinfo.com\/#website","url":"https:\/\/www.blackjackinfo.com\/","name":"BlackjackInfo.com","description":"Perch\u00e9 vincere \u00e8 pi\u00f9 divertente!","potentialAction":[{"@type":"SearchAction","target":{"@type":"EntryPoint","urlTemplate":"https:\/\/www.blackjackinfo.com\/?s={search_term_string}"},"query-input":{"@type":"PropertyValueSpecification","valueRequired":true,"valueName":"search_term_string"}}],"inLanguage":"it-IT"}]}},"_links":{"self":[{"href":"https:\/\/www.blackjackinfo.com\/it\/wp-json\/wp\/v2\/pages\/697","targetHints":{"allow":["GET"]}}],"collection":[{"href":"https:\/\/www.blackjackinfo.com\/it\/wp-json\/wp\/v2\/pages"}],"about":[{"href":"https:\/\/www.blackjackinfo.com\/it\/wp-json\/wp\/v2\/types\/page"}],"author":[{"embeddable":true,"href":"https:\/\/www.blackjackinfo.com\/it\/wp-json\/wp\/v2\/users\/2"}],"replies":[{"embeddable":true,"href":"https:\/\/www.blackjackinfo.com\/it\/wp-json\/wp\/v2\/comments?post=697"}],"version-history":[{"count":4,"href":"https:\/\/www.blackjackinfo.com\/it\/wp-json\/wp\/v2\/pages\/697\/revisions"}],"predecessor-version":[{"id":5453,"href":"https:\/\/www.blackjackinfo.com\/it\/wp-json\/wp\/v2\/pages\/697\/revisions\/5453"}],"up":[{"embeddable":true,"href":"https:\/\/www.blackjackinfo.com\/it\/wp-json\/wp\/v2\/pages\/634"}],"wp:attachment":[{"href":"https:\/\/www.blackjackinfo.com\/it\/wp-json\/wp\/v2\/media?parent=697"}],"wp:term":[{"taxonomy":"post_tag","embeddable":true,"href":"https:\/\/www.blackjackinfo.com\/it\/wp-json\/wp\/v2\/tags?post=697"}],"curies":[{"name":"wp","href":"https:\/\/api.w.org\/{rel}","templated":true}]}}