{"id":701,"date":"2014-10-18T15:02:55","date_gmt":"2014-10-18T20:02:55","guid":{"rendered":"http:\/\/test.blackjackinfo.com\/?page_id=701"},"modified":"2020-02-18T17:54:11","modified_gmt":"2020-02-18T23:54:11","slug":"lezione-04-conteggio-delle-carte-come-si-fa","status":"publish","type":"page","link":"https:\/\/www.blackjackinfo.com\/it\/blackjack-school\/lesson-04-card-counting-how-to-do-it\/","title":{"rendered":"Lezione 4 - Conteggio delle carte - Come si fa"},"content":{"rendered":"<p class=\"intro\">\nOrmai avete scelto il sistema di conteggio che volete imparare e, anche se pu\u00f2 essere diverso dal conteggio Hi\/Lo di cui parler\u00f2 qui, i metodi utilizzati per impararlo sono gli stessi.  Basta apportare le opportune modifiche e il gioco sar\u00e0 fatto.<\/p>\n<p><b>Il sistema di conteggio Hi \/ Lo assegna un valore di \"punto\" a ciascun tipo di carta del mazzo. <\/b> Il primo passo nel conteggio delle carte \u00e8 memorizzare questi valori.  Eccoli<\/p>\n<div class=\"col-sm-4 col-center\">\n<table class=\"data-table\">\n<tbody>\n<tr>\n<th>Scheda<\/th>\n<th>Valore del punto<\/th>\n<\/tr>\n<tr>\n<td>2<\/td>\n<td>+1<\/td>\n<\/tr>\n<tr>\n<td>3<\/td>\n<td>+1<\/td>\n<\/tr>\n<tr>\n<td>4<\/td>\n<td>+1<\/td>\n<\/tr>\n<tr>\n<td>5<\/td>\n<td>+1<\/td>\n<\/tr>\n<tr>\n<td>6<\/td>\n<td>+1<\/td>\n<\/tr>\n<tr>\n<td>7<\/td>\n<td>0<\/td>\n<\/tr>\n<tr>\n<td>8<\/td>\n<td>0<\/td>\n<\/tr>\n<tr>\n<td>9<\/td>\n<td>0<\/td>\n<\/tr>\n<tr>\n<td>10<\/td>\n<td>-1<\/td>\n<\/tr>\n<tr>\n<td>J<\/td>\n<td>-1<\/td>\n<\/tr>\n<tr>\n<td>Q<\/td>\n<td>-1<\/td>\n<\/tr>\n<tr>\n<td>K<\/td>\n<td>-1<\/td>\n<\/tr>\n<tr>\n<td>A<\/td>\n<td>-1<\/td>\n<\/tr>\n<\/tbody>\n<\/table>\n<\/div>\n<p>Un po' di matematica mostra che in un mazzo completo c'\u00e8 un numero uguale di carte con valore \"pi\u00f9\" e di carte con valore \"meno\".  Si tratta di un conteggio \"bilanciato\" e, poich\u00e9 tutte le carte hanno valore 1 o 0, si tratta anche di un conteggio \"a livello singolo\".<br \/>\n<div class=\"row\" style=\"margin-bottom:20px\">\n    <div class=\"col-sm-12\">\n                <h2>I migliori casin\u00f2 online degli Stati Uniti <span\n                class=\"flag-icon flag-icon-us\"><\/span><\/h2>\n\n        \n                \n        <div class=\"ranking-table text-center\">\n            <div class=\"row flex ad-row\">\n                <div class=\"col-sm-3\">\n                    <div class=\"row flex\">\n\n                        <div class=\"col-sm-3\">\n                            <div class=\"ranking-number text-center\">\n\n                                1                                \n                            <\/div>\n                        <\/div>\n                        <div class=\"col-sm-9\">\n                            <img decoding=\"async\" src=\"https:\/\/www.blackjackinfo.com\/files\/bovada.png\" data-no-auto-translation=\"\">\n                        <\/div>\n                    <\/div>\n                <\/div>\n                <div class=\"col-sm-4\">\n                    <div class=\"bonus-text text-center\"><span class=\"red\">100% fino a $1.000<\/span><\/div>\n\t\t\t\t\t\n\n                <\/div>\n                <div class=\"col-sm-2\">\n                    <a class=\"btn btn-wire\" href=\"\/it\/casino\/bovada\/\">Recensione<\/a>\n\n                <\/div>\n                <div class=\"col-sm-3\">\n                    <a rel=\"nofollow\" target=\"_blank\" class=\"btn btn-blue\" href=\"\/goto\/goto\/\">Giocare\n                        Ora<\/a>\n\t\t\t\t\t\t\n\n                <\/div>\n            <\/div>\n        <\/div>\n\n\n\n        \n                \n        <div class=\"ranking-table text-center\">\n            <div class=\"row flex ad-row\">\n                <div class=\"col-sm-3\">\n                    <div class=\"row flex\">\n\n                        <div class=\"col-sm-3\">\n                            <div class=\"ranking-number text-center\">\n\n                                2                                \n                            <\/div>\n                        <\/div>\n                        <div class=\"col-sm-9\">\n                            <img decoding=\"async\" src=\"https:\/\/www.blackjackinfo.com\/files\/ignition-casino-logo.png\" data-no-auto-translation=\"\">\n                        <\/div>\n                    <\/div>\n                <\/div>\n                <div class=\"col-sm-4\">\n                    <div class=\"bonus-text text-center\"><span class=\"red\">100% fino a $1.000<\/span><\/div>\n\t\t\t\t\t\n\n                <\/div>\n                <div class=\"col-sm-2\">\n                    <a class=\"btn btn-wire\" href=\"\/it\/casino\/ignition-casino\/\">Recensione<\/a>\n\n                <\/div>\n                <div class=\"col-sm-3\">\n                    <a rel=\"nofollow\" target=\"_blank\" class=\"btn btn-blue\" href=\"\/goto\/goto\/\">Giocare\n                        Ora<\/a>\n\t\t\t\t\t\t\n\n                <\/div>\n            <\/div>\n        <\/div>\n\n\n\n        \n                \n        <div class=\"ranking-table text-center\">\n            <div class=\"row flex ad-row\">\n                <div class=\"col-sm-3\">\n                    <div class=\"row flex\">\n\n                        <div class=\"col-sm-3\">\n                            <div class=\"ranking-number text-center\">\n\n                                3                                \n                            <\/div>\n                        <\/div>\n                        <div class=\"col-sm-9\">\n                            <img decoding=\"async\" src=\"https:\/\/www.blackjackinfo.com\/files\/VipSlots-500x250_dark.svg\" data-no-auto-translation=\"\">\n                        <\/div>\n                    <\/div>\n                <\/div>\n                <div class=\"col-sm-4\">\n                    <div class=\"bonus-text text-center\"><span class=\"red\">100 SPIN GRATUITI su Vita segreta dei gatti<\/span><\/div>\n\t\t\t\t\t\n\n                <\/div>\n                <div class=\"col-sm-2\">\n                    <a class=\"btn btn-wire\" href=\"\/it\/casino\/vipslots-casino\/\">Recensione<\/a>\n\n                <\/div>\n                <div class=\"col-sm-3\">\n                    <a rel=\"nofollow\" target=\"_blank\" class=\"btn btn-blue\" href=\"\/goto\/goto\/\">Giocare\n                        Ora<\/a>\n\t\t\t\t\t\t\n\n                <\/div>\n            <\/div>\n        <\/div>\n\n\n\n        \n                \n        <div class=\"ranking-table text-center\">\n            <div class=\"row flex ad-row\">\n                <div class=\"col-sm-3\">\n                    <div class=\"row flex\">\n\n                        <div class=\"col-sm-3\">\n                            <div class=\"ranking-number text-center\">\n\n                                4                                \n                            <\/div>\n                        <\/div>\n                        <div class=\"col-sm-9\">\n                            <img decoding=\"async\" src=\"https:\/\/www.blackjackinfo.com\/files\/vegas_casino_online.png\" data-no-auto-translation=\"\">\n                        <\/div>\n                    <\/div>\n                <\/div>\n                <div class=\"col-sm-4\">\n                    <div class=\"bonus-text text-center\"><span class=\"red\">300% fino a $3.000<\/span><\/div>\n\t\t\t\t\t\n\n                <\/div>\n                <div class=\"col-sm-2\">\n                    <a class=\"btn btn-wire\" href=\"\/it\/casino\/vegas-casino-online-2\/\">Recensione<\/a>\n\n                <\/div>\n                <div class=\"col-sm-3\">\n                    <a rel=\"nofollow\" target=\"_blank\" class=\"btn btn-blue\" href=\"\/goto\/goto\/\">Giocare\n                        Ora<\/a>\n\t\t\t\t\t\t\n\n                <\/div>\n            <\/div>\n        <\/div>\n\n\n\n        \n                \n        <div class=\"ranking-table text-center\">\n            <div class=\"row flex ad-row\">\n                <div class=\"col-sm-3\">\n                    <div class=\"row flex\">\n\n                        <div class=\"col-sm-3\">\n                            <div class=\"ranking-number text-center\">\n\n                                5                                \n                            <\/div>\n                        <\/div>\n                        <div class=\"col-sm-9\">\n                            <img decoding=\"async\" src=\"https:\/\/www.blackjackinfo.com\/files\/cafe-casino-logo.svg\" data-no-auto-translation=\"\">\n                        <\/div>\n                    <\/div>\n                <\/div>\n                <div class=\"col-sm-4\">\n                    <div class=\"bonus-text text-center\"><span class=\"red\">250% fino a $1.500<\/span><\/div>\n\t\t\t\t\t\n\n                <\/div>\n                <div class=\"col-sm-2\">\n                    <a class=\"btn btn-wire\" href=\"\/it\/casino\/cafe-casino\/\">Recensione<\/a>\n\n                <\/div>\n                <div class=\"col-sm-3\">\n                    <a rel=\"nofollow\" target=\"_blank\" class=\"btn btn-blue\" href=\"\/goto\/goto\/\">Giocare\n                        Ora<\/a>\n\t\t\t\t\t\t\n\n                <\/div>\n            <\/div>\n        <\/div>\n\n\n\n            <\/div>\n<\/div><\/p>\n<h3>Il potere del conteggio delle carte<\/h3>\n<p>Il conteggio Hi \/ Lo riconosce che le carte dal 2 al 6 hanno il massimo valore per il dealer, poich\u00e9 queste carte trasformano le mani \"rigide\" (12 - 16) che il dealer deve colpire in mani buone.  Ad esempio, un 5 trasforma le mani 12-16 del banco in 17-21, quindi \u00e8 la carta pi\u00f9 importante per il banco.  D'altro canto, l'Asso \u00e8 la carta pi\u00f9 importante per il giocatore, poich\u00e9 \u00e8 la componente chiave di un \"blackjack\" che paga 3 a 2. Quindi, man mano che le carte \"piccole\" vengono giocate, non sono pi\u00f9 disponibili per il croupier e poich\u00e9 nel mazzo c'\u00e8 un numero uguale di carte con valore positivo e negativo, un conteggio \"positivo\" ci dice che nella parte non giocata del mazzo \u00e8 rimasta una percentuale maggiore di dieci e assi.  Questa situazione \u00e8 favorevole per il giocatore, poich\u00e9 le probabilit\u00e0 di ottenere un blackjack sono aumentate e le situazioni di raddoppio o divisione hanno maggiori possibilit\u00e0 di ricevere una carta alta.<\/p>\n<p>Naturalmente, il croupier ha le stesse possibilit\u00e0 di ricevere carte alte di voi.  Ma ricordate che il banco non riceve 3 a 2 per un blackjack, non pu\u00f2 raddoppiare o dividere e deve colpire 16 o meno.  Inoltre, come imparerete in una lezione successiva, conoscere la proporzione di carte con valore 10 nei mazzi vi dar\u00e0 la possibilit\u00e0 di fare scommesse assicurative redditizie.<\/p>\n<h3>Imparare i valori dei punti<\/h3>\n<p><b>Questo \u00e8 l'unico esercizio di cui avrete bisogno per imparare i valori dei punti del vostro sistema di conteggio.<\/b>  \u00c8 quello che uso quando cambio i conteggi per una partita a un solo mazzo o per tornare a quello che uso per le partite a pi\u00f9 mazzi.  Basta prendere un mazzo di carte e iniziare a girarle una alla volta, recitando il valore in punti di ogni carta.  Se una carta \u00e8 un valore pi\u00f9, non dico \"pi\u00f9 1\"; dico solo \"uno\", perch\u00e9 implica comunque \"pi\u00f9\".  Se una carta ha un valore negativo, dico \"M 1\", non \"meno 1\", perch\u00e9 si risparmia una sillaba.  Per le carte \"neutre\" o a valore zero, non dico nulla - sono completamente ignorate ai fini del conteggio con il sistema Hi \/ Lo.<\/p>\n<p><b>Allora, come si presenta?  Ecco un rapido esempio<\/b><\/p>\n<div class=\"col-sm-4 col-center\">\n<table class=\"data-table\">\n<tbody>\n<tr>\n<td>Asso<\/td>\n<td>(M-one)<\/td>\n<\/tr>\n<tr>\n<td>9<\/td>\n<td><\/td>\n<\/tr>\n<tr>\n<td>5<\/td>\n<td>(Uno)<\/td>\n<\/tr>\n<tr>\n<td>6<\/td>\n<td>(Uno)<\/td>\n<\/tr>\n<tr>\n<td>7<\/td>\n<td><\/td>\n<\/tr>\n<tr>\n<td>Re<\/td>\n<td>(M-one)<\/td>\n<\/tr>\n<tr>\n<td>2<\/td>\n<td>(Uno)<\/td>\n<\/tr>\n<tr>\n<td>10<\/td>\n<td>(M-one)<\/td>\n<\/tr>\n<\/tbody>\n<\/table>\n<\/div>\n<p><b>Si noti che non sto tenendo traccia delle carte, ma mi limito a indicare il valore in punti di ciascuna.<\/b>  Dovete esercitarvi fino a quando i valori dei punti non saranno ben impressi nella vostra mente, ma non preoccupatevi, non ci vorr\u00e0 molto.<\/p>\n<h3>Conto alla rovescia per singola carta<\/h3>\n<p><b>Se ritenete di conoscere a memoria i valori dei punti di ogni carta del sistema che avete scelto, potete iniziare a contare un singolo mazzo. <\/b> \u00c8 sufficiente rimuovere tre carte qualsiasi senza guardarle (per verificare la precisione) e metterle da parte.  Ora girate le carte una alla volta e tenete un totale progressivo dei loro valori.  Ricordate le vostre vecchie lezioni di algebra?  Se si aggiunge +1 a -1 il risultato \u00e8 0. Questo vale anche in questo caso, quindi tenetelo a mente mentre passate in rassegna il mazzo.<\/p>\n<p>Ecco un esempio:<\/p>\n<div class=\"col-sm-4 col-center\">\n<table class=\"data-table\">\n<tbody>\n<tr>\n<td>1a carta<\/td>\n<td>Asso<\/td>\n<td>Il conteggio: M-one<\/td>\n<\/tr>\n<tr>\n<td>2a<\/td>\n<td>Re<\/td>\n<td>M-due<\/td>\n<\/tr>\n<tr>\n<td>3a<\/td>\n<td>10<\/td>\n<td>M-tre<\/td>\n<\/tr>\n<tr>\n<td>4a<\/td>\n<td>6<\/td>\n<td>M-due (assicuratevi di sapere perch\u00e9)<\/td>\n<\/tr>\n<tr>\n<td>5\u00b0<\/td>\n<td>Regina<\/td>\n<td>M-tre<\/td>\n<\/tr>\n<tr>\n<td>6<\/td>\n<td>5<\/td>\n<td>M-due<\/td>\n<\/tr>\n<tr>\n<td>7<\/td>\n<td>3<\/td>\n<td>M-one<\/td>\n<\/tr>\n<tr>\n<td>8\u00b0<\/td>\n<td>6<\/td>\n<td>Pari (non uso lo \"zero\")<\/td>\n<\/tr>\n<tr>\n<td>9\u00b0<\/td>\n<td>4<\/td>\n<td>Uno (di nuovo, nessun \"pi\u00f9\")<\/td>\n<\/tr>\n<\/tbody>\n<\/table>\n<\/div>\n<p><b>Capito?  Bene.  Non sei ancora molto veloce, vero?<\/b>  Non preoccupatevi di questo: lavoreremo sulla velocit\u00e0 pi\u00f9 avanti.  Una volta completato il mazzo, il conteggio dovrebbe essere sbagliato per il valore delle tre carte che abbiamo messo da parte all'inizio.  Guardate quelle carte, controllate la vostra precisione, mescolate e ricominciate.  Prendete l'abitudine di togliere tre carte ogni volta che fate un esercizio di conteggio, perch\u00e9 vi eviteranno di ingannare voi stessi quando fate un errore.<\/p>\n<p><b>Per ora la chiave \u00e8 la precisione; continuate a farlo finch\u00e9 non riuscirete a passare un mazzo tre o quattro volte di seguito senza errori.<\/b>  Quello che avete imparato qui si chiama \"conteggio in corsa\".  La prossima volta lavoreremo per accelerare la vostra capacit\u00e0 di contare; ci credete che vi far\u00f2 sfrecciare su un mazzo in meno di 20 secondi?  Le ragazze lo adorano alle feste...<\/p>\n<h3>Compiti a casa<\/h3>\n<ul>\n<li>Continuate a testare la vostra strategia di base eseguendo la procedura <b>Ricostruzione della strategia di base<\/b> e <b>Esercizi sulle decisioni strategiche di base<\/b>.  Non si vince se non si \u00e8 in grado di giocare con una strategia di base adeguata.<\/li>\n<li><b>Iniziare ad apprendere i valori dei punti del sistema scelto.<\/b> e quando li conoscete a memoria - e solo allora - iniziate a fare i conteggi di una singola carta di un mazzo.<\/li>\n<\/ul>\n<p>Ci vediamo qui la prossima volta.<br \/>\n<b>Pratica!<\/b><\/p>","protected":false},"excerpt":{"rendered":"<p>By now you&#8217;ve chosen a counting system that you want to learn and even though it may be different than the Hi \/ Lo Count which I&#8217;m going to discuss here, the methods used to learn it are the same. Just make adjustments where appropriate and you&#8217;ll do fine. The Hi \/ Lo counting system [&hellip;]<\/p>\n","protected":false},"author":2,"featured_media":0,"parent":634,"menu_order":0,"comment_status":"open","ping_status":"open","template":"page-blackjack-school.php","meta":{"_acf_changed":false,"footnotes":""},"tags":[],"class_list":["post-701","page","type-page","status-publish","hentry"],"acf":[],"yoast_head":"<!-- This site is optimized with the Yoast SEO plugin v26.6 - https:\/\/yoast.com\/wordpress\/plugins\/seo\/ -->\n<title>Blackjack School \u1408 Lesson 4 - Card Counting - How to Do It<\/title>\n<meta name=\"description\" content=\"Lesson 4 in the GameMaster&#039;s Free Blackjack School - Learning the basic techniques of card counting.\" \/>\n<meta name=\"robots\" content=\"index, follow, max-snippet:-1, max-image-preview:large, max-video-preview:-1\" \/>\n<link rel=\"canonical\" href=\"https:\/\/www.blackjackinfo.com\/it\/scuola-di-blackjack\/lezione-04-conteggio-delle-carte-come-si-fa\/\" \/>\n<meta property=\"og:locale\" content=\"it_IT\" \/>\n<meta property=\"og:type\" content=\"article\" \/>\n<meta property=\"og:title\" content=\"Blackjack School \u1408 Lesson 4 - Card Counting - How to Do It\" \/>\n<meta property=\"og:description\" content=\"Lesson 4 in the GameMaster&#039;s Free Blackjack School - Learning the basic techniques of card counting.\" \/>\n<meta property=\"og:url\" content=\"https:\/\/www.blackjackinfo.com\/it\/scuola-di-blackjack\/lezione-04-conteggio-delle-carte-come-si-fa\/\" \/>\n<meta property=\"og:site_name\" content=\"BlackjackInfo.com\" \/>\n<meta property=\"article:modified_time\" content=\"2020-02-18T23:54:11+00:00\" \/>\n<meta name=\"twitter:label1\" content=\"Tempo di lettura stimato\" \/>\n\t<meta name=\"twitter:data1\" content=\"4 minuti\" \/>\n<script type=\"application\/ld+json\" class=\"yoast-schema-graph\">{\"@context\":\"https:\/\/schema.org\",\"@graph\":[{\"@type\":\"WebPage\",\"@id\":\"https:\/\/www.blackjackinfo.com\/blackjack-school\/lesson-04-card-counting-how-to-do-it\/\",\"url\":\"https:\/\/www.blackjackinfo.com\/blackjack-school\/lesson-04-card-counting-how-to-do-it\/\",\"name\":\"Blackjack School \u1408 Lesson 4 - Card Counting - How to Do It\",\"isPartOf\":{\"@id\":\"https:\/\/www.blackjackinfo.com\/#website\"},\"datePublished\":\"2014-10-18T20:02:55+00:00\",\"dateModified\":\"2020-02-18T23:54:11+00:00\",\"description\":\"Lesson 4 in the GameMaster's Free Blackjack School - Learning the basic techniques of card counting.\",\"breadcrumb\":{\"@id\":\"https:\/\/www.blackjackinfo.com\/blackjack-school\/lesson-04-card-counting-how-to-do-it\/#breadcrumb\"},\"inLanguage\":\"it-IT\",\"potentialAction\":[{\"@type\":\"ReadAction\",\"target\":[\"https:\/\/www.blackjackinfo.com\/blackjack-school\/lesson-04-card-counting-how-to-do-it\/\"]}]},{\"@type\":\"BreadcrumbList\",\"@id\":\"https:\/\/www.blackjackinfo.com\/blackjack-school\/lesson-04-card-counting-how-to-do-it\/#breadcrumb\",\"itemListElement\":[{\"@type\":\"ListItem\",\"position\":1,\"name\":\"Home\",\"item\":\"https:\/\/www.blackjackinfo.com\/\"},{\"@type\":\"ListItem\",\"position\":2,\"name\":\"Blackjack School &#8211; A Free 24-Lesson Class on Card Counting\",\"item\":\"https:\/\/www.blackjackinfo.com\/blackjack-school\/\"},{\"@type\":\"ListItem\",\"position\":3,\"name\":\"Lesson 4 &#8211; Card Counting &#8211; How to Do It\"}]},{\"@type\":\"WebSite\",\"@id\":\"https:\/\/www.blackjackinfo.com\/#website\",\"url\":\"https:\/\/www.blackjackinfo.com\/\",\"name\":\"BlackjackInfo.com\",\"description\":\"Because Winning is More Fun!\",\"potentialAction\":[{\"@type\":\"SearchAction\",\"target\":{\"@type\":\"EntryPoint\",\"urlTemplate\":\"https:\/\/www.blackjackinfo.com\/?s={search_term_string}\"},\"query-input\":{\"@type\":\"PropertyValueSpecification\",\"valueRequired\":true,\"valueName\":\"search_term_string\"}}],\"inLanguage\":\"it-IT\"}]}<\/script>\n<!-- \/ Yoast SEO plugin. -->","yoast_head_json":{"title":"Scuola di Blackjack \u1408 Lezione 4 - Conteggio delle carte - Come farlo","description":"Lezione 4 della Scuola gratuita di Blackjack del GameMaster - Imparare le tecniche di base del conteggio delle carte.","robots":{"index":"index","follow":"follow","max-snippet":"max-snippet:-1","max-image-preview":"max-image-preview:large","max-video-preview":"max-video-preview:-1"},"canonical":"https:\/\/www.blackjackinfo.com\/it\/scuola-di-blackjack\/lezione-04-conteggio-delle-carte-come-si-fa\/","og_locale":"it_IT","og_type":"article","og_title":"Blackjack School \u1408 Lesson 4 - Card Counting - How to Do It","og_description":"Lesson 4 in the GameMaster's Free Blackjack School - Learning the basic techniques of card counting.","og_url":"https:\/\/www.blackjackinfo.com\/it\/scuola-di-blackjack\/lezione-04-conteggio-delle-carte-come-si-fa\/","og_site_name":"BlackjackInfo.com","article_modified_time":"2020-02-18T23:54:11+00:00","twitter_misc":{"Tempo di lettura stimato":"4 minuti"},"schema":{"@context":"https:\/\/schema.org","@graph":[{"@type":"WebPage","@id":"https:\/\/www.blackjackinfo.com\/blackjack-school\/lesson-04-card-counting-how-to-do-it\/","url":"https:\/\/www.blackjackinfo.com\/blackjack-school\/lesson-04-card-counting-how-to-do-it\/","name":"Scuola di Blackjack \u1408 Lezione 4 - Conteggio delle carte - Come farlo","isPartOf":{"@id":"https:\/\/www.blackjackinfo.com\/#website"},"datePublished":"2014-10-18T20:02:55+00:00","dateModified":"2020-02-18T23:54:11+00:00","description":"Lezione 4 della Scuola gratuita di Blackjack del GameMaster - Imparare le tecniche di base del conteggio delle carte.","breadcrumb":{"@id":"https:\/\/www.blackjackinfo.com\/blackjack-school\/lesson-04-card-counting-how-to-do-it\/#breadcrumb"},"inLanguage":"it-IT","potentialAction":[{"@type":"ReadAction","target":["https:\/\/www.blackjackinfo.com\/blackjack-school\/lesson-04-card-counting-how-to-do-it\/"]}]},{"@type":"BreadcrumbList","@id":"https:\/\/www.blackjackinfo.com\/blackjack-school\/lesson-04-card-counting-how-to-do-it\/#breadcrumb","itemListElement":[{"@type":"ListItem","position":1,"name":"Home","item":"https:\/\/www.blackjackinfo.com\/"},{"@type":"ListItem","position":2,"name":"Blackjack School &#8211; A Free 24-Lesson Class on Card Counting","item":"https:\/\/www.blackjackinfo.com\/blackjack-school\/"},{"@type":"ListItem","position":3,"name":"Lesson 4 &#8211; Card Counting &#8211; How to Do It"}]},{"@type":"WebSite","@id":"https:\/\/www.blackjackinfo.com\/#website","url":"https:\/\/www.blackjackinfo.com\/","name":"BlackjackInfo.com","description":"Perch\u00e9 vincere \u00e8 pi\u00f9 divertente!","potentialAction":[{"@type":"SearchAction","target":{"@type":"EntryPoint","urlTemplate":"https:\/\/www.blackjackinfo.com\/?s={search_term_string}"},"query-input":{"@type":"PropertyValueSpecification","valueRequired":true,"valueName":"search_term_string"}}],"inLanguage":"it-IT"}]}},"_links":{"self":[{"href":"https:\/\/www.blackjackinfo.com\/it\/wp-json\/wp\/v2\/pages\/701","targetHints":{"allow":["GET"]}}],"collection":[{"href":"https:\/\/www.blackjackinfo.com\/it\/wp-json\/wp\/v2\/pages"}],"about":[{"href":"https:\/\/www.blackjackinfo.com\/it\/wp-json\/wp\/v2\/types\/page"}],"author":[{"embeddable":true,"href":"https:\/\/www.blackjackinfo.com\/it\/wp-json\/wp\/v2\/users\/2"}],"replies":[{"embeddable":true,"href":"https:\/\/www.blackjackinfo.com\/it\/wp-json\/wp\/v2\/comments?post=701"}],"version-history":[{"count":6,"href":"https:\/\/www.blackjackinfo.com\/it\/wp-json\/wp\/v2\/pages\/701\/revisions"}],"predecessor-version":[{"id":5454,"href":"https:\/\/www.blackjackinfo.com\/it\/wp-json\/wp\/v2\/pages\/701\/revisions\/5454"}],"up":[{"embeddable":true,"href":"https:\/\/www.blackjackinfo.com\/it\/wp-json\/wp\/v2\/pages\/634"}],"wp:attachment":[{"href":"https:\/\/www.blackjackinfo.com\/it\/wp-json\/wp\/v2\/media?parent=701"}],"wp:term":[{"taxonomy":"post_tag","embeddable":true,"href":"https:\/\/www.blackjackinfo.com\/it\/wp-json\/wp\/v2\/tags?post=701"}],"curies":[{"name":"wp","href":"https:\/\/api.w.org\/{rel}","templated":true}]}}