{"id":709,"date":"2014-10-19T17:12:34","date_gmt":"2014-10-19T22:12:34","guid":{"rendered":"http:\/\/test.blackjackinfo.com\/?page_id=709"},"modified":"2020-02-18T17:55:23","modified_gmt":"2020-02-18T23:55:23","slug":"lezione-06-conteggio-delle-carte-gioco-a-mazzo-singolo","status":"publish","type":"page","link":"https:\/\/www.blackjackinfo.com\/it\/blackjack-school\/lesson-06-card-counting-single-deck-play\/","title":{"rendered":"Lezione 6 - Conteggio delle carte - Gioco a mazzo singolo"},"content":{"rendered":"<p class=\"intro\">\n<b>Ogni giocatore serio dovrebbe avere una buona conoscenza di come giocare a Blackjack a un solo banco,<\/b> anche se si trascorre il 90% del proprio tempo in giochi a pi\u00f9 mazzi, perch\u00e9 quando si riesce ad arrivare ad un gioco a un solo mazzo, pu\u00f2 essere <b>molto<\/b> redditizio.  L'attrattiva principale del gioco diventer\u00e0 pi\u00f9 evidente quando ci addentreremo nelle strategie di puntata, ma credetemi sulla parola: ogni \"grande\" guadagno che farete al Blackjack verr\u00e0 probabilmente da un gioco a un solo mazzo.<\/p>\n<p><b>La maggior parte di voi - soprattutto quelli che sono vicini ad Atlantic City - dovrebbe passare il proprio tempo ad allenarsi invece che a giocare, il tutto con l'idea di fare 5 o 6 viaggi all'anno in zone come Reno o Laughlin.<\/b>  \u00c8 molto meglio giocare 60 o 70 ore all'anno ai giochi a un solo banco che non giocare diverse centinaia di ore ai pessimi giochi che A.C. offre attualmente.  La maggior parte dei miei studenti dell'area di St. Louis pu\u00f2 volare a Reno per un viaggio di 3 o 4 giorni con meno di $300, che include il biglietto aereo di andata e ritorno e l'hotel, e poich\u00e9 di solito realizzano una cifra simile in profitti da Blackjack al giorno, spesso tornano a casa con $1000 o pi\u00f9 in vincite nette.  Voi \"Eastcoaster\" potete trovare un'azione simile a Tunica, MS.<br \/>\n<div class=\"row\" style=\"margin-bottom:20px\">\n    <div class=\"col-sm-12\">\n                <h2>I migliori casin\u00f2 online degli Stati Uniti <span\n                class=\"flag-icon flag-icon-us\"><\/span><\/h2>\n\n        \n                \n        <div class=\"ranking-table text-center\">\n            <div class=\"row flex ad-row\">\n                <div class=\"col-sm-3\">\n                    <div class=\"row flex\">\n\n                        <div class=\"col-sm-3\">\n                            <div class=\"ranking-number text-center\">\n\n                                1                                \n                            <\/div>\n                        <\/div>\n                        <div class=\"col-sm-9\">\n                            <img decoding=\"async\" src=\"https:\/\/www.blackjackinfo.com\/files\/bovada.png\" data-no-auto-translation=\"\">\n                        <\/div>\n                    <\/div>\n                <\/div>\n                <div class=\"col-sm-4\">\n                    <div class=\"bonus-text text-center\"><span class=\"red\">100% fino a $1.000<\/span><\/div>\n\t\t\t\t\t\n\n                <\/div>\n                <div class=\"col-sm-2\">\n                    <a class=\"btn btn-wire\" href=\"\/it\/casino\/bovada\/\">Recensione<\/a>\n\n                <\/div>\n                <div class=\"col-sm-3\">\n                    <a rel=\"nofollow\" target=\"_blank\" class=\"btn btn-blue\" href=\"\/goto\/goto\/\">Giocare\n                        Ora<\/a>\n\t\t\t\t\t\t\n\n                <\/div>\n            <\/div>\n        <\/div>\n\n\n\n        \n                \n        <div class=\"ranking-table text-center\">\n            <div class=\"row flex ad-row\">\n                <div class=\"col-sm-3\">\n                    <div class=\"row flex\">\n\n                        <div class=\"col-sm-3\">\n                            <div class=\"ranking-number text-center\">\n\n                                2                                \n                            <\/div>\n                        <\/div>\n                        <div class=\"col-sm-9\">\n                            <img decoding=\"async\" src=\"https:\/\/www.blackjackinfo.com\/files\/ignition-casino-logo.png\" data-no-auto-translation=\"\">\n                        <\/div>\n                    <\/div>\n                <\/div>\n                <div class=\"col-sm-4\">\n                    <div class=\"bonus-text text-center\"><span class=\"red\">100% fino a $1.000<\/span><\/div>\n\t\t\t\t\t\n\n                <\/div>\n                <div class=\"col-sm-2\">\n                    <a class=\"btn btn-wire\" href=\"\/it\/casino\/ignition-casino\/\">Recensione<\/a>\n\n                <\/div>\n                <div class=\"col-sm-3\">\n                    <a rel=\"nofollow\" target=\"_blank\" class=\"btn btn-blue\" href=\"\/goto\/goto\/\">Giocare\n                        Ora<\/a>\n\t\t\t\t\t\t\n\n                <\/div>\n            <\/div>\n        <\/div>\n\n\n\n        \n                \n        <div class=\"ranking-table text-center\">\n            <div class=\"row flex ad-row\">\n                <div class=\"col-sm-3\">\n                    <div class=\"row flex\">\n\n                        <div class=\"col-sm-3\">\n                            <div class=\"ranking-number text-center\">\n\n                                3                                \n                            <\/div>\n                        <\/div>\n                        <div class=\"col-sm-9\">\n                            <img decoding=\"async\" src=\"https:\/\/www.blackjackinfo.com\/files\/VipSlots-500x250_dark.svg\" data-no-auto-translation=\"\">\n                        <\/div>\n                    <\/div>\n                <\/div>\n                <div class=\"col-sm-4\">\n                    <div class=\"bonus-text text-center\"><span class=\"red\">100 SPIN GRATUITI su Vita segreta dei gatti<\/span><\/div>\n\t\t\t\t\t\n\n                <\/div>\n                <div class=\"col-sm-2\">\n                    <a class=\"btn btn-wire\" href=\"\/it\/casino\/vipslots-casino\/\">Recensione<\/a>\n\n                <\/div>\n                <div class=\"col-sm-3\">\n                    <a rel=\"nofollow\" target=\"_blank\" class=\"btn btn-blue\" href=\"\/goto\/goto\/\">Giocare\n                        Ora<\/a>\n\t\t\t\t\t\t\n\n                <\/div>\n            <\/div>\n        <\/div>\n\n\n\n        \n                \n        <div class=\"ranking-table text-center\">\n            <div class=\"row flex ad-row\">\n                <div class=\"col-sm-3\">\n                    <div class=\"row flex\">\n\n                        <div class=\"col-sm-3\">\n                            <div class=\"ranking-number text-center\">\n\n                                4                                \n                            <\/div>\n                        <\/div>\n                        <div class=\"col-sm-9\">\n                            <img decoding=\"async\" src=\"https:\/\/www.blackjackinfo.com\/files\/vegas_casino_online.png\" data-no-auto-translation=\"\">\n                        <\/div>\n                    <\/div>\n                <\/div>\n                <div class=\"col-sm-4\">\n                    <div class=\"bonus-text text-center\"><span class=\"red\">300% fino a $3.000<\/span><\/div>\n\t\t\t\t\t\n\n                <\/div>\n                <div class=\"col-sm-2\">\n                    <a class=\"btn btn-wire\" href=\"\/it\/casino\/vegas-casino-online-2\/\">Recensione<\/a>\n\n                <\/div>\n                <div class=\"col-sm-3\">\n                    <a rel=\"nofollow\" target=\"_blank\" class=\"btn btn-blue\" href=\"\/goto\/goto\/\">Giocare\n                        Ora<\/a>\n\t\t\t\t\t\t\n\n                <\/div>\n            <\/div>\n        <\/div>\n\n\n\n        \n                \n        <div class=\"ranking-table text-center\">\n            <div class=\"row flex ad-row\">\n                <div class=\"col-sm-3\">\n                    <div class=\"row flex\">\n\n                        <div class=\"col-sm-3\">\n                            <div class=\"ranking-number text-center\">\n\n                                5                                \n                            <\/div>\n                        <\/div>\n                        <div class=\"col-sm-9\">\n                            <img decoding=\"async\" src=\"https:\/\/www.blackjackinfo.com\/files\/cafe-casino-logo.svg\" data-no-auto-translation=\"\">\n                        <\/div>\n                    <\/div>\n                <\/div>\n                <div class=\"col-sm-4\">\n                    <div class=\"bonus-text text-center\"><span class=\"red\">250% fino a $1.500<\/span><\/div>\n\t\t\t\t\t\n\n                <\/div>\n                <div class=\"col-sm-2\">\n                    <a class=\"btn btn-wire\" href=\"\/it\/casino\/cafe-casino\/\">Recensione<\/a>\n\n                <\/div>\n                <div class=\"col-sm-3\">\n                    <a rel=\"nofollow\" target=\"_blank\" class=\"btn btn-blue\" href=\"\/goto\/goto\/\">Giocare\n                        Ora<\/a>\n\t\t\t\t\t\t\n\n                <\/div>\n            <\/div>\n        <\/div>\n\n\n\n            <\/div>\n<\/div><\/p>\n<h3>Contare a tavola<\/h3>\n<p><b>Per vincere ai giochi a un solo mazzo, bisogna prima imparare un altro metodo di conteggio a un tavolo in cui le carte sono distribuite a faccia in gi\u00f9.<\/b>  Come ricorderete dalla Lezione 5, \u00e8 necessario un approccio molto strutturato al conteggio per essere sicuri di farlo con precisione.  Non dimenticher\u00f2 mai la prima volta che ho giocato a un solo mazzo; era a Las Vegas ed ero abituato al gioco a quattro mazzi di Atlantic City.  Verso la seconda o terza mano, il croupier fece un \"Blackjack\" e tutti gettarono le loro carte a faccia in su.  Il mio allenamento alla velocit\u00e0 fu messo a dura prova, ma riuscii a contare prima che venisse distribuita la mano successiva.  \u00c8 una situazione per la quale dovrete essere pronti e solo la pratica vi porter\u00e0 a questo punto.<\/p>\n<p><b>Le carte vengono girate a faccia in su per vari motivi in una partita a mazzo singolo, quindi esaminiamo una mano e vediamo quando le conterete. <\/b> Iniziate contando le vostre due carte, poi la carta scoperta del banco.  Contate le carte vincenti dei giocatori, poich\u00e9 saranno consegnate a faccia in su.  Se un giocatore raddoppia, girer\u00e0 le sue prime due carte a faccia in su, quindi le conterete.  Tuttavia, la carta \"doppia\" sar\u00e0 solitamente distribuita a faccia in gi\u00f9, quindi non la conterete ancora.  Se un giocatore divide una coppia di carte, queste saranno girate a faccia in su, quindi contatele e poi contate le carte \"vincenti\" man mano che escono.  In una partita a un solo mazzo, il giocatore segnala uno \"stand\" ponendo le carte sotto la puntata, in modo da non vederle e quindi da non poterle ancora contare.  Nel caso in cui un giocatore faccia \"bust\", getter\u00e0 le sue prime due carte, quindi le conter\u00e0 non appena le vedr\u00e0.  Il gioco termina con la mano del croupier, quindi contate la carta hole del croupier quando viene scoperta e tutte le carte vincenti per quella mano.<\/p>\n<p><b> Ora arriva la parte difficile. <\/b> Il mazziere inizier\u00e0 dal lato della \"terza base\" e girer\u00e0 tutte le carte \"buche\" (cos\u00ec come le carte del doppio down) da sotto la puntata e le metter\u00e0 al di sopra di tutte le altre carte della mano.  Esse finiranno come le due carte pi\u00f9 vicine al mazziere; contatele man mano che vengono scoperte.  Una mano tipica si presenta cos\u00ec:<\/p>\n<p class=\"text-center\">\n<img loading=\"lazy\" decoding=\"async\" class=\"center\" src=\"\/files\/Blackjack-School\/Hand-Example-Before-400x400.gif\" width=\"400\" height=\"400\" alt=\"Hand Example Before\" data-no-auto-translation=\"\"><br \/>\nMano prima che il mazziere giri le carte<\/p>\n<p class=\"text-center\">\n<img loading=\"lazy\" decoding=\"async\" class=\"center\" src=\"\/files\/Blackjack-School\/Hand-Example-After-400x400.gif\" width=\"400\" height=\"400\" alt=\"Hand Example After\" data-no-auto-translation=\"\"><br \/>\nMano dopo che il mazziere ha girato le carte<\/p>\n<p>Come si pu\u00f2 vedere, questo giocatore aveva una mano con un totale di 7 e ha subito un colpo.  Il croupier ha tirato le carte in alto e ora lo pagher\u00e0 come vincitore.  Contate le due carte scoperte, ma NON contate di nuovo il Jack, perch\u00e9 l'avreste contato quando il giocatore ha \"grattato\" per un colpo.<\/p>\n<p>Questo pu\u00f2 essere ancora un po' confuso, ma una volta che si \u00e8 inserita l'idea nella propria mente, si entrer\u00e0 rapidamente nello schema delle cose quando si assister\u00e0 a una partita vera e propria in azione.  Dovreste stare dietro e osservare finch\u00e9 non siete sicuri di aver acquisito la tecnica, ma non ci vorr\u00e0 molto.  Il modo ideale per esercitarsi \u00e8 chiedere a qualcuno di trattare al posto vostro, ma assicuratevi che utilizzi le procedure illustrate sopra.<\/p>\n<h3>Sviluppare la velocit\u00e0 e la resistenza<\/h3>\n<p><b>Quando parlo di esercitarsi nel conteggio, uso spesso l'analogia di un pugile professionista: un pugile si allena sia per la velocit\u00e0 che per la resistenza.<\/b>  Si usa un \"sacco di velocit\u00e0\" per i jab brevi e veloci e un sacco grande e pesante per i pugni duri.  Un conto alla rovescia a un solo mazzo \u00e8 il vostro \"speed bag\"; cercate di superarlo il pi\u00f9 rapidamente possibile mantenendo la vostra precisione.  Per aumentare la vostra resistenza, iniziate a contare due mazzi mescolati insieme (non dimenticate di togliere 3 carte per controllare la vostra precisione).  Quando riuscite a fare due mazzi in meno di 40 secondi, passate a 6 mazzi.  Mescolateli tutti e sei insieme, poi divideteli in 5 o 6 pile separate su un tavolo e contateli tutti il pi\u00f9 velocemente possibile.  L'obiettivo \u00e8 quello di fare il tutto in meno di 2 minuti; l'ideale \u00e8 meno di 1:30.  Il motivo per cui si contano cos\u00ec tanti mazzi, sia che ci si alleni per una partita a un solo mazzo o a pi\u00f9 mazzi, \u00e8 che non solo ci si abitua a mantenere il conteggio per un lungo periodo di tempo, ma ci si abitua anche ad ampie oscillazioni nel conteggio.  Il conteggio in corso per un singolo mazzo raramente andr\u00e0 sopra o sotto il 10, ma in un conteggio a sei mazzi si verificano spesso tali conteggi e bisogna abituarsi a questo.  Esercitarsi in questo modo con molte distrazioni in giro \u00e8 positivo.  Fatelo con i bambini che vi disturbano, con la TV accesa o con Fido che abbaia e svilupperete la vostra capacit\u00e0 di tenere il conto mentre siete al casin\u00f2.<\/p>\n<h3>Qualche altro trucco<\/h3>\n<p><b>Imparare a contare all'indietro a partire da un numero dispari per due.<\/b>  Tutti sappiamo contare \"2, 4, 6\", ecc. ma pochi sanno contare \"11, 9, 7, 5, 3\" molto velocemente.  Questo \u00e8 un buon esercizio da fare mentre si guida.  Partite da 25 e arrivate fino a M5, pi\u00f9 e pi\u00f9 volte; questo esercizio si \"imprimer\u00e0\" nella vostra mente e vi servir\u00e0 a un tavolo pieno quando il conteggio sar\u00e0 alto e usciranno tutti i 20 e i Blackjack.  Quando vi annoiate, fatelo all'indietro partendo da un numero pari, per tenervi in forma.<\/p>\n<p><b>Quando il conteggio viene interrotto per qualsiasi motivo, recitate il conteggio a voi stessi pi\u00f9 e pi\u00f9 volte.<\/b>  Supponiamo che vi stiate esercitando a casa e che la piccola Margaux o vostro figlio Corky (ogni contatore di carte non \u00e8 forse anche un fanatico del vino?) abbiano una domanda \"di vita o di morte\".  Se il conteggio in quel momento \u00e8 M6, continuate a ripetere \"M6, M6, M6\" nella vostra mente mentre li ascoltate.  Saprete che state facendo dei veri progressi quando riuscirete a PARLARE con loro e a ricordare il conteggio!  La pratica \u00e8 ci\u00f2 che permette di ottenere questo risultato.<\/p>\n<h3>Compiti a casa<\/h3>\n<p>Continuate a lavorare sulla velocit\u00e0 con un conto alla rovescia a un solo mazzo, ma inserite anche qualche esercizio a due mazzi.  Quando riuscite a eseguire due mazzi con precisione in meno di 40 secondi, passate a un conto alla rovescia a sei mazzi.<\/p>\n<p><b>Importante:<\/b>  Tutto ci\u00f2 che vi ho mostrato qui si applica anche alla maggior parte dei giochi a doppio mazzo, ma dovete ricordare che la strategia di base cambia un po' quando giocate a un gioco con meno di quattro mazzi.  Vedere la Lezione 1 per imparare la strategia di base a un solo mazzo.<\/p>\n<p>Inizieremo poi a parlare dell'unica ragione per cui si gioca a Blackjack: il denaro.<\/p>\n<p>Fino ad allora, la scuola \u00e8 finita.<\/p>","protected":false},"excerpt":{"rendered":"<p>Every serious counter should have a good knowledge of how to play single-deck Blackjack, even if you spend 90% of your time at multi-deck games, because when you are able to get to a single deck game, it can be very profitable. The primary lure of the game will become more evident as we get [&hellip;]<\/p>\n","protected":false},"author":2,"featured_media":0,"parent":634,"menu_order":0,"comment_status":"open","ping_status":"open","template":"page-blackjack-school.php","meta":{"_acf_changed":false,"footnotes":""},"tags":[],"class_list":["post-709","page","type-page","status-publish","hentry"],"acf":[],"yoast_head":"<!-- This site is optimized with the Yoast SEO plugin v26.6 - https:\/\/yoast.com\/wordpress\/plugins\/seo\/ -->\n<title>Blackjack School \u1408 Lesson 6 - Card Counting - Single-deck Play<\/title>\n<meta name=\"description\" content=\"Lesson 6 in the GameMaster&#039;s Free Blackjack School - Card counting in a face-down game.\" \/>\n<meta name=\"robots\" content=\"index, follow, max-snippet:-1, max-image-preview:large, max-video-preview:-1\" \/>\n<link rel=\"canonical\" href=\"https:\/\/www.blackjackinfo.com\/it\/scuola-di-blackjack\/lezione-06-conteggio-delle-carte-gioco-a-mazzo-singolo\/\" \/>\n<meta property=\"og:locale\" content=\"it_IT\" \/>\n<meta property=\"og:type\" content=\"article\" \/>\n<meta property=\"og:title\" content=\"Blackjack School \u1408 Lesson 6 - Card Counting - Single-deck Play\" \/>\n<meta property=\"og:description\" content=\"Lesson 6 in the GameMaster&#039;s Free Blackjack School - Card counting in a face-down game.\" \/>\n<meta property=\"og:url\" content=\"https:\/\/www.blackjackinfo.com\/it\/scuola-di-blackjack\/lezione-06-conteggio-delle-carte-gioco-a-mazzo-singolo\/\" \/>\n<meta property=\"og:site_name\" content=\"BlackjackInfo.com\" \/>\n<meta property=\"article:modified_time\" content=\"2020-02-18T23:55:23+00:00\" \/>\n<meta name=\"twitter:label1\" content=\"Tempo di lettura stimato\" \/>\n\t<meta name=\"twitter:data1\" content=\"6 minuti\" \/>\n<script type=\"application\/ld+json\" class=\"yoast-schema-graph\">{\"@context\":\"https:\/\/schema.org\",\"@graph\":[{\"@type\":\"WebPage\",\"@id\":\"https:\/\/www.blackjackinfo.com\/blackjack-school\/lesson-06-card-counting-single-deck-play\/\",\"url\":\"https:\/\/www.blackjackinfo.com\/blackjack-school\/lesson-06-card-counting-single-deck-play\/\",\"name\":\"Blackjack School \u1408 Lesson 6 - Card Counting - Single-deck Play\",\"isPartOf\":{\"@id\":\"https:\/\/www.blackjackinfo.com\/#website\"},\"datePublished\":\"2014-10-19T22:12:34+00:00\",\"dateModified\":\"2020-02-18T23:55:23+00:00\",\"description\":\"Lesson 6 in the GameMaster's Free Blackjack School - Card counting in a face-down game.\",\"breadcrumb\":{\"@id\":\"https:\/\/www.blackjackinfo.com\/blackjack-school\/lesson-06-card-counting-single-deck-play\/#breadcrumb\"},\"inLanguage\":\"it-IT\",\"potentialAction\":[{\"@type\":\"ReadAction\",\"target\":[\"https:\/\/www.blackjackinfo.com\/blackjack-school\/lesson-06-card-counting-single-deck-play\/\"]}]},{\"@type\":\"BreadcrumbList\",\"@id\":\"https:\/\/www.blackjackinfo.com\/blackjack-school\/lesson-06-card-counting-single-deck-play\/#breadcrumb\",\"itemListElement\":[{\"@type\":\"ListItem\",\"position\":1,\"name\":\"Home\",\"item\":\"https:\/\/www.blackjackinfo.com\/\"},{\"@type\":\"ListItem\",\"position\":2,\"name\":\"Blackjack School &#8211; A Free 24-Lesson Class on Card Counting\",\"item\":\"https:\/\/www.blackjackinfo.com\/blackjack-school\/\"},{\"@type\":\"ListItem\",\"position\":3,\"name\":\"Lesson 6 &#8211; Card Counting &#8211; Single-deck Play\"}]},{\"@type\":\"WebSite\",\"@id\":\"https:\/\/www.blackjackinfo.com\/#website\",\"url\":\"https:\/\/www.blackjackinfo.com\/\",\"name\":\"BlackjackInfo.com\",\"description\":\"Because Winning is More Fun!\",\"potentialAction\":[{\"@type\":\"SearchAction\",\"target\":{\"@type\":\"EntryPoint\",\"urlTemplate\":\"https:\/\/www.blackjackinfo.com\/?s={search_term_string}\"},\"query-input\":{\"@type\":\"PropertyValueSpecification\",\"valueRequired\":true,\"valueName\":\"search_term_string\"}}],\"inLanguage\":\"it-IT\"}]}<\/script>\n<!-- \/ Yoast SEO plugin. -->","yoast_head_json":{"title":"Scuola di Blackjack \u1408 Lezione 6 - Conteggio delle carte - Gioco a singolo mazzo","description":"Lezione 6 della Scuola gratuita di Blackjack del GameMaster - Conteggio delle carte in un gioco a faccia in gi\u00f9.","robots":{"index":"index","follow":"follow","max-snippet":"max-snippet:-1","max-image-preview":"max-image-preview:large","max-video-preview":"max-video-preview:-1"},"canonical":"https:\/\/www.blackjackinfo.com\/it\/scuola-di-blackjack\/lezione-06-conteggio-delle-carte-gioco-a-mazzo-singolo\/","og_locale":"it_IT","og_type":"article","og_title":"Blackjack School \u1408 Lesson 6 - Card Counting - Single-deck Play","og_description":"Lesson 6 in the GameMaster's Free Blackjack School - Card counting in a face-down game.","og_url":"https:\/\/www.blackjackinfo.com\/it\/scuola-di-blackjack\/lezione-06-conteggio-delle-carte-gioco-a-mazzo-singolo\/","og_site_name":"BlackjackInfo.com","article_modified_time":"2020-02-18T23:55:23+00:00","twitter_misc":{"Tempo di lettura stimato":"6 minuti"},"schema":{"@context":"https:\/\/schema.org","@graph":[{"@type":"WebPage","@id":"https:\/\/www.blackjackinfo.com\/blackjack-school\/lesson-06-card-counting-single-deck-play\/","url":"https:\/\/www.blackjackinfo.com\/blackjack-school\/lesson-06-card-counting-single-deck-play\/","name":"Scuola di Blackjack \u1408 Lezione 6 - Conteggio delle carte - Gioco a singolo mazzo","isPartOf":{"@id":"https:\/\/www.blackjackinfo.com\/#website"},"datePublished":"2014-10-19T22:12:34+00:00","dateModified":"2020-02-18T23:55:23+00:00","description":"Lezione 6 della Scuola gratuita di Blackjack del GameMaster - Conteggio delle carte in un gioco a faccia in gi\u00f9.","breadcrumb":{"@id":"https:\/\/www.blackjackinfo.com\/blackjack-school\/lesson-06-card-counting-single-deck-play\/#breadcrumb"},"inLanguage":"it-IT","potentialAction":[{"@type":"ReadAction","target":["https:\/\/www.blackjackinfo.com\/blackjack-school\/lesson-06-card-counting-single-deck-play\/"]}]},{"@type":"BreadcrumbList","@id":"https:\/\/www.blackjackinfo.com\/blackjack-school\/lesson-06-card-counting-single-deck-play\/#breadcrumb","itemListElement":[{"@type":"ListItem","position":1,"name":"Home","item":"https:\/\/www.blackjackinfo.com\/"},{"@type":"ListItem","position":2,"name":"Blackjack School &#8211; A Free 24-Lesson Class on Card Counting","item":"https:\/\/www.blackjackinfo.com\/blackjack-school\/"},{"@type":"ListItem","position":3,"name":"Lesson 6 &#8211; Card Counting &#8211; Single-deck Play"}]},{"@type":"WebSite","@id":"https:\/\/www.blackjackinfo.com\/#website","url":"https:\/\/www.blackjackinfo.com\/","name":"BlackjackInfo.com","description":"Perch\u00e9 vincere \u00e8 pi\u00f9 divertente!","potentialAction":[{"@type":"SearchAction","target":{"@type":"EntryPoint","urlTemplate":"https:\/\/www.blackjackinfo.com\/?s={search_term_string}"},"query-input":{"@type":"PropertyValueSpecification","valueRequired":true,"valueName":"search_term_string"}}],"inLanguage":"it-IT"}]}},"_links":{"self":[{"href":"https:\/\/www.blackjackinfo.com\/it\/wp-json\/wp\/v2\/pages\/709","targetHints":{"allow":["GET"]}}],"collection":[{"href":"https:\/\/www.blackjackinfo.com\/it\/wp-json\/wp\/v2\/pages"}],"about":[{"href":"https:\/\/www.blackjackinfo.com\/it\/wp-json\/wp\/v2\/types\/page"}],"author":[{"embeddable":true,"href":"https:\/\/www.blackjackinfo.com\/it\/wp-json\/wp\/v2\/users\/2"}],"replies":[{"embeddable":true,"href":"https:\/\/www.blackjackinfo.com\/it\/wp-json\/wp\/v2\/comments?post=709"}],"version-history":[{"count":8,"href":"https:\/\/www.blackjackinfo.com\/it\/wp-json\/wp\/v2\/pages\/709\/revisions"}],"predecessor-version":[{"id":5456,"href":"https:\/\/www.blackjackinfo.com\/it\/wp-json\/wp\/v2\/pages\/709\/revisions\/5456"}],"up":[{"embeddable":true,"href":"https:\/\/www.blackjackinfo.com\/it\/wp-json\/wp\/v2\/pages\/634"}],"wp:attachment":[{"href":"https:\/\/www.blackjackinfo.com\/it\/wp-json\/wp\/v2\/media?parent=709"}],"wp:term":[{"taxonomy":"post_tag","embeddable":true,"href":"https:\/\/www.blackjackinfo.com\/it\/wp-json\/wp\/v2\/tags?post=709"}],"curies":[{"name":"wp","href":"https:\/\/api.w.org\/{rel}","templated":true}]}}