{"id":720,"date":"2014-10-19T20:00:00","date_gmt":"2014-10-20T01:00:00","guid":{"rendered":"http:\/\/test.blackjackinfo.com\/?page_id=720"},"modified":"2020-02-18T17:55:54","modified_gmt":"2020-02-18T23:55:54","slug":"lezione-07-gestione-del-denaro-parte-1","status":"publish","type":"page","link":"https:\/\/www.blackjackinfo.com\/it\/blackjack-school\/lesson-07-money-management-part-1\/","title":{"rendered":"Lezione 7 - Gestione del denaro - Parte 1"},"content":{"rendered":"<h3>Un sermone<\/h3>\n<p><b>Ogni tanto faccio un po' di prediche sulle pagine di The GameMaster Online, soprattutto perch\u00e9 odio pensare che le persone consegnino i loro soldi ai casin\u00f2.<\/b>  Non sto dicendo che non perdo, perch\u00e9 anch'io ho le mie giornate no, ma quello che sto dicendo \u00e8 che i casin\u00f2 devono lottare con me per ogni centesimo che ottengono.  Dovete sviluppare questo tipo di atteggiamento e il fatto che stiate leggendo questo articolo mi dimostra che siete disposti a imparare, quindi avete gi\u00e0 un buon inizio.  I casin\u00f2 guadagnano perch\u00e9 i giocatori permettono loro di guadagnare.  Anche se avete imparato tutto quello che vi ho insegnato fino a questo punto, non siete ancora pronti a giocare, quindi lasciate perdere e iniziate a costruire il vostro bankroll in vista del giorno in cui sarete pronti.  Non potete aspettarvi di vincere al Blackjack se puntate i soldi dell'affitto.  Dovete mettere da parte una somma di denaro \"extra\" che, in caso di perdita, non incider\u00e0 in alcun modo sul vostro stile di vita.   In questo modo, punterete ci\u00f2 che deve essere puntato e giocherete le mani come devono essere giocate.  Questo \u00e8 ci\u00f2 che ottiene il $$$ al casin\u00f2.  Detto fatto.<br \/>\n<div class=\"row\" style=\"margin-bottom:20px\">\n    <div class=\"col-sm-12\">\n                <h2>I migliori casin\u00f2 online degli Stati Uniti <span\n                class=\"flag-icon flag-icon-us\"><\/span><\/h2>\n\n        \n                \n        <div class=\"ranking-table text-center\">\n            <div class=\"row flex ad-row\">\n                <div class=\"col-sm-3\">\n                    <div class=\"row flex\">\n\n                        <div class=\"col-sm-3\">\n                            <div class=\"ranking-number text-center\">\n\n                                1                                \n                            <\/div>\n                        <\/div>\n                        <div class=\"col-sm-9\">\n                            <img decoding=\"async\" src=\"https:\/\/www.blackjackinfo.com\/files\/bovada.png\" data-no-auto-translation=\"\">\n                        <\/div>\n                    <\/div>\n                <\/div>\n                <div class=\"col-sm-4\">\n                    <div class=\"bonus-text text-center\"><span class=\"red\">100% fino a $1.000<\/span><\/div>\n\t\t\t\t\t\n\n                <\/div>\n                <div class=\"col-sm-2\">\n                    <a class=\"btn btn-wire\" href=\"\/it\/casino\/bovada\/\">Recensione<\/a>\n\n                <\/div>\n                <div class=\"col-sm-3\">\n                    <a rel=\"nofollow\" target=\"_blank\" class=\"btn btn-blue\" href=\"\/goto\/goto\/\">Giocare\n                        Ora<\/a>\n\t\t\t\t\t\t\n\n                <\/div>\n            <\/div>\n        <\/div>\n\n\n\n        \n                \n        <div class=\"ranking-table text-center\">\n            <div class=\"row flex ad-row\">\n                <div class=\"col-sm-3\">\n                    <div class=\"row flex\">\n\n                        <div class=\"col-sm-3\">\n                            <div class=\"ranking-number text-center\">\n\n                                2                                \n                            <\/div>\n                        <\/div>\n                        <div class=\"col-sm-9\">\n                            <img decoding=\"async\" src=\"https:\/\/www.blackjackinfo.com\/files\/ignition-casino-logo.png\" data-no-auto-translation=\"\">\n                        <\/div>\n                    <\/div>\n                <\/div>\n                <div class=\"col-sm-4\">\n                    <div class=\"bonus-text text-center\"><span class=\"red\">100% fino a $1.000<\/span><\/div>\n\t\t\t\t\t\n\n                <\/div>\n                <div class=\"col-sm-2\">\n                    <a class=\"btn btn-wire\" href=\"\/it\/casino\/ignition-casino\/\">Recensione<\/a>\n\n                <\/div>\n                <div class=\"col-sm-3\">\n                    <a rel=\"nofollow\" target=\"_blank\" class=\"btn btn-blue\" href=\"\/goto\/goto\/\">Giocare\n                        Ora<\/a>\n\t\t\t\t\t\t\n\n                <\/div>\n            <\/div>\n        <\/div>\n\n\n\n        \n                \n        <div class=\"ranking-table text-center\">\n            <div class=\"row flex ad-row\">\n                <div class=\"col-sm-3\">\n                    <div class=\"row flex\">\n\n                        <div class=\"col-sm-3\">\n                            <div class=\"ranking-number text-center\">\n\n                                3                                \n                            <\/div>\n                        <\/div>\n                        <div class=\"col-sm-9\">\n                            <img decoding=\"async\" src=\"https:\/\/www.blackjackinfo.com\/files\/VipSlots-500x250_dark.svg\" data-no-auto-translation=\"\">\n                        <\/div>\n                    <\/div>\n                <\/div>\n                <div class=\"col-sm-4\">\n                    <div class=\"bonus-text text-center\"><span class=\"red\">100 SPIN GRATUITI su Vita segreta dei gatti<\/span><\/div>\n\t\t\t\t\t\n\n                <\/div>\n                <div class=\"col-sm-2\">\n                    <a class=\"btn btn-wire\" href=\"\/it\/casino\/vipslots-casino\/\">Recensione<\/a>\n\n                <\/div>\n                <div class=\"col-sm-3\">\n                    <a rel=\"nofollow\" target=\"_blank\" class=\"btn btn-blue\" href=\"\/goto\/goto\/\">Giocare\n                        Ora<\/a>\n\t\t\t\t\t\t\n\n                <\/div>\n            <\/div>\n        <\/div>\n\n\n\n        \n                \n        <div class=\"ranking-table text-center\">\n            <div class=\"row flex ad-row\">\n                <div class=\"col-sm-3\">\n                    <div class=\"row flex\">\n\n                        <div class=\"col-sm-3\">\n                            <div class=\"ranking-number text-center\">\n\n                                4                                \n                            <\/div>\n                        <\/div>\n                        <div class=\"col-sm-9\">\n                            <img decoding=\"async\" src=\"https:\/\/www.blackjackinfo.com\/files\/vegas_casino_online.png\" data-no-auto-translation=\"\">\n                        <\/div>\n                    <\/div>\n                <\/div>\n                <div class=\"col-sm-4\">\n                    <div class=\"bonus-text text-center\"><span class=\"red\">300% fino a $3.000<\/span><\/div>\n\t\t\t\t\t\n\n                <\/div>\n                <div class=\"col-sm-2\">\n                    <a class=\"btn btn-wire\" href=\"\/it\/casino\/vegas-casino-online-2\/\">Recensione<\/a>\n\n                <\/div>\n                <div class=\"col-sm-3\">\n                    <a rel=\"nofollow\" target=\"_blank\" class=\"btn btn-blue\" href=\"\/goto\/goto\/\">Giocare\n                        Ora<\/a>\n\t\t\t\t\t\t\n\n                <\/div>\n            <\/div>\n        <\/div>\n\n\n\n        \n                \n        <div class=\"ranking-table text-center\">\n            <div class=\"row flex ad-row\">\n                <div class=\"col-sm-3\">\n                    <div class=\"row flex\">\n\n                        <div class=\"col-sm-3\">\n                            <div class=\"ranking-number text-center\">\n\n                                5                                \n                            <\/div>\n                        <\/div>\n                        <div class=\"col-sm-9\">\n                            <img decoding=\"async\" src=\"https:\/\/www.blackjackinfo.com\/files\/cafe-casino-logo.svg\" data-no-auto-translation=\"\">\n                        <\/div>\n                    <\/div>\n                <\/div>\n                <div class=\"col-sm-4\">\n                    <div class=\"bonus-text text-center\"><span class=\"red\">250% fino a $1.500<\/span><\/div>\n\t\t\t\t\t\n\n                <\/div>\n                <div class=\"col-sm-2\">\n                    <a class=\"btn btn-wire\" href=\"\/it\/casino\/cafe-casino\/\">Recensione<\/a>\n\n                <\/div>\n                <div class=\"col-sm-3\">\n                    <a rel=\"nofollow\" target=\"_blank\" class=\"btn btn-blue\" href=\"\/goto\/goto\/\">Giocare\n                        Ora<\/a>\n\t\t\t\t\t\t\n\n                <\/div>\n            <\/div>\n        <\/div>\n\n\n\n            <\/div>\n<\/div><\/p>\n<h3>Che cos'\u00e8 la gestione del denaro?<\/h3>\n<p><b>Per quanto riguarda il gioco del Blackjack come contatore di carte, il money management \u00e8 un metodo di scommessa che riduce al minimo le perdite e massimizza i guadagni.<\/b>  Giocare a Blackjack comporta il rischio di perdite.  Il vantaggio che il banco ha sul casin\u00f2 \u00e8 esiguo e le fluttuazioni del bankroll di un giocatore possono verificarsi con una velocit\u00e0 spaventosa.  Una corretta gestione dei fondi \u00e8 necessaria in tutti gli aspetti del gioco per darvi le migliori possibilit\u00e0 di raggiungere l'inafferrabile \"lungo termine\".  Alcuni di voi inizieranno la loro carriera di giocatori con una grande vincita e non si guarderanno pi\u00f9 indietro.  La maggior parte di voi, invece, inizier\u00e0 con una perdita e ci vorranno pi\u00f9 ore di gioco prima di iniziare a registrare un profitto; questa \u00e8 solo la realt\u00e0 della situazione.  Quello che vi insegner\u00f2 nelle prossime quattro o cinque lezioni \u00e8 come sopravvivere al gioco fino a quando il vostro vantaggio a lungo termine non inizier\u00e0 a produrre i suoi effetti e poi vi mostrer\u00f2 come mantenere i profitti ottenuti.<\/p>\n<h3>Il vero conteggio<\/h3>\n<p><b>Tutte le nostre decisioni di scommessa saranno prese sulla base del cosiddetto \"conteggio reale\" o, pi\u00f9 precisamente, del \"conteggio per mazzo rimanente\". <\/b> Sebbene la maggior parte di queste informazioni si applichi a coloro che giocano ai giochi a pi\u00f9 mazzi, anche voi giocatori a un solo mazzo prestate attenzione: dovrete sapere anche questo.     Se nella prima mano di una partita escono sei carte piccole, il conteggio corrente \u00e8 di 6. Per i giocatori a mazzo singolo, il conteggio reale \u00e8 di poco pi\u00f9 di 6, poich\u00e9 rimane poco meno di un mazzo da giocare.  Se si tratta di una partita a sei mazzi, il conteggio per ogni mazzo rimanente (il conteggio vero) \u00e8 di poco superiore a 1, poich\u00e9 restano da giocare poco meno di 6 mazzi.  Vedete come funziona?  Stiamo \"standardizzando\" il conteggio dividendo il conteggio corrente per il numero totale di mazzi rimanenti.  Proviamo a fare un altro esempio per vedere se avete capito il concetto.  In una partita a un solo mazzo nella prima mano, un conteggio di 2 (ricordate che non uso il \"+\" per indicare un numero positivo) si converte in un conteggio reale di 2, una volta arrotondato.  In una partita a sei mazzi e con un conteggio in corso di 12 dopo la prima mano, il conteggio vero si converte in 2. Entrambi i conteggi veri sono 2, ma \u00e8 necessario un conteggio in corso molto pi\u00f9 alto per ottenere questo risultato nella partita a sei mazzi.<\/p>\n<p><b>PER DETERMINARE IL VERO CONTEGGIO, DIVIDERE IL CONTEGGIO \"IN CORSO\" PER IL NUMERO DI MAZZI RIMASTI DA GIOCARE. <\/b><\/p>\n<p><b>Non lasciatevi confondere da questa affermazione.  Si tratta del numero di mazzi rimasti, indipendentemente dal fatto che vengano effettivamente giocati o meno.<\/b>  In una partita a sei mazzi, un mazzo o pi\u00f9 pu\u00f2 essere tagliato dal mazziere, ma questo non ha alcun significato nel calcolo del conteggio reale.  La base per il calcolo \u00e8 il numero totale di mazzi del gioco, che viene corretto dal numero di mazzi giocati.  Un esempio: in una partita a sei mazzi in cui sono stati giocati due mazzi e sono stati messi nel rack degli scarti a lato, un conteggio in corso di 8 si traduce in un conteggio vero di 2 perch\u00e9 ci sono quattro mazzi rimasti nella scarpa.  Il mazziere pu\u00f2 mescolare prima che tutti e quattro i mazzi rimanenti siano stati giocati, ma per la conversione del conteggio reale questo non ha importanza.<\/p>\n<p>Fate questo piccolo test con me per vedere se avete capito il principio.<\/p>\n<div class=\"col-sm-6 col-center\">\n<table class=\"data-table text-center\">\n<tbody>\n<tr>\n<th><\/th>\n<th>Ponte rimanente<\/th>\n<th>Conteggio della corsa<\/th>\n<th>Conteggio vero<\/th>\n<\/tr>\n<tr>\n<td>1.<\/td>\n<td>4<\/td>\n<td>8<\/td>\n<td>2<\/td>\n<\/tr>\n<tr>\n<td>2.<\/td>\n<td>2<\/td>\n<td>10<\/td>\n<td>5<\/td>\n<\/tr>\n<tr>\n<td>3.<\/td>\n<td>5<\/td>\n<td>5<\/td>\n<td>1<\/td>\n<\/tr>\n<tr>\n<td>4.<\/td>\n<td>3<\/td>\n<td>12<\/td>\n<td>4<\/td>\n<\/tr>\n<\/tbody>\n<\/table>\n<\/div>\n<h3>Stimare il numero di ponti rimanenti<\/h3>\n<p><b>I casin\u00f2 sono molto gentili nel fornirci un dispositivo per determinare quanti mazzi rimangono da giocare nella scarpa.  No, questo dispositivo non \u00e8 la scarpa, ma il vassoio degli scarti.<\/b> che si trova praticamente su ogni tavolo in cui si gioca a pi\u00f9 mazzi.  Man mano che le carte vengono utilizzate, il mazziere le ripone ordinatamente nel vassoio degli scarti, dove tutti possono vederle, cos\u00ec i banchi usano questo dato, e un po' di sottrazione, per determinare quanti mazzi rimangono da giocare.  In una partita a sei mazzi, se ci sono due mazzi nel vassoio degli scarti, devono rimanere quattro mazzi nella scarpa, supponendo che non ci siano carte sul tavolo.  Il nostro obiettivo \u00e8 quello di essere precisi entro il mezzo mazzo per la nostra stima.  Il modo esatto in cui allenarsi a questo scopo \u00e8 uno dei vostri compiti a casa, quindi non preoccupatevi di questo per il momento.  Ci\u00f2 che \u00e8 pi\u00f9 importante a questo punto sono i meccanismi utilizzati per calcolare il conteggio reale con questo metodo.  Vediamo insieme una semplice spiegazione.<\/p>\n<p>Siamo in una partita a sei mazzi, il conteggio corrente \u00e8 M-6 e tre mazzi sono nel vassoio degli scarti.  Ci\u00f2 significa che rimangono tre mazzi, quindi dividiamo il conteggio in corso per 3 e il nostro vero conteggio \u00e8 M-2. S\u00ec, questo funziona anche per i mazzi negativi, esattamente nello stesso modo.  S\u00ec, questo funziona anche per i mazzi negativi, esattamente nello stesso modo.  Capito?  Provate questo test per vedere se \u00e8 cos\u00ec.<\/p>\n<p>Supponiamo di essere in una partita a sei mazzi. Vi dar\u00f2 solo i mazzi nel vassoio degli scarti, quindi fate il calcolo per determinare il numero di mazzi rimasti nella scarpa.<\/p>\n<div class=\"col-sm-6 col-center\">\n<table class=\"data-table text-center\">\n<tbody>\n<tr>\n<th><\/th>\n<th>Mazzi giocati<\/th>\n<th>Conteggio della corsa<\/th>\n<th>Conteggio vero<\/th>\n<\/tr>\n<tr>\n<td><b>1.<\/b><\/td>\n<td>2<\/td>\n<td>4<\/td>\n<td>?<\/td>\n<\/tr>\n<tr>\n<td><b>2.<\/b><\/td>\n<td>4<\/td>\n<td>8<\/td>\n<td>?<\/td>\n<\/tr>\n<tr>\n<td><b>3.<\/b><\/td>\n<td>5<\/td>\n<td>5<\/td>\n<td>?<\/td>\n<\/tr>\n<tr>\n<td><b>4.<\/b><\/td>\n<td>1<\/td>\n<td>5<\/td>\n<td>?<\/td>\n<\/tr>\n<tr>\n<td><b>5.<\/b><\/td>\n<td>2.5<\/td>\n<td>7<\/td>\n<td>?<\/td>\n<\/tr>\n<tr>\n<td><b>6.<\/b><\/td>\n<td>2<\/td>\n<td>0<\/td>\n<td>?<\/td>\n<\/tr>\n<tr>\n<td><b>7.<\/b><\/td>\n<td>3.5<\/td>\n<td>M-5<\/td>\n<td>?<\/td>\n<\/tr>\n<tr>\n<td><b>8.<\/b><\/td>\n<td>1.5<\/td>\n<td>9<\/td>\n<td>?<\/td>\n<\/tr>\n<tr>\n<td><b>9.<\/b><\/td>\n<td>3<\/td>\n<td>M-3<\/td>\n<td>?<\/td>\n<\/tr>\n<tr>\n<td><b>10.<\/b><\/td>\n<td>4.5<\/td>\n<td>2<\/td>\n<td>?<\/td>\n<\/tr>\n<\/tbody>\n<\/table>\n<\/div>\n<p><b>Le risposte<\/b><\/p>\n<p><b>1.<\/b> Uno (2 mazzi giocati, 4 mazzi rimanenti, 4 diviso 4 = 1)<\/p>\n<p><b>2.<\/b> Quattro (4 mazzi giocati, 2 mazzi rimanenti, 8 diviso 2 = 4)<\/p>\n<p><b>3.<\/b> Cinque (ora sei da solo, ragazzo).<\/p>\n<p><b>4.<\/b> Uno<\/p>\n<p><b>5.<\/b> Due<\/p>\n<p><b>6.<\/b> Zero<\/p>\n<p><b>7.<\/b> M-due<\/p>\n<p><b>8.<\/b> Due<\/p>\n<p><b>9.<\/b>M-one<\/p>\n<p><b>10.<\/b> Un po' pi\u00f9 di uno (ma noi arrotondiamo sempre \"per difetto\" per essere conservativi, quindi lo chiamiamo \"uno\").<\/p>\n<p><b>Vedo che alcuni occhi si stanno velando, quindi \u00e8 meglio fermarsi per questa settimana.<\/b>  Ma non scoraggiatevi: potete impararlo, ci vuole solo un po' di pratica.  A proposito di pratica, prendete il vostro compito a casa ed esercitatevi a \"calibrare\" gli occhi.<\/p>\n<h3>Compiti a casa<\/h3>\n<p>Stimare il numero di mazzi rimanenti in un vassoio di scarto \u00e8 in realt\u00e0 solo un esercizio di fissazione ripetitiva.  Se si guarda un mazzo di 52 carte abbastanza a lungo, si pu\u00f2 capire se sono state aggiunte 10 o 12 carte.  Ecco come calibrare i nostri occhi.  Iniziate con un solo mazzo e guardatelo per un po'.  Poi, metteteci sopra un altro mazzo e guardatelo per un po'.  Ora mettete un terzo mazzo e guardatelo per un po'.  Infine, togliete un mazzo - non contate le carte - ma valutate quanto \u00e8 grande un mazzo, toglietelo e poi contatelo per vedere quanto vi siete avvicinati.  Ora, rimettete quel mazzo in cima e togliete due mazzi, contateli per precisione e rimetteteli in cima.  A questo punto, aumentate la pila fino a cinque mazzi ed estraete un mazzo e mezzo, poi tre mazzi e cos\u00ec via.  Sarete sorpresi dalla rapidit\u00e0 con cui inizierete a riconoscere quanti mazzi ci sono in una pila.  Una variante simpatica di questo esercizio \u00e8 quella di chiedere a un amico di preparare pile di varie dimensioni (entro la precisione di mezzo mazzo) mentre voi siete fuori dalla stanza e poi rientrate e recitate la dimensione di ogni pila.<\/p>\n<p>Continuate a lavorare, perch\u00e9 dovete essere precisi.  Il vostro denaro dipender\u00e0 da questo.<\/p>\n<p>Ci vediamo qui la prossima settimana, quando parleremo di come scommettere utilizzando il conteggio reale.<\/p>","protected":false},"excerpt":{"rendered":"<p>A Sermon I do a little bit of preaching on the pages of The GameMaster Online every so often, primarily because I hate to think of people handing their money to casinos. I&#8217;m not saying I don&#8217;t lose, because I have my bad days as well, but what I am saying is that the casinos [&hellip;]<\/p>\n","protected":false},"author":2,"featured_media":0,"parent":634,"menu_order":0,"comment_status":"open","ping_status":"open","template":"page-blackjack-school.php","meta":{"_acf_changed":false,"footnotes":""},"tags":[],"class_list":["post-720","page","type-page","status-publish","hentry"],"acf":[],"yoast_head":"<!-- This site is optimized with the Yoast SEO plugin v26.6 - https:\/\/yoast.com\/wordpress\/plugins\/seo\/ -->\n<title>Blackjack School \u1408 Lesson 7 - Money Management - Part 1<\/title>\n<meta name=\"description\" content=\"Lesson 7 in the GameMaster&#039;s Free Blackjack School - Understanding the true count, and what it means for bet sizing.\" \/>\n<meta name=\"robots\" content=\"index, follow, max-snippet:-1, max-image-preview:large, max-video-preview:-1\" \/>\n<link rel=\"canonical\" href=\"https:\/\/www.blackjackinfo.com\/it\/scuola-di-blackjack\/lezione-07-gestione-del-denaro-parte-1\/\" \/>\n<meta property=\"og:locale\" content=\"it_IT\" \/>\n<meta property=\"og:type\" content=\"article\" \/>\n<meta property=\"og:title\" content=\"Blackjack School \u1408 Lesson 7 - Money Management - Part 1\" \/>\n<meta property=\"og:description\" content=\"Lesson 7 in the GameMaster&#039;s Free Blackjack School - Understanding the true count, and what it means for bet sizing.\" \/>\n<meta property=\"og:url\" content=\"https:\/\/www.blackjackinfo.com\/it\/scuola-di-blackjack\/lezione-07-gestione-del-denaro-parte-1\/\" \/>\n<meta property=\"og:site_name\" content=\"BlackjackInfo.com\" \/>\n<meta property=\"article:modified_time\" content=\"2020-02-18T23:55:54+00:00\" \/>\n<meta name=\"twitter:label1\" content=\"Tempo di lettura stimato\" \/>\n\t<meta name=\"twitter:data1\" content=\"7 minuti\" \/>\n<script type=\"application\/ld+json\" class=\"yoast-schema-graph\">{\"@context\":\"https:\/\/schema.org\",\"@graph\":[{\"@type\":\"WebPage\",\"@id\":\"https:\/\/www.blackjackinfo.com\/blackjack-school\/lesson-07-money-management-part-1\/\",\"url\":\"https:\/\/www.blackjackinfo.com\/blackjack-school\/lesson-07-money-management-part-1\/\",\"name\":\"Blackjack School \u1408 Lesson 7 - Money Management - Part 1\",\"isPartOf\":{\"@id\":\"https:\/\/www.blackjackinfo.com\/#website\"},\"datePublished\":\"2014-10-20T01:00:00+00:00\",\"dateModified\":\"2020-02-18T23:55:54+00:00\",\"description\":\"Lesson 7 in the GameMaster's Free Blackjack School - Understanding the true count, and what it means for bet sizing.\",\"breadcrumb\":{\"@id\":\"https:\/\/www.blackjackinfo.com\/blackjack-school\/lesson-07-money-management-part-1\/#breadcrumb\"},\"inLanguage\":\"it-IT\",\"potentialAction\":[{\"@type\":\"ReadAction\",\"target\":[\"https:\/\/www.blackjackinfo.com\/blackjack-school\/lesson-07-money-management-part-1\/\"]}]},{\"@type\":\"BreadcrumbList\",\"@id\":\"https:\/\/www.blackjackinfo.com\/blackjack-school\/lesson-07-money-management-part-1\/#breadcrumb\",\"itemListElement\":[{\"@type\":\"ListItem\",\"position\":1,\"name\":\"Home\",\"item\":\"https:\/\/www.blackjackinfo.com\/\"},{\"@type\":\"ListItem\",\"position\":2,\"name\":\"Blackjack School &#8211; A Free 24-Lesson Class on Card Counting\",\"item\":\"https:\/\/www.blackjackinfo.com\/blackjack-school\/\"},{\"@type\":\"ListItem\",\"position\":3,\"name\":\"Lesson 7 &#8211; Money Management &#8211; Part 1\"}]},{\"@type\":\"WebSite\",\"@id\":\"https:\/\/www.blackjackinfo.com\/#website\",\"url\":\"https:\/\/www.blackjackinfo.com\/\",\"name\":\"BlackjackInfo.com\",\"description\":\"Because Winning is More Fun!\",\"potentialAction\":[{\"@type\":\"SearchAction\",\"target\":{\"@type\":\"EntryPoint\",\"urlTemplate\":\"https:\/\/www.blackjackinfo.com\/?s={search_term_string}\"},\"query-input\":{\"@type\":\"PropertyValueSpecification\",\"valueRequired\":true,\"valueName\":\"search_term_string\"}}],\"inLanguage\":\"it-IT\"}]}<\/script>\n<!-- \/ Yoast SEO plugin. -->","yoast_head_json":{"title":"Scuola di blackjack \u1408 Lezione 7 - Gestione del denaro - Parte 1","description":"Lezione 7 della Scuola gratuita di Blackjack del GameMaster - Capire il conteggio reale e cosa significa per il dimensionamento delle puntate.","robots":{"index":"index","follow":"follow","max-snippet":"max-snippet:-1","max-image-preview":"max-image-preview:large","max-video-preview":"max-video-preview:-1"},"canonical":"https:\/\/www.blackjackinfo.com\/it\/scuola-di-blackjack\/lezione-07-gestione-del-denaro-parte-1\/","og_locale":"it_IT","og_type":"article","og_title":"Blackjack School \u1408 Lesson 7 - Money Management - Part 1","og_description":"Lesson 7 in the GameMaster's Free Blackjack School - Understanding the true count, and what it means for bet sizing.","og_url":"https:\/\/www.blackjackinfo.com\/it\/scuola-di-blackjack\/lezione-07-gestione-del-denaro-parte-1\/","og_site_name":"BlackjackInfo.com","article_modified_time":"2020-02-18T23:55:54+00:00","twitter_misc":{"Tempo di lettura stimato":"7 minuti"},"schema":{"@context":"https:\/\/schema.org","@graph":[{"@type":"WebPage","@id":"https:\/\/www.blackjackinfo.com\/blackjack-school\/lesson-07-money-management-part-1\/","url":"https:\/\/www.blackjackinfo.com\/blackjack-school\/lesson-07-money-management-part-1\/","name":"Scuola di blackjack \u1408 Lezione 7 - Gestione del denaro - Parte 1","isPartOf":{"@id":"https:\/\/www.blackjackinfo.com\/#website"},"datePublished":"2014-10-20T01:00:00+00:00","dateModified":"2020-02-18T23:55:54+00:00","description":"Lezione 7 della Scuola gratuita di Blackjack del GameMaster - Capire il conteggio reale e cosa significa per il dimensionamento delle puntate.","breadcrumb":{"@id":"https:\/\/www.blackjackinfo.com\/blackjack-school\/lesson-07-money-management-part-1\/#breadcrumb"},"inLanguage":"it-IT","potentialAction":[{"@type":"ReadAction","target":["https:\/\/www.blackjackinfo.com\/blackjack-school\/lesson-07-money-management-part-1\/"]}]},{"@type":"BreadcrumbList","@id":"https:\/\/www.blackjackinfo.com\/blackjack-school\/lesson-07-money-management-part-1\/#breadcrumb","itemListElement":[{"@type":"ListItem","position":1,"name":"Home","item":"https:\/\/www.blackjackinfo.com\/"},{"@type":"ListItem","position":2,"name":"Blackjack School &#8211; A Free 24-Lesson Class on Card Counting","item":"https:\/\/www.blackjackinfo.com\/blackjack-school\/"},{"@type":"ListItem","position":3,"name":"Lesson 7 &#8211; Money Management &#8211; Part 1"}]},{"@type":"WebSite","@id":"https:\/\/www.blackjackinfo.com\/#website","url":"https:\/\/www.blackjackinfo.com\/","name":"BlackjackInfo.com","description":"Perch\u00e9 vincere \u00e8 pi\u00f9 divertente!","potentialAction":[{"@type":"SearchAction","target":{"@type":"EntryPoint","urlTemplate":"https:\/\/www.blackjackinfo.com\/?s={search_term_string}"},"query-input":{"@type":"PropertyValueSpecification","valueRequired":true,"valueName":"search_term_string"}}],"inLanguage":"it-IT"}]}},"_links":{"self":[{"href":"https:\/\/www.blackjackinfo.com\/it\/wp-json\/wp\/v2\/pages\/720","targetHints":{"allow":["GET"]}}],"collection":[{"href":"https:\/\/www.blackjackinfo.com\/it\/wp-json\/wp\/v2\/pages"}],"about":[{"href":"https:\/\/www.blackjackinfo.com\/it\/wp-json\/wp\/v2\/types\/page"}],"author":[{"embeddable":true,"href":"https:\/\/www.blackjackinfo.com\/it\/wp-json\/wp\/v2\/users\/2"}],"replies":[{"embeddable":true,"href":"https:\/\/www.blackjackinfo.com\/it\/wp-json\/wp\/v2\/comments?post=720"}],"version-history":[{"count":10,"href":"https:\/\/www.blackjackinfo.com\/it\/wp-json\/wp\/v2\/pages\/720\/revisions"}],"predecessor-version":[{"id":5457,"href":"https:\/\/www.blackjackinfo.com\/it\/wp-json\/wp\/v2\/pages\/720\/revisions\/5457"}],"up":[{"embeddable":true,"href":"https:\/\/www.blackjackinfo.com\/it\/wp-json\/wp\/v2\/pages\/634"}],"wp:attachment":[{"href":"https:\/\/www.blackjackinfo.com\/it\/wp-json\/wp\/v2\/media?parent=720"}],"wp:term":[{"taxonomy":"post_tag","embeddable":true,"href":"https:\/\/www.blackjackinfo.com\/it\/wp-json\/wp\/v2\/tags?post=720"}],"curies":[{"name":"wp","href":"https:\/\/api.w.org\/{rel}","templated":true}]}}