{"id":722,"date":"2014-10-19T20:05:26","date_gmt":"2014-10-20T01:05:26","guid":{"rendered":"http:\/\/test.blackjackinfo.com\/?page_id=722"},"modified":"2020-02-18T17:56:35","modified_gmt":"2020-02-18T23:56:35","slug":"lezione-08-gestione-del-denaro-parte-2","status":"publish","type":"page","link":"https:\/\/www.blackjackinfo.com\/it\/blackjack-school\/lesson-08-money-management-part-2\/","title":{"rendered":"Lezione 8 - Gestione del denaro - Parte 2"},"content":{"rendered":"<h3>Qualche parola sul ponte singolo<\/h3>\n<p><b>Nella lezione precedente vi ho insegnato come calcolare il \"conteggio vero\" per un gioco a pi\u00f9 mazzi, ma voglio sottolineare che il concetto di conteggio vero si applica anche ai giochi a un solo mazzo.<\/b>  La conversione avviene in modo leggermente diverso, ma il risultato \u00e8 lo stesso: si ottiene un conteggio standardizzato per ogni mazzo rimanente.  Se in una partita a mazzo singolo si vede una sola carta, ad esempio un 5, si ha un \"conteggio corrente\" di 1 e un conteggio reale di uno.  Questo, ovviamente, perch\u00e9 all'inizio c'\u00e8 un solo mazzo di carte nel gioco e il conteggio vero si determina dividendo il conteggio corrente per il numero di mazzi rimanenti.  Se, dopo aver giocato diverse mani, il conteggio corrente \u00e8 6 e rimangono tre quarti di un mazzo da giocare, dobbiamo dividere il conteggio corrente per 0,75 per determinare il conteggio vero.  In questo caso, il conteggio reale \u00e8 8. Se ci trovassimo a met\u00e0 del mazzo, il conteggio reale sarebbe 6 diviso per .50 = 12.  Avete capito il concetto?  In un gioco a mazzo singolo, si deve dividere per frazioni e questo non \u00e8 facile da fare, quindi tutti voi contatori a mazzo singolo dovete esercitarvi su questo punto per calcolarlo correttamente quando giocate.<br \/>\n<div class=\"row\" style=\"margin-bottom:20px\">\n    <div class=\"col-sm-12\">\n                <h2>I migliori casin\u00f2 online degli Stati Uniti <span\n                class=\"flag-icon flag-icon-us\"><\/span><\/h2>\n\n        \n                \n        <div class=\"ranking-table text-center\">\n            <div class=\"row flex ad-row\">\n                <div class=\"col-sm-3\">\n                    <div class=\"row flex\">\n\n                        <div class=\"col-sm-3\">\n                            <div class=\"ranking-number text-center\">\n\n                                1                                \n                            <\/div>\n                        <\/div>\n                        <div class=\"col-sm-9\">\n                            <img decoding=\"async\" src=\"https:\/\/www.blackjackinfo.com\/files\/bovada.png\" data-no-auto-translation=\"\">\n                        <\/div>\n                    <\/div>\n                <\/div>\n                <div class=\"col-sm-4\">\n                    <div class=\"bonus-text text-center\"><span class=\"red\">100% fino a $1.000<\/span><\/div>\n\t\t\t\t\t\n\n                <\/div>\n                <div class=\"col-sm-2\">\n                    <a class=\"btn btn-wire\" href=\"\/it\/casino\/bovada\/\">Recensione<\/a>\n\n                <\/div>\n                <div class=\"col-sm-3\">\n                    <a rel=\"nofollow\" target=\"_blank\" class=\"btn btn-blue\" href=\"\/goto\/goto\/\">Giocare\n                        Ora<\/a>\n\t\t\t\t\t\t\n\n                <\/div>\n            <\/div>\n        <\/div>\n\n\n\n        \n                \n        <div class=\"ranking-table text-center\">\n            <div class=\"row flex ad-row\">\n                <div class=\"col-sm-3\">\n                    <div class=\"row flex\">\n\n                        <div class=\"col-sm-3\">\n                            <div class=\"ranking-number text-center\">\n\n                                2                                \n                            <\/div>\n                        <\/div>\n                        <div class=\"col-sm-9\">\n                            <img decoding=\"async\" src=\"https:\/\/www.blackjackinfo.com\/files\/ignition-casino-logo.png\" data-no-auto-translation=\"\">\n                        <\/div>\n                    <\/div>\n                <\/div>\n                <div class=\"col-sm-4\">\n                    <div class=\"bonus-text text-center\"><span class=\"red\">100% fino a $1.000<\/span><\/div>\n\t\t\t\t\t\n\n                <\/div>\n                <div class=\"col-sm-2\">\n                    <a class=\"btn btn-wire\" href=\"\/it\/casino\/ignition-casino\/\">Recensione<\/a>\n\n                <\/div>\n                <div class=\"col-sm-3\">\n                    <a rel=\"nofollow\" target=\"_blank\" class=\"btn btn-blue\" href=\"\/goto\/goto\/\">Giocare\n                        Ora<\/a>\n\t\t\t\t\t\t\n\n                <\/div>\n            <\/div>\n        <\/div>\n\n\n\n        \n                \n        <div class=\"ranking-table text-center\">\n            <div class=\"row flex ad-row\">\n                <div class=\"col-sm-3\">\n                    <div class=\"row flex\">\n\n                        <div class=\"col-sm-3\">\n                            <div class=\"ranking-number text-center\">\n\n                                3                                \n                            <\/div>\n                        <\/div>\n                        <div class=\"col-sm-9\">\n                            <img decoding=\"async\" src=\"https:\/\/www.blackjackinfo.com\/files\/VipSlots-500x250_dark.svg\" data-no-auto-translation=\"\">\n                        <\/div>\n                    <\/div>\n                <\/div>\n                <div class=\"col-sm-4\">\n                    <div class=\"bonus-text text-center\"><span class=\"red\">100 SPIN GRATUITI su Vita segreta dei gatti<\/span><\/div>\n\t\t\t\t\t\n\n                <\/div>\n                <div class=\"col-sm-2\">\n                    <a class=\"btn btn-wire\" href=\"\/it\/casino\/vipslots-casino\/\">Recensione<\/a>\n\n                <\/div>\n                <div class=\"col-sm-3\">\n                    <a rel=\"nofollow\" target=\"_blank\" class=\"btn btn-blue\" href=\"\/goto\/goto\/\">Giocare\n                        Ora<\/a>\n\t\t\t\t\t\t\n\n                <\/div>\n            <\/div>\n        <\/div>\n\n\n\n        \n                \n        <div class=\"ranking-table text-center\">\n            <div class=\"row flex ad-row\">\n                <div class=\"col-sm-3\">\n                    <div class=\"row flex\">\n\n                        <div class=\"col-sm-3\">\n                            <div class=\"ranking-number text-center\">\n\n                                4                                \n                            <\/div>\n                        <\/div>\n                        <div class=\"col-sm-9\">\n                            <img decoding=\"async\" src=\"https:\/\/www.blackjackinfo.com\/files\/vegas_casino_online.png\" data-no-auto-translation=\"\">\n                        <\/div>\n                    <\/div>\n                <\/div>\n                <div class=\"col-sm-4\">\n                    <div class=\"bonus-text text-center\"><span class=\"red\">300% fino a $3.000<\/span><\/div>\n\t\t\t\t\t\n\n                <\/div>\n                <div class=\"col-sm-2\">\n                    <a class=\"btn btn-wire\" href=\"\/it\/casino\/vegas-casino-online-2\/\">Recensione<\/a>\n\n                <\/div>\n                <div class=\"col-sm-3\">\n                    <a rel=\"nofollow\" target=\"_blank\" class=\"btn btn-blue\" href=\"\/goto\/goto\/\">Giocare\n                        Ora<\/a>\n\t\t\t\t\t\t\n\n                <\/div>\n            <\/div>\n        <\/div>\n\n\n\n        \n                \n        <div class=\"ranking-table text-center\">\n            <div class=\"row flex ad-row\">\n                <div class=\"col-sm-3\">\n                    <div class=\"row flex\">\n\n                        <div class=\"col-sm-3\">\n                            <div class=\"ranking-number text-center\">\n\n                                5                                \n                            <\/div>\n                        <\/div>\n                        <div class=\"col-sm-9\">\n                            <img decoding=\"async\" src=\"https:\/\/www.blackjackinfo.com\/files\/cafe-casino-logo.svg\" data-no-auto-translation=\"\">\n                        <\/div>\n                    <\/div>\n                <\/div>\n                <div class=\"col-sm-4\">\n                    <div class=\"bonus-text text-center\"><span class=\"red\">250% fino a $1.500<\/span><\/div>\n\t\t\t\t\t\n\n                <\/div>\n                <div class=\"col-sm-2\">\n                    <a class=\"btn btn-wire\" href=\"\/it\/casino\/cafe-casino\/\">Recensione<\/a>\n\n                <\/div>\n                <div class=\"col-sm-3\">\n                    <a rel=\"nofollow\" target=\"_blank\" class=\"btn btn-blue\" href=\"\/goto\/goto\/\">Giocare\n                        Ora<\/a>\n\t\t\t\t\t\t\n\n                <\/div>\n            <\/div>\n        <\/div>\n\n\n\n            <\/div>\n<\/div><\/p>\n<h3>Scommettere con il vero conteggio<\/h3>\n<p><b>Per ogni aumento di 1 nel conteggio reale calcolato con il metodo di conteggio Hi \/ Lo, il vantaggio del giocatore aumenta di circa .5% nella partita media di Blackjack. <\/b> Se il casin\u00f2 ha un vantaggio sul giocatore con strategia di base di .40% (6 mazzi, raddoppio su tutte le prime due carte, raddoppio dopo aver diviso le coppie, il banco sta su A-6), \u00e8 necessario un conteggio reale di circa 1 per essere \"pari\" con il banco.  Essere pari significa che il giocatore che utilizza una corretta strategia di base vincer\u00e0 tanto quanto perde - nel lungo periodo - con un conteggio vero di 1.  Un conteggio vero di 2 d\u00e0 al banco un vantaggio di .5% sul banco; un conteggio vero di 3 d\u00e0 al giocatore un vantaggio di 1% e cos\u00ec via.<\/p>\n<p><b>\u00c8 il vantaggio che un giocatore ha sulla mano imminente a determinare la sua puntata.<\/b>  I giocatori puntano solo una piccola parte del loro capitale su una determinata mano, perch\u00e9 anche se vinceranno nel lungo periodo, potrebbero perdere una mano qualsiasi.  Puntando un importo proporzionale al loro vantaggio (chiamato \"Criterio di Kelly\"), massimizzano il loro potenziale minimizzando il rischio.  Molte persone interpretano in modo errato il Criterio di Kelly, presumendo che l'importo scommesso sia direttamente proporzionale al vantaggio.  Pensano che se si ha un vantaggio di 1%, si debba puntare 1% del proprio \"bankroll\" e questo non \u00e8 corretto.  Ci\u00f2 che dimenticano sono i raddoppi e le coppie divise che si verificano nel corso di una partita e che aumentano il rischio o la \"varianza\" di una mano.  Per un gioco con regole come quelle sopra elencate, la puntata ottimale \u00e8 pari a 76% del vantaggio del giocatore.  Ecco una tabella di puntate ottimali che funzionano bene per la maggior parte dei giochi a pi\u00f9 mazzi:<\/p>\n<div class=\"col-sm-6 col-center\">\n<table class=\"data-table text-center\">\n<tbody>\n<tr>\n<td><b>Conteggio vero<\/b><\/td>\n<td><b>Vantaggio<\/b><\/td>\n<td><b>% Scommessa ottimale<\/b><\/td>\n<\/tr>\n<tr>\n<td>-1 o inferiore<\/td>\n<td>-1,00% o pi\u00f9<\/td>\n<td>0%<\/td>\n<\/tr>\n<tr>\n<td>0<\/td>\n<td>-0.50%<\/td>\n<td>0%<\/td>\n<\/tr>\n<tr>\n<td>1<\/td>\n<td>0%<\/td>\n<td>0%<\/td>\n<\/tr>\n<tr>\n<td>2<\/td>\n<td>0,5%x76%<\/td>\n<td>.38%<\/td>\n<\/tr>\n<tr>\n<td>3<\/td>\n<td>1.0%x76%<\/td>\n<td>.76%<\/td>\n<\/tr>\n<tr>\n<td>4<\/td>\n<td>1,5%x76%<\/td>\n<td>1.14%<\/td>\n<\/tr>\n<tr>\n<td>5<\/td>\n<td>2.0%x76%<\/td>\n<td>1.52%<\/td>\n<\/tr>\n<tr>\n<td>6<\/td>\n<td>2,5%x76%<\/td>\n<td>1.90%<\/td>\n<\/tr>\n<tr>\n<td>7<\/td>\n<td>3.0%x76%<\/td>\n<td>2.28%<\/td>\n<\/tr>\n<\/tbody>\n<\/table>\n<\/div>\n<p>Utilizzando questa tabella, \u00e8 possibile determinare la puntata ottimale per qualsiasi bankroll; basta moltiplicare la cifra dell'ultima colonna per l'importo del bankroll.  Quindi, per un bankroll di $3000, la puntata ottimale per un conteggio reale di 2 \u00e8 .0038 X $3000 = $11,40.<\/p>\n<h3>Alcune considerazioni pratiche<\/h3>\n<p><b>Innanzitutto, non \u00e8 pratico scommettere in unit\u00e0 inferiori a $1, quindi un programma di scommesse deve essere arrotondato.  In secondo luogo, \u00e8 pi\u00f9 appropriato scommettere in unit\u00e0 di $5, in modo da assomigliare a uno scommettitore medio e ridurre i calcoli da fare.<\/b>  Inoltre, non \u00e8 possibile rielaborare la puntata ottimale mentre si \u00e8 seduti al tavolo, anche se dovrebbe essere ricalcolata in base alle variazioni del bankroll.  Infine, non \u00e8 possibile giocare solo alle scarpe in cui il conteggio reale \u00e8 pari o superiore a 2; a volte dovrete fare delle puntate quando il banco ha un vantaggio.  Tutti questi arrotondamenti e le giocate con mazzi negativi riducono la vostra percentuale di vincita, ma conoscendo le condizioni che possono costarvi denaro, \u00e8 possibile adottare misure per ridurre al minimo il loro impatto sui vostri guadagni.<\/p>\n<h3>Lo spread delle scommesse<\/h3>\n<p><b>Un gioco a mazzo singolo con regole decenti in cui vengono utilizzate trentasei carte o pi\u00f9 prima di un rimescolamento pu\u00f2 essere battuto da uno spread di 1 a 4.<\/b>  Una partita a due mazzi in cui vengono utilizzate settanta carte o pi\u00f9 prima del mescolamento pu\u00f2 essere solitamente battuta da uno spread di 1 a 6.  Una partita con quattro o pi\u00f9 mazzi richieder\u00e0 uno spread di 1 a 12 per ottenere un vantaggio.  Parleremo della valutazione dei giochi in una lezione successiva, ma ho voluto gettare le basi per la vostra gestione del denaro dandovi un'idea di ci\u00f2 che serve per giocare un Blackjack vincente.  Lo spread \u00e8 espresso in unit\u00e0 di puntata, quindi se giocate con fiches da $5, avrete uno spread da $5 a $60 in una partita a sei mazzi.  Poich\u00e9 un banco dovrebbe avere un bankroll composto da un minimo di 50 puntate principali, uno spread del genere richieder\u00e0 un bankroll di $3000.<\/p>\n<p>Con un bankroll di $3000, un programma di scommesse potrebbe avere il seguente aspetto:<\/p>\n<div class=\"col-sm-6 col-center\">\n<table class=\"data-table text-center\">\n<tbody>\n<tr>\n<td><b>Conteggio vero <\/b><\/td>\n<td><b>Puntata del giocatore<\/b><\/td>\n<td><b>Scommessa ottimale<\/b><\/td>\n<\/tr>\n<tr>\n<td>0 o inferiore<\/td>\n<td>$5<\/td>\n<td>$0<\/td>\n<\/tr>\n<tr>\n<td>1<\/td>\n<td>$5<\/td>\n<td>$0<\/td>\n<\/tr>\n<tr>\n<td>2<\/td>\n<td>$10<\/td>\n<td>$11.20<\/td>\n<\/tr>\n<tr>\n<td>3<\/td>\n<td>$20<\/td>\n<td>$22.80<\/td>\n<\/tr>\n<tr>\n<td>4<\/td>\n<td>$40<\/td>\n<td>$34.20<\/td>\n<\/tr>\n<tr>\n<td>5<\/td>\n<td>$50<\/td>\n<td>$45.60<\/td>\n<\/tr>\n<tr>\n<td>6<\/td>\n<td>$60<\/td>\n<td>$57.00<\/td>\n<\/tr>\n<\/tbody>\n<\/table>\n<\/div>\n<p>Un programma di scommesse di questo tipo vi permette di \"parlayare\" le vostre scommesse man mano che il conteggio sale, facendovi apparire pi\u00f9 come un \"giocatore d'azzardo\".<\/p>\n<p><b>RISPARMIERETE MOLTO DENARO E TROVERETE SITUAZIONI PI\u00d9 REDDITIZIE SE LASCERETE UN TAVOLO QUANDO IL CONTEGGIO \u00c8 SCESO A UN VERO E PROPRIO - 1.  MA LASCIATE IL TAVOLO SOLO DOPO AVER PERSO UNA MANO; NESSUN GIOCATORE LASCEREBBE IL TAVOLO DOPO UNA VITTORIA.<br \/>\n<\/b><\/p>\n<p>Allora, vi ho fatto girare il cervello?  Se \u00e8 cos\u00ec, tenete duro, perch\u00e9 nelle prossime settimane vi illustrer\u00f2 tutto questo in un bel pacchetto di facile comprensione.  Come sempre, fate i compiti e poi andatevene.<\/p>\n<h3>Compiti a casa<\/h3>\n<p>Nessuna.  Che ve ne pare di questa pausa?<\/p>","protected":false},"excerpt":{"rendered":"<p>A Few Words on Single Deck In the previous lesson, I taught you how to figure the &#8220;true count&#8221; for a multi-deck game, but I want to emphasize that the concept of true count also applies to single-deck games as well. The conversion is done a bit differently, but the result is the same; you [&hellip;]<\/p>\n","protected":false},"author":2,"featured_media":0,"parent":634,"menu_order":0,"comment_status":"open","ping_status":"open","template":"page-blackjack-school.php","meta":{"_acf_changed":false,"footnotes":""},"tags":[],"class_list":["post-722","page","type-page","status-publish","hentry"],"acf":[],"yoast_head":"<!-- This site is optimized with the Yoast SEO plugin v26.6 - https:\/\/yoast.com\/wordpress\/plugins\/seo\/ -->\n<title>Blackjack School \u1408 Lesson 8 - Money Management - Part 2<\/title>\n<meta name=\"description\" content=\"Lesson 8 in the GameMaster&#039;s Free Blackjack School - Betting with the true count.\" \/>\n<meta name=\"robots\" content=\"index, follow, max-snippet:-1, max-image-preview:large, max-video-preview:-1\" \/>\n<link rel=\"canonical\" href=\"https:\/\/www.blackjackinfo.com\/it\/scuola-di-blackjack\/lezione-08-gestione-del-denaro-parte-2\/\" \/>\n<meta property=\"og:locale\" content=\"it_IT\" \/>\n<meta property=\"og:type\" content=\"article\" \/>\n<meta property=\"og:title\" content=\"Blackjack School \u1408 Lesson 8 - Money Management - Part 2\" \/>\n<meta property=\"og:description\" content=\"Lesson 8 in the GameMaster&#039;s Free Blackjack School - Betting with the true count.\" \/>\n<meta property=\"og:url\" content=\"https:\/\/www.blackjackinfo.com\/it\/scuola-di-blackjack\/lezione-08-gestione-del-denaro-parte-2\/\" \/>\n<meta property=\"og:site_name\" content=\"BlackjackInfo.com\" \/>\n<meta property=\"article:modified_time\" content=\"2020-02-18T23:56:35+00:00\" \/>\n<meta name=\"twitter:label1\" content=\"Tempo di lettura stimato\" \/>\n\t<meta name=\"twitter:data1\" content=\"5 minuti\" \/>\n<script type=\"application\/ld+json\" class=\"yoast-schema-graph\">{\"@context\":\"https:\/\/schema.org\",\"@graph\":[{\"@type\":\"WebPage\",\"@id\":\"https:\/\/www.blackjackinfo.com\/blackjack-school\/lesson-08-money-management-part-2\/\",\"url\":\"https:\/\/www.blackjackinfo.com\/blackjack-school\/lesson-08-money-management-part-2\/\",\"name\":\"Blackjack School \u1408 Lesson 8 - Money Management - Part 2\",\"isPartOf\":{\"@id\":\"https:\/\/www.blackjackinfo.com\/#website\"},\"datePublished\":\"2014-10-20T01:05:26+00:00\",\"dateModified\":\"2020-02-18T23:56:35+00:00\",\"description\":\"Lesson 8 in the GameMaster's Free Blackjack School - Betting with the true count.\",\"breadcrumb\":{\"@id\":\"https:\/\/www.blackjackinfo.com\/blackjack-school\/lesson-08-money-management-part-2\/#breadcrumb\"},\"inLanguage\":\"it-IT\",\"potentialAction\":[{\"@type\":\"ReadAction\",\"target\":[\"https:\/\/www.blackjackinfo.com\/blackjack-school\/lesson-08-money-management-part-2\/\"]}]},{\"@type\":\"BreadcrumbList\",\"@id\":\"https:\/\/www.blackjackinfo.com\/blackjack-school\/lesson-08-money-management-part-2\/#breadcrumb\",\"itemListElement\":[{\"@type\":\"ListItem\",\"position\":1,\"name\":\"Home\",\"item\":\"https:\/\/www.blackjackinfo.com\/\"},{\"@type\":\"ListItem\",\"position\":2,\"name\":\"Blackjack School &#8211; A Free 24-Lesson Class on Card Counting\",\"item\":\"https:\/\/www.blackjackinfo.com\/blackjack-school\/\"},{\"@type\":\"ListItem\",\"position\":3,\"name\":\"Lesson 8 &#8211; Money Management &#8211; Part 2\"}]},{\"@type\":\"WebSite\",\"@id\":\"https:\/\/www.blackjackinfo.com\/#website\",\"url\":\"https:\/\/www.blackjackinfo.com\/\",\"name\":\"BlackjackInfo.com\",\"description\":\"Because Winning is More Fun!\",\"potentialAction\":[{\"@type\":\"SearchAction\",\"target\":{\"@type\":\"EntryPoint\",\"urlTemplate\":\"https:\/\/www.blackjackinfo.com\/?s={search_term_string}\"},\"query-input\":{\"@type\":\"PropertyValueSpecification\",\"valueRequired\":true,\"valueName\":\"search_term_string\"}}],\"inLanguage\":\"it-IT\"}]}<\/script>\n<!-- \/ Yoast SEO plugin. -->","yoast_head_json":{"title":"Scuola di blackjack \u1408 Lezione 8 - Gestione del denaro - Parte 2","description":"Lezione 8 della Scuola gratuita di Blackjack del GameMaster - Scommettere con il conteggio reale.","robots":{"index":"index","follow":"follow","max-snippet":"max-snippet:-1","max-image-preview":"max-image-preview:large","max-video-preview":"max-video-preview:-1"},"canonical":"https:\/\/www.blackjackinfo.com\/it\/scuola-di-blackjack\/lezione-08-gestione-del-denaro-parte-2\/","og_locale":"it_IT","og_type":"article","og_title":"Blackjack School \u1408 Lesson 8 - Money Management - Part 2","og_description":"Lesson 8 in the GameMaster's Free Blackjack School - Betting with the true count.","og_url":"https:\/\/www.blackjackinfo.com\/it\/scuola-di-blackjack\/lezione-08-gestione-del-denaro-parte-2\/","og_site_name":"BlackjackInfo.com","article_modified_time":"2020-02-18T23:56:35+00:00","twitter_misc":{"Tempo di lettura stimato":"5 minuti"},"schema":{"@context":"https:\/\/schema.org","@graph":[{"@type":"WebPage","@id":"https:\/\/www.blackjackinfo.com\/blackjack-school\/lesson-08-money-management-part-2\/","url":"https:\/\/www.blackjackinfo.com\/blackjack-school\/lesson-08-money-management-part-2\/","name":"Scuola di blackjack \u1408 Lezione 8 - Gestione del denaro - Parte 2","isPartOf":{"@id":"https:\/\/www.blackjackinfo.com\/#website"},"datePublished":"2014-10-20T01:05:26+00:00","dateModified":"2020-02-18T23:56:35+00:00","description":"Lezione 8 della Scuola gratuita di Blackjack del GameMaster - Scommettere con il conteggio reale.","breadcrumb":{"@id":"https:\/\/www.blackjackinfo.com\/blackjack-school\/lesson-08-money-management-part-2\/#breadcrumb"},"inLanguage":"it-IT","potentialAction":[{"@type":"ReadAction","target":["https:\/\/www.blackjackinfo.com\/blackjack-school\/lesson-08-money-management-part-2\/"]}]},{"@type":"BreadcrumbList","@id":"https:\/\/www.blackjackinfo.com\/blackjack-school\/lesson-08-money-management-part-2\/#breadcrumb","itemListElement":[{"@type":"ListItem","position":1,"name":"Home","item":"https:\/\/www.blackjackinfo.com\/"},{"@type":"ListItem","position":2,"name":"Blackjack School &#8211; A Free 24-Lesson Class on Card Counting","item":"https:\/\/www.blackjackinfo.com\/blackjack-school\/"},{"@type":"ListItem","position":3,"name":"Lesson 8 &#8211; Money Management &#8211; Part 2"}]},{"@type":"WebSite","@id":"https:\/\/www.blackjackinfo.com\/#website","url":"https:\/\/www.blackjackinfo.com\/","name":"BlackjackInfo.com","description":"Perch\u00e9 vincere \u00e8 pi\u00f9 divertente!","potentialAction":[{"@type":"SearchAction","target":{"@type":"EntryPoint","urlTemplate":"https:\/\/www.blackjackinfo.com\/?s={search_term_string}"},"query-input":{"@type":"PropertyValueSpecification","valueRequired":true,"valueName":"search_term_string"}}],"inLanguage":"it-IT"}]}},"_links":{"self":[{"href":"https:\/\/www.blackjackinfo.com\/it\/wp-json\/wp\/v2\/pages\/722","targetHints":{"allow":["GET"]}}],"collection":[{"href":"https:\/\/www.blackjackinfo.com\/it\/wp-json\/wp\/v2\/pages"}],"about":[{"href":"https:\/\/www.blackjackinfo.com\/it\/wp-json\/wp\/v2\/types\/page"}],"author":[{"embeddable":true,"href":"https:\/\/www.blackjackinfo.com\/it\/wp-json\/wp\/v2\/users\/2"}],"replies":[{"embeddable":true,"href":"https:\/\/www.blackjackinfo.com\/it\/wp-json\/wp\/v2\/comments?post=722"}],"version-history":[{"count":5,"href":"https:\/\/www.blackjackinfo.com\/it\/wp-json\/wp\/v2\/pages\/722\/revisions"}],"predecessor-version":[{"id":5458,"href":"https:\/\/www.blackjackinfo.com\/it\/wp-json\/wp\/v2\/pages\/722\/revisions\/5458"}],"up":[{"embeddable":true,"href":"https:\/\/www.blackjackinfo.com\/it\/wp-json\/wp\/v2\/pages\/634"}],"wp:attachment":[{"href":"https:\/\/www.blackjackinfo.com\/it\/wp-json\/wp\/v2\/media?parent=722"}],"wp:term":[{"taxonomy":"post_tag","embeddable":true,"href":"https:\/\/www.blackjackinfo.com\/it\/wp-json\/wp\/v2\/tags?post=722"}],"curies":[{"name":"wp","href":"https:\/\/api.w.org\/{rel}","templated":true}]}}