{"id":724,"date":"2014-10-19T20:18:29","date_gmt":"2014-10-20T01:18:29","guid":{"rendered":"http:\/\/test.blackjackinfo.com\/?page_id=724"},"modified":"2020-02-18T17:56:51","modified_gmt":"2020-02-18T23:56:51","slug":"lezione-09-gestione-del-denaro-parte-3","status":"publish","type":"page","link":"https:\/\/www.blackjackinfo.com\/it\/blackjack-school\/lesson-09-money-management-part-3\/","title":{"rendered":"Lezione 9 - Gestione del denaro - Parte 3"},"content":{"rendered":"<h3>Aspettativa e deviazione standard<\/h3>\n<p class=\"intro\">\nSe si lancia una moneta 100 volte, il vostro<b> aspettativa<\/b> \u00e8 ricevere 50 teste e 50 code.      Ma la realt\u00e0 pu\u00f2 essere diversa; la misura di questa realt\u00e0 si chiama \"deviazione standard\".<\/p>\n<p><b>La deviazione standard \u00e8 un termine matematico utilizzato per prevedere il risultato di una situazione.<\/b>  Nel nostro esercizio di lancio della moneta, ci aspettiamo che si verifichino 50 teste e 50 code, ma due terzi delle volte il risultato effettivo sar\u00e0 compreso tra 45 e 55 in entrambi i casi.  In altre parole, un risultato di 55 teste e 45 code o una via di mezzo non \u00e8 insolito: si verificher\u00e0 il 68,3% delle volte.  Questa misura si riferisce a 1 deviazione standard dall'aspettativa e se dovessimo eseguire centinaia di \"prove\" di 100 lanci, potremmo tracciare i risultati su una curva a campana e la stragrande maggioranza dei risultati si collocherebbe tra 55 e 45 in entrambi i casi.  Sarebbe insolito avere molte prove in cui il risultato \u00e8 50-50!  Avete in mente questo concetto? Bene.  Dovrete capirlo per sopravvivere alle turbolenze mentali causate dalle perdite che sono inevitabili in questo gioco.<\/p>\n<p><b>Nulla ha fatto abbandonare il Blackjack ai giocatori pi\u00f9 della mancanza di comprensione della normale deviazione standard quotidiana.<\/b>  I giocatori che si sono allenati duramente si aspettano irrealisticamente di vincere ogni volta che giocano, cos\u00ec quando hanno diverse sessioni perdenti, dimenticano ci\u00f2 che hanno imparato.  In seguito, scommettono troppo sul loro bankroll e non riescono a giocare le mani in modo corretto e quando si svegliano dallo stordimento, i loro soldi sono spariti.<br \/>\n<div class=\"row\" style=\"margin-bottom:20px\">\n    <div class=\"col-sm-12\">\n                <h2>I migliori casin\u00f2 online degli Stati Uniti <span\n                class=\"flag-icon flag-icon-us\"><\/span><\/h2>\n\n        \n                \n        <div class=\"ranking-table text-center\">\n            <div class=\"row flex ad-row\">\n                <div class=\"col-sm-3\">\n                    <div class=\"row flex\">\n\n                        <div class=\"col-sm-3\">\n                            <div class=\"ranking-number text-center\">\n\n                                1                                \n                            <\/div>\n                        <\/div>\n                        <div class=\"col-sm-9\">\n                            <img decoding=\"async\" src=\"https:\/\/www.blackjackinfo.com\/files\/bovada.png\" data-no-auto-translation=\"\">\n                        <\/div>\n                    <\/div>\n                <\/div>\n                <div class=\"col-sm-4\">\n                    <div class=\"bonus-text text-center\"><span class=\"red\">100% fino a $1.000<\/span><\/div>\n\t\t\t\t\t\n\n                <\/div>\n                <div class=\"col-sm-2\">\n                    <a class=\"btn btn-wire\" href=\"\/it\/casino\/bovada\/\">Recensione<\/a>\n\n                <\/div>\n                <div class=\"col-sm-3\">\n                    <a rel=\"nofollow\" target=\"_blank\" class=\"btn btn-blue\" href=\"\/goto\/goto\/\">Giocare\n                        Ora<\/a>\n\t\t\t\t\t\t\n\n                <\/div>\n            <\/div>\n        <\/div>\n\n\n\n        \n                \n        <div class=\"ranking-table text-center\">\n            <div class=\"row flex ad-row\">\n                <div class=\"col-sm-3\">\n                    <div class=\"row flex\">\n\n                        <div class=\"col-sm-3\">\n                            <div class=\"ranking-number text-center\">\n\n                                2                                \n                            <\/div>\n                        <\/div>\n                        <div class=\"col-sm-9\">\n                            <img decoding=\"async\" src=\"https:\/\/www.blackjackinfo.com\/files\/ignition-casino-logo.png\" data-no-auto-translation=\"\">\n                        <\/div>\n                    <\/div>\n                <\/div>\n                <div class=\"col-sm-4\">\n                    <div class=\"bonus-text text-center\"><span class=\"red\">100% fino a $1.000<\/span><\/div>\n\t\t\t\t\t\n\n                <\/div>\n                <div class=\"col-sm-2\">\n                    <a class=\"btn btn-wire\" href=\"\/it\/casino\/ignition-casino\/\">Recensione<\/a>\n\n                <\/div>\n                <div class=\"col-sm-3\">\n                    <a rel=\"nofollow\" target=\"_blank\" class=\"btn btn-blue\" href=\"\/goto\/goto\/\">Giocare\n                        Ora<\/a>\n\t\t\t\t\t\t\n\n                <\/div>\n            <\/div>\n        <\/div>\n\n\n\n        \n                \n        <div class=\"ranking-table text-center\">\n            <div class=\"row flex ad-row\">\n                <div class=\"col-sm-3\">\n                    <div class=\"row flex\">\n\n                        <div class=\"col-sm-3\">\n                            <div class=\"ranking-number text-center\">\n\n                                3                                \n                            <\/div>\n                        <\/div>\n                        <div class=\"col-sm-9\">\n                            <img decoding=\"async\" src=\"https:\/\/www.blackjackinfo.com\/files\/VipSlots-500x250_dark.svg\" data-no-auto-translation=\"\">\n                        <\/div>\n                    <\/div>\n                <\/div>\n                <div class=\"col-sm-4\">\n                    <div class=\"bonus-text text-center\"><span class=\"red\">100 SPIN GRATUITI su Vita segreta dei gatti<\/span><\/div>\n\t\t\t\t\t\n\n                <\/div>\n                <div class=\"col-sm-2\">\n                    <a class=\"btn btn-wire\" href=\"\/it\/casino\/vipslots-casino\/\">Recensione<\/a>\n\n                <\/div>\n                <div class=\"col-sm-3\">\n                    <a rel=\"nofollow\" target=\"_blank\" class=\"btn btn-blue\" href=\"\/goto\/goto\/\">Giocare\n                        Ora<\/a>\n\t\t\t\t\t\t\n\n                <\/div>\n            <\/div>\n        <\/div>\n\n\n\n        \n                \n        <div class=\"ranking-table text-center\">\n            <div class=\"row flex ad-row\">\n                <div class=\"col-sm-3\">\n                    <div class=\"row flex\">\n\n                        <div class=\"col-sm-3\">\n                            <div class=\"ranking-number text-center\">\n\n                                4                                \n                            <\/div>\n                        <\/div>\n                        <div class=\"col-sm-9\">\n                            <img decoding=\"async\" src=\"https:\/\/www.blackjackinfo.com\/files\/vegas_casino_online.png\" data-no-auto-translation=\"\">\n                        <\/div>\n                    <\/div>\n                <\/div>\n                <div class=\"col-sm-4\">\n                    <div class=\"bonus-text text-center\"><span class=\"red\">300% fino a $3.000<\/span><\/div>\n\t\t\t\t\t\n\n                <\/div>\n                <div class=\"col-sm-2\">\n                    <a class=\"btn btn-wire\" href=\"\/it\/casino\/vegas-casino-online-2\/\">Recensione<\/a>\n\n                <\/div>\n                <div class=\"col-sm-3\">\n                    <a rel=\"nofollow\" target=\"_blank\" class=\"btn btn-blue\" href=\"\/goto\/goto\/\">Giocare\n                        Ora<\/a>\n\t\t\t\t\t\t\n\n                <\/div>\n            <\/div>\n        <\/div>\n\n\n\n        \n                \n        <div class=\"ranking-table text-center\">\n            <div class=\"row flex ad-row\">\n                <div class=\"col-sm-3\">\n                    <div class=\"row flex\">\n\n                        <div class=\"col-sm-3\">\n                            <div class=\"ranking-number text-center\">\n\n                                5                                \n                            <\/div>\n                        <\/div>\n                        <div class=\"col-sm-9\">\n                            <img decoding=\"async\" src=\"https:\/\/www.blackjackinfo.com\/files\/cafe-casino-logo.svg\" data-no-auto-translation=\"\">\n                        <\/div>\n                    <\/div>\n                <\/div>\n                <div class=\"col-sm-4\">\n                    <div class=\"bonus-text text-center\"><span class=\"red\">250% fino a $1.500<\/span><\/div>\n\t\t\t\t\t\n\n                <\/div>\n                <div class=\"col-sm-2\">\n                    <a class=\"btn btn-wire\" href=\"\/it\/casino\/cafe-casino\/\">Recensione<\/a>\n\n                <\/div>\n                <div class=\"col-sm-3\">\n                    <a rel=\"nofollow\" target=\"_blank\" class=\"btn btn-blue\" href=\"\/goto\/goto\/\">Giocare\n                        Ora<\/a>\n\t\t\t\t\t\t\n\n                <\/div>\n            <\/div>\n        <\/div>\n\n\n\n            <\/div>\n<\/div><\/p>\n<h3>LA PAZIENZA E L'ABILIT\u00c0 VINCONO - LE INTUIZIONI E I DESIDERI NON VINCONO.  LA PREGHIERA NON FUNZIONA AL BLACKJACK.<\/h3>\n<p><b>Quindi, cosa ci si pu\u00f2 aspettare, qual \u00e8 la cosa peggiore che pu\u00f2 accadere? <\/b> Beh, potete perdere tutti i vostri soldi, ma se stabilite un bankroll di almeno 50 puntate 'top', giocate sempre con una strategia di base corretta e non esagerate con le puntate, avete buone possibilit\u00e0 di fare qualche $$$ al Blackjack - se il gioco del vostro casin\u00f2 locale \u00e8 un gioco che pu\u00f2 essere battuto.  Ho mai detto che \u00e8 facile?<\/p>\n<p><b>La tabella seguente illustra i possibili risultati di diverse ore di gioco in una partita abbastanza tipica.<\/b>  Con l'aspettativa sono indicati i possibili risultati in dollari misurati da 1 deviazione standard (68,3% del tempo) e da 2 deviazioni standard che coprono ci\u00f2 che accadr\u00e0 95% del tempo.  Tre deviazioni standard coprono ci\u00f2 che accadr\u00e0 il 99,7% del tempo.<\/p>\n<hr>\n<p class=\"text-center\">\n<b>Vincita prevista \/ Deviazione standard<\/b><br \/>\nIpotesi: $12 puntata media, 50 mani all'ora,<br \/>\n1,25% vantaggio medio.<\/p>\n<div class=\"col-sm-6 col-center\">\n<table class=\"data-table text-center\">\n<tbody>\n<tr>\n<th><\/th>\n<th><\/th>\n<th colspan=\"2\" align=\"center\">Risultati<\/th>\n<\/tr>\n<tr>\n<th>Tempo<\/th>\n<th>Vittoria prevista<\/th>\n<th>68,3% del tempo<\/th>\n<th>95% del tempo<\/th>\n<\/tr>\n<tr>\n<td>3 ore<\/td>\n<td>$22.50<\/td>\n<td>Da +$191 a -$147<\/td>\n<td>Da +$360 a -$316<\/td>\n<\/tr>\n<tr>\n<td>12 ore<\/td>\n<td>$90.00<\/td>\n<td>Da +$428 a -$248<\/td>\n<td>Da +$766 a -$586<\/td>\n<\/tr>\n<tr>\n<td>48 ore<\/td>\n<td>$360.00<\/td>\n<td>Da +$1.036 a -$316<\/td>\n<td>Da +$1.710 a -$992<\/td>\n<\/tr>\n<tr>\n<td>90 ore<\/td>\n<td>$675.00<\/td>\n<td>Da +$1.600 a -$250<\/td>\n<td>Da +$2.525 a -$1.175<\/td>\n<\/tr>\n<\/tbody>\n<\/table>\n<\/div>\n<hr>\n<p><b>Parliamone un po'.  Se si dovessero giocare diverse centinaia di 'sessioni' di 3 ore ciascuna, la vincita media per quelle sessioni sarebbe di circa $22,50.<\/b>  (Questo deriva dall'utilizzo di uno spread di scommesse da $5 a $60, di cui abbiamo parlato nelle lezioni precedenti).  Ma poche sessioni porteranno a una vincita di esattamente $22,50; circa due terzi saranno comprese tra una vincita di $191 e una perdita di $147.  La maggior parte delle altre sessioni potrebbe vedervi vincere fino a $360 o perdere fino a $316 e alcune vedrebbero vincite o perdite ancora maggiori!<\/p>\n<p>Capite ora perch\u00e9 \u00e8 necessario un bankroll di $3000 per sostenere uno spread di scommesse da $5 a $60?  Per avere successo, dovete essere in grado di assorbire perdite molte volte superiori alle vostre \"aspettative\".  Queste fluttuazioni sono reali; vi capiteranno prima o poi e se non siete preparati ad affrontarle, vi sentirete frustrati e abbandonerete o perderete la calma e manderete in fumo il vostro bankroll.<\/p>\n<p><b>Ora guardate i risultati per 90 ore di gioco.  La maggior parte di voi sar\u00e0, nella peggiore delle ipotesi, in pareggio dopo quel numero di ore.<\/b>  Alcuni potrebbero essere in vantaggio di $2500, ma altri potrebbero essere in svantaggio di $1175 o pi\u00f9.  Non vorrei sentire i nomi con cui chiamerete il vecchio GameMaster!  Ma pu\u00f2 succedere e non sar\u00e0 insolito se succeder\u00e0, quindi chiedetevi subito se potete affrontare un gioco disciplinato per 90 ore, essere ancora in perdita e continuare a giocare e scommettere come vi ho mostrato.  \u00c8 triste, ma la maggior parte di voi non sar\u00e0 in grado di affrontarlo e sar\u00e0 un'altra vittima della deviazione standard.  Ecco perch\u00e9 non ho paura che i casin\u00f2 falliscano, anche se tutti i giocatori del mondo imparassero a contare le carte - pochi hanno la pazienza di resistere.  Non voglio essere eccessivamente negativo, ma questa \u00e8 la realt\u00e0.  Tuttavia, se si ha pazienza, le percentuali inizieranno a giocare a proprio favore.  Come dico a tutti i miei studenti, \"al Blackjack i soldi arrivano a 'pezzi'\".  Non si tratta di un modo lento e costante di fare soldi; il vostro bankroll, a volte, assomiglier\u00e0 alle montagne russe ed \u00e8 difficile gestirlo da un punto di vista emotivo.<\/p>\n<p><b>Cercate di capire il concetto di deviazione standard e continuate a \"calibrare\" i vostri occhi facendo esercizi di stima dei mazzi con sei mazzi.<\/b>  Come ho gi\u00e0 detto in precedenza, per calcolare il conteggio reale \u00e8 necessario essere precisi entro un mezzo mazzo.<\/p>\n<h3>Compiti a casa<\/h3>\n<p>Date un'occhiata al <a href=\"\/knowledge-base\/\">base di conoscenza del blackjack<\/a> in questo sito.  Con oltre 200.000 messaggi sul blackjack, questo dovrebbe tenervi occupati. \ud83d\ude42<\/p>","protected":false},"excerpt":{"rendered":"<p>Expectation and Standard Deviation If you flip a coin 100 times, your expectation is to receive 50 heads and 50 tails. But the reality may well be different; the measurement of that reality is called &#8220;standard deviation&#8221;. Standard deviation is a mathematical term used to predict the outcome of a situation. In our coin-flipping exercise, [&hellip;]<\/p>\n","protected":false},"author":2,"featured_media":0,"parent":634,"menu_order":0,"comment_status":"open","ping_status":"open","template":"page-blackjack-school.php","meta":{"_acf_changed":false,"footnotes":""},"tags":[],"class_list":["post-724","page","type-page","status-publish","hentry"],"acf":[],"yoast_head":"<!-- This site is optimized with the Yoast SEO plugin v26.6 - https:\/\/yoast.com\/wordpress\/plugins\/seo\/ -->\n<title>Blackjack School \u1408 Lesson 9 - Money Management - Part 3<\/title>\n<meta name=\"description\" content=\"Lesson 9 in the GameMaster&#039;s Free Blackjack School - Expectation and standard deviation.\" \/>\n<meta name=\"robots\" content=\"index, follow, max-snippet:-1, max-image-preview:large, max-video-preview:-1\" \/>\n<link rel=\"canonical\" href=\"https:\/\/www.blackjackinfo.com\/it\/scuola-di-blackjack\/lezione-09-gestione-del-denaro-parte-3\/\" \/>\n<meta property=\"og:locale\" content=\"it_IT\" \/>\n<meta property=\"og:type\" content=\"article\" \/>\n<meta property=\"og:title\" content=\"Blackjack School \u1408 Lesson 9 - Money Management - Part 3\" \/>\n<meta property=\"og:description\" content=\"Lesson 9 in the GameMaster&#039;s Free Blackjack School - Expectation and standard deviation.\" \/>\n<meta property=\"og:url\" content=\"https:\/\/www.blackjackinfo.com\/it\/scuola-di-blackjack\/lezione-09-gestione-del-denaro-parte-3\/\" \/>\n<meta property=\"og:site_name\" content=\"BlackjackInfo.com\" \/>\n<meta property=\"article:modified_time\" content=\"2020-02-18T23:56:51+00:00\" \/>\n<meta name=\"twitter:label1\" content=\"Tempo di lettura stimato\" \/>\n\t<meta name=\"twitter:data1\" content=\"4 minuti\" \/>\n<script type=\"application\/ld+json\" class=\"yoast-schema-graph\">{\"@context\":\"https:\/\/schema.org\",\"@graph\":[{\"@type\":\"WebPage\",\"@id\":\"https:\/\/www.blackjackinfo.com\/blackjack-school\/lesson-09-money-management-part-3\/\",\"url\":\"https:\/\/www.blackjackinfo.com\/blackjack-school\/lesson-09-money-management-part-3\/\",\"name\":\"Blackjack School \u1408 Lesson 9 - Money Management - Part 3\",\"isPartOf\":{\"@id\":\"https:\/\/www.blackjackinfo.com\/#website\"},\"datePublished\":\"2014-10-20T01:18:29+00:00\",\"dateModified\":\"2020-02-18T23:56:51+00:00\",\"description\":\"Lesson 9 in the GameMaster's Free Blackjack School - Expectation and standard deviation.\",\"breadcrumb\":{\"@id\":\"https:\/\/www.blackjackinfo.com\/blackjack-school\/lesson-09-money-management-part-3\/#breadcrumb\"},\"inLanguage\":\"it-IT\",\"potentialAction\":[{\"@type\":\"ReadAction\",\"target\":[\"https:\/\/www.blackjackinfo.com\/blackjack-school\/lesson-09-money-management-part-3\/\"]}]},{\"@type\":\"BreadcrumbList\",\"@id\":\"https:\/\/www.blackjackinfo.com\/blackjack-school\/lesson-09-money-management-part-3\/#breadcrumb\",\"itemListElement\":[{\"@type\":\"ListItem\",\"position\":1,\"name\":\"Home\",\"item\":\"https:\/\/www.blackjackinfo.com\/\"},{\"@type\":\"ListItem\",\"position\":2,\"name\":\"Blackjack School &#8211; A Free 24-Lesson Class on Card Counting\",\"item\":\"https:\/\/www.blackjackinfo.com\/blackjack-school\/\"},{\"@type\":\"ListItem\",\"position\":3,\"name\":\"Lesson 9 &#8211; Money Management &#8211; Part 3\"}]},{\"@type\":\"WebSite\",\"@id\":\"https:\/\/www.blackjackinfo.com\/#website\",\"url\":\"https:\/\/www.blackjackinfo.com\/\",\"name\":\"BlackjackInfo.com\",\"description\":\"Because Winning is More Fun!\",\"potentialAction\":[{\"@type\":\"SearchAction\",\"target\":{\"@type\":\"EntryPoint\",\"urlTemplate\":\"https:\/\/www.blackjackinfo.com\/?s={search_term_string}\"},\"query-input\":{\"@type\":\"PropertyValueSpecification\",\"valueRequired\":true,\"valueName\":\"search_term_string\"}}],\"inLanguage\":\"it-IT\"}]}<\/script>\n<!-- \/ Yoast SEO plugin. -->","yoast_head_json":{"title":"Scuola di blackjack \u1408 Lezione 9 - Gestione del denaro - Parte 3","description":"Lezione 9 della Scuola gratuita di Blackjack del GameMaster - Aspettativa e deviazione standard.","robots":{"index":"index","follow":"follow","max-snippet":"max-snippet:-1","max-image-preview":"max-image-preview:large","max-video-preview":"max-video-preview:-1"},"canonical":"https:\/\/www.blackjackinfo.com\/it\/scuola-di-blackjack\/lezione-09-gestione-del-denaro-parte-3\/","og_locale":"it_IT","og_type":"article","og_title":"Blackjack School \u1408 Lesson 9 - Money Management - Part 3","og_description":"Lesson 9 in the GameMaster's Free Blackjack School - Expectation and standard deviation.","og_url":"https:\/\/www.blackjackinfo.com\/it\/scuola-di-blackjack\/lezione-09-gestione-del-denaro-parte-3\/","og_site_name":"BlackjackInfo.com","article_modified_time":"2020-02-18T23:56:51+00:00","twitter_misc":{"Tempo di lettura stimato":"4 minuti"},"schema":{"@context":"https:\/\/schema.org","@graph":[{"@type":"WebPage","@id":"https:\/\/www.blackjackinfo.com\/blackjack-school\/lesson-09-money-management-part-3\/","url":"https:\/\/www.blackjackinfo.com\/blackjack-school\/lesson-09-money-management-part-3\/","name":"Scuola di blackjack \u1408 Lezione 9 - Gestione del denaro - Parte 3","isPartOf":{"@id":"https:\/\/www.blackjackinfo.com\/#website"},"datePublished":"2014-10-20T01:18:29+00:00","dateModified":"2020-02-18T23:56:51+00:00","description":"Lezione 9 della Scuola gratuita di Blackjack del GameMaster - Aspettativa e deviazione standard.","breadcrumb":{"@id":"https:\/\/www.blackjackinfo.com\/blackjack-school\/lesson-09-money-management-part-3\/#breadcrumb"},"inLanguage":"it-IT","potentialAction":[{"@type":"ReadAction","target":["https:\/\/www.blackjackinfo.com\/blackjack-school\/lesson-09-money-management-part-3\/"]}]},{"@type":"BreadcrumbList","@id":"https:\/\/www.blackjackinfo.com\/blackjack-school\/lesson-09-money-management-part-3\/#breadcrumb","itemListElement":[{"@type":"ListItem","position":1,"name":"Home","item":"https:\/\/www.blackjackinfo.com\/"},{"@type":"ListItem","position":2,"name":"Blackjack School &#8211; A Free 24-Lesson Class on Card Counting","item":"https:\/\/www.blackjackinfo.com\/blackjack-school\/"},{"@type":"ListItem","position":3,"name":"Lesson 9 &#8211; Money Management &#8211; Part 3"}]},{"@type":"WebSite","@id":"https:\/\/www.blackjackinfo.com\/#website","url":"https:\/\/www.blackjackinfo.com\/","name":"BlackjackInfo.com","description":"Perch\u00e9 vincere \u00e8 pi\u00f9 divertente!","potentialAction":[{"@type":"SearchAction","target":{"@type":"EntryPoint","urlTemplate":"https:\/\/www.blackjackinfo.com\/?s={search_term_string}"},"query-input":{"@type":"PropertyValueSpecification","valueRequired":true,"valueName":"search_term_string"}}],"inLanguage":"it-IT"}]}},"_links":{"self":[{"href":"https:\/\/www.blackjackinfo.com\/it\/wp-json\/wp\/v2\/pages\/724","targetHints":{"allow":["GET"]}}],"collection":[{"href":"https:\/\/www.blackjackinfo.com\/it\/wp-json\/wp\/v2\/pages"}],"about":[{"href":"https:\/\/www.blackjackinfo.com\/it\/wp-json\/wp\/v2\/types\/page"}],"author":[{"embeddable":true,"href":"https:\/\/www.blackjackinfo.com\/it\/wp-json\/wp\/v2\/users\/2"}],"replies":[{"embeddable":true,"href":"https:\/\/www.blackjackinfo.com\/it\/wp-json\/wp\/v2\/comments?post=724"}],"version-history":[{"count":7,"href":"https:\/\/www.blackjackinfo.com\/it\/wp-json\/wp\/v2\/pages\/724\/revisions"}],"predecessor-version":[{"id":5459,"href":"https:\/\/www.blackjackinfo.com\/it\/wp-json\/wp\/v2\/pages\/724\/revisions\/5459"}],"up":[{"embeddable":true,"href":"https:\/\/www.blackjackinfo.com\/it\/wp-json\/wp\/v2\/pages\/634"}],"wp:attachment":[{"href":"https:\/\/www.blackjackinfo.com\/it\/wp-json\/wp\/v2\/media?parent=724"}],"wp:term":[{"taxonomy":"post_tag","embeddable":true,"href":"https:\/\/www.blackjackinfo.com\/it\/wp-json\/wp\/v2\/tags?post=724"}],"curies":[{"name":"wp","href":"https:\/\/api.w.org\/{rel}","templated":true}]}}