{"id":726,"date":"2014-10-19T20:22:30","date_gmt":"2014-10-20T01:22:30","guid":{"rendered":"http:\/\/test.blackjackinfo.com\/?page_id=726"},"modified":"2020-02-18T17:57:07","modified_gmt":"2020-02-18T23:57:07","slug":"lezione-10-il-giusto-atteggiamento-mentale","status":"publish","type":"page","link":"https:\/\/www.blackjackinfo.com\/it\/blackjack-school\/lesson-10-the-proper-mental-attitude\/","title":{"rendered":"Lezione 10 - Il giusto atteggiamento mentale"},"content":{"rendered":"<p><b>Sottolineo sempre l'idea di \"aspettativa\" quando si applica al gioco d'azzardo, perch\u00e9 la comprensione di questo concetto vi aiuter\u00e0 a smettere di giocare e, auspicabilmente, a trasformarvi in un investitore ai tavoli.<\/b>  Per definizione, un investitore si aspetta di ottenere un profitto, quindi non pu\u00f2 essere un investitore se gioca a giochi in cui l'aspettativa \u00e8 negativa.  Se puntate $10 sulla linea Pass ai dadi, vincerete $10 o perderete $10, ma la vostra \"aspettativa\" \u00e8 di perdere 14 centesimi a ogni mano.  Questo perch\u00e9 il banco ha un margine incorporato di 1,4% su questa scommessa e se la giocate spesso, la vostra perdita media sar\u00e0 di 14 centesimi per decisione.  A breve termine potreste vincere un sacco di soldi, ma giocando abbastanza a lungo il margine della casa finir\u00e0 per avere il suo effetto.  Poich\u00e9 un tavolo da craps medio produce circa 60 decisioni all'ora, il costo orario delle puntate $10 sulla linea di passaggio sar\u00e0 - nel lungo periodo - di circa 60 X 14 centesimi = $8,40.<\/p>\n<p><b>Analizziamo ora questo concetto dal punto di vista di una situazione di aspettativa positiva come il conteggio delle carte al Blackjack.<\/b>  Se la vostra puntata media \u00e8 di $12 e il vantaggio medio che avete sul banco \u00e8 di 1,25%, la vostra aspettativa \u00e8 di vincere $12 X .0125 = $.15 per mano.  S\u00ec, sono 15 centesimi per mano.   Con un ritmo di 60 mani all'ora, potete aspettarvi di guadagnare - nel lungo periodo - circa 60 X 15 centesimi = $9,00 all'ora.  Ma se riuscite ad aumentare il numero di mani giocate all'ora a, ad esempio, 80 mani, avrete aumentato le vostre aspettative a 80 X 15 centesimi = $12,00 all'ora.   L'unico altro modo per guadagnare di pi\u00f9 \u00e8 aumentare la dimensione della vostra puntata media o aumentare il vostro margine rispetto al casin\u00f2.  La dimensione della puntata \u00e8 solo una funzione del vostro bankroll (e della vostra capacit\u00e0 di continuare a \"ingannare\" il casin\u00f2 facendovi credere di essere solo un altro giocatore d'azzardo e non un contatore di carte) e il vantaggio \u00e8 principalmente una funzione delle regole del casin\u00f2 per il gioco del Blackjack.  Affronter\u00f2 entrambe le questioni nelle prossime lezioni, quindi per ora concentriamoci sull'aumento del numero di mani giocate in un'ora.<br \/>\n<div class=\"row\" style=\"margin-bottom:20px\">\n    <div class=\"col-sm-12\">\n                <h2>I migliori casin\u00f2 online degli Stati Uniti <span\n                class=\"flag-icon flag-icon-us\"><\/span><\/h2>\n\n        \n                \n        <div class=\"ranking-table text-center\">\n            <div class=\"row flex ad-row\">\n                <div class=\"col-sm-3\">\n                    <div class=\"row flex\">\n\n                        <div class=\"col-sm-3\">\n                            <div class=\"ranking-number text-center\">\n\n                                1                                \n                            <\/div>\n                        <\/div>\n                        <div class=\"col-sm-9\">\n                            <img decoding=\"async\" src=\"https:\/\/www.blackjackinfo.com\/files\/bovada.png\" data-no-auto-translation=\"\">\n                        <\/div>\n                    <\/div>\n                <\/div>\n                <div class=\"col-sm-4\">\n                    <div class=\"bonus-text text-center\"><span class=\"red\">100% fino a $1.000<\/span><\/div>\n\t\t\t\t\t\n\n                <\/div>\n                <div class=\"col-sm-2\">\n                    <a class=\"btn btn-wire\" href=\"\/it\/casino\/bovada\/\">Recensione<\/a>\n\n                <\/div>\n                <div class=\"col-sm-3\">\n                    <a rel=\"nofollow\" target=\"_blank\" class=\"btn btn-blue\" href=\"\/goto\/goto\/\">Giocare\n                        Ora<\/a>\n\t\t\t\t\t\t\n\n                <\/div>\n            <\/div>\n        <\/div>\n\n\n\n        \n                \n        <div class=\"ranking-table text-center\">\n            <div class=\"row flex ad-row\">\n                <div class=\"col-sm-3\">\n                    <div class=\"row flex\">\n\n                        <div class=\"col-sm-3\">\n                            <div class=\"ranking-number text-center\">\n\n                                2                                \n                            <\/div>\n                        <\/div>\n                        <div class=\"col-sm-9\">\n                            <img decoding=\"async\" src=\"https:\/\/www.blackjackinfo.com\/files\/ignition-casino-logo.png\" data-no-auto-translation=\"\">\n                        <\/div>\n                    <\/div>\n                <\/div>\n                <div class=\"col-sm-4\">\n                    <div class=\"bonus-text text-center\"><span class=\"red\">100% fino a $1.000<\/span><\/div>\n\t\t\t\t\t\n\n                <\/div>\n                <div class=\"col-sm-2\">\n                    <a class=\"btn btn-wire\" href=\"\/it\/casino\/ignition-casino\/\">Recensione<\/a>\n\n                <\/div>\n                <div class=\"col-sm-3\">\n                    <a rel=\"nofollow\" target=\"_blank\" class=\"btn btn-blue\" href=\"\/goto\/goto\/\">Giocare\n                        Ora<\/a>\n\t\t\t\t\t\t\n\n                <\/div>\n            <\/div>\n        <\/div>\n\n\n\n        \n                \n        <div class=\"ranking-table text-center\">\n            <div class=\"row flex ad-row\">\n                <div class=\"col-sm-3\">\n                    <div class=\"row flex\">\n\n                        <div class=\"col-sm-3\">\n                            <div class=\"ranking-number text-center\">\n\n                                3                                \n                            <\/div>\n                        <\/div>\n                        <div class=\"col-sm-9\">\n                            <img decoding=\"async\" src=\"https:\/\/www.blackjackinfo.com\/files\/VipSlots-500x250_dark.svg\" data-no-auto-translation=\"\">\n                        <\/div>\n                    <\/div>\n                <\/div>\n                <div class=\"col-sm-4\">\n                    <div class=\"bonus-text text-center\"><span class=\"red\">100 SPIN GRATUITI su Vita segreta dei gatti<\/span><\/div>\n\t\t\t\t\t\n\n                <\/div>\n                <div class=\"col-sm-2\">\n                    <a class=\"btn btn-wire\" href=\"\/it\/casino\/vipslots-casino\/\">Recensione<\/a>\n\n                <\/div>\n                <div class=\"col-sm-3\">\n                    <a rel=\"nofollow\" target=\"_blank\" class=\"btn btn-blue\" href=\"\/goto\/goto\/\">Giocare\n                        Ora<\/a>\n\t\t\t\t\t\t\n\n                <\/div>\n            <\/div>\n        <\/div>\n\n\n\n        \n                \n        <div class=\"ranking-table text-center\">\n            <div class=\"row flex ad-row\">\n                <div class=\"col-sm-3\">\n                    <div class=\"row flex\">\n\n                        <div class=\"col-sm-3\">\n                            <div class=\"ranking-number text-center\">\n\n                                4                                \n                            <\/div>\n                        <\/div>\n                        <div class=\"col-sm-9\">\n                            <img decoding=\"async\" src=\"https:\/\/www.blackjackinfo.com\/files\/vegas_casino_online.png\" data-no-auto-translation=\"\">\n                        <\/div>\n                    <\/div>\n                <\/div>\n                <div class=\"col-sm-4\">\n                    <div class=\"bonus-text text-center\"><span class=\"red\">300% fino a $3.000<\/span><\/div>\n\t\t\t\t\t\n\n                <\/div>\n                <div class=\"col-sm-2\">\n                    <a class=\"btn btn-wire\" href=\"\/it\/casino\/vegas-casino-online-2\/\">Recensione<\/a>\n\n                <\/div>\n                <div class=\"col-sm-3\">\n                    <a rel=\"nofollow\" target=\"_blank\" class=\"btn btn-blue\" href=\"\/goto\/goto\/\">Giocare\n                        Ora<\/a>\n\t\t\t\t\t\t\n\n                <\/div>\n            <\/div>\n        <\/div>\n\n\n\n        \n                \n        <div class=\"ranking-table text-center\">\n            <div class=\"row flex ad-row\">\n                <div class=\"col-sm-3\">\n                    <div class=\"row flex\">\n\n                        <div class=\"col-sm-3\">\n                            <div class=\"ranking-number text-center\">\n\n                                5                                \n                            <\/div>\n                        <\/div>\n                        <div class=\"col-sm-9\">\n                            <img decoding=\"async\" src=\"https:\/\/www.blackjackinfo.com\/files\/cafe-casino-logo.svg\" data-no-auto-translation=\"\">\n                        <\/div>\n                    <\/div>\n                <\/div>\n                <div class=\"col-sm-4\">\n                    <div class=\"bonus-text text-center\"><span class=\"red\">250% fino a $1.500<\/span><\/div>\n\t\t\t\t\t\n\n                <\/div>\n                <div class=\"col-sm-2\">\n                    <a class=\"btn btn-wire\" href=\"\/it\/casino\/cafe-casino\/\">Recensione<\/a>\n\n                <\/div>\n                <div class=\"col-sm-3\">\n                    <a rel=\"nofollow\" target=\"_blank\" class=\"btn btn-blue\" href=\"\/goto\/goto\/\">Giocare\n                        Ora<\/a>\n\t\t\t\t\t\t\n\n                <\/div>\n            <\/div>\n        <\/div>\n\n\n\n            <\/div>\n<\/div><\/p>\n<h3>Pi\u00f9 mani significano pi\u00f9 soldi<\/h3>\n<p><b>Se si \u00e8 l'unico giocatore in una partita a sei mazzi, si pu\u00f2 giocare a un ritmo di circa 200 mani all'ora.<\/b>  A parit\u00e0 di altre condizioni, la vostra aspettativa salir\u00e0 a 200 X 15 centesimi = $30 all'ora - un aumento molto salutare.  Il problema \u00e8 che voglio che vi alziate e ve ne andiate ogni volta che il conteggio reale scende sotto M1, quindi 200 mani all'ora sono possibili solo se vi capita una di quelle scarpe in cui il conteggio rimane positivo e se siete abbastanza veloci da mantenere il conteggio mentre giocate a questo ritmo.  Muoversi quando il mazzo va male \u00e8 d'obbligo, poich\u00e9 \u00e8 pi\u00f9 conveniente non giocare affatto piuttosto che giocare in una partita in cui il banco ha un vantaggio su di voi.<\/p>\n<p><b>Ma 200 mani all'ora sono un obiettivo meritevole, quindi continuate a esercitarvi con il conto alla rovescia per singolo mazzo nel tentativo di aumentare la vostra velocit\u00e0 fino a raggiungere il punto in cui potete passare un mazzo in meno di 20 secondi. <\/b> Quando sarete in grado di farlo, di calcolare il vero conteggio e di giocare con una perfetta strategia di base, dovrete giocare uno contro uno ogni volta che sar\u00e0 possibile.  Questo pu\u00f2 significare che dovrete andare al casin\u00f2 alle 2 del mattino di luned\u00ec, ma ne varr\u00e0 la pena.  Ricordate per\u00f2 che aumentando il ritmo di gioco aumenter\u00e0 la deviazione standard oraria, quindi non sorprendetevi se perdete $400 o pi\u00f9 in un'ora di gioco; il vostro rischio non \u00e8 aumentato, ma avete - in effetti - \"compresso\" il vostro fattore tempo.  I dealer mi dicono spesso che un giocatore \"non pu\u00f2 vincere\" uno contro uno, ma si sbagliano.  La loro idea sbagliata a questo proposito deriva dal fatto che, poich\u00e9 si giocano pi\u00f9 mani, le oscillazioni sono maggiori e i dealer di solito ricordano i grandi perdenti e dimenticano i grandi vincitori.  Come investitore, \u00e8 nel vostro interesse giocare il maggior numero possibile di mani all'ora, dato che la vostra aspettativa \u00e8 di vincere 15 centesimi a mano.<\/p>\n<p class=\"gbs-big\">\n<b>L'OBIETTIVO DEL GIOCATORE PROFESSIONISTA \u00c8 QUELLO DI GIOCARE IL PI\u00d9 POSSIBILE IN QUALIT\u00c0; LE VINCITE O LE PERDITE SONO SECONDARIE.  GIOCANDO E SCOMMETTENDO CORRETTAMENTE, L'$$$ ARRIVER\u00c0 CON IL TEMPO.<\/b><\/p>\n<h3>Un atteggiamento vincente<\/h3>\n<p>Come ho gi\u00e0 detto, le vincite al Blackjack arrivano a 'pezzi', quindi non dovete preoccuparvi se avete una sessione perdente, n\u00e9 sentirvi invincibili quando vincete.  <b>Un atteggiamento mentale corretto elimina gli alti e bassi del gioco (rendendolo cos\u00ec molto noioso, almeno secondo me), ma permette di giocare una partita solida e priva di emozioni.<\/b>  Quando ho una sessione perdente (in media, 35% del tempo), me ne vado sapendo che il casin\u00f2 si prender\u00e0 cura dei soldi e che alla fine torner\u00f2 a prenderli.   600 mani di gioco significano che ho \"guadagnato\" 600 volte la mia aspettativa per mano, quindi devo solo continuare a lavorare e la mia busta paga alla fine rifletter\u00e0 i miei guadagni.  In parole povere, se state giocando una partita vincente, non \u00e8 una questione di \"se\" vincerete, ma solo di \"quando\".<\/p>\n<p>Quindi lasciate che l'acqua ghiacciata cominci a scorrere nelle vostre vene - come ha detto un autore, \"gli occhi azzurri di acciaio andranno bene\".  L'emozione non ha posto nel conteggio delle carte; precisione e pazienza sono gli unici requisiti per ottenere l'$$$.<\/p>\n<h3>Compiti a casa<\/h3>\n<p><b>Prendete un vecchio mazzo di carte e un pennarello.<\/b>  Per coloro che giocano a 6 mazzi, scrivete il numero \"1\/2\" sul retro di una carta, \"1\" sulla carta successiva, \"1 1\/2\" sulla terza carta e continuate fino a 5 con incrementi della met\u00e0.  A questo punto, numerate singolarmente il retro di altre 20 carte da 1 a 20.  Mescolate le due pile (separatamente) a faccia in su in modo da non vedere i numeri e girate la carta pi\u00f9 alta della prima pila.    Questa rappresenter\u00e0 il numero di mazzi nel vassoio degli scarti.  Per esempio, se \u00e8 la carta \"2 1\/2\", rappresenta 2 1\/2 mazzi nel vassoio degli scarti, quindi significa che ci sono 3 1\/2 mazzi rimasti nella scarpa.  Ora iniziate a girare le carte del secondo mazzo.  Queste rappresentano il conteggio corrente e vogliamo esercitarci a calcolare il conteggio vero, quindi se la prima carta \u00e8 \"8\", il conteggio vero \u00e8 8 diviso per 3 1\/2 = 2 (ricordate, arrotondiamo per difetto per essere conservativi).  Continuate a passare in rassegna le carte del conteggio mentre la carta \"mazzo\" rimane la stessa.  Una volta completate tutte le carte del conteggio, cambiate la carta \"mazzi\" e ripetete l'operazione.<\/p>\n<p><b>Questo esercizio aiuter\u00e0 a velocizzare la capacit\u00e0 di calcolare con precisione il conteggio reale.<\/b>  Coloro che giocheranno a mazzo singolo dovranno solo creare una carta per 1\/4, 1\/2 e 3\/4 di mazzo e contare le carte da 1 a 10, ma vi eserciterete allo stesso modo.<\/p>\n<p>Durante questo esercizio, concentratevi sulla precisione e ricordate di essere prudenti nel calcolare il conteggio reale.<\/p>","protected":false},"excerpt":{"rendered":"<p>I always stress the idea of &#8216;expectation&#8217; as it applies to casino gaming because understanding the concept will help you stop gambling and hopefully turn you into an investor at the tables. By definition, an investor expects to make a profit so you cannot be an investor if you play at games where there is [&hellip;]<\/p>\n","protected":false},"author":2,"featured_media":0,"parent":634,"menu_order":0,"comment_status":"open","ping_status":"open","template":"page-blackjack-school.php","meta":{"_acf_changed":false,"footnotes":""},"tags":[],"class_list":["post-726","page","type-page","status-publish","hentry"],"acf":[],"yoast_head":"<!-- This site is optimized with the Yoast SEO plugin v26.6 - https:\/\/yoast.com\/wordpress\/plugins\/seo\/ -->\n<title>Blackjack School \u1408 Lesson 10 - The Proper Mental Attitude<\/title>\n<meta name=\"description\" content=\"Lesson 10 in the GameMaster&#039;s Free Blackjack School - Developing a Winning Attitude\" \/>\n<meta name=\"robots\" content=\"index, follow, max-snippet:-1, max-image-preview:large, max-video-preview:-1\" \/>\n<link rel=\"canonical\" href=\"https:\/\/www.blackjackinfo.com\/it\/scuola-di-blackjack\/lezione-10-il-giusto-atteggiamento-mentale\/\" \/>\n<meta property=\"og:locale\" content=\"it_IT\" \/>\n<meta property=\"og:type\" content=\"article\" \/>\n<meta property=\"og:title\" content=\"Blackjack School \u1408 Lesson 10 - The Proper Mental Attitude\" \/>\n<meta property=\"og:description\" content=\"Lesson 10 in the GameMaster&#039;s Free Blackjack School - Developing a Winning Attitude\" \/>\n<meta property=\"og:url\" content=\"https:\/\/www.blackjackinfo.com\/it\/scuola-di-blackjack\/lezione-10-il-giusto-atteggiamento-mentale\/\" \/>\n<meta property=\"og:site_name\" content=\"BlackjackInfo.com\" \/>\n<meta property=\"article:modified_time\" content=\"2020-02-18T23:57:07+00:00\" \/>\n<meta name=\"twitter:label1\" content=\"Tempo di lettura stimato\" \/>\n\t<meta name=\"twitter:data1\" content=\"6 minuti\" \/>\n<script type=\"application\/ld+json\" class=\"yoast-schema-graph\">{\"@context\":\"https:\/\/schema.org\",\"@graph\":[{\"@type\":\"WebPage\",\"@id\":\"https:\/\/www.blackjackinfo.com\/blackjack-school\/lesson-10-the-proper-mental-attitude\/\",\"url\":\"https:\/\/www.blackjackinfo.com\/blackjack-school\/lesson-10-the-proper-mental-attitude\/\",\"name\":\"Blackjack School \u1408 Lesson 10 - The Proper Mental Attitude\",\"isPartOf\":{\"@id\":\"https:\/\/www.blackjackinfo.com\/#website\"},\"datePublished\":\"2014-10-20T01:22:30+00:00\",\"dateModified\":\"2020-02-18T23:57:07+00:00\",\"description\":\"Lesson 10 in the GameMaster's Free Blackjack School - Developing a Winning Attitude\",\"breadcrumb\":{\"@id\":\"https:\/\/www.blackjackinfo.com\/blackjack-school\/lesson-10-the-proper-mental-attitude\/#breadcrumb\"},\"inLanguage\":\"it-IT\",\"potentialAction\":[{\"@type\":\"ReadAction\",\"target\":[\"https:\/\/www.blackjackinfo.com\/blackjack-school\/lesson-10-the-proper-mental-attitude\/\"]}]},{\"@type\":\"BreadcrumbList\",\"@id\":\"https:\/\/www.blackjackinfo.com\/blackjack-school\/lesson-10-the-proper-mental-attitude\/#breadcrumb\",\"itemListElement\":[{\"@type\":\"ListItem\",\"position\":1,\"name\":\"Home\",\"item\":\"https:\/\/www.blackjackinfo.com\/\"},{\"@type\":\"ListItem\",\"position\":2,\"name\":\"Blackjack School &#8211; A Free 24-Lesson Class on Card Counting\",\"item\":\"https:\/\/www.blackjackinfo.com\/blackjack-school\/\"},{\"@type\":\"ListItem\",\"position\":3,\"name\":\"Lesson 10 &#8211; The Proper Mental Attitude\"}]},{\"@type\":\"WebSite\",\"@id\":\"https:\/\/www.blackjackinfo.com\/#website\",\"url\":\"https:\/\/www.blackjackinfo.com\/\",\"name\":\"BlackjackInfo.com\",\"description\":\"Because Winning is More Fun!\",\"potentialAction\":[{\"@type\":\"SearchAction\",\"target\":{\"@type\":\"EntryPoint\",\"urlTemplate\":\"https:\/\/www.blackjackinfo.com\/?s={search_term_string}\"},\"query-input\":{\"@type\":\"PropertyValueSpecification\",\"valueRequired\":true,\"valueName\":\"search_term_string\"}}],\"inLanguage\":\"it-IT\"}]}<\/script>\n<!-- \/ Yoast SEO plugin. -->","yoast_head_json":{"title":"Scuola di blackjack \u1408 Lezione 10 - Il giusto atteggiamento mentale","description":"Lezione 10 della Scuola gratuita di Blackjack del GameMaster - Sviluppare un atteggiamento vincente","robots":{"index":"index","follow":"follow","max-snippet":"max-snippet:-1","max-image-preview":"max-image-preview:large","max-video-preview":"max-video-preview:-1"},"canonical":"https:\/\/www.blackjackinfo.com\/it\/scuola-di-blackjack\/lezione-10-il-giusto-atteggiamento-mentale\/","og_locale":"it_IT","og_type":"article","og_title":"Blackjack School \u1408 Lesson 10 - The Proper Mental Attitude","og_description":"Lesson 10 in the GameMaster's Free Blackjack School - Developing a Winning Attitude","og_url":"https:\/\/www.blackjackinfo.com\/it\/scuola-di-blackjack\/lezione-10-il-giusto-atteggiamento-mentale\/","og_site_name":"BlackjackInfo.com","article_modified_time":"2020-02-18T23:57:07+00:00","twitter_misc":{"Tempo di lettura stimato":"6 minuti"},"schema":{"@context":"https:\/\/schema.org","@graph":[{"@type":"WebPage","@id":"https:\/\/www.blackjackinfo.com\/blackjack-school\/lesson-10-the-proper-mental-attitude\/","url":"https:\/\/www.blackjackinfo.com\/blackjack-school\/lesson-10-the-proper-mental-attitude\/","name":"Scuola di blackjack \u1408 Lezione 10 - Il giusto atteggiamento mentale","isPartOf":{"@id":"https:\/\/www.blackjackinfo.com\/#website"},"datePublished":"2014-10-20T01:22:30+00:00","dateModified":"2020-02-18T23:57:07+00:00","description":"Lezione 10 della Scuola gratuita di Blackjack del GameMaster - Sviluppare un atteggiamento vincente","breadcrumb":{"@id":"https:\/\/www.blackjackinfo.com\/blackjack-school\/lesson-10-the-proper-mental-attitude\/#breadcrumb"},"inLanguage":"it-IT","potentialAction":[{"@type":"ReadAction","target":["https:\/\/www.blackjackinfo.com\/blackjack-school\/lesson-10-the-proper-mental-attitude\/"]}]},{"@type":"BreadcrumbList","@id":"https:\/\/www.blackjackinfo.com\/blackjack-school\/lesson-10-the-proper-mental-attitude\/#breadcrumb","itemListElement":[{"@type":"ListItem","position":1,"name":"Home","item":"https:\/\/www.blackjackinfo.com\/"},{"@type":"ListItem","position":2,"name":"Blackjack School &#8211; A Free 24-Lesson Class on Card Counting","item":"https:\/\/www.blackjackinfo.com\/blackjack-school\/"},{"@type":"ListItem","position":3,"name":"Lesson 10 &#8211; The Proper Mental Attitude"}]},{"@type":"WebSite","@id":"https:\/\/www.blackjackinfo.com\/#website","url":"https:\/\/www.blackjackinfo.com\/","name":"BlackjackInfo.com","description":"Perch\u00e9 vincere \u00e8 pi\u00f9 divertente!","potentialAction":[{"@type":"SearchAction","target":{"@type":"EntryPoint","urlTemplate":"https:\/\/www.blackjackinfo.com\/?s={search_term_string}"},"query-input":{"@type":"PropertyValueSpecification","valueRequired":true,"valueName":"search_term_string"}}],"inLanguage":"it-IT"}]}},"_links":{"self":[{"href":"https:\/\/www.blackjackinfo.com\/it\/wp-json\/wp\/v2\/pages\/726","targetHints":{"allow":["GET"]}}],"collection":[{"href":"https:\/\/www.blackjackinfo.com\/it\/wp-json\/wp\/v2\/pages"}],"about":[{"href":"https:\/\/www.blackjackinfo.com\/it\/wp-json\/wp\/v2\/types\/page"}],"author":[{"embeddable":true,"href":"https:\/\/www.blackjackinfo.com\/it\/wp-json\/wp\/v2\/users\/2"}],"replies":[{"embeddable":true,"href":"https:\/\/www.blackjackinfo.com\/it\/wp-json\/wp\/v2\/comments?post=726"}],"version-history":[{"count":5,"href":"https:\/\/www.blackjackinfo.com\/it\/wp-json\/wp\/v2\/pages\/726\/revisions"}],"predecessor-version":[{"id":5460,"href":"https:\/\/www.blackjackinfo.com\/it\/wp-json\/wp\/v2\/pages\/726\/revisions\/5460"}],"up":[{"embeddable":true,"href":"https:\/\/www.blackjackinfo.com\/it\/wp-json\/wp\/v2\/pages\/634"}],"wp:attachment":[{"href":"https:\/\/www.blackjackinfo.com\/it\/wp-json\/wp\/v2\/media?parent=726"}],"wp:term":[{"taxonomy":"post_tag","embeddable":true,"href":"https:\/\/www.blackjackinfo.com\/it\/wp-json\/wp\/v2\/tags?post=726"}],"curies":[{"name":"wp","href":"https:\/\/api.w.org\/{rel}","templated":true}]}}