{"id":729,"date":"2014-10-19T20:37:05","date_gmt":"2014-10-20T01:37:05","guid":{"rendered":"http:\/\/test.blackjackinfo.com\/?page_id=729"},"modified":"2020-02-18T17:57:23","modified_gmt":"2020-02-18T23:57:23","slug":"lezione-11-valutazione-dei-giochi-2","status":"publish","type":"page","link":"https:\/\/www.blackjackinfo.com\/it\/blackjack-school\/lesson-11-evaluating-games\/","title":{"rendered":"Lezione 11 - Valutazione dei giochi"},"content":{"rendered":"<p class=\"intro\">\n<b>Sebbene quasi tutti i giochi di Blackjack siano in definitiva battibili, le ricompense che si possono ottenere da situazioni marginali non compensano adeguatamente il tempo e il rischio.<\/b>  Pertanto, \u00e8 necessario valutare un gioco sotto diversi aspetti prima di giocarlo.  Due aree principali di preoccupazione sono le regole del gioco, tra cui il numero di mazzi utilizzati e il posizionamento della carta tagliata, la cosiddetta \"penetrazione\".<\/p>\n<p>Molte modifiche alle regole richiedono un cambiamento nella vostra strategia di base, quindi non dimenticatevi del <a href=\"\/blackjack-basic-strategy-engine\/\">\"Motore strategico di base\"<\/a>.  Ricordate che anche le modifiche alle regole possono influire sul vostro programma di scommesse.<br \/>\n<div class=\"row\" style=\"margin-bottom:20px\">\n    <div class=\"col-sm-12\">\n                <h2>I migliori casin\u00f2 online degli Stati Uniti <span\n                class=\"flag-icon flag-icon-us\"><\/span><\/h2>\n\n        \n                \n        <div class=\"ranking-table text-center\">\n            <div class=\"row flex ad-row\">\n                <div class=\"col-sm-3\">\n                    <div class=\"row flex\">\n\n                        <div class=\"col-sm-3\">\n                            <div class=\"ranking-number text-center\">\n\n                                1                                \n                            <\/div>\n                        <\/div>\n                        <div class=\"col-sm-9\">\n                            <img decoding=\"async\" src=\"https:\/\/www.blackjackinfo.com\/files\/bovada.png\" data-no-auto-translation=\"\">\n                        <\/div>\n                    <\/div>\n                <\/div>\n                <div class=\"col-sm-4\">\n                    <div class=\"bonus-text text-center\"><span class=\"red\">100% fino a $1.000<\/span><\/div>\n\t\t\t\t\t\n\n                <\/div>\n                <div class=\"col-sm-2\">\n                    <a class=\"btn btn-wire\" href=\"\/it\/casino\/bovada\/\">Recensione<\/a>\n\n                <\/div>\n                <div class=\"col-sm-3\">\n                    <a rel=\"nofollow\" target=\"_blank\" class=\"btn btn-blue\" href=\"\/goto\/goto\/\">Giocare\n                        Ora<\/a>\n\t\t\t\t\t\t\n\n                <\/div>\n            <\/div>\n        <\/div>\n\n\n\n        \n                \n        <div class=\"ranking-table text-center\">\n            <div class=\"row flex ad-row\">\n                <div class=\"col-sm-3\">\n                    <div class=\"row flex\">\n\n                        <div class=\"col-sm-3\">\n                            <div class=\"ranking-number text-center\">\n\n                                2                                \n                            <\/div>\n                        <\/div>\n                        <div class=\"col-sm-9\">\n                            <img decoding=\"async\" src=\"https:\/\/www.blackjackinfo.com\/files\/ignition-casino-logo.png\" data-no-auto-translation=\"\">\n                        <\/div>\n                    <\/div>\n                <\/div>\n                <div class=\"col-sm-4\">\n                    <div class=\"bonus-text text-center\"><span class=\"red\">100% fino a $1.000<\/span><\/div>\n\t\t\t\t\t\n\n                <\/div>\n                <div class=\"col-sm-2\">\n                    <a class=\"btn btn-wire\" href=\"\/it\/casino\/ignition-casino\/\">Recensione<\/a>\n\n                <\/div>\n                <div class=\"col-sm-3\">\n                    <a rel=\"nofollow\" target=\"_blank\" class=\"btn btn-blue\" href=\"\/goto\/goto\/\">Giocare\n                        Ora<\/a>\n\t\t\t\t\t\t\n\n                <\/div>\n            <\/div>\n        <\/div>\n\n\n\n        \n                \n        <div class=\"ranking-table text-center\">\n            <div class=\"row flex ad-row\">\n                <div class=\"col-sm-3\">\n                    <div class=\"row flex\">\n\n                        <div class=\"col-sm-3\">\n                            <div class=\"ranking-number text-center\">\n\n                                3                                \n                            <\/div>\n                        <\/div>\n                        <div class=\"col-sm-9\">\n                            <img decoding=\"async\" src=\"https:\/\/www.blackjackinfo.com\/files\/VipSlots-500x250_dark.svg\" data-no-auto-translation=\"\">\n                        <\/div>\n                    <\/div>\n                <\/div>\n                <div class=\"col-sm-4\">\n                    <div class=\"bonus-text text-center\"><span class=\"red\">100 SPIN GRATUITI su Vita segreta dei gatti<\/span><\/div>\n\t\t\t\t\t\n\n                <\/div>\n                <div class=\"col-sm-2\">\n                    <a class=\"btn btn-wire\" href=\"\/it\/casino\/vipslots-casino\/\">Recensione<\/a>\n\n                <\/div>\n                <div class=\"col-sm-3\">\n                    <a rel=\"nofollow\" target=\"_blank\" class=\"btn btn-blue\" href=\"\/goto\/goto\/\">Giocare\n                        Ora<\/a>\n\t\t\t\t\t\t\n\n                <\/div>\n            <\/div>\n        <\/div>\n\n\n\n        \n                \n        <div class=\"ranking-table text-center\">\n            <div class=\"row flex ad-row\">\n                <div class=\"col-sm-3\">\n                    <div class=\"row flex\">\n\n                        <div class=\"col-sm-3\">\n                            <div class=\"ranking-number text-center\">\n\n                                4                                \n                            <\/div>\n                        <\/div>\n                        <div class=\"col-sm-9\">\n                            <img decoding=\"async\" src=\"https:\/\/www.blackjackinfo.com\/files\/vegas_casino_online.png\" data-no-auto-translation=\"\">\n                        <\/div>\n                    <\/div>\n                <\/div>\n                <div class=\"col-sm-4\">\n                    <div class=\"bonus-text text-center\"><span class=\"red\">300% fino a $3.000<\/span><\/div>\n\t\t\t\t\t\n\n                <\/div>\n                <div class=\"col-sm-2\">\n                    <a class=\"btn btn-wire\" href=\"\/it\/casino\/vegas-casino-online-2\/\">Recensione<\/a>\n\n                <\/div>\n                <div class=\"col-sm-3\">\n                    <a rel=\"nofollow\" target=\"_blank\" class=\"btn btn-blue\" href=\"\/goto\/goto\/\">Giocare\n                        Ora<\/a>\n\t\t\t\t\t\t\n\n                <\/div>\n            <\/div>\n        <\/div>\n\n\n\n        \n                \n        <div class=\"ranking-table text-center\">\n            <div class=\"row flex ad-row\">\n                <div class=\"col-sm-3\">\n                    <div class=\"row flex\">\n\n                        <div class=\"col-sm-3\">\n                            <div class=\"ranking-number text-center\">\n\n                                5                                \n                            <\/div>\n                        <\/div>\n                        <div class=\"col-sm-9\">\n                            <img decoding=\"async\" src=\"https:\/\/www.blackjackinfo.com\/files\/cafe-casino-logo.svg\" data-no-auto-translation=\"\">\n                        <\/div>\n                    <\/div>\n                <\/div>\n                <div class=\"col-sm-4\">\n                    <div class=\"bonus-text text-center\"><span class=\"red\">250% fino a $1.500<\/span><\/div>\n\t\t\t\t\t\n\n                <\/div>\n                <div class=\"col-sm-2\">\n                    <a class=\"btn btn-wire\" href=\"\/it\/casino\/cafe-casino\/\">Recensione<\/a>\n\n                <\/div>\n                <div class=\"col-sm-3\">\n                    <a rel=\"nofollow\" target=\"_blank\" class=\"btn btn-blue\" href=\"\/goto\/goto\/\">Giocare\n                        Ora<\/a>\n\t\t\t\t\t\t\n\n                <\/div>\n            <\/div>\n        <\/div>\n\n\n\n            <\/div>\n<\/div><\/p>\n<h3>Effetto delle variazioni delle regole sul vantaggio del giocatore<\/h3>\n<p>(Si ipotizzano 6 mazzi, raddoppio su tutte le prime due carte, nessun raddoppio dopo lo split, resplit di tutte le coppie, tranne gli Assi, l'assicurazione \u00e8 disponibile e il banco sta sull'Asso-6).  Questo produce un vantaggio di -.54% per il giocatore).<\/p>\n<div class=\"col-sm-6 col-center\">\n<table class=\"data-table text-center\">\n<tbody>\n<tr>\n<th>Modifiche che aiutano il giocatore<\/th>\n<th>Modifica del bordo<\/th>\n<\/tr>\n<tr>\n<td>Doppio dopo la divisione<\/td>\n<td>+.14%<\/td>\n<\/tr>\n<tr>\n<td>Assi divisi<\/td>\n<td>+.07%<\/td>\n<\/tr>\n<tr>\n<td>Consegna anticipata vs. tutti<\/td>\n<td>+.70%<\/td>\n<\/tr>\n<tr>\n<td>Rinuncia anticipata vs. 10 anni<\/td>\n<td>+.30%<\/td>\n<\/tr>\n<tr>\n<td>Consegna tardiva<\/td>\n<td>+.08%<\/td>\n<\/tr>\n<tr>\n<td>Ponte singolo<\/td>\n<td>+.50%<\/td>\n<\/tr>\n<tr>\n<td>Due ponti<\/td>\n<td>+.20%<\/td>\n<\/tr>\n<tr>\n<td>Quattro ponti<\/td>\n<td>+.05%<\/td>\n<\/tr>\n<\/tbody>\n<\/table>\n<\/div>\n<div class=\"col-sm-6 col-center\">\n<table class=\"data-table text-center\">\n<tbody>\n<tr>\n<th>Modifiche che danneggiano il giocatore<\/th>\n<th>Cambiamenti nel bordo<\/th>\n<\/tr>\n<tr>\n<td>Il mazziere colpisce A-6<\/td>\n<td>-.20%<\/td>\n<\/tr>\n<tr>\n<td>Doppio solo l'11<\/td>\n<td>-.46%<\/td>\n<\/tr>\n<tr>\n<td>Doppio solo su 10,11<\/td>\n<td>-.09%<\/td>\n<\/tr>\n<tr>\n<td>Solo doppio 9, 10, 11<\/td>\n<td>-.09%<\/td>\n<\/tr>\n<tr>\n<td>Nessuna ricomposizione di coppie<\/td>\n<td>-.04%<\/td>\n<\/tr>\n<tr>\n<td>Nessuna assicurazione (se si contano le carte)<\/td>\n<td>-.40%<\/td>\n<\/tr>\n<\/tbody>\n<\/table>\n<\/div>\n<p><b>Per determinare il vantaggio del casin\u00f2 su di voi all'inizio di una scarpa, basta aggiungere o sottrarre le variazioni delle regole dal gioco \"base\" elencato sopra. <\/b> Ad esempio, se si gioca a un gioco a doppio mazzo con le stesse regole del gioco base, il vantaggio del casin\u00f2 viene calcolato come segue.<\/p>\n<p class=\"text-center gbs-big\">\nGioco base -.54%<br \/>\nDue ponti +.20%<br \/>\n_____________________<br \/>\nBordo giocatore -.34%<\/p>\n<h3>Effetto della penetrazione del ponte<\/h3>\n<p><b>Il livello di profondit\u00e0 del mazzo prima del mescolamento pu\u00f2 avere un effetto importante sulle vincite. <\/b> Il motivo \u00e8 che con una penetrazione poco profonda, i conteggi \"alti\" che consentono di puntare di pi\u00f9 si verificano meno spesso nei mazzi in cui il mescolamento avviene in anticipo.  La tabella seguente mostra la frequenza dei conteggi su base percentuale a diversi gradi di penetrazione.<\/p>\n<div class=\"col-sm-6 col-center\">\n<table class=\"data-table text-center\">\n<tbody>\n<tr>\n<th colspan=\"6\">Percentuale di presenza a...<\/th>\n<\/tr>\n<tr>\n<td>Conteggio vero<\/td>\n<td>50%<\/td>\n<td>65%<\/td>\n<td>75%<\/td>\n<td>Penetrazione 85%<\/td>\n<\/tr>\n<tr>\n<td>+1<\/td>\n<td>15<\/td>\n<td>15<\/td>\n<td>13<\/td>\n<td>13<\/td>\n<\/tr>\n<tr>\n<td>+2<\/td>\n<td>8<\/td>\n<td>7<\/td>\n<td>8<\/td>\n<td>8<\/td>\n<\/tr>\n<tr>\n<td>+3<\/td>\n<td>3<\/td>\n<td>4<\/td>\n<td>4<\/td>\n<td>5<\/td>\n<\/tr>\n<tr>\n<td>+4<\/td>\n<td>1.5<\/td>\n<td>2.5<\/td>\n<td>3<\/td>\n<td>4<\/td>\n<\/tr>\n<tr>\n<td>+5<\/td>\n<td>1<\/td>\n<td>1<\/td>\n<td>2<\/td>\n<td>2<\/td>\n<\/tr>\n<tr>\n<td>+6<\/td>\n<td>.5<\/td>\n<td>1<\/td>\n<td>2<\/td>\n<td>2<\/td>\n<\/tr>\n<tr>\n<td>+7<\/td>\n<td>0<\/td>\n<td>.5<\/td>\n<td>1<\/td>\n<td>1.5<\/td>\n<\/tr>\n<tr>\n<td>+8<\/td>\n<td>0<\/td>\n<td>0<\/td>\n<td>.5<\/td>\n<td>1<\/td>\n<\/tr>\n<tr>\n<td>+9<\/td>\n<td>0<\/td>\n<td>0<\/td>\n<td>0<\/td>\n<td>.5<\/td>\n<\/tr>\n<tr>\n<td>+10<\/td>\n<td>0<\/td>\n<td>0<\/td>\n<td>0<\/td>\n<td>.5<\/td>\n<\/tr>\n<\/tbody>\n<\/table>\n<\/div>\n<p><b>Esaminiamo ci\u00f2 che sto cercando di dire.<\/b>  Se si gioca in una partita con una penetrazione di 50%, su 100 mani solo 29 avranno, in media, un conteggio reale di 1 o superiore.  Poich\u00e9 \u00e8 necessario un conteggio reale di 1 per pareggiare il conto del banco, solo 14 saranno mani in cui avrete un vantaggio.  Ora guardate le statistiche per una partita con una penetrazione di 85%.  In questo caso, circa 37,5% delle mani saranno in pareggio o migliori e quasi un quarto saranno mani in cui si ha un vantaggio.<\/p>\n<h3>STATE SPRECANDO TEMPO E DENARO SE GIOCATE A UNA PARTITA CON UNA PENETRAZIONE INFERIORE A 65%.<\/h3>\n<p><b>Anche se un gioco non offre le regole migliori, pu\u00f2 essere battuto se \u00e8 disponibile una buona penetrazione. <\/b> Ricordate che dovreste abbandonare una partita quando il conteggio scende al di sotto di un vero e proprio meno 1, in modo da trascorrere la maggior parte del tempo di gioco effettuando scommesse in quella che io chiamo \"zona di profitto\".<\/p>\n<h3>Compiti a casa<\/h3>\n<p>Calcolare il vantaggio iniziale del giocatore per i seguenti casi:<\/p>\n<ul>\n<li>Mazzo singolo, raddoppio solo su 10 e 11 e se il banco colpisce A-6.  Sono consentiti i resplit (eccetto gli Assi) ed \u00e8 disponibile l'assicurazione.<\/li>\n<li>Sei mazzi, il banco sta su A-6, raddoppio delle prime due carte, raddoppio dopo lo split, resplitting consentito, inclusi gli Assi e assicurazione disponibile.<\/li>\n<li>Due mazzi, raddoppio su tutte le prime due carte, non \u00e8 consentito il resplitting delle coppie, non \u00e8 consentito il raddoppio dopo lo split, \u00e8 disponibile il late surrender e l'assicurazione.<\/li>\n<\/ul>\n<p>Pubblicher\u00f2 le risposte corrette a questo quiz nella prossima lezione.<\/p>","protected":false},"excerpt":{"rendered":"<p>While almost all Blackjack games are ultimately beatable, the rewards to be gained from marginal situations do not adequately compensate you for your time and risk. Therefore, you must evaluate a game in several ways before playing it. Two primary areas of concern are the house rules of the game, including the number of decks [&hellip;]<\/p>\n","protected":false},"author":2,"featured_media":0,"parent":634,"menu_order":0,"comment_status":"open","ping_status":"open","template":"page-blackjack-school.php","meta":{"_acf_changed":false,"footnotes":""},"tags":[],"class_list":["post-729","page","type-page","status-publish","hentry"],"acf":[],"yoast_head":"<!-- This site is optimized with the Yoast SEO plugin v26.6 - https:\/\/yoast.com\/wordpress\/plugins\/seo\/ -->\n<title>Blackjack School \u1408 Lesson 11 - Evaluating Games<\/title>\n<meta name=\"description\" content=\"Lesson 11 in the GameMaster&#039;s Free Blackjack School - How to Evaluate and Choose the Best Games\" \/>\n<meta name=\"robots\" content=\"index, follow, max-snippet:-1, max-image-preview:large, max-video-preview:-1\" \/>\n<link rel=\"canonical\" href=\"https:\/\/www.blackjackinfo.com\/it\/scuola-di-blackjack\/lezione-11-valutazione-dei-giochi-2\/\" \/>\n<meta property=\"og:locale\" content=\"it_IT\" \/>\n<meta property=\"og:type\" content=\"article\" \/>\n<meta property=\"og:title\" content=\"Blackjack School \u1408 Lesson 11 - Evaluating Games\" \/>\n<meta property=\"og:description\" content=\"Lesson 11 in the GameMaster&#039;s Free Blackjack School - How to Evaluate and Choose the Best Games\" \/>\n<meta property=\"og:url\" content=\"https:\/\/www.blackjackinfo.com\/it\/scuola-di-blackjack\/lezione-11-valutazione-dei-giochi-2\/\" \/>\n<meta property=\"og:site_name\" content=\"BlackjackInfo.com\" \/>\n<meta property=\"article:modified_time\" content=\"2020-02-18T23:57:23+00:00\" \/>\n<meta name=\"twitter:label1\" content=\"Tempo di lettura stimato\" \/>\n\t<meta name=\"twitter:data1\" content=\"3 minuti\" \/>\n<script type=\"application\/ld+json\" class=\"yoast-schema-graph\">{\"@context\":\"https:\/\/schema.org\",\"@graph\":[{\"@type\":\"WebPage\",\"@id\":\"https:\/\/www.blackjackinfo.com\/blackjack-school\/lesson-11-evaluating-games\/\",\"url\":\"https:\/\/www.blackjackinfo.com\/blackjack-school\/lesson-11-evaluating-games\/\",\"name\":\"Blackjack School \u1408 Lesson 11 - Evaluating Games\",\"isPartOf\":{\"@id\":\"https:\/\/www.blackjackinfo.com\/#website\"},\"datePublished\":\"2014-10-20T01:37:05+00:00\",\"dateModified\":\"2020-02-18T23:57:23+00:00\",\"description\":\"Lesson 11 in the GameMaster's Free Blackjack School - How to Evaluate and Choose the Best Games\",\"breadcrumb\":{\"@id\":\"https:\/\/www.blackjackinfo.com\/blackjack-school\/lesson-11-evaluating-games\/#breadcrumb\"},\"inLanguage\":\"it-IT\",\"potentialAction\":[{\"@type\":\"ReadAction\",\"target\":[\"https:\/\/www.blackjackinfo.com\/blackjack-school\/lesson-11-evaluating-games\/\"]}]},{\"@type\":\"BreadcrumbList\",\"@id\":\"https:\/\/www.blackjackinfo.com\/blackjack-school\/lesson-11-evaluating-games\/#breadcrumb\",\"itemListElement\":[{\"@type\":\"ListItem\",\"position\":1,\"name\":\"Home\",\"item\":\"https:\/\/www.blackjackinfo.com\/\"},{\"@type\":\"ListItem\",\"position\":2,\"name\":\"Blackjack School &#8211; A Free 24-Lesson Class on Card Counting\",\"item\":\"https:\/\/www.blackjackinfo.com\/blackjack-school\/\"},{\"@type\":\"ListItem\",\"position\":3,\"name\":\"Lesson 11 &#8211; Evaluating Games\"}]},{\"@type\":\"WebSite\",\"@id\":\"https:\/\/www.blackjackinfo.com\/#website\",\"url\":\"https:\/\/www.blackjackinfo.com\/\",\"name\":\"BlackjackInfo.com\",\"description\":\"Because Winning is More Fun!\",\"potentialAction\":[{\"@type\":\"SearchAction\",\"target\":{\"@type\":\"EntryPoint\",\"urlTemplate\":\"https:\/\/www.blackjackinfo.com\/?s={search_term_string}\"},\"query-input\":{\"@type\":\"PropertyValueSpecification\",\"valueRequired\":true,\"valueName\":\"search_term_string\"}}],\"inLanguage\":\"it-IT\"}]}<\/script>\n<!-- \/ Yoast SEO plugin. -->","yoast_head_json":{"title":"Scuola di Blackjack \u1408 Lezione 11 - Valutare i giochi","description":"Lezione 11 della Scuola gratuita di Blackjack del GameMaster - Come valutare e scegliere i giochi migliori","robots":{"index":"index","follow":"follow","max-snippet":"max-snippet:-1","max-image-preview":"max-image-preview:large","max-video-preview":"max-video-preview:-1"},"canonical":"https:\/\/www.blackjackinfo.com\/it\/scuola-di-blackjack\/lezione-11-valutazione-dei-giochi-2\/","og_locale":"it_IT","og_type":"article","og_title":"Blackjack School \u1408 Lesson 11 - Evaluating Games","og_description":"Lesson 11 in the GameMaster's Free Blackjack School - How to Evaluate and Choose the Best Games","og_url":"https:\/\/www.blackjackinfo.com\/it\/scuola-di-blackjack\/lezione-11-valutazione-dei-giochi-2\/","og_site_name":"BlackjackInfo.com","article_modified_time":"2020-02-18T23:57:23+00:00","twitter_misc":{"Tempo di lettura stimato":"3 minuti"},"schema":{"@context":"https:\/\/schema.org","@graph":[{"@type":"WebPage","@id":"https:\/\/www.blackjackinfo.com\/blackjack-school\/lesson-11-evaluating-games\/","url":"https:\/\/www.blackjackinfo.com\/blackjack-school\/lesson-11-evaluating-games\/","name":"Scuola di Blackjack \u1408 Lezione 11 - Valutare i giochi","isPartOf":{"@id":"https:\/\/www.blackjackinfo.com\/#website"},"datePublished":"2014-10-20T01:37:05+00:00","dateModified":"2020-02-18T23:57:23+00:00","description":"Lezione 11 della Scuola gratuita di Blackjack del GameMaster - Come valutare e scegliere i giochi migliori","breadcrumb":{"@id":"https:\/\/www.blackjackinfo.com\/blackjack-school\/lesson-11-evaluating-games\/#breadcrumb"},"inLanguage":"it-IT","potentialAction":[{"@type":"ReadAction","target":["https:\/\/www.blackjackinfo.com\/blackjack-school\/lesson-11-evaluating-games\/"]}]},{"@type":"BreadcrumbList","@id":"https:\/\/www.blackjackinfo.com\/blackjack-school\/lesson-11-evaluating-games\/#breadcrumb","itemListElement":[{"@type":"ListItem","position":1,"name":"Home","item":"https:\/\/www.blackjackinfo.com\/"},{"@type":"ListItem","position":2,"name":"Blackjack School &#8211; A Free 24-Lesson Class on Card Counting","item":"https:\/\/www.blackjackinfo.com\/blackjack-school\/"},{"@type":"ListItem","position":3,"name":"Lesson 11 &#8211; Evaluating Games"}]},{"@type":"WebSite","@id":"https:\/\/www.blackjackinfo.com\/#website","url":"https:\/\/www.blackjackinfo.com\/","name":"BlackjackInfo.com","description":"Perch\u00e9 vincere \u00e8 pi\u00f9 divertente!","potentialAction":[{"@type":"SearchAction","target":{"@type":"EntryPoint","urlTemplate":"https:\/\/www.blackjackinfo.com\/?s={search_term_string}"},"query-input":{"@type":"PropertyValueSpecification","valueRequired":true,"valueName":"search_term_string"}}],"inLanguage":"it-IT"}]}},"_links":{"self":[{"href":"https:\/\/www.blackjackinfo.com\/it\/wp-json\/wp\/v2\/pages\/729","targetHints":{"allow":["GET"]}}],"collection":[{"href":"https:\/\/www.blackjackinfo.com\/it\/wp-json\/wp\/v2\/pages"}],"about":[{"href":"https:\/\/www.blackjackinfo.com\/it\/wp-json\/wp\/v2\/types\/page"}],"author":[{"embeddable":true,"href":"https:\/\/www.blackjackinfo.com\/it\/wp-json\/wp\/v2\/users\/2"}],"replies":[{"embeddable":true,"href":"https:\/\/www.blackjackinfo.com\/it\/wp-json\/wp\/v2\/comments?post=729"}],"version-history":[{"count":7,"href":"https:\/\/www.blackjackinfo.com\/it\/wp-json\/wp\/v2\/pages\/729\/revisions"}],"predecessor-version":[{"id":5461,"href":"https:\/\/www.blackjackinfo.com\/it\/wp-json\/wp\/v2\/pages\/729\/revisions\/5461"}],"up":[{"embeddable":true,"href":"https:\/\/www.blackjackinfo.com\/it\/wp-json\/wp\/v2\/pages\/634"}],"wp:attachment":[{"href":"https:\/\/www.blackjackinfo.com\/it\/wp-json\/wp\/v2\/media?parent=729"}],"wp:term":[{"taxonomy":"post_tag","embeddable":true,"href":"https:\/\/www.blackjackinfo.com\/it\/wp-json\/wp\/v2\/tags?post=729"}],"curies":[{"name":"wp","href":"https:\/\/api.w.org\/{rel}","templated":true}]}}