{"id":731,"date":"2014-10-19T20:41:43","date_gmt":"2014-10-20T01:41:43","guid":{"rendered":"http:\/\/test.blackjackinfo.com\/?page_id=731"},"modified":"2020-02-18T17:57:34","modified_gmt":"2020-02-18T23:57:34","slug":"lezione-12-tattiche-di-gioco-al-casino","status":"publish","type":"page","link":"https:\/\/www.blackjackinfo.com\/it\/blackjack-school\/lesson-12-casino-playing-tactics\/","title":{"rendered":"Lezione 12 - Tattiche di gioco al casin\u00f2"},"content":{"rendered":"<h3>Cosa sono le tattiche di gioco del casin\u00f2?<\/h3>\n<p class=\"intro\">\n<b>\u00c8 una triste realt\u00e0 che il personale dei casin\u00f2, in particolare i supervisori dei piani e i capi dei box, non gradisce che i contatori di carte giochino ai loro giochi di Blackjack.<\/b>  Sanno che il gioco pu\u00f2 essere battuto da un giocatore esperto, quindi, a seconda di quanto profonda sia la loro paranoia, la loro reazione nei confronti di un giocatore che vince e che \u00e8 sospettato di essere un banco pu\u00f2 variare da un attento esame (\"heat\") al vero e proprio blocco di quel giocatore.  Di conseguenza, un giocatore abile deve nascondere le proprie abilit\u00e0 e apparire come un altro \"perdente\" mentre vince al gioco.  Le corrette tattiche di gioco del casin\u00f2 aiutano a mascherare le proprie abilit\u00e0, consentendo cos\u00ec di continuare a giocare.<\/p>\n<h3>Il profilo di uno sportello del casin\u00f2<\/h3>\n<p>I supervisori dei casin\u00f2 credono di avere un profilo dei contatori di carte e di poterli individuare dalle loro azioni.  L'elenco \u00e8 lungo, ma ecco alcuni dei loro pregiudizi:<\/p>\n<ol>\n<li>I contatori di carte sono di solito giovani maschi bianchi (probabilmente con la barba) che vestono in modo troppo casual per la quantit\u00e0 di denaro che buttano in giro.<\/li>\n<li>I contatori di carte \"esplorano\" i tavoli in un pozzo, alla ricerca di un buon conteggio prima di sedersi.<\/li>\n<li>Un banco cambier\u00e0 $200-300 in fiches ma poi punter\u00e0 solo $5 o $10 sulla prima mano.<\/li>\n<li>I contatori non parlano con nessuno; fissano il vassoio degli scarti e scrutano nuovamente il tavolo, controllando il conteggio.<\/li>\n<li>I banconieri non fumano e non bevono alcolici.<\/li>\n<li>Un banco ci pensa un po' prima di piazzare la sua puntata.<\/li>\n<li>Un banco non esita prima di giocare una mano \"rigida\".<\/li>\n<li>Un banco non si assicura mai con una puntata minima, ma si assicura quando una puntata grande \u00e8 fuori, indipendentemente dalla sua mano.<\/li>\n<li>Un banco varia la sua scommessa al di l\u00e0 di un \"parlay\".<\/li>\n<li>I banchi non danno la mancia ai croupier.<\/li>\n<li>Un contatore ritira una grande puntata e la abbassa su un \"push\" o quando la scarpa finisce.<\/li>\n<li>Un banco effettua sempre una puntata minima sulla prima mano di una scarpa appena rimescolata.<\/li>\n<\/ol>\n<div class=\"row\" style=\"margin-bottom:20px\">\n    <div class=\"col-sm-12\">\n                <h2>I migliori casin\u00f2 online degli Stati Uniti <span\n                class=\"flag-icon flag-icon-us\"><\/span><\/h2>\n\n        \n                \n        <div class=\"ranking-table text-center\">\n            <div class=\"row flex ad-row\">\n                <div class=\"col-sm-3\">\n                    <div class=\"row flex\">\n\n                        <div class=\"col-sm-3\">\n                            <div class=\"ranking-number text-center\">\n\n                                1                                \n                            <\/div>\n                        <\/div>\n                        <div class=\"col-sm-9\">\n                            <img decoding=\"async\" src=\"https:\/\/www.blackjackinfo.com\/files\/bovada.png\" data-no-auto-translation=\"\">\n                        <\/div>\n                    <\/div>\n                <\/div>\n                <div class=\"col-sm-4\">\n                    <div class=\"bonus-text text-center\"><span class=\"red\">100% fino a $1.000<\/span><\/div>\n\t\t\t\t\t\n\n                <\/div>\n                <div class=\"col-sm-2\">\n                    <a class=\"btn btn-wire\" href=\"\/it\/casino\/bovada\/\">Recensione<\/a>\n\n                <\/div>\n                <div class=\"col-sm-3\">\n                    <a rel=\"nofollow\" target=\"_blank\" class=\"btn btn-blue\" href=\"\/goto\/goto\/\">Giocare\n                        Ora<\/a>\n\t\t\t\t\t\t\n\n                <\/div>\n            <\/div>\n        <\/div>\n\n\n\n        \n                \n        <div class=\"ranking-table text-center\">\n            <div class=\"row flex ad-row\">\n                <div class=\"col-sm-3\">\n                    <div class=\"row flex\">\n\n                        <div class=\"col-sm-3\">\n                            <div class=\"ranking-number text-center\">\n\n                                2                                \n                            <\/div>\n                        <\/div>\n                        <div class=\"col-sm-9\">\n                            <img decoding=\"async\" src=\"https:\/\/www.blackjackinfo.com\/files\/ignition-casino-logo.png\" data-no-auto-translation=\"\">\n                        <\/div>\n                    <\/div>\n                <\/div>\n                <div class=\"col-sm-4\">\n                    <div class=\"bonus-text text-center\"><span class=\"red\">100% fino a $1.000<\/span><\/div>\n\t\t\t\t\t\n\n                <\/div>\n                <div class=\"col-sm-2\">\n                    <a class=\"btn btn-wire\" href=\"\/it\/casino\/ignition-casino\/\">Recensione<\/a>\n\n                <\/div>\n                <div class=\"col-sm-3\">\n                    <a rel=\"nofollow\" target=\"_blank\" class=\"btn btn-blue\" href=\"\/goto\/goto\/\">Giocare\n                        Ora<\/a>\n\t\t\t\t\t\t\n\n                <\/div>\n            <\/div>\n        <\/div>\n\n\n\n        \n                \n        <div class=\"ranking-table text-center\">\n            <div class=\"row flex ad-row\">\n                <div class=\"col-sm-3\">\n                    <div class=\"row flex\">\n\n                        <div class=\"col-sm-3\">\n                            <div class=\"ranking-number text-center\">\n\n                                3                                \n                            <\/div>\n                        <\/div>\n                        <div class=\"col-sm-9\">\n                            <img decoding=\"async\" src=\"https:\/\/www.blackjackinfo.com\/files\/VipSlots-500x250_dark.svg\" data-no-auto-translation=\"\">\n                        <\/div>\n                    <\/div>\n                <\/div>\n                <div class=\"col-sm-4\">\n                    <div class=\"bonus-text text-center\"><span class=\"red\">100 SPIN GRATUITI su Vita segreta dei gatti<\/span><\/div>\n\t\t\t\t\t\n\n                <\/div>\n                <div class=\"col-sm-2\">\n                    <a class=\"btn btn-wire\" href=\"\/it\/casino\/vipslots-casino\/\">Recensione<\/a>\n\n                <\/div>\n                <div class=\"col-sm-3\">\n                    <a rel=\"nofollow\" target=\"_blank\" class=\"btn btn-blue\" href=\"\/goto\/goto\/\">Giocare\n                        Ora<\/a>\n\t\t\t\t\t\t\n\n                <\/div>\n            <\/div>\n        <\/div>\n\n\n\n        \n                \n        <div class=\"ranking-table text-center\">\n            <div class=\"row flex ad-row\">\n                <div class=\"col-sm-3\">\n                    <div class=\"row flex\">\n\n                        <div class=\"col-sm-3\">\n                            <div class=\"ranking-number text-center\">\n\n                                4                                \n                            <\/div>\n                        <\/div>\n                        <div class=\"col-sm-9\">\n                            <img decoding=\"async\" src=\"https:\/\/www.blackjackinfo.com\/files\/vegas_casino_online.png\" data-no-auto-translation=\"\">\n                        <\/div>\n                    <\/div>\n                <\/div>\n                <div class=\"col-sm-4\">\n                    <div class=\"bonus-text text-center\"><span class=\"red\">300% fino a $3.000<\/span><\/div>\n\t\t\t\t\t\n\n                <\/div>\n                <div class=\"col-sm-2\">\n                    <a class=\"btn btn-wire\" href=\"\/it\/casino\/vegas-casino-online-2\/\">Recensione<\/a>\n\n                <\/div>\n                <div class=\"col-sm-3\">\n                    <a rel=\"nofollow\" target=\"_blank\" class=\"btn btn-blue\" href=\"\/goto\/goto\/\">Giocare\n                        Ora<\/a>\n\t\t\t\t\t\t\n\n                <\/div>\n            <\/div>\n        <\/div>\n\n\n\n        \n                \n        <div class=\"ranking-table text-center\">\n            <div class=\"row flex ad-row\">\n                <div class=\"col-sm-3\">\n                    <div class=\"row flex\">\n\n                        <div class=\"col-sm-3\">\n                            <div class=\"ranking-number text-center\">\n\n                                5                                \n                            <\/div>\n                        <\/div>\n                        <div class=\"col-sm-9\">\n                            <img decoding=\"async\" src=\"https:\/\/www.blackjackinfo.com\/files\/cafe-casino-logo.svg\" data-no-auto-translation=\"\">\n                        <\/div>\n                    <\/div>\n                <\/div>\n                <div class=\"col-sm-4\">\n                    <div class=\"bonus-text text-center\"><span class=\"red\">250% fino a $1.500<\/span><\/div>\n\t\t\t\t\t\n\n                <\/div>\n                <div class=\"col-sm-2\">\n                    <a class=\"btn btn-wire\" href=\"\/it\/casino\/cafe-casino\/\">Recensione<\/a>\n\n                <\/div>\n                <div class=\"col-sm-3\">\n                    <a rel=\"nofollow\" target=\"_blank\" class=\"btn btn-blue\" href=\"\/goto\/goto\/\">Giocare\n                        Ora<\/a>\n\t\t\t\t\t\t\n\n                <\/div>\n            <\/div>\n        <\/div>\n\n\n\n            <\/div>\n<\/div>\n<h3>Camuffamento del contatore di carte<\/h3>\n<p><b>Per guadagnare con il Blackjack, \u00e8 necessario mantenere il proprio benvenuto nei casin\u00f2.<\/b>  Ma anche se vi sembrer\u00e0 di avere una grande 'C' rossa sulla fronte le prime volte che giocherete come banco, in realt\u00e0 non \u00e8 cos\u00ec e se eviterete alcuni degli errori dei 'novellini', i supervisori del casin\u00f2 probabilmente non vi presteranno alcuna attenzione.<\/p>\n<p><b>Se giocate con puntate elevate, sarete notati sia che vinciate sia che perdiate; i giocatori con puntate elevate sono sempre notati.<\/b>  Ma se iniziate con lo spread da $5 a $60, che vi consiglio, probabilmente non verrete notati affatto.  La frequenza con cui giocate in un determinato casin\u00f2 ha molto a che fare con questo aspetto.  Ricordate che la maggior parte dei casin\u00f2 ha almeno due turni, quindi cercate di distribuire le vostre giocate tra casin\u00f2 e turni.<b> EVITARE DI PASSARE DA UN TURNO ALL'ALTRO<\/b>.  Mantenete le sessioni abbastanza brevi e ci vorr\u00e0 molto tempo prima che capiscano cosa state facendo.<\/p>\n<p>La vera chiave per ingannare il personale del casin\u00f2 \u00e8 apparire come un giocatore qualunque.  Ecco alcune tecniche che utilizzo.<\/p>\n<ol>\n<li>Vestitevi in modo adeguato al vostro livello di scommesse.  Un \"high-roller\" dovrebbe avere l'aspetto di una persona benestante e non, come ha detto un autore, \"di un supplente disoccupato\".  Se andate in un casin\u00f2 locale durante il turno di giorno durante la settimana, vestitevi come una persona d'affari che sta marinando l'ufficio.  NON vestitevi come un turista (un travestimento molto efficace) se vi vedranno di nuovo la settimana prossima.<\/li>\n<li>Quando entrate in un casin\u00f2, andate direttamente a un tavolo dove il croupier sta mescolando e sedetevi.  Parlate con il croupier o almeno salutatelo.<\/li>\n<li>Se state giocando con una puntata minima di $5, acquistate per meno di $100, ma pi\u00f9 di $40.  Non utilizzate termini come \"rosso\" o \"verde\", \"nichel\" o \"quarto di dollaro\".  Chiamate le fiches $5 o $25.<\/li>\n<li>Non ordinate nulla ai camerieri che servono i cocktail; sono troppo lenti e l'attesa di un drink potrebbe farvi giocare a un mazzo negativo durante l'attesa.  Ordinate invece bevande analcoliche al bar (O'Doul's, succo d'arancia, qualsiasi cosa con il lime) e portatele con voi.<\/li>\n<li>Cercate di avere sempre una puntata nel vostro circolo di scommesse.  Ricordate che solo i banchieri pensano a quanto puntare; i giocatori d'azzardo puntano semplicemente qualcosa.  Se avete beccato la mano o avete ottenuto un Blackjack, piazzate la puntata successiva mentre il banco sta giocando la sua mano.  Con la pratica, la vostra puntata sar\u00e0 l'importo corretto, ma non sembrer\u00e0 che abbiate dovuto pensare molto a quanto puntare.<\/li>\n<li>I giocatori d'azzardo non abbandonano MAI il tavolo dopo una vincita.  Se il conteggio \u00e8 sceso sotto il -1, continuare a giocare con la puntata minima fino a quando non si perde una mano.<\/li>\n<li>Esitate prima di colpire una mano \"rigida\".  Parlare con le carte aiuta.<\/li>\n<li>Occasionalmente, assicurate il vostro Blackjack contro l'Asso del banco quando avete la puntata minima.  Non chiedete di essere \"alla pari\"; procedete come se non sapeste come funziona.  Questo far\u00e0 s\u00ec che il banco rallenti le sue chiamate di assicurazione in futuro e vi dar\u00e0 pi\u00f9 tempo per calcolare il vero conteggio.  \u00c8 meglio fare questa puntata assicurativa \"minima\" quando un supervisore del piano sta guardando.<\/li>\n<li>Se avete intenzione di dare una mancia al croupier (cosa che dovreste fare con parsimonia), aspettate che il conteggio sia alto e che abbiate fatto una grossa puntata.  In quel momento, piazzando una puntata per il banco, sembrer\u00e0 che vogliate che vi aiuti a vincere.<\/li>\n<li>Una o due volte in ogni sessione, iniziare una nuova scarpa con una puntata di 2 o 3 volte il minimo.<\/li>\n<li>Non variare la corretta strategia di base come forma di camuffamento; la maggior parte del personale del casin\u00f2 non saprebbe comunque giocare bene.  In effetti, i giocatori con una strategia di base perfetta sembrano degli idioti: puntare un 12 contro un 2 o un 3 o raddoppiare un A-7 contro un 4 \u00e8 da pazzi! (Per loro.)<\/li>\n<li>Non parlate agli altri al tavolo delle vostre capacit\u00e0; non aiutate gli altri a giocare correttamente le loro mani.  Non ammettere mai di aver capito un libro sul Blackjack.  Non mostratevi sicuri di voi stessi, ma non comportatevi come un perdente quando state ovviamente vincendo: i giocatori d'azzardo amano vincere!<\/li>\n<li>Non riesco a portarne uno, ma il marsupio \u00e8 uno degli oggetti pi\u00f9 disarmanti che un banco possa indossare.  Con quello e un paio di occhiali, pochi supervisori penseranno che sei un distruttore di casin\u00f2 a sangue freddo, che conta le carte e che ha gli occhi di ghiaccio.  Ma credo che se la mia solita recita inizier\u00e0 a stancarmi, ne prender\u00f2 uno e lo indosser\u00f2.  Preferisco essere ricco che figo.<\/li>\n<\/ol>\n<h3>Compiti a casa<\/h3>\n<p>Ecco le risposte per il compito della settimana scorsa.<\/p>\n<p>Calcolare il vantaggio iniziale del casin\u00f2 per i seguenti giochi:<\/p>\n<ul>\n<li>Mazzo singolo, raddoppio solo di 10 o 11, il banco batte A-6. <b>Risposta: .33%<\/b><\/li>\n<li>Sei mazzi, raddoppio su tutte le prime due carte, il banco sta su A-6, coppie resplit, inclusi gli Assi, raddoppio dopo lo split consentito. <b>Risposta: .33%<\/b><\/li>\n<li>Due mazzi, raddoppio su tutte le prime due carte, nessun resplit di coppie, nessun raddoppio dopo lo split, il dealer sta su A-6, late surrender.<b> Risposta: .30% (non ho specificato se il banco sta o colpisce su A-6; questa cifra si riferisce a una partita in cui sta).<\/b><\/li>\n<\/ul>","protected":false},"excerpt":{"rendered":"<p>What Are Casino Playing Tactics? It&#8217;s a sad fact of life that casino personnel, especially floor supervisors and pit bosses do not like card counters playing at their Blackjack games. They know the game can be beaten by a skilled player, so depending upon how deep their paranoia runs, their reaction to a player who [&hellip;]<\/p>\n","protected":false},"author":2,"featured_media":0,"parent":634,"menu_order":0,"comment_status":"open","ping_status":"open","template":"page-blackjack-school.php","meta":{"_acf_changed":false,"footnotes":""},"tags":[],"class_list":["post-731","page","type-page","status-publish","hentry"],"acf":[],"yoast_head":"<!-- This site is optimized with the Yoast SEO plugin v26.6 - https:\/\/yoast.com\/wordpress\/plugins\/seo\/ -->\n<title>Blackjack School \u1408 Lesson 12 - Casino Playing Tactics<\/title>\n<meta name=\"description\" content=\"Lesson 12 in the GameMaster&#039;s Free Blackjack School - How to behave in the casino to stay welcome.\" \/>\n<meta name=\"robots\" content=\"index, follow, max-snippet:-1, max-image-preview:large, max-video-preview:-1\" \/>\n<link rel=\"canonical\" href=\"https:\/\/www.blackjackinfo.com\/it\/scuola-di-blackjack\/lezione-12-tattiche-di-gioco-al-casino\/\" \/>\n<meta property=\"og:locale\" content=\"it_IT\" \/>\n<meta property=\"og:type\" content=\"article\" \/>\n<meta property=\"og:title\" content=\"Blackjack School \u1408 Lesson 12 - Casino Playing Tactics\" \/>\n<meta property=\"og:description\" content=\"Lesson 12 in the GameMaster&#039;s Free Blackjack School - How to behave in the casino to stay welcome.\" \/>\n<meta property=\"og:url\" content=\"https:\/\/www.blackjackinfo.com\/it\/scuola-di-blackjack\/lezione-12-tattiche-di-gioco-al-casino\/\" \/>\n<meta property=\"og:site_name\" content=\"BlackjackInfo.com\" \/>\n<meta property=\"article:modified_time\" content=\"2020-02-18T23:57:34+00:00\" \/>\n<meta name=\"twitter:label1\" content=\"Tempo di lettura stimato\" \/>\n\t<meta name=\"twitter:data1\" content=\"6 minuti\" \/>\n<script type=\"application\/ld+json\" class=\"yoast-schema-graph\">{\"@context\":\"https:\/\/schema.org\",\"@graph\":[{\"@type\":\"WebPage\",\"@id\":\"https:\/\/www.blackjackinfo.com\/blackjack-school\/lesson-12-casino-playing-tactics\/\",\"url\":\"https:\/\/www.blackjackinfo.com\/blackjack-school\/lesson-12-casino-playing-tactics\/\",\"name\":\"Blackjack School \u1408 Lesson 12 - Casino Playing Tactics\",\"isPartOf\":{\"@id\":\"https:\/\/www.blackjackinfo.com\/#website\"},\"datePublished\":\"2014-10-20T01:41:43+00:00\",\"dateModified\":\"2020-02-18T23:57:34+00:00\",\"description\":\"Lesson 12 in the GameMaster's Free Blackjack School - How to behave in the casino to stay welcome.\",\"breadcrumb\":{\"@id\":\"https:\/\/www.blackjackinfo.com\/blackjack-school\/lesson-12-casino-playing-tactics\/#breadcrumb\"},\"inLanguage\":\"it-IT\",\"potentialAction\":[{\"@type\":\"ReadAction\",\"target\":[\"https:\/\/www.blackjackinfo.com\/blackjack-school\/lesson-12-casino-playing-tactics\/\"]}]},{\"@type\":\"BreadcrumbList\",\"@id\":\"https:\/\/www.blackjackinfo.com\/blackjack-school\/lesson-12-casino-playing-tactics\/#breadcrumb\",\"itemListElement\":[{\"@type\":\"ListItem\",\"position\":1,\"name\":\"Home\",\"item\":\"https:\/\/www.blackjackinfo.com\/\"},{\"@type\":\"ListItem\",\"position\":2,\"name\":\"Blackjack School &#8211; A Free 24-Lesson Class on Card Counting\",\"item\":\"https:\/\/www.blackjackinfo.com\/blackjack-school\/\"},{\"@type\":\"ListItem\",\"position\":3,\"name\":\"Lesson 12 &#8211; Casino Playing Tactics\"}]},{\"@type\":\"WebSite\",\"@id\":\"https:\/\/www.blackjackinfo.com\/#website\",\"url\":\"https:\/\/www.blackjackinfo.com\/\",\"name\":\"BlackjackInfo.com\",\"description\":\"Because Winning is More Fun!\",\"potentialAction\":[{\"@type\":\"SearchAction\",\"target\":{\"@type\":\"EntryPoint\",\"urlTemplate\":\"https:\/\/www.blackjackinfo.com\/?s={search_term_string}\"},\"query-input\":{\"@type\":\"PropertyValueSpecification\",\"valueRequired\":true,\"valueName\":\"search_term_string\"}}],\"inLanguage\":\"it-IT\"}]}<\/script>\n<!-- \/ Yoast SEO plugin. -->","yoast_head_json":{"title":"Scuola di blackjack \u1408 Lezione 12 - Tattiche di gioco al casin\u00f2","description":"Lezione 12 della Scuola gratuita di Blackjack del GameMaster - Come comportarsi al casin\u00f2 per essere benvenuti.","robots":{"index":"index","follow":"follow","max-snippet":"max-snippet:-1","max-image-preview":"max-image-preview:large","max-video-preview":"max-video-preview:-1"},"canonical":"https:\/\/www.blackjackinfo.com\/it\/scuola-di-blackjack\/lezione-12-tattiche-di-gioco-al-casino\/","og_locale":"it_IT","og_type":"article","og_title":"Blackjack School \u1408 Lesson 12 - Casino Playing Tactics","og_description":"Lesson 12 in the GameMaster's Free Blackjack School - How to behave in the casino to stay welcome.","og_url":"https:\/\/www.blackjackinfo.com\/it\/scuola-di-blackjack\/lezione-12-tattiche-di-gioco-al-casino\/","og_site_name":"BlackjackInfo.com","article_modified_time":"2020-02-18T23:57:34+00:00","twitter_misc":{"Tempo di lettura stimato":"6 minuti"},"schema":{"@context":"https:\/\/schema.org","@graph":[{"@type":"WebPage","@id":"https:\/\/www.blackjackinfo.com\/blackjack-school\/lesson-12-casino-playing-tactics\/","url":"https:\/\/www.blackjackinfo.com\/blackjack-school\/lesson-12-casino-playing-tactics\/","name":"Scuola di blackjack \u1408 Lezione 12 - Tattiche di gioco al casin\u00f2","isPartOf":{"@id":"https:\/\/www.blackjackinfo.com\/#website"},"datePublished":"2014-10-20T01:41:43+00:00","dateModified":"2020-02-18T23:57:34+00:00","description":"Lezione 12 della Scuola gratuita di Blackjack del GameMaster - Come comportarsi al casin\u00f2 per essere benvenuti.","breadcrumb":{"@id":"https:\/\/www.blackjackinfo.com\/blackjack-school\/lesson-12-casino-playing-tactics\/#breadcrumb"},"inLanguage":"it-IT","potentialAction":[{"@type":"ReadAction","target":["https:\/\/www.blackjackinfo.com\/blackjack-school\/lesson-12-casino-playing-tactics\/"]}]},{"@type":"BreadcrumbList","@id":"https:\/\/www.blackjackinfo.com\/blackjack-school\/lesson-12-casino-playing-tactics\/#breadcrumb","itemListElement":[{"@type":"ListItem","position":1,"name":"Home","item":"https:\/\/www.blackjackinfo.com\/"},{"@type":"ListItem","position":2,"name":"Blackjack School &#8211; A Free 24-Lesson Class on Card Counting","item":"https:\/\/www.blackjackinfo.com\/blackjack-school\/"},{"@type":"ListItem","position":3,"name":"Lesson 12 &#8211; Casino Playing Tactics"}]},{"@type":"WebSite","@id":"https:\/\/www.blackjackinfo.com\/#website","url":"https:\/\/www.blackjackinfo.com\/","name":"BlackjackInfo.com","description":"Perch\u00e9 vincere \u00e8 pi\u00f9 divertente!","potentialAction":[{"@type":"SearchAction","target":{"@type":"EntryPoint","urlTemplate":"https:\/\/www.blackjackinfo.com\/?s={search_term_string}"},"query-input":{"@type":"PropertyValueSpecification","valueRequired":true,"valueName":"search_term_string"}}],"inLanguage":"it-IT"}]}},"_links":{"self":[{"href":"https:\/\/www.blackjackinfo.com\/it\/wp-json\/wp\/v2\/pages\/731","targetHints":{"allow":["GET"]}}],"collection":[{"href":"https:\/\/www.blackjackinfo.com\/it\/wp-json\/wp\/v2\/pages"}],"about":[{"href":"https:\/\/www.blackjackinfo.com\/it\/wp-json\/wp\/v2\/types\/page"}],"author":[{"embeddable":true,"href":"https:\/\/www.blackjackinfo.com\/it\/wp-json\/wp\/v2\/users\/2"}],"replies":[{"embeddable":true,"href":"https:\/\/www.blackjackinfo.com\/it\/wp-json\/wp\/v2\/comments?post=731"}],"version-history":[{"count":3,"href":"https:\/\/www.blackjackinfo.com\/it\/wp-json\/wp\/v2\/pages\/731\/revisions"}],"predecessor-version":[{"id":5462,"href":"https:\/\/www.blackjackinfo.com\/it\/wp-json\/wp\/v2\/pages\/731\/revisions\/5462"}],"up":[{"embeddable":true,"href":"https:\/\/www.blackjackinfo.com\/it\/wp-json\/wp\/v2\/pages\/634"}],"wp:attachment":[{"href":"https:\/\/www.blackjackinfo.com\/it\/wp-json\/wp\/v2\/media?parent=731"}],"wp:term":[{"taxonomy":"post_tag","embeddable":true,"href":"https:\/\/www.blackjackinfo.com\/it\/wp-json\/wp\/v2\/tags?post=731"}],"curies":[{"name":"wp","href":"https:\/\/api.w.org\/{rel}","templated":true}]}}