{"id":733,"date":"2014-10-19T20:46:28","date_gmt":"2014-10-20T01:46:28","guid":{"rendered":"http:\/\/test.blackjackinfo.com\/?page_id=733"},"modified":"2020-02-18T17:57:47","modified_gmt":"2020-02-18T23:57:47","slug":"lezione-13-corso-avanzato-parte-1","status":"publish","type":"page","link":"https:\/\/www.blackjackinfo.com\/it\/blackjack-school\/lesson-13-advanced-course-part-1\/","title":{"rendered":"Lezione 13 - Il corso avanzato - Parte 1"},"content":{"rendered":"<p class=\"intro\">\n<b>Il mezzo pi\u00f9 potente (legale) per superare il vantaggio del casin\u00f2 nel Blackjack \u00e8 quello di variare le puntate in base al conteggio reale.<\/b>  Ulteriori guadagni da .2 a .3% sono disponibili per coloro che variano il gioco delle mani in base al conteggio reale.  Senza dubbio vi sar\u00e0 capitato di trovarvi in situazioni in cui il conteggio era altissimo e sapevate che colpire quel 12 contro il 3 del banco vi avrebbe fatto ottenere una carta scoperta.  Esiste un punto, misurato in base al conteggio reale, in cui stare con un 12 contro un 3 \u00e8 pi\u00f9 redditizio che colpire.  Questa \u00e8 chiamata \"variazione della strategia di base\" e in questa serie ne imparerete molte.<\/p>\n<h3>Variazioni della strategia di base<\/h3>\n<p><b>La modifica del gioco della mano in base al conteggio reale si verificher\u00e0 circa il 10% delle volte.  Se il conteggio dovesse diminuire, raddoppierete meno, colpirete di pi\u00f9 le mani \"rigide\" e dividerete le coppie meno spesso.<\/b>  Man mano che il conteggio aumenta, raddoppierete pi\u00f9 spesso, colpirete meno le coppie e dividerete di pi\u00f9 le coppie.  Per ogni giocata di strategia di base, esiste una sola variante.  Ad esempio, la variante per la mano 10, 6 contro 10 consiste nello stare in piedi invece di colpire; non raddoppierete mai e ovviamente non potrete dividere.  Un altro esempio \u00e8 il 5,4 contro il 2. La strategia di base dice di colpire.  La strategia di base dice di colpire, ma se il conteggio \u00e8 abbastanza alto, raddoppiereste questa mano.  Un buon esempio sul lato negativo \u00e8 A-2 contro 5; la strategia di base dice di raddoppiare, ma se il conteggio \u00e8 inferiore a 0, dovreste semplicemente colpire.  Il modo pi\u00f9 semplice per ricordare una cosa del genere \u00e8 \"Raddoppia Asso-2 contro 5 a 0 o pi\u00f9\".  Scomposto nella \"stenografia\" di una flashcard, \u00e8 A-2 contro 5 = 0. (S\u00ec, torneremo ai nostri vecchi amici, le flashcard).<\/p>\n<h3>Il potere delle variazioni della strategia di base<\/h3>\n<p><b>Il valore di una variazione \u00e8 determinato dalla frequenza con cui verr\u00e0 utilizzata in media. <\/b> Se giocate 100.000 mani di Blackjack all'anno (circa 20 ore a settimana, tutto l'anno), potete aspettarvi di vedere una mano di 16 contro 10 circa 3500 volte (3,5%).  Questa \u00e8 in effetti la situazione non assicurativa numero 1.  Ogni variazione in questo caso ha un valore considerevole, semplicemente perch\u00e9 la userete relativamente spesso.  Al contrario, riceverete 9,9 contro 2 solo 43 volte in quel campione di 100.000 mani, quindi la variazione in questo caso \u00e8 di scarso valore, perch\u00e9 la userete raramente.  La frequenza delle mani ci permette di dare priorit\u00e0 all'apprendimento delle varianti della strategia di base.<\/p>\n<p><b>Una delle variazioni pi\u00f9 importanti rispetto alla strategia di base \u00e8 la scommessa assicurativa.<\/b>  Poich\u00e9 il banco mostrer\u00e0 un Asso come carta scoperta circa 7,5% delle volte, \u00e8 molto importante sapere quando \u00e8 vantaggioso assicurarsi.  Se si gioca in una partita a sei mazzi, l'assicurazione \u00e8 conveniente quando il conteggio reale \u00e8 3 o superiore.  A quel punto dovreste sempre fare la puntata di assicurazione, indipendentemente dalle carte che avete in mano, poich\u00e9 non ha alcuna relazione con la vostra mano.  Il sistema di conteggio High\/Low ha un'\"efficienza assicurativa\" di 80%, il che significa che 8 volte su 10 farete la cosa giusta quando farete una puntata assicurativa basata sul conteggio vero.<\/p>\n<p>Come ho detto prima, <b>Un valore considerevole si ottiene imparando le varianti che prevedono mani iniziali di 12-16 contro qualsiasi carta scoperta, poich\u00e9 sono le mani che si vedono pi\u00f9 spesso.<\/b>.  Infatti, ben 54% di tutte le mani saranno 'rigide' a un certo punto del gioco.  Questo \u00e8 un buon punto per fare un'osservazione importante: le variazioni della strategia di base si applicano non solo alle mani iniziali, ma anche a quelle composte da 3 o pi\u00f9 carte.   Dovrete stare su A, 2, 10, 3 contro 10 se il conteggio \u00e8 0 o superiore, cos\u00ec come su una mano di 10, 6. Il raddoppio (o il non raddoppio) \u00e8 il prossimo in importanza e lo splittare\/non splittare le coppie \u00e8 il meno importante.<br \/>\n<div class=\"row\" style=\"margin-bottom:20px\">\n    <div class=\"col-sm-12\">\n                <h2>I migliori casin\u00f2 online degli Stati Uniti <span\n                class=\"flag-icon flag-icon-us\"><\/span><\/h2>\n\n        \n                \n        <div class=\"ranking-table text-center\">\n            <div class=\"row flex ad-row\">\n                <div class=\"col-sm-3\">\n                    <div class=\"row flex\">\n\n                        <div class=\"col-sm-3\">\n                            <div class=\"ranking-number text-center\">\n\n                                1                                \n                            <\/div>\n                        <\/div>\n                        <div class=\"col-sm-9\">\n                            <img decoding=\"async\" src=\"https:\/\/www.blackjackinfo.com\/files\/bovada.png\" data-no-auto-translation=\"\">\n                        <\/div>\n                    <\/div>\n                <\/div>\n                <div class=\"col-sm-4\">\n                    <div class=\"bonus-text text-center\"><span class=\"red\">100% fino a $1.000<\/span><\/div>\n\t\t\t\t\t\n\n                <\/div>\n                <div class=\"col-sm-2\">\n                    <a class=\"btn btn-wire\" href=\"\/it\/casino\/bovada\/\">Recensione<\/a>\n\n                <\/div>\n                <div class=\"col-sm-3\">\n                    <a rel=\"nofollow\" target=\"_blank\" class=\"btn btn-blue\" href=\"\/goto\/goto\/\">Giocare\n                        Ora<\/a>\n\t\t\t\t\t\t\n\n                <\/div>\n            <\/div>\n        <\/div>\n\n\n\n        \n                \n        <div class=\"ranking-table text-center\">\n            <div class=\"row flex ad-row\">\n                <div class=\"col-sm-3\">\n                    <div class=\"row flex\">\n\n                        <div class=\"col-sm-3\">\n                            <div class=\"ranking-number text-center\">\n\n                                2                                \n                            <\/div>\n                        <\/div>\n                        <div class=\"col-sm-9\">\n                            <img decoding=\"async\" src=\"https:\/\/www.blackjackinfo.com\/files\/ignition-casino-logo.png\" data-no-auto-translation=\"\">\n                        <\/div>\n                    <\/div>\n                <\/div>\n                <div class=\"col-sm-4\">\n                    <div class=\"bonus-text text-center\"><span class=\"red\">100% fino a $1.000<\/span><\/div>\n\t\t\t\t\t\n\n                <\/div>\n                <div class=\"col-sm-2\">\n                    <a class=\"btn btn-wire\" href=\"\/it\/casino\/ignition-casino\/\">Recensione<\/a>\n\n                <\/div>\n                <div class=\"col-sm-3\">\n                    <a rel=\"nofollow\" target=\"_blank\" class=\"btn btn-blue\" href=\"\/goto\/goto\/\">Giocare\n                        Ora<\/a>\n\t\t\t\t\t\t\n\n                <\/div>\n            <\/div>\n        <\/div>\n\n\n\n        \n                \n        <div class=\"ranking-table text-center\">\n            <div class=\"row flex ad-row\">\n                <div class=\"col-sm-3\">\n                    <div class=\"row flex\">\n\n                        <div class=\"col-sm-3\">\n                            <div class=\"ranking-number text-center\">\n\n                                3                                \n                            <\/div>\n                        <\/div>\n                        <div class=\"col-sm-9\">\n                            <img decoding=\"async\" src=\"https:\/\/www.blackjackinfo.com\/files\/VipSlots-500x250_dark.svg\" data-no-auto-translation=\"\">\n                        <\/div>\n                    <\/div>\n                <\/div>\n                <div class=\"col-sm-4\">\n                    <div class=\"bonus-text text-center\"><span class=\"red\">100 SPIN GRATUITI su Vita segreta dei gatti<\/span><\/div>\n\t\t\t\t\t\n\n                <\/div>\n                <div class=\"col-sm-2\">\n                    <a class=\"btn btn-wire\" href=\"\/it\/casino\/vipslots-casino\/\">Recensione<\/a>\n\n                <\/div>\n                <div class=\"col-sm-3\">\n                    <a rel=\"nofollow\" target=\"_blank\" class=\"btn btn-blue\" href=\"\/goto\/goto\/\">Giocare\n                        Ora<\/a>\n\t\t\t\t\t\t\n\n                <\/div>\n            <\/div>\n        <\/div>\n\n\n\n        \n                \n        <div class=\"ranking-table text-center\">\n            <div class=\"row flex ad-row\">\n                <div class=\"col-sm-3\">\n                    <div class=\"row flex\">\n\n                        <div class=\"col-sm-3\">\n                            <div class=\"ranking-number text-center\">\n\n                                4                                \n                            <\/div>\n                        <\/div>\n                        <div class=\"col-sm-9\">\n                            <img decoding=\"async\" src=\"https:\/\/www.blackjackinfo.com\/files\/vegas_casino_online.png\" data-no-auto-translation=\"\">\n                        <\/div>\n                    <\/div>\n                <\/div>\n                <div class=\"col-sm-4\">\n                    <div class=\"bonus-text text-center\"><span class=\"red\">300% fino a $3.000<\/span><\/div>\n\t\t\t\t\t\n\n                <\/div>\n                <div class=\"col-sm-2\">\n                    <a class=\"btn btn-wire\" href=\"\/it\/casino\/vegas-casino-online-2\/\">Recensione<\/a>\n\n                <\/div>\n                <div class=\"col-sm-3\">\n                    <a rel=\"nofollow\" target=\"_blank\" class=\"btn btn-blue\" href=\"\/goto\/goto\/\">Giocare\n                        Ora<\/a>\n\t\t\t\t\t\t\n\n                <\/div>\n            <\/div>\n        <\/div>\n\n\n\n        \n                \n        <div class=\"ranking-table text-center\">\n            <div class=\"row flex ad-row\">\n                <div class=\"col-sm-3\">\n                    <div class=\"row flex\">\n\n                        <div class=\"col-sm-3\">\n                            <div class=\"ranking-number text-center\">\n\n                                5                                \n                            <\/div>\n                        <\/div>\n                        <div class=\"col-sm-9\">\n                            <img decoding=\"async\" src=\"https:\/\/www.blackjackinfo.com\/files\/cafe-casino-logo.svg\" data-no-auto-translation=\"\">\n                        <\/div>\n                    <\/div>\n                <\/div>\n                <div class=\"col-sm-4\">\n                    <div class=\"bonus-text text-center\"><span class=\"red\">250% fino a $1.500<\/span><\/div>\n\t\t\t\t\t\n\n                <\/div>\n                <div class=\"col-sm-2\">\n                    <a class=\"btn btn-wire\" href=\"\/it\/casino\/cafe-casino\/\">Recensione<\/a>\n\n                <\/div>\n                <div class=\"col-sm-3\">\n                    <a rel=\"nofollow\" target=\"_blank\" class=\"btn btn-blue\" href=\"\/goto\/goto\/\">Giocare\n                        Ora<\/a>\n\t\t\t\t\t\t\n\n                <\/div>\n            <\/div>\n        <\/div>\n\n\n\n            <\/div>\n<\/div><\/p>\n<h3>Il valore delle variazioni della strategia di base<\/h3>\n<p><b>\u00c8 sicuro che l'utilizzo di queste varianti aumenter\u00e0 le vincite di 10% nel gioco a sei mazzi. <\/b> Ma c'\u00e8 anche un importante vantaggio collaterale.  Utilizzando queste varianti, sembrerete pi\u00f9 simili a un \"giocatore d'azzardo\" al casin\u00f2.  Puntare 16 contro 10 alcune volte e rimanere in piedi altre volte \u00e8 un comportamento tipico dei giocatori d'azzardo.   Per i supervisori del casin\u00f2 che conoscono la corretta strategia di base (pochi!), vedervi raddoppiare A,7 contro 2 \u00e8 una follia, cos\u00ec come stare con 15 contro 10 \u00e8 da \"pollo\".  Eppure, tutti questi comportamenti sono - a certi livelli - corretti.<\/p>\n<p>Se giocate a un gioco a un solo mazzo, il valore delle varianti alla strategia di base sale a 25% o pi\u00f9.  Se passate un po' di tempo a questi giochi, dovete impararle.<\/p>\n<p>Nella prossima lezione, vi mostrer\u00f2 come imparare queste variazioni.<\/p>","protected":false},"excerpt":{"rendered":"<p>The most powerful (legal) means of overcoming the casino&#8217;s edge in Blackjack is to vary your bets according to the true count. Additional gains of .2 to .3% are available to those who also vary the play of their hands according to the true count. You undoubtedly have had situations where the count was sky-high [&hellip;]<\/p>\n","protected":false},"author":2,"featured_media":0,"parent":634,"menu_order":0,"comment_status":"open","ping_status":"open","template":"page-blackjack-school.php","meta":{"_acf_changed":false,"footnotes":""},"tags":[],"class_list":["post-733","page","type-page","status-publish","hentry"],"acf":[],"yoast_head":"<!-- This site is optimized with the Yoast SEO plugin v26.6 - https:\/\/yoast.com\/wordpress\/plugins\/seo\/ -->\n<title>Blackjack School \u1408 Lesson 13 - The Advanced Course - Part 1<\/title>\n<meta name=\"description\" content=\"Lesson 13 in the GameMaster&#039;s Free Blackjack School - Understanding when to deviate from basic strategy.\" \/>\n<meta name=\"robots\" content=\"index, follow, max-snippet:-1, max-image-preview:large, max-video-preview:-1\" \/>\n<link rel=\"canonical\" href=\"https:\/\/www.blackjackinfo.com\/it\/scuola-di-blackjack\/lezione-13-corso-avanzato-parte-1\/\" \/>\n<meta property=\"og:locale\" content=\"it_IT\" \/>\n<meta property=\"og:type\" content=\"article\" \/>\n<meta property=\"og:title\" content=\"Blackjack School \u1408 Lesson 13 - The Advanced Course - Part 1\" \/>\n<meta property=\"og:description\" content=\"Lesson 13 in the GameMaster&#039;s Free Blackjack School - Understanding when to deviate from basic strategy.\" \/>\n<meta property=\"og:url\" content=\"https:\/\/www.blackjackinfo.com\/it\/scuola-di-blackjack\/lezione-13-corso-avanzato-parte-1\/\" \/>\n<meta property=\"og:site_name\" content=\"BlackjackInfo.com\" \/>\n<meta property=\"article:modified_time\" content=\"2020-02-18T23:57:47+00:00\" \/>\n<meta name=\"twitter:label1\" content=\"Tempo di lettura stimato\" \/>\n\t<meta name=\"twitter:data1\" content=\"4 minuti\" \/>\n<script type=\"application\/ld+json\" class=\"yoast-schema-graph\">{\"@context\":\"https:\/\/schema.org\",\"@graph\":[{\"@type\":\"WebPage\",\"@id\":\"https:\/\/www.blackjackinfo.com\/blackjack-school\/lesson-13-advanced-course-part-1\/\",\"url\":\"https:\/\/www.blackjackinfo.com\/blackjack-school\/lesson-13-advanced-course-part-1\/\",\"name\":\"Blackjack School \u1408 Lesson 13 - The Advanced Course - Part 1\",\"isPartOf\":{\"@id\":\"https:\/\/www.blackjackinfo.com\/#website\"},\"datePublished\":\"2014-10-20T01:46:28+00:00\",\"dateModified\":\"2020-02-18T23:57:47+00:00\",\"description\":\"Lesson 13 in the GameMaster's Free Blackjack School - Understanding when to deviate from basic strategy.\",\"breadcrumb\":{\"@id\":\"https:\/\/www.blackjackinfo.com\/blackjack-school\/lesson-13-advanced-course-part-1\/#breadcrumb\"},\"inLanguage\":\"it-IT\",\"potentialAction\":[{\"@type\":\"ReadAction\",\"target\":[\"https:\/\/www.blackjackinfo.com\/blackjack-school\/lesson-13-advanced-course-part-1\/\"]}]},{\"@type\":\"BreadcrumbList\",\"@id\":\"https:\/\/www.blackjackinfo.com\/blackjack-school\/lesson-13-advanced-course-part-1\/#breadcrumb\",\"itemListElement\":[{\"@type\":\"ListItem\",\"position\":1,\"name\":\"Home\",\"item\":\"https:\/\/www.blackjackinfo.com\/\"},{\"@type\":\"ListItem\",\"position\":2,\"name\":\"Blackjack School &#8211; A Free 24-Lesson Class on Card Counting\",\"item\":\"https:\/\/www.blackjackinfo.com\/blackjack-school\/\"},{\"@type\":\"ListItem\",\"position\":3,\"name\":\"Lesson 13 &#8211; The Advanced Course &#8211; Part 1\"}]},{\"@type\":\"WebSite\",\"@id\":\"https:\/\/www.blackjackinfo.com\/#website\",\"url\":\"https:\/\/www.blackjackinfo.com\/\",\"name\":\"BlackjackInfo.com\",\"description\":\"Because Winning is More Fun!\",\"potentialAction\":[{\"@type\":\"SearchAction\",\"target\":{\"@type\":\"EntryPoint\",\"urlTemplate\":\"https:\/\/www.blackjackinfo.com\/?s={search_term_string}\"},\"query-input\":{\"@type\":\"PropertyValueSpecification\",\"valueRequired\":true,\"valueName\":\"search_term_string\"}}],\"inLanguage\":\"it-IT\"}]}<\/script>\n<!-- \/ Yoast SEO plugin. -->","yoast_head_json":{"title":"Scuola di Blackjack \u1408 Lezione 13 - Il corso avanzato - Parte 1","description":"Lezione 13 della GameMaster's Free Blackjack School - Capire quando deviare dalla strategia di base.","robots":{"index":"index","follow":"follow","max-snippet":"max-snippet:-1","max-image-preview":"max-image-preview:large","max-video-preview":"max-video-preview:-1"},"canonical":"https:\/\/www.blackjackinfo.com\/it\/scuola-di-blackjack\/lezione-13-corso-avanzato-parte-1\/","og_locale":"it_IT","og_type":"article","og_title":"Blackjack School \u1408 Lesson 13 - The Advanced Course - Part 1","og_description":"Lesson 13 in the GameMaster's Free Blackjack School - Understanding when to deviate from basic strategy.","og_url":"https:\/\/www.blackjackinfo.com\/it\/scuola-di-blackjack\/lezione-13-corso-avanzato-parte-1\/","og_site_name":"BlackjackInfo.com","article_modified_time":"2020-02-18T23:57:47+00:00","twitter_misc":{"Tempo di lettura stimato":"4 minuti"},"schema":{"@context":"https:\/\/schema.org","@graph":[{"@type":"WebPage","@id":"https:\/\/www.blackjackinfo.com\/blackjack-school\/lesson-13-advanced-course-part-1\/","url":"https:\/\/www.blackjackinfo.com\/blackjack-school\/lesson-13-advanced-course-part-1\/","name":"Scuola di Blackjack \u1408 Lezione 13 - Il corso avanzato - Parte 1","isPartOf":{"@id":"https:\/\/www.blackjackinfo.com\/#website"},"datePublished":"2014-10-20T01:46:28+00:00","dateModified":"2020-02-18T23:57:47+00:00","description":"Lezione 13 della GameMaster's Free Blackjack School - Capire quando deviare dalla strategia di base.","breadcrumb":{"@id":"https:\/\/www.blackjackinfo.com\/blackjack-school\/lesson-13-advanced-course-part-1\/#breadcrumb"},"inLanguage":"it-IT","potentialAction":[{"@type":"ReadAction","target":["https:\/\/www.blackjackinfo.com\/blackjack-school\/lesson-13-advanced-course-part-1\/"]}]},{"@type":"BreadcrumbList","@id":"https:\/\/www.blackjackinfo.com\/blackjack-school\/lesson-13-advanced-course-part-1\/#breadcrumb","itemListElement":[{"@type":"ListItem","position":1,"name":"Home","item":"https:\/\/www.blackjackinfo.com\/"},{"@type":"ListItem","position":2,"name":"Blackjack School &#8211; A Free 24-Lesson Class on Card Counting","item":"https:\/\/www.blackjackinfo.com\/blackjack-school\/"},{"@type":"ListItem","position":3,"name":"Lesson 13 &#8211; The Advanced Course &#8211; Part 1"}]},{"@type":"WebSite","@id":"https:\/\/www.blackjackinfo.com\/#website","url":"https:\/\/www.blackjackinfo.com\/","name":"BlackjackInfo.com","description":"Perch\u00e9 vincere \u00e8 pi\u00f9 divertente!","potentialAction":[{"@type":"SearchAction","target":{"@type":"EntryPoint","urlTemplate":"https:\/\/www.blackjackinfo.com\/?s={search_term_string}"},"query-input":{"@type":"PropertyValueSpecification","valueRequired":true,"valueName":"search_term_string"}}],"inLanguage":"it-IT"}]}},"_links":{"self":[{"href":"https:\/\/www.blackjackinfo.com\/it\/wp-json\/wp\/v2\/pages\/733","targetHints":{"allow":["GET"]}}],"collection":[{"href":"https:\/\/www.blackjackinfo.com\/it\/wp-json\/wp\/v2\/pages"}],"about":[{"href":"https:\/\/www.blackjackinfo.com\/it\/wp-json\/wp\/v2\/types\/page"}],"author":[{"embeddable":true,"href":"https:\/\/www.blackjackinfo.com\/it\/wp-json\/wp\/v2\/users\/2"}],"replies":[{"embeddable":true,"href":"https:\/\/www.blackjackinfo.com\/it\/wp-json\/wp\/v2\/comments?post=733"}],"version-history":[{"count":3,"href":"https:\/\/www.blackjackinfo.com\/it\/wp-json\/wp\/v2\/pages\/733\/revisions"}],"predecessor-version":[{"id":5463,"href":"https:\/\/www.blackjackinfo.com\/it\/wp-json\/wp\/v2\/pages\/733\/revisions\/5463"}],"up":[{"embeddable":true,"href":"https:\/\/www.blackjackinfo.com\/it\/wp-json\/wp\/v2\/pages\/634"}],"wp:attachment":[{"href":"https:\/\/www.blackjackinfo.com\/it\/wp-json\/wp\/v2\/media?parent=733"}],"wp:term":[{"taxonomy":"post_tag","embeddable":true,"href":"https:\/\/www.blackjackinfo.com\/it\/wp-json\/wp\/v2\/tags?post=733"}],"curies":[{"name":"wp","href":"https:\/\/api.w.org\/{rel}","templated":true}]}}