{"id":735,"date":"2014-10-19T20:50:58","date_gmt":"2014-10-20T01:50:58","guid":{"rendered":"http:\/\/test.blackjackinfo.com\/?page_id=735"},"modified":"2020-02-18T17:58:06","modified_gmt":"2020-02-18T23:58:06","slug":"lezione-14-corso-avanzato-parte-2","status":"publish","type":"page","link":"https:\/\/www.blackjackinfo.com\/it\/blackjack-school\/lesson-14-advanced-course-part-2\/","title":{"rendered":"Lezione 14 - Il corso avanzato - Parte 2"},"content":{"rendered":"<h3>Variazioni della strategia di base: Colpire o stare?<\/h3>\n<p><b>La decisione pi\u00f9 comune che ogni giocatore prende al Blackjack \u00e8 se colpire o stare, di conseguenza questa sar\u00e0 la variazione di strategia di base pi\u00f9 comune e dovreste imparare tutte quelle importanti.<\/b>  Il primo \u00e8 con una mano di 16 contro una carta scoperta del dealer di 10.  Dovreste stare se il conteggio \u00e8 pari o superiore a 0 e colpire se \u00e8 inferiore a 0. Ci\u00f2 significa che se il conteggio corrente \u00e8 pari o superiore a 0, state.  Poich\u00e9 il numero \"decisionale\" \u00e8 0, non \u00e8 necessario calcolare il vero conteggio: in questa situazione \u00e8 sufficiente il conteggio corrente.  Non bisogna confondersi.  Quasi tutte le varianti della strategia di base si basano sul conteggio reale, ma per quelle in cui il numero di decisione \u00e8 0, \u00e8 sufficiente il conteggio corrente.<\/p>\n<p>La mano successiva pi\u00f9 importante \u00e8 il 15 contro il 10 del banco.  Il numero decisivo \u00e8 un vero e proprio conteggio di 4, se state giocando a un gioco di quattro o pi\u00f9 mazzi.  Questa variante e le altre possono essere facilmente apprese se si crea un set di flashcard.  Non \u00e8 necessario che siano sofisticate o fantasiose, basta che siano precise.  Tagliate dei quadrati da 2\u2032\" da cartelle di manila e andranno benissimo.  Una tipica flashcard dovrebbe avere questo aspetto<\/p>\n<div class=\"text-center\">\n<img loading=\"lazy\" decoding=\"async\" src=\"\/files\/Blackjack-School\/flashcard1.jpg\" width=\"144\" height=\"144\" alt=\"Flash Card 1\" data-no-auto-translation=\"\"><\/div>\n<p>Se immaginate il 10 e il 16 posizionati sulla linea centrale di un quadrato di 2\u2033 X 2\u2033, lo 0 \u00e8 sfalsato in modo che il pollice sinistro copra il numero.  Man mano che si procede con la pila, recitare \"sedici contro 10, stare a zero\" (o pi\u00f9 in alto).  Per una mano di 15 contro 10, una carta avr\u00e0 il seguente aspetto<\/p>\n<div class=\"text-center\">\n<img loading=\"lazy\" decoding=\"async\" src=\"\/files\/Blackjack-School\/flashcard2.jpg\" width=\"144\" height=\"144\" alt=\"Flash Card 2\" data-no-auto-translation=\"\"><\/div>\n<p>Quando si arriva a questa carta, si recita \"15 contro 10; stare a 4\".<\/p>\n<p>Con il passare del tempo, non avrete bisogno di ricordare a voi stessi che dovreste stare con il 15 contro il 10, quindi reciterete \"15 contro 10 fa 4\".<\/p>\n<p>Hai capito l'idea?<\/p>\n<div class=\"row\" style=\"margin-bottom:20px\">\n    <div class=\"col-sm-12\">\n                <h2>I migliori casin\u00f2 online degli Stati Uniti <span\n                class=\"flag-icon flag-icon-us\"><\/span><\/h2>\n\n        \n                \n        <div class=\"ranking-table text-center\">\n            <div class=\"row flex ad-row\">\n                <div class=\"col-sm-3\">\n                    <div class=\"row flex\">\n\n                        <div class=\"col-sm-3\">\n                            <div class=\"ranking-number text-center\">\n\n                                1                                \n                            <\/div>\n                        <\/div>\n                        <div class=\"col-sm-9\">\n                            <img decoding=\"async\" src=\"https:\/\/www.blackjackinfo.com\/files\/bovada.png\" data-no-auto-translation=\"\">\n                        <\/div>\n                    <\/div>\n                <\/div>\n                <div class=\"col-sm-4\">\n                    <div class=\"bonus-text text-center\"><span class=\"red\">100% fino a $1.000<\/span><\/div>\n\t\t\t\t\t\n\n                <\/div>\n                <div class=\"col-sm-2\">\n                    <a class=\"btn btn-wire\" href=\"\/it\/casino\/bovada\/\">Recensione<\/a>\n\n                <\/div>\n                <div class=\"col-sm-3\">\n                    <a rel=\"nofollow\" target=\"_blank\" class=\"btn btn-blue\" href=\"\/goto\/goto\/\">Giocare\n                        Ora<\/a>\n\t\t\t\t\t\t\n\n                <\/div>\n            <\/div>\n        <\/div>\n\n\n\n        \n                \n        <div class=\"ranking-table text-center\">\n            <div class=\"row flex ad-row\">\n                <div class=\"col-sm-3\">\n                    <div class=\"row flex\">\n\n                        <div class=\"col-sm-3\">\n                            <div class=\"ranking-number text-center\">\n\n                                2                                \n                            <\/div>\n                        <\/div>\n                        <div class=\"col-sm-9\">\n                            <img decoding=\"async\" src=\"https:\/\/www.blackjackinfo.com\/files\/ignition-casino-logo.png\" data-no-auto-translation=\"\">\n                        <\/div>\n                    <\/div>\n                <\/div>\n                <div class=\"col-sm-4\">\n                    <div class=\"bonus-text text-center\"><span class=\"red\">100% fino a $1.000<\/span><\/div>\n\t\t\t\t\t\n\n                <\/div>\n                <div class=\"col-sm-2\">\n                    <a class=\"btn btn-wire\" href=\"\/it\/casino\/ignition-casino\/\">Recensione<\/a>\n\n                <\/div>\n                <div class=\"col-sm-3\">\n                    <a rel=\"nofollow\" target=\"_blank\" class=\"btn btn-blue\" href=\"\/goto\/goto\/\">Giocare\n                        Ora<\/a>\n\t\t\t\t\t\t\n\n                <\/div>\n            <\/div>\n        <\/div>\n\n\n\n        \n                \n        <div class=\"ranking-table text-center\">\n            <div class=\"row flex ad-row\">\n                <div class=\"col-sm-3\">\n                    <div class=\"row flex\">\n\n                        <div class=\"col-sm-3\">\n                            <div class=\"ranking-number text-center\">\n\n                                3                                \n                            <\/div>\n                        <\/div>\n                        <div class=\"col-sm-9\">\n                            <img decoding=\"async\" src=\"https:\/\/www.blackjackinfo.com\/files\/VipSlots-500x250_dark.svg\" data-no-auto-translation=\"\">\n                        <\/div>\n                    <\/div>\n                <\/div>\n                <div class=\"col-sm-4\">\n                    <div class=\"bonus-text text-center\"><span class=\"red\">100 SPIN GRATUITI su Vita segreta dei gatti<\/span><\/div>\n\t\t\t\t\t\n\n                <\/div>\n                <div class=\"col-sm-2\">\n                    <a class=\"btn btn-wire\" href=\"\/it\/casino\/vipslots-casino\/\">Recensione<\/a>\n\n                <\/div>\n                <div class=\"col-sm-3\">\n                    <a rel=\"nofollow\" target=\"_blank\" class=\"btn btn-blue\" href=\"\/goto\/goto\/\">Giocare\n                        Ora<\/a>\n\t\t\t\t\t\t\n\n                <\/div>\n            <\/div>\n        <\/div>\n\n\n\n        \n                \n        <div class=\"ranking-table text-center\">\n            <div class=\"row flex ad-row\">\n                <div class=\"col-sm-3\">\n                    <div class=\"row flex\">\n\n                        <div class=\"col-sm-3\">\n                            <div class=\"ranking-number text-center\">\n\n                                4                                \n                            <\/div>\n                        <\/div>\n                        <div class=\"col-sm-9\">\n                            <img decoding=\"async\" src=\"https:\/\/www.blackjackinfo.com\/files\/vegas_casino_online.png\" data-no-auto-translation=\"\">\n                        <\/div>\n                    <\/div>\n                <\/div>\n                <div class=\"col-sm-4\">\n                    <div class=\"bonus-text text-center\"><span class=\"red\">300% fino a $3.000<\/span><\/div>\n\t\t\t\t\t\n\n                <\/div>\n                <div class=\"col-sm-2\">\n                    <a class=\"btn btn-wire\" href=\"\/it\/casino\/vegas-casino-online-2\/\">Recensione<\/a>\n\n                <\/div>\n                <div class=\"col-sm-3\">\n                    <a rel=\"nofollow\" target=\"_blank\" class=\"btn btn-blue\" href=\"\/goto\/goto\/\">Giocare\n                        Ora<\/a>\n\t\t\t\t\t\t\n\n                <\/div>\n            <\/div>\n        <\/div>\n\n\n\n        \n                \n        <div class=\"ranking-table text-center\">\n            <div class=\"row flex ad-row\">\n                <div class=\"col-sm-3\">\n                    <div class=\"row flex\">\n\n                        <div class=\"col-sm-3\">\n                            <div class=\"ranking-number text-center\">\n\n                                5                                \n                            <\/div>\n                        <\/div>\n                        <div class=\"col-sm-9\">\n                            <img decoding=\"async\" src=\"https:\/\/www.blackjackinfo.com\/files\/cafe-casino-logo.svg\" data-no-auto-translation=\"\">\n                        <\/div>\n                    <\/div>\n                <\/div>\n                <div class=\"col-sm-4\">\n                    <div class=\"bonus-text text-center\"><span class=\"red\">250% fino a $1.500<\/span><\/div>\n\t\t\t\t\t\n\n                <\/div>\n                <div class=\"col-sm-2\">\n                    <a class=\"btn btn-wire\" href=\"\/it\/casino\/cafe-casino\/\">Recensione<\/a>\n\n                <\/div>\n                <div class=\"col-sm-3\">\n                    <a rel=\"nofollow\" target=\"_blank\" class=\"btn btn-blue\" href=\"\/goto\/goto\/\">Giocare\n                        Ora<\/a>\n\t\t\t\t\t\t\n\n                <\/div>\n            <\/div>\n        <\/div>\n\n\n\n            <\/div>\n<\/div>\n<p><b>Ecco i numeri che dovrete imparare.<\/b>  Questi numeri possono variare un po' rispetto a quelli pubblicati in libri come \"Professional Blackjack\" di Stanford Wong, perch\u00e9 quelli che uso io sono specifici per un gioco a sei mazzi in cui il banco sta su A-6 e alcuni sono stati modificati in base alla teoria del gioco \"avverso al rischio\", sviluppata circa 15 anni fa.  Questi numeri funzionano bene; sono stati dimostrati in migliaia di ore di gioco effettivo al casin\u00f2 da me e dai miei studenti.  Tuttavia, non usateli per i giochi a un solo mazzo. Il gioco a singolo mazzo richiede numeri diversi e sar\u00e0 trattato in una lezione futura.<\/p>\n<div class=\"bji-note\">\nNota dell'editore di BlackjackInfo.com:<\/p>\n<p>Ci sono leggere differenze tra i numeri dell'indice del GameMaster pubblicati qui e quelli ottimizzati su BlackjackInfo. <a href=\"http:\/\/www.amazon.com\/dp\/0982119178\/?tag=theblackjacbasic\">Carte strategiche avanzate per il blackjack<\/a>.<\/p>\n<p>Queste differenze sono solitamente dovute all'uso di calcoli avversi al rischio da parte del GameMaster.  Ritengo che per la maggior parte dei giocatori (che non stanno giocando vicino alla massima frazione di Kelly del loro bankroll), gli indici diretti siano preferibili a quelli corretti per il rischio. In tutti i casi in cui gli indici avversi al rischio differiscono dagli indici semplici, anche di diversi punti, le decisioni sono abbastanza vicine e l'effetto della scelta di uno stile di indice rispetto a un altro \u00e8 minimo.<\/p>\n<\/div>\n<hr>\n<p class=\"text-center\">\n<b>Variazioni della strategia di base: 6 mazzi, il mazziere sta su A-6<\/b><\/p>\n<div class=\"row\">\n<div class=\"col-sm-10 col-center\">\n<div class=\"overflow-scroll\">\n<table class=\"data-table\">\n<tbody>\n<tr>\n<td>12 vs. 2<\/td>\n<td>Stand a 3 o superiore<\/td>\n<\/tr>\n<tr>\n<td>12 vs. 3<\/td>\n<td>Stand a 2 o superiore<\/td>\n<\/tr>\n<tr>\n<td>12 vs. 4<\/td>\n<td>Stand a 0 o superiore<\/td>\n<td width=\"50%\">(S\u00ec, se il conteggio in corso \u00e8 un po' meno, si colpisce 12 contro un 4. Questo fa impazzire gli altri giocatori al tavolo!!!)<\/td>\n<\/tr>\n<tr>\n<td>12 contro 5<\/td>\n<td>Posizione a -1 o superiore<\/td>\n<td>(Ci\u00f2 significa che si colpisce se il conteggio \u00e8 inferiore a -1).<\/td>\n<\/tr>\n<tr>\n<td>13 vs. 2<\/td>\n<td>Posizione a -1 o superiore<\/td>\n<\/tr>\n<tr>\n<td>14 vs. Asso<\/td>\n<td>Stand a 9 o superiore<\/td>\n<\/tr>\n<tr>\n<td>15 vs. 7<\/td>\n<td>Stand a 10 o superiore<\/td>\n<\/tr>\n<tr>\n<td>15 vs. 8<\/td>\n<td>Stand a 10 o superiore<\/td>\n<\/tr>\n<tr>\n<td>15 vs. 9<\/td>\n<td>Stand a 8 o superiore<\/td>\n<\/tr>\n<tr>\n<td>15 contro 10<\/td>\n<td>Stand a 4 o superiore<\/td>\n<\/tr>\n<tr>\n<td>15 vs. Asso<\/td>\n<td>Stand a 9 o superiore<\/td>\n<\/tr>\n<tr>\n<td>16 vs. 7<\/td>\n<td>Stand a 9 o superiore<\/td>\n<\/tr>\n<tr>\n<td>16 contro 8<\/td>\n<td>Stand a 7 o superiore<\/td>\n<\/tr>\n<tr>\n<td>16 vs. 9<\/td>\n<td>Stand a 5 o superiore<\/td>\n<\/tr>\n<tr>\n<td>16 contro 10<\/td>\n<td>Stand a 0 o superiore<\/td>\n<\/tr>\n<tr>\n<td>16 vs. Asso<\/td>\n<td>Stand a 8 o superiore<\/td>\n<\/tr>\n<\/tbody>\n<\/table>\n<\/div>\n<\/div>\n<\/div>\n<hr>\n<p>E per finire, una giocata strana: Stare con A-7 contro l'Asso a 1 o pi\u00f9.<\/p>\n<h3>Compiti a casa<\/h3>\n<p>Preparate una serie di flashcard e iniziate a imparare queste varianti.<\/p>","protected":false},"excerpt":{"rendered":"<p>Basic Strategy Variations: Hit or Stand? The most common decision any player makes at Blackjack is whether to hit or stand, consequently this will be the most common basic strategy variation and you should learn all the important ones. The first is with a hand of 16 against a dealer&#8217;s up card of 10. You [&hellip;]<\/p>\n","protected":false},"author":2,"featured_media":0,"parent":634,"menu_order":0,"comment_status":"open","ping_status":"open","template":"page-blackjack-school.php","meta":{"_acf_changed":false,"footnotes":""},"tags":[],"class_list":["post-735","page","type-page","status-publish","hentry"],"acf":[],"yoast_head":"<!-- This site is optimized with the Yoast SEO plugin v26.6 - https:\/\/yoast.com\/wordpress\/plugins\/seo\/ -->\n<title>Blackjack School \u1408 Lesson 14 - The Advanced Course - Part 2<\/title>\n<meta name=\"description\" content=\"Lesson 14 in the GameMaster&#039;s Free Blackjack School - The most important strategy variations in blackjack.\" \/>\n<meta name=\"robots\" content=\"index, follow, max-snippet:-1, max-image-preview:large, max-video-preview:-1\" \/>\n<link rel=\"canonical\" href=\"https:\/\/www.blackjackinfo.com\/it\/scuola-di-blackjack\/lezione-14-corso-avanzato-parte-2\/\" \/>\n<meta property=\"og:locale\" content=\"it_IT\" \/>\n<meta property=\"og:type\" content=\"article\" \/>\n<meta property=\"og:title\" content=\"Blackjack School \u1408 Lesson 14 - The Advanced Course - Part 2\" \/>\n<meta property=\"og:description\" content=\"Lesson 14 in the GameMaster&#039;s Free Blackjack School - The most important strategy variations in blackjack.\" \/>\n<meta property=\"og:url\" content=\"https:\/\/www.blackjackinfo.com\/it\/scuola-di-blackjack\/lezione-14-corso-avanzato-parte-2\/\" \/>\n<meta property=\"og:site_name\" content=\"BlackjackInfo.com\" \/>\n<meta property=\"article:modified_time\" content=\"2020-02-18T23:58:06+00:00\" \/>\n<meta name=\"twitter:label1\" content=\"Tempo di lettura stimato\" \/>\n\t<meta name=\"twitter:data1\" content=\"3 minuti\" \/>\n<script type=\"application\/ld+json\" class=\"yoast-schema-graph\">{\"@context\":\"https:\/\/schema.org\",\"@graph\":[{\"@type\":\"WebPage\",\"@id\":\"https:\/\/www.blackjackinfo.com\/blackjack-school\/lesson-14-advanced-course-part-2\/\",\"url\":\"https:\/\/www.blackjackinfo.com\/blackjack-school\/lesson-14-advanced-course-part-2\/\",\"name\":\"Blackjack School \u1408 Lesson 14 - The Advanced Course - Part 2\",\"isPartOf\":{\"@id\":\"https:\/\/www.blackjackinfo.com\/#website\"},\"datePublished\":\"2014-10-20T01:50:58+00:00\",\"dateModified\":\"2020-02-18T23:58:06+00:00\",\"description\":\"Lesson 14 in the GameMaster's Free Blackjack School - The most important strategy variations in blackjack.\",\"breadcrumb\":{\"@id\":\"https:\/\/www.blackjackinfo.com\/blackjack-school\/lesson-14-advanced-course-part-2\/#breadcrumb\"},\"inLanguage\":\"it-IT\",\"potentialAction\":[{\"@type\":\"ReadAction\",\"target\":[\"https:\/\/www.blackjackinfo.com\/blackjack-school\/lesson-14-advanced-course-part-2\/\"]}]},{\"@type\":\"BreadcrumbList\",\"@id\":\"https:\/\/www.blackjackinfo.com\/blackjack-school\/lesson-14-advanced-course-part-2\/#breadcrumb\",\"itemListElement\":[{\"@type\":\"ListItem\",\"position\":1,\"name\":\"Home\",\"item\":\"https:\/\/www.blackjackinfo.com\/\"},{\"@type\":\"ListItem\",\"position\":2,\"name\":\"Blackjack School &#8211; A Free 24-Lesson Class on Card Counting\",\"item\":\"https:\/\/www.blackjackinfo.com\/blackjack-school\/\"},{\"@type\":\"ListItem\",\"position\":3,\"name\":\"Lesson 14 &#8211; The Advanced Course &#8211; Part 2\"}]},{\"@type\":\"WebSite\",\"@id\":\"https:\/\/www.blackjackinfo.com\/#website\",\"url\":\"https:\/\/www.blackjackinfo.com\/\",\"name\":\"BlackjackInfo.com\",\"description\":\"Because Winning is More Fun!\",\"potentialAction\":[{\"@type\":\"SearchAction\",\"target\":{\"@type\":\"EntryPoint\",\"urlTemplate\":\"https:\/\/www.blackjackinfo.com\/?s={search_term_string}\"},\"query-input\":{\"@type\":\"PropertyValueSpecification\",\"valueRequired\":true,\"valueName\":\"search_term_string\"}}],\"inLanguage\":\"it-IT\"}]}<\/script>\n<!-- \/ Yoast SEO plugin. -->","yoast_head_json":{"title":"Scuola di Blackjack \u1408 Lezione 14 - Il corso avanzato - Parte 2","description":"Lezione 14 della GameMaster's Free Blackjack School - Le pi\u00f9 importanti variazioni di strategia nel blackjack.","robots":{"index":"index","follow":"follow","max-snippet":"max-snippet:-1","max-image-preview":"max-image-preview:large","max-video-preview":"max-video-preview:-1"},"canonical":"https:\/\/www.blackjackinfo.com\/it\/scuola-di-blackjack\/lezione-14-corso-avanzato-parte-2\/","og_locale":"it_IT","og_type":"article","og_title":"Blackjack School \u1408 Lesson 14 - The Advanced Course - Part 2","og_description":"Lesson 14 in the GameMaster's Free Blackjack School - The most important strategy variations in blackjack.","og_url":"https:\/\/www.blackjackinfo.com\/it\/scuola-di-blackjack\/lezione-14-corso-avanzato-parte-2\/","og_site_name":"BlackjackInfo.com","article_modified_time":"2020-02-18T23:58:06+00:00","twitter_misc":{"Tempo di lettura stimato":"3 minuti"},"schema":{"@context":"https:\/\/schema.org","@graph":[{"@type":"WebPage","@id":"https:\/\/www.blackjackinfo.com\/blackjack-school\/lesson-14-advanced-course-part-2\/","url":"https:\/\/www.blackjackinfo.com\/blackjack-school\/lesson-14-advanced-course-part-2\/","name":"Scuola di Blackjack \u1408 Lezione 14 - Il corso avanzato - Parte 2","isPartOf":{"@id":"https:\/\/www.blackjackinfo.com\/#website"},"datePublished":"2014-10-20T01:50:58+00:00","dateModified":"2020-02-18T23:58:06+00:00","description":"Lezione 14 della GameMaster's Free Blackjack School - Le pi\u00f9 importanti variazioni di strategia nel blackjack.","breadcrumb":{"@id":"https:\/\/www.blackjackinfo.com\/blackjack-school\/lesson-14-advanced-course-part-2\/#breadcrumb"},"inLanguage":"it-IT","potentialAction":[{"@type":"ReadAction","target":["https:\/\/www.blackjackinfo.com\/blackjack-school\/lesson-14-advanced-course-part-2\/"]}]},{"@type":"BreadcrumbList","@id":"https:\/\/www.blackjackinfo.com\/blackjack-school\/lesson-14-advanced-course-part-2\/#breadcrumb","itemListElement":[{"@type":"ListItem","position":1,"name":"Home","item":"https:\/\/www.blackjackinfo.com\/"},{"@type":"ListItem","position":2,"name":"Blackjack School &#8211; A Free 24-Lesson Class on Card Counting","item":"https:\/\/www.blackjackinfo.com\/blackjack-school\/"},{"@type":"ListItem","position":3,"name":"Lesson 14 &#8211; The Advanced Course &#8211; Part 2"}]},{"@type":"WebSite","@id":"https:\/\/www.blackjackinfo.com\/#website","url":"https:\/\/www.blackjackinfo.com\/","name":"BlackjackInfo.com","description":"Perch\u00e9 vincere \u00e8 pi\u00f9 divertente!","potentialAction":[{"@type":"SearchAction","target":{"@type":"EntryPoint","urlTemplate":"https:\/\/www.blackjackinfo.com\/?s={search_term_string}"},"query-input":{"@type":"PropertyValueSpecification","valueRequired":true,"valueName":"search_term_string"}}],"inLanguage":"it-IT"}]}},"_links":{"self":[{"href":"https:\/\/www.blackjackinfo.com\/it\/wp-json\/wp\/v2\/pages\/735","targetHints":{"allow":["GET"]}}],"collection":[{"href":"https:\/\/www.blackjackinfo.com\/it\/wp-json\/wp\/v2\/pages"}],"about":[{"href":"https:\/\/www.blackjackinfo.com\/it\/wp-json\/wp\/v2\/types\/page"}],"author":[{"embeddable":true,"href":"https:\/\/www.blackjackinfo.com\/it\/wp-json\/wp\/v2\/users\/2"}],"replies":[{"embeddable":true,"href":"https:\/\/www.blackjackinfo.com\/it\/wp-json\/wp\/v2\/comments?post=735"}],"version-history":[{"count":22,"href":"https:\/\/www.blackjackinfo.com\/it\/wp-json\/wp\/v2\/pages\/735\/revisions"}],"predecessor-version":[{"id":5464,"href":"https:\/\/www.blackjackinfo.com\/it\/wp-json\/wp\/v2\/pages\/735\/revisions\/5464"}],"up":[{"embeddable":true,"href":"https:\/\/www.blackjackinfo.com\/it\/wp-json\/wp\/v2\/pages\/634"}],"wp:attachment":[{"href":"https:\/\/www.blackjackinfo.com\/it\/wp-json\/wp\/v2\/media?parent=735"}],"wp:term":[{"taxonomy":"post_tag","embeddable":true,"href":"https:\/\/www.blackjackinfo.com\/it\/wp-json\/wp\/v2\/tags?post=735"}],"curies":[{"name":"wp","href":"https:\/\/api.w.org\/{rel}","templated":true}]}}