{"id":746,"date":"2014-10-19T21:07:45","date_gmt":"2014-10-20T02:07:45","guid":{"rendered":"http:\/\/test.blackjackinfo.com\/?page_id=746"},"modified":"2020-02-18T17:58:23","modified_gmt":"2020-02-18T23:58:23","slug":"lezione-15-corso-avanzato-parte-3","status":"publish","type":"page","link":"https:\/\/www.blackjackinfo.com\/it\/blackjack-school\/lesson-15-advanced-course-part-3\/","title":{"rendered":"Lezione 15 - Il corso avanzato - Parte 3"},"content":{"rendered":"<h3>Variazioni della strategia di base: Doppio?<\/h3>\n<p><b>L'opportunit\u00e0 di raddoppiare la puntata in cambio dell'accettazione di una sola carta in pi\u00f9 \u00e8 un'opzione molto potente per il giocatore, se utilizzata correttamente.<\/b>  Non so dirvi quanto spesso vedo i giocatori raddoppiare mani come 7 o 8 contro una carta scoperta del banco di 6 e poi lamentarsi del loro destino quando perdono.  Certo, il banco \u00e8 molto vulnerabile con un 6, ma l'inserimento di una puntata extra cambia la matematica della mano, quindi tutti i raddoppi devono essere ben ponderati.  Per esempio, in una partita a sei mazzi in cui il banco sta su A-6, raddoppiare una mano di 8 contro il 6 del banco ha un rendimento totale di 10,3%, mentre colpire la mano rende 12,3% e il rischio \u00e8 minore!<\/p>\n<p><b>Detto questo, c'\u00e8 un momento in cui vale la pena di raddoppiare un 8 contro un 6 del banco, ed \u00e8 quando nel mazzo \u00e8 rimasta una percentuale di 10 superiore al normale.<\/b>  Questo punto \u00e8 determinato, ovviamente, dal conteggio reale.  Quando il conteggio reale diventa pi\u00f9 positivo, diventa pi\u00f9 redditizio raddoppiare.  Al contrario, quando il conteggio diventa negativo, diventa pi\u00f9 conveniente colpire alcune mani piuttosto che raddoppiare.<br \/>\n<div class=\"row\" style=\"margin-bottom:20px\">\n    <div class=\"col-sm-12\">\n                <h2>I migliori casin\u00f2 online degli Stati Uniti <span\n                class=\"flag-icon flag-icon-us\"><\/span><\/h2>\n\n        \n                \n        <div class=\"ranking-table text-center\">\n            <div class=\"row flex ad-row\">\n                <div class=\"col-sm-3\">\n                    <div class=\"row flex\">\n\n                        <div class=\"col-sm-3\">\n                            <div class=\"ranking-number text-center\">\n\n                                1                                \n                            <\/div>\n                        <\/div>\n                        <div class=\"col-sm-9\">\n                            <img decoding=\"async\" src=\"https:\/\/www.blackjackinfo.com\/files\/bovada.png\" data-no-auto-translation=\"\">\n                        <\/div>\n                    <\/div>\n                <\/div>\n                <div class=\"col-sm-4\">\n                    <div class=\"bonus-text text-center\"><span class=\"red\">100% fino a $1.000<\/span><\/div>\n\t\t\t\t\t\n\n                <\/div>\n                <div class=\"col-sm-2\">\n                    <a class=\"btn btn-wire\" href=\"\/it\/casino\/bovada\/\">Recensione<\/a>\n\n                <\/div>\n                <div class=\"col-sm-3\">\n                    <a rel=\"nofollow\" target=\"_blank\" class=\"btn btn-blue\" href=\"\/goto\/goto\/\">Giocare\n                        Ora<\/a>\n\t\t\t\t\t\t\n\n                <\/div>\n            <\/div>\n        <\/div>\n\n\n\n        \n                \n        <div class=\"ranking-table text-center\">\n            <div class=\"row flex ad-row\">\n                <div class=\"col-sm-3\">\n                    <div class=\"row flex\">\n\n                        <div class=\"col-sm-3\">\n                            <div class=\"ranking-number text-center\">\n\n                                2                                \n                            <\/div>\n                        <\/div>\n                        <div class=\"col-sm-9\">\n                            <img decoding=\"async\" src=\"https:\/\/www.blackjackinfo.com\/files\/ignition-casino-logo.png\" data-no-auto-translation=\"\">\n                        <\/div>\n                    <\/div>\n                <\/div>\n                <div class=\"col-sm-4\">\n                    <div class=\"bonus-text text-center\"><span class=\"red\">100% fino a $1.000<\/span><\/div>\n\t\t\t\t\t\n\n                <\/div>\n                <div class=\"col-sm-2\">\n                    <a class=\"btn btn-wire\" href=\"\/it\/casino\/ignition-casino\/\">Recensione<\/a>\n\n                <\/div>\n                <div class=\"col-sm-3\">\n                    <a rel=\"nofollow\" target=\"_blank\" class=\"btn btn-blue\" href=\"\/goto\/goto\/\">Giocare\n                        Ora<\/a>\n\t\t\t\t\t\t\n\n                <\/div>\n            <\/div>\n        <\/div>\n\n\n\n        \n                \n        <div class=\"ranking-table text-center\">\n            <div class=\"row flex ad-row\">\n                <div class=\"col-sm-3\">\n                    <div class=\"row flex\">\n\n                        <div class=\"col-sm-3\">\n                            <div class=\"ranking-number text-center\">\n\n                                3                                \n                            <\/div>\n                        <\/div>\n                        <div class=\"col-sm-9\">\n                            <img decoding=\"async\" src=\"https:\/\/www.blackjackinfo.com\/files\/VipSlots-500x250_dark.svg\" data-no-auto-translation=\"\">\n                        <\/div>\n                    <\/div>\n                <\/div>\n                <div class=\"col-sm-4\">\n                    <div class=\"bonus-text text-center\"><span class=\"red\">100 SPIN GRATUITI su Vita segreta dei gatti<\/span><\/div>\n\t\t\t\t\t\n\n                <\/div>\n                <div class=\"col-sm-2\">\n                    <a class=\"btn btn-wire\" href=\"\/it\/casino\/vipslots-casino\/\">Recensione<\/a>\n\n                <\/div>\n                <div class=\"col-sm-3\">\n                    <a rel=\"nofollow\" target=\"_blank\" class=\"btn btn-blue\" href=\"\/goto\/goto\/\">Giocare\n                        Ora<\/a>\n\t\t\t\t\t\t\n\n                <\/div>\n            <\/div>\n        <\/div>\n\n\n\n        \n                \n        <div class=\"ranking-table text-center\">\n            <div class=\"row flex ad-row\">\n                <div class=\"col-sm-3\">\n                    <div class=\"row flex\">\n\n                        <div class=\"col-sm-3\">\n                            <div class=\"ranking-number text-center\">\n\n                                4                                \n                            <\/div>\n                        <\/div>\n                        <div class=\"col-sm-9\">\n                            <img decoding=\"async\" src=\"https:\/\/www.blackjackinfo.com\/files\/vegas_casino_online.png\" data-no-auto-translation=\"\">\n                        <\/div>\n                    <\/div>\n                <\/div>\n                <div class=\"col-sm-4\">\n                    <div class=\"bonus-text text-center\"><span class=\"red\">300% fino a $3.000<\/span><\/div>\n\t\t\t\t\t\n\n                <\/div>\n                <div class=\"col-sm-2\">\n                    <a class=\"btn btn-wire\" href=\"\/it\/casino\/vegas-casino-online-2\/\">Recensione<\/a>\n\n                <\/div>\n                <div class=\"col-sm-3\">\n                    <a rel=\"nofollow\" target=\"_blank\" class=\"btn btn-blue\" href=\"\/goto\/goto\/\">Giocare\n                        Ora<\/a>\n\t\t\t\t\t\t\n\n                <\/div>\n            <\/div>\n        <\/div>\n\n\n\n        \n                \n        <div class=\"ranking-table text-center\">\n            <div class=\"row flex ad-row\">\n                <div class=\"col-sm-3\">\n                    <div class=\"row flex\">\n\n                        <div class=\"col-sm-3\">\n                            <div class=\"ranking-number text-center\">\n\n                                5                                \n                            <\/div>\n                        <\/div>\n                        <div class=\"col-sm-9\">\n                            <img decoding=\"async\" src=\"https:\/\/www.blackjackinfo.com\/files\/cafe-casino-logo.svg\" data-no-auto-translation=\"\">\n                        <\/div>\n                    <\/div>\n                <\/div>\n                <div class=\"col-sm-4\">\n                    <div class=\"bonus-text text-center\"><span class=\"red\">250% fino a $1.500<\/span><\/div>\n\t\t\t\t\t\n\n                <\/div>\n                <div class=\"col-sm-2\">\n                    <a class=\"btn btn-wire\" href=\"\/it\/casino\/cafe-casino\/\">Recensione<\/a>\n\n                <\/div>\n                <div class=\"col-sm-3\">\n                    <a rel=\"nofollow\" target=\"_blank\" class=\"btn btn-blue\" href=\"\/goto\/goto\/\">Giocare\n                        Ora<\/a>\n\t\t\t\t\t\t\n\n                <\/div>\n            <\/div>\n        <\/div>\n\n\n\n            <\/div>\n<\/div><\/p>\n<p><b>Cos\u00ec come utilizzate le flashcard per imparare le variazioni hit\/stand, preparate un set per il raddoppio.<\/b> Ecco i numeri necessari:<\/p>\n<h3>Varianti della strategia di base Sei mazzi, il banco sta su A-6<\/h3>\n<div class=\"bji-note\">\nNota dell'editore di BlackjackInfo.com:<\/p>\n<p>Ci sono lievi differenze tra i numeri dell'indice del GameMaster pubblicati qui e quelli ottimizzati sul sito<br \/>\nBlackjackInfo <a href=\"http:\/\/www.amazon.com\/dp\/0982119178\/?tag=theblackjacbasic\">Carte strategiche avanzate per il blackjack<\/a>.<\/p>\n<p>Queste differenze sono solitamente dovute all'uso di calcoli avversi al rischio da parte del GameMaster.  Io sostengo che per la maggior parte<br \/>\ndi giocatori (che non stanno giocando vicino alla massima frazione di Kelly del loro bankroll), gli indici di diritto sono preferibili a<br \/>\nquelli corretti per il rischio. In ogni caso, gli indici avversi al rischio si differenziano dagli indici puri, anche di diversi punti,<br \/>\nle decisioni sono abbastanza vicine e l'effetto della scelta di uno stile di indice rispetto a un altro \u00e8 minimo.<\/p>\n<\/div>\n<h2 class=\"text-center\">Raddoppio morbido<\/h2>\n<div class=\"row\">\n<div class=\"col-sm-10 col-center\">\n<div class=\"overflow-scroll\">\n<table class=\"data-table\" border=\"1\" cellspacing=\"0\" cellpadding=\"0\" style=\"border-spacing:0px\">\n<tbody>\n<tr>\n<td>A-2 contro 4<\/td>\n<td>Doppio a 3.<\/td>\n<td width=\"50%\">(Capito?  La strategia di base dice di COLPIRE A-2 contro un 4, ma se il conteggio reale \u00e8 3 o superiore, dovreste raddoppiare).<\/td>\n<\/tr>\n<tr>\n<td>A-2 contro 5<\/td>\n<td>Doppio a 0.<\/td>\n<td>(Non confondetevi.  La strategia di base dice di RADDOPPIARE A-2 contro un 5, ma se il conteggio \u00e8 negativo, colpisci e basta; raddoppia solo quando il conteggio \u00e8 0 o superiore).<\/td>\n<\/tr>\n<tr>\n<td>A-2 contro 6<\/td>\n<td>Doppio a -1.<\/td>\n<td>(o superiore. Finch\u00e9 il conteggio rimane superiore a -1, si raddoppia; quando scende sotto -1, si colpisce e si spera di lasciare il tavolo se il conteggio non migliora).<\/td>\n<\/tr>\n<tr>\n<td>A-3 contro 4<\/td>\n<td>Doppio a 1.<\/td>\n<\/tr>\n<tr>\n<td>A-3 contro 5<\/td>\n<td>Doppio a -1.<\/td>\n<\/tr>\n<tr>\n<td>A-4 contro 4<\/td>\n<td>Doppio a 0.<\/td>\n<\/tr>\n<tr>\n<td>A-7 contro 2<\/td>\n<td>Doppio a 1.<\/td>\n<\/tr>\n<tr>\n<td>A-8 contro 4<\/td>\n<td>Doppio a 5.<\/td>\n<\/tr>\n<tr>\n<td>A-8 contro 5<\/td>\n<td>Doppio a 2.<\/td>\n<\/tr>\n<tr>\n<td>A-8 contro 6<\/td>\n<td>Doppio a 1.<\/td>\n<\/tr>\n<tr>\n<td>A-9 contro 5<\/td>\n<td>Doppio a 6.<\/td>\n<\/tr>\n<tr>\n<td>A-9 contro 6<\/td>\n<td>Doppio a 5.<\/td>\n<\/tr>\n<\/tbody>\n<\/table>\n<\/div>\n<\/div>\n<\/div>\n<h2 class=\"text-center\">Raddoppio duro<\/h2>\n<div class=\"row\">\n<div class=\"col-sm-10 col-center\">\n<div class=\"overflow-scroll\">\n<table class=\"data-table text-center\">\n<tbody>\n<tr>\n<td>8 contro 5<\/td>\n<td>Doppio a 6.<\/td>\n<\/tr>\n<tr>\n<td>8 vs. 6<\/td>\n<td>Doppio a 3.<\/td>\n<\/tr>\n<tr>\n<td>9 vs. 2<\/td>\n<td>Doppio a 2.<\/td>\n<\/tr>\n<tr>\n<td>9 vs. 3<\/td>\n<td>Doppio a 0.<\/td>\n<\/tr>\n<tr>\n<td>9 contro 7<\/td>\n<td>Doppio a 6.<\/td>\n<\/tr>\n<tr>\n<td>10 contro 9<\/td>\n<td>Doppio a -2.<\/td>\n<\/tr>\n<tr>\n<td>11 contro A<\/td>\n<td>Doppio a 1.<\/td>\n<\/tr>\n<\/tbody>\n<\/table>\n<\/div>\n<\/div>\n<\/div>\n<h3>Compiti a casa<\/h3>\n<p>Preparate una serie di flashcard per queste varianti e iniziate a inserirle nel vostro gioco.<\/p>","protected":false},"excerpt":{"rendered":"<p>Basic Strategy Variations: Double? The opportunity to double your bet in return for agreeing to accept only one more card is a very powerful option for the player, if it&#8217;s utilized correctly. I can&#8217;t tell you how often I see players double hands like 7 or 8 against a dealer&#8217;s up card of 6 and [&hellip;]<\/p>\n","protected":false},"author":2,"featured_media":0,"parent":634,"menu_order":0,"comment_status":"open","ping_status":"open","template":"page-blackjack-school.php","meta":{"_acf_changed":false,"footnotes":""},"tags":[],"class_list":["post-746","page","type-page","status-publish","hentry"],"acf":[],"yoast_head":"<!-- This site is optimized with the Yoast SEO plugin v26.6 - https:\/\/yoast.com\/wordpress\/plugins\/seo\/ -->\n<title>Blackjack School \u1408 Lesson 15 - The Advanced Course - Part 3<\/title>\n<meta name=\"description\" content=\"Lesson 15 in the GameMaster&#039;s Free Blackjack School - Double down strategy variations.\" \/>\n<meta name=\"robots\" content=\"index, follow, max-snippet:-1, max-image-preview:large, max-video-preview:-1\" \/>\n<link rel=\"canonical\" href=\"https:\/\/www.blackjackinfo.com\/it\/scuola-di-blackjack\/lezione-15-corso-avanzato-parte-3\/\" \/>\n<meta property=\"og:locale\" content=\"it_IT\" \/>\n<meta property=\"og:type\" content=\"article\" \/>\n<meta property=\"og:title\" content=\"Blackjack School \u1408 Lesson 15 - The Advanced Course - Part 3\" \/>\n<meta property=\"og:description\" content=\"Lesson 15 in the GameMaster&#039;s Free Blackjack School - Double down strategy variations.\" \/>\n<meta property=\"og:url\" content=\"https:\/\/www.blackjackinfo.com\/it\/scuola-di-blackjack\/lezione-15-corso-avanzato-parte-3\/\" \/>\n<meta property=\"og:site_name\" content=\"BlackjackInfo.com\" \/>\n<meta property=\"article:modified_time\" content=\"2020-02-18T23:58:23+00:00\" \/>\n<meta name=\"twitter:label1\" content=\"Tempo di lettura stimato\" \/>\n\t<meta name=\"twitter:data1\" content=\"3 minuti\" \/>\n<script type=\"application\/ld+json\" class=\"yoast-schema-graph\">{\"@context\":\"https:\/\/schema.org\",\"@graph\":[{\"@type\":\"WebPage\",\"@id\":\"https:\/\/www.blackjackinfo.com\/blackjack-school\/lesson-15-advanced-course-part-3\/\",\"url\":\"https:\/\/www.blackjackinfo.com\/blackjack-school\/lesson-15-advanced-course-part-3\/\",\"name\":\"Blackjack School \u1408 Lesson 15 - The Advanced Course - Part 3\",\"isPartOf\":{\"@id\":\"https:\/\/www.blackjackinfo.com\/#website\"},\"datePublished\":\"2014-10-20T02:07:45+00:00\",\"dateModified\":\"2020-02-18T23:58:23+00:00\",\"description\":\"Lesson 15 in the GameMaster's Free Blackjack School - Double down strategy variations.\",\"breadcrumb\":{\"@id\":\"https:\/\/www.blackjackinfo.com\/blackjack-school\/lesson-15-advanced-course-part-3\/#breadcrumb\"},\"inLanguage\":\"it-IT\",\"potentialAction\":[{\"@type\":\"ReadAction\",\"target\":[\"https:\/\/www.blackjackinfo.com\/blackjack-school\/lesson-15-advanced-course-part-3\/\"]}]},{\"@type\":\"BreadcrumbList\",\"@id\":\"https:\/\/www.blackjackinfo.com\/blackjack-school\/lesson-15-advanced-course-part-3\/#breadcrumb\",\"itemListElement\":[{\"@type\":\"ListItem\",\"position\":1,\"name\":\"Home\",\"item\":\"https:\/\/www.blackjackinfo.com\/\"},{\"@type\":\"ListItem\",\"position\":2,\"name\":\"Blackjack School &#8211; A Free 24-Lesson Class on Card Counting\",\"item\":\"https:\/\/www.blackjackinfo.com\/blackjack-school\/\"},{\"@type\":\"ListItem\",\"position\":3,\"name\":\"Lesson 15 &#8211; The Advanced Course &#8211; Part 3\"}]},{\"@type\":\"WebSite\",\"@id\":\"https:\/\/www.blackjackinfo.com\/#website\",\"url\":\"https:\/\/www.blackjackinfo.com\/\",\"name\":\"BlackjackInfo.com\",\"description\":\"Because Winning is More Fun!\",\"potentialAction\":[{\"@type\":\"SearchAction\",\"target\":{\"@type\":\"EntryPoint\",\"urlTemplate\":\"https:\/\/www.blackjackinfo.com\/?s={search_term_string}\"},\"query-input\":{\"@type\":\"PropertyValueSpecification\",\"valueRequired\":true,\"valueName\":\"search_term_string\"}}],\"inLanguage\":\"it-IT\"}]}<\/script>\n<!-- \/ Yoast SEO plugin. -->","yoast_head_json":{"title":"Scuola di Blackjack \u1408 Lezione 15 - Il corso avanzato - Parte 3","description":"Lezione 15 della Scuola gratuita di Blackjack del GameMaster - Variazioni della strategia del doppio down.","robots":{"index":"index","follow":"follow","max-snippet":"max-snippet:-1","max-image-preview":"max-image-preview:large","max-video-preview":"max-video-preview:-1"},"canonical":"https:\/\/www.blackjackinfo.com\/it\/scuola-di-blackjack\/lezione-15-corso-avanzato-parte-3\/","og_locale":"it_IT","og_type":"article","og_title":"Blackjack School \u1408 Lesson 15 - The Advanced Course - Part 3","og_description":"Lesson 15 in the GameMaster's Free Blackjack School - Double down strategy variations.","og_url":"https:\/\/www.blackjackinfo.com\/it\/scuola-di-blackjack\/lezione-15-corso-avanzato-parte-3\/","og_site_name":"BlackjackInfo.com","article_modified_time":"2020-02-18T23:58:23+00:00","twitter_misc":{"Tempo di lettura stimato":"3 minuti"},"schema":{"@context":"https:\/\/schema.org","@graph":[{"@type":"WebPage","@id":"https:\/\/www.blackjackinfo.com\/blackjack-school\/lesson-15-advanced-course-part-3\/","url":"https:\/\/www.blackjackinfo.com\/blackjack-school\/lesson-15-advanced-course-part-3\/","name":"Scuola di Blackjack \u1408 Lezione 15 - Il corso avanzato - Parte 3","isPartOf":{"@id":"https:\/\/www.blackjackinfo.com\/#website"},"datePublished":"2014-10-20T02:07:45+00:00","dateModified":"2020-02-18T23:58:23+00:00","description":"Lezione 15 della Scuola gratuita di Blackjack del GameMaster - Variazioni della strategia del doppio down.","breadcrumb":{"@id":"https:\/\/www.blackjackinfo.com\/blackjack-school\/lesson-15-advanced-course-part-3\/#breadcrumb"},"inLanguage":"it-IT","potentialAction":[{"@type":"ReadAction","target":["https:\/\/www.blackjackinfo.com\/blackjack-school\/lesson-15-advanced-course-part-3\/"]}]},{"@type":"BreadcrumbList","@id":"https:\/\/www.blackjackinfo.com\/blackjack-school\/lesson-15-advanced-course-part-3\/#breadcrumb","itemListElement":[{"@type":"ListItem","position":1,"name":"Home","item":"https:\/\/www.blackjackinfo.com\/"},{"@type":"ListItem","position":2,"name":"Blackjack School &#8211; A Free 24-Lesson Class on Card Counting","item":"https:\/\/www.blackjackinfo.com\/blackjack-school\/"},{"@type":"ListItem","position":3,"name":"Lesson 15 &#8211; The Advanced Course &#8211; Part 3"}]},{"@type":"WebSite","@id":"https:\/\/www.blackjackinfo.com\/#website","url":"https:\/\/www.blackjackinfo.com\/","name":"BlackjackInfo.com","description":"Perch\u00e9 vincere \u00e8 pi\u00f9 divertente!","potentialAction":[{"@type":"SearchAction","target":{"@type":"EntryPoint","urlTemplate":"https:\/\/www.blackjackinfo.com\/?s={search_term_string}"},"query-input":{"@type":"PropertyValueSpecification","valueRequired":true,"valueName":"search_term_string"}}],"inLanguage":"it-IT"}]}},"_links":{"self":[{"href":"https:\/\/www.blackjackinfo.com\/it\/wp-json\/wp\/v2\/pages\/746","targetHints":{"allow":["GET"]}}],"collection":[{"href":"https:\/\/www.blackjackinfo.com\/it\/wp-json\/wp\/v2\/pages"}],"about":[{"href":"https:\/\/www.blackjackinfo.com\/it\/wp-json\/wp\/v2\/types\/page"}],"author":[{"embeddable":true,"href":"https:\/\/www.blackjackinfo.com\/it\/wp-json\/wp\/v2\/users\/2"}],"replies":[{"embeddable":true,"href":"https:\/\/www.blackjackinfo.com\/it\/wp-json\/wp\/v2\/comments?post=746"}],"version-history":[{"count":18,"href":"https:\/\/www.blackjackinfo.com\/it\/wp-json\/wp\/v2\/pages\/746\/revisions"}],"predecessor-version":[{"id":5465,"href":"https:\/\/www.blackjackinfo.com\/it\/wp-json\/wp\/v2\/pages\/746\/revisions\/5465"}],"up":[{"embeddable":true,"href":"https:\/\/www.blackjackinfo.com\/it\/wp-json\/wp\/v2\/pages\/634"}],"wp:attachment":[{"href":"https:\/\/www.blackjackinfo.com\/it\/wp-json\/wp\/v2\/media?parent=746"}],"wp:term":[{"taxonomy":"post_tag","embeddable":true,"href":"https:\/\/www.blackjackinfo.com\/it\/wp-json\/wp\/v2\/tags?post=746"}],"curies":[{"name":"wp","href":"https:\/\/api.w.org\/{rel}","templated":true}]}}