{"id":748,"date":"2014-10-19T21:12:17","date_gmt":"2014-10-20T02:12:17","guid":{"rendered":"http:\/\/test.blackjackinfo.com\/?page_id=748"},"modified":"2020-02-18T17:58:35","modified_gmt":"2020-02-18T23:58:35","slug":"lezione-16-corso-avanzato-parte-4","status":"publish","type":"page","link":"https:\/\/www.blackjackinfo.com\/it\/blackjack-school\/lesson-16-advanced-course-part-4\/","title":{"rendered":"Lezione 16 - Il corso avanzato - Parte 4"},"content":{"rendered":"<h2>Variazioni della strategia di base: Dividere o non dividere<\/h2>\n<p><b>Il fattore principale da prendere in considerazione quando si dividono le coppie \u00e8 se il casin\u00f2 scelto consente o meno il raddoppio dopo la divisione (DAS).<\/b>  Se il DAS \u00e8 consentito, \u00e8 necessario memorizzare la corretta strategia di base.  Vedo che i giocatori commettono molti errori nello splittare le coppie, principalmente con una mano di 8, 8.  La maggior parte sa che una coppia di 8 dovrebbe essere divisa contro tutte le carte alte, ma la maggior parte sta in piedi quando la tiene contro il 10 del banco.  Il costo di questo errore non \u00e8 enorme, semplicemente perch\u00e9 una mano di 8,8 \u00e8 piuttosto rara.  Ma stando in piedi, un giocatore ha un'aspettativa di -.537% e dividendo (se il DAS \u00e8 consentito), si realizza un'aspettativa di -.483%.  Quindi, il denaro in pi\u00f9 che viene messo a rischio offre, nel lungo periodo, un rendimento migliore.  Vedetela in questo modo.  Preferireste stare con un 16 contro un 10 o colpire un 8 contro un 10?  Se si divide, si pu\u00f2 colpire un 8. Per inciso, i numeri indicano anche che la divisione \u00e8 migliore quando non \u00e8 consentito il DAS, anche se la differenza non \u00e8 cos\u00ec grande.<br \/>\n<div class=\"row\" style=\"margin-bottom:20px\">\n    <div class=\"col-sm-12\">\n                <h2>I migliori casin\u00f2 online degli Stati Uniti <span\n                class=\"flag-icon flag-icon-us\"><\/span><\/h2>\n\n        \n                \n        <div class=\"ranking-table text-center\">\n            <div class=\"row flex ad-row\">\n                <div class=\"col-sm-3\">\n                    <div class=\"row flex\">\n\n                        <div class=\"col-sm-3\">\n                            <div class=\"ranking-number text-center\">\n\n                                1                                \n                            <\/div>\n                        <\/div>\n                        <div class=\"col-sm-9\">\n                            <img decoding=\"async\" src=\"https:\/\/www.blackjackinfo.com\/files\/bovada.png\" data-no-auto-translation=\"\">\n                        <\/div>\n                    <\/div>\n                <\/div>\n                <div class=\"col-sm-4\">\n                    <div class=\"bonus-text text-center\"><span class=\"red\">100% fino a $1.000<\/span><\/div>\n\t\t\t\t\t\n\n                <\/div>\n                <div class=\"col-sm-2\">\n                    <a class=\"btn btn-wire\" href=\"\/it\/casino\/bovada\/\">Recensione<\/a>\n\n                <\/div>\n                <div class=\"col-sm-3\">\n                    <a rel=\"nofollow\" target=\"_blank\" class=\"btn btn-blue\" href=\"\/goto\/goto\/\">Giocare\n                        Ora<\/a>\n\t\t\t\t\t\t\n\n                <\/div>\n            <\/div>\n        <\/div>\n\n\n\n        \n                \n        <div class=\"ranking-table text-center\">\n            <div class=\"row flex ad-row\">\n                <div class=\"col-sm-3\">\n                    <div class=\"row flex\">\n\n                        <div class=\"col-sm-3\">\n                            <div class=\"ranking-number text-center\">\n\n                                2                                \n                            <\/div>\n                        <\/div>\n                        <div class=\"col-sm-9\">\n                            <img decoding=\"async\" src=\"https:\/\/www.blackjackinfo.com\/files\/ignition-casino-logo.png\" data-no-auto-translation=\"\">\n                        <\/div>\n                    <\/div>\n                <\/div>\n                <div class=\"col-sm-4\">\n                    <div class=\"bonus-text text-center\"><span class=\"red\">100% fino a $1.000<\/span><\/div>\n\t\t\t\t\t\n\n                <\/div>\n                <div class=\"col-sm-2\">\n                    <a class=\"btn btn-wire\" href=\"\/it\/casino\/ignition-casino\/\">Recensione<\/a>\n\n                <\/div>\n                <div class=\"col-sm-3\">\n                    <a rel=\"nofollow\" target=\"_blank\" class=\"btn btn-blue\" href=\"\/goto\/goto\/\">Giocare\n                        Ora<\/a>\n\t\t\t\t\t\t\n\n                <\/div>\n            <\/div>\n        <\/div>\n\n\n\n        \n                \n        <div class=\"ranking-table text-center\">\n            <div class=\"row flex ad-row\">\n                <div class=\"col-sm-3\">\n                    <div class=\"row flex\">\n\n                        <div class=\"col-sm-3\">\n                            <div class=\"ranking-number text-center\">\n\n                                3                                \n                            <\/div>\n                        <\/div>\n                        <div class=\"col-sm-9\">\n                            <img decoding=\"async\" src=\"https:\/\/www.blackjackinfo.com\/files\/VipSlots-500x250_dark.svg\" data-no-auto-translation=\"\">\n                        <\/div>\n                    <\/div>\n                <\/div>\n                <div class=\"col-sm-4\">\n                    <div class=\"bonus-text text-center\"><span class=\"red\">100 SPIN GRATUITI su Vita segreta dei gatti<\/span><\/div>\n\t\t\t\t\t\n\n                <\/div>\n                <div class=\"col-sm-2\">\n                    <a class=\"btn btn-wire\" href=\"\/it\/casino\/vipslots-casino\/\">Recensione<\/a>\n\n                <\/div>\n                <div class=\"col-sm-3\">\n                    <a rel=\"nofollow\" target=\"_blank\" class=\"btn btn-blue\" href=\"\/goto\/goto\/\">Giocare\n                        Ora<\/a>\n\t\t\t\t\t\t\n\n                <\/div>\n            <\/div>\n        <\/div>\n\n\n\n        \n                \n        <div class=\"ranking-table text-center\">\n            <div class=\"row flex ad-row\">\n                <div class=\"col-sm-3\">\n                    <div class=\"row flex\">\n\n                        <div class=\"col-sm-3\">\n                            <div class=\"ranking-number text-center\">\n\n                                4                                \n                            <\/div>\n                        <\/div>\n                        <div class=\"col-sm-9\">\n                            <img decoding=\"async\" src=\"https:\/\/www.blackjackinfo.com\/files\/vegas_casino_online.png\" data-no-auto-translation=\"\">\n                        <\/div>\n                    <\/div>\n                <\/div>\n                <div class=\"col-sm-4\">\n                    <div class=\"bonus-text text-center\"><span class=\"red\">300% fino a $3.000<\/span><\/div>\n\t\t\t\t\t\n\n                <\/div>\n                <div class=\"col-sm-2\">\n                    <a class=\"btn btn-wire\" href=\"\/it\/casino\/vegas-casino-online-2\/\">Recensione<\/a>\n\n                <\/div>\n                <div class=\"col-sm-3\">\n                    <a rel=\"nofollow\" target=\"_blank\" class=\"btn btn-blue\" href=\"\/goto\/goto\/\">Giocare\n                        Ora<\/a>\n\t\t\t\t\t\t\n\n                <\/div>\n            <\/div>\n        <\/div>\n\n\n\n        \n                \n        <div class=\"ranking-table text-center\">\n            <div class=\"row flex ad-row\">\n                <div class=\"col-sm-3\">\n                    <div class=\"row flex\">\n\n                        <div class=\"col-sm-3\">\n                            <div class=\"ranking-number text-center\">\n\n                                5                                \n                            <\/div>\n                        <\/div>\n                        <div class=\"col-sm-9\">\n                            <img decoding=\"async\" src=\"https:\/\/www.blackjackinfo.com\/files\/cafe-casino-logo.svg\" data-no-auto-translation=\"\">\n                        <\/div>\n                    <\/div>\n                <\/div>\n                <div class=\"col-sm-4\">\n                    <div class=\"bonus-text text-center\"><span class=\"red\">250% fino a $1.500<\/span><\/div>\n\t\t\t\t\t\n\n                <\/div>\n                <div class=\"col-sm-2\">\n                    <a class=\"btn btn-wire\" href=\"\/it\/casino\/cafe-casino\/\">Recensione<\/a>\n\n                <\/div>\n                <div class=\"col-sm-3\">\n                    <a rel=\"nofollow\" target=\"_blank\" class=\"btn btn-blue\" href=\"\/goto\/goto\/\">Giocare\n                        Ora<\/a>\n\t\t\t\t\t\t\n\n                <\/div>\n            <\/div>\n        <\/div>\n\n\n\n            <\/div>\n<\/div><br \/>\n<b>Quando il conteggio reale aumenta, si divider\u00e0 di pi\u00f9 e quando diminuisce, si divider\u00e0 di meno.<\/b>  Una giocata che \u00e8 giustificata da un conteggio elevato \u00e8 lo splittaggio dei 10.  Per esempio, pu\u00f2 capitare di dividere una coppia di carte coperte contro un 6. Io consiglio ai miei studenti di evitare questa giocata perch\u00e9 suscita una reazione negativa da parte degli altri giocatori al tavolo.  Non mi interessa molto cosa pensano gli altri giocatori al tavolo del mio gioco, ma se il personale di sala viene avvisato di ci\u00f2 che ho fatto, il loro sospetto iniziale potrebbe essere che io sia un banco.  Se mi hanno visto giocare con una buona strategia di base e all'improvviso ho una grossa puntata e faccio qualcosa come dividere 10 contro 6, penseranno che sono o molto stupido o molto intelligente.  Credo che tutto dipenda dall'immagine che proiettate nel casin\u00f2; se \u00e8 quella di un \"uomo selvaggio\", allora fate pure.  Ma se siete tranquilli, educati e non bevete, vi sconsiglio di giocare.<\/p>\n<p><b>Tutte le altre situazioni di splittaggio devono essere seguite alla lettera; in particolare quella di splittare 4 contro un 5 o un 6 (se \u00e8 consentito il DAS).<\/b>  La maggior parte delle persone non ha memorizzato alla perfezione la parte della strategia di base relativa alle coppie, quindi non sapr\u00e0 cosa \u00e8 giusto o sbagliato quando lo fate e la maggior parte pensa che sia sbagliato dividere 4.  Non c'\u00e8 niente di meglio che fare la giocata giusta e sembrare un idiota quando la si fa!<\/p>\n<p>Scorrendo i numeri sulla divisione delle coppie, si noter\u00e0 che alcuni non sono in accordo con quelli pubblicati da Stanford Wong e da altri autori.  Come ho spiegato in precedenza, alcuni sono stati modificati in seguito allo studio di Friedman sul gioco avverso al rischio e ritengo che non vi tolgano alcun vantaggio, pur riducendo in qualche modo il vostro rischio.<\/p>\n<hr>\n<div class=\"bji-note\">\nNota dell'editore di BlackjackInfo.com:<\/p>\n<p>Ci sono lievi differenze tra i numeri dell'indice del GameMaster pubblicati qui e quelli ottimizzati sul sito<br \/>\nBlackjackInfo <a href=\"http:\/\/www.amazon.com\/dp\/0982119178\/?tag=theblackjacbasic\">Carte strategiche avanzate per il blackjack<\/a>.<\/p>\n<p>Queste differenze sono solitamente dovute all'uso di calcoli avversi al rischio da parte del GameMaster.  Io sostengo che per la maggior parte<br \/>\ndi giocatori (che non stanno giocando vicino alla massima frazione di Kelly del loro bankroll), gli indici di diritto sono preferibili a<br \/>\nquelli corretti per il rischio. In ogni caso, gli indici avversi al rischio si differenziano dagli indici puri, anche di diversi punti,<br \/>\nle decisioni sono abbastanza vicine e l'effetto della scelta di uno stile di indice rispetto a un altro \u00e8 minimo.<\/p>\n<\/div>\n<hr>\n<div class=\"row\">\n<div class=\"col-sm-10 col-center\">\n<div class=\"overflow-scroll\">\n<table class=\"data-table\">\n<thead>\n<tr>\n<th colspan=\"3\">Variazioni della strategia di base:<br \/>\n\u00c8 consentito il raddoppio dopo lo split.<\/th>\n<\/tr>\n<\/thead>\n<tbody>\n<tr>\n<td>3,3 contro 2<\/td>\n<td>Colpire a 0 o meno.<\/td>\n<td>(Invece di dividersi).<\/td>\n<\/tr>\n<tr>\n<td>4,4 vs. 5<\/td>\n<td>Colpire a -1 o meno.<\/td>\n<td>(Invece di dividersi).<\/td>\n<\/tr>\n<tr>\n<td>4,4 vs. 6<\/td>\n<td>Colpire a -2 o meno.<\/td>\n<td>(Invece di dividersi).<\/td>\n<\/tr>\n<tr>\n<td>6,6 vs. 2<\/td>\n<td>Colpire a -1 o meno.<\/td>\n<td>(Invece di dividersi).<\/td>\n<\/tr>\n<tr>\n<td>8,8 contro 10<\/td>\n<td>Stand a 8.<\/td>\n<td>(Se il conteggio \u00e8 molto alto, si fa stand invece di colpire).<\/td>\n<\/tr>\n<tr>\n<td>9,9 contro 7<\/td>\n<td>Split a 6.<\/td>\n<td>Si tratta di un gioco \"avverso al rischio\".<\/td>\n<\/tr>\n<\/tbody>\n<\/table>\n<\/div>\n<\/div>\n<\/div>","protected":false},"excerpt":{"rendered":"<p>Basic Strategy Variations: To Split or Not To Split The primary factor to consider when splitting pairs is whether or not your casino of choice allows doubling after splitting (DAS). If DAS is allowed, you must have the proper basic strategy memorized. I see players make a lot of errors in splitting pairs, primarily with [&hellip;]<\/p>\n","protected":false},"author":2,"featured_media":0,"parent":634,"menu_order":0,"comment_status":"open","ping_status":"open","template":"page-blackjack-school.php","meta":{"_acf_changed":false,"footnotes":""},"tags":[],"class_list":["post-748","page","type-page","status-publish","hentry"],"acf":[],"yoast_head":"<!-- This site is optimized with the Yoast SEO plugin v26.6 - https:\/\/yoast.com\/wordpress\/plugins\/seo\/ -->\n<title>Blackjack School \u1408 Lesson 16 - The Advanced Course - Part 4<\/title>\n<meta name=\"description\" content=\"Lesson 16 in the GameMaster&#039;s Free Blackjack School - Splitting strategy variations in blackjack.\" \/>\n<meta name=\"robots\" content=\"index, follow, max-snippet:-1, max-image-preview:large, max-video-preview:-1\" \/>\n<link rel=\"canonical\" href=\"https:\/\/www.blackjackinfo.com\/it\/scuola-di-blackjack\/lezione-16-corso-avanzato-parte-4\/\" \/>\n<meta property=\"og:locale\" content=\"it_IT\" \/>\n<meta property=\"og:type\" content=\"article\" \/>\n<meta property=\"og:title\" content=\"Blackjack School \u1408 Lesson 16 - The Advanced Course - Part 4\" \/>\n<meta property=\"og:description\" content=\"Lesson 16 in the GameMaster&#039;s Free Blackjack School - Splitting strategy variations in blackjack.\" \/>\n<meta property=\"og:url\" content=\"https:\/\/www.blackjackinfo.com\/it\/scuola-di-blackjack\/lezione-16-corso-avanzato-parte-4\/\" \/>\n<meta property=\"og:site_name\" content=\"BlackjackInfo.com\" \/>\n<meta property=\"article:modified_time\" content=\"2020-02-18T23:58:35+00:00\" \/>\n<meta name=\"twitter:label1\" content=\"Tempo di lettura stimato\" \/>\n\t<meta name=\"twitter:data1\" content=\"3 minuti\" \/>\n<script type=\"application\/ld+json\" class=\"yoast-schema-graph\">{\"@context\":\"https:\/\/schema.org\",\"@graph\":[{\"@type\":\"WebPage\",\"@id\":\"https:\/\/www.blackjackinfo.com\/blackjack-school\/lesson-16-advanced-course-part-4\/\",\"url\":\"https:\/\/www.blackjackinfo.com\/blackjack-school\/lesson-16-advanced-course-part-4\/\",\"name\":\"Blackjack School \u1408 Lesson 16 - The Advanced Course - Part 4\",\"isPartOf\":{\"@id\":\"https:\/\/www.blackjackinfo.com\/#website\"},\"datePublished\":\"2014-10-20T02:12:17+00:00\",\"dateModified\":\"2020-02-18T23:58:35+00:00\",\"description\":\"Lesson 16 in the GameMaster's Free Blackjack School - Splitting strategy variations in blackjack.\",\"breadcrumb\":{\"@id\":\"https:\/\/www.blackjackinfo.com\/blackjack-school\/lesson-16-advanced-course-part-4\/#breadcrumb\"},\"inLanguage\":\"it-IT\",\"potentialAction\":[{\"@type\":\"ReadAction\",\"target\":[\"https:\/\/www.blackjackinfo.com\/blackjack-school\/lesson-16-advanced-course-part-4\/\"]}]},{\"@type\":\"BreadcrumbList\",\"@id\":\"https:\/\/www.blackjackinfo.com\/blackjack-school\/lesson-16-advanced-course-part-4\/#breadcrumb\",\"itemListElement\":[{\"@type\":\"ListItem\",\"position\":1,\"name\":\"Home\",\"item\":\"https:\/\/www.blackjackinfo.com\/\"},{\"@type\":\"ListItem\",\"position\":2,\"name\":\"Blackjack School &#8211; A Free 24-Lesson Class on Card Counting\",\"item\":\"https:\/\/www.blackjackinfo.com\/blackjack-school\/\"},{\"@type\":\"ListItem\",\"position\":3,\"name\":\"Lesson 16 &#8211; The Advanced Course &#8211; Part 4\"}]},{\"@type\":\"WebSite\",\"@id\":\"https:\/\/www.blackjackinfo.com\/#website\",\"url\":\"https:\/\/www.blackjackinfo.com\/\",\"name\":\"BlackjackInfo.com\",\"description\":\"Because Winning is More Fun!\",\"potentialAction\":[{\"@type\":\"SearchAction\",\"target\":{\"@type\":\"EntryPoint\",\"urlTemplate\":\"https:\/\/www.blackjackinfo.com\/?s={search_term_string}\"},\"query-input\":{\"@type\":\"PropertyValueSpecification\",\"valueRequired\":true,\"valueName\":\"search_term_string\"}}],\"inLanguage\":\"it-IT\"}]}<\/script>\n<!-- \/ Yoast SEO plugin. -->","yoast_head_json":{"title":"Blackjack School \u1408 Lezione 16 - Il corso avanzato - Parte 4","description":"Lezione 16 della GameMaster's Free Blackjack School - Variazioni della strategia di splittaggio nel blackjack.","robots":{"index":"index","follow":"follow","max-snippet":"max-snippet:-1","max-image-preview":"max-image-preview:large","max-video-preview":"max-video-preview:-1"},"canonical":"https:\/\/www.blackjackinfo.com\/it\/scuola-di-blackjack\/lezione-16-corso-avanzato-parte-4\/","og_locale":"it_IT","og_type":"article","og_title":"Blackjack School \u1408 Lesson 16 - The Advanced Course - Part 4","og_description":"Lesson 16 in the GameMaster's Free Blackjack School - Splitting strategy variations in blackjack.","og_url":"https:\/\/www.blackjackinfo.com\/it\/scuola-di-blackjack\/lezione-16-corso-avanzato-parte-4\/","og_site_name":"BlackjackInfo.com","article_modified_time":"2020-02-18T23:58:35+00:00","twitter_misc":{"Tempo di lettura stimato":"3 minuti"},"schema":{"@context":"https:\/\/schema.org","@graph":[{"@type":"WebPage","@id":"https:\/\/www.blackjackinfo.com\/blackjack-school\/lesson-16-advanced-course-part-4\/","url":"https:\/\/www.blackjackinfo.com\/blackjack-school\/lesson-16-advanced-course-part-4\/","name":"Blackjack School \u1408 Lezione 16 - Il corso avanzato - Parte 4","isPartOf":{"@id":"https:\/\/www.blackjackinfo.com\/#website"},"datePublished":"2014-10-20T02:12:17+00:00","dateModified":"2020-02-18T23:58:35+00:00","description":"Lezione 16 della GameMaster's Free Blackjack School - Variazioni della strategia di splittaggio nel blackjack.","breadcrumb":{"@id":"https:\/\/www.blackjackinfo.com\/blackjack-school\/lesson-16-advanced-course-part-4\/#breadcrumb"},"inLanguage":"it-IT","potentialAction":[{"@type":"ReadAction","target":["https:\/\/www.blackjackinfo.com\/blackjack-school\/lesson-16-advanced-course-part-4\/"]}]},{"@type":"BreadcrumbList","@id":"https:\/\/www.blackjackinfo.com\/blackjack-school\/lesson-16-advanced-course-part-4\/#breadcrumb","itemListElement":[{"@type":"ListItem","position":1,"name":"Home","item":"https:\/\/www.blackjackinfo.com\/"},{"@type":"ListItem","position":2,"name":"Blackjack School &#8211; A Free 24-Lesson Class on Card Counting","item":"https:\/\/www.blackjackinfo.com\/blackjack-school\/"},{"@type":"ListItem","position":3,"name":"Lesson 16 &#8211; The Advanced Course &#8211; Part 4"}]},{"@type":"WebSite","@id":"https:\/\/www.blackjackinfo.com\/#website","url":"https:\/\/www.blackjackinfo.com\/","name":"BlackjackInfo.com","description":"Perch\u00e9 vincere \u00e8 pi\u00f9 divertente!","potentialAction":[{"@type":"SearchAction","target":{"@type":"EntryPoint","urlTemplate":"https:\/\/www.blackjackinfo.com\/?s={search_term_string}"},"query-input":{"@type":"PropertyValueSpecification","valueRequired":true,"valueName":"search_term_string"}}],"inLanguage":"it-IT"}]}},"_links":{"self":[{"href":"https:\/\/www.blackjackinfo.com\/it\/wp-json\/wp\/v2\/pages\/748","targetHints":{"allow":["GET"]}}],"collection":[{"href":"https:\/\/www.blackjackinfo.com\/it\/wp-json\/wp\/v2\/pages"}],"about":[{"href":"https:\/\/www.blackjackinfo.com\/it\/wp-json\/wp\/v2\/types\/page"}],"author":[{"embeddable":true,"href":"https:\/\/www.blackjackinfo.com\/it\/wp-json\/wp\/v2\/users\/2"}],"replies":[{"embeddable":true,"href":"https:\/\/www.blackjackinfo.com\/it\/wp-json\/wp\/v2\/comments?post=748"}],"version-history":[{"count":12,"href":"https:\/\/www.blackjackinfo.com\/it\/wp-json\/wp\/v2\/pages\/748\/revisions"}],"predecessor-version":[{"id":5466,"href":"https:\/\/www.blackjackinfo.com\/it\/wp-json\/wp\/v2\/pages\/748\/revisions\/5466"}],"up":[{"embeddable":true,"href":"https:\/\/www.blackjackinfo.com\/it\/wp-json\/wp\/v2\/pages\/634"}],"wp:attachment":[{"href":"https:\/\/www.blackjackinfo.com\/it\/wp-json\/wp\/v2\/media?parent=748"}],"wp:term":[{"taxonomy":"post_tag","embeddable":true,"href":"https:\/\/www.blackjackinfo.com\/it\/wp-json\/wp\/v2\/tags?post=748"}],"curies":[{"name":"wp","href":"https:\/\/api.w.org\/{rel}","templated":true}]}}