{"id":750,"date":"2014-10-19T21:14:38","date_gmt":"2014-10-20T02:14:38","guid":{"rendered":"http:\/\/test.blackjackinfo.com\/?page_id=750"},"modified":"2019-04-09T00:38:15","modified_gmt":"2019-04-09T05:38:15","slug":"lezione-17-corso-avanzato-parte-5","status":"publish","type":"page","link":"https:\/\/www.blackjackinfo.com\/it\/blackjack-school\/lesson-17-advanced-course-part-5\/","title":{"rendered":"Lezione 17 - Il corso avanzato - Parte 5"},"content":{"rendered":"<h3>Variazioni della strategia di base:  Mettetevi alla prova<\/h3>\n<p class=\"intro\">\nMettendo i miei corsi su Internet, so che sto raggiungendo un pubblico molto pi\u00f9 vasto di quello che ho avuto quando insegnavo di persona, ma mi manca la possibilit\u00e0 di vedere come tutti voi state imparando il materiale.  Nei miei corsi \"di persona\", ho sempre messo alla prova i miei studenti per valutare i loro progressi e quindi determinare l'efficacia dei miei metodi di insegnamento.  Non possiamo farlo qui, ma voglio che vi mettiate alla prova con i metodi che vi mostrer\u00f2, se non altro per il fatto che aumenter\u00e0 la vostra fiducia quando vedrete quanto sapete davvero.  Come abbiamo fatto per l'apprendimento della strategia di base, dovreste prima completare una copia del test direttamente dal materiale che vi ho insegnato, in modo da avere un foglio di risposte da utilizzare per correggere i test successivi.<\/p>\n<p><b>Questo test chiede semplicemente di \"riempire gli spazi vuoti\" con il numero indice corretto da -2 a +10.  Stampatene quante copie volete.<\/b><\/p>\n<div class=\"col-sm-10 col-center\">\n<div class=\"overflow-scroll\">\n<table class=\"data-table\">\n<tbody>\n<tr>\n<th colspan=\"11\">Matrice pratica del corso avanzato<\/th>\n<\/tr>\n<tr>\n<th>Carta Up del mazziere<\/th>\n<th>2<\/th>\n<th>3<\/th>\n<th>4<\/th>\n<th>5<\/th>\n<th>6<\/th>\n<th>7<\/th>\n<th>8<\/th>\n<th>9<\/th>\n<th>10<\/th>\n<th>A<\/th>\n<\/tr>\n<tr>\n<td>Mano del giocatore A,2<\/td>\n<td>H<\/td>\n<td>H<\/td>\n<td>__<\/td>\n<td>__<\/td>\n<td>__<\/td>\n<td>H<\/td>\n<td>H<\/td>\n<td>H<\/td>\n<td>H<\/td>\n<td>H<\/td>\n<\/tr>\n<tr>\n<td>Mano del giocatore A,3<\/td>\n<td>H<\/td>\n<td>H<\/td>\n<td>__<\/td>\n<td>__<\/td>\n<td>D<\/td>\n<td>H<\/td>\n<td>H<\/td>\n<td>H<\/td>\n<td>H<\/td>\n<td>H<\/td>\n<\/tr>\n<tr>\n<td>Mano del giocatore A,4<\/td>\n<td>H<\/td>\n<td>H<\/td>\n<td>__<\/td>\n<td>D<\/td>\n<td>D<\/td>\n<td>H<\/td>\n<td>H<\/td>\n<td>H<\/td>\n<td>H<\/td>\n<td>H<\/td>\n<\/tr>\n<tr>\n<td>Mano del giocatore A,5<\/td>\n<td>H<\/td>\n<td>H<\/td>\n<td>D<\/td>\n<td>D<\/td>\n<td>D<\/td>\n<td>H<\/td>\n<td>H<\/td>\n<td>H<\/td>\n<td>H<\/td>\n<td>H<\/td>\n<\/tr>\n<tr>\n<td>Mano del giocatore A,6<\/td>\n<td>H<\/td>\n<td>D<\/td>\n<td>D<\/td>\n<td>D<\/td>\n<td>D<\/td>\n<td>H<\/td>\n<td>H<\/td>\n<td>H<\/td>\n<td>H<\/td>\n<td>H<\/td>\n<\/tr>\n<tr>\n<td>Mano del giocatore A,7<\/td>\n<td>__<\/td>\n<td>D<\/td>\n<td>D<\/td>\n<td>D<\/td>\n<td>D<\/td>\n<td>S<\/td>\n<td>S<\/td>\n<td>H<\/td>\n<td>H<\/td>\n<td>__<\/td>\n<\/tr>\n<tr>\n<td>Mano del giocatore A,8<\/td>\n<td>S<\/td>\n<td>S<\/td>\n<td>__<\/td>\n<td>__<\/td>\n<td>__<\/td>\n<td>S<\/td>\n<td>S<\/td>\n<td>S<\/td>\n<td>S<\/td>\n<td>S<\/td>\n<\/tr>\n<tr>\n<td>Mano del giocatore A,9<\/td>\n<td>S<\/td>\n<td>S<\/td>\n<td>S<\/td>\n<td>__<\/td>\n<td>__<\/td>\n<td>S<\/td>\n<td>S<\/td>\n<td>S<\/td>\n<td>S<\/td>\n<td>S<\/td>\n<\/tr>\n<tr>\n<td>Mano del giocatore 8<\/td>\n<td>H<\/td>\n<td>H<\/td>\n<td>H<\/td>\n<td>__<\/td>\n<td>__<\/td>\n<td>H<\/td>\n<td>H<\/td>\n<td>H<\/td>\n<td>H<\/td>\n<td>H<\/td>\n<\/tr>\n<tr>\n<td>Mano del giocatore 9<\/td>\n<td>__<\/td>\n<td>__<\/td>\n<td>D<\/td>\n<td>D<\/td>\n<td>D<\/td>\n<td>__<\/td>\n<td>H<\/td>\n<td>H<\/td>\n<td>H<\/td>\n<td>H<\/td>\n<\/tr>\n<tr>\n<td>Mano del giocatore 10<\/td>\n<td>D<\/td>\n<td>D<\/td>\n<td>D<\/td>\n<td>D<\/td>\n<td>D<\/td>\n<td>D<\/td>\n<td>D<\/td>\n<td>__<\/td>\n<td>H<\/td>\n<td>H<\/td>\n<\/tr>\n<tr>\n<td>Mano del giocatore 11<\/td>\n<td>D<\/td>\n<td>D<\/td>\n<td>D<\/td>\n<td>D<\/td>\n<td>D<\/td>\n<td>D<\/td>\n<td>D<\/td>\n<td>D<\/td>\n<td>D<\/td>\n<td>__<\/td>\n<\/tr>\n<tr>\n<td>Mano del giocatore 12<\/td>\n<td>__<\/td>\n<td>__<\/td>\n<td>__<\/td>\n<td>__<\/td>\n<td>S<\/td>\n<td>H<\/td>\n<td>H<\/td>\n<td>H<\/td>\n<td>H<\/td>\n<td>H<\/td>\n<\/tr>\n<tr>\n<td>Mano del giocatore 13<\/td>\n<td>__<\/td>\n<td>S<\/td>\n<td>S<\/td>\n<td>S<\/td>\n<td>S<\/td>\n<td>H<\/td>\n<td>H<\/td>\n<td>H<\/td>\n<td>H<\/td>\n<td>H<\/td>\n<\/tr>\n<tr>\n<td>Mano del giocatore 14<\/td>\n<td>S<\/td>\n<td>S<\/td>\n<td>S<\/td>\n<td>S<\/td>\n<td>S<\/td>\n<td>H<\/td>\n<td>H<\/td>\n<td>H<\/td>\n<td>H<\/td>\n<td>__<\/td>\n<\/tr>\n<tr>\n<td>Mano del giocatore 15<\/td>\n<td>S<\/td>\n<td>S<\/td>\n<td>S<\/td>\n<td>S<\/td>\n<td>S<\/td>\n<td>__<\/td>\n<td>__<\/td>\n<td>__<\/td>\n<td>__<\/td>\n<td>__<\/td>\n<\/tr>\n<tr>\n<td>Mano del giocatore 16<\/td>\n<td>S<\/td>\n<td>S<\/td>\n<td>S<\/td>\n<td>S<\/td>\n<td>S<\/td>\n<td>__<\/td>\n<td>__<\/td>\n<td>__<\/td>\n<td>__<\/td>\n<td>__<\/td>\n<\/tr>\n<tr>\n<td>Mano del giocatore 17 o pi\u00f9<\/td>\n<td>S<\/td>\n<td>S<\/td>\n<td>S<\/td>\n<td>S<\/td>\n<td>S<\/td>\n<td>S<\/td>\n<td>S<\/td>\n<td>S<\/td>\n<td>S<\/td>\n<td>S<\/td>\n<\/tr>\n<tr>\n<td>Mano del giocatore 2,2<\/td>\n<td>P<\/td>\n<td>P<\/td>\n<td>P<\/td>\n<td>P<\/td>\n<td>P<\/td>\n<td>P<\/td>\n<td>H<\/td>\n<td>H<\/td>\n<td>H<\/td>\n<td>H<\/td>\n<\/tr>\n<tr>\n<td>Mano del giocatore 3,3<\/td>\n<td>__<\/td>\n<td>P<\/td>\n<td>P<\/td>\n<td>P<\/td>\n<td>P<\/td>\n<td>P<\/td>\n<td>H<\/td>\n<td>H<\/td>\n<td>H<\/td>\n<td>H<\/td>\n<\/tr>\n<tr>\n<td>Mano del giocatore 4,4<\/td>\n<td>H<\/td>\n<td>H<\/td>\n<td>H<\/td>\n<td>__<\/td>\n<td>__<\/td>\n<td>H<\/td>\n<td>H<\/td>\n<td>H<\/td>\n<td>H<\/td>\n<td>H<\/td>\n<\/tr>\n<tr>\n<td>Mano del giocatore 5,5<\/td>\n<td colspan=\"10\">MAI DIVISO; TRATTARE COME '10'<\/td>\n<\/tr>\n<tr>\n<td>Mano del giocatore 6,6<\/td>\n<td>__<\/td>\n<td>P<\/td>\n<td>P<\/td>\n<td>P<\/td>\n<td>P<\/td>\n<td>H<\/td>\n<td>H<\/td>\n<td>H<\/td>\n<td>H<\/td>\n<td>H<\/td>\n<\/tr>\n<tr>\n<td>Mano del giocatore 7,7<\/td>\n<td>P<\/td>\n<td>P<\/td>\n<td>P<\/td>\n<td>P<\/td>\n<td>P<\/td>\n<td>P<\/td>\n<td>H<\/td>\n<td>H<\/td>\n<td>H<\/td>\n<td>H<\/td>\n<\/tr>\n<tr>\n<td>Mano del giocatore 8,8<\/td>\n<td>P<\/td>\n<td>P<\/td>\n<td>P<\/td>\n<td>P<\/td>\n<td>P<\/td>\n<td>P<\/td>\n<td>P<\/td>\n<td>P<\/td>\n<td>__<\/td>\n<td>P<\/td>\n<\/tr>\n<tr>\n<td>Mano del giocatore 9,9<\/td>\n<td>P<\/td>\n<td>P<\/td>\n<td>P<\/td>\n<td>P<\/td>\n<td>P<\/td>\n<td>__<\/td>\n<td>P<\/td>\n<td>P<\/td>\n<td>S<\/td>\n<td>__<\/td>\n<\/tr>\n<tr>\n<td>Mano del giocatore 10,10<\/td>\n<td>S<\/td>\n<td>S<\/td>\n<td>S<\/td>\n<td>S<\/td>\n<td>S<\/td>\n<td>S<\/td>\n<td>S<\/td>\n<td>S<\/td>\n<td>S<\/td>\n<td>S<\/td>\n<\/tr>\n<tr>\n<td>Mano del giocatore A,A<\/td>\n<td>P<\/td>\n<td>P<\/td>\n<td>P<\/td>\n<td>P<\/td>\n<td>P<\/td>\n<td>P<\/td>\n<td>P<\/td>\n<td>P<\/td>\n<td>P<\/td>\n<td>P<\/td>\n<\/tr>\n<\/tbody>\n<\/table>\n<\/div>\n<\/div>\n<p><b>Questa matrice presuppone che sia consentito il raddoppio dopo la suddivisione e presuppone anche che non si scelga di suddividere i 10.<\/b><\/p>\n<h3>Compiti a casa<\/h3>\n<p>Iniziate con questo e cercate di farne uno al giorno per le prossime due settimane.<\/p>\n<p>Ci vediamo qui alla prossima lezione.<\/p>","protected":false},"excerpt":{"rendered":"<p>Basic Strategy Variations: Test Yourself By putting my classes up on the internet, I know I&#8217;m reaching a much larger audience than I ever had while teaching classes in person, but I do miss the ability to see how you all are doing in learning the material. In my &#8216;in-person&#8217; classes, I always tested my [&hellip;]<\/p>\n","protected":false},"author":2,"featured_media":0,"parent":634,"menu_order":0,"comment_status":"open","ping_status":"open","template":"page-blackjack-school.php","meta":{"_acf_changed":false,"footnotes":""},"tags":[],"class_list":["post-750","page","type-page","status-publish","hentry"],"acf":[],"yoast_head":"<!-- This site is optimized with the Yoast SEO plugin v26.6 - https:\/\/yoast.com\/wordpress\/plugins\/seo\/ -->\n<title>Blackjack School \u1408 Lesson 17 - The Advanced Course - Part 5<\/title>\n<meta name=\"description\" content=\"Lesson 17 in the GameMaster&#039;s Free Blackjack School - a quiz on basic strategy variations.\" \/>\n<meta name=\"robots\" content=\"index, follow, max-snippet:-1, max-image-preview:large, max-video-preview:-1\" \/>\n<link rel=\"canonical\" href=\"https:\/\/www.blackjackinfo.com\/it\/scuola-di-blackjack\/lezione-17-corso-avanzato-parte-5\/\" \/>\n<meta property=\"og:locale\" content=\"it_IT\" \/>\n<meta property=\"og:type\" content=\"article\" \/>\n<meta property=\"og:title\" content=\"Blackjack School \u1408 Lesson 17 - The Advanced Course - Part 5\" \/>\n<meta property=\"og:description\" content=\"Lesson 17 in the GameMaster&#039;s Free Blackjack School - a quiz on basic strategy variations.\" \/>\n<meta property=\"og:url\" content=\"https:\/\/www.blackjackinfo.com\/it\/scuola-di-blackjack\/lezione-17-corso-avanzato-parte-5\/\" \/>\n<meta property=\"og:site_name\" content=\"BlackjackInfo.com\" \/>\n<meta property=\"article:modified_time\" content=\"2019-04-09T05:38:15+00:00\" \/>\n<meta name=\"twitter:label1\" content=\"Tempo di lettura stimato\" \/>\n\t<meta name=\"twitter:data1\" content=\"3 minuti\" \/>\n<script type=\"application\/ld+json\" class=\"yoast-schema-graph\">{\"@context\":\"https:\/\/schema.org\",\"@graph\":[{\"@type\":\"WebPage\",\"@id\":\"https:\/\/www.blackjackinfo.com\/blackjack-school\/lesson-17-advanced-course-part-5\/\",\"url\":\"https:\/\/www.blackjackinfo.com\/blackjack-school\/lesson-17-advanced-course-part-5\/\",\"name\":\"Blackjack School \u1408 Lesson 17 - The Advanced Course - Part 5\",\"isPartOf\":{\"@id\":\"https:\/\/www.blackjackinfo.com\/#website\"},\"datePublished\":\"2014-10-20T02:14:38+00:00\",\"dateModified\":\"2019-04-09T05:38:15+00:00\",\"description\":\"Lesson 17 in the GameMaster's Free Blackjack School - a quiz on basic strategy variations.\",\"breadcrumb\":{\"@id\":\"https:\/\/www.blackjackinfo.com\/blackjack-school\/lesson-17-advanced-course-part-5\/#breadcrumb\"},\"inLanguage\":\"it-IT\",\"potentialAction\":[{\"@type\":\"ReadAction\",\"target\":[\"https:\/\/www.blackjackinfo.com\/blackjack-school\/lesson-17-advanced-course-part-5\/\"]}]},{\"@type\":\"BreadcrumbList\",\"@id\":\"https:\/\/www.blackjackinfo.com\/blackjack-school\/lesson-17-advanced-course-part-5\/#breadcrumb\",\"itemListElement\":[{\"@type\":\"ListItem\",\"position\":1,\"name\":\"Home\",\"item\":\"https:\/\/www.blackjackinfo.com\/\"},{\"@type\":\"ListItem\",\"position\":2,\"name\":\"Blackjack School &#8211; A Free 24-Lesson Class on Card Counting\",\"item\":\"https:\/\/www.blackjackinfo.com\/blackjack-school\/\"},{\"@type\":\"ListItem\",\"position\":3,\"name\":\"Lesson 17 &#8211; The Advanced Course &#8211; Part 5\"}]},{\"@type\":\"WebSite\",\"@id\":\"https:\/\/www.blackjackinfo.com\/#website\",\"url\":\"https:\/\/www.blackjackinfo.com\/\",\"name\":\"BlackjackInfo.com\",\"description\":\"Because Winning is More Fun!\",\"potentialAction\":[{\"@type\":\"SearchAction\",\"target\":{\"@type\":\"EntryPoint\",\"urlTemplate\":\"https:\/\/www.blackjackinfo.com\/?s={search_term_string}\"},\"query-input\":{\"@type\":\"PropertyValueSpecification\",\"valueRequired\":true,\"valueName\":\"search_term_string\"}}],\"inLanguage\":\"it-IT\"}]}<\/script>\n<!-- \/ Yoast SEO plugin. -->","yoast_head_json":{"title":"Scuola di Blackjack \u1408 Lezione 17 - Il corso avanzato - Parte 5","description":"Lezione 17 della Scuola gratuita di Blackjack del GameMaster: un quiz sulle variazioni della strategia di base.","robots":{"index":"index","follow":"follow","max-snippet":"max-snippet:-1","max-image-preview":"max-image-preview:large","max-video-preview":"max-video-preview:-1"},"canonical":"https:\/\/www.blackjackinfo.com\/it\/scuola-di-blackjack\/lezione-17-corso-avanzato-parte-5\/","og_locale":"it_IT","og_type":"article","og_title":"Blackjack School \u1408 Lesson 17 - The Advanced Course - Part 5","og_description":"Lesson 17 in the GameMaster's Free Blackjack School - a quiz on basic strategy variations.","og_url":"https:\/\/www.blackjackinfo.com\/it\/scuola-di-blackjack\/lezione-17-corso-avanzato-parte-5\/","og_site_name":"BlackjackInfo.com","article_modified_time":"2019-04-09T05:38:15+00:00","twitter_misc":{"Tempo di lettura stimato":"3 minuti"},"schema":{"@context":"https:\/\/schema.org","@graph":[{"@type":"WebPage","@id":"https:\/\/www.blackjackinfo.com\/blackjack-school\/lesson-17-advanced-course-part-5\/","url":"https:\/\/www.blackjackinfo.com\/blackjack-school\/lesson-17-advanced-course-part-5\/","name":"Scuola di Blackjack \u1408 Lezione 17 - Il corso avanzato - Parte 5","isPartOf":{"@id":"https:\/\/www.blackjackinfo.com\/#website"},"datePublished":"2014-10-20T02:14:38+00:00","dateModified":"2019-04-09T05:38:15+00:00","description":"Lezione 17 della Scuola gratuita di Blackjack del GameMaster: un quiz sulle variazioni della strategia di base.","breadcrumb":{"@id":"https:\/\/www.blackjackinfo.com\/blackjack-school\/lesson-17-advanced-course-part-5\/#breadcrumb"},"inLanguage":"it-IT","potentialAction":[{"@type":"ReadAction","target":["https:\/\/www.blackjackinfo.com\/blackjack-school\/lesson-17-advanced-course-part-5\/"]}]},{"@type":"BreadcrumbList","@id":"https:\/\/www.blackjackinfo.com\/blackjack-school\/lesson-17-advanced-course-part-5\/#breadcrumb","itemListElement":[{"@type":"ListItem","position":1,"name":"Home","item":"https:\/\/www.blackjackinfo.com\/"},{"@type":"ListItem","position":2,"name":"Blackjack School &#8211; A Free 24-Lesson Class on Card Counting","item":"https:\/\/www.blackjackinfo.com\/blackjack-school\/"},{"@type":"ListItem","position":3,"name":"Lesson 17 &#8211; The Advanced Course &#8211; Part 5"}]},{"@type":"WebSite","@id":"https:\/\/www.blackjackinfo.com\/#website","url":"https:\/\/www.blackjackinfo.com\/","name":"BlackjackInfo.com","description":"Perch\u00e9 vincere \u00e8 pi\u00f9 divertente!","potentialAction":[{"@type":"SearchAction","target":{"@type":"EntryPoint","urlTemplate":"https:\/\/www.blackjackinfo.com\/?s={search_term_string}"},"query-input":{"@type":"PropertyValueSpecification","valueRequired":true,"valueName":"search_term_string"}}],"inLanguage":"it-IT"}]}},"_links":{"self":[{"href":"https:\/\/www.blackjackinfo.com\/it\/wp-json\/wp\/v2\/pages\/750","targetHints":{"allow":["GET"]}}],"collection":[{"href":"https:\/\/www.blackjackinfo.com\/it\/wp-json\/wp\/v2\/pages"}],"about":[{"href":"https:\/\/www.blackjackinfo.com\/it\/wp-json\/wp\/v2\/types\/page"}],"author":[{"embeddable":true,"href":"https:\/\/www.blackjackinfo.com\/it\/wp-json\/wp\/v2\/users\/2"}],"replies":[{"embeddable":true,"href":"https:\/\/www.blackjackinfo.com\/it\/wp-json\/wp\/v2\/comments?post=750"}],"version-history":[{"count":5,"href":"https:\/\/www.blackjackinfo.com\/it\/wp-json\/wp\/v2\/pages\/750\/revisions"}],"predecessor-version":[{"id":5315,"href":"https:\/\/www.blackjackinfo.com\/it\/wp-json\/wp\/v2\/pages\/750\/revisions\/5315"}],"up":[{"embeddable":true,"href":"https:\/\/www.blackjackinfo.com\/it\/wp-json\/wp\/v2\/pages\/634"}],"wp:attachment":[{"href":"https:\/\/www.blackjackinfo.com\/it\/wp-json\/wp\/v2\/media?parent=750"}],"wp:term":[{"taxonomy":"post_tag","embeddable":true,"href":"https:\/\/www.blackjackinfo.com\/it\/wp-json\/wp\/v2\/tags?post=750"}],"curies":[{"name":"wp","href":"https:\/\/api.w.org\/{rel}","templated":true}]}}