{"id":752,"date":"2014-10-19T21:16:40","date_gmt":"2014-10-20T02:16:40","guid":{"rendered":"http:\/\/test.blackjackinfo.com\/?page_id=752"},"modified":"2020-02-18T17:59:11","modified_gmt":"2020-02-18T23:59:11","slug":"lezione-18-blackjack-avanzato-a-mazzo-singolo-parte-1","status":"publish","type":"page","link":"https:\/\/www.blackjackinfo.com\/it\/blackjack-school\/lesson-18-advanced-single-deck-blackjack-part-1\/","title":{"rendered":"Lezione 18 - Blackjack avanzato a un solo banco - Parte 1"},"content":{"rendered":"<p class=\"intro\">\nSebbene gran parte del conteggio delle carte sia una scienza - la scienza della matematica - tutto ci\u00f2 assume una forma d'arte quando si gioca a un singolo mazzo.  <b>La vera conversione del conteggio \u00e8 difficile da eseguire rapidamente, \u00e8 difficile ottenere grandi spread di puntata (oltre 4 a 1) ed \u00e8 difficile mantenere un conteggio accurato in un gioco che viene distribuito a faccia in gi\u00f9 quando si \u00e8 abituati a contare quando tutte le carte sono a faccia in su.<\/b>  Ciononostante, vi esorto a imparare a giocare a un solo mazzo e, invece di sbattere la testa contro i giochi a pi\u00f9 mazzi della vostra zona, risparmiate i vostri soldi e fate 2 o 3 viaggi a Reno ogni anno.  No, non sono alle dipendenze della Camera di Commercio di Reno, ma posso dirvi che \u00e8 un ottimo posto per fare $$$ ai tavoli del Blackjack, \u00e8 relativamente economico e in genere molto facile da raggiungere da tutti gli Stati Uniti.  Certo, le loro regole, per la maggior parte, fanno schifo (raddoppiano solo su 10 e 11, non raddoppiano dopo lo split e il dealer colpisce A-6) e questo d\u00e0 ai casin\u00f2 lo stesso vantaggio di .5% che state combattendo ora, ma basta una carta +1 per pareggiare i conti con il banco e questo \u00e8 il vero fascino del single-deck.  Devo dire che alcuni casin\u00f2 di Reno (cos\u00ec come quelli di Tahoe e Laughlin) permettono di raddoppiare le prime due carte, per cui il vantaggio del casin\u00f2 scende a circa 0,2% e si tratta di un gioco molto facile da battere.<\/p>\n<p><b>La chiave per valutare un buon gioco a mazzo singolo \u00e8 il numero di carte che vedrete prima di un rimescolamento.<\/b>  Se si riesce a trovare una partita con una penetrazione di 60% e a farla franca con uno spread di scommesse di 5 a 1, \u00e8 abbastanza facile ottenere un tasso di vincita a lungo termine di 1,5% di tutto il denaro scommesso, semplicemente giocando con una strategia di base e variando le puntate in base al conteggio.  Se si modifica anche il gioco della mano in base al conteggio reale, \u00e8 possibile ottenere un tasso di vincita che si avvicina a 2%.  Si tratta di soldi seri per gli appassionati di Blackjack, quindi lo sforzo vale la pena.<br \/>\n<div class=\"row\" style=\"margin-bottom:20px\">\n    <div class=\"col-sm-12\">\n                <h2>I migliori casin\u00f2 online degli Stati Uniti <span\n                class=\"flag-icon flag-icon-us\"><\/span><\/h2>\n\n        \n                \n        <div class=\"ranking-table text-center\">\n            <div class=\"row flex ad-row\">\n                <div class=\"col-sm-3\">\n                    <div class=\"row flex\">\n\n                        <div class=\"col-sm-3\">\n                            <div class=\"ranking-number text-center\">\n\n                                1                                \n                            <\/div>\n                        <\/div>\n                        <div class=\"col-sm-9\">\n                            <img decoding=\"async\" src=\"https:\/\/www.blackjackinfo.com\/files\/bovada.png\" data-no-auto-translation=\"\">\n                        <\/div>\n                    <\/div>\n                <\/div>\n                <div class=\"col-sm-4\">\n                    <div class=\"bonus-text text-center\"><span class=\"red\">100% fino a $1.000<\/span><\/div>\n\t\t\t\t\t\n\n                <\/div>\n                <div class=\"col-sm-2\">\n                    <a class=\"btn btn-wire\" href=\"\/it\/casino\/bovada\/\">Recensione<\/a>\n\n                <\/div>\n                <div class=\"col-sm-3\">\n                    <a rel=\"nofollow\" target=\"_blank\" class=\"btn btn-blue\" href=\"\/goto\/goto\/\">Giocare\n                        Ora<\/a>\n\t\t\t\t\t\t\n\n                <\/div>\n            <\/div>\n        <\/div>\n\n\n\n        \n                \n        <div class=\"ranking-table text-center\">\n            <div class=\"row flex ad-row\">\n                <div class=\"col-sm-3\">\n                    <div class=\"row flex\">\n\n                        <div class=\"col-sm-3\">\n                            <div class=\"ranking-number text-center\">\n\n                                2                                \n                            <\/div>\n                        <\/div>\n                        <div class=\"col-sm-9\">\n                            <img decoding=\"async\" src=\"https:\/\/www.blackjackinfo.com\/files\/ignition-casino-logo.png\" data-no-auto-translation=\"\">\n                        <\/div>\n                    <\/div>\n                <\/div>\n                <div class=\"col-sm-4\">\n                    <div class=\"bonus-text text-center\"><span class=\"red\">100% fino a $1.000<\/span><\/div>\n\t\t\t\t\t\n\n                <\/div>\n                <div class=\"col-sm-2\">\n                    <a class=\"btn btn-wire\" href=\"\/it\/casino\/ignition-casino\/\">Recensione<\/a>\n\n                <\/div>\n                <div class=\"col-sm-3\">\n                    <a rel=\"nofollow\" target=\"_blank\" class=\"btn btn-blue\" href=\"\/goto\/goto\/\">Giocare\n                        Ora<\/a>\n\t\t\t\t\t\t\n\n                <\/div>\n            <\/div>\n        <\/div>\n\n\n\n        \n                \n        <div class=\"ranking-table text-center\">\n            <div class=\"row flex ad-row\">\n                <div class=\"col-sm-3\">\n                    <div class=\"row flex\">\n\n                        <div class=\"col-sm-3\">\n                            <div class=\"ranking-number text-center\">\n\n                                3                                \n                            <\/div>\n                        <\/div>\n                        <div class=\"col-sm-9\">\n                            <img decoding=\"async\" src=\"https:\/\/www.blackjackinfo.com\/files\/VipSlots-500x250_dark.svg\" data-no-auto-translation=\"\">\n                        <\/div>\n                    <\/div>\n                <\/div>\n                <div class=\"col-sm-4\">\n                    <div class=\"bonus-text text-center\"><span class=\"red\">100 SPIN GRATUITI su Vita segreta dei gatti<\/span><\/div>\n\t\t\t\t\t\n\n                <\/div>\n                <div class=\"col-sm-2\">\n                    <a class=\"btn btn-wire\" href=\"\/it\/casino\/vipslots-casino\/\">Recensione<\/a>\n\n                <\/div>\n                <div class=\"col-sm-3\">\n                    <a rel=\"nofollow\" target=\"_blank\" class=\"btn btn-blue\" href=\"\/goto\/goto\/\">Giocare\n                        Ora<\/a>\n\t\t\t\t\t\t\n\n                <\/div>\n            <\/div>\n        <\/div>\n\n\n\n        \n                \n        <div class=\"ranking-table text-center\">\n            <div class=\"row flex ad-row\">\n                <div class=\"col-sm-3\">\n                    <div class=\"row flex\">\n\n                        <div class=\"col-sm-3\">\n                            <div class=\"ranking-number text-center\">\n\n                                4                                \n                            <\/div>\n                        <\/div>\n                        <div class=\"col-sm-9\">\n                            <img decoding=\"async\" src=\"https:\/\/www.blackjackinfo.com\/files\/vegas_casino_online.png\" data-no-auto-translation=\"\">\n                        <\/div>\n                    <\/div>\n                <\/div>\n                <div class=\"col-sm-4\">\n                    <div class=\"bonus-text text-center\"><span class=\"red\">300% fino a $3.000<\/span><\/div>\n\t\t\t\t\t\n\n                <\/div>\n                <div class=\"col-sm-2\">\n                    <a class=\"btn btn-wire\" href=\"\/it\/casino\/vegas-casino-online-2\/\">Recensione<\/a>\n\n                <\/div>\n                <div class=\"col-sm-3\">\n                    <a rel=\"nofollow\" target=\"_blank\" class=\"btn btn-blue\" href=\"\/goto\/goto\/\">Giocare\n                        Ora<\/a>\n\t\t\t\t\t\t\n\n                <\/div>\n            <\/div>\n        <\/div>\n\n\n\n        \n                \n        <div class=\"ranking-table text-center\">\n            <div class=\"row flex ad-row\">\n                <div class=\"col-sm-3\">\n                    <div class=\"row flex\">\n\n                        <div class=\"col-sm-3\">\n                            <div class=\"ranking-number text-center\">\n\n                                5                                \n                            <\/div>\n                        <\/div>\n                        <div class=\"col-sm-9\">\n                            <img decoding=\"async\" src=\"https:\/\/www.blackjackinfo.com\/files\/cafe-casino-logo.svg\" data-no-auto-translation=\"\">\n                        <\/div>\n                    <\/div>\n                <\/div>\n                <div class=\"col-sm-4\">\n                    <div class=\"bonus-text text-center\"><span class=\"red\">250% fino a $1.500<\/span><\/div>\n\t\t\t\t\t\n\n                <\/div>\n                <div class=\"col-sm-2\">\n                    <a class=\"btn btn-wire\" href=\"\/it\/casino\/cafe-casino\/\">Recensione<\/a>\n\n                <\/div>\n                <div class=\"col-sm-3\">\n                    <a rel=\"nofollow\" target=\"_blank\" class=\"btn btn-blue\" href=\"\/goto\/goto\/\">Giocare\n                        Ora<\/a>\n\t\t\t\t\t\t\n\n                <\/div>\n            <\/div>\n        <\/div>\n\n\n\n            <\/div>\n<\/div><\/p>\n<h3>Quale sistema di conteggio?<\/h3>\n<p><b>Uso due sistemi diversi per il conteggio delle carte: il sistema Hi\/Lo per il gioco a pi\u00f9 mazzi e il sistema 'Hi-Opt 1' per il gioco a un solo mazzo.<\/b>  Quest'ultimo conta 3-6 come +1; 7,8,9 e asso come 0 e 10 come -1.  Poich\u00e9 ci sono solo quattro assi da tenere sotto controllo in una partita a mazzo singolo, trovo che omettere l'asso nel conteggio migliori il gioco della mano, ma posso comunque 'aggiustare' il conteggio ai fini delle puntate.  Parliamo per un momento di un conteggio laterale degli assi.  In una distribuzione normale ci aspettiamo di vedere un asso per ogni quarto di mazzo giocato, ma ovviamente questo non accade sempre.  Ad esempio, se \u00e8 stato giocato un quarto di mazzo e non sono usciti assi, il mazzo rimanente \u00e8 \"ricco\" di un asso.  Ai fini delle scommesse, posso aggiungere temporaneamente +1 al conteggio, ma ai fini del gioco il conteggio reale senza aggiustamenti \u00e8 corretto.  Capito questo concetto?  Se \u00e8 stato giocato un quarto di mazzo e sono usciti 2 assi, il mazzo rimanente \u00e8 'povero' di un asso, quindi abbasserei il conteggio di 1 (cio\u00e8 'aggiungerei' un meno 1 al conteggio) solo ai fini delle scommesse, poich\u00e9 la mia opportunit\u00e0 di ricevere un naturale \u00e8 diminuita.  Si tratta di un'aggiunta molto potente al vostro gioco, ma il mio consiglio \u00e8 di usarla solo nel gioco a mazzo singolo, perch\u00e9 l'aggiustamento degli asso \u00e8 molto impegnativo dal punto di vista mentale.<\/p>\n<p>Se volete imparare il conteggio Hi-Opt, utilizzate le stesse tecniche che vi ho mostrato per imparare il conteggio Hi\/Lo.  Tutte le mie tecniche avanzate, tuttavia, si baseranno sul sistema Hi\/Lo, dato che sembra essere il metodo utilizzato dalla maggior parte di voi.<\/p>\n<p><b>L'aspetto pi\u00f9 difficile del gioco a mazzo singolo \u00e8 il calcolo del conteggio reale.<\/b>  Per prima cosa \u00e8 necessario \"calibrare\" i propri occhi per misurare il numero di carte giocate.  Oggi la maggior parte dei casin\u00f2 fa s\u00ec che il croupier metta gli scarti in una rastrelliera a lato, a differenza dei \"vecchi\" tempi in cui gli scarti venivano messi sotto, quindi la stima del mazzo \u00e8 pi\u00f9 facile.  La parte pi\u00f9 difficile \u00e8 la divisione necessaria.  In un gioco a pi\u00f9 mazzi, stiamo quasi sempre dividendo un numero intero (il conteggio in corso) per un altro numero che sia almeno 1. Certo, alcune persone hanno il problema di dividere 17 per 2,5 rapidamente, ma non ci vuole molto per abituarsi.  In un mazzo singolo, si deve sempre dividere per una frazione o un decimale e questo non \u00e8 facile.  Ad esempio, se si \u00e8 in una partita a mazzo singolo ed \u00e8 stato giocato un quarto di mazzo, con un conteggio in corso di 3, il vero conteggio \u00e8 3 diviso per .75 = 4. Questo \u00e8 un esempio facile da capire.  Questo \u00e8 in realt\u00e0 un esempio facile.  Provate a dividere un conteggio di 5 per 0,5. La risposta \u00e8 ovviamente 10.  La risposta \u00e8 ovviamente 10, ma quanti di voi volevano dire 2,5 o 1?  Solo la pratica render\u00e0 questo processo automatico.<\/p>\n<h3>Compiti a casa<\/h3>\n<p>Continuare a imparare i numeri decisionali per le variazioni della strategia di base Hi\/Lo nei giochi a pi\u00f9 mazzi.  Per gli \"overachievers\", iniziare a imparare il conteggio Hi-Opt 1.<\/p>","protected":false},"excerpt":{"rendered":"<p>While much of card-counting is a science &#8212; the science of mathematics &#8212; it all takes on something of an art form when playing at a single-deck game. True count conversion is difficult to do quickly, large bet spreads (over 4 to 1) are difficult to obtain and it&#8217;s hard to keep an accurate count [&hellip;]<\/p>\n","protected":false},"author":2,"featured_media":0,"parent":634,"menu_order":0,"comment_status":"open","ping_status":"open","template":"page-blackjack-school.php","meta":{"_acf_changed":false,"footnotes":""},"tags":[],"class_list":["post-752","page","type-page","status-publish","hentry"],"acf":[],"yoast_head":"<!-- This site is optimized with the Yoast SEO plugin v26.6 - https:\/\/yoast.com\/wordpress\/plugins\/seo\/ -->\n<title>Blackjack School \u1408 Lesson 18 - Advanced Single-Deck Blackjack - Part 1<\/title>\n<meta name=\"description\" content=\"Lesson 18 in the GameMaster&#039;s Free Blackjack School - Single deck blackjack.\" \/>\n<meta name=\"robots\" content=\"index, follow, max-snippet:-1, max-image-preview:large, max-video-preview:-1\" \/>\n<link rel=\"canonical\" href=\"https:\/\/www.blackjackinfo.com\/it\/scuola-di-blackjack\/lezione-18-blackjack-avanzato-a-mazzo-singolo-parte-1\/\" \/>\n<meta property=\"og:locale\" content=\"it_IT\" \/>\n<meta property=\"og:type\" content=\"article\" \/>\n<meta property=\"og:title\" content=\"Blackjack School \u1408 Lesson 18 - Advanced Single-Deck Blackjack - Part 1\" \/>\n<meta property=\"og:description\" content=\"Lesson 18 in the GameMaster&#039;s Free Blackjack School - Single deck blackjack.\" \/>\n<meta property=\"og:url\" content=\"https:\/\/www.blackjackinfo.com\/it\/scuola-di-blackjack\/lezione-18-blackjack-avanzato-a-mazzo-singolo-parte-1\/\" \/>\n<meta property=\"og:site_name\" content=\"BlackjackInfo.com\" \/>\n<meta property=\"article:modified_time\" content=\"2020-02-18T23:59:11+00:00\" \/>\n<meta name=\"twitter:label1\" content=\"Tempo di lettura stimato\" \/>\n\t<meta name=\"twitter:data1\" content=\"4 minuti\" \/>\n<script type=\"application\/ld+json\" class=\"yoast-schema-graph\">{\"@context\":\"https:\/\/schema.org\",\"@graph\":[{\"@type\":\"WebPage\",\"@id\":\"https:\/\/www.blackjackinfo.com\/blackjack-school\/lesson-18-advanced-single-deck-blackjack-part-1\/\",\"url\":\"https:\/\/www.blackjackinfo.com\/blackjack-school\/lesson-18-advanced-single-deck-blackjack-part-1\/\",\"name\":\"Blackjack School \u1408 Lesson 18 - Advanced Single-Deck Blackjack - Part 1\",\"isPartOf\":{\"@id\":\"https:\/\/www.blackjackinfo.com\/#website\"},\"datePublished\":\"2014-10-20T02:16:40+00:00\",\"dateModified\":\"2020-02-18T23:59:11+00:00\",\"description\":\"Lesson 18 in the GameMaster's Free Blackjack School - Single deck blackjack.\",\"breadcrumb\":{\"@id\":\"https:\/\/www.blackjackinfo.com\/blackjack-school\/lesson-18-advanced-single-deck-blackjack-part-1\/#breadcrumb\"},\"inLanguage\":\"it-IT\",\"potentialAction\":[{\"@type\":\"ReadAction\",\"target\":[\"https:\/\/www.blackjackinfo.com\/blackjack-school\/lesson-18-advanced-single-deck-blackjack-part-1\/\"]}]},{\"@type\":\"BreadcrumbList\",\"@id\":\"https:\/\/www.blackjackinfo.com\/blackjack-school\/lesson-18-advanced-single-deck-blackjack-part-1\/#breadcrumb\",\"itemListElement\":[{\"@type\":\"ListItem\",\"position\":1,\"name\":\"Home\",\"item\":\"https:\/\/www.blackjackinfo.com\/\"},{\"@type\":\"ListItem\",\"position\":2,\"name\":\"Blackjack School &#8211; A Free 24-Lesson Class on Card Counting\",\"item\":\"https:\/\/www.blackjackinfo.com\/blackjack-school\/\"},{\"@type\":\"ListItem\",\"position\":3,\"name\":\"Lesson 18 &#8211; Advanced Single-Deck Blackjack &#8211; Part 1\"}]},{\"@type\":\"WebSite\",\"@id\":\"https:\/\/www.blackjackinfo.com\/#website\",\"url\":\"https:\/\/www.blackjackinfo.com\/\",\"name\":\"BlackjackInfo.com\",\"description\":\"Because Winning is More Fun!\",\"potentialAction\":[{\"@type\":\"SearchAction\",\"target\":{\"@type\":\"EntryPoint\",\"urlTemplate\":\"https:\/\/www.blackjackinfo.com\/?s={search_term_string}\"},\"query-input\":{\"@type\":\"PropertyValueSpecification\",\"valueRequired\":true,\"valueName\":\"search_term_string\"}}],\"inLanguage\":\"it-IT\"}]}<\/script>\n<!-- \/ Yoast SEO plugin. -->","yoast_head_json":{"title":"Scuola di Blackjack \u1408 Lezione 18 - Blackjack avanzato a un solo banco - Parte 1","description":"Lezione 18 della Scuola gratuita di blackjack del GameMaster - Blackjack a mazzo singolo.","robots":{"index":"index","follow":"follow","max-snippet":"max-snippet:-1","max-image-preview":"max-image-preview:large","max-video-preview":"max-video-preview:-1"},"canonical":"https:\/\/www.blackjackinfo.com\/it\/scuola-di-blackjack\/lezione-18-blackjack-avanzato-a-mazzo-singolo-parte-1\/","og_locale":"it_IT","og_type":"article","og_title":"Blackjack School \u1408 Lesson 18 - Advanced Single-Deck Blackjack - Part 1","og_description":"Lesson 18 in the GameMaster's Free Blackjack School - Single deck blackjack.","og_url":"https:\/\/www.blackjackinfo.com\/it\/scuola-di-blackjack\/lezione-18-blackjack-avanzato-a-mazzo-singolo-parte-1\/","og_site_name":"BlackjackInfo.com","article_modified_time":"2020-02-18T23:59:11+00:00","twitter_misc":{"Tempo di lettura stimato":"4 minuti"},"schema":{"@context":"https:\/\/schema.org","@graph":[{"@type":"WebPage","@id":"https:\/\/www.blackjackinfo.com\/blackjack-school\/lesson-18-advanced-single-deck-blackjack-part-1\/","url":"https:\/\/www.blackjackinfo.com\/blackjack-school\/lesson-18-advanced-single-deck-blackjack-part-1\/","name":"Scuola di Blackjack \u1408 Lezione 18 - Blackjack avanzato a un solo banco - Parte 1","isPartOf":{"@id":"https:\/\/www.blackjackinfo.com\/#website"},"datePublished":"2014-10-20T02:16:40+00:00","dateModified":"2020-02-18T23:59:11+00:00","description":"Lezione 18 della Scuola gratuita di blackjack del GameMaster - Blackjack a mazzo singolo.","breadcrumb":{"@id":"https:\/\/www.blackjackinfo.com\/blackjack-school\/lesson-18-advanced-single-deck-blackjack-part-1\/#breadcrumb"},"inLanguage":"it-IT","potentialAction":[{"@type":"ReadAction","target":["https:\/\/www.blackjackinfo.com\/blackjack-school\/lesson-18-advanced-single-deck-blackjack-part-1\/"]}]},{"@type":"BreadcrumbList","@id":"https:\/\/www.blackjackinfo.com\/blackjack-school\/lesson-18-advanced-single-deck-blackjack-part-1\/#breadcrumb","itemListElement":[{"@type":"ListItem","position":1,"name":"Home","item":"https:\/\/www.blackjackinfo.com\/"},{"@type":"ListItem","position":2,"name":"Blackjack School &#8211; A Free 24-Lesson Class on Card Counting","item":"https:\/\/www.blackjackinfo.com\/blackjack-school\/"},{"@type":"ListItem","position":3,"name":"Lesson 18 &#8211; Advanced Single-Deck Blackjack &#8211; Part 1"}]},{"@type":"WebSite","@id":"https:\/\/www.blackjackinfo.com\/#website","url":"https:\/\/www.blackjackinfo.com\/","name":"BlackjackInfo.com","description":"Perch\u00e9 vincere \u00e8 pi\u00f9 divertente!","potentialAction":[{"@type":"SearchAction","target":{"@type":"EntryPoint","urlTemplate":"https:\/\/www.blackjackinfo.com\/?s={search_term_string}"},"query-input":{"@type":"PropertyValueSpecification","valueRequired":true,"valueName":"search_term_string"}}],"inLanguage":"it-IT"}]}},"_links":{"self":[{"href":"https:\/\/www.blackjackinfo.com\/it\/wp-json\/wp\/v2\/pages\/752","targetHints":{"allow":["GET"]}}],"collection":[{"href":"https:\/\/www.blackjackinfo.com\/it\/wp-json\/wp\/v2\/pages"}],"about":[{"href":"https:\/\/www.blackjackinfo.com\/it\/wp-json\/wp\/v2\/types\/page"}],"author":[{"embeddable":true,"href":"https:\/\/www.blackjackinfo.com\/it\/wp-json\/wp\/v2\/users\/2"}],"replies":[{"embeddable":true,"href":"https:\/\/www.blackjackinfo.com\/it\/wp-json\/wp\/v2\/comments?post=752"}],"version-history":[{"count":2,"href":"https:\/\/www.blackjackinfo.com\/it\/wp-json\/wp\/v2\/pages\/752\/revisions"}],"predecessor-version":[{"id":5467,"href":"https:\/\/www.blackjackinfo.com\/it\/wp-json\/wp\/v2\/pages\/752\/revisions\/5467"}],"up":[{"embeddable":true,"href":"https:\/\/www.blackjackinfo.com\/it\/wp-json\/wp\/v2\/pages\/634"}],"wp:attachment":[{"href":"https:\/\/www.blackjackinfo.com\/it\/wp-json\/wp\/v2\/media?parent=752"}],"wp:term":[{"taxonomy":"post_tag","embeddable":true,"href":"https:\/\/www.blackjackinfo.com\/it\/wp-json\/wp\/v2\/tags?post=752"}],"curies":[{"name":"wp","href":"https:\/\/api.w.org\/{rel}","templated":true}]}}