{"id":765,"date":"2014-10-20T14:54:21","date_gmt":"2014-10-20T19:54:21","guid":{"rendered":"http:\/\/test.blackjackinfo.com\/?page_id=765"},"modified":"2020-02-18T18:00:12","modified_gmt":"2020-02-19T00:00:12","slug":"lezione-21-battere-il-gioco-del-doppio-mazzo-parte-1","status":"publish","type":"page","link":"https:\/\/www.blackjackinfo.com\/it\/blackjack-school\/lesson-21-beating-the-double-deck-game-part-1\/","title":{"rendered":"Lezione 21 - Battere il gioco del doppio mazzo - Parte 1"},"content":{"rendered":"<p class=\"intro\">\n<b>A prima vista, sembrerebbe logico che un giocatore intelligente faccia meglio in un gioco che utilizza meno mazzi, ma non \u00e8 sempre cos\u00ec quando si confrontano i giochi a due mazzi con quelli a sei.<\/b>  Entrano in gioco molte variabili, non ultime le regole dei giochi, la puntata minima richiesta e la quantit\u00e0 di controlli che il personale di vigilanza del casin\u00f2 effettua sui giochi.  Se non contate le carte, \u00e8 molto probabile che vi convenga evitare i giochi a doppio mazzo.  So che alcuni di voi potrebbero essere sorpresi da questo commento, ma lo faccio basandomi sul fatto che molti casin\u00f2 hanno regole meno liberali sui loro giochi a doppio mazzo, ma richiedono puntate minime pi\u00f9 alte.  Di conseguenza, il margine complessivo del casin\u00f2 pu\u00f2 essere simile a quello del gioco a sei mazzi, ma dovrete puntare di pi\u00f9 su ogni mano per avere il privilegio di giocare.  Poich\u00e9 un giocatore che non gioca non pu\u00f2 ottenere un vantaggio a lungo termine rispetto al casin\u00f2, voi punterete solo di pi\u00f9 su base costante e il casin\u00f2 finir\u00e0 per ottenere il vostro $$$.<\/p>\n<p>Non fraintendetemi; <b>se le regole sono le stesse, un gioco che utilizza due mazzi avr\u00e0 un margine del casin\u00f2 inferiore rispetto a uno che utilizza sei mazzi, eppure le strategie sono quasi identiche.<\/b>  Se le puntate minime sono le stesse (o sono almeno alla portata del vostro livello di comfort), allora optate per il 2-decker.  A proposito, questo \u00e8 un punto chiave.  La strategia di base corretta per un gioco a due mazzi \u00e8 molto simile a quella di un gioco a quattro o sei mazzi, molto pi\u00f9 di un gioco a un solo mazzo.  Le poche differenze tra una partita a due e a sei mazzi con le stesse regole (il banco colpisce o sta su un 17 morbido, il raddoppio dopo la divisione \u00e8 consentito, ecc.) riguardano principalmente la divisione delle coppie e, poich\u00e9 le coppie sono le mani pi\u00f9 rare che si possono ottenere, l'impatto \u00e8 trascurabile.  Potrei sbagliarmi, quindi verificate, ma credo che l'unico cambiamento consista nello splittare una coppia di 7 contro un 8 del banco in una partita a due piani.  In una partita a sei mazzi, non lo si fa.  Non \u00e8 una mano che vedrete tutti i giorni, in ogni caso.<\/p>\n<div class=\"bji-note\">\n<b>Nota dell'editore di BlackjackInfo.com:<\/b><br \/>\nCi sono solo pochi cambiamenti nella strategia tra il gioco a 6 mazzi e quello a 2 mazzi.  In una partita S17 a 2 mazzi: Split 77v8, Split 66v7 e Double 9v2.  Se la partita \u00e8 H17, raddoppiare anche A3v4.<\/div>\n<p><b>Il punto \u00e8 che si pu\u00f2 andare avanti e indietro tra giochi DD e 6D senza preoccuparsi di giocare in modo improprio, ma la domanda principale \u00e8 se si debba o meno farlo.<\/b>  Abbiamo gi\u00e0 trattato la situazione di chi non conta, quindi rivolgiamo la nostra attenzione a coloro che contano.  Anche in questa situazione, il gioco a due mazzi non \u00e8 necessariamente la scelta migliore e vi mostrer\u00f2 il perch\u00e9 man mano che procediamo.<\/p>\n<p><b>Per qualche motivo, molti casin\u00f2 trattano i giochi a doppio mazzo come giochi \"premium\",<\/b> quindi hanno puntate minime pi\u00f9 alte, possono avere regole meno liberali, una penetrazione meno favorevole e di solito sono osservati pi\u00f9 da vicino dai \"pit critters\", come li chiamiamo affettuosamente qui.   Alcuni casin\u00f2 sembrano pensare che i banchi si presentino in massa ai loro giochi DD e portino via fiches a palate, ma non \u00e8 necessariamente cos\u00ec.  Conosco alcuni giochi che sono molto facili da battere, ma sono pochi e molto distanti tra loro.  <b>La realt\u00e0 \u00e8 che per battere il doppio piano ci vuole uno sforzo in pi\u00f9 e un po' di gioco pulito da parte del banco. <\/b> Ma siete venuti qui per avere delle risposte e io le ho.<\/p>\n<p><b>Il vantaggio principale del gioco a due mazzi \u00e8 la volatilit\u00e0 del conteggio.<\/b>  A differenza di una partita a 4 o 6 mazzi, in una partita DD il conteggio in corso, che viene convertito in vero conteggio (conteggio per ogni mazzo rimanente), pu\u00f2 aumentare o diminuire rapidamente, ma sparisce quasi altrettanto rapidamente, a causa del mescolamento.  Questo \u00e8 ovviamente positivo quando il conteggio \u00e8 negativo, ma non \u00e8 affatto divertente quando il conteggio \u00e8 \"alto\".  Le cose accadono rapidamente in un gioco DD e il contatore saggio ne approfitta, ma richiede una buona abilit\u00e0 nel convertire il conteggio vero e una certa capacit\u00e0 di anticipare ci\u00f2 che sta per accadere, ricordando che non si fanno mai congetture quando si conta.<br \/>\n<div class=\"row\" style=\"margin-bottom:20px\">\n    <div class=\"col-sm-12\">\n                <h2>I migliori casin\u00f2 online degli Stati Uniti <span\n                class=\"flag-icon flag-icon-us\"><\/span><\/h2>\n\n        \n                \n        <div class=\"ranking-table text-center\">\n            <div class=\"row flex ad-row\">\n                <div class=\"col-sm-3\">\n                    <div class=\"row flex\">\n\n                        <div class=\"col-sm-3\">\n                            <div class=\"ranking-number text-center\">\n\n                                1                                \n                            <\/div>\n                        <\/div>\n                        <div class=\"col-sm-9\">\n                            <img decoding=\"async\" src=\"https:\/\/www.blackjackinfo.com\/files\/bovada.png\" data-no-auto-translation=\"\">\n                        <\/div>\n                    <\/div>\n                <\/div>\n                <div class=\"col-sm-4\">\n                    <div class=\"bonus-text text-center\"><span class=\"red\">100% fino a $1.000<\/span><\/div>\n\t\t\t\t\t\n\n                <\/div>\n                <div class=\"col-sm-2\">\n                    <a class=\"btn btn-wire\" href=\"\/it\/casino\/bovada\/\">Recensione<\/a>\n\n                <\/div>\n                <div class=\"col-sm-3\">\n                    <a rel=\"nofollow\" target=\"_blank\" class=\"btn btn-blue\" href=\"\/goto\/goto\/\">Giocare\n                        Ora<\/a>\n\t\t\t\t\t\t\n\n                <\/div>\n            <\/div>\n        <\/div>\n\n\n\n        \n                \n        <div class=\"ranking-table text-center\">\n            <div class=\"row flex ad-row\">\n                <div class=\"col-sm-3\">\n                    <div class=\"row flex\">\n\n                        <div class=\"col-sm-3\">\n                            <div class=\"ranking-number text-center\">\n\n                                2                                \n                            <\/div>\n                        <\/div>\n                        <div class=\"col-sm-9\">\n                            <img decoding=\"async\" src=\"https:\/\/www.blackjackinfo.com\/files\/ignition-casino-logo.png\" data-no-auto-translation=\"\">\n                        <\/div>\n                    <\/div>\n                <\/div>\n                <div class=\"col-sm-4\">\n                    <div class=\"bonus-text text-center\"><span class=\"red\">100% fino a $1.000<\/span><\/div>\n\t\t\t\t\t\n\n                <\/div>\n                <div class=\"col-sm-2\">\n                    <a class=\"btn btn-wire\" href=\"\/it\/casino\/ignition-casino\/\">Recensione<\/a>\n\n                <\/div>\n                <div class=\"col-sm-3\">\n                    <a rel=\"nofollow\" target=\"_blank\" class=\"btn btn-blue\" href=\"\/goto\/goto\/\">Giocare\n                        Ora<\/a>\n\t\t\t\t\t\t\n\n                <\/div>\n            <\/div>\n        <\/div>\n\n\n\n        \n                \n        <div class=\"ranking-table text-center\">\n            <div class=\"row flex ad-row\">\n                <div class=\"col-sm-3\">\n                    <div class=\"row flex\">\n\n                        <div class=\"col-sm-3\">\n                            <div class=\"ranking-number text-center\">\n\n                                3                                \n                            <\/div>\n                        <\/div>\n                        <div class=\"col-sm-9\">\n                            <img decoding=\"async\" src=\"https:\/\/www.blackjackinfo.com\/files\/VipSlots-500x250_dark.svg\" data-no-auto-translation=\"\">\n                        <\/div>\n                    <\/div>\n                <\/div>\n                <div class=\"col-sm-4\">\n                    <div class=\"bonus-text text-center\"><span class=\"red\">100 SPIN GRATUITI su Vita segreta dei gatti<\/span><\/div>\n\t\t\t\t\t\n\n                <\/div>\n                <div class=\"col-sm-2\">\n                    <a class=\"btn btn-wire\" href=\"\/it\/casino\/vipslots-casino\/\">Recensione<\/a>\n\n                <\/div>\n                <div class=\"col-sm-3\">\n                    <a rel=\"nofollow\" target=\"_blank\" class=\"btn btn-blue\" href=\"\/goto\/goto\/\">Giocare\n                        Ora<\/a>\n\t\t\t\t\t\t\n\n                <\/div>\n            <\/div>\n        <\/div>\n\n\n\n        \n                \n        <div class=\"ranking-table text-center\">\n            <div class=\"row flex ad-row\">\n                <div class=\"col-sm-3\">\n                    <div class=\"row flex\">\n\n                        <div class=\"col-sm-3\">\n                            <div class=\"ranking-number text-center\">\n\n                                4                                \n                            <\/div>\n                        <\/div>\n                        <div class=\"col-sm-9\">\n                            <img decoding=\"async\" src=\"https:\/\/www.blackjackinfo.com\/files\/vegas_casino_online.png\" data-no-auto-translation=\"\">\n                        <\/div>\n                    <\/div>\n                <\/div>\n                <div class=\"col-sm-4\">\n                    <div class=\"bonus-text text-center\"><span class=\"red\">300% fino a $3.000<\/span><\/div>\n\t\t\t\t\t\n\n                <\/div>\n                <div class=\"col-sm-2\">\n                    <a class=\"btn btn-wire\" href=\"\/it\/casino\/vegas-casino-online-2\/\">Recensione<\/a>\n\n                <\/div>\n                <div class=\"col-sm-3\">\n                    <a rel=\"nofollow\" target=\"_blank\" class=\"btn btn-blue\" href=\"\/goto\/goto\/\">Giocare\n                        Ora<\/a>\n\t\t\t\t\t\t\n\n                <\/div>\n            <\/div>\n        <\/div>\n\n\n\n        \n                \n        <div class=\"ranking-table text-center\">\n            <div class=\"row flex ad-row\">\n                <div class=\"col-sm-3\">\n                    <div class=\"row flex\">\n\n                        <div class=\"col-sm-3\">\n                            <div class=\"ranking-number text-center\">\n\n                                5                                \n                            <\/div>\n                        <\/div>\n                        <div class=\"col-sm-9\">\n                            <img decoding=\"async\" src=\"https:\/\/www.blackjackinfo.com\/files\/cafe-casino-logo.svg\" data-no-auto-translation=\"\">\n                        <\/div>\n                    <\/div>\n                <\/div>\n                <div class=\"col-sm-4\">\n                    <div class=\"bonus-text text-center\"><span class=\"red\">250% fino a $1.500<\/span><\/div>\n\t\t\t\t\t\n\n                <\/div>\n                <div class=\"col-sm-2\">\n                    <a class=\"btn btn-wire\" href=\"\/it\/casino\/cafe-casino\/\">Recensione<\/a>\n\n                <\/div>\n                <div class=\"col-sm-3\">\n                    <a rel=\"nofollow\" target=\"_blank\" class=\"btn btn-blue\" href=\"\/goto\/goto\/\">Giocare\n                        Ora<\/a>\n\t\t\t\t\t\t\n\n                <\/div>\n            <\/div>\n        <\/div>\n\n\n\n            <\/div>\n<\/div><\/p>\n<h3>La chiave: La penetrazione<\/h3>\n<p><b>Poich\u00e9 un gioco DD utilizza solo 104 carte, contro le 312 di un gioco 6D, solo qualche carta di penetrazione in pi\u00f9 pu\u00f2 fare una grande differenza nella qualit\u00e0 del gioco. <\/b> Nelle mie lezioni di Blackjack School, vi dico che state perdendo tempo se giocate a un gioco a 6 mazzi in cui meno di 65% delle carte sono distribuite prima del mescolamento.  <b>In una situazione di DD, la penetrazione di 65% \u00e8 molto accettabile, 75% \u00e8 fantastica e 80% o pi\u00f9 \u00e8 fenomenale.<\/b>  \u00c8 pi\u00f9 probabile trovare una penetrazione nella gamma 50%.  S\u00ec, hanno messo insieme due mazzi e poi ne hanno usato solo uno!  Odio quando questo accade.<\/p>\n<p><b>Ma la penetrazione \u00e8 molto importante, quindi \u00e8 un aspetto con cui bisogna familiarizzare.<\/b>  Se giocate una partita DD in cui il banco batte A-6, potete raddoppiare su tutte le prime due carte, raddoppiare dopo lo split, ecc. e utilizzate uno \"spread\" di scommesse di 1-8 (lo spiegher\u00f2 pi\u00f9 avanti) e il casin\u00f2 distribuisce solo 50% delle carte, il vostro vantaggio a lungo termine, come determinato dalle simulazioni che ho eseguito su Statistical Blackjack Analyzer, sar\u00e0 di circa 0,64%.  Se la penetrazione sale a 60%, il vantaggio del giocatore sale a 0,95% e con una penetrazione di 75% \u00e8 di 1,47%.  Non \u00e8 male, insomma.<\/p>\n<p><b>Ricapitoliamo<\/b> in modo che rimanga con voi:<\/p>\n<div class=\"col-sm-6 col-center\">\n<table class=\"data-table text-center\">\n<tbody>\n<tr>\n<th colspan=\"2\">L'impatto della penetrazione su un gioco a due mazzi<\/th>\n<\/tr>\n<tr>\n<td>Percentuale di penetrazione<\/td>\n<td>Bordo teorico del giocatore<\/td>\n<\/tr>\n<tr>\n<td>50%<\/td>\n<td>0.64%<\/td>\n<\/tr>\n<tr>\n<td>60%<\/td>\n<td>0.95%<\/td>\n<\/tr>\n<tr>\n<td>66%<\/td>\n<td>1.14%<\/td>\n<\/tr>\n<tr>\n<td>75%<\/td>\n<td>1.47%<\/td>\n<\/tr>\n<\/tbody>\n<\/table>\n<\/div>\n<p>Un \"trucco\" che sottolineo nelle mie lezioni \u00e8 quello di lasciare il tavolo quando il True Count scende a -1 o meno, se possibile.  Questo pu\u00f2 essere abbastanza facile da fare nelle partite a 6 mazzi e non cos\u00ec facile da fare nelle partite DD. <b> Pertanto, \u00e8 necessario accettare il fatto che si giocher\u00e0 in tutti i conteggi, il che rende il fattore di penetrazione ancora pi\u00f9 importante.<\/b>  Noi lo chiamiamo \"play all\" e le cifre di cui sopra sono state calcolate in queste condizioni.  A proposito, \u00e8 necessario ricordare che il software di simulazione gioca perfettamente a Blackjack, mentre noi umani non lo facciamo.  Ecco perch\u00e9 uso il termine \"margine teorico\" del giocatore; questo \u00e8 pi\u00f9 o meno il massimo che potr\u00e0 mai essere, ma per la realt\u00e0 \u00e8 inferiore di 10%.<\/p>\n<h3>Come iniziare<\/h3>\n<p>Se non avete mai giocato ai giochi DD come banco, dovete prima fare una pianificazione di base.  Sebbene non siano un mondo a parte rispetto ai giochi 6D, ecco alcune differenze da considerare:<\/p>\n<ul>\n<li>Molti giochi DD, anche se non tutti, vengono distribuiti a faccia in gi\u00f9 e questo richiede di contare le carte in modo diverso.<\/li>\n<li>Poich\u00e9 sar\u00e0 difficile lasciare il tavolo quando il conto scende, dovrete imparare pi\u00f9 varianti \"negative\" della Strategia di base.<\/li>\n<li>Molti giochi DD richiedono che il banco colpisca un 17 morbido (lo supporr\u00f2 per tutta la serie), quindi \u00e8 necessario apportare alcune modifiche alla strategia di base.  Potete trovarle su www.blackjackinfo.com<\/li>\n<li>Dato che la penetrazione \u00e8 un fattore cruciale, dovreste prima controllare il vostro gioco locale per vedere se ne vale la pena.  Verificate le regole mentre siete l\u00ec.<\/li>\n<\/ul>\n<p>Quindi, iniziate a fare i vostri compiti e torner\u00f2 la prossima volta con un piano per scommettere su questo gioco.<\/p>","protected":false},"excerpt":{"rendered":"<p>At first glance, it would seem only logical that a smart player will do better at a game that uses fewer decks, but that&#8217;s not always the case when you compare double-deck games with six-deck games. A lot of variables come into play, not the least of which are the rules of the games, the [&hellip;]<\/p>\n","protected":false},"author":2,"featured_media":0,"parent":634,"menu_order":0,"comment_status":"open","ping_status":"open","template":"page-blackjack-school.php","meta":{"_acf_changed":false,"footnotes":""},"tags":[],"class_list":["post-765","page","type-page","status-publish","hentry"],"acf":[],"yoast_head":"<!-- This site is optimized with the Yoast SEO plugin v26.6 - https:\/\/yoast.com\/wordpress\/plugins\/seo\/ -->\n<title>Blackjack School \u1408 Lesson 21 - Beating the Double-Deck Game - Part 1<\/title>\n<meta name=\"description\" content=\"Lesson 21 in the GameMaster&#039;s Free Blackjack School - Attacking the Double-Deck Game.\" \/>\n<meta name=\"robots\" content=\"index, follow, max-snippet:-1, max-image-preview:large, max-video-preview:-1\" \/>\n<link rel=\"canonical\" href=\"https:\/\/www.blackjackinfo.com\/it\/scuola-di-blackjack\/lezione-21-battere-il-gioco-del-doppio-mazzo-parte-1\/\" \/>\n<meta property=\"og:locale\" content=\"it_IT\" \/>\n<meta property=\"og:type\" content=\"article\" \/>\n<meta property=\"og:title\" content=\"Blackjack School \u1408 Lesson 21 - Beating the Double-Deck Game - Part 1\" \/>\n<meta property=\"og:description\" content=\"Lesson 21 in the GameMaster&#039;s Free Blackjack School - Attacking the Double-Deck Game.\" \/>\n<meta property=\"og:url\" content=\"https:\/\/www.blackjackinfo.com\/it\/scuola-di-blackjack\/lezione-21-battere-il-gioco-del-doppio-mazzo-parte-1\/\" \/>\n<meta property=\"og:site_name\" content=\"BlackjackInfo.com\" \/>\n<meta property=\"article:modified_time\" content=\"2020-02-19T00:00:12+00:00\" \/>\n<meta name=\"twitter:label1\" content=\"Tempo di lettura stimato\" \/>\n\t<meta name=\"twitter:data1\" content=\"6 minuti\" \/>\n<script type=\"application\/ld+json\" class=\"yoast-schema-graph\">{\"@context\":\"https:\/\/schema.org\",\"@graph\":[{\"@type\":\"WebPage\",\"@id\":\"https:\/\/www.blackjackinfo.com\/blackjack-school\/lesson-21-beating-the-double-deck-game-part-1\/\",\"url\":\"https:\/\/www.blackjackinfo.com\/blackjack-school\/lesson-21-beating-the-double-deck-game-part-1\/\",\"name\":\"Blackjack School \u1408 Lesson 21 - Beating the Double-Deck Game - Part 1\",\"isPartOf\":{\"@id\":\"https:\/\/www.blackjackinfo.com\/#website\"},\"datePublished\":\"2014-10-20T19:54:21+00:00\",\"dateModified\":\"2020-02-19T00:00:12+00:00\",\"description\":\"Lesson 21 in the GameMaster's Free Blackjack School - Attacking the Double-Deck Game.\",\"breadcrumb\":{\"@id\":\"https:\/\/www.blackjackinfo.com\/blackjack-school\/lesson-21-beating-the-double-deck-game-part-1\/#breadcrumb\"},\"inLanguage\":\"it-IT\",\"potentialAction\":[{\"@type\":\"ReadAction\",\"target\":[\"https:\/\/www.blackjackinfo.com\/blackjack-school\/lesson-21-beating-the-double-deck-game-part-1\/\"]}]},{\"@type\":\"BreadcrumbList\",\"@id\":\"https:\/\/www.blackjackinfo.com\/blackjack-school\/lesson-21-beating-the-double-deck-game-part-1\/#breadcrumb\",\"itemListElement\":[{\"@type\":\"ListItem\",\"position\":1,\"name\":\"Home\",\"item\":\"https:\/\/www.blackjackinfo.com\/\"},{\"@type\":\"ListItem\",\"position\":2,\"name\":\"Blackjack School &#8211; A Free 24-Lesson Class on Card Counting\",\"item\":\"https:\/\/www.blackjackinfo.com\/blackjack-school\/\"},{\"@type\":\"ListItem\",\"position\":3,\"name\":\"Lesson 21 &#8211; Beating the Double-Deck Game &#8211; Part 1\"}]},{\"@type\":\"WebSite\",\"@id\":\"https:\/\/www.blackjackinfo.com\/#website\",\"url\":\"https:\/\/www.blackjackinfo.com\/\",\"name\":\"BlackjackInfo.com\",\"description\":\"Because Winning is More Fun!\",\"potentialAction\":[{\"@type\":\"SearchAction\",\"target\":{\"@type\":\"EntryPoint\",\"urlTemplate\":\"https:\/\/www.blackjackinfo.com\/?s={search_term_string}\"},\"query-input\":{\"@type\":\"PropertyValueSpecification\",\"valueRequired\":true,\"valueName\":\"search_term_string\"}}],\"inLanguage\":\"it-IT\"}]}<\/script>\n<!-- \/ Yoast SEO plugin. -->","yoast_head_json":{"title":"Scuola di blackjack \u1408 Lezione 21 - Battere il gioco del doppio mazzo - Parte 1","description":"Lezione 21 della Scuola gratuita di Blackjack del GameMaster - Attaccare il gioco a doppio mazzo.","robots":{"index":"index","follow":"follow","max-snippet":"max-snippet:-1","max-image-preview":"max-image-preview:large","max-video-preview":"max-video-preview:-1"},"canonical":"https:\/\/www.blackjackinfo.com\/it\/scuola-di-blackjack\/lezione-21-battere-il-gioco-del-doppio-mazzo-parte-1\/","og_locale":"it_IT","og_type":"article","og_title":"Blackjack School \u1408 Lesson 21 - Beating the Double-Deck Game - Part 1","og_description":"Lesson 21 in the GameMaster's Free Blackjack School - Attacking the Double-Deck Game.","og_url":"https:\/\/www.blackjackinfo.com\/it\/scuola-di-blackjack\/lezione-21-battere-il-gioco-del-doppio-mazzo-parte-1\/","og_site_name":"BlackjackInfo.com","article_modified_time":"2020-02-19T00:00:12+00:00","twitter_misc":{"Tempo di lettura stimato":"6 minuti"},"schema":{"@context":"https:\/\/schema.org","@graph":[{"@type":"WebPage","@id":"https:\/\/www.blackjackinfo.com\/blackjack-school\/lesson-21-beating-the-double-deck-game-part-1\/","url":"https:\/\/www.blackjackinfo.com\/blackjack-school\/lesson-21-beating-the-double-deck-game-part-1\/","name":"Scuola di blackjack \u1408 Lezione 21 - Battere il gioco del doppio mazzo - Parte 1","isPartOf":{"@id":"https:\/\/www.blackjackinfo.com\/#website"},"datePublished":"2014-10-20T19:54:21+00:00","dateModified":"2020-02-19T00:00:12+00:00","description":"Lezione 21 della Scuola gratuita di Blackjack del GameMaster - Attaccare il gioco a doppio mazzo.","breadcrumb":{"@id":"https:\/\/www.blackjackinfo.com\/blackjack-school\/lesson-21-beating-the-double-deck-game-part-1\/#breadcrumb"},"inLanguage":"it-IT","potentialAction":[{"@type":"ReadAction","target":["https:\/\/www.blackjackinfo.com\/blackjack-school\/lesson-21-beating-the-double-deck-game-part-1\/"]}]},{"@type":"BreadcrumbList","@id":"https:\/\/www.blackjackinfo.com\/blackjack-school\/lesson-21-beating-the-double-deck-game-part-1\/#breadcrumb","itemListElement":[{"@type":"ListItem","position":1,"name":"Home","item":"https:\/\/www.blackjackinfo.com\/"},{"@type":"ListItem","position":2,"name":"Blackjack School &#8211; A Free 24-Lesson Class on Card Counting","item":"https:\/\/www.blackjackinfo.com\/blackjack-school\/"},{"@type":"ListItem","position":3,"name":"Lesson 21 &#8211; Beating the Double-Deck Game &#8211; Part 1"}]},{"@type":"WebSite","@id":"https:\/\/www.blackjackinfo.com\/#website","url":"https:\/\/www.blackjackinfo.com\/","name":"BlackjackInfo.com","description":"Perch\u00e9 vincere \u00e8 pi\u00f9 divertente!","potentialAction":[{"@type":"SearchAction","target":{"@type":"EntryPoint","urlTemplate":"https:\/\/www.blackjackinfo.com\/?s={search_term_string}"},"query-input":{"@type":"PropertyValueSpecification","valueRequired":true,"valueName":"search_term_string"}}],"inLanguage":"it-IT"}]}},"_links":{"self":[{"href":"https:\/\/www.blackjackinfo.com\/it\/wp-json\/wp\/v2\/pages\/765","targetHints":{"allow":["GET"]}}],"collection":[{"href":"https:\/\/www.blackjackinfo.com\/it\/wp-json\/wp\/v2\/pages"}],"about":[{"href":"https:\/\/www.blackjackinfo.com\/it\/wp-json\/wp\/v2\/types\/page"}],"author":[{"embeddable":true,"href":"https:\/\/www.blackjackinfo.com\/it\/wp-json\/wp\/v2\/users\/2"}],"replies":[{"embeddable":true,"href":"https:\/\/www.blackjackinfo.com\/it\/wp-json\/wp\/v2\/comments?post=765"}],"version-history":[{"count":6,"href":"https:\/\/www.blackjackinfo.com\/it\/wp-json\/wp\/v2\/pages\/765\/revisions"}],"predecessor-version":[{"id":5470,"href":"https:\/\/www.blackjackinfo.com\/it\/wp-json\/wp\/v2\/pages\/765\/revisions\/5470"}],"up":[{"embeddable":true,"href":"https:\/\/www.blackjackinfo.com\/it\/wp-json\/wp\/v2\/pages\/634"}],"wp:attachment":[{"href":"https:\/\/www.blackjackinfo.com\/it\/wp-json\/wp\/v2\/media?parent=765"}],"wp:term":[{"taxonomy":"post_tag","embeddable":true,"href":"https:\/\/www.blackjackinfo.com\/it\/wp-json\/wp\/v2\/tags?post=765"}],"curies":[{"name":"wp","href":"https:\/\/api.w.org\/{rel}","templated":true}]}}