{"id":776,"date":"2014-10-20T15:29:49","date_gmt":"2014-10-20T20:29:49","guid":{"rendered":"http:\/\/test.blackjackinfo.com\/?page_id=776"},"modified":"2020-02-18T18:01:18","modified_gmt":"2020-02-19T00:01:18","slug":"lezione-23-battere-il-gioco-del-doppio-mazzo-parte-3","status":"publish","type":"page","link":"https:\/\/www.blackjackinfo.com\/it\/blackjack-school\/lesson-23-beating-the-double-deck-game-part-3\/","title":{"rendered":"Lezione 23 - Battere il gioco del doppio mazzo - Parte 3"},"content":{"rendered":"<h3>Varianti della strategia di base del doppio mazzo<\/h3>\n<p><b>Per battere il Blackjack a due mazzi \u00e8 necessario trovare un gioco che offra una penetrazione decente e una puntata minima che permetta di distribuire le proprie puntate da 1 a 8,<\/b> pur rimanendo all'interno di ragionevoli principi di gestione del denaro basati sul vostro bankroll totale.  Un'altra \"freccia nella faretra\", per cos\u00ec dire, \u00e8 quella di variare il gioco della mano in base al conteggio.<\/p>\n<p><b>Se sapete contare le carte, potete usare il conteggio per sapere quanto puntare su ogni mano, ma potete anche usare il conteggio per aiutarvi a giocare ogni mano con maggiore precisione.<\/b>  Se avete studiato il mio corso fino a questo punto, sapete che uno dei fattori chiave per giocare una partita vincente di Blackjack \u00e8 lasciare il tavolo quando il Conteggio Vero scende a -1 o meno, ma questa tattica non \u00e8 molto pratica nella maggior parte dei giochi a due mazzi perch\u00e9 vengono distribuiti meno giri di mani prima dello shuffle, rispetto a una partita a sei mazzi.<\/p>\n<p><b>Di conseguenza, dovrete sorbirvi molti pi\u00f9 mazzi \"negativi\", ma la cosa positiva \u00e8 che una rimescolata non \u00e8 mai troppo lontana.<\/b>  Allo stesso tempo, per\u00f2, sappiamo tutti che il margine del casin\u00f2 aumenta quando il conteggio diminuisce, quindi vogliamo neutralizzare il pi\u00f9 possibile gli effetti di questo fenomeno.  Dato che in una partita a doppio mazzo \u00e8 probabile che si debba assistere a molti pi\u00f9 conteggi negativi, \u00e8 necessario imparare a giocare mani come il 12 contro il 5 del banco e cos\u00ec via.  Vogliamo anche evitare di raddoppiare e dividere le coppie nei conteggi bassi e colpire invece.  Ma non vogliamo indovinare giocate importanti come questa, quindi dovremo imparare le varianti della Strategia di base per i numeri \"bassi\", come -2, -3 e cos\u00ec via.  <b>Un intervallo realistico per la maggior parte dei giochi a doppio mazzo \u00e8 un True Count da -6 a +6, che coprir\u00e0 85% di tutte le mani che giocherete, assumendo una penetrazione di 50-60%. <\/b><br \/>\n<div class=\"row\" style=\"margin-bottom:20px\">\n    <div class=\"col-sm-12\">\n                <h2>I migliori casin\u00f2 online degli Stati Uniti <span\n                class=\"flag-icon flag-icon-us\"><\/span><\/h2>\n\n        \n                \n        <div class=\"ranking-table text-center\">\n            <div class=\"row flex ad-row\">\n                <div class=\"col-sm-3\">\n                    <div class=\"row flex\">\n\n                        <div class=\"col-sm-3\">\n                            <div class=\"ranking-number text-center\">\n\n                                1                                \n                            <\/div>\n                        <\/div>\n                        <div class=\"col-sm-9\">\n                            <img decoding=\"async\" src=\"https:\/\/www.blackjackinfo.com\/files\/bovada.png\" data-no-auto-translation=\"\">\n                        <\/div>\n                    <\/div>\n                <\/div>\n                <div class=\"col-sm-4\">\n                    <div class=\"bonus-text text-center\"><span class=\"red\">100% fino a $1.000<\/span><\/div>\n\t\t\t\t\t\n\n                <\/div>\n                <div class=\"col-sm-2\">\n                    <a class=\"btn btn-wire\" href=\"\/it\/casino\/bovada\/\">Recensione<\/a>\n\n                <\/div>\n                <div class=\"col-sm-3\">\n                    <a rel=\"nofollow\" target=\"_blank\" class=\"btn btn-blue\" href=\"\/goto\/goto\/\">Giocare\n                        Ora<\/a>\n\t\t\t\t\t\t\n\n                <\/div>\n            <\/div>\n        <\/div>\n\n\n\n        \n                \n        <div class=\"ranking-table text-center\">\n            <div class=\"row flex ad-row\">\n                <div class=\"col-sm-3\">\n                    <div class=\"row flex\">\n\n                        <div class=\"col-sm-3\">\n                            <div class=\"ranking-number text-center\">\n\n                                2                                \n                            <\/div>\n                        <\/div>\n                        <div class=\"col-sm-9\">\n                            <img decoding=\"async\" src=\"https:\/\/www.blackjackinfo.com\/files\/ignition-casino-logo.png\" data-no-auto-translation=\"\">\n                        <\/div>\n                    <\/div>\n                <\/div>\n                <div class=\"col-sm-4\">\n                    <div class=\"bonus-text text-center\"><span class=\"red\">100% fino a $1.000<\/span><\/div>\n\t\t\t\t\t\n\n                <\/div>\n                <div class=\"col-sm-2\">\n                    <a class=\"btn btn-wire\" href=\"\/it\/casino\/ignition-casino\/\">Recensione<\/a>\n\n                <\/div>\n                <div class=\"col-sm-3\">\n                    <a rel=\"nofollow\" target=\"_blank\" class=\"btn btn-blue\" href=\"\/goto\/goto\/\">Giocare\n                        Ora<\/a>\n\t\t\t\t\t\t\n\n                <\/div>\n            <\/div>\n        <\/div>\n\n\n\n        \n                \n        <div class=\"ranking-table text-center\">\n            <div class=\"row flex ad-row\">\n                <div class=\"col-sm-3\">\n                    <div class=\"row flex\">\n\n                        <div class=\"col-sm-3\">\n                            <div class=\"ranking-number text-center\">\n\n                                3                                \n                            <\/div>\n                        <\/div>\n                        <div class=\"col-sm-9\">\n                            <img decoding=\"async\" src=\"https:\/\/www.blackjackinfo.com\/files\/vegas_casino_online.png\" data-no-auto-translation=\"\">\n                        <\/div>\n                    <\/div>\n                <\/div>\n                <div class=\"col-sm-4\">\n                    <div class=\"bonus-text text-center\"><span class=\"red\">300% fino a $3.000<\/span><\/div>\n\t\t\t\t\t\n\n                <\/div>\n                <div class=\"col-sm-2\">\n                    <a class=\"btn btn-wire\" href=\"\/it\/casino\/vegas-casino-online-2\/\">Recensione<\/a>\n\n                <\/div>\n                <div class=\"col-sm-3\">\n                    <a rel=\"nofollow\" target=\"_blank\" class=\"btn btn-blue\" href=\"\/goto\/goto\/\">Giocare\n                        Ora<\/a>\n\t\t\t\t\t\t\n\n                <\/div>\n            <\/div>\n        <\/div>\n\n\n\n        \n                \n        <div class=\"ranking-table text-center\">\n            <div class=\"row flex ad-row\">\n                <div class=\"col-sm-3\">\n                    <div class=\"row flex\">\n\n                        <div class=\"col-sm-3\">\n                            <div class=\"ranking-number text-center\">\n\n                                4                                \n                            <\/div>\n                        <\/div>\n                        <div class=\"col-sm-9\">\n                            <img decoding=\"async\" src=\"https:\/\/www.blackjackinfo.com\/files\/VipSlots-500x250_dark.svg\" data-no-auto-translation=\"\">\n                        <\/div>\n                    <\/div>\n                <\/div>\n                <div class=\"col-sm-4\">\n                    <div class=\"bonus-text text-center\"><span class=\"red\">100 SPIN GRATUITI su Vita segreta dei gatti<\/span><\/div>\n\t\t\t\t\t\n\n                <\/div>\n                <div class=\"col-sm-2\">\n                    <a class=\"btn btn-wire\" href=\"\/it\/casino\/vipslots-casino\/\">Recensione<\/a>\n\n                <\/div>\n                <div class=\"col-sm-3\">\n                    <a rel=\"nofollow\" target=\"_blank\" class=\"btn btn-blue\" href=\"\/goto\/goto\/\">Giocare\n                        Ora<\/a>\n\t\t\t\t\t\t\n\n                <\/div>\n            <\/div>\n        <\/div>\n\n\n\n        \n                \n        <div class=\"ranking-table text-center\">\n            <div class=\"row flex ad-row\">\n                <div class=\"col-sm-3\">\n                    <div class=\"row flex\">\n\n                        <div class=\"col-sm-3\">\n                            <div class=\"ranking-number text-center\">\n\n                                5                                \n                            <\/div>\n                        <\/div>\n                        <div class=\"col-sm-9\">\n                            <img decoding=\"async\" src=\"https:\/\/www.blackjackinfo.com\/files\/cafe-casino-logo.svg\" data-no-auto-translation=\"\">\n                        <\/div>\n                    <\/div>\n                <\/div>\n                <div class=\"col-sm-4\">\n                    <div class=\"bonus-text text-center\"><span class=\"red\">250% fino a $1.500<\/span><\/div>\n\t\t\t\t\t\n\n                <\/div>\n                <div class=\"col-sm-2\">\n                    <a class=\"btn btn-wire\" href=\"\/it\/casino\/cafe-casino\/\">Recensione<\/a>\n\n                <\/div>\n                <div class=\"col-sm-3\">\n                    <a rel=\"nofollow\" target=\"_blank\" class=\"btn btn-blue\" href=\"\/goto\/goto\/\">Giocare\n                        Ora<\/a>\n\t\t\t\t\t\t\n\n                <\/div>\n            <\/div>\n        <\/div>\n\n\n\n            <\/div>\n<\/div><\/p>\n<p>Alcuni giocatori preferiscono imparare solo gli indici per le mani pi\u00f9 comuni, con l'idea che avranno una mano come A, 4 contro 5 meno di 100 volte su 100.000 mani di gioco, ma avranno un 16 contro 10 molto pi\u00f9 spesso.  Nel suo libro, \"<a href=\"http:\/\/www.amazon.com\/dp\/0910575207\/?tag=theblackjacbasic\">Attacco al blackjack<\/a>\", Don Schlesinger ha dedicato un capitolo a quelle che chiama \"Le Illustri 18\" che sono, a suo parere, le pi\u00f9 importanti varianti di Strategia di Base.  Non mi piace riprodurre le opere originali di altri autori, quindi vi rimando al libro per un elenco completo se ritenete di non voler memorizzare tutte le varianti che ho elencato qui.  Un'altra idea che vale la pena di prendere in considerazione \u00e8 quella di non imparare gli indici al di sotto di -2, con la logica che probabilmente punterete il minimo in un conteggio di questo tipo, quindi qualsiasi errore di gioco vi coster\u00e0, a lungo termine, molto poco. Oppure, potreste voler imparare solo gli indici in cui farete puntate extra sul tavolo, come nei raddoppi e negli split, con l'idea che, se devo mettere pi\u00f9 $$$$ sul tavolo, sicuramente giocher\u00f2 la mano in modo corretto.<\/p>\n<p>Ma sono dell'idea che se si pu\u00f2 imparare qualcosa su questo gioco, la si deve imparare.  (Ok, so di essere un fanatico di queste cose, ma che ci posso fare?).  <b>Se il gioco a due mazzi sar\u00e0 quello in cui passerete la maggior parte del vostro tempo, allora probabilmente varr\u00e0 la pena di memorizzare tutti gli indici qui presentati. <\/b> Ma se questo non \u00e8 il vostro gioco principale, probabilmente sar\u00e0 sufficiente un intervallo compreso tra -2 e +6 con qualche modifica oculata.  Non dimenticate che la maggior parte di questi indici sono simili a quelli di un gioco a sei mazzi, quindi non dovrete partire da zero.  <b>Imparate i numeri che ritenete importanti per dove e come giocate.<\/b><\/p>\n<p>Invece di illustrarvi le varianti di ogni mano, come ho fatto nella sezione dedicata ai multi-deck, ho realizzato una matrice di strategia di base che mostra un numero \"indice\" per ogni giocata appropriata.  Non preoccupatevi se avete problemi di comprensione, perch\u00e9 vi spiegher\u00f2 tutto in fondo.<\/p>\n<p><b>Matrice delle variazioni della strategia di base<\/b><br \/>\nDoppio ponte, H17, Da2, no das, no surrender<br \/>\n<b><a href=\"\/files\/Blackjack-School\/DD-BS-Variations.htm\">Vedere la matrice. (Usate il tasto indietro per tornare qui).<\/a><\/b><\/p>\n<h3>Utilizzo della matrice<\/h3>\n<p>(Nota del GM: la strategia di base per questo gioco \u00e8 disponibile su BlackjackInfo.com: <a href=\"\/blackjack-basic-strategy-engine\/?numdecks=2&amp;soft17=h17&amp;dbl=all&amp;das=no&amp;surr=ns&amp;peek=yes\">2D, H17, DA2, NDAS Strategia di base<\/a>)<\/p>\n<p><b>\u00c8 molto pi\u00f9 facile usare questa matrice se avete memorizzato la Strategia di base di questo gioco e se non l'avete ancora fatto, dovreste impararla prima di passare a questa modalit\u00e0 di gioco avanzata.<\/b>  Per ogni mano del giocatore e per ogni combinazione di carte scoperte del mazziere si vedr\u00e0 un'azione specifica, come hit, stand, double, ecc. oppure un numero.  Il numero \u00e8 un \"punto d'azione\" basato sul conteggio reale e indica la variante.  La scelta della variante corretta per una determinata situazione pu\u00f2 essere un po' confusa, ma se si studia la mano in questione, di solito si riesce a capirla.  Un buon esempio \u00e8 A,7 contro il 2 del banco. Nella matrice, vedrete il numero 2 in quel punto, quindi dovete colpire o stare o fare qualcos'altro?  Beh, \"qualcos'altro\" \u00e8 la risposta, quindi dovrete raddoppiare, proprio come fate con A,7 contro 3, 4, 5 e 6.  La logica gioca un ruolo importante, quindi se una giocata sembra illogica, probabilmente \u00e8 quella sbagliata.  Colpirebbe davvero A,7 contro un 2?  Certo, potreste stare in piedi, ma questa \u00e8 gi\u00e0 la giocata della Strategia di base, quindi il raddoppio \u00e8 tutto ci\u00f2 che rimane.  Di conseguenza, ci\u00f2 che vi dice \u00e8 che dovreste raddoppiare A,7 contro una carta scoperta del banco di 2 quando il conteggio vero \u00e8 di 2 o pi\u00f9.  Se il conteggio reale \u00e8 inferiore a 2, utilizzate la strategia di base, che consiste nello stare.  Contro un 3, la Strategia di base dice di raddoppiare A,7.  Ma l'indice per questo \u00e8 -2, quindi vi dice di raddoppiare A,7 contro il 3 solo se il Conteggio Vero \u00e8 -2 o superiore.  Se non lo \u00e8, allora dovreste stare in piedi.  Parliamo di un'altra variante che pu\u00f2 causare un po' di confusione: 8, 8 vs. 10.  La notazione in questo riquadro \u00e8 \"Stand@6\", quindi se il conteggio vero \u00e8 6 o pi\u00f9, non dividete gli 8, ma state.<\/p>\n<p>La regola generale per comprendere la Matrice delle variazioni della strategia di base \u00e8 la seguente: <b>Se il numero in una slot \u00e8 0 o un meno, allora quella giocata \u00e8 una mossa della Strategia di base che dovreste fare finch\u00e9 il conteggio \u00e8 superiore al numero indicato.<\/b>  Ad esempio, con A,4 contro 4, si raddoppia finch\u00e9 il conteggio \u00e8 0 o superiore.  Se il conteggio \u00e8 meno, basta colpire.  Nel caso di 9 contro 4, si raddoppia se il conteggio \u00e8 pari o superiore a -3 (ricordate che -1 \u00e8 \"superiore\" a -2).<\/p>\n<p>Non voglio che ve ne andiate senza avervi detto la variante pi\u00f9 importante di tutte, ovvero la scommessa sull'assicurazione.  <b>Si spera che sappiate che la corretta Strategia di base ci dice di non prendere mai l'assicurazione (anche quando avete un \"naturale\" e la carta scoperta del banco \u00e8 un Asso, nonostante quello che vi dicono gli altri).<\/b>Ma in una partita a due mazzi, la puntata assicurativa diventa redditizia con un conteggio vero di 2 (in realt\u00e0 2,4, se si riesce a raggiungere questo grado di precisione) o superiore.<\/p>\n<h3>Imparare le varianti della strategia di base<\/h3>\n<p><b>Una volta scelte le varianti della Strategia di base che si desidera apprendere, \u00e8 necessario creare un set di carte flash per esse.<\/b>  Il modo esatto per farlo \u00e8 spiegato nella Lezione 14 di \"The GameMaster's Blackjack School\" e non potr\u00f2 mai sottolineare troppo il loro valore.  Preparatene una serie e portatela con voi, o almeno studiatela attentamente prima di ogni sessione di gioco se il Blackjack a due mazzi non \u00e8 il vostro gioco \"principale\".<\/p>","protected":false},"excerpt":{"rendered":"<p>Double Deck Basic Strategy Variations Beating the double-deck Blackjack game requires that you first find a game that offers decent penetration and a minimum bet that will allow you to spread your bets from 1 to 8, yet still stay within reasonable money management principles based upon your total bankroll. Another &#8220;arrow in your quiver&#8221;, [&hellip;]<\/p>\n","protected":false},"author":2,"featured_media":0,"parent":634,"menu_order":0,"comment_status":"open","ping_status":"open","template":"page-blackjack-school.php","meta":{"_acf_changed":false,"footnotes":""},"tags":[],"class_list":["post-776","page","type-page","status-publish","hentry"],"acf":[],"yoast_head":"<!-- This site is optimized with the Yoast SEO plugin v26.6 - https:\/\/yoast.com\/wordpress\/plugins\/seo\/ -->\n<title>Blackjack School \u1408 Lesson 23 - Beating the Double-Deck Game - Part 3<\/title>\n<meta name=\"description\" content=\"Lesson 23 in the GameMaster&#039;s Free Blackjack School - Strategy variations for the double-deck game.\" \/>\n<meta name=\"robots\" content=\"index, follow, max-snippet:-1, max-image-preview:large, max-video-preview:-1\" \/>\n<link rel=\"canonical\" href=\"https:\/\/www.blackjackinfo.com\/it\/scuola-di-blackjack\/lezione-23-battere-il-gioco-del-doppio-mazzo-parte-3\/\" \/>\n<meta property=\"og:locale\" content=\"it_IT\" \/>\n<meta property=\"og:type\" content=\"article\" \/>\n<meta property=\"og:title\" content=\"Blackjack School \u1408 Lesson 23 - Beating the Double-Deck Game - Part 3\" \/>\n<meta property=\"og:description\" content=\"Lesson 23 in the GameMaster&#039;s Free Blackjack School - Strategy variations for the double-deck game.\" \/>\n<meta property=\"og:url\" content=\"https:\/\/www.blackjackinfo.com\/it\/scuola-di-blackjack\/lezione-23-battere-il-gioco-del-doppio-mazzo-parte-3\/\" \/>\n<meta property=\"og:site_name\" content=\"BlackjackInfo.com\" \/>\n<meta property=\"article:modified_time\" content=\"2020-02-19T00:01:18+00:00\" \/>\n<meta name=\"twitter:label1\" content=\"Tempo di lettura stimato\" \/>\n\t<meta name=\"twitter:data1\" content=\"6 minuti\" \/>\n<script type=\"application\/ld+json\" class=\"yoast-schema-graph\">{\"@context\":\"https:\/\/schema.org\",\"@graph\":[{\"@type\":\"WebPage\",\"@id\":\"https:\/\/www.blackjackinfo.com\/blackjack-school\/lesson-23-beating-the-double-deck-game-part-3\/\",\"url\":\"https:\/\/www.blackjackinfo.com\/blackjack-school\/lesson-23-beating-the-double-deck-game-part-3\/\",\"name\":\"Blackjack School \u1408 Lesson 23 - Beating the Double-Deck Game - Part 3\",\"isPartOf\":{\"@id\":\"https:\/\/www.blackjackinfo.com\/#website\"},\"datePublished\":\"2014-10-20T20:29:49+00:00\",\"dateModified\":\"2020-02-19T00:01:18+00:00\",\"description\":\"Lesson 23 in the GameMaster's Free Blackjack School - Strategy variations for the double-deck game.\",\"breadcrumb\":{\"@id\":\"https:\/\/www.blackjackinfo.com\/blackjack-school\/lesson-23-beating-the-double-deck-game-part-3\/#breadcrumb\"},\"inLanguage\":\"it-IT\",\"potentialAction\":[{\"@type\":\"ReadAction\",\"target\":[\"https:\/\/www.blackjackinfo.com\/blackjack-school\/lesson-23-beating-the-double-deck-game-part-3\/\"]}]},{\"@type\":\"BreadcrumbList\",\"@id\":\"https:\/\/www.blackjackinfo.com\/blackjack-school\/lesson-23-beating-the-double-deck-game-part-3\/#breadcrumb\",\"itemListElement\":[{\"@type\":\"ListItem\",\"position\":1,\"name\":\"Home\",\"item\":\"https:\/\/www.blackjackinfo.com\/\"},{\"@type\":\"ListItem\",\"position\":2,\"name\":\"Blackjack School &#8211; A Free 24-Lesson Class on Card Counting\",\"item\":\"https:\/\/www.blackjackinfo.com\/blackjack-school\/\"},{\"@type\":\"ListItem\",\"position\":3,\"name\":\"Lesson 23 &#8211; Beating the Double-Deck Game &#8211; Part 3\"}]},{\"@type\":\"WebSite\",\"@id\":\"https:\/\/www.blackjackinfo.com\/#website\",\"url\":\"https:\/\/www.blackjackinfo.com\/\",\"name\":\"BlackjackInfo.com\",\"description\":\"Because Winning is More Fun!\",\"potentialAction\":[{\"@type\":\"SearchAction\",\"target\":{\"@type\":\"EntryPoint\",\"urlTemplate\":\"https:\/\/www.blackjackinfo.com\/?s={search_term_string}\"},\"query-input\":{\"@type\":\"PropertyValueSpecification\",\"valueRequired\":true,\"valueName\":\"search_term_string\"}}],\"inLanguage\":\"it-IT\"}]}<\/script>\n<!-- \/ Yoast SEO plugin. -->","yoast_head_json":{"title":"Scuola di blackjack \u1408 Lezione 23 - Battere il gioco del doppio mazzo - Parte 3","description":"Lezione 23 della Scuola gratuita di Blackjack del GameMaster - Variazioni di strategia per il gioco a due mazzi.","robots":{"index":"index","follow":"follow","max-snippet":"max-snippet:-1","max-image-preview":"max-image-preview:large","max-video-preview":"max-video-preview:-1"},"canonical":"https:\/\/www.blackjackinfo.com\/it\/scuola-di-blackjack\/lezione-23-battere-il-gioco-del-doppio-mazzo-parte-3\/","og_locale":"it_IT","og_type":"article","og_title":"Blackjack School \u1408 Lesson 23 - Beating the Double-Deck Game - Part 3","og_description":"Lesson 23 in the GameMaster's Free Blackjack School - Strategy variations for the double-deck game.","og_url":"https:\/\/www.blackjackinfo.com\/it\/scuola-di-blackjack\/lezione-23-battere-il-gioco-del-doppio-mazzo-parte-3\/","og_site_name":"BlackjackInfo.com","article_modified_time":"2020-02-19T00:01:18+00:00","twitter_misc":{"Tempo di lettura stimato":"6 minuti"},"schema":{"@context":"https:\/\/schema.org","@graph":[{"@type":"WebPage","@id":"https:\/\/www.blackjackinfo.com\/blackjack-school\/lesson-23-beating-the-double-deck-game-part-3\/","url":"https:\/\/www.blackjackinfo.com\/blackjack-school\/lesson-23-beating-the-double-deck-game-part-3\/","name":"Scuola di blackjack \u1408 Lezione 23 - Battere il gioco del doppio mazzo - Parte 3","isPartOf":{"@id":"https:\/\/www.blackjackinfo.com\/#website"},"datePublished":"2014-10-20T20:29:49+00:00","dateModified":"2020-02-19T00:01:18+00:00","description":"Lezione 23 della Scuola gratuita di Blackjack del GameMaster - Variazioni di strategia per il gioco a due mazzi.","breadcrumb":{"@id":"https:\/\/www.blackjackinfo.com\/blackjack-school\/lesson-23-beating-the-double-deck-game-part-3\/#breadcrumb"},"inLanguage":"it-IT","potentialAction":[{"@type":"ReadAction","target":["https:\/\/www.blackjackinfo.com\/blackjack-school\/lesson-23-beating-the-double-deck-game-part-3\/"]}]},{"@type":"BreadcrumbList","@id":"https:\/\/www.blackjackinfo.com\/blackjack-school\/lesson-23-beating-the-double-deck-game-part-3\/#breadcrumb","itemListElement":[{"@type":"ListItem","position":1,"name":"Home","item":"https:\/\/www.blackjackinfo.com\/"},{"@type":"ListItem","position":2,"name":"Blackjack School &#8211; A Free 24-Lesson Class on Card Counting","item":"https:\/\/www.blackjackinfo.com\/blackjack-school\/"},{"@type":"ListItem","position":3,"name":"Lesson 23 &#8211; Beating the Double-Deck Game &#8211; Part 3"}]},{"@type":"WebSite","@id":"https:\/\/www.blackjackinfo.com\/#website","url":"https:\/\/www.blackjackinfo.com\/","name":"BlackjackInfo.com","description":"Perch\u00e9 vincere \u00e8 pi\u00f9 divertente!","potentialAction":[{"@type":"SearchAction","target":{"@type":"EntryPoint","urlTemplate":"https:\/\/www.blackjackinfo.com\/?s={search_term_string}"},"query-input":{"@type":"PropertyValueSpecification","valueRequired":true,"valueName":"search_term_string"}}],"inLanguage":"it-IT"}]}},"_links":{"self":[{"href":"https:\/\/www.blackjackinfo.com\/it\/wp-json\/wp\/v2\/pages\/776","targetHints":{"allow":["GET"]}}],"collection":[{"href":"https:\/\/www.blackjackinfo.com\/it\/wp-json\/wp\/v2\/pages"}],"about":[{"href":"https:\/\/www.blackjackinfo.com\/it\/wp-json\/wp\/v2\/types\/page"}],"author":[{"embeddable":true,"href":"https:\/\/www.blackjackinfo.com\/it\/wp-json\/wp\/v2\/users\/2"}],"replies":[{"embeddable":true,"href":"https:\/\/www.blackjackinfo.com\/it\/wp-json\/wp\/v2\/comments?post=776"}],"version-history":[{"count":9,"href":"https:\/\/www.blackjackinfo.com\/it\/wp-json\/wp\/v2\/pages\/776\/revisions"}],"predecessor-version":[{"id":5472,"href":"https:\/\/www.blackjackinfo.com\/it\/wp-json\/wp\/v2\/pages\/776\/revisions\/5472"}],"up":[{"embeddable":true,"href":"https:\/\/www.blackjackinfo.com\/it\/wp-json\/wp\/v2\/pages\/634"}],"wp:attachment":[{"href":"https:\/\/www.blackjackinfo.com\/it\/wp-json\/wp\/v2\/media?parent=776"}],"wp:term":[{"taxonomy":"post_tag","embeddable":true,"href":"https:\/\/www.blackjackinfo.com\/it\/wp-json\/wp\/v2\/tags?post=776"}],"curies":[{"name":"wp","href":"https:\/\/api.w.org\/{rel}","templated":true}]}}