{"id":778,"date":"2019-11-03T15:32:18","date_gmt":"2019-11-03T21:32:18","guid":{"rendered":"http:\/\/test.blackjackinfo.com\/?page_id=778"},"modified":"2020-02-18T18:01:39","modified_gmt":"2020-02-19T00:01:39","slug":"lezione-24-capire-lopzione-di-riscatto","status":"publish","type":"page","link":"https:\/\/www.blackjackinfo.com\/it\/blackjack-school\/lesson-24-understanding-the-surrender-option\/","title":{"rendered":"Lezione 24 - Capire l'opzione di riscatto"},"content":{"rendered":"<p class=\"intro\">\nRicordo bene i bei tempi andati ad Atlantic City, quando si inizi\u00f2 a giocare ai casin\u00f2. L'unico casin\u00f2 aperto all'epoca (Resorts International) doveva offrire un gioco di Blackjack le cui regole erano stabilite dalla Commissione di Controllo dei Casin\u00f2. <b>e che includeva una strana regola chiamata \"resa\". Almeno noi pensavamo che fosse strana, finch\u00e9 non abbiamo capito che vantaggio enorme dava al giocatore che la usava correttamente!<\/b><\/p>\n<p>La maggior parte dei giocatori ha soprannominato la resa come una scommessa da babbei. Una volta, a un tavolo, un altro giocatore ha riassunto tutto quando ha dichiarato: <b>\"Arrendersi \u00e8 da pazzi! Perch\u00e9 rinunciare a met\u00e0 della tua puntata quando potresti vincere la mano con la stessa facilit\u00e0?\".<\/b> In un certo senso, aveva ragione. Intendo dire che \u00e8 vero che un giocatore pu\u00f2 vincere o perdere una determinata mano, ma non ha portato il pensiero abbastanza lontano. Se giochi migliaia di mani, rinunciare a 50% della puntata su alcune di esse \u00e8 in realt\u00e0 l'alternativa pi\u00f9 economica rispetto a giocarle.<\/p>\n<p>Per coloro che non conoscono il surrender, si tratta di un'opzione per i giocatori che alcuni casin\u00f2 offrono. <b>Se consentito, puoi scegliere di rinunciare a met\u00e0 dell'importo puntato piuttosto che giocare la mano. <\/b>Per i pi\u00f9 matematici, \u00e8 possibile notare che per le mani in cui si prevede di perdere pi\u00f9 di 50% della propria puntata, la resa \u00e8 un buon affare. (Ignorando i push, una perdita prevista di oltre 50% significa che hai pi\u00f9 di 75% di probabilit\u00e0 di perdere la mano). Esistono due tipi di resa: anticipata e tardiva. Questi termini si riferiscono al fatto che il dealer controlli o meno se ha un blackjack (quando viene mostrato un Asso o un 10) prima che tu possa decidere di arrenderti. Nell'A.C., il tipo di resa era \"anticipata\", il che significava che potevi rinunciare a met\u00e0 della tua puntata prima che il banco sapesse se aveva un \"naturale\". Ci\u00f2 avveniva semplicemente perch\u00e9 le norme statali non consentivano di \"sbirciare\", quindi il croupier non sapeva quale fosse la sua mano prima che tutti i giocatori avessero preso le loro decisioni di gioco.<br \/>\n<div class=\"row\" style=\"margin-bottom:20px\">\n    <div class=\"col-sm-12\">\n                <h2>I migliori casin\u00f2 online degli Stati Uniti <span\n                class=\"flag-icon flag-icon-us\"><\/span><\/h2>\n\n        \n                \n        <div class=\"ranking-table text-center\">\n            <div class=\"row flex ad-row\">\n                <div class=\"col-sm-3\">\n                    <div class=\"row flex\">\n\n                        <div class=\"col-sm-3\">\n                            <div class=\"ranking-number text-center\">\n\n                                1                                \n                            <\/div>\n                        <\/div>\n                        <div class=\"col-sm-9\">\n                            <img decoding=\"async\" src=\"https:\/\/www.blackjackinfo.com\/files\/bovada.png\" data-no-auto-translation=\"\">\n                        <\/div>\n                    <\/div>\n                <\/div>\n                <div class=\"col-sm-4\">\n                    <div class=\"bonus-text text-center\"><span class=\"red\">100% fino a $1.000<\/span><\/div>\n\t\t\t\t\t\n\n                <\/div>\n                <div class=\"col-sm-2\">\n                    <a class=\"btn btn-wire\" href=\"\/it\/casino\/bovada\/\">Recensione<\/a>\n\n                <\/div>\n                <div class=\"col-sm-3\">\n                    <a rel=\"nofollow\" target=\"_blank\" class=\"btn btn-blue\" href=\"\/goto\/goto\/\">Giocare\n                        Ora<\/a>\n\t\t\t\t\t\t\n\n                <\/div>\n            <\/div>\n        <\/div>\n\n\n\n        \n                \n        <div class=\"ranking-table text-center\">\n            <div class=\"row flex ad-row\">\n                <div class=\"col-sm-3\">\n                    <div class=\"row flex\">\n\n                        <div class=\"col-sm-3\">\n                            <div class=\"ranking-number text-center\">\n\n                                2                                \n                            <\/div>\n                        <\/div>\n                        <div class=\"col-sm-9\">\n                            <img decoding=\"async\" src=\"https:\/\/www.blackjackinfo.com\/files\/ignition-casino-logo.png\" data-no-auto-translation=\"\">\n                        <\/div>\n                    <\/div>\n                <\/div>\n                <div class=\"col-sm-4\">\n                    <div class=\"bonus-text text-center\"><span class=\"red\">100% fino a $1.000<\/span><\/div>\n\t\t\t\t\t\n\n                <\/div>\n                <div class=\"col-sm-2\">\n                    <a class=\"btn btn-wire\" href=\"\/it\/casino\/ignition-casino\/\">Recensione<\/a>\n\n                <\/div>\n                <div class=\"col-sm-3\">\n                    <a rel=\"nofollow\" target=\"_blank\" class=\"btn btn-blue\" href=\"\/goto\/goto\/\">Giocare\n                        Ora<\/a>\n\t\t\t\t\t\t\n\n                <\/div>\n            <\/div>\n        <\/div>\n\n\n\n        \n                \n        <div class=\"ranking-table text-center\">\n            <div class=\"row flex ad-row\">\n                <div class=\"col-sm-3\">\n                    <div class=\"row flex\">\n\n                        <div class=\"col-sm-3\">\n                            <div class=\"ranking-number text-center\">\n\n                                3                                \n                            <\/div>\n                        <\/div>\n                        <div class=\"col-sm-9\">\n                            <img decoding=\"async\" src=\"https:\/\/www.blackjackinfo.com\/files\/vegas_casino_online.png\" data-no-auto-translation=\"\">\n                        <\/div>\n                    <\/div>\n                <\/div>\n                <div class=\"col-sm-4\">\n                    <div class=\"bonus-text text-center\"><span class=\"red\">300% fino a $3.000<\/span><\/div>\n\t\t\t\t\t\n\n                <\/div>\n                <div class=\"col-sm-2\">\n                    <a class=\"btn btn-wire\" href=\"\/it\/casino\/vegas-casino-online-2\/\">Recensione<\/a>\n\n                <\/div>\n                <div class=\"col-sm-3\">\n                    <a rel=\"nofollow\" target=\"_blank\" class=\"btn btn-blue\" href=\"\/goto\/goto\/\">Giocare\n                        Ora<\/a>\n\t\t\t\t\t\t\n\n                <\/div>\n            <\/div>\n        <\/div>\n\n\n\n        \n                \n        <div class=\"ranking-table text-center\">\n            <div class=\"row flex ad-row\">\n                <div class=\"col-sm-3\">\n                    <div class=\"row flex\">\n\n                        <div class=\"col-sm-3\">\n                            <div class=\"ranking-number text-center\">\n\n                                4                                \n                            <\/div>\n                        <\/div>\n                        <div class=\"col-sm-9\">\n                            <img decoding=\"async\" src=\"https:\/\/www.blackjackinfo.com\/files\/VipSlots-500x250_dark.svg\" data-no-auto-translation=\"\">\n                        <\/div>\n                    <\/div>\n                <\/div>\n                <div class=\"col-sm-4\">\n                    <div class=\"bonus-text text-center\"><span class=\"red\">100 SPIN GRATUITI su Vita segreta dei gatti<\/span><\/div>\n\t\t\t\t\t\n\n                <\/div>\n                <div class=\"col-sm-2\">\n                    <a class=\"btn btn-wire\" href=\"\/it\/casino\/vipslots-casino\/\">Recensione<\/a>\n\n                <\/div>\n                <div class=\"col-sm-3\">\n                    <a rel=\"nofollow\" target=\"_blank\" class=\"btn btn-blue\" href=\"\/goto\/goto\/\">Giocare\n                        Ora<\/a>\n\t\t\t\t\t\t\n\n                <\/div>\n            <\/div>\n        <\/div>\n\n\n\n        \n                \n        <div class=\"ranking-table text-center\">\n            <div class=\"row flex ad-row\">\n                <div class=\"col-sm-3\">\n                    <div class=\"row flex\">\n\n                        <div class=\"col-sm-3\">\n                            <div class=\"ranking-number text-center\">\n\n                                5                                \n                            <\/div>\n                        <\/div>\n                        <div class=\"col-sm-9\">\n                            <img decoding=\"async\" src=\"https:\/\/www.blackjackinfo.com\/files\/cafe-casino-logo.svg\" data-no-auto-translation=\"\">\n                        <\/div>\n                    <\/div>\n                <\/div>\n                <div class=\"col-sm-4\">\n                    <div class=\"bonus-text text-center\"><span class=\"red\">250% fino a $1.500<\/span><\/div>\n\t\t\t\t\t\n\n                <\/div>\n                <div class=\"col-sm-2\">\n                    <a class=\"btn btn-wire\" href=\"\/it\/casino\/cafe-casino\/\">Recensione<\/a>\n\n                <\/div>\n                <div class=\"col-sm-3\">\n                    <a rel=\"nofollow\" target=\"_blank\" class=\"btn btn-blue\" href=\"\/goto\/goto\/\">Giocare\n                        Ora<\/a>\n\t\t\t\t\t\t\n\n                <\/div>\n            <\/div>\n        <\/div>\n\n\n\n            <\/div>\n<\/div><br \/>\n<b>Al giorno d'oggi, la forma pi\u00f9 comune di resa \u00e8 la versione \"tardiva\", in cui il banco verifica la presenza di un naturale e, se non ce l'ha, puoi arrenderti.<\/b> Questo vale molto meno, poich\u00e9 se il banco ha un naturale, si prende la tua puntata prima che tu possa arrenderti. Tuttavia, nonostante questa restrizione, la resa pu\u00f2 ancora avere un certo valore per te, se la usi correttamente.<\/p>\n<p><b>Ti mostro un esempio;<\/b> ipotizziamo una partita a 6 mazzi con il raddoppio dopo la divisione consentito e il banco deve stare su A-6. Se ho una mano di 9, 7 e il banco mostra un 10, la mia \"aspettativa\" \u00e8 di perdere 53,7% di tutto il denaro scommesso in quella situazione. Se mi arrendo, perder\u00f2 50% di tutto il denaro scommesso in quella situazione. Un miglioramento modesto, ma comunque migliore.  Questo rende molto semplice il calcolo della strategia di base per la resa.  Se si prevede di perdere pi\u00f9 di 50%, \u00e8 meglio arrendersi.<\/p>\n<p>L'uso appropriato della resa varia a seconda che il banco colpisca o stia su un 17 morbido.  Qui di seguito fornisco entrambe le strategie:<\/p>\n<div class=\"col-sm-6 col-center\">\n<table class=\"data-table text-center\">\n<tbody>\n<tr>\n<td colspan=\"2\">Per le partite a 6 mazzi in cui il mazziere si ferma su tutti i 17:<\/td>\n<\/tr>\n<tr>\n<td><b>Mano del giocatore di 9,7 o 10,6:<\/b><\/td>\n<td>Arrenditi contro un 9, 10, Asso del banco.<br \/>\n(Non cedere una coppia di 8. Dividili invece).<\/td>\n<\/tr>\n<tr>\n<td><b>Mano del giocatore di 15 duro:<\/b><\/td>\n<td>Arrenditi contro un 10 del banco.<\/td>\n<\/tr>\n<\/tbody>\n<\/table>\n<\/div>\n<div class=\"col-sm-6 col-center\">\n<table class=\"data-table text-center\">\n<tbody>\n<tr>\n<td colspan=\"2\">Per le partite a 6 mazzi in cui il mazziere HA COLPITO il 17 morbido:<\/td>\n<\/tr>\n<tr>\n<td><b>Mano del giocatore di 15 duro:<\/b><\/td>\n<td>Arrenditi contro il 10, l'Asso del banco<\/td>\n<\/tr>\n<tr>\n<td><b>Mano del giocatore di 9,7 o 10,6:<\/b><\/td>\n<td>Arrenditi contro un 9, 10, Asso del banco.<\/td>\n<\/tr>\n<tr>\n<td><b>Mano del giocatore di 8, 8:<\/b><\/td>\n<td>Arrenditi contro un Asso del banco.<\/td>\n<\/tr>\n<tr>\n<td><b>Mano del giocatore di 17 difficile da gestire:<\/b><\/td>\n<td>Arrenditi contro un Asso del banco.<\/td>\n<\/tr>\n<\/tbody>\n<\/table>\n<\/div>\n<p>La resa tardiva aumenta il vantaggio del giocatore di un modesto .1%, ma mi piace quando ho puntato molto e ottengo un 10 come prima carta, come previsto, e poi ottengo l'ultimo 6 del mazzo come carta successiva. Chi non l'ha mai fatto prima?<\/p>\n<p><b>Se conti le carte, l'opzione di resa \u00e8 ancora pi\u00f9 vantaggiosa man mano che il conteggio sale.<\/b> Se hai letto e studiato le mie lezioni fino a questo punto, sai che in una situazione di conteggio \"alto\", la percentuale di 10 e di facce (e di Assi) nel mazzo rimanente rispetto alle carte \"piccole\" \u00e8 molto pi\u00f9 alta, quindi le probabilit\u00e0 di ottenere una carta di questo tipo aumentano notevolmente. \u00c8 qui che il valore della resa aumenta.<\/p>\n<p>La maggior parte della resa disponibile al giorno d'oggi \u00e8 una resa \"tardiva\", il che significa che il banco controlla la carta coperta se mostra un Asso o un 10. Se ha un \"naturale\", l'intera puntata \u00e8 persa e la resa non \u00e8 possibile. Se ha un \"naturale\", l'intera puntata \u00e8 persa e la resa non \u00e8 un'opzione. <b>Sapere che il banco non ha un Blackjack rende la resa, per alcuni, una giocata stupida, ma esaminiamo la situazione un po' pi\u00f9 da vicino. <\/b>Che tipo di mano pu\u00f2 ottenere il banco con una carta scoperta? Prima di tutto, il croupier fallir\u00e0 solo 23% delle volte in cui mostra un 10 o una faccia come carta scoperta. In secondo luogo, finir\u00e0 con un totale di 20 o 21 41% delle volte! E tu pensi di poterla battere con il tuo 16? Quando il banco mostra un Asso e NON ha un Blackjack, finir\u00e0 comunque con un totale di 19 o pi\u00f9 46% delle volte e fallir\u00e0 solo 17% delle volte. Ecco perch\u00e9 la resa \u00e8 valida anche se il banco non ha un Blackjack.<\/p>\n<p>Ora, man mano che il conteggio sale, sia tu che il banco avete maggiori possibilit\u00e0 di ottenere 10 e Assi. Pertanto, \u00e8 pi\u00f9 probabile che tu ottenga una carta da 10 se colpisci. Quindi, se hai una mano di 15 e il banco mostra un 9, ha maggiori possibilit\u00e0 di avere un 10 in buca ed \u00e8 pi\u00f9 probabile che tu colpisca con un 10. \u00c8 ora di ritirarsi! \u00c8 ora di ritirarsi! Quando il conteggio reale \u00e8 di 2 o pi\u00f9, cedi i tuoi 15 contro il 9 del banco. Contro un Asso, cedi i 15 con un conteggio reale di 2 o pi\u00f9, se il banco si trova su A-6. Se il banco deve colpire A-6, cedere il 15 \u00e8 una mossa strategica di base. Un'altra buona mossa da ricordare \u00e8 quella di arrendersi al 14 contro un 10 con un vero di 3 o pi\u00f9.<\/p>\n<p><b>L'uso della resa \u00e8, secondo la mia esperienza, interessante dal punto di vista del \"camuffamento\".<\/b> Come spero tu sappia, noi contatori di carte preferiamo tenere nascoste le nostre abilit\u00e0 poich\u00e9, per qualche strano motivo, il personale dei casin\u00f2 non ama i contatori. La resa \u00e8 in realt\u00e0 una tecnica di gioco piuttosto sofisticata, quindi \u00e8 giusto dire che il giocatore \"medio\" non la usa. Tuttavia, io voglio sembrare un giocatore d'azzardo per nascondere la mia capacit\u00e0 di battere il gioco. Ma uso la resa quando mi viene offerta e mi aiuta molto quando il conteggio \u00e8 alto, ho una grossa puntata e cedo un 15 contro un 9 (o un 13 contro un 10 - vero 8), perch\u00e9 mi fa sembrare un \"pollo\". La maggior parte del personale dei casin\u00f2 pensa che la resa sia comunque una giocata da \"fessi\", quindi quando ti vedono rinunciare a met\u00e0 di una puntata di $200, pensano che non farai mai $$$ al gioco. \u00c8 proprio quello che voglio che pensino.<\/p>","protected":false},"excerpt":{"rendered":"<p>I can well remember the good ol&#8217; days in Atlantic City when casino gaming first began there. The one casino that was open at the time (Resorts International) had to offer a Blackjack game where the rules were established by the Casino Control Commission and that included a weird rule called &#8216;surrender&#8217;. At least we [&hellip;]<\/p>\n","protected":false},"author":2,"featured_media":0,"parent":634,"menu_order":0,"comment_status":"open","ping_status":"open","template":"page-blackjack-school.php","meta":{"_acf_changed":false,"footnotes":""},"tags":[],"class_list":["post-778","page","type-page","status-publish","hentry"],"acf":[],"yoast_head":"<!-- This site is optimized with the Yoast SEO plugin v26.6 - https:\/\/yoast.com\/wordpress\/plugins\/seo\/ -->\n<title>Blackjack School \u1408 Lesson 24 - Understanding the Surrender Option<\/title>\n<meta name=\"description\" content=\"Lesson 24 in the GameMaster&#039;s Free Blackjack School - Understand how to use the surrender rule.\" \/>\n<meta name=\"robots\" content=\"index, follow, max-snippet:-1, max-image-preview:large, max-video-preview:-1\" \/>\n<link rel=\"canonical\" href=\"https:\/\/www.blackjackinfo.com\/it\/scuola-di-blackjack\/lezione-24-capire-lopzione-di-riscatto\/\" \/>\n<meta property=\"og:locale\" content=\"it_IT\" \/>\n<meta property=\"og:type\" content=\"article\" \/>\n<meta property=\"og:title\" content=\"Blackjack School \u1408 Lesson 24 - Understanding the Surrender Option\" \/>\n<meta property=\"og:description\" content=\"Lesson 24 in the GameMaster&#039;s Free Blackjack School - Understand how to use the surrender rule.\" \/>\n<meta property=\"og:url\" content=\"https:\/\/www.blackjackinfo.com\/it\/scuola-di-blackjack\/lezione-24-capire-lopzione-di-riscatto\/\" \/>\n<meta property=\"og:site_name\" content=\"BlackjackInfo.com\" \/>\n<meta property=\"article:modified_time\" content=\"2020-02-19T00:01:39+00:00\" \/>\n<meta name=\"twitter:label1\" content=\"Tempo di lettura stimato\" \/>\n\t<meta name=\"twitter:data1\" content=\"6 minuti\" \/>\n<script type=\"application\/ld+json\" class=\"yoast-schema-graph\">{\"@context\":\"https:\/\/schema.org\",\"@graph\":[{\"@type\":\"WebPage\",\"@id\":\"https:\/\/www.blackjackinfo.com\/blackjack-school\/lesson-24-understanding-the-surrender-option\/\",\"url\":\"https:\/\/www.blackjackinfo.com\/blackjack-school\/lesson-24-understanding-the-surrender-option\/\",\"name\":\"Blackjack School \u1408 Lesson 24 - Understanding the Surrender Option\",\"isPartOf\":{\"@id\":\"https:\/\/www.blackjackinfo.com\/#website\"},\"datePublished\":\"2019-11-03T21:32:18+00:00\",\"dateModified\":\"2020-02-19T00:01:39+00:00\",\"description\":\"Lesson 24 in the GameMaster's Free Blackjack School - Understand how to use the surrender rule.\",\"breadcrumb\":{\"@id\":\"https:\/\/www.blackjackinfo.com\/blackjack-school\/lesson-24-understanding-the-surrender-option\/#breadcrumb\"},\"inLanguage\":\"it-IT\",\"potentialAction\":[{\"@type\":\"ReadAction\",\"target\":[\"https:\/\/www.blackjackinfo.com\/blackjack-school\/lesson-24-understanding-the-surrender-option\/\"]}]},{\"@type\":\"BreadcrumbList\",\"@id\":\"https:\/\/www.blackjackinfo.com\/blackjack-school\/lesson-24-understanding-the-surrender-option\/#breadcrumb\",\"itemListElement\":[{\"@type\":\"ListItem\",\"position\":1,\"name\":\"Home\",\"item\":\"https:\/\/www.blackjackinfo.com\/\"},{\"@type\":\"ListItem\",\"position\":2,\"name\":\"Blackjack School &#8211; A Free 24-Lesson Class on Card Counting\",\"item\":\"https:\/\/www.blackjackinfo.com\/blackjack-school\/\"},{\"@type\":\"ListItem\",\"position\":3,\"name\":\"Lesson 24 &#8211; Understanding the Surrender Option\"}]},{\"@type\":\"WebSite\",\"@id\":\"https:\/\/www.blackjackinfo.com\/#website\",\"url\":\"https:\/\/www.blackjackinfo.com\/\",\"name\":\"BlackjackInfo.com\",\"description\":\"Because Winning is More Fun!\",\"potentialAction\":[{\"@type\":\"SearchAction\",\"target\":{\"@type\":\"EntryPoint\",\"urlTemplate\":\"https:\/\/www.blackjackinfo.com\/?s={search_term_string}\"},\"query-input\":{\"@type\":\"PropertyValueSpecification\",\"valueRequired\":true,\"valueName\":\"search_term_string\"}}],\"inLanguage\":\"it-IT\"}]}<\/script>\n<!-- \/ Yoast SEO plugin. -->","yoast_head_json":{"title":"Scuola di blackjack \u1408 Lezione 24 - Capire l'opzione di riscatto","description":"Lezione 24 della Scuola gratuita di Blackjack del GameMaster - Capire come usare la regola della resa.","robots":{"index":"index","follow":"follow","max-snippet":"max-snippet:-1","max-image-preview":"max-image-preview:large","max-video-preview":"max-video-preview:-1"},"canonical":"https:\/\/www.blackjackinfo.com\/it\/scuola-di-blackjack\/lezione-24-capire-lopzione-di-riscatto\/","og_locale":"it_IT","og_type":"article","og_title":"Blackjack School \u1408 Lesson 24 - Understanding the Surrender Option","og_description":"Lesson 24 in the GameMaster's Free Blackjack School - Understand how to use the surrender rule.","og_url":"https:\/\/www.blackjackinfo.com\/it\/scuola-di-blackjack\/lezione-24-capire-lopzione-di-riscatto\/","og_site_name":"BlackjackInfo.com","article_modified_time":"2020-02-19T00:01:39+00:00","twitter_misc":{"Tempo di lettura stimato":"6 minuti"},"schema":{"@context":"https:\/\/schema.org","@graph":[{"@type":"WebPage","@id":"https:\/\/www.blackjackinfo.com\/blackjack-school\/lesson-24-understanding-the-surrender-option\/","url":"https:\/\/www.blackjackinfo.com\/blackjack-school\/lesson-24-understanding-the-surrender-option\/","name":"Scuola di blackjack \u1408 Lezione 24 - Capire l'opzione di riscatto","isPartOf":{"@id":"https:\/\/www.blackjackinfo.com\/#website"},"datePublished":"2019-11-03T21:32:18+00:00","dateModified":"2020-02-19T00:01:39+00:00","description":"Lezione 24 della Scuola gratuita di Blackjack del GameMaster - Capire come usare la regola della resa.","breadcrumb":{"@id":"https:\/\/www.blackjackinfo.com\/blackjack-school\/lesson-24-understanding-the-surrender-option\/#breadcrumb"},"inLanguage":"it-IT","potentialAction":[{"@type":"ReadAction","target":["https:\/\/www.blackjackinfo.com\/blackjack-school\/lesson-24-understanding-the-surrender-option\/"]}]},{"@type":"BreadcrumbList","@id":"https:\/\/www.blackjackinfo.com\/blackjack-school\/lesson-24-understanding-the-surrender-option\/#breadcrumb","itemListElement":[{"@type":"ListItem","position":1,"name":"Home","item":"https:\/\/www.blackjackinfo.com\/"},{"@type":"ListItem","position":2,"name":"Blackjack School &#8211; A Free 24-Lesson Class on Card Counting","item":"https:\/\/www.blackjackinfo.com\/blackjack-school\/"},{"@type":"ListItem","position":3,"name":"Lesson 24 &#8211; Understanding the Surrender Option"}]},{"@type":"WebSite","@id":"https:\/\/www.blackjackinfo.com\/#website","url":"https:\/\/www.blackjackinfo.com\/","name":"BlackjackInfo.com","description":"Perch\u00e9 vincere \u00e8 pi\u00f9 divertente!","potentialAction":[{"@type":"SearchAction","target":{"@type":"EntryPoint","urlTemplate":"https:\/\/www.blackjackinfo.com\/?s={search_term_string}"},"query-input":{"@type":"PropertyValueSpecification","valueRequired":true,"valueName":"search_term_string"}}],"inLanguage":"it-IT"}]}},"_links":{"self":[{"href":"https:\/\/www.blackjackinfo.com\/it\/wp-json\/wp\/v2\/pages\/778","targetHints":{"allow":["GET"]}}],"collection":[{"href":"https:\/\/www.blackjackinfo.com\/it\/wp-json\/wp\/v2\/pages"}],"about":[{"href":"https:\/\/www.blackjackinfo.com\/it\/wp-json\/wp\/v2\/types\/page"}],"author":[{"embeddable":true,"href":"https:\/\/www.blackjackinfo.com\/it\/wp-json\/wp\/v2\/users\/2"}],"replies":[{"embeddable":true,"href":"https:\/\/www.blackjackinfo.com\/it\/wp-json\/wp\/v2\/comments?post=778"}],"version-history":[{"count":12,"href":"https:\/\/www.blackjackinfo.com\/it\/wp-json\/wp\/v2\/pages\/778\/revisions"}],"predecessor-version":[{"id":5473,"href":"https:\/\/www.blackjackinfo.com\/it\/wp-json\/wp\/v2\/pages\/778\/revisions\/5473"}],"up":[{"embeddable":true,"href":"https:\/\/www.blackjackinfo.com\/it\/wp-json\/wp\/v2\/pages\/634"}],"wp:attachment":[{"href":"https:\/\/www.blackjackinfo.com\/it\/wp-json\/wp\/v2\/media?parent=778"}],"wp:term":[{"taxonomy":"post_tag","embeddable":true,"href":"https:\/\/www.blackjackinfo.com\/it\/wp-json\/wp\/v2\/tags?post=778"}],"curies":[{"name":"wp","href":"https:\/\/api.w.org\/{rel}","templated":true}]}}