{"id":780,"date":"2014-10-20T15:53:43","date_gmt":"2014-10-20T20:53:43","guid":{"rendered":"http:\/\/test.blackjackinfo.com\/?page_id=780"},"modified":"2018-01-23T05:36:42","modified_gmt":"2018-01-23T11:36:42","slug":"scuola-di-blackjack-download","status":"publish","type":"page","link":"https:\/\/www.blackjackinfo.com\/it\/blackjack-school\/blackjack-school-downloads\/","title":{"rendered":"Scuola di blackjack Download"},"content":{"rendered":"<p><b>Benvenuti nella pagina di download di \"The GameMaster's Blackjack School\".<br \/>\nQueste risorse possono essere scaricate per essere utilizzate insieme alle lezioni scritte.<\/b><\/p>\n<h3><a href=\"\/blackjack-school\/lesson-01-basic-strategy\/\">Lezione 1<\/a>. Strategia di base<\/h3>\n<ul>\n<li><a href=\"\/files\/Blackjack-School\/BasicStrategyMatrix.html\">Matrice della strategia di base<\/a> - Sviluppato per un gioco abbastanza comune (come descritto nella lezione 1): Sei mazzi, raddoppio su tutte le prime due carte, il raddoppio dopo aver diviso le coppie \u00e8 consentito e il banco sta su A-6 e la resa non \u00e8 consentita.<\/li>\n<li><a href=\"\/files\/Blackjack-School\/BasicStrategyMatrix.pdf\">Matrice della strategia di base<\/a><img loading=\"lazy\" decoding=\"async\" src=\"\/img\/PDFLogo.gif\" width=\"32\" height=\"32\" alt=\"\" data-no-auto-translation=\"\"> in formato PDF.<\/li>\n<li>\u00c8 possibile creare una matrice di strategia di base specifica per qualsiasi gioco di Blackjack alla voce <a href=\"\/blackjack-basic-strategy-engine\/\">Motore della strategia di base del blackjack<\/a>.<\/li>\n<li><a href=\"\/files\/Blackjack-School\/BasicStrategyDecisionChart.html\">Grafico decisionale della strategia di base<\/a> - Questa \u00e8 la Strategia di base condensata in regole facili da ricordare per la mano di ciascun giocatore, utilizzando queste regole (come specificato nella Lezione 1): 6 mazzi, S17, DA2, DAS, nessuna resa.<\/li>\n<li><a href=\"\/files\/Blackjack-School\/BasicStrategyDecisionChart.pdf\">Grafico decisionale della strategia di base<\/a><img loading=\"lazy\" decoding=\"async\" src=\"\/img\/PDFLogo.gif\" width=\"32\" height=\"32\" alt=\"\" data-no-auto-translation=\"\"> in formato PDF.<\/li>\n<\/ul>\n<h3><a href=\"\/blackjack-school\/lesson-02-learning-basic-strategy\/\">Lezione 2<\/a>: Imparare la strategia di base<\/h3>\n<ul>\n<li><a href=\"\/files\/Blackjack-School\/BasicStrategyReconstructionChart.html\">Grafico di ricostruzione della strategia di base<\/a> - Questo link caricher\u00e0 la pagina sul vostro computer e potrete stamparne quante ne volete. Noterete che si tratta solo di una versione \"vuota\" del Quadro decisionale della strategia di base che abbiamo utilizzato nella Lezione 1 per creare le regole per ciascuna delle mani iniziali del giocatore. L'obiettivo \u00e8 scrivere la regola per ogni mano e poi verificarne l'accuratezza. Cronometratevi mentre lo fate e vedete se riuscite a scendere sotto i 60 secondi con una precisione di 100%.<\/li>\n<li><a href=\"\/files\/Blackjack-School\/BasicStrategyReconstructionChart.pdf\">Grafico di ricostruzione della strategia di base<\/a><img loading=\"lazy\" decoding=\"async\" src=\"\/img\/PDFLogo.gif\" width=\"32\" height=\"32\" alt=\"\" data-no-auto-translation=\"\"> in formato PDF.<\/li>\n<li><a href=\"\/files\/Blackjack-School\/BasicStrategyDecisionExercise.html\">Esercizio di decisione sulla strategia di base<\/a>. - Qui ho creato molte mani iniziali dei giocatori e una carta scoperta del mazziere. Utilizzate la \"Matrice della strategia di base\" della Lezione 1 per fare una \"copia di correzione\" e contrassegnatela come tale in alto. Poi, scendete le colonne di un'altra copia e compilate il gioco corretto. Utilizzate la copia di correzione per verificare l'accuratezza. La velocit\u00e0 \u00e8 fondamentale, quindi cercate di completare il compito in meno di 60 secondi con una precisione del 100%. Questo link caricher\u00e0 la pagina sul vostro computer e potrete stamparne quanti ne volete.<\/li>\n<li><a href=\"\/files\/Blackjack-School\/BasicStrategyDecisionExercise.pdf\">Esercizio di decisione sulla strategia di base<\/a><img loading=\"lazy\" decoding=\"async\" src=\"\/img\/PDFLogo.gif\" width=\"32\" height=\"32\" alt=\"\" data-no-auto-translation=\"\"> in formato PDF.<\/li>\n<li><a href=\"\/files\/Blackjack-School\/BasicStrategyDecisionTest.html\">Test di decisione sulla strategia di base<\/a>. Ecco un test finale per verificare le vostre competenze strategiche di base. Il tempo di completamento di 2 minuti \u00e8 molto ragionevole. Questo link caricher\u00e0 il test sul vostro computer e potrete stamparne quanti ne volete.<\/li>\n<li><a href=\"\/files\/Blackjack-School\/BasicStrategyDecisionTest.pdf\">Test di decisione sulla strategia di base<\/a><img loading=\"lazy\" decoding=\"async\" src=\"\/img\/PDFLogo.gif\" width=\"32\" height=\"32\" alt=\"\" data-no-auto-translation=\"\"> in formato PDF.<\/li>\n<\/ul>\n<h3><a href=\"\/blackjack-school\/lesson-03-counting-cards-the-basics\/\">Lezione 3<\/a>: Il conteggio delle carte: Le basi<\/h3>\n<ul>\n<li><a href=\"\/files\/Blackjack-School\/Hi-LoCount-PointValues.html\">Sistema di conteggio Hi\/Lo - Valori dei punti<\/a> - Il sistema di conteggio Hi\/Lo assegna un valore di \"punto\" a ogni tipo di carta del mazzo.  Il primo passo nel conteggio delle carte \u00e8 quello di memorizzare questi valori. Questo link caricher\u00e0 la pagina sul vostro computer e potrete stamparne una copia.<\/li>\n<\/ul>\n<h3><a href=\"\/blackjack-school\/lesson-08-money-management-part-2\/\">Lezione 8<\/a>. Gestione del denaro - Parte 2<\/h3>\n<ul>\n<li><a href=\"\/files\/Blackjack-School\/OptimumBetChart.html\">La tabella delle scommesse ottimali<\/a> - Utilizzando queste informazioni, \u00e8 possibile determinare la puntata ottimale per qualsiasi bankroll; basta moltiplicare la cifra dell'ultima colonna per l'importo del bankroll.  Cos\u00ec, per un bankroll di $3000, la puntata ottimale per un conteggio vero di 2 \u00e8 .0038 X $3000 = $11,40. Questo link caricher\u00e0 la pagina sul vostro computer e potrete stamparne una copia.<\/li>\n<li><a href=\"\/files\/Blackjack-School\/OptimumBetChart.pdf\">La tabella delle scommesse ottimali<\/a><img loading=\"lazy\" decoding=\"async\" src=\"\/img\/PDFLogo.gif\" width=\"32\" height=\"32\" alt=\"\" data-no-auto-translation=\"\"> in formato PDF.<\/li>\n<\/ul>","protected":false},"excerpt":{"rendered":"<p>Welcome to the Download Page for &#8220;The GameMaster&#8217;s Blackjack School&#8221;. These resources can be downloaded for use in conjunction with the written lessons. Lesson 1. Basic Strategy Basic Strategy Matrix &#8211; Developed for a fairly common game (as described in lesson 1): Six decks, double on any first two cards, double after splitting pairs is [&hellip;]<\/p>\n","protected":false},"author":2,"featured_media":0,"parent":634,"menu_order":0,"comment_status":"open","ping_status":"open","template":"page-blackjack-school.php","meta":{"_acf_changed":false,"footnotes":""},"tags":[],"class_list":["post-780","page","type-page","status-publish","hentry"],"acf":[],"yoast_head":"<!-- This site is optimized with the Yoast SEO plugin v26.6 - https:\/\/yoast.com\/wordpress\/plugins\/seo\/ -->\n<title>Blackjack School Downloads<\/title>\n<meta name=\"description\" content=\"Downloadable resources from the GameMaster&#039;s Free Blackjack School.\" \/>\n<meta name=\"robots\" content=\"index, follow, max-snippet:-1, max-image-preview:large, max-video-preview:-1\" \/>\n<link rel=\"canonical\" href=\"https:\/\/www.blackjackinfo.com\/it\/scuola-di-blackjack\/scuola-di-blackjack-download\/\" \/>\n<meta property=\"og:locale\" content=\"it_IT\" \/>\n<meta property=\"og:type\" content=\"article\" \/>\n<meta property=\"og:title\" content=\"Blackjack School Downloads\" \/>\n<meta property=\"og:description\" content=\"Downloadable resources from the GameMaster&#039;s Free Blackjack School.\" \/>\n<meta property=\"og:url\" content=\"https:\/\/www.blackjackinfo.com\/it\/scuola-di-blackjack\/scuola-di-blackjack-download\/\" \/>\n<meta property=\"og:site_name\" content=\"BlackjackInfo.com\" \/>\n<meta property=\"article:modified_time\" content=\"2018-01-23T11:36:42+00:00\" \/>\n<meta name=\"twitter:label1\" content=\"Tempo di lettura stimato\" \/>\n\t<meta name=\"twitter:data1\" content=\"3 minuti\" \/>\n<script type=\"application\/ld+json\" class=\"yoast-schema-graph\">{\"@context\":\"https:\/\/schema.org\",\"@graph\":[{\"@type\":\"WebPage\",\"@id\":\"https:\/\/www.blackjackinfo.com\/blackjack-school\/blackjack-school-downloads\/\",\"url\":\"https:\/\/www.blackjackinfo.com\/blackjack-school\/blackjack-school-downloads\/\",\"name\":\"Blackjack School Downloads\",\"isPartOf\":{\"@id\":\"https:\/\/www.blackjackinfo.com\/#website\"},\"datePublished\":\"2014-10-20T20:53:43+00:00\",\"dateModified\":\"2018-01-23T11:36:42+00:00\",\"description\":\"Downloadable resources from the GameMaster's Free Blackjack School.\",\"breadcrumb\":{\"@id\":\"https:\/\/www.blackjackinfo.com\/blackjack-school\/blackjack-school-downloads\/#breadcrumb\"},\"inLanguage\":\"it-IT\",\"potentialAction\":[{\"@type\":\"ReadAction\",\"target\":[\"https:\/\/www.blackjackinfo.com\/blackjack-school\/blackjack-school-downloads\/\"]}]},{\"@type\":\"BreadcrumbList\",\"@id\":\"https:\/\/www.blackjackinfo.com\/blackjack-school\/blackjack-school-downloads\/#breadcrumb\",\"itemListElement\":[{\"@type\":\"ListItem\",\"position\":1,\"name\":\"Home\",\"item\":\"https:\/\/www.blackjackinfo.com\/\"},{\"@type\":\"ListItem\",\"position\":2,\"name\":\"Blackjack School &#8211; A Free 24-Lesson Class on Card Counting\",\"item\":\"https:\/\/www.blackjackinfo.com\/blackjack-school\/\"},{\"@type\":\"ListItem\",\"position\":3,\"name\":\"Blackjack School Downloads\"}]},{\"@type\":\"WebSite\",\"@id\":\"https:\/\/www.blackjackinfo.com\/#website\",\"url\":\"https:\/\/www.blackjackinfo.com\/\",\"name\":\"BlackjackInfo.com\",\"description\":\"Because Winning is More Fun!\",\"potentialAction\":[{\"@type\":\"SearchAction\",\"target\":{\"@type\":\"EntryPoint\",\"urlTemplate\":\"https:\/\/www.blackjackinfo.com\/?s={search_term_string}\"},\"query-input\":{\"@type\":\"PropertyValueSpecification\",\"valueRequired\":true,\"valueName\":\"search_term_string\"}}],\"inLanguage\":\"it-IT\"}]}<\/script>\n<!-- \/ Yoast SEO plugin. -->","yoast_head_json":{"title":"Scuola di blackjack Download","description":"Risorse scaricabili dalla Scuola gratuita di Blackjack del GameMaster.","robots":{"index":"index","follow":"follow","max-snippet":"max-snippet:-1","max-image-preview":"max-image-preview:large","max-video-preview":"max-video-preview:-1"},"canonical":"https:\/\/www.blackjackinfo.com\/it\/scuola-di-blackjack\/scuola-di-blackjack-download\/","og_locale":"it_IT","og_type":"article","og_title":"Blackjack School Downloads","og_description":"Downloadable resources from the GameMaster's Free Blackjack School.","og_url":"https:\/\/www.blackjackinfo.com\/it\/scuola-di-blackjack\/scuola-di-blackjack-download\/","og_site_name":"BlackjackInfo.com","article_modified_time":"2018-01-23T11:36:42+00:00","twitter_misc":{"Tempo di lettura stimato":"3 minuti"},"schema":{"@context":"https:\/\/schema.org","@graph":[{"@type":"WebPage","@id":"https:\/\/www.blackjackinfo.com\/blackjack-school\/blackjack-school-downloads\/","url":"https:\/\/www.blackjackinfo.com\/blackjack-school\/blackjack-school-downloads\/","name":"Scuola di blackjack Download","isPartOf":{"@id":"https:\/\/www.blackjackinfo.com\/#website"},"datePublished":"2014-10-20T20:53:43+00:00","dateModified":"2018-01-23T11:36:42+00:00","description":"Risorse scaricabili dalla Scuola gratuita di Blackjack del GameMaster.","breadcrumb":{"@id":"https:\/\/www.blackjackinfo.com\/blackjack-school\/blackjack-school-downloads\/#breadcrumb"},"inLanguage":"it-IT","potentialAction":[{"@type":"ReadAction","target":["https:\/\/www.blackjackinfo.com\/blackjack-school\/blackjack-school-downloads\/"]}]},{"@type":"BreadcrumbList","@id":"https:\/\/www.blackjackinfo.com\/blackjack-school\/blackjack-school-downloads\/#breadcrumb","itemListElement":[{"@type":"ListItem","position":1,"name":"Home","item":"https:\/\/www.blackjackinfo.com\/"},{"@type":"ListItem","position":2,"name":"Blackjack School &#8211; A Free 24-Lesson Class on Card Counting","item":"https:\/\/www.blackjackinfo.com\/blackjack-school\/"},{"@type":"ListItem","position":3,"name":"Blackjack School Downloads"}]},{"@type":"WebSite","@id":"https:\/\/www.blackjackinfo.com\/#website","url":"https:\/\/www.blackjackinfo.com\/","name":"BlackjackInfo.com","description":"Perch\u00e9 vincere \u00e8 pi\u00f9 divertente!","potentialAction":[{"@type":"SearchAction","target":{"@type":"EntryPoint","urlTemplate":"https:\/\/www.blackjackinfo.com\/?s={search_term_string}"},"query-input":{"@type":"PropertyValueSpecification","valueRequired":true,"valueName":"search_term_string"}}],"inLanguage":"it-IT"}]}},"_links":{"self":[{"href":"https:\/\/www.blackjackinfo.com\/it\/wp-json\/wp\/v2\/pages\/780","targetHints":{"allow":["GET"]}}],"collection":[{"href":"https:\/\/www.blackjackinfo.com\/it\/wp-json\/wp\/v2\/pages"}],"about":[{"href":"https:\/\/www.blackjackinfo.com\/it\/wp-json\/wp\/v2\/types\/page"}],"author":[{"embeddable":true,"href":"https:\/\/www.blackjackinfo.com\/it\/wp-json\/wp\/v2\/users\/2"}],"replies":[{"embeddable":true,"href":"https:\/\/www.blackjackinfo.com\/it\/wp-json\/wp\/v2\/comments?post=780"}],"version-history":[{"count":14,"href":"https:\/\/www.blackjackinfo.com\/it\/wp-json\/wp\/v2\/pages\/780\/revisions"}],"predecessor-version":[{"id":800,"href":"https:\/\/www.blackjackinfo.com\/it\/wp-json\/wp\/v2\/pages\/780\/revisions\/800"}],"up":[{"embeddable":true,"href":"https:\/\/www.blackjackinfo.com\/it\/wp-json\/wp\/v2\/pages\/634"}],"wp:attachment":[{"href":"https:\/\/www.blackjackinfo.com\/it\/wp-json\/wp\/v2\/media?parent=780"}],"wp:term":[{"taxonomy":"post_tag","embeddable":true,"href":"https:\/\/www.blackjackinfo.com\/it\/wp-json\/wp\/v2\/tags?post=780"}],"curies":[{"name":"wp","href":"https:\/\/api.w.org\/{rel}","templated":true}]}}