{"id":8270,"date":"2025-04-17T05:44:58","date_gmt":"2025-04-17T10:44:58","guid":{"rendered":"https:\/\/www.blackjackinfo.com\/?page_id=8270"},"modified":"2025-05-13T06:07:01","modified_gmt":"2025-05-13T11:07:01","slug":"presentare-un-reclamo","status":"publish","type":"page","link":"https:\/\/www.blackjackinfo.com\/it\/submit-a-complaint\/","title":{"rendered":"Presentare un reclamo contro un casin\u00f2 online"},"content":{"rendered":"<h2 class=\"wp-block-heading\">Linee guida per la presentazione di un reclamo<\/h2>\n\n\n\n<p>Utilizzate il nostro servizio di presentazione dei reclami per segnalare problemi quali ritardi nei pagamenti, pratiche sleali, problemi con i bonus o controversie sul conto. <\/p>\n\n\n\n<p>Una volta presentata, la controversia sar\u00e0 immediatamente notificata al rappresentante del casin\u00f2 online e noi medieremo il processo per una risoluzione equa.<\/p>\n\n\n\n<p>Il nostro obiettivo \u00e8 quello di aiutarvi a ottenere un risultato equo, incoraggiando al contempo migliori pratiche e trasparenza con i casin\u00f2.<\/p>\n\n\n\n<p>Per garantire un processo senza intoppi, prima di presentare un reclamo \u00e8 necessario seguire i seguenti passaggi.<\/p>\n\n\n\n<ol class=\"wp-block-list\">\n<li>Rivolgetevi al team di supporto del casin\u00f2 per cercare di risolvere il problema.<\/li>\n\n\n\n<li>Ricontrollate che non abbiate violato i termini e le condizioni del casin\u00f2.<\/li>\n\n\n\n<li>Se avete fatto quanto sopra e non siete giunti a una soluzione equa, continuate a pubblicare la vostra situazione nel modulo seguente<\/li>\n\n\n\n<li>Assicuratevi di includere il vostro nome utente del casin\u00f2, in modo da accelerare il processo per tutti.<\/li>\n<\/ol>\n\n\n\n<h2 class=\"wp-block-heading\">Quanto costa questo servizio?<\/h2>\n\n\n\n<p>\u00c8 completamente gratuito. Come <a href=\"https:\/\/www.blackjackinfo.com\/about\/\">esperti del settore<\/a>Sappiamo che a volte pu\u00f2 essere frustrante risolvere i problemi, per non parlare dei contatti con i casin\u00f2 online. Abbiamo quindi creato questo servizio gratuito nella speranza di eliminare i dubbi, migliorare la trasparenza e contribuire a colmare il divario tra giocatori e operatori.<\/p>\n\n\n\n<p>Nota: non possiamo garantire un esito favorevole, ma faremo del nostro meglio per mediare la situazione e ottenere un risultato equo.<\/p>","protected":false},"excerpt":{"rendered":"<p>Guidelines for Submitting a Complaint Use our complaint submission service to report issues such as delayed payments, unfair practices, bonus problems, or account disputes. Once submitted, your dispute will notify the online casino rep immediately and we will mediate the process for a fair resolution. Our goal is to help you get a fair outcome [&hellip;]<\/p>\n","protected":false},"author":4,"featured_media":0,"parent":0,"menu_order":0,"comment_status":"open","ping_status":"closed","template":"page-online-casino-comments.php","meta":{"_acf_changed":false,"footnotes":""},"tags":[],"class_list":["post-8270","page","type-page","status-publish","hentry"],"acf":[],"yoast_head":"<!-- This site is optimized with the Yoast SEO plugin v26.6 - https:\/\/yoast.com\/wordpress\/plugins\/seo\/ -->\n<title>Submit a Complaint against an Online Casino<\/title>\n<meta name=\"description\" content=\"Guidelines for Submitting a Complaint Use our complaint submission service to report issues such as delayed payments, unfair practices, bonus problems, or\" \/>\n<meta name=\"robots\" content=\"index, follow, max-snippet:-1, max-image-preview:large, max-video-preview:-1\" \/>\n<link rel=\"canonical\" href=\"https:\/\/www.blackjackinfo.com\/it\/presentare-un-reclamo\/\" \/>\n<meta property=\"og:locale\" content=\"it_IT\" \/>\n<meta property=\"og:type\" content=\"article\" \/>\n<meta property=\"og:title\" content=\"Submit a Complaint against an Online Casino\" \/>\n<meta property=\"og:description\" content=\"Guidelines for Submitting a Complaint Use our complaint submission service to report issues such as delayed payments, unfair practices, bonus problems, or\" \/>\n<meta property=\"og:url\" content=\"https:\/\/www.blackjackinfo.com\/it\/presentare-un-reclamo\/\" \/>\n<meta property=\"og:site_name\" content=\"BlackjackInfo.com\" \/>\n<meta property=\"article:modified_time\" content=\"2025-05-13T11:07:01+00:00\" \/>\n<meta name=\"twitter:label1\" content=\"Tempo di lettura stimato\" \/>\n\t<meta name=\"twitter:data1\" content=\"1 minuto\" \/>\n<script type=\"application\/ld+json\" class=\"yoast-schema-graph\">{\"@context\":\"https:\/\/schema.org\",\"@graph\":[{\"@type\":\"WebPage\",\"@id\":\"https:\/\/www.blackjackinfo.com\/submit-a-complaint\/\",\"url\":\"https:\/\/www.blackjackinfo.com\/submit-a-complaint\/\",\"name\":\"Submit a Complaint against an Online Casino\",\"isPartOf\":{\"@id\":\"https:\/\/www.blackjackinfo.com\/#website\"},\"datePublished\":\"2025-04-17T10:44:58+00:00\",\"dateModified\":\"2025-05-13T11:07:01+00:00\",\"description\":\"Guidelines for Submitting a Complaint Use our complaint submission service to report issues such as delayed payments, unfair practices, bonus problems, or\",\"breadcrumb\":{\"@id\":\"https:\/\/www.blackjackinfo.com\/submit-a-complaint\/#breadcrumb\"},\"inLanguage\":\"it-IT\",\"potentialAction\":[{\"@type\":\"ReadAction\",\"target\":[\"https:\/\/www.blackjackinfo.com\/submit-a-complaint\/\"]}]},{\"@type\":\"BreadcrumbList\",\"@id\":\"https:\/\/www.blackjackinfo.com\/submit-a-complaint\/#breadcrumb\",\"itemListElement\":[{\"@type\":\"ListItem\",\"position\":1,\"name\":\"Home\",\"item\":\"https:\/\/www.blackjackinfo.com\/\"},{\"@type\":\"ListItem\",\"position\":2,\"name\":\"Submit a Complaint against an Online Casino\"}]},{\"@type\":\"WebSite\",\"@id\":\"https:\/\/www.blackjackinfo.com\/#website\",\"url\":\"https:\/\/www.blackjackinfo.com\/\",\"name\":\"BlackjackInfo.com\",\"description\":\"Because Winning is More Fun!\",\"potentialAction\":[{\"@type\":\"SearchAction\",\"target\":{\"@type\":\"EntryPoint\",\"urlTemplate\":\"https:\/\/www.blackjackinfo.com\/?s={search_term_string}\"},\"query-input\":{\"@type\":\"PropertyValueSpecification\",\"valueRequired\":true,\"valueName\":\"search_term_string\"}}],\"inLanguage\":\"it-IT\"}]}<\/script>\n<!-- \/ Yoast SEO plugin. -->","yoast_head_json":{"title":"Presentare un reclamo contro un casin\u00f2 online","description":"Linee guida per la presentazione di un reclamo Utilizzate il nostro servizio di presentazione dei reclami per segnalare problemi quali ritardi nei pagamenti, pratiche sleali, problemi con i bonus, o","robots":{"index":"index","follow":"follow","max-snippet":"max-snippet:-1","max-image-preview":"max-image-preview:large","max-video-preview":"max-video-preview:-1"},"canonical":"https:\/\/www.blackjackinfo.com\/it\/presentare-un-reclamo\/","og_locale":"it_IT","og_type":"article","og_title":"Submit a Complaint against an Online Casino","og_description":"Guidelines for Submitting a Complaint Use our complaint submission service to report issues such as delayed payments, unfair practices, bonus problems, or","og_url":"https:\/\/www.blackjackinfo.com\/it\/presentare-un-reclamo\/","og_site_name":"BlackjackInfo.com","article_modified_time":"2025-05-13T11:07:01+00:00","twitter_misc":{"Tempo di lettura stimato":"1 minuto"},"schema":{"@context":"https:\/\/schema.org","@graph":[{"@type":"WebPage","@id":"https:\/\/www.blackjackinfo.com\/submit-a-complaint\/","url":"https:\/\/www.blackjackinfo.com\/submit-a-complaint\/","name":"Presentare un reclamo contro un casin\u00f2 online","isPartOf":{"@id":"https:\/\/www.blackjackinfo.com\/#website"},"datePublished":"2025-04-17T10:44:58+00:00","dateModified":"2025-05-13T11:07:01+00:00","description":"Linee guida per la presentazione di un reclamo Utilizzate il nostro servizio di presentazione dei reclami per segnalare problemi quali ritardi nei pagamenti, pratiche sleali, problemi con i bonus, o","breadcrumb":{"@id":"https:\/\/www.blackjackinfo.com\/submit-a-complaint\/#breadcrumb"},"inLanguage":"it-IT","potentialAction":[{"@type":"ReadAction","target":["https:\/\/www.blackjackinfo.com\/submit-a-complaint\/"]}]},{"@type":"BreadcrumbList","@id":"https:\/\/www.blackjackinfo.com\/submit-a-complaint\/#breadcrumb","itemListElement":[{"@type":"ListItem","position":1,"name":"Home","item":"https:\/\/www.blackjackinfo.com\/"},{"@type":"ListItem","position":2,"name":"Submit a Complaint against an Online Casino"}]},{"@type":"WebSite","@id":"https:\/\/www.blackjackinfo.com\/#website","url":"https:\/\/www.blackjackinfo.com\/","name":"BlackjackInfo.com","description":"Perch\u00e9 vincere \u00e8 pi\u00f9 divertente!","potentialAction":[{"@type":"SearchAction","target":{"@type":"EntryPoint","urlTemplate":"https:\/\/www.blackjackinfo.com\/?s={search_term_string}"},"query-input":{"@type":"PropertyValueSpecification","valueRequired":true,"valueName":"search_term_string"}}],"inLanguage":"it-IT"}]}},"_links":{"self":[{"href":"https:\/\/www.blackjackinfo.com\/it\/wp-json\/wp\/v2\/pages\/8270","targetHints":{"allow":["GET"]}}],"collection":[{"href":"https:\/\/www.blackjackinfo.com\/it\/wp-json\/wp\/v2\/pages"}],"about":[{"href":"https:\/\/www.blackjackinfo.com\/it\/wp-json\/wp\/v2\/types\/page"}],"author":[{"embeddable":true,"href":"https:\/\/www.blackjackinfo.com\/it\/wp-json\/wp\/v2\/users\/4"}],"replies":[{"embeddable":true,"href":"https:\/\/www.blackjackinfo.com\/it\/wp-json\/wp\/v2\/comments?post=8270"}],"version-history":[{"count":7,"href":"https:\/\/www.blackjackinfo.com\/it\/wp-json\/wp\/v2\/pages\/8270\/revisions"}],"predecessor-version":[{"id":8476,"href":"https:\/\/www.blackjackinfo.com\/it\/wp-json\/wp\/v2\/pages\/8270\/revisions\/8476"}],"wp:attachment":[{"href":"https:\/\/www.blackjackinfo.com\/it\/wp-json\/wp\/v2\/media?parent=8270"}],"wp:term":[{"taxonomy":"post_tag","embeddable":true,"href":"https:\/\/www.blackjackinfo.com\/it\/wp-json\/wp\/v2\/tags?post=8270"}],"curies":[{"name":"wp","href":"https:\/\/api.w.org\/{rel}","templated":true}]}}