{"id":837,"date":"2014-10-21T16:53:50","date_gmt":"2014-10-21T21:53:50","guid":{"rendered":"http:\/\/test.blackjackinfo.com\/?page_id=837"},"modified":"2018-06-22T02:30:44","modified_gmt":"2018-06-22T07:30:44","slug":"scheda","status":"publish","type":"page","link":"https:\/\/www.blackjackinfo.com\/it\/card\/","title":{"rendered":"Carte strategiche per il blackjack, base e avanzate"},"content":{"rendered":"<p class=\"intro\">Offriamo due diversi set di carte strategiche per il blackjack di altissima qualit\u00e0. Le nostre carte per la strategia di base del blackjack forniscono strategie di base perfettamente ottimizzate per tutte le pi\u00f9 comuni varianti di regole, mentre le nostre carte per la strategia avanzata del blackjack aggiungono anche numeri indice per il conteggio delle carte Hi-Lo.<\/p>\n<p><img loading=\"lazy\" decoding=\"async\" class=\"aligncenter size-full wp-image-847\" src=\"\/files\/strategy-cards-600x480.jpg\" alt=\"strategy-cards-600x480\" width=\"600\" height=\"480\" srcset=\"https:\/\/www.blackjackinfo.com\/files\/strategy-cards-600x480.jpg 600w, https:\/\/www.blackjackinfo.com\/files\/strategy-cards-600x480-300x240.jpg 300w\" sizes=\"auto, (max-width: 600px) 100vw, 600px\" data-no-auto-translation=\"\" \/><\/p>\n<div style=\"border: 1px solid black; margin: 15px 0; padding: 8px;\">\n<h3>Carte della strategia di base del blackjack:<\/h3>\n<p><img loading=\"lazy\" decoding=\"async\" src=\"\/files\/SetOfSixCover-186x300.jpg\" alt=\"Set of Six Blackjack Strategy Cards\" width=\"186\" height=\"300\" class=\"alignright size-medium wp-image-856\" srcset=\"https:\/\/www.blackjackinfo.com\/files\/SetOfSixCover-186x300.jpg 186w, https:\/\/www.blackjackinfo.com\/files\/SetOfSixCover.jpg 240w\" sizes=\"auto, (max-width: 186px) 100vw, 186px\" data-no-auto-translation=\"\" \/><\/p>\n<h4 class=\"text-center\"><a href=\"\/card\/basic-strategy-card-instructions\/\">Visualizza le istruzioni<\/a><\/h4>\n<p>\tQuesto <a href=\"http:\/\/www.amazon.com\/dp\/098211916X\/?tag=theblackjacbasic\">set di sei carte formato portafoglio<\/a> mostra la strategia di base ottimale per ciascuno di questi giochi:<\/p>\n<ul>\n<li><a href=\"http:\/\/www.amazon.com\/dp\/0982119100\/?tag=theblackjacbasic\">1 mazzo, il mazziere sta su tutti i 17<\/a><\/li>\n<li><a href=\"http:\/\/www.amazon.com\/dp\/0982119119\/?tag=theblackjacbasic\">1 mazzo, il mazziere colpisce un 17 morbido<\/a><\/li>\n<li><a href=\"http:\/\/www.amazon.com\/dp\/0982119127\/?tag=theblackjacbasic\">2 mazzi, il mazziere sta su tutti i 17<\/a><\/li>\n<li><a href=\"http:\/\/www.amazon.com\/dp\/0982119135\/?tag=theblackjacbasic\">2 mazzi, il mazziere colpisce un 17 morbido<\/a><\/li>\n<li><a href=\"http:\/\/www.amazon.com\/dp\/0982119143\/?tag=theblackjacbasic\">4\/6\/8 mazzi, il mazziere sta su tutti i 17<\/a><\/li>\n<li><a href=\"http:\/\/www.amazon.com\/dp\/0982119151\/?tag=theblackjacbasic\">4\/6\/8 mazzi, il mazziere colpisce un 17 morbido<\/a><\/li>\n<\/ul>\n<p>\tOgni carta presenta la perfetta strategia di base di BlackjackInfo.com ed \u00e8 realizzata in plastica solida e resistente.  Le carte hanno le dimensioni di una carta di credito per poter essere riposte facilmente nel portafoglio.<\/p>\n<h4 class=\"text-center\"><a href=\"http:\/\/www.amazon.com\/dp\/098211916X\/?tag=theblackjacbasic\">Acquista ora<\/a><\/h4>\n<\/div>\n<div style=\"border: 1px solid black; margin: 15px 0; padding: 8px;\">\n<h3>Carte di strategia avanzata del blackjack:<\/h3>\n<p><img loading=\"lazy\" decoding=\"async\" src=\"\/files\/blackjack-advanced-strategy-cards-cover-221x336-197x300.jpg\" alt=\"Blackjack Advanced Strategy Cards\" width=\"197\" height=\"300\" class=\"alignright size-medium wp-image-871\" srcset=\"https:\/\/www.blackjackinfo.com\/files\/blackjack-advanced-strategy-cards-cover-221x336-197x300.jpg 197w, https:\/\/www.blackjackinfo.com\/files\/blackjack-advanced-strategy-cards-cover-221x336.jpg 221w\" sizes=\"auto, (max-width: 197px) 100vw, 197px\" data-no-auto-translation=\"\" \/><\/p>\n<h4 class=\"text-center\"><a href=\"\/card\/advanced-strategy-card-instructions\/\">Visualizza le istruzioni<\/a><\/h4>\n<p>\tQuesto <a href=\"http:\/\/www.amazon.com\/dp\/0982119178\/?tag=theblackjacbasic\">set di dodici carte tascabili<\/a> include le stesse strategie di base perfette del set di base, ma aggiunge il sistema di conteggio delle carte Hi-Lo con numeri indice da -5 a +5.<\/p>\n<p>\tPer ogni gioco, il set comprende due diverse carte di plastica.  Una carta mostra i numeri dell'indice Hi-Lo stampati come piccoli numeri nell'angolo della casella di decisione.  Una seconda versione \"stealth\" di ogni carta codifica i numeri indice con una serie di piccoli punti neri.<\/p>\n<p>\tOgni scheda \u00e8 tascabile e realizzata in solida plastica resistente.<\/p>\n<h4 class=\"text-center\"><a href=\"http:\/\/www.amazon.com\/dp\/0982119178\/?tag=theblackjacbasic\">Acquista ora<\/a><\/h4>\n<\/div>","protected":false},"excerpt":{"rendered":"<p>We offer two different sets of the highest quality blackjack strategy cards. Our Blackjack Basic Strategy Cards provide perfectly optimized basic strategies for all the common rule variations, while our Blackjack Advanced Strategy Cards add optimal Hi-Lo card counting index numbers as well. Blackjack Basic Strategy Cards: View Instructions This set of six wallet-size cards [&hellip;]<\/p>\n","protected":false},"author":2,"featured_media":0,"parent":0,"menu_order":0,"comment_status":"open","ping_status":"closed","template":"","meta":{"_acf_changed":false,"footnotes":""},"tags":[],"class_list":["post-837","page","type-page","status-publish","hentry"],"acf":[],"yoast_head":"<!-- This site is optimized with the Yoast SEO plugin v26.6 - https:\/\/yoast.com\/wordpress\/plugins\/seo\/ -->\n<title>Blackjack Strategy Cards, Basic and Advanced<\/title>\n<meta name=\"description\" content=\"We offer the highest quality blackjack strategy cards, in a wallet-size set for basic strategy, and also an advanced card set for card counting.\" \/>\n<meta name=\"robots\" content=\"index, follow, max-snippet:-1, max-image-preview:large, max-video-preview:-1\" \/>\n<link rel=\"canonical\" href=\"https:\/\/www.blackjackinfo.com\/it\/scheda\/\" \/>\n<meta property=\"og:locale\" content=\"it_IT\" \/>\n<meta property=\"og:type\" content=\"article\" \/>\n<meta property=\"og:title\" content=\"Blackjack Strategy Cards, Basic and Advanced\" \/>\n<meta property=\"og:description\" content=\"We offer the highest quality blackjack strategy cards, in a wallet-size set for basic strategy, and also an advanced card set for card counting.\" \/>\n<meta property=\"og:url\" content=\"https:\/\/www.blackjackinfo.com\/it\/scheda\/\" \/>\n<meta property=\"og:site_name\" content=\"BlackjackInfo.com\" \/>\n<meta property=\"article:modified_time\" content=\"2018-06-22T07:30:44+00:00\" \/>\n<meta name=\"twitter:label1\" content=\"Tempo di lettura stimato\" \/>\n\t<meta name=\"twitter:data1\" content=\"1 minuto\" \/>\n<script type=\"application\/ld+json\" class=\"yoast-schema-graph\">{\"@context\":\"https:\/\/schema.org\",\"@graph\":[{\"@type\":\"WebPage\",\"@id\":\"https:\/\/www.blackjackinfo.com\/card\/\",\"url\":\"https:\/\/www.blackjackinfo.com\/card\/\",\"name\":\"Blackjack Strategy Cards, Basic and Advanced\",\"isPartOf\":{\"@id\":\"https:\/\/www.blackjackinfo.com\/#website\"},\"datePublished\":\"2014-10-21T21:53:50+00:00\",\"dateModified\":\"2018-06-22T07:30:44+00:00\",\"description\":\"We offer the highest quality blackjack strategy cards, in a wallet-size set for basic strategy, and also an advanced card set for card counting.\",\"breadcrumb\":{\"@id\":\"https:\/\/www.blackjackinfo.com\/card\/#breadcrumb\"},\"inLanguage\":\"it-IT\",\"potentialAction\":[{\"@type\":\"ReadAction\",\"target\":[\"https:\/\/www.blackjackinfo.com\/card\/\"]}]},{\"@type\":\"BreadcrumbList\",\"@id\":\"https:\/\/www.blackjackinfo.com\/card\/#breadcrumb\",\"itemListElement\":[{\"@type\":\"ListItem\",\"position\":1,\"name\":\"Home\",\"item\":\"https:\/\/www.blackjackinfo.com\/\"},{\"@type\":\"ListItem\",\"position\":2,\"name\":\"Blackjack Strategy Cards, Basic and Advanced\"}]},{\"@type\":\"WebSite\",\"@id\":\"https:\/\/www.blackjackinfo.com\/#website\",\"url\":\"https:\/\/www.blackjackinfo.com\/\",\"name\":\"BlackjackInfo.com\",\"description\":\"Because Winning is More Fun!\",\"potentialAction\":[{\"@type\":\"SearchAction\",\"target\":{\"@type\":\"EntryPoint\",\"urlTemplate\":\"https:\/\/www.blackjackinfo.com\/?s={search_term_string}\"},\"query-input\":{\"@type\":\"PropertyValueSpecification\",\"valueRequired\":true,\"valueName\":\"search_term_string\"}}],\"inLanguage\":\"it-IT\"}]}<\/script>\n<!-- \/ Yoast SEO plugin. -->","yoast_head_json":{"title":"Carte strategiche per il blackjack, base e avanzate","description":"Offriamo carte strategiche per il blackjack di altissima qualit\u00e0, in un set da portafoglio per la strategia di base e in un set avanzato per il conteggio delle carte.","robots":{"index":"index","follow":"follow","max-snippet":"max-snippet:-1","max-image-preview":"max-image-preview:large","max-video-preview":"max-video-preview:-1"},"canonical":"https:\/\/www.blackjackinfo.com\/it\/scheda\/","og_locale":"it_IT","og_type":"article","og_title":"Blackjack Strategy Cards, Basic and Advanced","og_description":"We offer the highest quality blackjack strategy cards, in a wallet-size set for basic strategy, and also an advanced card set for card counting.","og_url":"https:\/\/www.blackjackinfo.com\/it\/scheda\/","og_site_name":"BlackjackInfo.com","article_modified_time":"2018-06-22T07:30:44+00:00","twitter_misc":{"Tempo di lettura stimato":"1 minuto"},"schema":{"@context":"https:\/\/schema.org","@graph":[{"@type":"WebPage","@id":"https:\/\/www.blackjackinfo.com\/card\/","url":"https:\/\/www.blackjackinfo.com\/card\/","name":"Carte strategiche per il blackjack, base e avanzate","isPartOf":{"@id":"https:\/\/www.blackjackinfo.com\/#website"},"datePublished":"2014-10-21T21:53:50+00:00","dateModified":"2018-06-22T07:30:44+00:00","description":"Offriamo carte strategiche per il blackjack di altissima qualit\u00e0, in un set da portafoglio per la strategia di base e in un set avanzato per il conteggio delle carte.","breadcrumb":{"@id":"https:\/\/www.blackjackinfo.com\/card\/#breadcrumb"},"inLanguage":"it-IT","potentialAction":[{"@type":"ReadAction","target":["https:\/\/www.blackjackinfo.com\/card\/"]}]},{"@type":"BreadcrumbList","@id":"https:\/\/www.blackjackinfo.com\/card\/#breadcrumb","itemListElement":[{"@type":"ListItem","position":1,"name":"Home","item":"https:\/\/www.blackjackinfo.com\/"},{"@type":"ListItem","position":2,"name":"Blackjack Strategy Cards, Basic and Advanced"}]},{"@type":"WebSite","@id":"https:\/\/www.blackjackinfo.com\/#website","url":"https:\/\/www.blackjackinfo.com\/","name":"BlackjackInfo.com","description":"Perch\u00e9 vincere \u00e8 pi\u00f9 divertente!","potentialAction":[{"@type":"SearchAction","target":{"@type":"EntryPoint","urlTemplate":"https:\/\/www.blackjackinfo.com\/?s={search_term_string}"},"query-input":{"@type":"PropertyValueSpecification","valueRequired":true,"valueName":"search_term_string"}}],"inLanguage":"it-IT"}]}},"_links":{"self":[{"href":"https:\/\/www.blackjackinfo.com\/it\/wp-json\/wp\/v2\/pages\/837","targetHints":{"allow":["GET"]}}],"collection":[{"href":"https:\/\/www.blackjackinfo.com\/it\/wp-json\/wp\/v2\/pages"}],"about":[{"href":"https:\/\/www.blackjackinfo.com\/it\/wp-json\/wp\/v2\/types\/page"}],"author":[{"embeddable":true,"href":"https:\/\/www.blackjackinfo.com\/it\/wp-json\/wp\/v2\/users\/2"}],"replies":[{"embeddable":true,"href":"https:\/\/www.blackjackinfo.com\/it\/wp-json\/wp\/v2\/comments?post=837"}],"version-history":[{"count":30,"href":"https:\/\/www.blackjackinfo.com\/it\/wp-json\/wp\/v2\/pages\/837\/revisions"}],"predecessor-version":[{"id":1765,"href":"https:\/\/www.blackjackinfo.com\/it\/wp-json\/wp\/v2\/pages\/837\/revisions\/1765"}],"wp:attachment":[{"href":"https:\/\/www.blackjackinfo.com\/it\/wp-json\/wp\/v2\/media?parent=837"}],"wp:term":[{"taxonomy":"post_tag","embeddable":true,"href":"https:\/\/www.blackjackinfo.com\/it\/wp-json\/wp\/v2\/tags?post=837"}],"curies":[{"name":"wp","href":"https:\/\/api.w.org\/{rel}","templated":true}]}}