{"id":875,"date":"2014-10-22T12:30:01","date_gmt":"2014-10-22T17:30:01","guid":{"rendered":"http:\/\/test.blackjackinfo.com\/?page_id=875"},"modified":"2018-06-22T02:31:04","modified_gmt":"2018-06-22T07:31:04","slug":"istruzioni-per-le-carte-strategiche-di-base","status":"publish","type":"page","link":"https:\/\/www.blackjackinfo.com\/it\/card\/basic-strategy-card-instructions\/","title":{"rendered":"Istruzioni per le carte della strategia di base del blackjack"},"content":{"rendered":"<p><img loading=\"lazy\" decoding=\"async\" src=\"\/files\/SixCards-300x198.jpg\" alt=\"Set of Six Cards\" width=\"300\" height=\"198\" class=\"alignright size-full wp-image-878\" data-no-auto-translation=\"\" \/><\/p>\n<p class=\"intro\">Carte strategiche per il blackjack in formato tascabile, studiate appositamente per ogni serie di regole. Disponibili singolarmente o in un set di tutte e sei.<\/p>\n<p>Il <a href=\"http:\/\/www.amazon.com\/dp\/098211916X\/?tag=theblackjacbasic\">set completo di 6 carte<\/a> comprende:<\/p>\n<ul>\n<li><a href=\"http:\/\/www.amazon.com\/dp\/0982119100\/?tag=theblackjacbasic\">1 mazzo, il mazziere sta su tutti i 17<\/a><\/li>\n<li><a href=\"http:\/\/www.amazon.com\/dp\/0982119119\/?tag=theblackjacbasic\">1 mazzo, il mazziere colpisce un 17 morbido<\/a><\/li>\n<li><a href=\"http:\/\/www.amazon.com\/dp\/0982119127\/?tag=theblackjacbasic\">2 mazzi, il mazziere sta su tutti i 17<\/a><\/li>\n<li><a href=\"http:\/\/www.amazon.com\/dp\/0982119135\/?tag=theblackjacbasic\">2 mazzi, il mazziere colpisce un 17 morbido<\/a><\/li>\n<li><a href=\"http:\/\/www.amazon.com\/dp\/0982119143\/?tag=theblackjacbasic\">4\/6\/8 mazzi, il mazziere sta su tutti i 17<\/a><\/li>\n<li><a href=\"http:\/\/www.amazon.com\/dp\/0982119151\/?tag=theblackjacbasic\">4\/6\/8 mazzi, il mazziere colpisce un 17 morbido<\/a><\/li>\n<\/ul>\n<ul>\n<li>Ogni carta presenta una perfetta strategia di base da BlackjackInfo.com<\/li>\n<li>Piccole carte di credito per un facile utilizzo al tavolo del casin\u00f2.<\/li>\n<li>Plastica solida per una maggiore durata, abbastanza piccola da stare nel portafoglio.<\/li>\n<\/ul>\n<p>Qui sono disponibili anche le <a href=\"\/card\/advanced-strategy-card-instructions\/\">Carte strategiche avanzate<\/a>, che includono numeri indice per il conteggio delle carte.<\/p>\n<hr>\n<h2>Istruzioni:<\/h2>\n<div style=\"border: 1px solid black; margin: 15px 0; padding: 10px;\" class=\"clearfix\">\n<h3>Fase 1: Scegliere la carta strategia corretta.<\/h3>\n<p><img loading=\"lazy\" decoding=\"async\" src=\"\/files\/2dh17.gif\" alt=\"2dh17\" width=\"300\" height=\"458\" class=\"alignright size-full wp-image-849\" data-no-auto-translation=\"\" \/><\/p>\n<p>        <b>Numero di ponti:<\/b><br \/>\n        Determinare quanti mazzi di carte sono in uso nel gioco specifico a cui si sta giocando.  Se non ne siete sicuri, chiedete al banco.<\/p>\n<p>        Le nostre carte strategiche sono disponibili nelle versioni a 1 mazzo, 2 mazzi e 4\/6\/8 mazzi.  Utilizzate la carta a 4\/6\/8 mazzi per qualsiasi numero di mazzi superiore a due. Ad esempio, alcuni giochi di mescolamento continuo utilizzano 5 mazzi di carte.<\/p>\n<p>        <b>Il mazziere colpisce o resta su un 17 morbido?<\/b><br \/>\n        Alcuni casin\u00f2 offrono giochi in cui il mazziere deve stare su tutti i 17, mentre altri richiedono al mazziere di prendere un'altra carta se ha un \"soft 17\". Il feltro da tavolo dovrebbe includere la dicitura \"Dealer Stands on All 17s\" o \"Dealer Hits Soft 17\".  Utilizzate queste informazioni per scegliere la carta strategica corretta.<\/p>\n<blockquote><p><b>Che cos'\u00e8 un soft 17?<\/b>  Una mano \"morbida\" \u00e8 una mano che include un Asso e non pu\u00f2 fallire se si prende un'altra carta.  Una mano di (Asso, 6) \u00e8 un 17 morbido.<br \/>\n          Anche una mano di (3,Asso,3) \u00e8 un 17 morbido.  Tuttavia, la mano (3,Dieci,Asso,3) non \u00e8 un 17 morbido anche se include un Asso.\n          <\/p><\/blockquote>\n<p>        Per il nostro esempio, supponiamo che stiate giocando una partita a 2 mazzi e che la dicitura sul tavolo indichi che il banco colpisce un 17 morbido.\n<\/p><\/div>\n<div style=\"border: 1px solid black; margin: 15px 0; padding: 10px;\" class=\"clearfix\">\n<h3>Fase 2: trovare la riga della mano sulla carta.<\/h3>\n<p><a class=\"alignright\" href=\"\/files\/hard12.gif\"><img loading=\"lazy\" decoding=\"async\" src=\"\/files\/hard12.gif\" alt=\"hard12\" width=\"300\" height=\"458\" class=\"alignnone size-full wp-image-889\" data-no-auto-translation=\"\" \/><\/a><br \/>\n        Una volta scelta la carta strategica giusta, si pu\u00f2 fare riferimento ad essa ogni volta che si incontra una mano per la quale non si \u00e8 sicuri della strategia migliore.  Ogni carta \u00e8 suddivisa in tre sezioni principali.  Sul lato anteriore della carta si trovano le sezioni per le mani totali difficili e morbide che non sono coppie.  Sul retro della carta si trovano i consigli completi per giocare le mani che sono coppie.<\/p>\n<p>        Se la mano di due carte \u00e8 una coppia di due carte dello stesso rango, consultare la sezione \"Coppie\" sul retro della carta.  Se la mano di due carte include un Asso, consultare il fronte della carta nella sezione \"Totali morbidi\".  Se la mano di due carte non include un Asso, trovare il totale della mano nella sezione \"Totali duri\".  In ogni caso, trovare la riga corrispondente alla propria mano.<\/p>\n<p>        Ad esempio, supponiamo che vi venga distribuita la mano (9,3) e che il banco mostri un tris.  Poich\u00e9 la vostra mano non \u00e8 una coppia e non include un Asso, cercate il vostro totale (9+3 = 12) nella sezione Hard Totals, come indicato qui.\n<\/p><\/div>\n<div style=\"border: 1px solid black; margin: 15px 0; padding: 10px;\" class=\"clearfix\">\n<h3>Fase 3: trovare la colonna delle carte scoperte del mazziere.<\/h3>\n<p><img loading=\"lazy\" decoding=\"async\" src=\"\/files\/dealer3.gif\" alt=\"Dealer Upcard of 3\" width=\"300\" height=\"458\" class=\"alignright size-full wp-image-893\" data-no-auto-translation=\"\" \/><br \/>\n        Ora trovate l'upcard del banco per identificare la colonna da utilizzare.  Nel nostro esempio, il banco ha un tris.  Gli upcard del mazziere con l'Asso sono indicati come \"A\" sulle carte.  Gli upcard del mazziere di Dieci, Fante, Regina e Re sono tutti trattati come un valore di dieci, indicato sulle nostre carte come una \"T\".<\/p>\n<p>        Il nostro esempio prevede che il banco abbia un tre come upcard.\n<\/p><\/div>\n<div style=\"border: 1px solid black; margin: 15px 0; padding: 10px;\" class=\"clearfix\">\n<h3>Fase 4: individuare la strategia nell'intersezione.<\/h3>\n<p><img loading=\"lazy\" decoding=\"async\" src=\"\/files\/93v3.gif\" alt=\"(9,3) vs 3\" width=\"300\" height=\"458\" class=\"alignright size-full wp-image-896\" data-no-auto-translation=\"\" \/><br \/>\n        Ora che avete individuato la riga (la vostra mano) e la colonna (l'upcard del mazziere) appropriate, la strategia appropriata appare all'intersezione.<\/p>\n<p>        Per la nostra mano di esempio di (9,3) contro un 3 del banco, \u00e8 qui:<\/p>\n<p>        Esistono diversi valori possibili indicati nel grafico della strategia, pertanto esamineremo ogni possibile notazione:<br \/>\n<img loading=\"lazy\" decoding=\"async\" src=\"\/files\/strategykey.gif\" alt=\"Strategy Key\" width=\"307\" height=\"210\" class=\"size-full wp-image-897\" data-no-auto-translation=\"\" \/><\/p>\n<ul>\n<li><b>Colpire<\/b>: Colpire la mano (chiedere un'altra carta).<\/li>\n<li><b>Stand<\/b>: Rimanere in piedi e mantenere la mano corrente.<\/li>\n<li><b>Doppio<\/b>: Double Down (raddoppia la puntata iniziale e riceve una carta in pi\u00f9).<br \/>\n           Si notino le due variet\u00e0 D e DS, che indicano cosa fare se il raddoppio non \u00e8 consentito.<\/li>\n<li><b>Arrendersi<\/b>: Arrendersi e piegare la mano per ricevere indietro met\u00e0 della puntata.<\/li>\n<li><b>Dividere<\/b>: Dividere le due carte iniziali dello stesso rango per ottenere due mani separate.<br \/>\n           Si noti che alcune suddivisioni sono appropriate solo se \u00e8 consentito il Double After Splitting (DAS).<br \/>\n           (Le recenti stampe delle schede hanno tabelle separate per DAS e No DAS, rendendo questa operazione ancora pi\u00f9 semplice).<\/li>\n<\/ul>\n<\/div>\n<h3><a href=\"http:\/\/www.amazon.com\/dp\/098211916X\/?tag=theblackjacbasic\">Acquistate subito un set di carte strategiche di base.<\/a><\/h3>\n<hr>\n<p>Siete pronti a portare il vostro gioco al livello successivo?  Date un'occhiata al nostro <a href=\"\/card\/advanced-strategy-card-instructions\/\">Carte strategiche avanzate per il blackjack<\/a>che includono una carta Hi-Lo ottimale che conta i numeri dell'indice direttamente sulla carta.<\/p>","protected":false},"excerpt":{"rendered":"<p>Wallet-size blackjack strategy cards tailored specifically for each set of rules. Available individually, or in a set of all six. The full 6-card set includes: 1 Deck, Dealer Stands on all 17s 1 Deck, Dealer Hits Soft 17 2 Decks, Dealer Stands on all 17s 2 Decks, Dealer Hits Soft 17 4\/6\/8 Decks, Dealer Stands [&hellip;]<\/p>\n","protected":false},"author":2,"featured_media":0,"parent":837,"menu_order":0,"comment_status":"open","ping_status":"closed","template":"","meta":{"_acf_changed":false,"footnotes":""},"tags":[],"class_list":["post-875","page","type-page","status-publish","hentry"],"acf":[],"yoast_head":"<!-- This site is optimized with the Yoast SEO plugin v26.6 - https:\/\/yoast.com\/wordpress\/plugins\/seo\/ -->\n<title>Blackjack Basic Strategy Card Instructions<\/title>\n<meta name=\"description\" content=\"Our credit-card-sized blackjack strategy cards are durable solid plastic, and offer optimized strategies for six different sets of casino rules.\" \/>\n<meta name=\"robots\" content=\"index, follow, max-snippet:-1, max-image-preview:large, max-video-preview:-1\" \/>\n<link rel=\"canonical\" href=\"https:\/\/www.blackjackinfo.com\/it\/scheda\/istruzioni-per-le-carte-strategiche-di-base\/\" \/>\n<meta property=\"og:locale\" content=\"it_IT\" \/>\n<meta property=\"og:type\" content=\"article\" \/>\n<meta property=\"og:title\" content=\"Blackjack Basic Strategy Card Instructions\" \/>\n<meta property=\"og:description\" content=\"Our credit-card-sized blackjack strategy cards are durable solid plastic, and offer optimized strategies for six different sets of casino rules.\" \/>\n<meta property=\"og:url\" content=\"https:\/\/www.blackjackinfo.com\/it\/scheda\/istruzioni-per-le-carte-strategiche-di-base\/\" \/>\n<meta property=\"og:site_name\" content=\"BlackjackInfo.com\" \/>\n<meta property=\"article:modified_time\" content=\"2018-06-22T07:31:04+00:00\" \/>\n<meta name=\"twitter:label1\" content=\"Tempo di lettura stimato\" \/>\n\t<meta name=\"twitter:data1\" content=\"4 minuti\" \/>\n<script type=\"application\/ld+json\" class=\"yoast-schema-graph\">{\"@context\":\"https:\/\/schema.org\",\"@graph\":[{\"@type\":\"WebPage\",\"@id\":\"https:\/\/www.blackjackinfo.com\/card\/basic-strategy-card-instructions\/\",\"url\":\"https:\/\/www.blackjackinfo.com\/card\/basic-strategy-card-instructions\/\",\"name\":\"Blackjack Basic Strategy Card Instructions\",\"isPartOf\":{\"@id\":\"https:\/\/www.blackjackinfo.com\/#website\"},\"datePublished\":\"2014-10-22T17:30:01+00:00\",\"dateModified\":\"2018-06-22T07:31:04+00:00\",\"description\":\"Our credit-card-sized blackjack strategy cards are durable solid plastic, and offer optimized strategies for six different sets of casino rules.\",\"breadcrumb\":{\"@id\":\"https:\/\/www.blackjackinfo.com\/card\/basic-strategy-card-instructions\/#breadcrumb\"},\"inLanguage\":\"it-IT\",\"potentialAction\":[{\"@type\":\"ReadAction\",\"target\":[\"https:\/\/www.blackjackinfo.com\/card\/basic-strategy-card-instructions\/\"]}]},{\"@type\":\"BreadcrumbList\",\"@id\":\"https:\/\/www.blackjackinfo.com\/card\/basic-strategy-card-instructions\/#breadcrumb\",\"itemListElement\":[{\"@type\":\"ListItem\",\"position\":1,\"name\":\"Home\",\"item\":\"https:\/\/www.blackjackinfo.com\/\"},{\"@type\":\"ListItem\",\"position\":2,\"name\":\"Blackjack Strategy Cards, Basic and Advanced\",\"item\":\"https:\/\/www.blackjackinfo.com\/card\/\"},{\"@type\":\"ListItem\",\"position\":3,\"name\":\"Blackjack Basic Strategy Card Instructions\"}]},{\"@type\":\"WebSite\",\"@id\":\"https:\/\/www.blackjackinfo.com\/#website\",\"url\":\"https:\/\/www.blackjackinfo.com\/\",\"name\":\"BlackjackInfo.com\",\"description\":\"Because Winning is More Fun!\",\"potentialAction\":[{\"@type\":\"SearchAction\",\"target\":{\"@type\":\"EntryPoint\",\"urlTemplate\":\"https:\/\/www.blackjackinfo.com\/?s={search_term_string}\"},\"query-input\":{\"@type\":\"PropertyValueSpecification\",\"valueRequired\":true,\"valueName\":\"search_term_string\"}}],\"inLanguage\":\"it-IT\"}]}<\/script>\n<!-- \/ Yoast SEO plugin. -->","yoast_head_json":{"title":"Istruzioni per le carte della strategia di base del blackjack","description":"Le nostre carte strategiche per il blackjack, del formato di una carta di credito, sono in plastica solida e resistente e offrono strategie ottimizzate per sei diversi set di regole del casin\u00f2.","robots":{"index":"index","follow":"follow","max-snippet":"max-snippet:-1","max-image-preview":"max-image-preview:large","max-video-preview":"max-video-preview:-1"},"canonical":"https:\/\/www.blackjackinfo.com\/it\/scheda\/istruzioni-per-le-carte-strategiche-di-base\/","og_locale":"it_IT","og_type":"article","og_title":"Blackjack Basic Strategy Card Instructions","og_description":"Our credit-card-sized blackjack strategy cards are durable solid plastic, and offer optimized strategies for six different sets of casino rules.","og_url":"https:\/\/www.blackjackinfo.com\/it\/scheda\/istruzioni-per-le-carte-strategiche-di-base\/","og_site_name":"BlackjackInfo.com","article_modified_time":"2018-06-22T07:31:04+00:00","twitter_misc":{"Tempo di lettura stimato":"4 minuti"},"schema":{"@context":"https:\/\/schema.org","@graph":[{"@type":"WebPage","@id":"https:\/\/www.blackjackinfo.com\/card\/basic-strategy-card-instructions\/","url":"https:\/\/www.blackjackinfo.com\/card\/basic-strategy-card-instructions\/","name":"Istruzioni per le carte della strategia di base del blackjack","isPartOf":{"@id":"https:\/\/www.blackjackinfo.com\/#website"},"datePublished":"2014-10-22T17:30:01+00:00","dateModified":"2018-06-22T07:31:04+00:00","description":"Le nostre carte strategiche per il blackjack, del formato di una carta di credito, sono in plastica solida e resistente e offrono strategie ottimizzate per sei diversi set di regole del casin\u00f2.","breadcrumb":{"@id":"https:\/\/www.blackjackinfo.com\/card\/basic-strategy-card-instructions\/#breadcrumb"},"inLanguage":"it-IT","potentialAction":[{"@type":"ReadAction","target":["https:\/\/www.blackjackinfo.com\/card\/basic-strategy-card-instructions\/"]}]},{"@type":"BreadcrumbList","@id":"https:\/\/www.blackjackinfo.com\/card\/basic-strategy-card-instructions\/#breadcrumb","itemListElement":[{"@type":"ListItem","position":1,"name":"Home","item":"https:\/\/www.blackjackinfo.com\/"},{"@type":"ListItem","position":2,"name":"Blackjack Strategy Cards, Basic and Advanced","item":"https:\/\/www.blackjackinfo.com\/card\/"},{"@type":"ListItem","position":3,"name":"Blackjack Basic Strategy Card Instructions"}]},{"@type":"WebSite","@id":"https:\/\/www.blackjackinfo.com\/#website","url":"https:\/\/www.blackjackinfo.com\/","name":"BlackjackInfo.com","description":"Perch\u00e9 vincere \u00e8 pi\u00f9 divertente!","potentialAction":[{"@type":"SearchAction","target":{"@type":"EntryPoint","urlTemplate":"https:\/\/www.blackjackinfo.com\/?s={search_term_string}"},"query-input":{"@type":"PropertyValueSpecification","valueRequired":true,"valueName":"search_term_string"}}],"inLanguage":"it-IT"}]}},"_links":{"self":[{"href":"https:\/\/www.blackjackinfo.com\/it\/wp-json\/wp\/v2\/pages\/875","targetHints":{"allow":["GET"]}}],"collection":[{"href":"https:\/\/www.blackjackinfo.com\/it\/wp-json\/wp\/v2\/pages"}],"about":[{"href":"https:\/\/www.blackjackinfo.com\/it\/wp-json\/wp\/v2\/types\/page"}],"author":[{"embeddable":true,"href":"https:\/\/www.blackjackinfo.com\/it\/wp-json\/wp\/v2\/users\/2"}],"replies":[{"embeddable":true,"href":"https:\/\/www.blackjackinfo.com\/it\/wp-json\/wp\/v2\/comments?post=875"}],"version-history":[{"count":26,"href":"https:\/\/www.blackjackinfo.com\/it\/wp-json\/wp\/v2\/pages\/875\/revisions"}],"predecessor-version":[{"id":1763,"href":"https:\/\/www.blackjackinfo.com\/it\/wp-json\/wp\/v2\/pages\/875\/revisions\/1763"}],"up":[{"embeddable":true,"href":"https:\/\/www.blackjackinfo.com\/it\/wp-json\/wp\/v2\/pages\/837"}],"wp:attachment":[{"href":"https:\/\/www.blackjackinfo.com\/it\/wp-json\/wp\/v2\/media?parent=875"}],"wp:term":[{"taxonomy":"post_tag","embeddable":true,"href":"https:\/\/www.blackjackinfo.com\/it\/wp-json\/wp\/v2\/tags?post=875"}],"curies":[{"name":"wp","href":"https:\/\/api.w.org\/{rel}","templated":true}]}}