{"id":8853,"date":"2025-06-26T04:36:59","date_gmt":"2025-06-26T09:36:59","guid":{"rendered":"https:\/\/www.blackjackinfo.com\/?page_id=8853"},"modified":"2025-06-26T04:37:00","modified_gmt":"2025-06-26T09:37:00","slug":"blackjack-strategy-trainer-app-informativa-sulla-privacy","status":"publish","type":"page","link":"https:\/\/www.blackjackinfo.com\/it\/blackjack-strategy-trainer-app-privacy-policy\/","title":{"rendered":"Blackjack Strategy Trainer App Informativa sulla privacy"},"content":{"rendered":"<p>La presente Informativa sulla privacy descrive il modo in cui Blackjack Strategy Trainer (\"noi\", \"nostro\" o \"ci\") gestisce le informazioni quando si utilizzano i nostri dispositivi mobili.<br>applicazione.<\/p>\n\n\n\n<h2 class=\"wp-block-heading\">Informazioni che non raccogliamo<\/h2>\n\n\n\n<p>Blackjack Strategy Trainer non raccoglie, trasmette o memorizza alcuna informazione personale degli utenti. Non richiediamo la creazione di un account,<br>credenziali di accesso o qualsiasi altro dato personale per utilizzare l'applicazione.<\/p>\n\n\n\n<h2 class=\"wp-block-heading\">Memorizzazione dei dati locali<\/h2>\n\n\n\n<p>L'applicazione memorizza le seguenti informazioni solo localmente sul dispositivo:<br>- Statistiche di gioco (mani giocate, tassi di precisione)<br>- Preferenze per le regole della tabella<br>- Impostazioni e preferenze dell'app<\/p>\n\n\n\n<p>Questi dati non lasciano mai il vostro dispositivo e non vengono trasmessi ai nostri server o a terzi.<\/p>\n\n\n\n<h2 class=\"wp-block-heading\">Nessun tracciamento o analisi<\/h2>\n\n\n\n<p>Non utilizziamo tecnologie di tracciamento, servizi di analisi o reti pubblicitarie che raccolgano i dati degli utenti.<\/p>\n\n\n\n<h2 class=\"wp-block-heading\">Collegamenti esterni<\/h2>\n\n\n\n<p>L'applicazione pu\u00f2 contenere link a siti web esterni (come BlackjackInfo.com). La presente informativa sulla privacy non si applica a tali siti esterni.<br>Si prega di consultare le rispettive informative sulla privacy.<\/p>\n\n\n\n<h2 class=\"wp-block-heading\">Privacy dei bambini<\/h2>\n\n\n\n<p>Questa applicazione non \u00e8 destinata a bambini di et\u00e0 inferiore ai 13 anni e non raccogliamo consapevolmente informazioni da bambini di et\u00e0 inferiore ai 13 anni.<\/p>\n\n\n\n<h2 class=\"wp-block-heading\">Modifiche a questa politica<\/h2>\n\n\n\n<p>La presente Informativa sulla privacy pu\u00f2 essere aggiornata periodicamente. Eventuali modifiche saranno pubblicate all'interno dell'applicazione e sul nostro sito web.<\/p>\n\n\n\n<h2 class=\"wp-block-heading\">Contatto<\/h2>\n\n\n\n<p>In caso di domande sulla presente Informativa sulla privacy, vi invitiamo a contattarci <a href=\"https:\/\/www.blackjackinfo.com\/contact-us\/\">qui<\/a>.<\/p>","protected":false},"excerpt":{"rendered":"<p>This Privacy Policy describes how Blackjack Strategy Trainer (&#8220;we,&#8221; &#8220;our,&#8221; or &#8220;us&#8221;) handles information when you use our mobileapplication. Information We Do Not Collect Blackjack Strategy Trainer does not collect, transmit, or store any personal information from users. We do not require account creation,login credentials, or any personal data to use the app. Local Data [&hellip;]<\/p>\n","protected":false},"author":4,"featured_media":0,"parent":0,"menu_order":0,"comment_status":"closed","ping_status":"closed","template":"","meta":{"_acf_changed":false,"footnotes":""},"tags":[],"class_list":["post-8853","page","type-page","status-publish","hentry"],"acf":[],"yoast_head":"<!-- This site is optimized with the Yoast SEO plugin v26.6 - https:\/\/yoast.com\/wordpress\/plugins\/seo\/ -->\n<title>Blackjack Strategy Trainer App Privacy Policy<\/title>\n<meta name=\"description\" content=\"This Privacy Policy describes how Blackjack Strategy Trainer (&quot;we,&quot; &quot;our,&quot; or &quot;us&quot;) handles information when you use our mobileapplication. Information We\" \/>\n<meta name=\"robots\" content=\"index, follow, max-snippet:-1, max-image-preview:large, max-video-preview:-1\" \/>\n<link rel=\"canonical\" href=\"https:\/\/www.blackjackinfo.com\/it\/blackjack-strategy-trainer-app-informativa-sulla-privacy\/\" \/>\n<meta property=\"og:locale\" content=\"it_IT\" \/>\n<meta property=\"og:type\" content=\"article\" \/>\n<meta property=\"og:title\" content=\"Blackjack Strategy Trainer App Privacy Policy\" \/>\n<meta property=\"og:description\" content=\"This Privacy Policy describes how Blackjack Strategy Trainer (&quot;we,&quot; &quot;our,&quot; or &quot;us&quot;) handles information when you use our mobileapplication. Information We\" \/>\n<meta property=\"og:url\" content=\"https:\/\/www.blackjackinfo.com\/it\/blackjack-strategy-trainer-app-informativa-sulla-privacy\/\" \/>\n<meta property=\"og:site_name\" content=\"BlackjackInfo.com\" \/>\n<meta property=\"article:modified_time\" content=\"2025-06-26T09:37:00+00:00\" \/>\n<meta name=\"twitter:label1\" content=\"Tempo di lettura stimato\" \/>\n\t<meta name=\"twitter:data1\" content=\"1 minuto\" \/>\n<script type=\"application\/ld+json\" class=\"yoast-schema-graph\">{\"@context\":\"https:\/\/schema.org\",\"@graph\":[{\"@type\":\"WebPage\",\"@id\":\"https:\/\/www.blackjackinfo.com\/blackjack-strategy-trainer-app-privacy-policy\/\",\"url\":\"https:\/\/www.blackjackinfo.com\/blackjack-strategy-trainer-app-privacy-policy\/\",\"name\":\"Blackjack Strategy Trainer App Privacy Policy\",\"isPartOf\":{\"@id\":\"https:\/\/www.blackjackinfo.com\/#website\"},\"datePublished\":\"2025-06-26T09:36:59+00:00\",\"dateModified\":\"2025-06-26T09:37:00+00:00\",\"description\":\"This Privacy Policy describes how Blackjack Strategy Trainer (\\\"we,\\\" \\\"our,\\\" or \\\"us\\\") handles information when you use our mobileapplication. Information We\",\"breadcrumb\":{\"@id\":\"https:\/\/www.blackjackinfo.com\/blackjack-strategy-trainer-app-privacy-policy\/#breadcrumb\"},\"inLanguage\":\"it-IT\",\"potentialAction\":[{\"@type\":\"ReadAction\",\"target\":[\"https:\/\/www.blackjackinfo.com\/blackjack-strategy-trainer-app-privacy-policy\/\"]}]},{\"@type\":\"BreadcrumbList\",\"@id\":\"https:\/\/www.blackjackinfo.com\/blackjack-strategy-trainer-app-privacy-policy\/#breadcrumb\",\"itemListElement\":[{\"@type\":\"ListItem\",\"position\":1,\"name\":\"Home\",\"item\":\"https:\/\/www.blackjackinfo.com\/\"},{\"@type\":\"ListItem\",\"position\":2,\"name\":\"Blackjack Strategy Trainer App Privacy Policy\"}]},{\"@type\":\"WebSite\",\"@id\":\"https:\/\/www.blackjackinfo.com\/#website\",\"url\":\"https:\/\/www.blackjackinfo.com\/\",\"name\":\"BlackjackInfo.com\",\"description\":\"Because Winning is More Fun!\",\"potentialAction\":[{\"@type\":\"SearchAction\",\"target\":{\"@type\":\"EntryPoint\",\"urlTemplate\":\"https:\/\/www.blackjackinfo.com\/?s={search_term_string}\"},\"query-input\":{\"@type\":\"PropertyValueSpecification\",\"valueRequired\":true,\"valueName\":\"search_term_string\"}}],\"inLanguage\":\"it-IT\"}]}<\/script>\n<!-- \/ Yoast SEO plugin. -->","yoast_head_json":{"title":"Blackjack Strategy Trainer App Informativa sulla privacy","description":"La presente Informativa sulla privacy descrive il modo in cui Blackjack Strategy Trainer (\"noi\", \"nostro\" o \"ci\") gestisce le informazioni quando si utilizza la nostra applicazione mobile. Informazioni che noi","robots":{"index":"index","follow":"follow","max-snippet":"max-snippet:-1","max-image-preview":"max-image-preview:large","max-video-preview":"max-video-preview:-1"},"canonical":"https:\/\/www.blackjackinfo.com\/it\/blackjack-strategy-trainer-app-informativa-sulla-privacy\/","og_locale":"it_IT","og_type":"article","og_title":"Blackjack Strategy Trainer App Privacy Policy","og_description":"This Privacy Policy describes how Blackjack Strategy Trainer (\"we,\" \"our,\" or \"us\") handles information when you use our mobileapplication. Information We","og_url":"https:\/\/www.blackjackinfo.com\/it\/blackjack-strategy-trainer-app-informativa-sulla-privacy\/","og_site_name":"BlackjackInfo.com","article_modified_time":"2025-06-26T09:37:00+00:00","twitter_misc":{"Tempo di lettura stimato":"1 minuto"},"schema":{"@context":"https:\/\/schema.org","@graph":[{"@type":"WebPage","@id":"https:\/\/www.blackjackinfo.com\/blackjack-strategy-trainer-app-privacy-policy\/","url":"https:\/\/www.blackjackinfo.com\/blackjack-strategy-trainer-app-privacy-policy\/","name":"Blackjack Strategy Trainer App Informativa sulla privacy","isPartOf":{"@id":"https:\/\/www.blackjackinfo.com\/#website"},"datePublished":"2025-06-26T09:36:59+00:00","dateModified":"2025-06-26T09:37:00+00:00","description":"La presente Informativa sulla privacy descrive il modo in cui Blackjack Strategy Trainer (\"noi\", \"nostro\" o \"ci\") gestisce le informazioni quando si utilizza la nostra applicazione mobile. Informazioni che noi","breadcrumb":{"@id":"https:\/\/www.blackjackinfo.com\/blackjack-strategy-trainer-app-privacy-policy\/#breadcrumb"},"inLanguage":"it-IT","potentialAction":[{"@type":"ReadAction","target":["https:\/\/www.blackjackinfo.com\/blackjack-strategy-trainer-app-privacy-policy\/"]}]},{"@type":"BreadcrumbList","@id":"https:\/\/www.blackjackinfo.com\/blackjack-strategy-trainer-app-privacy-policy\/#breadcrumb","itemListElement":[{"@type":"ListItem","position":1,"name":"Home","item":"https:\/\/www.blackjackinfo.com\/"},{"@type":"ListItem","position":2,"name":"Blackjack Strategy Trainer App Privacy Policy"}]},{"@type":"WebSite","@id":"https:\/\/www.blackjackinfo.com\/#website","url":"https:\/\/www.blackjackinfo.com\/","name":"BlackjackInfo.com","description":"Perch\u00e9 vincere \u00e8 pi\u00f9 divertente!","potentialAction":[{"@type":"SearchAction","target":{"@type":"EntryPoint","urlTemplate":"https:\/\/www.blackjackinfo.com\/?s={search_term_string}"},"query-input":{"@type":"PropertyValueSpecification","valueRequired":true,"valueName":"search_term_string"}}],"inLanguage":"it-IT"}]}},"_links":{"self":[{"href":"https:\/\/www.blackjackinfo.com\/it\/wp-json\/wp\/v2\/pages\/8853","targetHints":{"allow":["GET"]}}],"collection":[{"href":"https:\/\/www.blackjackinfo.com\/it\/wp-json\/wp\/v2\/pages"}],"about":[{"href":"https:\/\/www.blackjackinfo.com\/it\/wp-json\/wp\/v2\/types\/page"}],"author":[{"embeddable":true,"href":"https:\/\/www.blackjackinfo.com\/it\/wp-json\/wp\/v2\/users\/4"}],"replies":[{"embeddable":true,"href":"https:\/\/www.blackjackinfo.com\/it\/wp-json\/wp\/v2\/comments?post=8853"}],"version-history":[{"count":1,"href":"https:\/\/www.blackjackinfo.com\/it\/wp-json\/wp\/v2\/pages\/8853\/revisions"}],"predecessor-version":[{"id":8854,"href":"https:\/\/www.blackjackinfo.com\/it\/wp-json\/wp\/v2\/pages\/8853\/revisions\/8854"}],"wp:attachment":[{"href":"https:\/\/www.blackjackinfo.com\/it\/wp-json\/wp\/v2\/media?parent=8853"}],"wp:term":[{"taxonomy":"post_tag","embeddable":true,"href":"https:\/\/www.blackjackinfo.com\/it\/wp-json\/wp\/v2\/tags?post=8853"}],"curies":[{"name":"wp","href":"https:\/\/api.w.org\/{rel}","templated":true}]}}