{"id":908,"date":"2014-10-22T14:31:10","date_gmt":"2014-10-22T19:31:10","guid":{"rendered":"http:\/\/test.blackjackinfo.com\/?page_id=908"},"modified":"2018-06-22T02:30:53","modified_gmt":"2018-06-22T07:30:53","slug":"istruzioni-per-le-carte-strategiche-avanzate","status":"publish","type":"page","link":"https:\/\/www.blackjackinfo.com\/it\/card\/advanced-strategy-card-instructions\/","title":{"rendered":"Istruzioni per la scheda di strategia avanzata"},"content":{"rendered":"<p><a href=\"\/files\/blackjack-advanced-strategy-cards-cover-221x336.jpg\"><img loading=\"lazy\" decoding=\"async\" src=\"\/files\/blackjack-advanced-strategy-cards-cover-221x336.jpg\" alt=\"Blackjack Advanced Strategy Cards\" width=\"221\" height=\"336\" class=\"alignright size-full wp-image-871\" srcset=\"https:\/\/www.blackjackinfo.com\/files\/blackjack-advanced-strategy-cards-cover-221x336.jpg 221w, https:\/\/www.blackjackinfo.com\/files\/blackjack-advanced-strategy-cards-cover-221x336-197x300.jpg 197w\" sizes=\"auto, (max-width: 221px) 100vw, 221px\" data-no-auto-translation=\"\" \/><\/a><\/p>\n<p class=\"intro\">Le innovative carte strategiche per il Blackjack Avanzato di BlackjackInfo offrono per la prima volta un'accoppiata delle migliori strategie di base possibili, con <b>numeri indice ottimali per il conteggio delle carte<\/b> direttamente sul biglietto.<\/p>\n<p>Il <a href=\"http:\/\/www.amazon.com\/dp\/0982119178\/?tag=theblackjacbasic\">Set di 12 carte<\/a> include due carte per ciascuna di queste varianti di regole:<\/p>\n<ul>\n<li>1 mazzo, il mazziere sta su tutti i 17<\/li>\n<li>1 mazzo, il mazziere colpisce un 17 morbido<\/li>\n<li>2 mazzi, il mazziere sta su tutti i 17<\/li>\n<li>2 mazzi, il mazziere colpisce un 17 morbido<\/li>\n<li>4\/6\/8 mazzi, il mazziere sta su tutti i 17<\/li>\n<li>4\/6\/8 mazzi, il mazziere colpisce un 17 morbido<\/li>\n<\/ul>\n<p>Una carta per ogni variante mostra i numeri dell'indice di conteggio delle carte come un piccolo numero stampato.  Una seconda versione \"furtiva\" di ogni carta codifica gli indici di conteggio utilizzando una serie di punti neri con un motivo a forma di quadrante d'orologio.<\/p>\n<p>Caratteristiche:<\/p>\n<ul>\n<li>Strategia di base perfetta per ogni gioco<\/li>\n<li>Carta Hi-Lo ottimizzata per il conteggio dei numeri indice da -5 a +5<\/li>\n<li>Carte tascabili per un facile utilizzo al tavolo del casin\u00f2.<\/li>\n<li>Plastica solida per una maggiore durata, non carte laminate a basso costo.<\/li>\n<\/ul>\n<h4><a href=\"http:\/\/www.amazon.com\/dp\/0982119178\/?tag=theblackjacbasic\">Acquista il tuo set di carte per la strategia avanzata del blackjack cliccando qui.<\/a><\/h4>\n<hr>\n<h2 class=\"text-center\">Istruzioni<\/h2>\n<p>Queste carte includono informazioni complete sulla strategia di base come i nostri prodotti Basic Strategy Card.  Per una spiegazione su come leggere la parte delle carte dedicata alla strategia di base, puoi consultare il documento <a href=\"\/card\/basic-strategy-card-instructions\/\">istruzioni per le nostre carte strategiche di base<\/a>.<\/p>\n<p>Le istruzioni qui riportate riguardano solo le funzioni avanzate del set di carte, ovvero il conteggio dei numeri indice delle carte Hi-Lo.<\/p>\n<p>Per gli utenti che hanno gi\u00e0 capito il significato dei numeri indice Hi-Lo, inizieremo con un'illustrazione di come gli indici sono rappresentati sulle carte.  Non preoccuparti, tra poco ti spiegher\u00f2 come usare i numeri.<\/p>\n<h2 class=\"text-center\">La versione numerica<\/h4>\n<p>Nella versione con indice numerico di ogni carta, l'indice di conteggio delle carte Hi-Lo per ogni decisione \u00e8 stampato nell'angolo in basso a destra di ogni casella.  Ad esempio, questa sezione della carta mostra le mani del giocatore di 9 contro quelle del croupier da 2 a 6.<\/p>\n<p><img loading=\"lazy\" decoding=\"async\" style=\"display: block;margin: 0 auto;\" src=\"\/files\/HiLoExample-Numeric.png\" alt=\"Hi Lo Index Example - Numeric\" width=\"531\" height=\"78\" class=\"aligncenter size-full wp-image-913\" srcset=\"https:\/\/www.blackjackinfo.com\/files\/HiLoExample-Numeric.png 531w, https:\/\/www.blackjackinfo.com\/files\/HiLoExample-Numeric-300x44.png 300w\" sizes=\"auto, (max-width: 531px) 100vw, 531px\" data-no-auto-translation=\"\" \/><\/p>\n<p>Con 9 vs dealer 2, la strategia di base consiste nel foldare se il numero indice Hi-Lo \u00e8 +1. (Ci\u00f2 significa che dovresti raddoppiare se il conteggio reale attuale \u00e8 +1 o superiore, e foldare in caso contrario).  Di seguito ti spiegher\u00f2 meglio come utilizzare i numeri).<\/p>\n<p>Con 9 contro il banco 3, 4 e 5, la strategia di base \u00e8 quella di raddoppiare e i numeri indice sono rispettivamente -1, -3 e -4.<\/p>\n<p>Con 9 contro 6, la strategia di base \u00e8 quella di raddoppiare e non \u00e8 indicato alcun numero indice perch\u00e9 l'indice sarebbe inferiore a -5, l'indice pi\u00f9 basso indicato sulle carte.<\/p>\n<h2 class=\"text-center\">La versione Stealth<\/h2>\n<p>Se sei preoccupato di usare le carte con i numeri di indice stampati al casin\u00f2, puoi usare la versione \"stealth\" di ogni carta, che codifica i numeri di indice del conteggio delle carte usando una serie di punti neri in uno schema a forma di orologio.<\/p>\n<p>Ogni indice da -5 a +5 \u00e8 rappresentato da una posizione diversa nel quadrato decisionale.  Un punto nero al centro del quadrato rappresenta un indice pari a zero.  Muovendosi da zero in senso orario, gli indici aumentano da +1 a +5.  Spostandosi in senso antiorario da zero, gli indici diminuiscono da -1 a -5. Ecco una mappa dei valori degli indici:<\/p>\n<p><img loading=\"lazy\" decoding=\"async\" style=\"display: block;margin: 0 auto;\" src=\"\/files\/hi-lo-index-encoding.png\" alt=\"Hi-Lo Index Number Encoding\" width=\"384\" height=\"301\" class=\"aligncenter size-full wp-image-915\" srcset=\"https:\/\/www.blackjackinfo.com\/files\/hi-lo-index-encoding.png 384w, https:\/\/www.blackjackinfo.com\/files\/hi-lo-index-encoding-300x235.png 300w\" sizes=\"auto, (max-width: 384px) 100vw, 384px\" data-no-auto-translation=\"\" \/><\/p>\n<p>Ecco lo stesso esempio di un 9 forte contro un 2-6 del banco:<\/p>\n<p><img loading=\"lazy\" decoding=\"async\" style=\"display: block;margin: 0 auto;\" src=\"\/files\/HiLoExample-Dots.png\" alt=\"Hi Lo Index Example - Dots\" width=\"531\" height=\"78\" class=\"aligncenter size-full wp-image-916\" srcset=\"https:\/\/www.blackjackinfo.com\/files\/HiLoExample-Dots.png 531w, https:\/\/www.blackjackinfo.com\/files\/HiLoExample-Dots-300x44.png 300w\" sizes=\"auto, (max-width: 531px) 100vw, 531px\" data-no-auto-translation=\"\" \/><\/p>\n<p>I valori dell'indice sono gli stessi di prima: +1, -1, -3, -4 e nessuno.<\/p>\n<p>Oltre a nascondere la natura delle carte, questa rappresentazione visiva pu\u00f2 servire anche come utile aiuto alla memoria.<\/p>\n<p>Se sai gi\u00e0 come usare i numeri indice con il conteggio Hi-Lo, sei gi\u00e0 a posto.  Per coloro che hanno bisogno di aiuto per capire cosa significa tutto questo, continuate a leggere.<\/p>\n<hr>\n<h2 class=\"text-center\">Introduzione al conteggio delle carte con il sistema Hi-Lo<\/h2>\n<p>Il conteggio delle carte sfrutta il fatto che le carte piccole sono negative per il giocatore, mentre le carte di valore dieci e gli Assi sono favorevoli per il giocatore.  Il famoso conteggio Hi-Lo permette al giocatore di verificare se il mazzo rimanente ha pi\u00f9 o meno carte alte del solito.  Quando le carte vengono distribuite, il giocatore tiene un conteggio continuo del plus\/minus utilizzando i seguenti valori delle carte:<\/p>\n<p>\tI valori delle carte 2, 3, 4, 5 e 6 sono conteggiati come <b>+1<\/b>.<br \/>\n\tI valori delle carte T, J, Q, K e Asso vengono conteggiati come <b>-1<\/b>.<br \/>\n\tI valori 7, 8 e 9 della carta vengono ignorati.<\/p>\n<p>Inizia il conteggio dopo ogni mescolamento con un conteggio continuo di zero, e aggiungi o sottrai man mano che le carte vengono distribuite o scoperte.<\/p>\n<p>Ogni volta che il conteggio \u00e8 positivo, il mazzo rimanente ha pi\u00f9 carte alte che carte basse. (Ogni volta che il conteggio \u00e8 negativo, il mazzo rimanente ha un eccesso di carte piccole.  (Questo \u00e8 un male).<\/p>\n<p>Prima di poter utilizzare il conteggio per prendere una decisione di scommessa o di gioco, c'\u00e8 un'altra fase importante. Devi convertire il conteggio in corso nel conteggio \"vero\" attuale, dividendolo per il numero di mazzi non visti rimasti nella scarpa.<\/p>\n<p>Un conteggio in corso di +6 \u00e8 molto pi\u00f9 significativo se nella scarpa a sei mazzi \u00e8 rimasto un solo mazzo piuttosto che se siamo solo a una o due mani da sei mazzi appena mescolati.  Ecco perch\u00e9 la conversione del conteggio reale \u00e8 importante. Nel caso in cui rimanga un solo mazzo, il conteggio di +6 diviso per 1 mazzo rimanente d\u00e0 un conteggio reale di +6. Nel caso in cui rimangano quasi tutti i sei mazzi nella scarpa, lo stesso conteggio di +6 diventa un conteggio reale di poco superiore a +1.<\/p>\n<p>Puntando di pi\u00f9 nelle situazioni di vantaggio e il meno possibile in quelle di svantaggio, il giocatore pu\u00f2 far pendere le probabilit\u00e0 del gioco a suo favore e avere un vantaggio a lungo termine sul casin\u00f2.<\/p>\n<p>Ovviamente, questa \u00e8 una spiegazione molto abbreviata di come contare le carte.  Ti invito caldamente a leggere i dettagli molto pi\u00f9 approfonditi contenuti nel nostro sito gratuito <a href=\"\/blackjack-school\/\">scuola di blackjack<\/a>.\t<\/p>\n<hr>\n<h2 class=\"text-center\">Cosa sono i numeri indice Hi-Lo?<\/h2>\n<p>La maggior parte dei vantaggi del conteggio delle carte deriva dal puntare di pi\u00f9 quando il mazzo \u00e8 favorevole. Tuttavia, dato che sai qualcosa sulla composizione del mazzo rimanente, puoi anche utilizzare queste informazioni per modificare la tua strategia di gioco quando \u00e8 opportuno.  Ad esempio, supponiamo di avere una mano di (Dieci,2) e che il banco abbia un 2.  <b>La strategia di base dice che dovresti colpire 12v2.<\/b><\/p>\n<p>Se ci sono abbastanza carte alte in pi\u00f9 nei mazzi rimanenti, diventa meglio stare con 12v2.  Ma quante carte \"extra\" alte sono \"sufficienti\"?  \u00c8 qui che entrano in gioco i numeri indice.  <b>Se il conteggio vero di Hi-Lo \u00e8 pari o superiore a +3, dovresti stare con 12v2 invece di colpire.<\/b>  Se il conteggio vero Hi-Lo \u00e8 pari o inferiore a +2, allora dovresti puntare su 12v2, proprio come dice la normale strategia di base.<\/p>\n<p>Il \"+3\" in questo caso \u00e8 un \"numero indice\", che indica il punto in cui cambia la migliore strategia di gioco per una specifica decisione.<\/p>\n<p>Ripeto il mio consiglio... Questa \u00e8 una panoramica molto breve.  Se questi concetti ti sono nuovi, ti invitiamo a consultare i dettagli approfonditi nel nostro sito <a href=\"\/blackjack-school\/\">scuola di blackjack<\/a>.<\/p>\n<hr>\n<h2 class=\"text-center\">Quali sono i diversi tipi di numeri indice?<\/h2>\n<p>Le schede includono diversi tipi di numeri indice:<\/p>\n<table class=\"data-table\">\n<tr>\n<th>Tipo di mano<\/th>\n<th>Tipo di indice<\/th>\n<th>Cosa significa l'Indice<\/th>\n<\/tr>\n<tr>\n<td>Difficile 8-11<\/td>\n<td><b>Doppio<\/b> o <b>Colpire<\/b><\/td>\n<td>Raddoppia se il conteggio vero corrente \u00e8 &gt;= all'indice.  Altrimenti, hit.<\/td>\n<\/tr>\n<tr>\n<td>Difficile 12-16<\/td>\n<td><b>Stand<\/b> o <b>Colpire<\/b><\/td>\n<td>Rimane in piedi se il conteggio vero corrente \u00e8 &gt;= all'indice.  Altrimenti, colpisci.<\/td>\n<\/tr>\n<tr>\n<td>Morbido A2-A6<\/td>\n<td><b>Doppio<\/b> o <b>Colpire<\/b><\/td>\n<td>Raddoppia se il conteggio vero corrente \u00e8 &gt;= all'indice.  Altrimenti, hit.<\/td>\n<\/tr>\n<tr>\n<td>Morbido A7-A9<\/td>\n<td><b>Doppio<\/b> o <b>Stand<\/b><\/td>\n<td>Raddoppia se il conteggio vero corrente \u00e8 &gt;= all'indice.  Altrimenti, resta in piedi.<\/td>\n<\/tr>\n<tr>\n<td>Coppie 22-AA<\/td>\n<td><b>Dividere<\/b> o <b>Nessuna divisione<\/b><\/td>\n<td>Divide se il conteggio vero corrente \u00e8 &gt;= all'indice.  Altrimenti, non dividere.<\/td>\n<\/tr>\n<\/table>\n<p>Inoltre, c'\u00e8 un indice importante che non \u00e8 riportato sulla scheda:<br \/>\n\tSe il conteggio reale \u00e8 +3 o superiore, dovresti acquistare l'Assicurazione quando il banco ha un Asso.<br \/>\n\t(Nelle partite a mazzo singolo, puoi assicurarti a +2 o pi\u00f9).<\/p>\n<hr>\n<h2 class=\"text-center\">Pensieri finali<\/h2>\n<p>Questa \u00e8 la spiegazione pi\u00f9 breve possibile del conteggio delle carte e dei numeri indice. Ti ho gi\u00e0 detto che puoi trovare una spiegazione molto pi\u00f9 esaustiva sul nostro sito <a href=\"\/blackjack-school\/\">Scuola gratuita di blackjack<\/a>?<\/p>\n<p>Ma s\u00ec, l'ho fatto.<\/p>\n<p>Voglio chiarire un punto in particolare.  Se hai dei dubbi su come applicare un numero indice o non sei sicuro che il conteggio reale sia sufficiente per una determinata giocata, usa la normale strategia di base.  \u00c8 molto pi\u00f9 pericoloso applicare queste idee in modo impreciso che non utilizzarle affatto.<\/p>\n<p>Non devi essere Rainman per contare le carte, ma ci vuole pratica e disciplina.  Fino a quando non ti sentirai a tuo agio con questo processo, limitati alla strategia di base.  Anche dopo aver imparato a contare le carte, \u00e8 utile giocare con la strategia di base variando le puntate per un certo periodo di tempo.  Una volta che il processo di conteggio delle carte sar\u00e0 diventato una seconda natura, potrai aggiungere i numeri indice e le variazioni di strategia al tuo gioco.<\/p>\n<p>Infine, ti ricordo che giocare a blackjack con un vantaggio non significa che non puoi perdere.  Difficilmente!  Avrai un numero leggermente maggiore di sessioni vincenti rispetto a quelle perdenti se utilizzi accuratamente il sistema di conteggio Hi-Lo, ma il tuo vantaggio \u00e8 minimo.  Non scommettere soldi che non puoi permetterti di perdere.  E per favore, se hai problemi con il gioco d'azzardo, <a href=\"\/gambling-problem\/\" title=\"Problemi di gioco?\">chiedere aiuto<\/a> da una delle tante organizzazioni che si occupano del problema del gioco d'azzardo compulsivo.<\/p>\n<hr>\n<p>Non hai ancora un set di carte avanzate?  Puoi <a href=\"http:\/\/www.amazon.com\/dp\/0982119178\/?tag=theblackjacbasic\">acquista un set qui<\/a>.<\/p>\n<p>E se non sei ancora pronto per le carte strategiche avanzate e per il conteggio delle carte, dai un'occhiata al nostro <a href=\"\/card\/basic-strategy-card-instructions\/\">Carte strategiche di base<\/a> invece.<\/p>","protected":false},"excerpt":{"rendered":"<p>The innovative Advanced Blackjack Strategy Cards from BlackjackInfo provide a first-ever pairing of the best possible basic strategies, with optimal card counting index numbers right on the card. The 12-card set includes two cards each for these rule variations: 1 Deck, Dealer Stands on all 17s 1 Deck, Dealer Hits Soft 17 2 Decks, Dealer [&hellip;]<\/p>\n","protected":false},"author":2,"featured_media":0,"parent":837,"menu_order":0,"comment_status":"open","ping_status":"closed","template":"","meta":{"_acf_changed":false,"footnotes":""},"tags":[],"class_list":["post-908","page","type-page","status-publish","hentry"],"acf":[],"yoast_head":"<!-- This site is optimized with the Yoast SEO plugin v26.6 - https:\/\/yoast.com\/wordpress\/plugins\/seo\/ -->\n<title>Advanced Strategy Card Instructions<\/title>\n<meta name=\"description\" content=\"Our Advanced Blackjack Strategy Cards offer optimal basic strategy, and also index numbers for the most popular card counting system, Hi-Lo.\" \/>\n<meta name=\"robots\" content=\"index, follow, max-snippet:-1, max-image-preview:large, max-video-preview:-1\" \/>\n<link rel=\"canonical\" href=\"https:\/\/www.blackjackinfo.com\/it\/scheda\/istruzioni-per-le-carte-strategiche-avanzate\/\" \/>\n<meta property=\"og:locale\" content=\"it_IT\" \/>\n<meta property=\"og:type\" content=\"article\" \/>\n<meta property=\"og:title\" content=\"Advanced Strategy Card Instructions\" \/>\n<meta property=\"og:description\" content=\"Our Advanced Blackjack Strategy Cards offer optimal basic strategy, and also index numbers for the most popular card counting system, Hi-Lo.\" \/>\n<meta property=\"og:url\" content=\"https:\/\/www.blackjackinfo.com\/it\/scheda\/istruzioni-per-le-carte-strategiche-avanzate\/\" \/>\n<meta property=\"og:site_name\" content=\"BlackjackInfo.com\" \/>\n<meta property=\"article:modified_time\" content=\"2018-06-22T07:30:53+00:00\" \/>\n<meta name=\"twitter:label1\" content=\"Tempo di lettura stimato\" \/>\n\t<meta name=\"twitter:data1\" content=\"8 minuti\" \/>\n<script type=\"application\/ld+json\" class=\"yoast-schema-graph\">{\"@context\":\"https:\/\/schema.org\",\"@graph\":[{\"@type\":\"WebPage\",\"@id\":\"https:\/\/www.blackjackinfo.com\/card\/advanced-strategy-card-instructions\/\",\"url\":\"https:\/\/www.blackjackinfo.com\/card\/advanced-strategy-card-instructions\/\",\"name\":\"Advanced Strategy Card Instructions\",\"isPartOf\":{\"@id\":\"https:\/\/www.blackjackinfo.com\/#website\"},\"datePublished\":\"2014-10-22T19:31:10+00:00\",\"dateModified\":\"2018-06-22T07:30:53+00:00\",\"description\":\"Our Advanced Blackjack Strategy Cards offer optimal basic strategy, and also index numbers for the most popular card counting system, Hi-Lo.\",\"breadcrumb\":{\"@id\":\"https:\/\/www.blackjackinfo.com\/card\/advanced-strategy-card-instructions\/#breadcrumb\"},\"inLanguage\":\"it-IT\",\"potentialAction\":[{\"@type\":\"ReadAction\",\"target\":[\"https:\/\/www.blackjackinfo.com\/card\/advanced-strategy-card-instructions\/\"]}]},{\"@type\":\"BreadcrumbList\",\"@id\":\"https:\/\/www.blackjackinfo.com\/card\/advanced-strategy-card-instructions\/#breadcrumb\",\"itemListElement\":[{\"@type\":\"ListItem\",\"position\":1,\"name\":\"Home\",\"item\":\"https:\/\/www.blackjackinfo.com\/\"},{\"@type\":\"ListItem\",\"position\":2,\"name\":\"Blackjack Strategy Cards, Basic and Advanced\",\"item\":\"https:\/\/www.blackjackinfo.com\/card\/\"},{\"@type\":\"ListItem\",\"position\":3,\"name\":\"Advanced Strategy Card Instructions\"}]},{\"@type\":\"WebSite\",\"@id\":\"https:\/\/www.blackjackinfo.com\/#website\",\"url\":\"https:\/\/www.blackjackinfo.com\/\",\"name\":\"BlackjackInfo.com\",\"description\":\"Because Winning is More Fun!\",\"potentialAction\":[{\"@type\":\"SearchAction\",\"target\":{\"@type\":\"EntryPoint\",\"urlTemplate\":\"https:\/\/www.blackjackinfo.com\/?s={search_term_string}\"},\"query-input\":{\"@type\":\"PropertyValueSpecification\",\"valueRequired\":true,\"valueName\":\"search_term_string\"}}],\"inLanguage\":\"it-IT\"}]}<\/script>\n<!-- \/ Yoast SEO plugin. -->","yoast_head_json":{"title":"Istruzioni per la scheda di strategia avanzata","description":"Le nostre carte per la strategia avanzata del Blackjack offrono una strategia di base ottimale, oltre a numeri di indice per il sistema di conteggio delle carte pi\u00f9 popolare, Hi-Lo.","robots":{"index":"index","follow":"follow","max-snippet":"max-snippet:-1","max-image-preview":"max-image-preview:large","max-video-preview":"max-video-preview:-1"},"canonical":"https:\/\/www.blackjackinfo.com\/it\/scheda\/istruzioni-per-le-carte-strategiche-avanzate\/","og_locale":"it_IT","og_type":"article","og_title":"Advanced Strategy Card Instructions","og_description":"Our Advanced Blackjack Strategy Cards offer optimal basic strategy, and also index numbers for the most popular card counting system, Hi-Lo.","og_url":"https:\/\/www.blackjackinfo.com\/it\/scheda\/istruzioni-per-le-carte-strategiche-avanzate\/","og_site_name":"BlackjackInfo.com","article_modified_time":"2018-06-22T07:30:53+00:00","twitter_misc":{"Tempo di lettura stimato":"8 minuti"},"schema":{"@context":"https:\/\/schema.org","@graph":[{"@type":"WebPage","@id":"https:\/\/www.blackjackinfo.com\/card\/advanced-strategy-card-instructions\/","url":"https:\/\/www.blackjackinfo.com\/card\/advanced-strategy-card-instructions\/","name":"Istruzioni per la scheda di strategia avanzata","isPartOf":{"@id":"https:\/\/www.blackjackinfo.com\/#website"},"datePublished":"2014-10-22T19:31:10+00:00","dateModified":"2018-06-22T07:30:53+00:00","description":"Le nostre carte per la strategia avanzata del Blackjack offrono una strategia di base ottimale, oltre a numeri di indice per il sistema di conteggio delle carte pi\u00f9 popolare, Hi-Lo.","breadcrumb":{"@id":"https:\/\/www.blackjackinfo.com\/card\/advanced-strategy-card-instructions\/#breadcrumb"},"inLanguage":"it-IT","potentialAction":[{"@type":"ReadAction","target":["https:\/\/www.blackjackinfo.com\/card\/advanced-strategy-card-instructions\/"]}]},{"@type":"BreadcrumbList","@id":"https:\/\/www.blackjackinfo.com\/card\/advanced-strategy-card-instructions\/#breadcrumb","itemListElement":[{"@type":"ListItem","position":1,"name":"Home","item":"https:\/\/www.blackjackinfo.com\/"},{"@type":"ListItem","position":2,"name":"Blackjack Strategy Cards, Basic and Advanced","item":"https:\/\/www.blackjackinfo.com\/card\/"},{"@type":"ListItem","position":3,"name":"Advanced Strategy Card Instructions"}]},{"@type":"WebSite","@id":"https:\/\/www.blackjackinfo.com\/#website","url":"https:\/\/www.blackjackinfo.com\/","name":"BlackjackInfo.com","description":"Perch\u00e9 vincere \u00e8 pi\u00f9 divertente!","potentialAction":[{"@type":"SearchAction","target":{"@type":"EntryPoint","urlTemplate":"https:\/\/www.blackjackinfo.com\/?s={search_term_string}"},"query-input":{"@type":"PropertyValueSpecification","valueRequired":true,"valueName":"search_term_string"}}],"inLanguage":"it-IT"}]}},"_links":{"self":[{"href":"https:\/\/www.blackjackinfo.com\/it\/wp-json\/wp\/v2\/pages\/908","targetHints":{"allow":["GET"]}}],"collection":[{"href":"https:\/\/www.blackjackinfo.com\/it\/wp-json\/wp\/v2\/pages"}],"about":[{"href":"https:\/\/www.blackjackinfo.com\/it\/wp-json\/wp\/v2\/types\/page"}],"author":[{"embeddable":true,"href":"https:\/\/www.blackjackinfo.com\/it\/wp-json\/wp\/v2\/users\/2"}],"replies":[{"embeddable":true,"href":"https:\/\/www.blackjackinfo.com\/it\/wp-json\/wp\/v2\/comments?post=908"}],"version-history":[{"count":18,"href":"https:\/\/www.blackjackinfo.com\/it\/wp-json\/wp\/v2\/pages\/908\/revisions"}],"predecessor-version":[{"id":3687,"href":"https:\/\/www.blackjackinfo.com\/it\/wp-json\/wp\/v2\/pages\/908\/revisions\/3687"}],"up":[{"embeddable":true,"href":"https:\/\/www.blackjackinfo.com\/it\/wp-json\/wp\/v2\/pages\/837"}],"wp:attachment":[{"href":"https:\/\/www.blackjackinfo.com\/it\/wp-json\/wp\/v2\/media?parent=908"}],"wp:term":[{"taxonomy":"post_tag","embeddable":true,"href":"https:\/\/www.blackjackinfo.com\/it\/wp-json\/wp\/v2\/tags?post=908"}],"curies":[{"name":"wp","href":"https:\/\/api.w.org\/{rel}","templated":true}]}}