{"id":9111,"date":"2025-09-19T08:46:38","date_gmt":"2025-09-19T13:46:38","guid":{"rendered":"https:\/\/www.blackjackinfo.com\/?page_id=9111"},"modified":"2025-09-19T09:20:31","modified_gmt":"2025-09-19T14:20:31","slug":"scommessa-appiccicosa-che-cose","status":"publish","type":"page","link":"https:\/\/www.blackjackinfo.com\/it\/sticky-bet-what-is-it\/","title":{"rendered":"Spiegazione delle scommesse appiccicose"},"content":{"rendered":"<h3 class=\"wp-block-heading\" id=\"so-what-the-heck-is-a-sticky-bet\">Che cos'\u00e8 una \"scommessa appiccicosa\"?<\/h3>\n\n\n\n<div class=\"tim-toc-wrapper\"><div class=\"tim-toc-header\"><div class=\"tim-toc-title\">Indice dei contenuti<\/div><div class=\"tim-toc-toggle\">Mostra di pi\u00f9<\/div><\/div><ul class=\"tim-toc-list collapsed\"><li class=\"tim-toc-h3\"><a href=\"#so-what-the-heck-is-a-sticky-bet\">Che cos'\u00e8 una \"scommessa appiccicosa\"?<\/a><\/li><li class=\"tim-toc-h3\"><a href=\"#why-do-they-do-this\">Perch\u00e9 lo fanno?<\/a><\/li><li class=\"tim-toc-h3\"><a href=\"#could-it-mean-something-else\">Potrebbe significare qualcos'altro?<\/a><\/li><li class=\"tim-toc-h3 hidden\"><a href=\"#so-are-they-good-or-bad\">Quindi, sono buoni o cattivi?<\/a><\/li><\/ul><\/div>\n\n\n\n<p>Bene, vi siete imbattuti nell'espressione \"sticky bet\" e ora siete qui a cercare di capire di cosa si tratta. Ottima scelta. \u00c8 una di quelle frasi che i siti di scommesse usano e non sempre \u00e8 chiarissima. Pu\u00f2 creare un po' di confusione.<\/p>\n\n\n\n<p>Bando al gergo.<\/p>\n\n\n\n<p>Nella maggior parte dei casi, quando si parla di \"sticky bet\", ci si riferisce a un tipo di bonus o scommessa gratuita. Ma si tratta di un tipo specifico. La parte \"appiccicosa\" \u00e8 l'indizio.<\/p>\n\n\n\n<p><strong>Consideratelo come un buono sconto per un negozio.<\/strong><\/p>\n\n\n\n<p>Immaginate che un negozio vi dia un buono sconto \"$10\". Potete entrare, comprare una maglietta da $25 e pagare solo $15. Avete usato il valore del coupon, ma non potete semplicemente andare alla cassa e chiedere di darvi $10 in contanti per il coupon. Il valore \u00e8 bloccato dal negozio.<\/p>\n\n\n\n<p>La scommessa appiccicosa funziona allo stesso modo.<\/p>\n\n\n\n<p>Una scommessa sportiva potrebbe darvi un \"$10 Sticky Bet\". Potete usare quell'$10 per piazzare una scommessa.<\/p>\n\n\n\n<p>Supponiamo che abbiate scommesso $10 su una squadra vincente a +200.<\/p>\n\n\n\n<ul class=\"wp-block-list\">\n<li><strong>Se si vince:<\/strong>\u00a0Si ottiene la vincita, che sarebbe di $20. Ma NON riavrete la puntata originale di $10. Quindi il vostro conto riceve un incremento di $20. Il \"buono\" originale di $10 \u00e8 stato utilizzato e scompare.<\/li>\n\n\n\n<li><strong>Se si perde:<\/strong>\u00a0La scommessa appiccicosa $10 non c'\u00e8 pi\u00f9. Semplicemente. Non hai perso nulla del tuo denaro.<\/li>\n<\/ul>\n\n\n\n<p>Questa \u00e8 la differenza principale rispetto ad altre \"scommesse gratuite\" in cui, in caso di vincita, si recupera la vincita e la puntata. Con le scommesse adesive, la puntata non \u00e8 mai veramente vostra. \u00c8 solo un credito con cui giocare.<\/p>\n\n\n\n<h3 class=\"wp-block-heading\" id=\"why-do-they-do-this\">Perch\u00e9 lo fanno?<\/h3>\n\n\n\n<p>Semplice. Vogliono che continuiate a giocare. Dandovi una scommessa che non potete semplicemente incassare, vi costringono a impegnarvi con la loro piattaforma, a piazzare una scommessa e, si spera, a rimanere per depositare il vostro denaro in seguito. \u00c8 uno strumento di marketing. Non \u00e8 male, ma bisogna solo sapere di cosa si tratta.<\/p>\n\n\n\n<h3 class=\"wp-block-heading\" id=\"could-it-mean-something-else\">Potrebbe significare qualcos'altro?<\/h3>\n\n\n\n<p>S\u00ec, forse. La lingua \u00e8 strana.<\/p>\n\n\n\n<p>A volte, una persona potrebbe dire che una scommessa \u00e8 \"appiccicosa\" se impiega molto tempo per essere liquidata nel suo conto dopo una partita. Come se fosse \"bloccata\" in uno stato di attesa. Di solito si tratta solo di un ritardo nell'attesa delle statistiche ufficiali, ma pu\u00f2 essere un po' un grattacapo.<\/p>\n\n\n\n<p>Oppure, potreste sentirlo dire da un amico in un modo completamente diverso. Ad esempio: \"Amico, la vittoria dei Packers \u00e8 la mia scommessa della settimana\". In questo caso, si tratta semplicemente di una scommessa su cui si sentono molto sicuri e che \"tengono\". \u00c8 solo un modo di dire e non \u00e8 quello che intendono le scommesse sportive.<\/p>\n\n\n\n<h3 class=\"wp-block-heading\" id=\"so-are-they-good-or-bad\">Quindi, sono buoni o cattivi?<\/h3>\n\n\n\n<p>N\u00e9 l'uno n\u00e9 l'altro. Sono solo una cosa da capire.<\/p>\n\n\n\n<p>Una scommessa appiccicosa \u00e8 fondamentalmente una possibilit\u00e0 senza rischi di vincere del denaro. Non si pu\u00f2 perdere nulla del proprio denaro. Questa \u00e8 una buona cosa.<\/p>\n\n\n\n<p>Il segreto \u00e8 leggere sempre, e dico sempre, i termini e le condizioni che accompagnano qualsiasi bonus. Vi spiegheranno esattamente come funziona. Poich\u00e9 la puntata scompare in caso di vincita, ad alcuni piace utilizzare queste scommesse appiccicose su un colpo un po' lungo. Dal momento che si ottiene comunque solo il profitto, tanto vale cercare di ottenere il massimo profitto possibile, no?<\/p>\n\n\n\n<p>Cos\u00ec la prossima volta che vedrete \"Sticky Bet\" o \"Sticky Bonus\", lo saprete. Non \u00e8 denaro contante. \u00c8 un buono. Usatelo per provare a vincere, ma non consideratelo mai come denaro vostro.<\/p>","protected":false},"excerpt":{"rendered":"<p>So, What the Heck is a \u201cSticky Bet\u201d? Alright, so you&#8217;ve come across the term &#8220;sticky bet&#8221; and now you&#8217;re here, trying to figure out what it actually is. Good call. It&#8217;s one of those phrases that betting sites use, and it&#8217;s not always super clear. It can be a bit confusing. Let&#8217;s cut through [&hellip;]<\/p>\n","protected":false},"author":4,"featured_media":0,"parent":0,"menu_order":0,"comment_status":"closed","ping_status":"closed","template":"","meta":{"_acf_changed":false,"footnotes":""},"tags":[],"class_list":["post-9111","page","type-page","status-publish","hentry"],"acf":[],"yoast_head":"<!-- This site is optimized with the Yoast SEO plugin v26.6 - https:\/\/yoast.com\/wordpress\/plugins\/seo\/ -->\n<title>Sticky Bet Explained<\/title>\n<meta name=\"description\" content=\"So, What the Heck is a \u201cSticky Bet\u201d? Alright, so you&#039;ve come across the term &quot;sticky bet&quot; and now you&#039;re here, trying to figure out what it actually is.\" \/>\n<meta name=\"robots\" content=\"index, follow, max-snippet:-1, max-image-preview:large, max-video-preview:-1\" \/>\n<link rel=\"canonical\" href=\"https:\/\/www.blackjackinfo.com\/it\/scommessa-appiccicosa-che-cose\/\" \/>\n<meta property=\"og:locale\" content=\"it_IT\" \/>\n<meta property=\"og:type\" content=\"article\" \/>\n<meta property=\"og:title\" content=\"Sticky Bet Explained\" \/>\n<meta property=\"og:description\" content=\"So, What the Heck is a \u201cSticky Bet\u201d? Alright, so you&#039;ve come across the term &quot;sticky bet&quot; and now you&#039;re here, trying to figure out what it actually is.\" \/>\n<meta property=\"og:url\" content=\"https:\/\/www.blackjackinfo.com\/it\/scommessa-appiccicosa-che-cose\/\" \/>\n<meta property=\"og:site_name\" content=\"BlackjackInfo.com\" \/>\n<meta property=\"article:modified_time\" content=\"2025-09-19T14:20:31+00:00\" \/>\n<meta name=\"twitter:label1\" content=\"Tempo di lettura stimato\" \/>\n\t<meta name=\"twitter:data1\" content=\"3 minuti\" \/>\n<script type=\"application\/ld+json\" class=\"yoast-schema-graph\">{\"@context\":\"https:\/\/schema.org\",\"@graph\":[{\"@type\":\"WebPage\",\"@id\":\"https:\/\/www.blackjackinfo.com\/sticky-bet-what-is-it\/\",\"url\":\"https:\/\/www.blackjackinfo.com\/sticky-bet-what-is-it\/\",\"name\":\"Sticky Bet Explained\",\"isPartOf\":{\"@id\":\"https:\/\/www.blackjackinfo.com\/#website\"},\"datePublished\":\"2025-09-19T13:46:38+00:00\",\"dateModified\":\"2025-09-19T14:20:31+00:00\",\"description\":\"So, What the Heck is a \u201cSticky Bet\u201d? Alright, so you've come across the term \\\"sticky bet\\\" and now you're here, trying to figure out what it actually is.\",\"breadcrumb\":{\"@id\":\"https:\/\/www.blackjackinfo.com\/sticky-bet-what-is-it\/#breadcrumb\"},\"inLanguage\":\"it-IT\",\"potentialAction\":[{\"@type\":\"ReadAction\",\"target\":[\"https:\/\/www.blackjackinfo.com\/sticky-bet-what-is-it\/\"]}]},{\"@type\":\"BreadcrumbList\",\"@id\":\"https:\/\/www.blackjackinfo.com\/sticky-bet-what-is-it\/#breadcrumb\",\"itemListElement\":[{\"@type\":\"ListItem\",\"position\":1,\"name\":\"Home\",\"item\":\"https:\/\/www.blackjackinfo.com\/\"},{\"@type\":\"ListItem\",\"position\":2,\"name\":\"Sticky Bet Explained\"}]},{\"@type\":\"WebSite\",\"@id\":\"https:\/\/www.blackjackinfo.com\/#website\",\"url\":\"https:\/\/www.blackjackinfo.com\/\",\"name\":\"BlackjackInfo.com\",\"description\":\"Because Winning is More Fun!\",\"potentialAction\":[{\"@type\":\"SearchAction\",\"target\":{\"@type\":\"EntryPoint\",\"urlTemplate\":\"https:\/\/www.blackjackinfo.com\/?s={search_term_string}\"},\"query-input\":{\"@type\":\"PropertyValueSpecification\",\"valueRequired\":true,\"valueName\":\"search_term_string\"}}],\"inLanguage\":\"it-IT\"}]}<\/script>\n<!-- \/ Yoast SEO plugin. -->","yoast_head_json":{"title":"Spiegazione delle scommesse appiccicose","description":"Che cos'\u00e8 una \"Sticky Bet\"? Bene, vi siete imbattuti nel termine \"sticky bet\" e ora siete qui a cercare di capire cosa sia effettivamente.","robots":{"index":"index","follow":"follow","max-snippet":"max-snippet:-1","max-image-preview":"max-image-preview:large","max-video-preview":"max-video-preview:-1"},"canonical":"https:\/\/www.blackjackinfo.com\/it\/scommessa-appiccicosa-che-cose\/","og_locale":"it_IT","og_type":"article","og_title":"Sticky Bet Explained","og_description":"So, What the Heck is a \u201cSticky Bet\u201d? Alright, so you've come across the term \"sticky bet\" and now you're here, trying to figure out what it actually is.","og_url":"https:\/\/www.blackjackinfo.com\/it\/scommessa-appiccicosa-che-cose\/","og_site_name":"BlackjackInfo.com","article_modified_time":"2025-09-19T14:20:31+00:00","twitter_misc":{"Tempo di lettura stimato":"3 minuti"},"schema":{"@context":"https:\/\/schema.org","@graph":[{"@type":"WebPage","@id":"https:\/\/www.blackjackinfo.com\/sticky-bet-what-is-it\/","url":"https:\/\/www.blackjackinfo.com\/sticky-bet-what-is-it\/","name":"Spiegazione delle scommesse appiccicose","isPartOf":{"@id":"https:\/\/www.blackjackinfo.com\/#website"},"datePublished":"2025-09-19T13:46:38+00:00","dateModified":"2025-09-19T14:20:31+00:00","description":"Che cos'\u00e8 una \"Sticky Bet\"? Bene, vi siete imbattuti nel termine \"sticky bet\" e ora siete qui a cercare di capire cosa sia effettivamente.","breadcrumb":{"@id":"https:\/\/www.blackjackinfo.com\/sticky-bet-what-is-it\/#breadcrumb"},"inLanguage":"it-IT","potentialAction":[{"@type":"ReadAction","target":["https:\/\/www.blackjackinfo.com\/sticky-bet-what-is-it\/"]}]},{"@type":"BreadcrumbList","@id":"https:\/\/www.blackjackinfo.com\/sticky-bet-what-is-it\/#breadcrumb","itemListElement":[{"@type":"ListItem","position":1,"name":"Home","item":"https:\/\/www.blackjackinfo.com\/"},{"@type":"ListItem","position":2,"name":"Sticky Bet Explained"}]},{"@type":"WebSite","@id":"https:\/\/www.blackjackinfo.com\/#website","url":"https:\/\/www.blackjackinfo.com\/","name":"BlackjackInfo.com","description":"Perch\u00e9 vincere \u00e8 pi\u00f9 divertente!","potentialAction":[{"@type":"SearchAction","target":{"@type":"EntryPoint","urlTemplate":"https:\/\/www.blackjackinfo.com\/?s={search_term_string}"},"query-input":{"@type":"PropertyValueSpecification","valueRequired":true,"valueName":"search_term_string"}}],"inLanguage":"it-IT"}]}},"_links":{"self":[{"href":"https:\/\/www.blackjackinfo.com\/it\/wp-json\/wp\/v2\/pages\/9111","targetHints":{"allow":["GET"]}}],"collection":[{"href":"https:\/\/www.blackjackinfo.com\/it\/wp-json\/wp\/v2\/pages"}],"about":[{"href":"https:\/\/www.blackjackinfo.com\/it\/wp-json\/wp\/v2\/types\/page"}],"author":[{"embeddable":true,"href":"https:\/\/www.blackjackinfo.com\/it\/wp-json\/wp\/v2\/users\/4"}],"replies":[{"embeddable":true,"href":"https:\/\/www.blackjackinfo.com\/it\/wp-json\/wp\/v2\/comments?post=9111"}],"version-history":[{"count":3,"href":"https:\/\/www.blackjackinfo.com\/it\/wp-json\/wp\/v2\/pages\/9111\/revisions"}],"predecessor-version":[{"id":9115,"href":"https:\/\/www.blackjackinfo.com\/it\/wp-json\/wp\/v2\/pages\/9111\/revisions\/9115"}],"wp:attachment":[{"href":"https:\/\/www.blackjackinfo.com\/it\/wp-json\/wp\/v2\/media?parent=9111"}],"wp:term":[{"taxonomy":"post_tag","embeddable":true,"href":"https:\/\/www.blackjackinfo.com\/it\/wp-json\/wp\/v2\/tags?post=9111"}],"curies":[{"name":"wp","href":"https:\/\/api.w.org\/{rel}","templated":true}]}}