{"id":9152,"date":"2025-10-28T04:27:34","date_gmt":"2025-10-28T09:27:34","guid":{"rendered":"https:\/\/www.blackjackinfo.com\/?page_id=9152"},"modified":"2025-10-30T10:35:05","modified_gmt":"2025-10-30T15:35:05","slug":"app-per-la-strategia-di-base-del-blackjack","status":"publish","type":"page","link":"https:\/\/www.blackjackinfo.com\/it\/blackjack-basic-strategy-app\/","title":{"rendered":"App per la strategia di base del blackjack"},"content":{"rendered":"<p>Dopo oltre due decenni di aiuto ai giocatori nel padroneggiare la strategia del blackjack, BlackjackInfo.com \u00e8 orgoglioso di presentare il nostro sito ufficiale. <strong>App di addestramento alla strategia di base del blackjack<\/strong> - il modo pi\u00f9 semplice per esercitarsi e perfezionare le proprie decisioni di blackjack in movimento.<\/p>\n\n\n\n<p>Sia che vi stiate preparando per il vostro prossimo viaggio al casin\u00f2 o che stiate affinando il vostro vantaggio per il gioco online, questa applicazione gratuita vi permette di allenarvi utilizzando le stesse strategie comprovate insegnate qui sul nostro sito. Attualmente \u00e8 disponibile solo su Android (la versione iOS arriver\u00e0 presto).<\/p>\n\n\n\n<div class=\"wp-block-group wpg-simple-box p40\"><div class=\"wp-block-group__inner-container is-layout-constrained wp-block-group-is-layout-constrained\">\n<h2 class=\"wp-block-heading has-text-align-center\">Scarica il Blackjack Strategy Trainer su Google Play<\/h2>\n\n\n<div class=\"wp-block-image\">\n<figure class=\"aligncenter size-full\"><a href=\"https:\/\/play.google.com\/store\/apps\/details?id=com.blackjackinfo.strategytrainer&amp;hl=en\"><img loading=\"lazy\" decoding=\"async\" width=\"270\" height=\"80\" src=\"https:\/\/www.blackjackinfo.com\/files\/GetItOnGooglePlay_Badge_Web_color_English.png\" alt=\"\" class=\"wp-image-9090\" srcset=\"https:\/\/www.blackjackinfo.com\/files\/GetItOnGooglePlay_Badge_Web_color_English.png 270w, https:\/\/www.blackjackinfo.com\/files\/GetItOnGooglePlay_Badge_Web_color_English-18x5.png 18w\" sizes=\"auto, (max-width: 270px) 100vw, 270px\" data-no-auto-translation=\"\" \/><\/a><\/figure>\n<\/div>\n\n\n<figure class=\"wp-block-gallery has-nested-images columns-7 wp-block-gallery-1 is-layout-flex wp-block-gallery-is-layout-flex\">\n<figure class=\"wp-block-image size-large\"><img loading=\"lazy\" decoding=\"async\" width=\"523\" height=\"1024\" data-id=\"9162\" src=\"https:\/\/www.blackjackinfo.com\/files\/Screenshot_20250627_140925_Expo-Go-523x1024.jpg\" alt=\"\" class=\"wp-image-9162\" srcset=\"https:\/\/www.blackjackinfo.com\/files\/Screenshot_20250627_140925_Expo-Go-523x1024.jpg 523w, https:\/\/www.blackjackinfo.com\/files\/Screenshot_20250627_140925_Expo-Go-153x300.jpg 153w, https:\/\/www.blackjackinfo.com\/files\/Screenshot_20250627_140925_Expo-Go-768x1504.jpg 768w, https:\/\/www.blackjackinfo.com\/files\/Screenshot_20250627_140925_Expo-Go-784x1536.jpg 784w, https:\/\/www.blackjackinfo.com\/files\/Screenshot_20250627_140925_Expo-Go-1046x2048.jpg 1046w, https:\/\/www.blackjackinfo.com\/files\/Screenshot_20250627_140925_Expo-Go-6x12.jpg 6w, https:\/\/www.blackjackinfo.com\/files\/Screenshot_20250627_140925_Expo-Go.jpg 1080w\" sizes=\"auto, (max-width: 523px) 100vw, 523px\" data-no-auto-translation=\"\" \/><\/figure>\n\n\n\n<figure class=\"wp-block-image size-large\"><img loading=\"lazy\" decoding=\"async\" width=\"523\" height=\"1024\" data-id=\"9161\" src=\"https:\/\/www.blackjackinfo.com\/files\/Screenshot_20250627_140907_Expo-Go-523x1024.jpg\" alt=\"\" class=\"wp-image-9161\" srcset=\"https:\/\/www.blackjackinfo.com\/files\/Screenshot_20250627_140907_Expo-Go-523x1024.jpg 523w, https:\/\/www.blackjackinfo.com\/files\/Screenshot_20250627_140907_Expo-Go-153x300.jpg 153w, https:\/\/www.blackjackinfo.com\/files\/Screenshot_20250627_140907_Expo-Go-768x1504.jpg 768w, https:\/\/www.blackjackinfo.com\/files\/Screenshot_20250627_140907_Expo-Go-784x1536.jpg 784w, https:\/\/www.blackjackinfo.com\/files\/Screenshot_20250627_140907_Expo-Go-1046x2048.jpg 1046w, https:\/\/www.blackjackinfo.com\/files\/Screenshot_20250627_140907_Expo-Go-6x12.jpg 6w, https:\/\/www.blackjackinfo.com\/files\/Screenshot_20250627_140907_Expo-Go.jpg 1080w\" sizes=\"auto, (max-width: 523px) 100vw, 523px\" data-no-auto-translation=\"\" \/><\/figure>\n\n\n\n<figure class=\"wp-block-image size-large\"><img loading=\"lazy\" decoding=\"async\" width=\"523\" height=\"1024\" data-id=\"9160\" src=\"https:\/\/www.blackjackinfo.com\/files\/Screenshot_20250627_140902_Expo-Go-523x1024.jpg\" alt=\"\" class=\"wp-image-9160\" srcset=\"https:\/\/www.blackjackinfo.com\/files\/Screenshot_20250627_140902_Expo-Go-523x1024.jpg 523w, https:\/\/www.blackjackinfo.com\/files\/Screenshot_20250627_140902_Expo-Go-153x300.jpg 153w, https:\/\/www.blackjackinfo.com\/files\/Screenshot_20250627_140902_Expo-Go-768x1504.jpg 768w, https:\/\/www.blackjackinfo.com\/files\/Screenshot_20250627_140902_Expo-Go-784x1536.jpg 784w, https:\/\/www.blackjackinfo.com\/files\/Screenshot_20250627_140902_Expo-Go-1046x2048.jpg 1046w, https:\/\/www.blackjackinfo.com\/files\/Screenshot_20250627_140902_Expo-Go-6x12.jpg 6w, https:\/\/www.blackjackinfo.com\/files\/Screenshot_20250627_140902_Expo-Go.jpg 1080w\" sizes=\"auto, (max-width: 523px) 100vw, 523px\" data-no-auto-translation=\"\" \/><\/figure>\n\n\n\n<figure class=\"wp-block-image size-large\"><img loading=\"lazy\" decoding=\"async\" width=\"523\" height=\"1024\" data-id=\"9159\" src=\"https:\/\/www.blackjackinfo.com\/files\/Screenshot_20250627_140853_Expo-Go-523x1024.jpg\" alt=\"\" class=\"wp-image-9159\" srcset=\"https:\/\/www.blackjackinfo.com\/files\/Screenshot_20250627_140853_Expo-Go-523x1024.jpg 523w, https:\/\/www.blackjackinfo.com\/files\/Screenshot_20250627_140853_Expo-Go-153x300.jpg 153w, https:\/\/www.blackjackinfo.com\/files\/Screenshot_20250627_140853_Expo-Go-768x1504.jpg 768w, https:\/\/www.blackjackinfo.com\/files\/Screenshot_20250627_140853_Expo-Go-784x1536.jpg 784w, https:\/\/www.blackjackinfo.com\/files\/Screenshot_20250627_140853_Expo-Go-1046x2048.jpg 1046w, https:\/\/www.blackjackinfo.com\/files\/Screenshot_20250627_140853_Expo-Go-6x12.jpg 6w, https:\/\/www.blackjackinfo.com\/files\/Screenshot_20250627_140853_Expo-Go.jpg 1080w\" sizes=\"auto, (max-width: 523px) 100vw, 523px\" data-no-auto-translation=\"\" \/><\/figure>\n\n\n\n<figure class=\"wp-block-image size-large\"><img loading=\"lazy\" decoding=\"async\" width=\"523\" height=\"1024\" data-id=\"9158\" src=\"https:\/\/www.blackjackinfo.com\/files\/Screenshot_20250627_140830_Expo-Go-523x1024.jpg\" alt=\"\" class=\"wp-image-9158\" srcset=\"https:\/\/www.blackjackinfo.com\/files\/Screenshot_20250627_140830_Expo-Go-523x1024.jpg 523w, https:\/\/www.blackjackinfo.com\/files\/Screenshot_20250627_140830_Expo-Go-153x300.jpg 153w, https:\/\/www.blackjackinfo.com\/files\/Screenshot_20250627_140830_Expo-Go-768x1504.jpg 768w, https:\/\/www.blackjackinfo.com\/files\/Screenshot_20250627_140830_Expo-Go-784x1536.jpg 784w, https:\/\/www.blackjackinfo.com\/files\/Screenshot_20250627_140830_Expo-Go-1046x2048.jpg 1046w, https:\/\/www.blackjackinfo.com\/files\/Screenshot_20250627_140830_Expo-Go-6x12.jpg 6w, https:\/\/www.blackjackinfo.com\/files\/Screenshot_20250627_140830_Expo-Go.jpg 1080w\" sizes=\"auto, (max-width: 523px) 100vw, 523px\" data-no-auto-translation=\"\" \/><\/figure>\n\n\n\n<figure class=\"wp-block-image size-large\"><img loading=\"lazy\" decoding=\"async\" width=\"523\" height=\"1024\" data-id=\"9157\" src=\"https:\/\/www.blackjackinfo.com\/files\/Screenshot_20250627_140813_Expo-Go-523x1024.jpg\" alt=\"\" class=\"wp-image-9157\" srcset=\"https:\/\/www.blackjackinfo.com\/files\/Screenshot_20250627_140813_Expo-Go-523x1024.jpg 523w, https:\/\/www.blackjackinfo.com\/files\/Screenshot_20250627_140813_Expo-Go-153x300.jpg 153w, https:\/\/www.blackjackinfo.com\/files\/Screenshot_20250627_140813_Expo-Go-768x1504.jpg 768w, https:\/\/www.blackjackinfo.com\/files\/Screenshot_20250627_140813_Expo-Go-784x1536.jpg 784w, https:\/\/www.blackjackinfo.com\/files\/Screenshot_20250627_140813_Expo-Go-1046x2048.jpg 1046w, https:\/\/www.blackjackinfo.com\/files\/Screenshot_20250627_140813_Expo-Go-6x12.jpg 6w, https:\/\/www.blackjackinfo.com\/files\/Screenshot_20250627_140813_Expo-Go.jpg 1080w\" sizes=\"auto, (max-width: 523px) 100vw, 523px\" data-no-auto-translation=\"\" \/><\/figure>\n\n\n\n<figure class=\"wp-block-image size-large\"><img loading=\"lazy\" decoding=\"async\" width=\"523\" height=\"1024\" data-id=\"9156\" src=\"https:\/\/www.blackjackinfo.com\/files\/Screenshot_20250627_141231_Expo-Go-523x1024.jpg\" alt=\"\" class=\"wp-image-9156\" srcset=\"https:\/\/www.blackjackinfo.com\/files\/Screenshot_20250627_141231_Expo-Go-523x1024.jpg 523w, https:\/\/www.blackjackinfo.com\/files\/Screenshot_20250627_141231_Expo-Go-153x300.jpg 153w, https:\/\/www.blackjackinfo.com\/files\/Screenshot_20250627_141231_Expo-Go-768x1504.jpg 768w, https:\/\/www.blackjackinfo.com\/files\/Screenshot_20250627_141231_Expo-Go-784x1536.jpg 784w, https:\/\/www.blackjackinfo.com\/files\/Screenshot_20250627_141231_Expo-Go-1046x2048.jpg 1046w, https:\/\/www.blackjackinfo.com\/files\/Screenshot_20250627_141231_Expo-Go-6x12.jpg 6w, https:\/\/www.blackjackinfo.com\/files\/Screenshot_20250627_141231_Expo-Go.jpg 1080w\" sizes=\"auto, (max-width: 523px) 100vw, 523px\" data-no-auto-translation=\"\" \/><\/figure>\n<\/figure>\n\n\n\n<p class=\"has-text-align-center\">Se siete alle prime armi con la strategia di base, iniziate a leggere il nostro <a href=\"https:\/\/www.blackjackinfo.com\/blackjack-basic-strategy-engine\/\">Guida alla strategia di base del blackjack<\/a><\/p>\n<\/div><\/div>\n\n\n\n<div class=\"wp-block-group is-nowrap is-layout-flex wp-container-core-group-is-layout-ad2f72ca wp-block-group-is-layout-flex\">\n<div class=\"wp-block-columns is-layout-flex wp-container-core-columns-is-layout-9d6595d7 wp-block-columns-is-layout-flex\">\n<div class=\"wp-block-column wpg-simple-box p40 is-layout-flow wp-block-column-is-layout-flow\">\n<h2 class=\"wp-block-heading\"><strong>Perch\u00e9 ogni giocatore dovrebbe conoscere la strategia di base<\/strong><\/h2>\n\n\n\n<p>La strategia di base \u00e8 il modo matematicamente corretto di giocare ogni possibile mano del blackjack.<br>Seguendolo, si riduce il margine della casa a meno della met\u00e0 dell'uno per cento, la migliore probabilit\u00e0 che si possa ottenere in un gioco di casin\u00f2.<\/p>\n\n\n\n<p>Molti giocatori <em>pensare<\/em> sanno qual \u00e8 la mossa giusta, ma la vera padronanza deriva dalla ripetizione e dal feedback.<br>L'applicazione Blackjack Strategy Trainer offre un modo per interiorizzare le giocate corrette fino a farle diventare automatiche.<\/p>\n<\/div>\n\n\n\n<div class=\"wp-block-column wpg-simple-box p40 is-layout-flow wp-block-column-is-layout-flow\">\n<h2 class=\"wp-block-heading\"><strong>Come funziona il formatore<\/strong><\/h2>\n\n\n\n<p>L'applicazione propone mani di blackjack casuali e chiede di scegliere la mossa da fare: <strong>Colpire, restare in piedi, raddoppiare, dividere o arrendersi.<\/strong><br>Ogni volta, riceverete <strong>feedback istantaneo<\/strong> spiegando la decisione corretta in base alle regole selezionate.<\/p>\n\n\n\n<p>\u00c8 possibile esercitarsi in condizioni realistiche:<\/p>\n\n\n\n<ul class=\"wp-block-list\">\n<li>Scegliere tra i set di regole comuni (H17, S17, DAS, ecc.).<\/li>\n\n\n\n<li>Tracciare le proprie prestazioni man mano che si migliora<\/li>\n\n\n\n<li>Vedere statistiche dettagliate sulla vostra precisione in base al tipo di mano<\/li>\n\n\n\n<li>Giocate per tutto il tempo che volete - senza pubblicit\u00e0, senza distrazioni, senza paywall<\/li>\n<\/ul>\n\n\n\n<p>\u00c8 il modo pi\u00f9 rapido per acquisire la memoria muscolare e la sicurezza necessarie al tavolo.<\/p>\n<\/div>\n<\/div>\n<\/div>\n\n\n\n<div class=\"wp-block-group wpg-simple-box p40 mT30\"><div class=\"wp-block-group__inner-container is-layout-constrained wp-block-group-is-layout-constrained\">\n<h2 class=\"wp-block-heading mT30\"><strong>Panoramica delle caratteristiche<\/strong><\/h2>\n\n\n\n<ul class=\"wp-block-list\">\n<li><strong>Formazione strategica interattiva<\/strong> - Esercitatevi in tutte le mani possibili e vedete dove sbagliate.<\/li>\n\n\n\n<li><strong>Monitoraggio delle prestazioni<\/strong> - Monitorate i vostri progressi e identificate i punti deboli.<\/li>\n\n\n\n<li><strong>Spiegazioni dettagliate<\/strong> - Imparare il <em>perch\u00e9<\/em> dietro a ogni giocata corretta.<\/li>\n\n\n\n<li><strong>Set di regole multiple<\/strong> - Allenatevi alle condizioni reali dei casin\u00f2 di tutto il mondo.<\/li>\n\n\n\n<li><strong>Modalit\u00e0 offline<\/strong> - Esercitarsi in qualsiasi momento, anche senza internet.<\/li>\n\n\n\n<li><strong>Completamente gratuito<\/strong> - Niente pubblicit\u00e0, niente abbonamenti, niente espedienti.<\/li>\n<\/ul>\n\n\n\n<h2 class=\"wp-block-heading\"><strong>Per chi \u00e8 questa applicazione<\/strong><\/h2>\n\n\n\n<p>Questo trainer \u00e8 stato progettato per:<\/p>\n\n\n\n<ul class=\"wp-block-list\">\n<li>I principianti che vogliono imparare a giocare correttamente a blackjack.<\/li>\n\n\n\n<li>I giocatori online che cercano un vantaggio prima di scommettere denaro reale.<\/li>\n\n\n\n<li>I visitatori del casin\u00f2 che vogliono ripassare prima del loro prossimo viaggio.<\/li>\n\n\n\n<li>Giocatori esperti che vogliono mantenersi in forma tra una sessione e l'altra.<\/li>\n<\/ul>\n\n\n\n<p>Se volete seriamente migliorare i vostri risultati nel blackjack, questo \u00e8 lo strumento che fa per voi.<\/p>\n<\/div><\/div>\n\n\n\n<div class=\"wp-block-group wpg-simple-box p40\"><div class=\"wp-block-group__inner-container is-layout-constrained wp-block-group-is-layout-constrained\">\n<h2 class=\"wp-block-heading\"><strong>Costruito dal team di BlackjackInfo.com<\/strong><\/h2>\n\n\n\n<p>Da oltre 20 anni, BlackjackInfo \u00e8 la fonte principale di internet per una strategia di blackjack affidabile, guide al conteggio delle carte e analisi delle regole del casin\u00f2.<br>Questa applicazione \u00e8 stata realizzata con la stessa filosofia che ha guidato il nostro sito fin dal primo giorno:<br><strong>insegnare la verit\u00e0 sul blackjack utilizzando la matematica reale, non i miti.<\/strong><\/p>\n\n\n\n<p>Ogni regola, mano e correzione dell'applicazione si basa su una strategia solida e testata, senza scorciatoie, senza \u201csistemi\u201d e senza disinformazione.<\/p>\n\n\n\n<p>Quando utilizzate il BlackjackInfo Strategy Trainer, imparate la stessa strategia che i professionisti utilizzano ai tavoli.<\/p>\n<\/div><\/div>","protected":false},"excerpt":{"rendered":"<p>After more than two decades of helping players master blackjack strategy, BlackjackInfo.com is proud to introduce our official Blackjack Basic Strategy Trainer App &#8211; the easiest way to practice and perfect your blackjack decisions on the go. Whether you\u2019re preparing for your next trip to the casino or sharpening your edge for online play, this [&hellip;]<\/p>\n","protected":false},"author":4,"featured_media":9242,"parent":0,"menu_order":0,"comment_status":"open","ping_status":"closed","template":"","meta":{"_acf_changed":false,"footnotes":""},"tags":[2293],"class_list":["post-9152","page","type-page","status-publish","has-post-thumbnail","hentry","tag-blackjack-tool"],"acf":[],"yoast_head":"<!-- This site is optimized with the Yoast SEO plugin v26.6 - https:\/\/yoast.com\/wordpress\/plugins\/seo\/ -->\n<title>Best Blackjack Basic Strategy App - BlackjackInfo<\/title>\n<meta name=\"description\" content=\"After more than two decades of helping players master blackjack strategy, BlackjackInfo.com is proud to introduce our official Blackjack Basic Strategy\" \/>\n<meta name=\"robots\" content=\"index, follow, max-snippet:-1, max-image-preview:large, max-video-preview:-1\" \/>\n<link rel=\"canonical\" href=\"https:\/\/www.blackjackinfo.com\/it\/app-per-la-strategia-di-base-del-blackjack\/\" \/>\n<meta property=\"og:locale\" content=\"it_IT\" \/>\n<meta property=\"og:type\" content=\"article\" \/>\n<meta property=\"og:title\" content=\"Best Blackjack Basic Strategy App - BlackjackInfo\" \/>\n<meta property=\"og:description\" content=\"After more than two decades of helping players master blackjack strategy, BlackjackInfo.com is proud to introduce our official Blackjack Basic Strategy\" \/>\n<meta property=\"og:url\" content=\"https:\/\/www.blackjackinfo.com\/it\/app-per-la-strategia-di-base-del-blackjack\/\" \/>\n<meta property=\"og:site_name\" content=\"BlackjackInfo.com\" \/>\n<meta property=\"article:modified_time\" content=\"2025-10-30T15:35:05+00:00\" \/>\n<meta property=\"og:image\" content=\"https:\/\/www.blackjackinfo.com\/files\/BLACKJACK-STRATEGY-APP.png\" \/>\n\t<meta property=\"og:image:width\" content=\"1200\" \/>\n\t<meta property=\"og:image:height\" content=\"630\" \/>\n\t<meta property=\"og:image:type\" content=\"image\/png\" \/>\n<meta name=\"twitter:label1\" content=\"Tempo di lettura stimato\" \/>\n\t<meta name=\"twitter:data1\" content=\"3 minuti\" \/>\n<script type=\"application\/ld+json\" class=\"yoast-schema-graph\">{\"@context\":\"https:\/\/schema.org\",\"@graph\":[{\"@type\":\"WebPage\",\"@id\":\"https:\/\/www.blackjackinfo.com\/blackjack-basic-strategy-app\/\",\"url\":\"https:\/\/www.blackjackinfo.com\/blackjack-basic-strategy-app\/\",\"name\":\"Best Blackjack Basic Strategy App - BlackjackInfo\",\"isPartOf\":{\"@id\":\"https:\/\/www.blackjackinfo.com\/#website\"},\"primaryImageOfPage\":{\"@id\":\"https:\/\/www.blackjackinfo.com\/blackjack-basic-strategy-app\/#primaryimage\"},\"image\":{\"@id\":\"https:\/\/www.blackjackinfo.com\/blackjack-basic-strategy-app\/#primaryimage\"},\"thumbnailUrl\":\"https:\/\/www.blackjackinfo.com\/files\/BLACKJACK-STRATEGY-APP.png\",\"datePublished\":\"2025-10-28T09:27:34+00:00\",\"dateModified\":\"2025-10-30T15:35:05+00:00\",\"description\":\"After more than two decades of helping players master blackjack strategy, BlackjackInfo.com is proud to introduce our official Blackjack Basic Strategy\",\"breadcrumb\":{\"@id\":\"https:\/\/www.blackjackinfo.com\/blackjack-basic-strategy-app\/#breadcrumb\"},\"inLanguage\":\"it-IT\",\"potentialAction\":[{\"@type\":\"ReadAction\",\"target\":[\"https:\/\/www.blackjackinfo.com\/blackjack-basic-strategy-app\/\"]}]},{\"@type\":\"ImageObject\",\"inLanguage\":\"it-IT\",\"@id\":\"https:\/\/www.blackjackinfo.com\/blackjack-basic-strategy-app\/#primaryimage\",\"url\":\"https:\/\/www.blackjackinfo.com\/files\/BLACKJACK-STRATEGY-APP.png\",\"contentUrl\":\"https:\/\/www.blackjackinfo.com\/files\/BLACKJACK-STRATEGY-APP.png\",\"width\":1200,\"height\":630},{\"@type\":\"BreadcrumbList\",\"@id\":\"https:\/\/www.blackjackinfo.com\/blackjack-basic-strategy-app\/#breadcrumb\",\"itemListElement\":[{\"@type\":\"ListItem\",\"position\":1,\"name\":\"Home\",\"item\":\"https:\/\/www.blackjackinfo.com\/\"},{\"@type\":\"ListItem\",\"position\":2,\"name\":\"Blackjack Basic Strategy App\"}]},{\"@type\":\"WebSite\",\"@id\":\"https:\/\/www.blackjackinfo.com\/#website\",\"url\":\"https:\/\/www.blackjackinfo.com\/\",\"name\":\"BlackjackInfo.com\",\"description\":\"Because Winning is More Fun!\",\"potentialAction\":[{\"@type\":\"SearchAction\",\"target\":{\"@type\":\"EntryPoint\",\"urlTemplate\":\"https:\/\/www.blackjackinfo.com\/?s={search_term_string}\"},\"query-input\":{\"@type\":\"PropertyValueSpecification\",\"valueRequired\":true,\"valueName\":\"search_term_string\"}}],\"inLanguage\":\"it-IT\"}]}<\/script>\n<!-- \/ Yoast SEO plugin. -->","yoast_head_json":{"title":"La migliore app di strategia di base del blackjack - BlackjackInfo","description":"Dopo oltre due decenni di aiuto ai giocatori nel padroneggiare la strategia del blackjack, BlackjackInfo.com \u00e8 orgoglioso di presentare la nostra strategia di base ufficiale per il blackjack.","robots":{"index":"index","follow":"follow","max-snippet":"max-snippet:-1","max-image-preview":"max-image-preview:large","max-video-preview":"max-video-preview:-1"},"canonical":"https:\/\/www.blackjackinfo.com\/it\/app-per-la-strategia-di-base-del-blackjack\/","og_locale":"it_IT","og_type":"article","og_title":"Best Blackjack Basic Strategy App - BlackjackInfo","og_description":"After more than two decades of helping players master blackjack strategy, BlackjackInfo.com is proud to introduce our official Blackjack Basic Strategy","og_url":"https:\/\/www.blackjackinfo.com\/it\/app-per-la-strategia-di-base-del-blackjack\/","og_site_name":"BlackjackInfo.com","article_modified_time":"2025-10-30T15:35:05+00:00","og_image":[{"width":1200,"height":630,"url":"https:\/\/www.blackjackinfo.com\/files\/BLACKJACK-STRATEGY-APP.png","type":"image\/png"}],"twitter_misc":{"Tempo di lettura stimato":"3 minuti"},"schema":{"@context":"https:\/\/schema.org","@graph":[{"@type":"WebPage","@id":"https:\/\/www.blackjackinfo.com\/blackjack-basic-strategy-app\/","url":"https:\/\/www.blackjackinfo.com\/blackjack-basic-strategy-app\/","name":"La migliore app di strategia di base del blackjack - BlackjackInfo","isPartOf":{"@id":"https:\/\/www.blackjackinfo.com\/#website"},"primaryImageOfPage":{"@id":"https:\/\/www.blackjackinfo.com\/blackjack-basic-strategy-app\/#primaryimage"},"image":{"@id":"https:\/\/www.blackjackinfo.com\/blackjack-basic-strategy-app\/#primaryimage"},"thumbnailUrl":"https:\/\/www.blackjackinfo.com\/files\/BLACKJACK-STRATEGY-APP.png","datePublished":"2025-10-28T09:27:34+00:00","dateModified":"2025-10-30T15:35:05+00:00","description":"Dopo oltre due decenni di aiuto ai giocatori nel padroneggiare la strategia del blackjack, BlackjackInfo.com \u00e8 orgoglioso di presentare la nostra strategia di base ufficiale per il blackjack.","breadcrumb":{"@id":"https:\/\/www.blackjackinfo.com\/blackjack-basic-strategy-app\/#breadcrumb"},"inLanguage":"it-IT","potentialAction":[{"@type":"ReadAction","target":["https:\/\/www.blackjackinfo.com\/blackjack-basic-strategy-app\/"]}]},{"@type":"ImageObject","inLanguage":"it-IT","@id":"https:\/\/www.blackjackinfo.com\/blackjack-basic-strategy-app\/#primaryimage","url":"https:\/\/www.blackjackinfo.com\/files\/BLACKJACK-STRATEGY-APP.png","contentUrl":"https:\/\/www.blackjackinfo.com\/files\/BLACKJACK-STRATEGY-APP.png","width":1200,"height":630},{"@type":"BreadcrumbList","@id":"https:\/\/www.blackjackinfo.com\/blackjack-basic-strategy-app\/#breadcrumb","itemListElement":[{"@type":"ListItem","position":1,"name":"Home","item":"https:\/\/www.blackjackinfo.com\/"},{"@type":"ListItem","position":2,"name":"Blackjack Basic Strategy App"}]},{"@type":"WebSite","@id":"https:\/\/www.blackjackinfo.com\/#website","url":"https:\/\/www.blackjackinfo.com\/","name":"BlackjackInfo.com","description":"Perch\u00e9 vincere \u00e8 pi\u00f9 divertente!","potentialAction":[{"@type":"SearchAction","target":{"@type":"EntryPoint","urlTemplate":"https:\/\/www.blackjackinfo.com\/?s={search_term_string}"},"query-input":{"@type":"PropertyValueSpecification","valueRequired":true,"valueName":"search_term_string"}}],"inLanguage":"it-IT"}]}},"_links":{"self":[{"href":"https:\/\/www.blackjackinfo.com\/it\/wp-json\/wp\/v2\/pages\/9152","targetHints":{"allow":["GET"]}}],"collection":[{"href":"https:\/\/www.blackjackinfo.com\/it\/wp-json\/wp\/v2\/pages"}],"about":[{"href":"https:\/\/www.blackjackinfo.com\/it\/wp-json\/wp\/v2\/types\/page"}],"author":[{"embeddable":true,"href":"https:\/\/www.blackjackinfo.com\/it\/wp-json\/wp\/v2\/users\/4"}],"replies":[{"embeddable":true,"href":"https:\/\/www.blackjackinfo.com\/it\/wp-json\/wp\/v2\/comments?post=9152"}],"version-history":[{"count":35,"href":"https:\/\/www.blackjackinfo.com\/it\/wp-json\/wp\/v2\/pages\/9152\/revisions"}],"predecessor-version":[{"id":9198,"href":"https:\/\/www.blackjackinfo.com\/it\/wp-json\/wp\/v2\/pages\/9152\/revisions\/9198"}],"wp:featuredmedia":[{"embeddable":true,"href":"https:\/\/www.blackjackinfo.com\/it\/wp-json\/wp\/v2\/media\/9242"}],"wp:attachment":[{"href":"https:\/\/www.blackjackinfo.com\/it\/wp-json\/wp\/v2\/media?parent=9152"}],"wp:term":[{"taxonomy":"post_tag","embeddable":true,"href":"https:\/\/www.blackjackinfo.com\/it\/wp-json\/wp\/v2\/tags?post=9152"}],"curies":[{"name":"wp","href":"https:\/\/api.w.org\/{rel}","templated":true}]}}