{"id":937,"date":"2014-11-15T14:18:05","date_gmt":"2014-11-15T20:18:05","guid":{"rendered":"http:\/\/test.blackjackinfo.com\/?page_id=937"},"modified":"2020-02-18T18:26:00","modified_gmt":"2020-02-19T00:26:00","slug":"conteggio-delle-carte","status":"publish","type":"page","link":"https:\/\/www.blackjackinfo.com\/it\/card-counting\/","title":{"rendered":"Conteggio delle carte"},"content":{"rendered":"<p><img loading=\"lazy\" decoding=\"async\" class=\"alignright size-medium wp-image-940\" src=\"\/files\/Blackjack-300x205.jpg\" alt=\"Blackjack\" width=\"300\" height=\"205\" srcset=\"https:\/\/www.blackjackinfo.com\/files\/Blackjack-300x205.jpg 300w, https:\/\/www.blackjackinfo.com\/files\/Blackjack.jpg 1000w\" sizes=\"auto, (max-width: 300px) 100vw, 300px\" data-no-auto-translation=\"\" \/><\/p>\n<p class=\"intro\">Il blackjack presenta un'importante differenza rispetto alla maggior parte degli altri giochi del casin\u00f2.<\/p>\n<p style=\"text-align: center;\">\u00c8 <strong>battibile<\/strong>.<\/p>\n<p>Poich\u00e9 tra un mescolamento e l'altro vengono distribuite ai giocatori pi\u00f9 mani di gioco, un giocatore intelligente pu\u00f2 utilizzare le informazioni sulle carte gi\u00e0 distribuite per prevedere qualcosa sulle carte che verranno.<\/p>\n<p>A differenza di giochi come la roulette o i dadi, dove i giri o i rulli precedenti non hanno alcun impatto sulle decisioni future, ogni mano di blackjack esaurisce il mazzo di carte rimanente. Da questo semplice fatto nasce l'idea del conteggio delle carte, un metodo di gioco legale che pu\u00f2 fornire al giocatore un reale vantaggio matematico sul casin\u00f2.<\/p>\n<p>Se le carte rimanenti da distribuire hanno un rapporto pi\u00f9 alto del normale di dieci e assi rispetto alle carte pi\u00f9 piccole, il vantaggio del giocatore aumenta. Pertanto, il conteggio delle carte \u00e8 semplicemente un metodo per determinare quando il mazzo rimanente \u00e8 favorevole al giocatore. Quando il mazzo \u00e8 \"ricco\" di dieci e assi, il contatore di carte effettua puntate pi\u00f9 alte. Quando invece il mazzo \u00e8 ricco di carte piccole, come i due o i sei, il contatore punta il meno possibile o abbandona il tavolo.<\/p>\n<p>Con l'aiuto degli articoli e delle discussioni elencate di seguito, scoprirete che il conteggio delle carte non \u00e8 solo per i geni della matematica, nonostante le rappresentazioni fuorvianti dei media come i film <i>L'uomo della pioggia<\/i> o <i>\u201c21\u201d<\/i>. Invece, la maggior parte dei giocatori disposti a dedicare un po' di tempo e impegno pu\u00f2 imparare a battere il gioco del blackjack.<br \/>\n<div class=\"row\" style=\"margin-bottom:20px\">\n    <div class=\"col-sm-12\">\n                <h2>I migliori casin\u00f2 online degli Stati Uniti <span\n                class=\"flag-icon flag-icon-us\"><\/span><\/h2>\n\n        \n                \n        <div class=\"ranking-table text-center\">\n            <div class=\"row flex ad-row\">\n                <div class=\"col-sm-3\">\n                    <div class=\"row flex\">\n\n                        <div class=\"col-sm-3\">\n                            <div class=\"ranking-number text-center\">\n\n                                1                                \n                            <\/div>\n                        <\/div>\n                        <div class=\"col-sm-9\">\n                            <img decoding=\"async\" src=\"https:\/\/www.blackjackinfo.com\/files\/bovada.png\" data-no-auto-translation=\"\">\n                        <\/div>\n                    <\/div>\n                <\/div>\n                <div class=\"col-sm-4\">\n                    <div class=\"bonus-text text-center\"><span class=\"red\">100% fino a $1.000<\/span><\/div>\n\t\t\t\t\t\n\n                <\/div>\n                <div class=\"col-sm-2\">\n                    <a class=\"btn btn-wire\" href=\"\/it\/casino\/bovada\/\">Recensione<\/a>\n\n                <\/div>\n                <div class=\"col-sm-3\">\n                    <a rel=\"nofollow\" target=\"_blank\" class=\"btn btn-blue\" href=\"\/goto\/goto\/\">Giocare\n                        Ora<\/a>\n\t\t\t\t\t\t\n\n                <\/div>\n            <\/div>\n        <\/div>\n\n\n\n        \n                \n        <div class=\"ranking-table text-center\">\n            <div class=\"row flex ad-row\">\n                <div class=\"col-sm-3\">\n                    <div class=\"row flex\">\n\n                        <div class=\"col-sm-3\">\n                            <div class=\"ranking-number text-center\">\n\n                                2                                \n                            <\/div>\n                        <\/div>\n                        <div class=\"col-sm-9\">\n                            <img decoding=\"async\" src=\"https:\/\/www.blackjackinfo.com\/files\/ignition-casino-logo.png\" data-no-auto-translation=\"\">\n                        <\/div>\n                    <\/div>\n                <\/div>\n                <div class=\"col-sm-4\">\n                    <div class=\"bonus-text text-center\"><span class=\"red\">100% fino a $1.000<\/span><\/div>\n\t\t\t\t\t\n\n                <\/div>\n                <div class=\"col-sm-2\">\n                    <a class=\"btn btn-wire\" href=\"\/it\/casino\/ignition-casino\/\">Recensione<\/a>\n\n                <\/div>\n                <div class=\"col-sm-3\">\n                    <a rel=\"nofollow\" target=\"_blank\" class=\"btn btn-blue\" href=\"\/goto\/goto\/\">Giocare\n                        Ora<\/a>\n\t\t\t\t\t\t\n\n                <\/div>\n            <\/div>\n        <\/div>\n\n\n\n        \n                \n        <div class=\"ranking-table text-center\">\n            <div class=\"row flex ad-row\">\n                <div class=\"col-sm-3\">\n                    <div class=\"row flex\">\n\n                        <div class=\"col-sm-3\">\n                            <div class=\"ranking-number text-center\">\n\n                                3                                \n                            <\/div>\n                        <\/div>\n                        <div class=\"col-sm-9\">\n                            <img decoding=\"async\" src=\"https:\/\/www.blackjackinfo.com\/files\/VipSlots-500x250_dark.svg\" data-no-auto-translation=\"\">\n                        <\/div>\n                    <\/div>\n                <\/div>\n                <div class=\"col-sm-4\">\n                    <div class=\"bonus-text text-center\"><span class=\"red\">100 SPIN GRATUITI su Vita segreta dei gatti<\/span><\/div>\n\t\t\t\t\t\n\n                <\/div>\n                <div class=\"col-sm-2\">\n                    <a class=\"btn btn-wire\" href=\"\/it\/casino\/vipslots-casino\/\">Recensione<\/a>\n\n                <\/div>\n                <div class=\"col-sm-3\">\n                    <a rel=\"nofollow\" target=\"_blank\" class=\"btn btn-blue\" href=\"\/goto\/goto\/\">Giocare\n                        Ora<\/a>\n\t\t\t\t\t\t\n\n                <\/div>\n            <\/div>\n        <\/div>\n\n\n\n        \n                \n        <div class=\"ranking-table text-center\">\n            <div class=\"row flex ad-row\">\n                <div class=\"col-sm-3\">\n                    <div class=\"row flex\">\n\n                        <div class=\"col-sm-3\">\n                            <div class=\"ranking-number text-center\">\n\n                                4                                \n                            <\/div>\n                        <\/div>\n                        <div class=\"col-sm-9\">\n                            <img decoding=\"async\" src=\"https:\/\/www.blackjackinfo.com\/files\/vegas_casino_online.png\" data-no-auto-translation=\"\">\n                        <\/div>\n                    <\/div>\n                <\/div>\n                <div class=\"col-sm-4\">\n                    <div class=\"bonus-text text-center\"><span class=\"red\">300% fino a $3.000<\/span><\/div>\n\t\t\t\t\t\n\n                <\/div>\n                <div class=\"col-sm-2\">\n                    <a class=\"btn btn-wire\" href=\"\/it\/casino\/vegas-casino-online-2\/\">Recensione<\/a>\n\n                <\/div>\n                <div class=\"col-sm-3\">\n                    <a rel=\"nofollow\" target=\"_blank\" class=\"btn btn-blue\" href=\"\/goto\/goto\/\">Giocare\n                        Ora<\/a>\n\t\t\t\t\t\t\n\n                <\/div>\n            <\/div>\n        <\/div>\n\n\n\n        \n                \n        <div class=\"ranking-table text-center\">\n            <div class=\"row flex ad-row\">\n                <div class=\"col-sm-3\">\n                    <div class=\"row flex\">\n\n                        <div class=\"col-sm-3\">\n                            <div class=\"ranking-number text-center\">\n\n                                5                                \n                            <\/div>\n                        <\/div>\n                        <div class=\"col-sm-9\">\n                            <img decoding=\"async\" src=\"https:\/\/www.blackjackinfo.com\/files\/cafe-casino-logo.svg\" data-no-auto-translation=\"\">\n                        <\/div>\n                    <\/div>\n                <\/div>\n                <div class=\"col-sm-4\">\n                    <div class=\"bonus-text text-center\"><span class=\"red\">250% fino a $1.500<\/span><\/div>\n\t\t\t\t\t\n\n                <\/div>\n                <div class=\"col-sm-2\">\n                    <a class=\"btn btn-wire\" href=\"\/it\/casino\/cafe-casino\/\">Recensione<\/a>\n\n                <\/div>\n                <div class=\"col-sm-3\">\n                    <a rel=\"nofollow\" target=\"_blank\" class=\"btn btn-blue\" href=\"\/goto\/goto\/\">Giocare\n                        Ora<\/a>\n\t\t\t\t\t\t\n\n                <\/div>\n            <\/div>\n        <\/div>\n\n\n\n            <\/div>\n<\/div><\/p>\n<h2 style=\"text-align: center;\">Articoli sul conteggio delle carte<\/h2>\n<ul>\n<li>\n<p>\n<a href=\"\/knowledge-base\/blackjack-card-counting\/an-introduction-to-card-counting\/\">Introduzione al conteggio delle carte<\/a>: Una rapida e utile introduzione di ICountNTrack, uno dei nostri moderatori del forum.\n<\/p>\n<\/li>\n<li>\n<p>\n<a href=\"\/knowledge-base\/blackjack-card-counting\/frequently-asked-questions\/\">Domande frequenti<\/a>: Una selezione di domande comuni dei giocatori alle prime armi con il blackjack e il conteggio.\n<\/p>\n<\/li>\n<li>\n<a href=\"\/worlds-greatest-job\/\">Il lavoro pi\u00f9 bello del mondo<\/a>: Vita da professionista del blackjack a tempo pieno, di Kevin Blackwood.<\/p>\n<blockquote><p>Kevin ha vinto oltre un milione di dollari nei casin\u00f2 come contatore di carte ed \u00e8 autore di diversi libri, tra cui <a href=\"http:\/\/www.amazon.com\/dp\/0060731125\/?tag=theblackjacbasic\">Giocare a blackjack come i professionisti<\/a> e <a href=\"http:\/\/www.amazon.com\/dp\/047175286X\/?tag=theblackjacbasic\">Gioco d'azzardo al casin\u00f2 per principianti<\/a>.<\/p><\/blockquote>\n<\/li>\n<li>\n<a href=\"\/blackjack-school\/\">La Scuola di Blackjack del GameMaster<\/a>: Un corso gratuito di 24 lezioni sul blackjack e sul conteggio delle carte.<\/p>\n<blockquote><p>Bill Channels, alias \"The GameMaster\", ha originariamente sviluppato questa serie di lezioni di blackjack da utilizzare durante le sue lezioni di persona per il gioco. Con il suo permesso, i materiali del corso sono ora disponibili gratuitamente nella nostra versione online.<\/p><\/blockquote>\n<\/li>\n<\/ul>\n<h2 style=\"text-align: center;\">Risorse per il conteggio delle carte<\/h2>\n<ul>\n<li>\n<p>\n<a href=\"\/knowledge-base\/blackjack-card-counting\/free-counting-resources-on-web\/\">Risorse gratuite per il conteggio sul Web<\/a>: Un utile elenco di molti siti e risorse per i contatori di carte.\n<\/p>\n<\/li>\n<li>\n<p>\n<a href=\"\/card-counting-efficiency-calculator\/\">Calcolatore dell'efficienza del sistema di conteggio delle carte<\/a>: Determinare l'efficienza di gioco (PE), la correlazione delle scommesse (BC) e la correlazione delle assicurazioni (IC) per qualsiasi sistema di conteggio delle carte.\n<\/p>\n<\/li>\n<\/ul>","protected":false},"excerpt":{"rendered":"<p>Blackjack has one important difference when compared to most other games in the casino. It is beatable. Since multiple hands of the game are dealt to players between shuffles, a smart player can use information about the cards that have already been dealt to predict something about the cards to come. Unlike games like roulette [&hellip;]<\/p>\n","protected":false},"author":2,"featured_media":0,"parent":0,"menu_order":0,"comment_status":"open","ping_status":"closed","template":"","meta":{"_acf_changed":false,"footnotes":""},"tags":[],"class_list":["post-937","page","type-page","status-publish","hentry"],"acf":[],"yoast_head":"<!-- This site is optimized with the Yoast SEO plugin v26.6 - https:\/\/yoast.com\/wordpress\/plugins\/seo\/ -->\n<title>Card Counting<\/title>\n<meta name=\"description\" content=\"Blackjack is a beatable game. Learn how to count cards and turn the tables on the casino, with a solid mathematical edge over the house.\" \/>\n<meta name=\"robots\" content=\"index, follow, max-snippet:-1, max-image-preview:large, max-video-preview:-1\" \/>\n<link rel=\"canonical\" href=\"https:\/\/www.blackjackinfo.com\/it\/conteggio-delle-carte\/\" \/>\n<meta property=\"og:locale\" content=\"it_IT\" \/>\n<meta property=\"og:type\" content=\"article\" \/>\n<meta property=\"og:title\" content=\"Card Counting\" \/>\n<meta property=\"og:description\" content=\"Blackjack is a beatable game. Learn how to count cards and turn the tables on the casino, with a solid mathematical edge over the house.\" \/>\n<meta property=\"og:url\" content=\"https:\/\/www.blackjackinfo.com\/it\/conteggio-delle-carte\/\" \/>\n<meta property=\"og:site_name\" content=\"BlackjackInfo.com\" \/>\n<meta property=\"article:modified_time\" content=\"2020-02-19T00:26:00+00:00\" \/>\n<meta name=\"twitter:label1\" content=\"Tempo di lettura stimato\" \/>\n\t<meta name=\"twitter:data1\" content=\"2 minuti\" \/>\n<script type=\"application\/ld+json\" class=\"yoast-schema-graph\">{\"@context\":\"https:\/\/schema.org\",\"@graph\":[{\"@type\":\"WebPage\",\"@id\":\"https:\/\/www.blackjackinfo.com\/card-counting\/\",\"url\":\"https:\/\/www.blackjackinfo.com\/card-counting\/\",\"name\":\"Card Counting\",\"isPartOf\":{\"@id\":\"https:\/\/www.blackjackinfo.com\/#website\"},\"datePublished\":\"2014-11-15T20:18:05+00:00\",\"dateModified\":\"2020-02-19T00:26:00+00:00\",\"description\":\"Blackjack is a beatable game. Learn how to count cards and turn the tables on the casino, with a solid mathematical edge over the house.\",\"breadcrumb\":{\"@id\":\"https:\/\/www.blackjackinfo.com\/card-counting\/#breadcrumb\"},\"inLanguage\":\"it-IT\",\"potentialAction\":[{\"@type\":\"ReadAction\",\"target\":[\"https:\/\/www.blackjackinfo.com\/card-counting\/\"]}]},{\"@type\":\"BreadcrumbList\",\"@id\":\"https:\/\/www.blackjackinfo.com\/card-counting\/#breadcrumb\",\"itemListElement\":[{\"@type\":\"ListItem\",\"position\":1,\"name\":\"Home\",\"item\":\"https:\/\/www.blackjackinfo.com\/\"},{\"@type\":\"ListItem\",\"position\":2,\"name\":\"Card Counting\"}]},{\"@type\":\"WebSite\",\"@id\":\"https:\/\/www.blackjackinfo.com\/#website\",\"url\":\"https:\/\/www.blackjackinfo.com\/\",\"name\":\"BlackjackInfo.com\",\"description\":\"Because Winning is More Fun!\",\"potentialAction\":[{\"@type\":\"SearchAction\",\"target\":{\"@type\":\"EntryPoint\",\"urlTemplate\":\"https:\/\/www.blackjackinfo.com\/?s={search_term_string}\"},\"query-input\":{\"@type\":\"PropertyValueSpecification\",\"valueRequired\":true,\"valueName\":\"search_term_string\"}}],\"inLanguage\":\"it-IT\"}]}<\/script>\n<!-- \/ Yoast SEO plugin. -->","yoast_head_json":{"title":"Conteggio delle carte","description":"Il blackjack \u00e8 un gioco che si pu\u00f2 battere. Imparate a contare le carte e a ribaltare la situazione al casin\u00f2, con un solido vantaggio matematico sul banco.","robots":{"index":"index","follow":"follow","max-snippet":"max-snippet:-1","max-image-preview":"max-image-preview:large","max-video-preview":"max-video-preview:-1"},"canonical":"https:\/\/www.blackjackinfo.com\/it\/conteggio-delle-carte\/","og_locale":"it_IT","og_type":"article","og_title":"Card Counting","og_description":"Blackjack is a beatable game. Learn how to count cards and turn the tables on the casino, with a solid mathematical edge over the house.","og_url":"https:\/\/www.blackjackinfo.com\/it\/conteggio-delle-carte\/","og_site_name":"BlackjackInfo.com","article_modified_time":"2020-02-19T00:26:00+00:00","twitter_misc":{"Tempo di lettura stimato":"2 minuti"},"schema":{"@context":"https:\/\/schema.org","@graph":[{"@type":"WebPage","@id":"https:\/\/www.blackjackinfo.com\/card-counting\/","url":"https:\/\/www.blackjackinfo.com\/card-counting\/","name":"Conteggio delle carte","isPartOf":{"@id":"https:\/\/www.blackjackinfo.com\/#website"},"datePublished":"2014-11-15T20:18:05+00:00","dateModified":"2020-02-19T00:26:00+00:00","description":"Il blackjack \u00e8 un gioco che si pu\u00f2 battere. Imparate a contare le carte e a ribaltare la situazione al casin\u00f2, con un solido vantaggio matematico sul banco.","breadcrumb":{"@id":"https:\/\/www.blackjackinfo.com\/card-counting\/#breadcrumb"},"inLanguage":"it-IT","potentialAction":[{"@type":"ReadAction","target":["https:\/\/www.blackjackinfo.com\/card-counting\/"]}]},{"@type":"BreadcrumbList","@id":"https:\/\/www.blackjackinfo.com\/card-counting\/#breadcrumb","itemListElement":[{"@type":"ListItem","position":1,"name":"Home","item":"https:\/\/www.blackjackinfo.com\/"},{"@type":"ListItem","position":2,"name":"Card Counting"}]},{"@type":"WebSite","@id":"https:\/\/www.blackjackinfo.com\/#website","url":"https:\/\/www.blackjackinfo.com\/","name":"BlackjackInfo.com","description":"Perch\u00e9 vincere \u00e8 pi\u00f9 divertente!","potentialAction":[{"@type":"SearchAction","target":{"@type":"EntryPoint","urlTemplate":"https:\/\/www.blackjackinfo.com\/?s={search_term_string}"},"query-input":{"@type":"PropertyValueSpecification","valueRequired":true,"valueName":"search_term_string"}}],"inLanguage":"it-IT"}]}},"_links":{"self":[{"href":"https:\/\/www.blackjackinfo.com\/it\/wp-json\/wp\/v2\/pages\/937","targetHints":{"allow":["GET"]}}],"collection":[{"href":"https:\/\/www.blackjackinfo.com\/it\/wp-json\/wp\/v2\/pages"}],"about":[{"href":"https:\/\/www.blackjackinfo.com\/it\/wp-json\/wp\/v2\/types\/page"}],"author":[{"embeddable":true,"href":"https:\/\/www.blackjackinfo.com\/it\/wp-json\/wp\/v2\/users\/2"}],"replies":[{"embeddable":true,"href":"https:\/\/www.blackjackinfo.com\/it\/wp-json\/wp\/v2\/comments?post=937"}],"version-history":[{"count":24,"href":"https:\/\/www.blackjackinfo.com\/it\/wp-json\/wp\/v2\/pages\/937\/revisions"}],"predecessor-version":[{"id":5475,"href":"https:\/\/www.blackjackinfo.com\/it\/wp-json\/wp\/v2\/pages\/937\/revisions\/5475"}],"wp:attachment":[{"href":"https:\/\/www.blackjackinfo.com\/it\/wp-json\/wp\/v2\/media?parent=937"}],"wp:term":[{"taxonomy":"post_tag","embeddable":true,"href":"https:\/\/www.blackjackinfo.com\/it\/wp-json\/wp\/v2\/tags?post=937"}],"curies":[{"name":"wp","href":"https:\/\/api.w.org\/{rel}","templated":true}]}}