{"id":2715,"date":"2017-03-09T22:35:52","date_gmt":"2017-03-10T04:35:52","guid":{"rendered":"https:\/\/www.blackjackinfo.com\/?page_id=2715\/"},"modified":"2018-04-18T01:59:16","modified_gmt":"2018-04-18T06:59:16","slug":"%d1%88%d0%ba%d0%be%d0%bb%d0%b0-%d0%b1%d0%bb%d1%8d%d0%ba%d0%b4%d0%b6%d0%b5%d0%ba%d0%b0-2","status":"publish","type":"page","link":"https:\/\/www.blackjackinfo.com\/ru\/scuola-di-blackjack\/","title":{"rendered":"\u0428\u043a\u043e\u043b\u0430 \u0431\u043b\u044d\u043a\u0434\u0436\u0435\u043a\u0430 \u043e\u0442 GameMaster"},"content":{"rendered":"<h2 style=\"text-align: center;\">Benvenuti alla Scuola di Blackjack di GameMaster<\/h2>\n<p class=\"entry-meta text-right\">di GameMaster, ristampa autorizzata.<\/p>\n<h3 class=\"gbs-heading\">\u041a\u0440\u0430\u0442\u043a\u043e\u0435 \u0432\u0432\u0435\u0434\u0435\u043d\u0438\u0435.<\/h3>\n<p class=\"intro\">\u041c\u044b \u0441 \u0431\u043e\u043b\u044c\u0448\u0438\u043c \u044d\u043d\u0442\u0443\u0437\u0438\u0430\u0437\u043c\u043e\u043c \u0438 \u0440\u0430\u0434\u043e\u0441\u0442\u044c\u044e \u0441\u043e\u043e\u0431\u0449\u0430\u0435\u043c \u043e \u0442\u043e\u043c, \u0447\u0442\u043e \u043f\u0435\u0440\u0435\u0441\u043c\u043e\u0442\u0440 \u043f\u043e\u043b\u043d\u043e\u0441\u0442\u044c\u044e \u0437\u0430\u0432\u0435\u0440\u0448\u0435\u043d <strong>\u0428\u043a\u043e\u043b\u0430 \u0431\u043b\u044d\u043a\u0434\u0436\u0435\u043a\u0430 \u043e\u0442 GameMaster<\/strong>. \u0414\u043b\u044f \u0442\u0435\u0445, \u043a\u0442\u043e \u043d\u0435 \u0437\u043d\u0430\u043a\u043e\u043c \u0441 \u043c\u043e\u0435\u0439 \"\u0448\u043a\u043e\u043b\u043e\u0439\", \u0440\u0435\u0447\u044c \u0438\u0434\u0435\u0442 \u043e \u0441\u0435\u0440\u0438\u0438 \u0438\u0437 24 \u043d\u0430\u043f\u0438\u0441\u0430\u043d\u043d\u044b\u0445 \u043b\u0435\u043a\u0446\u0438\u0439, \u043a\u043e\u0442\u043e\u0440\u044b\u0435 \u043d\u0430\u0443\u0447\u0430\u0442 \u0432\u0430\u0441 \u0438\u0433\u0440\u0430\u0442\u044c \u0438 \u0432\u044b\u0438\u0433\u0440\u044b\u0432\u0430\u0442\u044c \u0432 \u0431\u043b\u044d\u043a\u0434\u0436\u0435\u043a. <strong>Abbiamo raccolto, in questi scritti, l'intero programma scolastico espandendolo, perfezionandolo ed aggiungendo nuove risorse<\/strong>.<\/p>\n<p>\u041a\u043e\u0433\u0434\u0430 \u0432 1994 \u0433\u043e\u0434\u0443 \u0432 \u0448\u0442\u0430\u0442\u0435 \u041c\u0438\u0441\u0441\u0443\u0440\u0438 \u043b\u0435\u0433\u0430\u043b\u0438\u0437\u043e\u0432\u0430\u043b\u0438 \u0438\u0433\u0440\u0443 \u0432 \u0431\u043b\u044d\u043a\u0434\u0436\u0435\u043a, \u043c\u044b \u0440\u0430\u0437\u0440\u0430\u0431\u043e\u0442\u0430\u043b\u0438 \u043a\u0443\u0440\u0441, \u043a\u043e\u0442\u043e\u0440\u044b\u0439 \u0440\u0430\u0441\u0441\u043a\u0430\u0437\u044b\u0432\u0430\u043b \u0432\u0441\u0435\u043c, \u043a\u0430\u043a \u043f\u043e\u043b\u0443\u0447\u0438\u0442\u044c \u043f\u0440\u0435\u0438\u043c\u0443\u0449\u0435\u0441\u0442\u0432\u043e \u0432 \u0431\u043b\u044d\u043a\u0434\u0436\u0435\u043a\u0435 \u043f\u043e \u0441\u0440\u0430\u0432\u043d\u0435\u043d\u0438\u044e \u0441 \u0438\u0433\u0440\u043e\u0439 \u0432 \u043a\u0430\u0437\u0438\u043d\u043e. Questo corso, \u043a\u043e\u0442\u043e\u0440\u043e\u0435 \u0431\u044b\u043b\u043e \u043f\u0440\u043e\u0432\u0435\u0434\u0435\u043d\u043e \u043c\u043d\u043e\u0439 \u0432 \u043c\u043e\u0435\u043c \u0434\u043e\u043c\u0435, \u0438\u0437\u043d\u0430\u0447\u0430\u043b\u044c\u043d\u043e \u0441\u0442\u043e\u0438\u043b\u043e $400 \u0438 \u0432\u043a\u043b\u044e\u0447\u0430\u043b\u043e \u0432 \u0441\u0435\u0431\u044f \u043c\u0430\u0442\u0435\u0440\u0438\u0430\u043b \u0434\u043b\u044f \u0443\u043f\u0440\u0430\u0436\u043d\u0435\u043d\u0438\u0439, \u0447\u0435\u0442\u044b\u0440\u0435 \u0441\u0435\u0441\u0441\u0438\u0438 \u0432 \"\u043a\u043b\u0430\u0441\u0441\u0435\" \u043f\u0440\u0438\u043c\u0435\u0440\u043d\u043e \u043f\u043e 2 \u0440\u0443\u0434\u044b \u0432 \u0434\u0435\u043d\u044c, \u043a\u043e\u0442\u043e\u0440\u044b\u0435 \u0431\u044b\u043b\u0438 \u0440\u0430\u0441\u043f\u0440\u0435\u0434\u0435\u043b\u0435\u043d\u044b \u043d\u0430 \u043e\u0434\u0438\u043d \u043f\u0435\u0440\u0438\u043e\u0434 \u0432 \u0447\u0435\u0442\u044b\u0440\u0435 \u0434\u043d\u044f, \u0438 \u043e\u0434\u0438\u043d \u0441\u0435\u0430\u043d\u0441 \u0438\u0433\u0440\u044b \u0432 \u043a\u0430\u0437\u0438\u043d\u043e \u0432 \u044d\u0442\u043e\u043c \u0433\u043e\u0440\u043e\u0434\u0435, \u0433\u0434\u0435 \u044f \u0432\u043c\u0435\u0441\u0442\u0435 \u0441\u043e \u0441\u0432\u043e\u0438\u043c\u0438 \u0441\u0442\u0443\u0434\u0435\u043d\u0442\u0430\u043c\u0438 \u043c\u043e\u0433 \u043f\u0440\u043e\u0432\u0435\u0440\u0438\u0442\u044c \u0438\u0445 \u0441\u043f\u043e\u0441\u043e\u0431\u043d\u043e\u0441\u0442\u0438 \u0432\u043e \u0432\u0440\u0435\u043c\u044f \u0431\u0438\u0442\u0432\u044b.<\/p>\n<p>\u0412 1995 \u0433\u043e\u0434\u0443 \u044f \u0441\u0442\u0430\u043b \u043e\u0434\u043d\u0438\u043c \u0438\u0437 \u043e\u0441\u043d\u043e\u0432\u0430\u0442\u0435\u043b\u0435\u0439 \u043a\u043e\u043c\u043f\u0430\u043d\u0438\u0438 <strong>Rolling Good Times Online<\/strong> (rgtonline.com), \u043f\u0435\u0440\u0432\u044b\u0439 \"E-zine\" \u0432 \u0418\u043d\u0442\u0435\u0440\u043d\u0435\u0442\u0435 \u0434\u043b\u044f \u0438\u0433\u0440\u044b \u0432 \u0430\u0446\u0446\u0430\u0440\u0434\u043e, \u0438 \u044d\u0442\u043e \u043f\u043e\u0441\u043b\u0443\u0436\u0438\u043b\u043e \u043d\u0430\u0447\u0430\u043b\u043e\u043c \u0434\u043b\u044f \u043f\u0440\u0435\u043e\u0431\u0440\u0430\u0437\u043e\u0432\u0430\u043d\u0438\u044f \u043c\u043e\u0435\u0433\u043e \u043a\u0443\u0440\u0441\u0430 \u0432 \u0441\u0435\u0440\u0438\u044e \u043b\u0435\u043a\u0446\u0438\u0439, \u043d\u0430\u043f\u0438\u0441\u0430\u043d\u043d\u044b\u0445 \u0431\u0435\u0437\u0432\u043e\u0437\u043c\u0435\u0437\u0434\u043d\u043e, \u043f\u0440\u0435\u0434\u0441\u0442\u0430\u0432\u043b\u0435\u043d\u043d\u044b\u0445 \u0432 \u0418\u043d\u0442\u0435\u0440\u043d\u0435\u0442\u0435, \u043a\u0430\u043a \u0435\u0441\u043b\u0438 \u0431\u044b \u044d\u0442\u043e \u0431\u044b\u043b\u0430 \"\u0448\u043a\u043e\u043b\u0430\". \u0412 \u043a\u043e\u043d\u0446\u0435 \u043a\u043e\u043d\u0446\u043e\u0432 \u044d\u0442\u0438 \u043b\u0435\u043a\u0446\u0438\u0438 \u0441\u0442\u0430\u043b\u0438 \u043d\u0430\u0437\u044b\u0432\u0430\u0442\u044c\u0441\u044f \u043d\u0435\u0438\u0437\u043c\u0435\u043d\u043d\u044b\u043c\u0438, \u0438 \u0434\u043e \u0441\u0438\u0445 \u043f\u043e\u0440 \u043d\u0430 120 \u0441\u0430\u0439\u0442\u0430\u0445 \u043c\u043e\u0436\u043d\u043e \u043d\u0430\u0439\u0442\u0438 \u0438\u043d\u0444\u043e\u0440\u043c\u0430\u0446\u0438\u044e, \u043a\u0430\u0441\u0430\u044e\u0449\u0443\u044e\u0441\u044f \u0438\u0433\u0440\u044b \u0432 \u0430\u0446\u0446\u0430\u0440\u0434\u043e.<\/p>\n<p><strong>\u0412 1997 \u0433\u043e\u0434\u0443 \u043e\u0442\u043a\u0440\u044b\u043b\u0441\u044f \u0433\u043b\u0430\u0432\u043d\u044b\u0439 \u0441\u0430\u0439\u0442.<\/strong>: il GameMaster Online, da quel giorno in poi, siamo stati al servizio della comunit\u00e0 del blackjack e del gioco d'azzardo con centinaia di articoli riguardanti il modo di \"ottenere il vantaggio\" sul casino. Credo che questa scuola sia il punto focale di molti di questi sforzi.<\/p>\n<h3 class=\"gbs-heading\">Delle volte si ha solo bisogno di un posto da cui partire.<\/h3>\n<p><strong>Il Blackjack \u00e8 un gioco di abilit\u00e0 e questo \u00e8 il luogo giusto dove potrete imparare l'arte necessaria per battere il banco.<\/strong><\/p>\n<p><strong>Le 24 lezioni che potrete leggere qui vi porteranno, passo dopo passo, attraverso il processo di apprendimento, al giusto modo di giocare una mano, a come contare le carte, e come e quando scommettere correttamente e centinaia di altri \"trucchi del mestiere\"<\/strong>. Il corso \u00e8 lungo, ma non dovete impararlo in una sola notte. \u0423\u0447\u0438\u0442\u0435\u0441\u044c \u0441\u043f\u043e\u043a\u043e\u0439\u043d\u043e, \u0434\u0435\u043b\u0430\u0439\u0442\u0435 \u0432\u0441\u0435, \u0447\u0442\u043e \u0432\u044b \u0441\u043a\u0430\u0436\u0435\u0442\u0435, \u0438 \u0434\u043e \u0442\u043e\u0433\u043e, \u043a\u0430\u043a \u0432\u044b \u043d\u0430\u0447\u043d\u0435\u0442\u0435 \u0438\u0433\u0440\u0430\u0442\u044c \u0438 \u0432\u044b\u0438\u0433\u0440\u044b\u0432\u0430\u0442\u044c \u0432 \u0431\u043b\u044d\u043a\u0434\u0436\u0435\u043a.<\/p>\n<p>\u0412 \u043d\u0430\u0447\u0430\u043b\u0435 <a href=\"https:\/\/www.it.blackjackinfo.com\/it\/scuola-di-blackjack\/blackjack-lezione-01.php\">Lezione 1<\/a> e poi potrete andare veloci quanto volete. Il brivido di vincere al blackjack in un casino risiede proprio nei vostri polpastrelli.<\/p>","protected":false},"excerpt":{"rendered":"<p>Benvenuti alla Scuola di Blackjack di GameMaster di GameMaster, ristampa autorizzata. Una breve introduzione. Sono molto fiero e soddisfatto di annunciare la revisione completa della scuola di blackjack di GameMaster. Per coloro che non hanno familiarit\u00e0 con la mia &#8220;scuola&#8221;, si tratta di una serie di 24 lezioni scritte che vi insegneranno a giocare e [&hellip;]<\/p>\n","protected":false},"author":4,"featured_media":0,"parent":0,"menu_order":0,"comment_status":"open","ping_status":"open","template":"page-blacjack-school-it.php","meta":{"_acf_changed":false,"footnotes":""},"tags":[],"class_list":["post-2715","page","type-page","status-publish","hentry"],"acf":[],"yoast_head":"<!-- This site is optimized with the Yoast SEO plugin v26.6 - https:\/\/yoast.com\/wordpress\/plugins\/seo\/ -->\n<title>La Scuola di Blackjack di GameMaster<\/title>\n<meta name=\"description\" content=\"Benvenuti alla Scuola di Blackjack di GameMaster di GameMaster, ristampa autorizzata. Una breve introduzione. Sono molto fiero e soddisfatto di annunciare\" \/>\n<meta name=\"robots\" content=\"index, follow, max-snippet:-1, max-image-preview:large, max-video-preview:-1\" \/>\n<link rel=\"canonical\" href=\"https:\/\/www.it.blackjackinfo.com\/scuola-di-blackjack\/\" \/>\n<meta property=\"og:locale\" content=\"ru_RU\" \/>\n<meta property=\"og:type\" content=\"article\" \/>\n<meta property=\"og:title\" content=\"La Scuola di Blackjack di GameMaster\" \/>\n<meta property=\"og:description\" content=\"Benvenuti alla Scuola di Blackjack di GameMaster di GameMaster, ristampa autorizzata. Una breve introduzione. Sono molto fiero e soddisfatto di annunciare\" \/>\n<meta property=\"og:url\" content=\"https:\/\/www.it.blackjackinfo.com\/scuola-di-blackjack\/\" \/>\n<meta property=\"og:site_name\" content=\"BlackjackInfo.com\" \/>\n<meta property=\"article:modified_time\" content=\"2018-04-18T06:59:16+00:00\" \/>\n<meta name=\"twitter:label1\" content=\"\u041f\u0440\u0438\u043c\u0435\u0440\u043d\u043e\u0435 \u0432\u0440\u0435\u043c\u044f \u0434\u043b\u044f \u0447\u0442\u0435\u043d\u0438\u044f\" \/>\n\t<meta name=\"twitter:data1\" content=\"2 \u043c\u0438\u043d\u0443\u0442\u044b\" \/>\n<script type=\"application\/ld+json\" class=\"yoast-schema-graph\">{\"@context\":\"https:\/\/schema.org\",\"@graph\":[{\"@type\":\"WebPage\",\"@id\":\"https:\/\/www.it.blackjackinfo.com\/scuola-di-blackjack\/\",\"url\":\"https:\/\/www.it.blackjackinfo.com\/scuola-di-blackjack\/\",\"name\":\"La Scuola di Blackjack di GameMaster\",\"isPartOf\":{\"@id\":\"https:\/\/www.blackjackinfo.com\/#website\"},\"datePublished\":\"2017-03-10T04:35:52+00:00\",\"dateModified\":\"2018-04-18T06:59:16+00:00\",\"description\":\"Benvenuti alla Scuola di Blackjack di GameMaster di GameMaster, ristampa autorizzata. Una breve introduzione. Sono molto fiero e soddisfatto di annunciare\",\"breadcrumb\":{\"@id\":\"https:\/\/www.it.blackjackinfo.com\/scuola-di-blackjack\/#breadcrumb\"},\"inLanguage\":\"ru-RU\",\"potentialAction\":[{\"@type\":\"ReadAction\",\"target\":[\"https:\/\/www.it.blackjackinfo.com\/scuola-di-blackjack\/\"]}]},{\"@type\":\"BreadcrumbList\",\"@id\":\"https:\/\/www.it.blackjackinfo.com\/scuola-di-blackjack\/#breadcrumb\",\"itemListElement\":[{\"@type\":\"ListItem\",\"position\":1,\"name\":\"Home\",\"item\":\"https:\/\/www.blackjackinfo.com\/\"},{\"@type\":\"ListItem\",\"position\":2,\"name\":\"La Scuola di Blackjack di GameMaster\"}]},{\"@type\":\"WebSite\",\"@id\":\"https:\/\/www.blackjackinfo.com\/#website\",\"url\":\"https:\/\/www.blackjackinfo.com\/\",\"name\":\"BlackjackInfo.com\",\"description\":\"Because Winning is More Fun!\",\"potentialAction\":[{\"@type\":\"SearchAction\",\"target\":{\"@type\":\"EntryPoint\",\"urlTemplate\":\"https:\/\/www.blackjackinfo.com\/?s={search_term_string}\"},\"query-input\":{\"@type\":\"PropertyValueSpecification\",\"valueRequired\":true,\"valueName\":\"search_term_string\"}}],\"inLanguage\":\"ru-RU\"}]}<\/script>\n<!-- \/ Yoast SEO plugin. -->","yoast_head_json":{"title":"\u0428\u043a\u043e\u043b\u0430 \u0431\u043b\u044d\u043a\u0434\u0436\u0435\u043a\u0430 \u043e\u0442 GameMaster","description":"Benvenuti alla Scuola di Blackjack di GameMaster di GameMaster, ristampa autorizzata. \u041a\u0440\u0430\u0442\u043a\u043e\u0435 \u0432\u0441\u0442\u0443\u043f\u043b\u0435\u043d\u0438\u0435. Sono molto fiero e soddisfatto di annunciare","robots":{"index":"index","follow":"follow","max-snippet":"max-snippet:-1","max-image-preview":"max-image-preview:large","max-video-preview":"max-video-preview:-1"},"canonical":"https:\/\/www.it.blackjackinfo.com\/scuola-di-blackjack\/","og_locale":"ru_RU","og_type":"article","og_title":"La Scuola di Blackjack di GameMaster","og_description":"Benvenuti alla Scuola di Blackjack di GameMaster di GameMaster, ristampa autorizzata. Una breve introduzione. Sono molto fiero e soddisfatto di annunciare","og_url":"https:\/\/www.it.blackjackinfo.com\/scuola-di-blackjack\/","og_site_name":"BlackjackInfo.com","article_modified_time":"2018-04-18T06:59:16+00:00","twitter_misc":{"\u041f\u0440\u0438\u043c\u0435\u0440\u043d\u043e\u0435 \u0432\u0440\u0435\u043c\u044f \u0434\u043b\u044f \u0447\u0442\u0435\u043d\u0438\u044f":"2 \u043c\u0438\u043d\u0443\u0442\u044b"},"schema":{"@context":"https:\/\/schema.org","@graph":[{"@type":"WebPage","@id":"https:\/\/www.it.blackjackinfo.com\/scuola-di-blackjack\/","url":"https:\/\/www.it.blackjackinfo.com\/scuola-di-blackjack\/","name":"\u0428\u043a\u043e\u043b\u0430 \u0431\u043b\u044d\u043a\u0434\u0436\u0435\u043a\u0430 \u043e\u0442 GameMaster","isPartOf":{"@id":"https:\/\/www.blackjackinfo.com\/#website"},"datePublished":"2017-03-10T04:35:52+00:00","dateModified":"2018-04-18T06:59:16+00:00","description":"Benvenuti alla Scuola di Blackjack di GameMaster di GameMaster, ristampa autorizzata. \u041a\u0440\u0430\u0442\u043a\u043e\u0435 \u0432\u0441\u0442\u0443\u043f\u043b\u0435\u043d\u0438\u0435. Sono molto fiero e soddisfatto di annunciare","breadcrumb":{"@id":"https:\/\/www.it.blackjackinfo.com\/scuola-di-blackjack\/#breadcrumb"},"inLanguage":"ru-RU","potentialAction":[{"@type":"ReadAction","target":["https:\/\/www.it.blackjackinfo.com\/scuola-di-blackjack\/"]}]},{"@type":"BreadcrumbList","@id":"https:\/\/www.it.blackjackinfo.com\/scuola-di-blackjack\/#breadcrumb","itemListElement":[{"@type":"ListItem","position":1,"name":"Home","item":"https:\/\/www.blackjackinfo.com\/"},{"@type":"ListItem","position":2,"name":"La Scuola di Blackjack di GameMaster"}]},{"@type":"WebSite","@id":"https:\/\/www.blackjackinfo.com\/#website","url":"https:\/\/www.blackjackinfo.com\/","name":"BlackjackInfo.com","description":"\u041f\u043e\u0442\u043e\u043c\u0443 \u0447\u0442\u043e \u043f\u043e\u0431\u0435\u0436\u0434\u0430\u0442\u044c \u0432\u0435\u0441\u0435\u043b\u0435\u0435!","potentialAction":[{"@type":"SearchAction","target":{"@type":"EntryPoint","urlTemplate":"https:\/\/www.blackjackinfo.com\/?s={search_term_string}"},"query-input":{"@type":"PropertyValueSpecification","valueRequired":true,"valueName":"search_term_string"}}],"inLanguage":"ru-RU"}]}},"_links":{"self":[{"href":"https:\/\/www.blackjackinfo.com\/ru\/wp-json\/wp\/v2\/pages\/2715","targetHints":{"allow":["GET"]}}],"collection":[{"href":"https:\/\/www.blackjackinfo.com\/ru\/wp-json\/wp\/v2\/pages"}],"about":[{"href":"https:\/\/www.blackjackinfo.com\/ru\/wp-json\/wp\/v2\/types\/page"}],"author":[{"embeddable":true,"href":"https:\/\/www.blackjackinfo.com\/ru\/wp-json\/wp\/v2\/users\/4"}],"replies":[{"embeddable":true,"href":"https:\/\/www.blackjackinfo.com\/ru\/wp-json\/wp\/v2\/comments?post=2715"}],"version-history":[{"count":8,"href":"https:\/\/www.blackjackinfo.com\/ru\/wp-json\/wp\/v2\/pages\/2715\/revisions"}],"predecessor-version":[{"id":2723,"href":"https:\/\/www.blackjackinfo.com\/ru\/wp-json\/wp\/v2\/pages\/2715\/revisions\/2723"}],"wp:attachment":[{"href":"https:\/\/www.blackjackinfo.com\/ru\/wp-json\/wp\/v2\/media?parent=2715"}],"wp:term":[{"taxonomy":"post_tag","embeddable":true,"href":"https:\/\/www.blackjackinfo.com\/ru\/wp-json\/wp\/v2\/tags?post=2715"}],"curies":[{"name":"wp","href":"https:\/\/api.w.org\/{rel}","templated":true}]}}