{"id":2813,"date":"2017-03-12T23:40:35","date_gmt":"2017-03-13T04:40:35","guid":{"rendered":"https:\/\/www.blackjackinfo.com\/?page_id=2813\/"},"modified":"2018-04-17T01:21:32","modified_gmt":"2018-04-17T06:21:32","slug":"conteggio-carte","status":"publish","type":"page","link":"https:\/\/www.blackjackinfo.com\/ru\/conteggio-carte\/","title":{"rendered":"Conteggio Carte"},"content":{"rendered":"<p>Il conteggio delle carte \u00e8 un metodo legale di gioco che permette di acquisire un vantaggio matematico rispetto al casino.<\/p>\n<p class=\"intro\">\u0411\u043b\u044d\u043a\u0434\u0436\u0435\u043a \u043e\u0442\u043b\u0438\u0447\u0430\u0435\u0442\u0441\u044f \u043e\u0442 \u0434\u0440\u0443\u0433\u0438\u0445 \u0438\u0433\u0440 \u0432 \u043a\u0430\u0437\u0438\u043d\u043e. \u0417\u0434\u0435\u0441\u044c \u043c\u043e\u0436\u043d\u043e \u0441\u0440\u0430\u0436\u0430\u0442\u044c\u0441\u044f. \u0415\u0441\u043b\u0438 \u0432\u043e \u0432\u0440\u0435\u043c\u044f \u043e\u0434\u043d\u043e\u0439 \u043c\u0438\u0441\u0447\u0438\u0430\u0442\u044b \u0438 \u0434\u0440\u0443\u0433\u043e\u0439 \u0443 \u0440\u0430\u0437\u043d\u044b\u0445 \u0438\u0433\u0440\u043e\u043a\u043e\u0432 \u0435\u0441\u0442\u044c \u043d\u0435\u0441\u043a\u043e\u043b\u044c\u043a\u043e \u0447\u0435\u043b\u043e\u0432\u0435\u043a, \u0438\u0433\u0440\u043e\u043a \u043c\u043e\u0436\u0435\u0442 \u0438\u0441\u043f\u043e\u043b\u044c\u0437\u043e\u0432\u0430\u0442\u044c \u044d\u0442\u0443 \u0438\u043d\u0444\u043e\u0440\u043c\u0430\u0446\u0438\u044e, \u043a\u0430\u0441\u0430\u044e\u0449\u0443\u044e\u0441\u044f \u043a\u0430\u0440\u0442, \u0447\u0442\u043e\u0431\u044b \u043f\u0440\u0435\u0434\u043e\u0442\u0432\u0440\u0430\u0442\u0438\u0442\u044c \u0432\u043e\u0437\u043d\u0438\u043a\u043d\u043e\u0432\u0435\u043d\u0438\u0435 \u043a\u0430\u043a\u0438\u0445-\u043b\u0438\u0431\u043e \u043f\u0440\u043e\u0431\u043b\u0435\u043c \u0441 \u043a\u0430\u0440\u0442\u0430\u043c\u0438, \u043a\u043e\u0442\u043e\u0440\u044b\u0435 \u0431\u0443\u0434\u0443\u0442 \u0438\u0441\u043f\u043e\u043b\u044c\u0437\u043e\u0432\u0430\u0442\u044c\u0441\u044f \u0434\u043e \u0441\u0438\u0445 \u043f\u043e\u0440. \u0412 \u043e\u0442\u043b\u0438\u0447\u0438\u0435 \u043e\u0442 \u0442\u0430\u043a\u0438\u0445 \u0438\u0433\u0440, \u043a\u0430\u043a \u0440\u0443\u043b\u0435\u0442\u043a\u0430 \u0438\u043b\u0438 \u0434\u0430\u0434\u0438, \u0433\u0434\u0435 \u043f\u0440\u0435\u0434\u044b\u0434\u0443\u0449\u0430\u044f \u0441\u0442\u0430\u0432\u043a\u0430 \u043d\u0435 \u0432\u043b\u0438\u044f\u0435\u0442 \u043d\u0430 \u0431\u0443\u0434\u0443\u0449\u0438\u0435 \u0440\u0435\u0448\u0435\u043d\u0438\u044f, \u0432 \u0431\u043b\u044d\u043a\u0434\u0436\u0435\u043a\u0435 \u043a\u0430\u0436\u0434\u044b\u0439 \u0447\u0435\u043b\u043e\u0432\u0435\u043a \u043e\u0431\u0435\u0434\u043d\u044f\u0435\u0442 \u043c\u0430\u0437\u0443 \u043e\u0441\u0442\u0430\u043b\u044c\u043d\u044b\u0445 \u043a\u0430\u0440\u0442. \u0418\u0437 \u044d\u0442\u043e\u0433\u043e \u043f\u0440\u043e\u0441\u0442\u043e\u0433\u043e \u0444\u0430\u043a\u0442\u0430 \u0440\u043e\u0434\u0438\u043b\u0430\u0441\u044c \u0438\u0434\u0435\u044f \u043a\u043e\u043d\u0442\u0435\u0434\u0436\u0438\u043e \u0434\u0435\u043b\u043b\u0435 \u043a\u0430\u0440\u0442 - \u0432\u0430\u0436\u043d\u043e\u0433\u043e \u0438 \u0437\u0430\u043a\u043e\u043d\u043d\u043e\u0433\u043e \u043c\u0435\u0442\u043e\u0434\u0430 \u0438\u0433\u0440\u044b, \u043a\u043e\u0442\u043e\u0440\u044b\u0439 \u043c\u043e\u0436\u0435\u0442 \u0434\u0430\u0442\u044c \u0438\u0433\u0440\u043e\u043a\u0443 \u043c\u0430\u0442\u0435\u043c\u0430\u0442\u0438\u0447\u0435\u0441\u043a\u0438\u0439 \u0432\u044b\u0438\u0433\u0440\u044b\u0448 \u0432 \u043a\u0430\u0437\u0438\u043d\u043e.<\/p>\n<p>\u0415\u0441\u043b\u0438 \u043a\u043e\u043b\u0438\u0447\u0435\u0441\u0442\u0432\u043e \u043a\u0430\u0440\u0442 \u0432\u044b\u0441\u043e\u043a\u043e\u0439 \u0446\u0435\u043d\u043d\u043e\u0441\u0442\u0438, \u0442\u0430\u043a\u0438\u0445 \u043a\u0430\u043a \u0444\u0438\u0433\u0443\u0440\u044b, \u0434\u0438\u0435\u0446\u0438 \u0438 \u0433\u043b\u0438 \u0430\u0441\u0438, \u043a\u043e\u0442\u043e\u0440\u044b\u0435 \u043d\u0430\u0445\u043e\u0434\u044f\u0442\u0441\u044f \u0432 \u043c\u0430\u0437\u0437\u043e \u0438 \u0434\u043e\u043b\u0436\u043d\u044b \u0431\u044b\u0442\u044c \u0438\u0441\u043f\u043e\u043b\u044c\u0437\u043e\u0432\u0430\u043d\u044b, \u0431\u043e\u043b\u044c\u0448\u0435, \u0447\u0435\u043c \u043a\u043e\u043b\u0438\u0447\u0435\u0441\u0442\u0432\u043e \u043a\u0430\u0440\u0442 \u043d\u0438\u0437\u043a\u043e\u0439 \u0446\u0435\u043d\u043d\u043e\u0441\u0442\u0438, \u0442\u043e \u0432\u0441\u0435 \u044d\u0442\u043e \u0443\u0432\u0435\u043b\u0438\u0447\u0438\u0432\u0430\u0435\u0442 \u043f\u0440\u0435\u0438\u043c\u0443\u0449\u0435\u0441\u0442\u0432\u043e \u0438\u0433\u0440\u043e\u043a\u0430. Perci\u00f2, il conteggio delle carte \u00e8 semplicemente un metodo che determina quando il mazzo restante \u00e8 favorevole al giocatore. \u0415\u0441\u043b\u0438 \u043c\u0430\u0437\u0430 \"\u0431\u043e\u0433\u0430\u0442\u0430\" \u0437\u0430\u0434\u043d\u0438\u0446\u0430\u043c\u0438 \u0438 \u043a\u0430\u0440\u0442\u0430\u043c\u0438 \u0441 \u0446\u0435\u043d\u043d\u043e\u0441\u0442\u044c\u044e \"\u0434\u0435\u0441\u044f\u0442\u044c\", \u0438\u0433\u0440\u043e\u043a \u043f\u043e\u043b\u0443\u0447\u0430\u0435\u0442 \u043f\u0443\u043d\u043a\u0442\u0438\u043a \"\u0430\u043b\u044c\u0442\". \u0415\u0441\u043b\u0438 \u0436\u0435 \u0432 \u043c\u0430\u0437\u0437\u043e \u0438\u043c\u0435\u0435\u0442\u0441\u044f \u0431\u043e\u043b\u044c\u0448\u0435 \u043a\u0430\u0440\u0442 \u0441 \u043d\u0438\u0437\u043a\u043e\u0439 \u0441\u0442\u043e\u0438\u043c\u043e\u0441\u0442\u044c\u044e, \u0447\u0435\u043c \u0443 \u0434\u0440\u0443\u0433\u0438\u0445, \u0442\u043e \u0438\u0433\u0440\u043e\u043a \u0434\u0435\u043b\u0430\u0435\u0442 \u043f\u0443\u043d\u0442\u0443 \u043e\u0447\u0435\u043d\u044c \u043c\u0430\u043b\u0435\u043d\u044c\u043a\u0438\u043c\u0438 \u0438\u043b\u0438 \u0443\u043f\u0443\u0441\u043a\u0430\u0435\u0442 \u0442\u0430\u0432\u043e\u043b\u043e.<\/p>\n<p>\u0421 \u043f\u043e\u043c\u043e\u0449\u044c\u044e \u0441\u0442\u0430\u0442\u0435\u0439 \u0438 \u0434\u0438\u0441\u043a\u0443\u0441\u0441\u0438\u0439, \u043a\u043e\u0442\u043e\u0440\u044b\u0435 \u0432\u044b \u043d\u0430\u0439\u0434\u0435\u0442\u0435 \u0437\u0434\u0435\u0441\u044c, \u0432\u044b \u0441\u043c\u043e\u0436\u0435\u0442\u0435 \u043f\u043e\u043d\u044f\u0442\u044c, \u0447\u0442\u043e \u0441\u043e\u0434\u0435\u0440\u0436\u0430\u043d\u0438\u0435 \u043a\u0430\u0440\u0442 \u043d\u0435 \u043f\u0440\u0435\u0434\u043d\u0430\u0437\u043d\u0430\u0447\u0435\u043d\u043e \u0442\u043e\u043b\u044c\u043a\u043e \u0434\u043b\u044f \u043c\u0430\u0442\u0435\u043c\u0430\u0442\u0438\u043a\u043e\u0432, \u0432 \u043e\u0442\u043b\u0438\u0447\u0438\u0435 \u043e\u0442 \u0442\u043e\u0433\u043e, \u0447\u0442\u043e \u0440\u0430\u0441\u0441\u043a\u0430\u0437\u044b\u0432\u0430\u043b\u0438, \u043d\u0430\u043f\u0440\u0438\u043c\u0435\u0440, \u043e \u0444\u0438\u043b\u044c\u043c\u0435 <i>\"\u0427\u0435\u043b\u043e\u0432\u0435\u043a \u0434\u043e\u0436\u0434\u044f\"<\/i> o <i>\u201c21\u201d<\/i>. \u041a\u0440\u043e\u043c\u0435 \u0442\u043e\u0433\u043e, \u043c\u043d\u043e\u0433\u0438\u0435 \u0438\u0433\u0440\u043e\u043a\u0438, \u0436\u0435\u043b\u0430\u044e\u0449\u0438\u0435 \u043f\u043e\u0443\u0447\u0430\u0441\u0442\u0432\u043e\u0432\u0430\u0442\u044c \u0432 \u0438\u0433\u0440\u0435, \u043c\u043e\u0433\u0443\u0442 \u043f\u043e\u043f\u0440\u043e\u0431\u043e\u0432\u0430\u0442\u044c \u0441\u044b\u0433\u0440\u0430\u0442\u044c \u0432 \u0431\u043b\u044d\u043a\u0434\u0436\u0435\u043a.<\/p>\n<h2 class=\"title\">\u0421\u0442\u0430\u0442\u044c\u0438 \u043e \u0442\u043e\u043c, \u043a\u0430\u043a \u0441\u043e\u0431\u0438\u0440\u0430\u0442\u044c \u043a\u0430\u0440\u0442\u044b \u0432 \u0431\u043b\u044d\u043a\u0434\u0436\u0435\u043a<\/h2>\n<h3 class=\"gbs-heading\">\u041d\u0430 \u0438\u0442\u0430\u043b\u044c\u044f\u043d\u0441\u043a\u043e\u043c \u044f\u0437\u044b\u043a\u0435<\/h3>\n<ul class=\"articles\">\n<li><a href=\"https:\/\/www.it.blackjackinfo.com\/it\/scuola-di-blackjack\/\">\u0428\u043a\u043e\u043b\u0430 \u0431\u043b\u044d\u043a\u0434\u0436\u0435\u043a\u0430 \u043e\u0442 GameMaster<\/a>: \u0411\u0435\u0437\u0432\u043e\u0437\u043c\u0435\u0437\u0434\u043d\u044b\u0439 \u043a\u0443\u0440\u0441 \u0438\u0437 24 \u043b\u0435\u0446\u0438\u0439 \u0434\u043b\u044f \u043f\u043e\u043b\u0443\u0447\u0435\u043d\u0438\u044f \u043a\u0430\u0440\u0442 \u0432 \u0431\u043b\u044d\u043a\u0434\u0436\u0435\u043a\u0435.<\/li>\n<li><a href=\"https:\/\/www.it.blackjackinfo.com\/it\/miglior-lavoro-del-mondo.php\">Il Miglior Lavoro del Mondo<\/a>: Una panoramica di vita da un professionista a tempo pieno del blackjack.\n<div class=\"meta\">\u0434\u0438 \u041a\u0435\u0432\u0438\u043d \u0411\u043b\u044d\u043a\u0432\u0443\u0434<\/div>\n<blockquote><p><strong>\u041a\u0435\u0432\u0438\u043d \u0411\u043b\u044d\u043a\u0432\u0443\u0434<\/strong> \u00e8 da molto tempo un giocatore professionista di blackjack, che ha vinto pi\u00f9 di un milione di dollari nei casino contando le carte. Egli inoltre \u00e8 uno scrittore formidabile, autore di <a href=\"https:\/\/www.it.blackjackinfo.com\/store\/play-blackjack-like-the-pros.html\">\u0418\u0433\u0440\u0430\u0439\u0442\u0435 \u0432 \u0431\u043b\u044d\u043a\u0434\u0436\u0435\u043a \u043a\u0430\u043a \u043f\u0440\u043e\u0444\u0435\u0441\u0441\u0438\u043e\u043d\u0430\u043b\u044b<\/a> \u0438\u0437\u0434\u0430\u043d\u0430 \u0438\u0437\u0434\u0430\u0442\u0435\u043b\u044c\u0441\u0442\u0432\u043e\u043c \"\u0425\u0430\u0440\u043f\u0435\u0440 \u041a\u043e\u043b\u043b\u0438\u043d\u0437\". \u0414\u0440\u0443\u0433\u0438\u0435 \u0435\u0433\u043e \u0440\u0430\u0431\u043e\u0442\u044b \u0432\u043a\u043b\u044e\u0447\u0430\u044e\u0442 \u043e\u0434\u0438\u043d \u0440\u043e\u043c\u0430\u043d <a href=\"http:\/\/www.amazon.com\/dp\/0971727309\/?tag=theblackjacbasic\">\u0421\u0447\u0435\u0442\u0447\u0438\u043a<\/a>, e <a href=\"http:\/\/www.amazon.com\/dp\/047175286X\/?tag=theblackjacbasic\">\u0410\u0437\u0430\u0440\u0442\u043d\u044b\u0435 \u0438\u0433\u0440\u044b \u0432 \u043a\u0430\u0437\u0438\u043d\u043e \u0434\u043b\u044f \u0447\u0430\u0439\u043d\u0438\u043a\u043e\u0432<\/a>. \u0412\u043c\u0435\u0441\u0442\u0435 \u0441 \u041b\u0430\u0440\u0440\u0438 \u0411\u0430\u0440\u043a\u0435\u0440\u043e\u043c \u044f\u0432\u043b\u044f\u0435\u0442\u0441\u044f \u0441\u043e\u0430\u0432\u0442\u043e\u0440\u043e\u043c \u044d\u043b\u0435\u043a\u0442\u0440\u043e\u043d\u043d\u043e\u0439 \u043a\u043d\u0438\u0433\u0438 <a href=\"http:\/\/deepnettech.com\/estore\/index.php?main_page=product_info&amp;cPath=2&amp;products_id=60\">\u041b\u0435\u0433\u0435\u043d\u0434\u044b \u0431\u043b\u044d\u043a\u0434\u0436\u0435\u043a\u0430<\/a>.<\/p><\/blockquote>\n<\/li>\n<\/ul>\n<h3 class=\"gbs-heading\">\u041d\u0430 \u0438\u043d\u0433\u043b\u0435\u0437\u0435<\/h3>\n<ul class=\"articles\">\n<li><a href=\"https:\/\/www.it.blackjackinfo.com\/files\/Ben-Franklin-Count.pdf\"><span lang=\"en\">\u0413\u0440\u0430\u0444 \u0411\u0435\u043d \u0424\u0440\u0430\u043d\u043a\u043b\u0438\u043d<\/span><\/a><img loading=\"lazy\" decoding=\"async\" class=\"icon\" src=\"https:\/\/www.it.blackjackinfo.com\/it\/AcrobatLogo.gif\" alt=\"Adobe Acrobat\" width=\"32\" height=\"32\" data-no-auto-translation=\"\" \/>(in formato PDF): Un sistema di conteggio per giochi con 6 o 8 mazzi di carte, che arrotonda tutti gli indici numerici a 0, 5, o 10 per semplificarne l'uso. \u0421\u043e\u0437\u0434\u0430\u043d\u043e \u043f\u043e\u043b\u044c\u0437\u043e\u0432\u0430\u0442\u0435\u043b\u0435\u043c \u043d\u0430\u0448\u0435\u0433\u043e \u0444\u043e\u0440\u0443\u043c\u0430, Automatic Monkey.<\/li>\n<li><a href=\"https:\/\/www.it.blackjackinfo.com\/knowledge-base\/\">\u0410\u0440\u0445\u0438\u0432\u044b \u0444\u043e\u0440\u0443\u043c\u0430<\/a>: Archivio dei messaggi inseriti dal vecchio forum.<\/li>\n<\/ul>","protected":false},"excerpt":{"rendered":"<p>Il conteggio delle carte \u00e8 un metodo legale di gioco che permette di acquisire un vantaggio matematico rispetto al casino. Il Blackjack \u00e8 differente rispetto agli altri giochi da casino. Si pu\u00f2 battere. Poich\u00e8 pi\u00f9 mani escono tra i vari giocatori durante una mischiata ed un&#8217;altra, un giocatore pu\u00f2 usare queste informazioni, sulle carte giocate, [&hellip;]<\/p>\n","protected":false},"author":4,"featured_media":0,"parent":0,"menu_order":0,"comment_status":"open","ping_status":"closed","template":"page-with-sidebar.php","meta":{"_acf_changed":false,"footnotes":""},"tags":[],"class_list":["post-2813","page","type-page","status-publish","hentry"],"acf":[],"yoast_head":"<!-- This site is optimized with the Yoast SEO plugin v26.6 - https:\/\/yoast.com\/wordpress\/plugins\/seo\/ -->\n<title>Conteggio Carte<\/title>\n<meta name=\"description\" content=\"Il conteggio delle carte \u00e8 un metodo legale di gioco che permette di acquisire un vantaggio matematico rispetto al casino. Il Blackjack \u00e8 differente\" \/>\n<meta name=\"robots\" content=\"index, follow, max-snippet:-1, max-image-preview:large, max-video-preview:-1\" \/>\n<link rel=\"canonical\" href=\"https:\/\/www.blackjackinfo.com\/ru\/\u043f\u043e\u0434\u0441\u0447\u0451\u0442-\u043a\u0430\u0440\u0442\/\" \/>\n<meta property=\"og:locale\" content=\"ru_RU\" \/>\n<meta property=\"og:type\" content=\"article\" \/>\n<meta property=\"og:title\" content=\"Conteggio Carte\" \/>\n<meta property=\"og:description\" content=\"Il conteggio delle carte \u00e8 un metodo legale di gioco che permette di acquisire un vantaggio matematico rispetto al casino. Il Blackjack \u00e8 differente\" \/>\n<meta property=\"og:url\" content=\"https:\/\/www.blackjackinfo.com\/ru\/\u043f\u043e\u0434\u0441\u0447\u0451\u0442-\u043a\u0430\u0440\u0442\/\" \/>\n<meta property=\"og:site_name\" content=\"BlackjackInfo.com\" \/>\n<meta property=\"article:modified_time\" content=\"2018-04-17T06:21:32+00:00\" \/>\n<meta property=\"og:image\" content=\"https:\/\/www.it.blackjackinfo.com\/it\/AcrobatLogo.gif\" \/>\n<meta name=\"twitter:label1\" content=\"\u041f\u0440\u0438\u043c\u0435\u0440\u043d\u043e\u0435 \u0432\u0440\u0435\u043c\u044f \u0434\u043b\u044f \u0447\u0442\u0435\u043d\u0438\u044f\" \/>\n\t<meta name=\"twitter:data1\" content=\"2 \u043c\u0438\u043d\u0443\u0442\u044b\" \/>\n<script type=\"application\/ld+json\" class=\"yoast-schema-graph\">{\"@context\":\"https:\/\/schema.org\",\"@graph\":[{\"@type\":\"WebPage\",\"@id\":\"https:\/\/www.blackjackinfo.com\/card-counting\/\",\"url\":\"https:\/\/www.blackjackinfo.com\/card-counting\/\",\"name\":\"Conteggio Carte\",\"isPartOf\":{\"@id\":\"https:\/\/www.blackjackinfo.com\/#website\"},\"primaryImageOfPage\":{\"@id\":\"https:\/\/www.blackjackinfo.com\/card-counting\/#primaryimage\"},\"image\":{\"@id\":\"https:\/\/www.blackjackinfo.com\/card-counting\/#primaryimage\"},\"thumbnailUrl\":\"https:\/\/www.it.blackjackinfo.com\/it\/AcrobatLogo.gif\",\"datePublished\":\"2017-03-13T04:40:35+00:00\",\"dateModified\":\"2018-04-17T06:21:32+00:00\",\"description\":\"Il conteggio delle carte \u00e8 un metodo legale di gioco che permette di acquisire un vantaggio matematico rispetto al casino. Il Blackjack \u00e8 differente\",\"breadcrumb\":{\"@id\":\"https:\/\/www.blackjackinfo.com\/card-counting\/#breadcrumb\"},\"inLanguage\":\"ru-RU\",\"potentialAction\":[{\"@type\":\"ReadAction\",\"target\":[\"https:\/\/www.blackjackinfo.com\/card-counting\/\"]}]},{\"@type\":\"ImageObject\",\"inLanguage\":\"ru-RU\",\"@id\":\"https:\/\/www.blackjackinfo.com\/card-counting\/#primaryimage\",\"url\":\"https:\/\/www.it.blackjackinfo.com\/it\/AcrobatLogo.gif\",\"contentUrl\":\"https:\/\/www.it.blackjackinfo.com\/it\/AcrobatLogo.gif\"},{\"@type\":\"BreadcrumbList\",\"@id\":\"https:\/\/www.blackjackinfo.com\/card-counting\/#breadcrumb\",\"itemListElement\":[{\"@type\":\"ListItem\",\"position\":1,\"name\":\"Home\",\"item\":\"https:\/\/www.blackjackinfo.com\/\"},{\"@type\":\"ListItem\",\"position\":2,\"name\":\"Conteggio Carte\"}]},{\"@type\":\"WebSite\",\"@id\":\"https:\/\/www.blackjackinfo.com\/#website\",\"url\":\"https:\/\/www.blackjackinfo.com\/\",\"name\":\"BlackjackInfo.com\",\"description\":\"Because Winning is More Fun!\",\"potentialAction\":[{\"@type\":\"SearchAction\",\"target\":{\"@type\":\"EntryPoint\",\"urlTemplate\":\"https:\/\/www.blackjackinfo.com\/?s={search_term_string}\"},\"query-input\":{\"@type\":\"PropertyValueSpecification\",\"valueRequired\":true,\"valueName\":\"search_term_string\"}}],\"inLanguage\":\"ru-RU\"}]}<\/script>\n<!-- \/ Yoast SEO plugin. -->","yoast_head_json":{"title":"Conteggio Carte","description":"Il conteggio delle carte \u00e8 un metodo legale di gioco che permette di acquisire un vantaggio matematico rispetto al casino. \u0411\u043b\u044d\u043a\u0434\u0436\u0435\u043a \u043e\u0442\u043b\u0438\u0447\u0430\u0435\u0442\u0441\u044f \u043e\u0442","robots":{"index":"index","follow":"follow","max-snippet":"max-snippet:-1","max-image-preview":"max-image-preview:large","max-video-preview":"max-video-preview:-1"},"canonical":"https:\/\/www.blackjackinfo.com\/ru\/\u043f\u043e\u0434\u0441\u0447\u0451\u0442-\u043a\u0430\u0440\u0442\/","og_locale":"ru_RU","og_type":"article","og_title":"Conteggio Carte","og_description":"Il conteggio delle carte \u00e8 un metodo legale di gioco che permette di acquisire un vantaggio matematico rispetto al casino. Il Blackjack \u00e8 differente","og_url":"https:\/\/www.blackjackinfo.com\/ru\/\u043f\u043e\u0434\u0441\u0447\u0451\u0442-\u043a\u0430\u0440\u0442\/","og_site_name":"BlackjackInfo.com","article_modified_time":"2018-04-17T06:21:32+00:00","og_image":[{"url":"https:\/\/www.it.blackjackinfo.com\/it\/AcrobatLogo.gif","type":"","width":"","height":""}],"twitter_misc":{"\u041f\u0440\u0438\u043c\u0435\u0440\u043d\u043e\u0435 \u0432\u0440\u0435\u043c\u044f \u0434\u043b\u044f \u0447\u0442\u0435\u043d\u0438\u044f":"2 \u043c\u0438\u043d\u0443\u0442\u044b"},"schema":{"@context":"https:\/\/schema.org","@graph":[{"@type":"WebPage","@id":"https:\/\/www.blackjackinfo.com\/card-counting\/","url":"https:\/\/www.blackjackinfo.com\/card-counting\/","name":"Conteggio Carte","isPartOf":{"@id":"https:\/\/www.blackjackinfo.com\/#website"},"primaryImageOfPage":{"@id":"https:\/\/www.blackjackinfo.com\/card-counting\/#primaryimage"},"image":{"@id":"https:\/\/www.blackjackinfo.com\/card-counting\/#primaryimage"},"thumbnailUrl":"https:\/\/www.it.blackjackinfo.com\/it\/AcrobatLogo.gif","datePublished":"2017-03-13T04:40:35+00:00","dateModified":"2018-04-17T06:21:32+00:00","description":"Il conteggio delle carte \u00e8 un metodo legale di gioco che permette di acquisire un vantaggio matematico rispetto al casino. \u0411\u043b\u044d\u043a\u0434\u0436\u0435\u043a \u043e\u0442\u043b\u0438\u0447\u0430\u0435\u0442\u0441\u044f \u043e\u0442","breadcrumb":{"@id":"https:\/\/www.blackjackinfo.com\/card-counting\/#breadcrumb"},"inLanguage":"ru-RU","potentialAction":[{"@type":"ReadAction","target":["https:\/\/www.blackjackinfo.com\/card-counting\/"]}]},{"@type":"ImageObject","inLanguage":"ru-RU","@id":"https:\/\/www.blackjackinfo.com\/card-counting\/#primaryimage","url":"https:\/\/www.it.blackjackinfo.com\/it\/AcrobatLogo.gif","contentUrl":"https:\/\/www.it.blackjackinfo.com\/it\/AcrobatLogo.gif"},{"@type":"BreadcrumbList","@id":"https:\/\/www.blackjackinfo.com\/card-counting\/#breadcrumb","itemListElement":[{"@type":"ListItem","position":1,"name":"Home","item":"https:\/\/www.blackjackinfo.com\/"},{"@type":"ListItem","position":2,"name":"Conteggio Carte"}]},{"@type":"WebSite","@id":"https:\/\/www.blackjackinfo.com\/#website","url":"https:\/\/www.blackjackinfo.com\/","name":"BlackjackInfo.com","description":"\u041f\u043e\u0442\u043e\u043c\u0443 \u0447\u0442\u043e \u043f\u043e\u0431\u0435\u0436\u0434\u0430\u0442\u044c \u0432\u0435\u0441\u0435\u043b\u0435\u0435!","potentialAction":[{"@type":"SearchAction","target":{"@type":"EntryPoint","urlTemplate":"https:\/\/www.blackjackinfo.com\/?s={search_term_string}"},"query-input":{"@type":"PropertyValueSpecification","valueRequired":true,"valueName":"search_term_string"}}],"inLanguage":"ru-RU"}]}},"_links":{"self":[{"href":"https:\/\/www.blackjackinfo.com\/ru\/wp-json\/wp\/v2\/pages\/2813","targetHints":{"allow":["GET"]}}],"collection":[{"href":"https:\/\/www.blackjackinfo.com\/ru\/wp-json\/wp\/v2\/pages"}],"about":[{"href":"https:\/\/www.blackjackinfo.com\/ru\/wp-json\/wp\/v2\/types\/page"}],"author":[{"embeddable":true,"href":"https:\/\/www.blackjackinfo.com\/ru\/wp-json\/wp\/v2\/users\/4"}],"replies":[{"embeddable":true,"href":"https:\/\/www.blackjackinfo.com\/ru\/wp-json\/wp\/v2\/comments?post=2813"}],"version-history":[{"count":1,"href":"https:\/\/www.blackjackinfo.com\/ru\/wp-json\/wp\/v2\/pages\/2813\/revisions"}],"predecessor-version":[{"id":2814,"href":"https:\/\/www.blackjackinfo.com\/ru\/wp-json\/wp\/v2\/pages\/2813\/revisions\/2814"}],"wp:attachment":[{"href":"https:\/\/www.blackjackinfo.com\/ru\/wp-json\/wp\/v2\/media?parent=2813"}],"wp:term":[{"taxonomy":"post_tag","embeddable":true,"href":"https:\/\/www.blackjackinfo.com\/ru\/wp-json\/wp\/v2\/tags?post=2813"}],"curies":[{"name":"wp","href":"https:\/\/api.w.org\/{rel}","templated":true}]}}