{"id":2790,"date":"2017-03-12T22:23:01","date_gmt":"2017-03-13T03:23:01","guid":{"rendered":"https:\/\/www.blackjackinfo.com\/?page_id=2790\/"},"modified":"2018-04-18T02:07:13","modified_gmt":"2018-04-18T07:07:13","slug":"%e0%b8%9a%e0%b8%97%e0%b9%80%e0%b8%a3%e0%b8%b5%e0%b8%a2%e0%b8%99%e0%b8%97%e0%b8%b5%e0%b9%88-16-%e0%b8%ab%e0%b8%a5%e0%b8%b1%e0%b8%81%e0%b8%aa%e0%b8%b9%e0%b8%95%e0%b8%a3%e0%b8%82%e0%b8%b1%e0%b9%89-2","status":"publish","type":"page","link":"https:\/\/www.blackjackinfo.com\/th\/scuola-di-blackjack\/lezione-16-il-corso-avanzato-parte-4\/","title":{"rendered":"\u0e1a\u0e17\u0e40\u0e23\u0e35\u0e22\u0e19\u0e17\u0e35\u0e48 16 \u0e2b\u0e25\u0e31\u0e01\u0e2a\u0e39\u0e15\u0e23\u0e02\u0e31\u0e49\u0e19\u0e2a\u0e39\u0e07 \u2013 \u0e2a\u0e48\u0e27\u0e19\u0e17\u0e35\u0e48 4"},"content":{"rendered":"<h3 class=\"gbs-heading\">\u0e01\u0e25\u0e22\u0e38\u0e17\u0e18\u0e4c\u0e1e\u0e37\u0e49\u0e19\u0e10\u0e32\u0e19: \u0e41\u0e1a\u0e48\u0e07\u0e2b\u0e23\u0e37\u0e2d\u0e44\u0e21\u0e48\u0e41\u0e1a\u0e48\u0e07<\/h3>\n<p class=\"intro\"><b>\u0e1b\u0e31\u0e08\u0e08\u0e31\u0e22\u0e2b\u0e25\u0e31\u0e01\u0e17\u0e35\u0e48\u0e15\u0e49\u0e2d\u0e07\u0e1e\u0e34\u0e08\u0e32\u0e23\u0e13\u0e32\u0e40\u0e21\u0e37\u0e48\u0e2d\u0e41\u0e22\u0e01\u0e44\u0e1e\u0e48\u0e04\u0e39\u0e48\u0e04\u0e37\u0e2d \u0e04\u0e32\u0e2a\u0e34\u0e42\u0e19\u0e17\u0e35\u0e48\u0e04\u0e38\u0e13\u0e40\u0e25\u0e48\u0e19\u0e2d\u0e19\u0e38\u0e0d\u0e32\u0e15\u0e43\u0e2b\u0e49\u0e40\u0e1e\u0e34\u0e48\u0e21\u0e40\u0e07\u0e34\u0e19\u0e40\u0e14\u0e34\u0e21\u0e1e\u0e31\u0e19\u0e40\u0e1b\u0e47\u0e19\u0e2a\u0e2d\u0e07\u0e40\u0e17\u0e48\u0e32\u0e2b\u0e25\u0e31\u0e07\u0e08\u0e32\u0e01\u0e41\u0e22\u0e01\u0e44\u0e1e\u0e48 (DAS) \u0e2b\u0e23\u0e37\u0e2d\u0e44\u0e21\u0e48.<\/b> \u0e2b\u0e32\u0e01\u0e44\u0e14\u0e49\u0e23\u0e31\u0e1a DAS \u0e41\u0e25\u0e49\u0e27 \u0e08\u0e33\u0e40\u0e1b\u0e47\u0e19\u0e15\u0e49\u0e2d\u0e07\u0e08\u0e14\u0e08\u0e33\u0e01\u0e25\u0e22\u0e38\u0e17\u0e18\u0e4c\u0e1e\u0e37\u0e49\u0e19\u0e10\u0e32\u0e19\u0e17\u0e35\u0e48\u0e16\u0e39\u0e01\u0e15\u0e49\u0e2d\u0e07 \u0e1c\u0e39\u0e49\u0e40\u0e25\u0e48\u0e19\u0e2b\u0e25\u0e32\u0e22\u0e04\u0e19\u0e17\u0e33\u0e1c\u0e34\u0e14\u0e1e\u0e25\u0e32\u0e14\u0e1a\u0e48\u0e2d\u0e22\u0e43\u0e19\u0e01\u0e32\u0e23\u0e41\u0e1a\u0e48\u0e07\u0e04\u0e39\u0e48 \u0e42\u0e14\u0e22\u0e40\u0e09\u0e1e\u0e32\u0e30\u0e2d\u0e22\u0e48\u0e32\u0e07\u0e22\u0e34\u0e48\u0e07\u0e01\u0e31\u0e1a\u0e44\u0e1e\u0e48 8, 8 \u0e2b\u0e25\u0e32\u0e22\u0e04\u0e19\u0e23\u0e39\u0e49\u0e27\u0e48\u0e32\u0e04\u0e39\u0e48 8 \u0e04\u0e27\u0e23\u0e41\u0e1a\u0e48\u0e07\u0e01\u0e31\u0e1a\u0e44\u0e1e\u0e48\u0e02\u0e2d\u0e07\u0e40\u0e08\u0e49\u0e32\u0e21\u0e37\u0e2d\u0e17\u0e38\u0e01\u0e43\u0e1a \u0e41\u0e15\u0e48\u0e2b\u0e25\u0e32\u0e22\u0e04\u0e19\u0e2b\u0e22\u0e38\u0e14\u0e40\u0e21\u0e37\u0e48\u0e2d\u0e40\u0e08\u0e2d\u0e44\u0e1e\u0e48 10 \u0e02\u0e2d\u0e07\u0e40\u0e08\u0e49\u0e32\u0e21\u0e37\u0e2d\u0e04\u0e48\u0e32\u0e43\u0e0a\u0e49\u0e08\u0e48\u0e32\u0e22\u0e02\u0e2d\u0e07\u0e02\u0e49\u0e2d\u0e1c\u0e34\u0e14\u0e1e\u0e25\u0e32\u0e14\u0e19\u0e35\u0e49\u0e44\u0e21\u0e48\u0e21\u0e32\u0e01\u0e19\u0e31\u0e01 \u0e40\u0e19\u0e37\u0e48\u0e2d\u0e07\u0e08\u0e32\u0e01\u0e21\u0e37\u0e2d\u0e17\u0e35\u0e48\u0e21\u0e35\u0e41\u0e15\u0e49\u0e21 8.8 \u0e04\u0e48\u0e2d\u0e19\u0e02\u0e49\u0e32\u0e07\u0e2b\u0e32\u0e22\u0e32\u0e01 \u0e41\u0e15\u0e48\u0e40\u0e21\u0e37\u0e48\u0e2d\u0e2b\u0e22\u0e38\u0e14 \u0e1c\u0e39\u0e49\u0e40\u0e25\u0e48\u0e19\u0e21\u0e35\u0e01\u0e32\u0e23\u0e04\u0e32\u0e14\u0e01\u0e32\u0e23\u0e13\u0e4c\u0e17\u0e35\u0e48 -0.537% \u0e41\u0e25\u0e30\u0e40\u0e21\u0e37\u0e48\u0e2d\u0e41\u0e1a\u0e48\u0e07 (\u0e2b\u0e32\u0e01\u0e44\u0e14\u0e49\u0e23\u0e31\u0e1a DAS) \u0e01\u0e32\u0e23\u0e04\u0e32\u0e14\u0e01\u0e32\u0e23\u0e13\u0e4c\u0e08\u0e30\u0e2d\u0e22\u0e39\u0e48\u0e17\u0e35\u0e48 -0.483% \u0e14\u0e31\u0e07\u0e19\u0e31\u0e49\u0e19 \u0e40\u0e07\u0e34\u0e19\u0e40\u0e1e\u0e34\u0e48\u0e21\u0e40\u0e15\u0e34\u0e21\u0e17\u0e35\u0e48\u0e16\u0e39\u0e01\u0e40\u0e2a\u0e35\u0e48\u0e22\u0e07 \u2013 \u0e43\u0e19\u0e23\u0e30\u0e22\u0e30\u0e22\u0e32\u0e27 \u2013 \u0e08\u0e30\u0e21\u0e35\u0e1c\u0e25\u0e15\u0e2d\u0e1a\u0e41\u0e17\u0e19\u0e17\u0e35\u0e48\u0e14\u0e35\u0e01\u0e27\u0e48\u0e32\u0e25\u0e2d\u0e07\u0e04\u0e34\u0e14\u0e14\u0e39\u0e43\u0e19\u0e41\u0e07\u0e48\u0e19\u0e35\u0e49 \u0e04\u0e38\u0e13\u0e08\u0e30\u0e40\u0e25\u0e37\u0e2d\u0e01\u0e2d\u0e22\u0e39\u0e48\u0e01\u0e31\u0e1a\u0e41\u0e15\u0e49\u0e21 16 \u0e15\u0e48\u0e2d 10 \u0e2b\u0e23\u0e37\u0e2d\u0e40\u0e25\u0e37\u0e2d\u0e01\u0e17\u0e35\u0e48\u0e08\u0e30\u0e17\u0e2d\u0e22\u0e25\u0e39\u0e01\u0e40\u0e15\u0e4b\u0e32 8 \u0e15\u0e48\u0e2d 10? \u0e40\u0e21\u0e37\u0e48\u0e2d\u0e04\u0e38\u0e13\u0e41\u0e22\u0e01\u0e41\u0e15\u0e49\u0e21\u0e41\u0e25\u0e49\u0e27 \u0e04\u0e38\u0e13\u0e08\u0e30\u0e21\u0e35\u0e42\u0e2d\u0e01\u0e32\u0e2a\u0e17\u0e2d\u0e22\u0e14\u0e49\u0e27\u0e22\u0e41\u0e15\u0e49\u0e21 8 \u0e42\u0e14\u0e22\u0e1a\u0e31\u0e07\u0e40\u0e2d\u0e34\u0e0d \u0e15\u0e31\u0e27\u0e40\u0e25\u0e02\u0e40\u0e2b\u0e25\u0e48\u0e32\u0e19\u0e35\u0e49\u0e1a\u0e48\u0e07\u0e0a\u0e35\u0e49\u0e27\u0e48\u0e32\u0e04\u0e27\u0e23\u0e41\u0e22\u0e01\u0e41\u0e15\u0e49\u0e21 \u0e41\u0e21\u0e49\u0e43\u0e19\u0e01\u0e23\u0e13\u0e35\u0e17\u0e35\u0e48\u0e44\u0e21\u0e48\u0e44\u0e14\u0e49\u0e23\u0e31\u0e1a\u0e2d\u0e19\u0e38\u0e0d\u0e32\u0e15\u0e43\u0e2b\u0e49\u0e43\u0e0a\u0e49 DAS \u0e01\u0e47\u0e15\u0e32\u0e21 \u0e41\u0e21\u0e49\u0e27\u0e48\u0e32\u0e08\u0e30\u0e44\u0e21\u0e48\u0e21\u0e35\u0e04\u0e27\u0e32\u0e21\u0e41\u0e15\u0e01\u0e15\u0e48\u0e32\u0e07\u0e21\u0e32\u0e01\u0e19\u0e31\u0e01\u0e01\u0e47\u0e15\u0e32\u0e21.<\/p>\n<p><b>\u0e40\u0e21\u0e37\u0e48\u0e2d true count \u0e40\u0e1e\u0e34\u0e48\u0e21\u0e02\u0e36\u0e49\u0e19 \u0e04\u0e38\u0e13\u0e08\u0e30\u0e41\u0e1a\u0e48\u0e07\u0e21\u0e32\u0e01\u0e02\u0e36\u0e49\u0e19 \u0e41\u0e15\u0e48\u0e16\u0e49\u0e32\u0e25\u0e14\u0e25\u0e07 \u0e04\u0e38\u0e13\u0e08\u0e30\u0e41\u0e1a\u0e48\u0e07\u0e19\u0e49\u0e2d\u0e22\u0e25\u0e07.<\/b> \u0e01\u0e32\u0e23\u0e01\u0e23\u0e30\u0e17\u0e33\u0e17\u0e35\u0e48\u0e21\u0e35\u0e40\u0e2b\u0e15\u0e38\u0e1c\u0e25\u0e08\u0e32\u0e01\u0e01\u0e32\u0e23\u0e19\u0e31\u0e1a\u0e44\u0e1e\u0e48\u0e2a\u0e39\u0e07\u0e04\u0e37\u0e2d\u0e01\u0e32\u0e23\u0e41\u0e1a\u0e48\u0e07\u0e44\u0e1e\u0e48 10 \u0e15\u0e31\u0e27\u0e2d\u0e22\u0e48\u0e32\u0e07\u0e40\u0e0a\u0e48\u0e19 \u0e2d\u0e32\u0e08\u0e21\u0e35\u0e01\u0e23\u0e13\u0e35\u0e17\u0e35\u0e48\u0e04\u0e38\u0e49\u0e21\u0e04\u0e48\u0e32\u0e17\u0e35\u0e48\u0e08\u0e30\u0e41\u0e1a\u0e48\u0e07\u0e44\u0e1e\u0e48\u0e04\u0e39\u0e48\u0e17\u0e35\u0e48\u0e21\u0e35\u0e41\u0e15\u0e49\u0e21\u0e2a\u0e39\u0e07\u0e01\u0e31\u0e1a\u0e44\u0e1e\u0e48 6 \u0e43\u0e19\u0e01\u0e23\u0e13\u0e35\u0e40\u0e09\u0e1e\u0e32\u0e30\u0e19\u0e35\u0e49 \u0e1c\u0e21\u0e41\u0e19\u0e30\u0e19\u0e33\u0e43\u0e2b\u0e49\u0e25\u0e39\u0e01\u0e28\u0e34\u0e29\u0e22\u0e4c\u0e02\u0e2d\u0e07\u0e1c\u0e21\u0e2b\u0e25\u0e35\u0e01\u0e40\u0e25\u0e35\u0e48\u0e22\u0e07\u0e01\u0e32\u0e23\u0e40\u0e25\u0e48\u0e19\u0e41\u0e1a\u0e1a\u0e19\u0e35\u0e49 \u0e40\u0e1e\u0e23\u0e32\u0e30\u0e08\u0e30\u0e17\u0e33\u0e43\u0e2b\u0e49\u0e40\u0e01\u0e34\u0e14\u0e1b\u0e0f\u0e34\u0e01\u0e34\u0e23\u0e34\u0e22\u0e32\u0e40\u0e0a\u0e34\u0e07\u0e25\u0e1a\u0e08\u0e32\u0e01\u0e1c\u0e39\u0e49\u0e40\u0e25\u0e48\u0e19\u0e04\u0e19\u0e2d\u0e37\u0e48\u0e19\u0e17\u0e35\u0e48\u0e42\u0e15\u0e4a\u0e30\u0e44\u0e21\u0e48\u0e2a\u0e33\u0e04\u0e31\u0e0d\u0e27\u0e48\u0e32\u0e04\u0e19\u0e2d\u0e37\u0e48\u0e19\u0e17\u0e35\u0e48\u0e42\u0e15\u0e4a\u0e30\u0e08\u0e30\u0e04\u0e34\u0e14\u0e2d\u0e22\u0e48\u0e32\u0e07\u0e44\u0e23\u0e01\u0e31\u0e1a\u0e01\u0e32\u0e23\u0e40\u0e25\u0e48\u0e19\u0e02\u0e2d\u0e07\u0e09\u0e31\u0e19 \u0e41\u0e15\u0e48\u0e16\u0e49\u0e32\u0e1e\u0e19\u0e31\u0e01\u0e07\u0e32\u0e19\u0e04\u0e32\u0e2a\u0e34\u0e42\u0e19\u0e44\u0e14\u0e49\u0e23\u0e31\u0e1a\u0e41\u0e08\u0e49\u0e07\u0e40\u0e01\u0e35\u0e48\u0e22\u0e27\u0e01\u0e31\u0e1a\u0e2a\u0e34\u0e48\u0e07\u0e17\u0e35\u0e48\u0e09\u0e31\u0e19\u0e17\u0e33 \u0e04\u0e27\u0e32\u0e21\u0e2a\u0e07\u0e2a\u0e31\u0e22\u0e41\u0e23\u0e01\u0e02\u0e2d\u0e07\u0e1e\u0e27\u0e01\u0e40\u0e02\u0e32\u0e04\u0e37\u0e2d\u0e09\u0e31\u0e19\u0e40\u0e1b\u0e47\u0e19\u0e19\u0e31\u0e01\u0e19\u0e31\u0e1a\u0e44\u0e1e\u0e48 \u0e16\u0e49\u0e32\u0e1e\u0e27\u0e01\u0e40\u0e02\u0e32\u0e40\u0e2b\u0e47\u0e19\u0e09\u0e31\u0e19\u0e40\u0e25\u0e48\u0e19\u0e15\u0e32\u0e21\u0e01\u0e25\u0e22\u0e38\u0e17\u0e18\u0e4c\u0e1e\u0e37\u0e49\u0e19\u0e10\u0e32\u0e19\u0e17\u0e35\u0e48\u0e14\u0e35\u0e41\u0e25\u0e30\u0e08\u0e39\u0e48\u0e46 \u0e01\u0e47\u0e21\u0e35\u0e01\u0e32\u0e23\u0e40\u0e14\u0e34\u0e21\u0e1e\u0e31\u0e19\u0e2a\u0e39\u0e07\u0e41\u0e25\u0e49\u0e27\u0e41\u0e22\u0e01\u0e44\u0e1e\u0e48 10 \u0e01\u0e31\u0e1a 6 \u0e1e\u0e27\u0e01\u0e40\u0e02\u0e32\u0e08\u0e30\u0e04\u0e34\u0e14\u0e27\u0e48\u0e32\u0e09\u0e31\u0e19\u0e42\u0e07\u0e48\u0e21\u0e32\u0e01\u0e2b\u0e23\u0e37\u0e2d\u0e40\u0e01\u0e48\u0e07\u0e21\u0e32\u0e01\u0e04\u0e27\u0e32\u0e21\u0e04\u0e34\u0e14\u0e40\u0e2b\u0e47\u0e19\u0e02\u0e2d\u0e07\u0e09\u0e31\u0e19\u0e04\u0e37\u0e2d \u0e17\u0e38\u0e01\u0e2d\u0e22\u0e48\u0e32\u0e07\u0e40\u0e0a\u0e37\u0e48\u0e2d\u0e21\u0e42\u0e22\u0e07\u0e01\u0e31\u0e1a\u0e20\u0e32\u0e1e\u0e25\u0e31\u0e01\u0e29\u0e13\u0e4c\u0e17\u0e35\u0e48\u0e04\u0e38\u0e13\u0e41\u0e2a\u0e14\u0e07\u0e2d\u0e2d\u0e01\u0e43\u0e19\u0e04\u0e32\u0e2a\u0e34\u0e42\u0e19 \u0e2b\u0e32\u0e01\u0e04\u0e38\u0e13\u0e40\u0e1b\u0e47\u0e19\u0e04\u0e19\u0e17\u0e35\u0e48\u0e14\u0e39\u0e44\u0e21\u0e48\u0e40\u0e2d\u0e32\u0e44\u0e2b\u0e19 \u0e04\u0e38\u0e13\u0e01\u0e47\u0e2a\u0e32\u0e21\u0e32\u0e23\u0e16\u0e17\u0e33\u0e41\u0e1a\u0e1a\u0e19\u0e31\u0e49\u0e19\u0e44\u0e14\u0e49 \u0e41\u0e15\u0e48\u0e16\u0e49\u0e32\u0e04\u0e38\u0e13\u0e40\u0e1b\u0e47\u0e19\u0e04\u0e19\u0e43\u0e08\u0e40\u0e22\u0e47\u0e19 \u0e2a\u0e38\u0e20\u0e32\u0e1e \u0e41\u0e25\u0e30\u0e44\u0e21\u0e48\u0e14\u0e37\u0e48\u0e21\u0e41\u0e2d\u0e25\u0e01\u0e2d\u0e2e\u0e2d\u0e25\u0e4c \u0e09\u0e31\u0e19\u0e02\u0e2d\u0e41\u0e19\u0e30\u0e19\u0e33\u0e27\u0e48\u0e32\u0e2d\u0e22\u0e48\u0e32\u0e41\u0e1a\u0e48\u0e07\u0e40\u0e07\u0e34\u0e19 10 \u0e19\u0e31\u0e49\u0e19.<\/p>\n<p><b>\u0e2a\u0e16\u0e32\u0e19\u0e01\u0e32\u0e23\u0e13\u0e4c\u0e01\u0e32\u0e23\u0e41\u0e1a\u0e48\u0e07\u0e2d\u0e37\u0e48\u0e19\u0e46 \u0e17\u0e31\u0e49\u0e07\u0e2b\u0e21\u0e14\u0e04\u0e27\u0e23\u0e1b\u0e0f\u0e34\u0e1a\u0e31\u0e15\u0e34\u0e15\u0e32\u0e21\u0e2d\u0e22\u0e48\u0e32\u0e07\u0e40\u0e04\u0e23\u0e48\u0e07\u0e04\u0e23\u0e31\u0e14 \u0e42\u0e14\u0e22\u0e40\u0e09\u0e1e\u0e32\u0e30\u0e2d\u0e22\u0e48\u0e32\u0e07\u0e22\u0e34\u0e48\u0e07\u0e01\u0e32\u0e23\u0e41\u0e1a\u0e48\u0e07 4 \u0e15\u0e48\u0e2d 5 \u0e2b\u0e23\u0e37\u0e2d 6 (\u0e2b\u0e32\u0e01\u0e44\u0e14\u0e49\u0e23\u0e31\u0e1a\u0e2d\u0e19\u0e38\u0e0d\u0e32\u0e15\u0e08\u0e32\u0e01 DAS).<\/b> \u0e2b\u0e25\u0e32\u0e22\u0e04\u0e19\u0e44\u0e21\u0e48\u0e08\u0e14\u0e08\u0e33\u0e01\u0e25\u0e22\u0e38\u0e17\u0e18\u0e4c\u0e1e\u0e37\u0e49\u0e19\u0e10\u0e32\u0e19\u0e40\u0e01\u0e35\u0e48\u0e22\u0e27\u0e01\u0e31\u0e1a\u0e04\u0e39\u0e48\u0e44\u0e14\u0e49\u0e2d\u0e22\u0e48\u0e32\u0e07\u0e41\u0e21\u0e48\u0e19\u0e22\u0e33 \u0e2a\u0e48\u0e07\u0e1c\u0e25\u0e43\u0e2b\u0e49\u0e44\u0e21\u0e48\u0e23\u0e39\u0e49\u0e27\u0e48\u0e32\u0e08\u0e30\u0e17\u0e33\u0e2d\u0e30\u0e44\u0e23\u0e16\u0e39\u0e01\u0e2b\u0e23\u0e37\u0e2d\u0e1c\u0e34\u0e14 \u0e41\u0e25\u0e30\u0e2b\u0e25\u0e32\u0e22\u0e04\u0e19\u0e04\u0e34\u0e14\u0e27\u0e48\u0e32\u0e01\u0e32\u0e23\u0e41\u0e1a\u0e48\u0e07 4 \u0e19\u0e31\u0e49\u0e19\u0e1c\u0e34\u0e14 \u0e44\u0e21\u0e48\u0e21\u0e35\u0e2d\u0e30\u0e44\u0e23\u0e14\u0e35\u0e44\u0e1b\u0e01\u0e27\u0e48\u0e32\u0e01\u0e32\u0e23\u0e40\u0e25\u0e48\u0e19\u0e2d\u0e22\u0e48\u0e32\u0e07\u0e16\u0e39\u0e01\u0e15\u0e49\u0e2d\u0e07\u0e41\u0e25\u0e30\u0e14\u0e39\u0e40\u0e2b\u0e21\u0e37\u0e2d\u0e19\u0e04\u0e19\u0e42\u0e07\u0e48\u0e44\u0e1b\u0e1e\u0e23\u0e49\u0e2d\u0e21\u0e01\u0e31\u0e19!<\/p>\n<p>\u0e02\u0e13\u0e30\u0e17\u0e35\u0e48\u0e04\u0e38\u0e13\u0e14\u0e33\u0e40\u0e19\u0e34\u0e19\u0e01\u0e32\u0e23\u0e1c\u0e48\u0e32\u0e19\u0e15\u0e31\u0e27\u0e40\u0e25\u0e02\u0e02\u0e2d\u0e07\u0e01\u0e32\u0e23\u0e41\u0e1a\u0e48\u0e07\u0e04\u0e39\u0e48 \u0e04\u0e38\u0e13\u0e08\u0e30\u0e2a\u0e31\u0e07\u0e40\u0e01\u0e15\u0e40\u0e2b\u0e47\u0e19\u0e27\u0e48\u0e32\u0e1a\u0e32\u0e07\u0e04\u0e39\u0e48\u0e44\u0e21\u0e48\u0e15\u0e23\u0e07\u0e01\u0e31\u0e1a\u0e17\u0e35\u0e48\u0e40\u0e1c\u0e22\u0e41\u0e1e\u0e23\u0e48\u0e42\u0e14\u0e22\u0e2a\u0e41\u0e15\u0e19\u0e1f\u0e2d\u0e23\u0e4c\u0e14 \u0e2b\u0e27\u0e48\u0e2d\u0e07 \u0e41\u0e25\u0e30\u0e1c\u0e39\u0e49\u0e40\u0e02\u0e35\u0e22\u0e19\u0e2d\u0e37\u0e48\u0e19 \u0e46 \u0e15\u0e32\u0e21\u0e17\u0e35\u0e48\u0e44\u0e14\u0e49\u0e01\u0e25\u0e48\u0e32\u0e27\u0e44\u0e27\u0e49\u0e01\u0e48\u0e2d\u0e19\u0e2b\u0e19\u0e49\u0e32\u0e19\u0e35\u0e49 \u0e1a\u0e32\u0e07\u0e04\u0e39\u0e48\u0e44\u0e14\u0e49\u0e23\u0e31\u0e1a\u0e01\u0e32\u0e23\u0e41\u0e01\u0e49\u0e44\u0e02\u0e40\u0e19\u0e37\u0e48\u0e2d\u0e07\u0e08\u0e32\u0e01\u0e1c\u0e25\u0e01\u0e32\u0e23\u0e27\u0e34\u0e08\u0e31\u0e22\u0e02\u0e2d\u0e07\u0e1f\u0e23\u0e35\u0e14\u0e41\u0e21\u0e19\u0e40\u0e01\u0e35\u0e48\u0e22\u0e27\u0e01\u0e31\u0e1a\u0e01\u0e32\u0e23\u0e15\u0e49\u0e32\u0e19\u0e17\u0e32\u0e19\u0e04\u0e27\u0e32\u0e21\u0e40\u0e2a\u0e35\u0e48\u0e22\u0e07\u0e43\u0e19\u0e01\u0e32\u0e23\u0e40\u0e25\u0e48\u0e19\u0e40\u0e01\u0e21.<\/p>\n<hr \/>\n<table class=\"gbs-ctable\">\n<tbody>\n<tr>\n<th colspan=\"3\">\u0e01\u0e32\u0e23\u0e40\u0e1b\u0e25\u0e35\u0e48\u0e22\u0e19\u0e41\u0e1b\u0e25\u0e07\u0e01\u0e25\u0e22\u0e38\u0e17\u0e18\u0e4c\u0e1e\u0e37\u0e49\u0e19\u0e10\u0e32\u0e19:<br \/>\nDAS \u0e44\u0e14\u0e49\u0e23\u0e31\u0e1a\u0e2d\u0e19\u0e38\u0e0d\u0e32\u0e15<\/th>\n<\/tr>\n<tr>\n<td>3,3 \u0e40\u0e17\u0e35\u0e22\u0e1a\u0e01\u0e31\u0e1a 2<\/td>\n<td>\u0e14\u0e36\u0e07\u0e14\u0e49\u0e27\u0e22 0 \u0e2b\u0e23\u0e37\u0e2d\u0e19\u0e49\u0e2d\u0e22\u0e01\u0e27\u0e48\u0e32.<\/td>\n<td>(\u0e41\u0e17\u0e19\u0e17\u0e35\u0e48\u0e08\u0e30\u0e41\u0e1a\u0e48\u0e07\u0e41\u0e22\u0e01)<\/td>\n<\/tr>\n<tr>\n<td>4,4 \u0e40\u0e17\u0e35\u0e22\u0e1a\u0e01\u0e31\u0e1a 5<\/td>\n<td>\u0e14\u0e36\u0e07\u0e01\u0e25\u0e31\u0e1a\u0e14\u0e49\u0e27\u0e22 -1 \u0e2b\u0e23\u0e37\u0e2d\u0e19\u0e49\u0e2d\u0e22\u0e01\u0e27\u0e48\u0e32.<\/td>\n<td>(\u0e41\u0e17\u0e19\u0e17\u0e35\u0e48\u0e08\u0e30\u0e41\u0e1a\u0e48\u0e07\u0e41\u0e22\u0e01)<\/td>\n<\/tr>\n<tr>\n<td>4,4 \u0e40\u0e17\u0e35\u0e22\u0e1a\u0e01\u0e31\u0e1a 6<\/td>\n<td>\u0e14\u0e36\u0e07\u0e01\u0e25\u0e31\u0e1a -2 \u0e2b\u0e23\u0e37\u0e2d\u0e19\u0e49\u0e2d\u0e22\u0e01\u0e27\u0e48\u0e32.<\/td>\n<td>(\u0e41\u0e17\u0e19\u0e17\u0e35\u0e48\u0e08\u0e30\u0e41\u0e1a\u0e48\u0e07\u0e41\u0e22\u0e01)<\/td>\n<\/tr>\n<tr>\n<td>6,6 \u0e40\u0e17\u0e35\u0e22\u0e1a\u0e01\u0e31\u0e1a 2<\/td>\n<td>\u0e14\u0e36\u0e07\u0e01\u0e25\u0e31\u0e1a\u0e14\u0e49\u0e27\u0e22 -1 \u0e2b\u0e23\u0e37\u0e2d\u0e19\u0e49\u0e2d\u0e22\u0e01\u0e27\u0e48\u0e32.<\/td>\n<td>(\u0e41\u0e17\u0e19\u0e17\u0e35\u0e48\u0e08\u0e30\u0e41\u0e1a\u0e48\u0e07\u0e41\u0e22\u0e01)<\/td>\n<\/tr>\n<tr>\n<td>8,8 \u0e40\u0e17\u0e35\u0e22\u0e1a\u0e01\u0e31\u0e1a 10<\/td>\n<td>\u0e2b\u0e22\u0e38\u0e14\u0e17\u0e35\u0e48 8.<\/td>\n<td>(\u0e2b\u0e32\u0e01\u0e08\u0e33\u0e19\u0e27\u0e19\u0e2a\u0e39\u0e07\u0e21\u0e32\u0e01 \u0e04\u0e38\u0e13\u0e08\u0e30\u0e2b\u0e22\u0e38\u0e14\u0e41\u0e17\u0e19\u0e17\u0e35\u0e48\u0e08\u0e30\u0e14\u0e36\u0e07)<\/td>\n<\/tr>\n<tr>\n<td>9,9 \u0e40\u0e17\u0e35\u0e22\u0e1a\u0e01\u0e31\u0e1a 7<\/td>\n<td>\u0e2b\u0e32\u0e23\u0e14\u0e49\u0e27\u0e22 6.<\/td>\n<\/tr>\n<\/tbody>\n<\/table>","protected":false},"excerpt":{"rendered":"<p>Variazioni Strategia Base: Dividere o Non Dividere Il fattore principale da considerare quando dividete le coppie \u00e8 se il casino in cui giocate permette o meno il raddoppio dopo la divisione (DAS). Se il DAS \u00e8 concesso, \u00e8 necessario memorizzarsi la strategia di base corretta. Noto giocatori che commettono molti errori nel dividere le coppie, [&hellip;]<\/p>\n","protected":false},"author":4,"featured_media":0,"parent":2715,"menu_order":0,"comment_status":"open","ping_status":"open","template":"page-blacjack-school-it.php","meta":{"_acf_changed":false,"footnotes":""},"tags":[],"class_list":["post-2790","page","type-page","status-publish","hentry"],"acf":[],"yoast_head":"<!-- This site is optimized with the Yoast SEO plugin v26.6 - https:\/\/yoast.com\/wordpress\/plugins\/seo\/ -->\n<title>Lezione 16 Il Corso Avanzato - Parte 4<\/title>\n<meta name=\"description\" content=\"Variazioni Strategia Base: Dividere o Non Dividere Il fattore principale da considerare quando dividete le coppie \u00e8 se il casino in cui giocate permette o\" \/>\n<meta name=\"robots\" content=\"index, follow, max-snippet:-1, max-image-preview:large, max-video-preview:-1\" \/>\n<link rel=\"canonical\" href=\"https:\/\/www.blackjackinfo.com\/th\/\u0e42\u0e23\u0e07\u0e40\u0e23\u0e35\u0e22\u0e19\u0e41\u0e1a\u0e25\u0e47\u0e04\u0e41\u0e08\u0e47\u0e04\/\u0e1a\u0e17\u0e40\u0e23\u0e35\u0e22\u0e19\u0e17\u0e35\u0e48-16-\u0e2b\u0e25\u0e31\u0e01\u0e2a\u0e39\u0e15\u0e23\u0e02\u0e31\u0e49\/\" \/>\n<meta property=\"og:locale\" content=\"th_TH\" \/>\n<meta property=\"og:type\" content=\"article\" \/>\n<meta property=\"og:title\" content=\"Lezione 16 Il Corso Avanzato - Parte 4\" \/>\n<meta property=\"og:description\" content=\"Variazioni Strategia Base: Dividere o Non Dividere Il fattore principale da considerare quando dividete le coppie \u00e8 se il casino in cui giocate permette o\" \/>\n<meta property=\"og:url\" content=\"https:\/\/www.blackjackinfo.com\/th\/\u0e42\u0e23\u0e07\u0e40\u0e23\u0e35\u0e22\u0e19\u0e41\u0e1a\u0e25\u0e47\u0e04\u0e41\u0e08\u0e47\u0e04\/\u0e1a\u0e17\u0e40\u0e23\u0e35\u0e22\u0e19\u0e17\u0e35\u0e48-16-\u0e2b\u0e25\u0e31\u0e01\u0e2a\u0e39\u0e15\u0e23\u0e02\u0e31\u0e49\/\" \/>\n<meta property=\"og:site_name\" content=\"BlackjackInfo.com\" \/>\n<meta property=\"article:modified_time\" content=\"2018-04-18T07:07:13+00:00\" \/>\n<meta name=\"twitter:label1\" content=\"Est. reading time\" \/>\n\t<meta name=\"twitter:data1\" content=\"3 \u0e19\u0e32\u0e17\u0e35\" \/>\n<script type=\"application\/ld+json\" class=\"yoast-schema-graph\">{\"@context\":\"https:\/\/schema.org\",\"@graph\":[{\"@type\":\"WebPage\",\"@id\":\"https:\/\/www.blackjackinfo.com\/blackjack-school\/lesson-16-advanced-course-part-4\/\",\"url\":\"https:\/\/www.blackjackinfo.com\/blackjack-school\/lesson-16-advanced-course-part-4\/\",\"name\":\"Lezione 16 Il Corso Avanzato - Parte 4\",\"isPartOf\":{\"@id\":\"https:\/\/www.blackjackinfo.com\/#website\"},\"datePublished\":\"2017-03-13T03:23:01+00:00\",\"dateModified\":\"2018-04-18T07:07:13+00:00\",\"description\":\"Variazioni Strategia Base: Dividere o Non Dividere Il fattore principale da considerare quando dividete le coppie \u00e8 se il casino in cui giocate permette o\",\"breadcrumb\":{\"@id\":\"https:\/\/www.blackjackinfo.com\/blackjack-school\/lesson-16-advanced-course-part-4\/#breadcrumb\"},\"inLanguage\":\"th\",\"potentialAction\":[{\"@type\":\"ReadAction\",\"target\":[\"https:\/\/www.blackjackinfo.com\/blackjack-school\/lesson-16-advanced-course-part-4\/\"]}]},{\"@type\":\"BreadcrumbList\",\"@id\":\"https:\/\/www.blackjackinfo.com\/blackjack-school\/lesson-16-advanced-course-part-4\/#breadcrumb\",\"itemListElement\":[{\"@type\":\"ListItem\",\"position\":1,\"name\":\"Home\",\"item\":\"https:\/\/www.blackjackinfo.com\/\"},{\"@type\":\"ListItem\",\"position\":2,\"name\":\"La Scuola di Blackjack di GameMaster\",\"item\":\"https:\/\/www.it.blackjackinfo.com\/scuola-di-blackjack\/\"},{\"@type\":\"ListItem\",\"position\":3,\"name\":\"Lezione 16 Il Corso Avanzato &#8211; Parte 4\"}]},{\"@type\":\"WebSite\",\"@id\":\"https:\/\/www.blackjackinfo.com\/#website\",\"url\":\"https:\/\/www.blackjackinfo.com\/\",\"name\":\"BlackjackInfo.com\",\"description\":\"Because Winning is More Fun!\",\"potentialAction\":[{\"@type\":\"SearchAction\",\"target\":{\"@type\":\"EntryPoint\",\"urlTemplate\":\"https:\/\/www.blackjackinfo.com\/?s={search_term_string}\"},\"query-input\":{\"@type\":\"PropertyValueSpecification\",\"valueRequired\":true,\"valueName\":\"search_term_string\"}}],\"inLanguage\":\"th\"}]}<\/script>\n<!-- \/ Yoast SEO plugin. -->","yoast_head_json":{"title":"\u0e1a\u0e17\u0e40\u0e23\u0e35\u0e22\u0e19\u0e17\u0e35\u0e48 16 \u0e2b\u0e25\u0e31\u0e01\u0e2a\u0e39\u0e15\u0e23\u0e02\u0e31\u0e49\u0e19\u0e2a\u0e39\u0e07 - \u0e2a\u0e48\u0e27\u0e19\u0e17\u0e35\u0e48 4","description":"Variazioni \u0e01\u0e25\u0e22\u0e38\u0e17\u0e18\u0e4c\u0e1e\u0e37\u0e49\u0e19\u0e10\u0e32\u0e19: \u0e41\u0e1a\u0e48\u0e07\u0e2b\u0e23\u0e37\u0e2d\u0e44\u0e21\u0e48\u0e41\u0e1a\u0e48\u0e07 \u0e1b\u0e31\u0e08\u0e08\u0e31\u0e22\u0e2b\u0e25\u0e31\u0e01\u0e17\u0e35\u0e48\u0e15\u0e49\u0e2d\u0e07\u0e1e\u0e34\u0e08\u0e32\u0e23\u0e13\u0e32\u0e40\u0e21\u0e37\u0e48\u0e2d\u0e41\u0e1a\u0e48\u0e07\u0e04\u0e39\u0e48\u0e04\u0e37\u0e2d \u0e04\u0e32\u0e2a\u0e34\u0e42\u0e19\u0e17\u0e35\u0e48\u0e04\u0e38\u0e13\u0e40\u0e25\u0e48\u0e19\u0e2d\u0e19\u0e38\u0e0d\u0e32\u0e15\u0e2b\u0e23\u0e37\u0e2d\u0e44\u0e21\u0e48","robots":{"index":"index","follow":"follow","max-snippet":"max-snippet:-1","max-image-preview":"max-image-preview:large","max-video-preview":"max-video-preview:-1"},"canonical":"https:\/\/www.blackjackinfo.com\/th\/\u0e42\u0e23\u0e07\u0e40\u0e23\u0e35\u0e22\u0e19\u0e41\u0e1a\u0e25\u0e47\u0e04\u0e41\u0e08\u0e47\u0e04\/\u0e1a\u0e17\u0e40\u0e23\u0e35\u0e22\u0e19\u0e17\u0e35\u0e48-16-\u0e2b\u0e25\u0e31\u0e01\u0e2a\u0e39\u0e15\u0e23\u0e02\u0e31\u0e49\/","og_locale":"th_TH","og_type":"article","og_title":"Lezione 16 Il Corso Avanzato - Parte 4","og_description":"Variazioni Strategia Base: Dividere o Non Dividere Il fattore principale da considerare quando dividete le coppie \u00e8 se il casino in cui giocate permette o","og_url":"https:\/\/www.blackjackinfo.com\/th\/\u0e42\u0e23\u0e07\u0e40\u0e23\u0e35\u0e22\u0e19\u0e41\u0e1a\u0e25\u0e47\u0e04\u0e41\u0e08\u0e47\u0e04\/\u0e1a\u0e17\u0e40\u0e23\u0e35\u0e22\u0e19\u0e17\u0e35\u0e48-16-\u0e2b\u0e25\u0e31\u0e01\u0e2a\u0e39\u0e15\u0e23\u0e02\u0e31\u0e49\/","og_site_name":"BlackjackInfo.com","article_modified_time":"2018-04-18T07:07:13+00:00","twitter_misc":{"Est. reading time":"3 \u0e19\u0e32\u0e17\u0e35"},"schema":{"@context":"https:\/\/schema.org","@graph":[{"@type":"WebPage","@id":"https:\/\/www.blackjackinfo.com\/blackjack-school\/lesson-16-advanced-course-part-4\/","url":"https:\/\/www.blackjackinfo.com\/blackjack-school\/lesson-16-advanced-course-part-4\/","name":"\u0e1a\u0e17\u0e40\u0e23\u0e35\u0e22\u0e19\u0e17\u0e35\u0e48 16 \u0e2b\u0e25\u0e31\u0e01\u0e2a\u0e39\u0e15\u0e23\u0e02\u0e31\u0e49\u0e19\u0e2a\u0e39\u0e07 - \u0e2a\u0e48\u0e27\u0e19\u0e17\u0e35\u0e48 4","isPartOf":{"@id":"https:\/\/www.blackjackinfo.com\/#website"},"datePublished":"2017-03-13T03:23:01+00:00","dateModified":"2018-04-18T07:07:13+00:00","description":"Variazioni \u0e01\u0e25\u0e22\u0e38\u0e17\u0e18\u0e4c\u0e1e\u0e37\u0e49\u0e19\u0e10\u0e32\u0e19: \u0e41\u0e1a\u0e48\u0e07\u0e2b\u0e23\u0e37\u0e2d\u0e44\u0e21\u0e48\u0e41\u0e1a\u0e48\u0e07 \u0e1b\u0e31\u0e08\u0e08\u0e31\u0e22\u0e2b\u0e25\u0e31\u0e01\u0e17\u0e35\u0e48\u0e15\u0e49\u0e2d\u0e07\u0e1e\u0e34\u0e08\u0e32\u0e23\u0e13\u0e32\u0e40\u0e21\u0e37\u0e48\u0e2d\u0e41\u0e1a\u0e48\u0e07\u0e04\u0e39\u0e48\u0e04\u0e37\u0e2d \u0e04\u0e32\u0e2a\u0e34\u0e42\u0e19\u0e17\u0e35\u0e48\u0e04\u0e38\u0e13\u0e40\u0e25\u0e48\u0e19\u0e2d\u0e19\u0e38\u0e0d\u0e32\u0e15\u0e2b\u0e23\u0e37\u0e2d\u0e44\u0e21\u0e48","breadcrumb":{"@id":"https:\/\/www.blackjackinfo.com\/blackjack-school\/lesson-16-advanced-course-part-4\/#breadcrumb"},"inLanguage":"th","potentialAction":[{"@type":"ReadAction","target":["https:\/\/www.blackjackinfo.com\/blackjack-school\/lesson-16-advanced-course-part-4\/"]}]},{"@type":"BreadcrumbList","@id":"https:\/\/www.blackjackinfo.com\/blackjack-school\/lesson-16-advanced-course-part-4\/#breadcrumb","itemListElement":[{"@type":"ListItem","position":1,"name":"Home","item":"https:\/\/www.blackjackinfo.com\/"},{"@type":"ListItem","position":2,"name":"La Scuola di Blackjack di GameMaster","item":"https:\/\/www.it.blackjackinfo.com\/scuola-di-blackjack\/"},{"@type":"ListItem","position":3,"name":"Lezione 16 Il Corso Avanzato &#8211; Parte 4"}]},{"@type":"WebSite","@id":"https:\/\/www.blackjackinfo.com\/#website","url":"https:\/\/www.blackjackinfo.com\/","name":"BlackjackInfo.com","description":"\u0e40\u0e1e\u0e23\u0e32\u0e30\u0e01\u0e32\u0e23\u0e0a\u0e19\u0e30\u0e2a\u0e19\u0e38\u0e01\u0e01\u0e27\u0e48\u0e32!","potentialAction":[{"@type":"SearchAction","target":{"@type":"EntryPoint","urlTemplate":"https:\/\/www.blackjackinfo.com\/?s={search_term_string}"},"query-input":{"@type":"PropertyValueSpecification","valueRequired":true,"valueName":"search_term_string"}}],"inLanguage":"th"}]}},"_links":{"self":[{"href":"https:\/\/www.blackjackinfo.com\/th\/wp-json\/wp\/v2\/pages\/2790","targetHints":{"allow":["GET"]}}],"collection":[{"href":"https:\/\/www.blackjackinfo.com\/th\/wp-json\/wp\/v2\/pages"}],"about":[{"href":"https:\/\/www.blackjackinfo.com\/th\/wp-json\/wp\/v2\/types\/page"}],"author":[{"embeddable":true,"href":"https:\/\/www.blackjackinfo.com\/th\/wp-json\/wp\/v2\/users\/4"}],"replies":[{"embeddable":true,"href":"https:\/\/www.blackjackinfo.com\/th\/wp-json\/wp\/v2\/comments?post=2790"}],"version-history":[{"count":1,"href":"https:\/\/www.blackjackinfo.com\/th\/wp-json\/wp\/v2\/pages\/2790\/revisions"}],"predecessor-version":[{"id":2791,"href":"https:\/\/www.blackjackinfo.com\/th\/wp-json\/wp\/v2\/pages\/2790\/revisions\/2791"}],"up":[{"embeddable":true,"href":"https:\/\/www.blackjackinfo.com\/th\/wp-json\/wp\/v2\/pages\/2715"}],"wp:attachment":[{"href":"https:\/\/www.blackjackinfo.com\/th\/wp-json\/wp\/v2\/media?parent=2790"}],"wp:term":[{"taxonomy":"post_tag","embeddable":true,"href":"https:\/\/www.blackjackinfo.com\/th\/wp-json\/wp\/v2\/tags?post=2790"}],"curies":[{"name":"wp","href":"https:\/\/api.w.org\/{rel}","templated":true}]}}