{"id":2813,"date":"2017-03-12T23:40:35","date_gmt":"2017-03-13T04:40:35","guid":{"rendered":"https:\/\/www.blackjackinfo.com\/?page_id=2813\/"},"modified":"2018-04-17T01:21:32","modified_gmt":"2018-04-17T06:21:32","slug":"%e0%b8%81%e0%b8%b2%e0%b8%a3%e0%b8%99%e0%b8%b1%e0%b8%9a%e0%b9%84%e0%b8%9e%e0%b9%88-2","status":"publish","type":"page","link":"https:\/\/www.blackjackinfo.com\/th\/conteggio-carte\/","title":{"rendered":"\u0e01\u0e32\u0e23\u0e19\u0e31\u0e1a\u0e44\u0e1e\u0e48"},"content":{"rendered":"<p>\u0e01\u0e32\u0e23\u0e19\u0e31\u0e1a\u0e44\u0e1e\u0e48\u0e40\u0e1b\u0e47\u0e19\u0e27\u0e34\u0e18\u0e35\u0e01\u0e32\u0e23\u0e17\u0e32\u0e07\u0e01\u0e0e\u0e2b\u0e21\u0e32\u0e22\u0e43\u0e19\u0e01\u0e32\u0e23\u0e40\u0e25\u0e48\u0e19\u0e40\u0e01\u0e21\u0e0b\u0e36\u0e48\u0e07\u0e0a\u0e48\u0e27\u0e22\u0e43\u0e2b\u0e49\u0e44\u0e14\u0e49\u0e40\u0e1b\u0e23\u0e35\u0e22\u0e1a\u0e17\u0e32\u0e07\u0e04\u0e13\u0e34\u0e15\u0e28\u0e32\u0e2a\u0e15\u0e23\u0e4c\u0e40\u0e2b\u0e19\u0e37\u0e2d\u0e04\u0e32\u0e2a\u0e34\u0e42\u0e19.<\/p>\n<p class=\"intro\">\u0e41\u0e1a\u0e25\u0e47\u0e04\u0e41\u0e08\u0e47\u0e04\u0e41\u0e15\u0e01\u0e15\u0e48\u0e32\u0e07\u0e08\u0e32\u0e01\u0e40\u0e01\u0e21\u0e04\u0e32\u0e2a\u0e34\u0e42\u0e19\u0e2d\u0e37\u0e48\u0e19\u0e46 \u0e2a\u0e32\u0e21\u0e32\u0e23\u0e16\u0e40\u0e2d\u0e32\u0e0a\u0e19\u0e30\u0e44\u0e14\u0e49 \u0e40\u0e19\u0e37\u0e48\u0e2d\u0e07\u0e08\u0e32\u0e01\u0e21\u0e35\u0e01\u0e32\u0e23\u0e41\u0e08\u0e01\u0e44\u0e1e\u0e48\u0e2b\u0e25\u0e32\u0e22\u0e21\u0e37\u0e2d\u0e23\u0e30\u0e2b\u0e27\u0e48\u0e32\u0e07\u0e1c\u0e39\u0e49\u0e40\u0e25\u0e48\u0e19\u0e2b\u0e25\u0e32\u0e22\u0e04\u0e19\u0e43\u0e19\u0e23\u0e30\u0e2b\u0e27\u0e48\u0e32\u0e07\u0e01\u0e32\u0e23\u0e2a\u0e31\u0e1a\u0e44\u0e1e\u0e48\u0e41\u0e25\u0e30\u0e01\u0e32\u0e23\u0e41\u0e08\u0e01\u0e44\u0e1e\u0e48\u0e04\u0e23\u0e31\u0e49\u0e07\u0e16\u0e31\u0e14\u0e44\u0e1b \u0e1c\u0e39\u0e49\u0e40\u0e25\u0e48\u0e19\u0e2a\u0e32\u0e21\u0e32\u0e23\u0e16\u0e43\u0e0a\u0e49\u0e02\u0e49\u0e2d\u0e21\u0e39\u0e25\u0e40\u0e01\u0e35\u0e48\u0e22\u0e27\u0e01\u0e31\u0e1a\u0e44\u0e1e\u0e48\u0e17\u0e35\u0e48\u0e40\u0e25\u0e48\u0e19\u0e44\u0e1b\u0e41\u0e25\u0e49\u0e27\u0e40\u0e1e\u0e37\u0e48\u0e2d\u0e04\u0e32\u0e14\u0e01\u0e32\u0e23\u0e13\u0e4c\u0e44\u0e1e\u0e48\u0e17\u0e35\u0e48\u0e08\u0e30\u0e2d\u0e2d\u0e01\u0e21\u0e32\u0e43\u0e19\u0e23\u0e2d\u0e1a\u0e16\u0e31\u0e14\u0e44\u0e1b\u0e44\u0e14\u0e49\u0e15\u0e48\u0e32\u0e07\u0e08\u0e32\u0e01\u0e40\u0e01\u0e21\u0e2d\u0e22\u0e48\u0e32\u0e07\u0e23\u0e39\u0e40\u0e25\u0e47\u0e15\u0e2b\u0e23\u0e37\u0e2d\u0e25\u0e39\u0e01\u0e40\u0e15\u0e4b\u0e32\u0e17\u0e35\u0e48\u0e1c\u0e25\u0e25\u0e31\u0e1e\u0e18\u0e4c\u0e01\u0e48\u0e2d\u0e19\u0e2b\u0e19\u0e49\u0e32\u0e44\u0e21\u0e48\u0e21\u0e35\u0e1c\u0e25\u0e01\u0e23\u0e30\u0e17\u0e1a\u0e15\u0e48\u0e2d\u0e01\u0e32\u0e23\u0e15\u0e31\u0e14\u0e2a\u0e34\u0e19\u0e43\u0e08\u0e43\u0e19\u0e2d\u0e19\u0e32\u0e04\u0e15 \u0e41\u0e15\u0e48\u0e25\u0e30\u0e21\u0e37\u0e2d\u0e43\u0e19\u0e41\u0e1a\u0e25\u0e47\u0e04\u0e41\u0e08\u0e47\u0e04\u0e08\u0e30\u0e25\u0e14\u0e08\u0e33\u0e19\u0e27\u0e19\u0e44\u0e1e\u0e48\u0e17\u0e35\u0e48\u0e40\u0e2b\u0e25\u0e37\u0e2d\u0e43\u0e19\u0e2a\u0e33\u0e23\u0e31\u0e1a \u0e08\u0e32\u0e01\u0e02\u0e49\u0e2d\u0e40\u0e17\u0e47\u0e08\u0e08\u0e23\u0e34\u0e07\u0e07\u0e48\u0e32\u0e22 \u0e46 \u0e19\u0e35\u0e49\u0e40\u0e2d\u0e07\u0e08\u0e36\u0e07\u0e40\u0e01\u0e34\u0e14\u0e41\u0e19\u0e27\u0e04\u0e34\u0e14\u0e01\u0e32\u0e23\u0e19\u0e31\u0e1a\u0e44\u0e1e\u0e48 \u0e0b\u0e36\u0e48\u0e07\u0e40\u0e1b\u0e47\u0e19\u0e27\u0e34\u0e18\u0e35\u0e01\u0e32\u0e23\u0e40\u0e25\u0e48\u0e19\u0e17\u0e35\u0e48\u0e44\u0e14\u0e49\u0e40\u0e1b\u0e23\u0e35\u0e22\u0e1a\u0e41\u0e25\u0e30\u0e16\u0e39\u0e01\u0e01\u0e0e\u0e2b\u0e21\u0e32\u0e22 \u0e0b\u0e36\u0e48\u0e07\u0e2a\u0e32\u0e21\u0e32\u0e23\u0e16\u0e21\u0e2d\u0e1a\u0e04\u0e27\u0e32\u0e21\u0e44\u0e14\u0e49\u0e40\u0e1b\u0e23\u0e35\u0e22\u0e1a\u0e17\u0e32\u0e07\u0e04\u0e13\u0e34\u0e15\u0e28\u0e32\u0e2a\u0e15\u0e23\u0e4c\u0e43\u0e2b\u0e49\u0e01\u0e31\u0e1a\u0e1c\u0e39\u0e49\u0e40\u0e25\u0e48\u0e19\u0e40\u0e2b\u0e19\u0e37\u0e2d\u0e04\u0e32\u0e2a\u0e34\u0e42\u0e19.<\/p>\n<p>\u0e2b\u0e32\u0e01\u0e44\u0e1e\u0e48\u0e17\u0e35\u0e48\u0e21\u0e35\u0e04\u0e48\u0e32\u0e2a\u0e39\u0e07 \u0e40\u0e0a\u0e48\u0e19 \u0e44\u0e1e\u0e48\u0e2b\u0e19\u0e49\u0e32 \u0e44\u0e1e\u0e48\u0e2a\u0e34\u0e1a \u0e41\u0e25\u0e30\u0e44\u0e1e\u0e48\u0e40\u0e2d\u0e0b \u0e17\u0e35\u0e48\u0e22\u0e31\u0e07\u0e40\u0e2b\u0e25\u0e37\u0e2d\u0e2d\u0e22\u0e39\u0e48\u0e43\u0e19\u0e2a\u0e33\u0e23\u0e31\u0e1a\u0e41\u0e25\u0e30\u0e22\u0e31\u0e07\u0e44\u0e21\u0e48\u0e44\u0e14\u0e49\u0e41\u0e08\u0e01 \u0e21\u0e35\u0e08\u0e33\u0e19\u0e27\u0e19\u0e21\u0e32\u0e01\u0e01\u0e27\u0e48\u0e32\u0e44\u0e1e\u0e48\u0e17\u0e35\u0e48\u0e21\u0e35\u0e04\u0e48\u0e32\u0e19\u0e49\u0e2d\u0e22 \u0e1c\u0e39\u0e49\u0e40\u0e25\u0e48\u0e19\u0e08\u0e30\u0e44\u0e14\u0e49\u0e40\u0e1b\u0e23\u0e35\u0e22\u0e1a\u0e21\u0e32\u0e01\u0e02\u0e36\u0e49\u0e19\u0e14\u0e31\u0e07\u0e19\u0e31\u0e49\u0e19 \u0e01\u0e32\u0e23\u0e19\u0e31\u0e1a\u0e44\u0e1e\u0e48\u0e08\u0e36\u0e07\u0e40\u0e1b\u0e47\u0e19\u0e40\u0e1e\u0e35\u0e22\u0e07\u0e27\u0e34\u0e18\u0e35\u0e01\u0e32\u0e23\u0e17\u0e35\u0e48\u0e0a\u0e48\u0e27\u0e22\u0e23\u0e30\u0e1a\u0e38\u0e27\u0e48\u0e32\u0e40\u0e21\u0e37\u0e48\u0e2d\u0e43\u0e14\u0e17\u0e35\u0e48\u0e44\u0e1e\u0e48\u0e17\u0e35\u0e48\u0e40\u0e2b\u0e25\u0e37\u0e2d\u0e2d\u0e22\u0e39\u0e48\u0e43\u0e19\u0e2a\u0e33\u0e23\u0e31\u0e1a\u0e40\u0e1b\u0e47\u0e19\u0e1b\u0e23\u0e30\u0e42\u0e22\u0e0a\u0e19\u0e4c\u0e15\u0e48\u0e2d\u0e1c\u0e39\u0e49\u0e40\u0e25\u0e48\u0e19 \u0e40\u0e21\u0e37\u0e48\u0e2d\u0e2a\u0e33\u0e23\u0e31\u0e1a\u0e21\u0e35\u0e44\u0e1e\u0e48\u0e40\u0e2d\u0e0b\u0e41\u0e25\u0e30\u0e44\u0e1e\u0e48\u0e17\u0e35\u0e48\u0e21\u0e35\u0e04\u0e48\u0e32\u0e2a\u0e34\u0e1a\u0e2d\u0e22\u0e39\u0e48\u0e21\u0e32\u0e01 \u0e1c\u0e39\u0e49\u0e40\u0e25\u0e48\u0e19\u0e08\u0e30\u0e27\u0e32\u0e07\u0e40\u0e14\u0e34\u0e21\u0e1e\u0e31\u0e19\u0e2a\u0e39\u0e07 \u0e41\u0e15\u0e48\u0e40\u0e21\u0e37\u0e48\u0e2d\u0e2a\u0e33\u0e23\u0e31\u0e1a\u0e21\u0e35\u0e44\u0e1e\u0e48\u0e17\u0e35\u0e48\u0e21\u0e35\u0e04\u0e48\u0e32\u0e19\u0e49\u0e2d\u0e22 \u0e40\u0e0a\u0e48\u0e19 \u0e44\u0e1e\u0e48\u0e2a\u0e2d\u0e07\u0e16\u0e36\u0e07\u0e2b\u0e01 \u0e21\u0e32\u0e01\u0e02\u0e36\u0e49\u0e19 \u0e1c\u0e39\u0e49\u0e40\u0e25\u0e48\u0e19\u0e08\u0e30\u0e27\u0e32\u0e07\u0e40\u0e14\u0e34\u0e21\u0e1e\u0e31\u0e19\u0e19\u0e49\u0e2d\u0e22\u0e21\u0e32\u0e01\u0e2b\u0e23\u0e37\u0e2d\u0e2d\u0e2d\u0e01\u0e08\u0e32\u0e01\u0e42\u0e15\u0e4a\u0e30.<\/p>\n<p>\u0e14\u0e49\u0e27\u0e22\u0e04\u0e27\u0e32\u0e21\u0e0a\u0e48\u0e27\u0e22\u0e40\u0e2b\u0e25\u0e37\u0e2d\u0e08\u0e32\u0e01\u0e1a\u0e17\u0e04\u0e27\u0e32\u0e21\u0e41\u0e25\u0e30\u0e01\u0e32\u0e23\u0e2d\u0e20\u0e34\u0e1b\u0e23\u0e32\u0e22\u0e17\u0e35\u0e48\u0e04\u0e38\u0e13\u0e08\u0e30\u0e1e\u0e1a\u0e14\u0e49\u0e32\u0e19\u0e25\u0e48\u0e32\u0e07 \u0e04\u0e38\u0e13\u0e08\u0e30\u0e40\u0e02\u0e49\u0e32\u0e43\u0e08\u0e27\u0e48\u0e32\u0e01\u0e32\u0e23\u0e19\u0e31\u0e1a\u0e44\u0e1e\u0e48\u0e44\u0e21\u0e48\u0e44\u0e14\u0e49\u0e40\u0e1b\u0e47\u0e19\u0e40\u0e1e\u0e35\u0e22\u0e07\u0e2a\u0e33\u0e2b\u0e23\u0e31\u0e1a\u0e2d\u0e31\u0e08\u0e09\u0e23\u0e34\u0e22\u0e30\u0e17\u0e32\u0e07\u0e04\u0e13\u0e34\u0e15\u0e28\u0e32\u0e2a\u0e15\u0e23\u0e4c\u0e40\u0e17\u0e48\u0e32\u0e19\u0e31\u0e49\u0e19 \u0e0b\u0e36\u0e48\u0e07\u0e41\u0e15\u0e01\u0e15\u0e48\u0e32\u0e07\u0e08\u0e32\u0e01\u0e2a\u0e34\u0e48\u0e07\u0e17\u0e35\u0e48\u0e20\u0e32\u0e1e\u0e22\u0e19\u0e15\u0e23\u0e4c\u0e44\u0e14\u0e49\u0e40\u0e25\u0e48\u0e32\u0e44\u0e27\u0e49\u0e2d\u0e22\u0e48\u0e32\u0e07\u0e2b\u0e25\u0e2d\u0e01\u0e25\u0e27\u0e07 <i>\u201c\u0e40\u0e23\u0e19 \u0e41\u0e21\u0e19\u201d<\/i> o <i>\u201c\u0e22\u0e35\u0e48\u0e2a\u0e34\u0e1a\u0e40\u0e2d\u0e47\u0e14\u201d<\/i>. \u0e2d\u0e22\u0e48\u0e32\u0e07\u0e44\u0e23\u0e01\u0e47\u0e15\u0e32\u0e21 \u0e1c\u0e39\u0e49\u0e40\u0e25\u0e48\u0e19\u0e08\u0e33\u0e19\u0e27\u0e19\u0e21\u0e32\u0e01\u0e17\u0e35\u0e48\u0e15\u0e49\u0e2d\u0e07\u0e01\u0e32\u0e23\u0e17\u0e38\u0e48\u0e21\u0e40\u0e17\u0e43\u0e2b\u0e49\u0e01\u0e31\u0e1a\u0e01\u0e34\u0e08\u0e01\u0e23\u0e23\u0e21\u0e19\u0e35\u0e49\u0e2a\u0e32\u0e21\u0e32\u0e23\u0e16\u0e40\u0e23\u0e35\u0e22\u0e19\u0e23\u0e39\u0e49\u0e27\u0e34\u0e18\u0e35\u0e0a\u0e19\u0e30\u0e43\u0e19\u0e40\u0e01\u0e21\u0e41\u0e1a\u0e25\u0e47\u0e04\u0e41\u0e08\u0e47\u0e04\u0e44\u0e14\u0e49.<\/p>\n<h2 class=\"title\">\u0e1a\u0e17\u0e04\u0e27\u0e32\u0e21\u0e40\u0e01\u0e35\u0e48\u0e22\u0e27\u0e01\u0e31\u0e1a\u0e01\u0e32\u0e23\u0e19\u0e31\u0e1a\u0e44\u0e1e\u0e48\u0e43\u0e19\u0e41\u0e1a\u0e25\u0e47\u0e04\u0e41\u0e08\u0e47\u0e04<\/h2>\n<h3 class=\"gbs-heading\">\u0e43\u0e19\u0e20\u0e32\u0e29\u0e32\u0e2d\u0e34\u0e15\u0e32\u0e25\u0e35<\/h3>\n<ul class=\"articles\">\n<li><a href=\"https:\/\/www.it.blackjackinfo.com\/it\/scuola-di-blackjack\/\">\u0e42\u0e23\u0e07\u0e40\u0e23\u0e35\u0e22\u0e19\u0e41\u0e1a\u0e25\u0e47\u0e04\u0e41\u0e08\u0e47\u0e04\u0e02\u0e2d\u0e07 GameMaster<\/a>: \u0e04\u0e2d\u0e23\u0e4c\u0e2a\u0e40\u0e23\u0e35\u0e22\u0e19\u0e1f\u0e23\u0e35 24 \u0e1a\u0e17\u0e40\u0e23\u0e35\u0e22\u0e19\u0e2a\u0e33\u0e2b\u0e23\u0e31\u0e1a\u0e01\u0e32\u0e23\u0e19\u0e31\u0e1a\u0e44\u0e1e\u0e48\u0e43\u0e19\u0e40\u0e01\u0e21\u0e41\u0e1a\u0e25\u0e47\u0e04\u0e41\u0e08\u0e47\u0e04.<\/li>\n<li><a href=\"https:\/\/www.it.blackjackinfo.com\/it\/miglior-lavoro-del-mondo.php\">\u0e07\u0e32\u0e19\u0e17\u0e35\u0e48\u0e14\u0e35\u0e17\u0e35\u0e48\u0e2a\u0e38\u0e14\u0e43\u0e19\u0e42\u0e25\u0e01<\/a>: \u0e20\u0e32\u0e1e\u0e23\u0e27\u0e21\u0e0a\u0e35\u0e27\u0e34\u0e15\u0e02\u0e2d\u0e07\u0e21\u0e37\u0e2d\u0e2d\u0e32\u0e0a\u0e35\u0e1e\u0e41\u0e1a\u0e25\u0e47\u0e04\u0e41\u0e08\u0e47\u0e04\u0e40\u0e15\u0e47\u0e21\u0e40\u0e27\u0e25\u0e32.\n<div class=\"meta\">\u0e42\u0e14\u0e22 \u0e40\u0e04\u0e27\u0e34\u0e19 \u0e41\u0e1a\u0e25\u0e47\u0e04\u0e27\u0e39\u0e14<\/div>\n<blockquote><p><strong>\u0e40\u0e04\u0e27\u0e34\u0e19 \u0e41\u0e1a\u0e25\u0e47\u0e04\u0e27\u0e39\u0e14<\/strong> \u0e40\u0e1b\u0e47\u0e19\u0e40\u0e27\u0e25\u0e32\u0e19\u0e32\u0e19\u0e41\u0e25\u0e49\u0e27\u0e17\u0e35\u0e48\u0e40\u0e02\u0e32\u0e40\u0e1b\u0e47\u0e19\u0e1c\u0e39\u0e49\u0e40\u0e25\u0e48\u0e19\u0e41\u0e1a\u0e25\u0e47\u0e04\u0e41\u0e08\u0e47\u0e04\u0e21\u0e37\u0e2d\u0e2d\u0e32\u0e0a\u0e35\u0e1e \u0e0b\u0e36\u0e48\u0e07\u0e40\u0e02\u0e32\u0e0a\u0e19\u0e30\u0e40\u0e07\u0e34\u0e19\u0e21\u0e32\u0e01\u0e01\u0e27\u0e48\u0e32\u0e2b\u0e19\u0e36\u0e48\u0e07\u0e25\u0e49\u0e32\u0e19\u0e14\u0e2d\u0e25\u0e25\u0e32\u0e23\u0e4c\u0e43\u0e19\u0e04\u0e32\u0e2a\u0e34\u0e42\u0e19\u0e14\u0e49\u0e27\u0e22\u0e01\u0e32\u0e23\u0e19\u0e31\u0e1a\u0e44\u0e1e\u0e48 \u0e19\u0e2d\u0e01\u0e08\u0e32\u0e01\u0e19\u0e35\u0e49 \u0e40\u0e02\u0e32\u0e22\u0e31\u0e07\u0e40\u0e1b\u0e47\u0e19\u0e19\u0e31\u0e01\u0e40\u0e02\u0e35\u0e22\u0e19\u0e17\u0e35\u0e48\u0e22\u0e2d\u0e14\u0e40\u0e22\u0e35\u0e48\u0e22\u0e21 \u0e40\u0e1b\u0e47\u0e19\u0e1c\u0e39\u0e49\u0e40\u0e02\u0e35\u0e22\u0e19 <a href=\"https:\/\/www.it.blackjackinfo.com\/store\/play-blackjack-like-the-pros.html\">\u0e40\u0e25\u0e48\u0e19\u0e41\u0e1a\u0e25\u0e47\u0e04\u0e41\u0e08\u0e47\u0e04\u0e41\u0e1a\u0e1a\u0e21\u0e37\u0e2d\u0e2d\u0e32\u0e0a\u0e35\u0e1e<\/a> \u0e40\u0e1c\u0e22\u0e41\u0e1e\u0e23\u0e48\u0e42\u0e14\u0e22 Harper Collins \u0e1c\u0e25\u0e07\u0e32\u0e19\u0e2d\u0e37\u0e48\u0e19\u0e46 \u0e02\u0e2d\u0e07\u0e40\u0e02\u0e32\u0e23\u0e27\u0e21\u0e16\u0e36\u0e07\u0e19\u0e27\u0e19\u0e34\u0e22\u0e32\u0e22 <a href=\"http:\/\/www.amazon.com\/dp\/0971727309\/?tag=theblackjacbasic\">\u0e40\u0e04\u0e32\u0e19\u0e4c\u0e40\u0e15\u0e2d\u0e23\u0e4c<\/a>, e <a href=\"http:\/\/www.amazon.com\/dp\/047175286X\/?tag=theblackjacbasic\">\u0e01\u0e32\u0e23\u0e1e\u0e19\u0e31\u0e19\u0e04\u0e32\u0e2a\u0e34\u0e42\u0e19\u0e2a\u0e33\u0e2b\u0e23\u0e31\u0e1a\u0e21\u0e37\u0e2d\u0e43\u0e2b\u0e21\u0e48<\/a>. \u0e23\u0e48\u0e27\u0e21\u0e01\u0e31\u0e1a Larry Barker, \u0e40\u0e1b\u0e47\u0e19\u0e1c\u0e39\u0e49\u0e23\u0e48\u0e27\u0e21\u0e40\u0e02\u0e35\u0e22\u0e19\u0e2d\u0e35\u0e1a\u0e38\u0e4a\u0e04 <a href=\"http:\/\/deepnettech.com\/estore\/index.php?main_page=product_info&amp;cPath=2&amp;products_id=60\">\u0e15\u0e33\u0e19\u0e32\u0e19\u0e41\u0e1a\u0e25\u0e47\u0e04\u0e41\u0e08\u0e47\u0e04<\/a>.<\/p><\/blockquote>\n<\/li>\n<\/ul>\n<h3 class=\"gbs-heading\">\u0e43\u0e19\u0e20\u0e32\u0e29\u0e32\u0e2d\u0e31\u0e07\u0e01\u0e24\u0e29<\/h3>\n<ul class=\"articles\">\n<li><a href=\"https:\/\/www.it.blackjackinfo.com\/files\/Ben-Franklin-Count.pdf\"><span lang=\"en\">\u0e01\u0e32\u0e23\u0e19\u0e31\u0e1a\u0e02\u0e2d\u0e07\u0e40\u0e1a\u0e19\u0e08\u0e32\u0e21\u0e34\u0e19 \u0e41\u0e1f\u0e23\u0e07\u0e04\u0e25\u0e34\u0e19<\/span><\/a><img loading=\"lazy\" decoding=\"async\" class=\"icon\" src=\"https:\/\/www.it.blackjackinfo.com\/it\/AcrobatLogo.gif\" alt=\"Adobe Acrobat\" width=\"32\" height=\"32\" data-no-auto-translation=\"\" \/>(\u0e43\u0e19\u0e23\u0e39\u0e1b\u0e41\u0e1a\u0e1a PDF): \u0e23\u0e30\u0e1a\u0e1a\u0e01\u0e32\u0e23\u0e19\u0e31\u0e1a\u0e44\u0e1e\u0e48\u0e2a\u0e33\u0e2b\u0e23\u0e31\u0e1a\u0e40\u0e01\u0e21\u0e44\u0e1e\u0e48\u0e17\u0e35\u0e48\u0e43\u0e0a\u0e49\u0e44\u0e1e\u0e48 6 \u0e2b\u0e23\u0e37\u0e2d 8 \u0e2a\u0e33\u0e23\u0e31\u0e1a \u0e0b\u0e36\u0e48\u0e07\u0e17\u0e33\u0e01\u0e32\u0e23\u0e1b\u0e31\u0e14\u0e04\u0e48\u0e32\u0e15\u0e31\u0e27\u0e40\u0e25\u0e02\u0e17\u0e31\u0e49\u0e07\u0e2b\u0e21\u0e14\u0e43\u0e2b\u0e49\u0e40\u0e1b\u0e47\u0e19 0, 5 \u0e2b\u0e23\u0e37\u0e2d 10 \u0e40\u0e1e\u0e37\u0e48\u0e2d\u0e04\u0e27\u0e32\u0e21\u0e2a\u0e30\u0e14\u0e27\u0e01\u0e43\u0e19\u0e01\u0e32\u0e23\u0e43\u0e0a\u0e49\u0e07\u0e32\u0e19 \u0e1c\u0e25\u0e34\u0e15\u0e42\u0e14\u0e22\u0e1c\u0e39\u0e49\u0e43\u0e0a\u0e49\u0e43\u0e19\u0e1f\u0e2d\u0e23\u0e31\u0e48\u0e21\u0e02\u0e2d\u0e07\u0e40\u0e23\u0e32 \u0e0a\u0e37\u0e48\u0e2d Automatic Monkey.<\/li>\n<li><a href=\"https:\/\/www.it.blackjackinfo.com\/knowledge-base\/\">\u0e04\u0e25\u0e31\u0e07\u0e1f\u0e2d\u0e23\u0e31\u0e21<\/a>: \u0e04\u0e25\u0e31\u0e07\u0e02\u0e49\u0e2d\u0e04\u0e27\u0e32\u0e21\u0e17\u0e35\u0e48\u0e42\u0e1e\u0e2a\u0e15\u0e4c\u0e08\u0e32\u0e01\u0e1f\u0e2d\u0e23\u0e31\u0e21\u0e40\u0e01\u0e48\u0e32.<\/li>\n<\/ul>","protected":false},"excerpt":{"rendered":"<p>Il conteggio delle carte \u00e8 un metodo legale di gioco che permette di acquisire un vantaggio matematico rispetto al casino. Il Blackjack \u00e8 differente rispetto agli altri giochi da casino. Si pu\u00f2 battere. Poich\u00e8 pi\u00f9 mani escono tra i vari giocatori durante una mischiata ed un&#8217;altra, un giocatore pu\u00f2 usare queste informazioni, sulle carte giocate, [&hellip;]<\/p>\n","protected":false},"author":4,"featured_media":0,"parent":0,"menu_order":0,"comment_status":"open","ping_status":"closed","template":"page-with-sidebar.php","meta":{"_acf_changed":false,"footnotes":""},"tags":[],"class_list":["post-2813","page","type-page","status-publish","hentry"],"acf":[],"yoast_head":"<!-- This site is optimized with the Yoast SEO plugin v26.6 - https:\/\/yoast.com\/wordpress\/plugins\/seo\/ -->\n<title>Conteggio Carte<\/title>\n<meta name=\"description\" content=\"Il conteggio delle carte \u00e8 un metodo legale di gioco che permette di acquisire un vantaggio matematico rispetto al casino. Il Blackjack \u00e8 differente\" \/>\n<meta name=\"robots\" content=\"index, follow, max-snippet:-1, max-image-preview:large, max-video-preview:-1\" \/>\n<link rel=\"canonical\" href=\"https:\/\/www.blackjackinfo.com\/th\/\u0e01\u0e32\u0e23\u0e19\u0e31\u0e1a\u0e44\u0e1e\u0e48\/\" \/>\n<meta property=\"og:locale\" content=\"th_TH\" \/>\n<meta property=\"og:type\" content=\"article\" \/>\n<meta property=\"og:title\" content=\"Conteggio Carte\" \/>\n<meta property=\"og:description\" content=\"Il conteggio delle carte \u00e8 un metodo legale di gioco che permette di acquisire un vantaggio matematico rispetto al casino. Il Blackjack \u00e8 differente\" \/>\n<meta property=\"og:url\" content=\"https:\/\/www.blackjackinfo.com\/th\/\u0e01\u0e32\u0e23\u0e19\u0e31\u0e1a\u0e44\u0e1e\u0e48\/\" \/>\n<meta property=\"og:site_name\" content=\"BlackjackInfo.com\" \/>\n<meta property=\"article:modified_time\" content=\"2018-04-17T06:21:32+00:00\" \/>\n<meta property=\"og:image\" content=\"https:\/\/www.it.blackjackinfo.com\/it\/AcrobatLogo.gif\" \/>\n<meta name=\"twitter:label1\" content=\"Est. reading time\" \/>\n\t<meta name=\"twitter:data1\" content=\"2 \u0e19\u0e32\u0e17\u0e35\" \/>\n<script type=\"application\/ld+json\" class=\"yoast-schema-graph\">{\"@context\":\"https:\/\/schema.org\",\"@graph\":[{\"@type\":\"WebPage\",\"@id\":\"https:\/\/www.blackjackinfo.com\/card-counting\/\",\"url\":\"https:\/\/www.blackjackinfo.com\/card-counting\/\",\"name\":\"Conteggio Carte\",\"isPartOf\":{\"@id\":\"https:\/\/www.blackjackinfo.com\/#website\"},\"primaryImageOfPage\":{\"@id\":\"https:\/\/www.blackjackinfo.com\/card-counting\/#primaryimage\"},\"image\":{\"@id\":\"https:\/\/www.blackjackinfo.com\/card-counting\/#primaryimage\"},\"thumbnailUrl\":\"https:\/\/www.it.blackjackinfo.com\/it\/AcrobatLogo.gif\",\"datePublished\":\"2017-03-13T04:40:35+00:00\",\"dateModified\":\"2018-04-17T06:21:32+00:00\",\"description\":\"Il conteggio delle carte \u00e8 un metodo legale di gioco che permette di acquisire un vantaggio matematico rispetto al casino. Il Blackjack \u00e8 differente\",\"breadcrumb\":{\"@id\":\"https:\/\/www.blackjackinfo.com\/card-counting\/#breadcrumb\"},\"inLanguage\":\"th\",\"potentialAction\":[{\"@type\":\"ReadAction\",\"target\":[\"https:\/\/www.blackjackinfo.com\/card-counting\/\"]}]},{\"@type\":\"ImageObject\",\"inLanguage\":\"th\",\"@id\":\"https:\/\/www.blackjackinfo.com\/card-counting\/#primaryimage\",\"url\":\"https:\/\/www.it.blackjackinfo.com\/it\/AcrobatLogo.gif\",\"contentUrl\":\"https:\/\/www.it.blackjackinfo.com\/it\/AcrobatLogo.gif\"},{\"@type\":\"BreadcrumbList\",\"@id\":\"https:\/\/www.blackjackinfo.com\/card-counting\/#breadcrumb\",\"itemListElement\":[{\"@type\":\"ListItem\",\"position\":1,\"name\":\"Home\",\"item\":\"https:\/\/www.blackjackinfo.com\/\"},{\"@type\":\"ListItem\",\"position\":2,\"name\":\"Conteggio Carte\"}]},{\"@type\":\"WebSite\",\"@id\":\"https:\/\/www.blackjackinfo.com\/#website\",\"url\":\"https:\/\/www.blackjackinfo.com\/\",\"name\":\"BlackjackInfo.com\",\"description\":\"Because Winning is More Fun!\",\"potentialAction\":[{\"@type\":\"SearchAction\",\"target\":{\"@type\":\"EntryPoint\",\"urlTemplate\":\"https:\/\/www.blackjackinfo.com\/?s={search_term_string}\"},\"query-input\":{\"@type\":\"PropertyValueSpecification\",\"valueRequired\":true,\"valueName\":\"search_term_string\"}}],\"inLanguage\":\"th\"}]}<\/script>\n<!-- \/ Yoast SEO plugin. -->","yoast_head_json":{"title":"\u0e01\u0e32\u0e23\u0e19\u0e31\u0e1a\u0e44\u0e1e\u0e48","description":"\u0e01\u0e32\u0e23\u0e19\u0e31\u0e1a\u0e44\u0e1e\u0e48\u0e40\u0e1b\u0e47\u0e19\u0e27\u0e34\u0e18\u0e35\u0e01\u0e32\u0e23\u0e17\u0e32\u0e07\u0e01\u0e0e\u0e2b\u0e21\u0e32\u0e22\u0e17\u0e35\u0e48\u0e0a\u0e48\u0e27\u0e22\u0e43\u0e2b\u0e49\u0e44\u0e14\u0e49\u0e40\u0e1b\u0e23\u0e35\u0e22\u0e1a\u0e17\u0e32\u0e07\u0e04\u0e13\u0e34\u0e15\u0e28\u0e32\u0e2a\u0e15\u0e23\u0e4c\u0e40\u0e2b\u0e19\u0e37\u0e2d\u0e04\u0e32\u0e2a\u0e34\u0e42\u0e19 \u0e41\u0e1a\u0e25\u0e47\u0e04\u0e41\u0e08\u0e47\u0e04\u0e41\u0e15\u0e01\u0e15\u0e48\u0e32\u0e07\u0e2d\u0e2d\u0e01\u0e44\u0e1b","robots":{"index":"index","follow":"follow","max-snippet":"max-snippet:-1","max-image-preview":"max-image-preview:large","max-video-preview":"max-video-preview:-1"},"canonical":"https:\/\/www.blackjackinfo.com\/th\/\u0e01\u0e32\u0e23\u0e19\u0e31\u0e1a\u0e44\u0e1e\u0e48\/","og_locale":"th_TH","og_type":"article","og_title":"Conteggio Carte","og_description":"Il conteggio delle carte \u00e8 un metodo legale di gioco che permette di acquisire un vantaggio matematico rispetto al casino. Il Blackjack \u00e8 differente","og_url":"https:\/\/www.blackjackinfo.com\/th\/\u0e01\u0e32\u0e23\u0e19\u0e31\u0e1a\u0e44\u0e1e\u0e48\/","og_site_name":"BlackjackInfo.com","article_modified_time":"2018-04-17T06:21:32+00:00","og_image":[{"url":"https:\/\/www.it.blackjackinfo.com\/it\/AcrobatLogo.gif","type":"","width":"","height":""}],"twitter_misc":{"Est. reading time":"2 \u0e19\u0e32\u0e17\u0e35"},"schema":{"@context":"https:\/\/schema.org","@graph":[{"@type":"WebPage","@id":"https:\/\/www.blackjackinfo.com\/card-counting\/","url":"https:\/\/www.blackjackinfo.com\/card-counting\/","name":"\u0e01\u0e32\u0e23\u0e19\u0e31\u0e1a\u0e44\u0e1e\u0e48","isPartOf":{"@id":"https:\/\/www.blackjackinfo.com\/#website"},"primaryImageOfPage":{"@id":"https:\/\/www.blackjackinfo.com\/card-counting\/#primaryimage"},"image":{"@id":"https:\/\/www.blackjackinfo.com\/card-counting\/#primaryimage"},"thumbnailUrl":"https:\/\/www.it.blackjackinfo.com\/it\/AcrobatLogo.gif","datePublished":"2017-03-13T04:40:35+00:00","dateModified":"2018-04-17T06:21:32+00:00","description":"\u0e01\u0e32\u0e23\u0e19\u0e31\u0e1a\u0e44\u0e1e\u0e48\u0e40\u0e1b\u0e47\u0e19\u0e27\u0e34\u0e18\u0e35\u0e01\u0e32\u0e23\u0e17\u0e32\u0e07\u0e01\u0e0e\u0e2b\u0e21\u0e32\u0e22\u0e17\u0e35\u0e48\u0e0a\u0e48\u0e27\u0e22\u0e43\u0e2b\u0e49\u0e44\u0e14\u0e49\u0e40\u0e1b\u0e23\u0e35\u0e22\u0e1a\u0e17\u0e32\u0e07\u0e04\u0e13\u0e34\u0e15\u0e28\u0e32\u0e2a\u0e15\u0e23\u0e4c\u0e40\u0e2b\u0e19\u0e37\u0e2d\u0e04\u0e32\u0e2a\u0e34\u0e42\u0e19 \u0e41\u0e1a\u0e25\u0e47\u0e04\u0e41\u0e08\u0e47\u0e04\u0e41\u0e15\u0e01\u0e15\u0e48\u0e32\u0e07\u0e2d\u0e2d\u0e01\u0e44\u0e1b","breadcrumb":{"@id":"https:\/\/www.blackjackinfo.com\/card-counting\/#breadcrumb"},"inLanguage":"th","potentialAction":[{"@type":"ReadAction","target":["https:\/\/www.blackjackinfo.com\/card-counting\/"]}]},{"@type":"ImageObject","inLanguage":"th","@id":"https:\/\/www.blackjackinfo.com\/card-counting\/#primaryimage","url":"https:\/\/www.it.blackjackinfo.com\/it\/AcrobatLogo.gif","contentUrl":"https:\/\/www.it.blackjackinfo.com\/it\/AcrobatLogo.gif"},{"@type":"BreadcrumbList","@id":"https:\/\/www.blackjackinfo.com\/card-counting\/#breadcrumb","itemListElement":[{"@type":"ListItem","position":1,"name":"Home","item":"https:\/\/www.blackjackinfo.com\/"},{"@type":"ListItem","position":2,"name":"Conteggio Carte"}]},{"@type":"WebSite","@id":"https:\/\/www.blackjackinfo.com\/#website","url":"https:\/\/www.blackjackinfo.com\/","name":"BlackjackInfo.com","description":"\u0e40\u0e1e\u0e23\u0e32\u0e30\u0e01\u0e32\u0e23\u0e0a\u0e19\u0e30\u0e2a\u0e19\u0e38\u0e01\u0e01\u0e27\u0e48\u0e32!","potentialAction":[{"@type":"SearchAction","target":{"@type":"EntryPoint","urlTemplate":"https:\/\/www.blackjackinfo.com\/?s={search_term_string}"},"query-input":{"@type":"PropertyValueSpecification","valueRequired":true,"valueName":"search_term_string"}}],"inLanguage":"th"}]}},"_links":{"self":[{"href":"https:\/\/www.blackjackinfo.com\/th\/wp-json\/wp\/v2\/pages\/2813","targetHints":{"allow":["GET"]}}],"collection":[{"href":"https:\/\/www.blackjackinfo.com\/th\/wp-json\/wp\/v2\/pages"}],"about":[{"href":"https:\/\/www.blackjackinfo.com\/th\/wp-json\/wp\/v2\/types\/page"}],"author":[{"embeddable":true,"href":"https:\/\/www.blackjackinfo.com\/th\/wp-json\/wp\/v2\/users\/4"}],"replies":[{"embeddable":true,"href":"https:\/\/www.blackjackinfo.com\/th\/wp-json\/wp\/v2\/comments?post=2813"}],"version-history":[{"count":1,"href":"https:\/\/www.blackjackinfo.com\/th\/wp-json\/wp\/v2\/pages\/2813\/revisions"}],"predecessor-version":[{"id":2814,"href":"https:\/\/www.blackjackinfo.com\/th\/wp-json\/wp\/v2\/pages\/2813\/revisions\/2814"}],"wp:attachment":[{"href":"https:\/\/www.blackjackinfo.com\/th\/wp-json\/wp\/v2\/media?parent=2813"}],"wp:term":[{"taxonomy":"post_tag","embeddable":true,"href":"https:\/\/www.blackjackinfo.com\/th\/wp-json\/wp\/v2\/tags?post=2813"}],"curies":[{"name":"wp","href":"https:\/\/api.w.org\/{rel}","templated":true}]}}