{"id":2784,"date":"2017-03-12T22:12:34","date_gmt":"2017-03-13T03:12:34","guid":{"rendered":"https:\/\/www.blackjackinfo.com\/?page_id=2784\/"},"modified":"2018-04-18T02:07:13","modified_gmt":"2018-04-18T07:07:13","slug":"lezione-14-il-corso-avanzato-parte-2","status":"publish","type":"page","link":"https:\/\/www.blackjackinfo.com\/uk\/scuola-di-blackjack\/lezione-14-il-corso-avanzato-parte-2\/","title":{"rendered":"Lezione 14 - Il Corso Avanzato - Parte 2"},"content":{"rendered":"<h3 class=\"gbs-heading\">\u0417\u043c\u0456\u043d\u0438 \u0421\u0442\u0440\u0430\u0442\u0435\u0433\u0456\u0447\u043d\u043e\u0457 \u0431\u0430\u0437\u0438: \u0422\u0456\u0440\u0430\u0440\u0435 \u0447\u0438 \u0424\u0435\u0440\u043c\u0430\u0440\u0441\u0456?<\/h3>\n<p class=\"intro\"><b>\u0420\u0456\u0448\u0435\u043d\u043d\u044f \u043f\u0440\u043e \u0442\u0435, \u0449\u043e \u043a\u043e\u0436\u0435\u043d \u0433\u0435\u043c\u0431\u043b\u0435\u0440 \u0431\u0443\u0434\u0435 \u0433\u0440\u0430\u0442\u0438 \u0432 \u0431\u043b\u0435\u043a\u0434\u0436\u0435\u043a \u0456 \u0440\u043e\u0431\u0438\u0442\u0438 \u0444\u0435\u0440\u043c\u0435\u0440\u0441\u044c\u043a\u0456 \u0441\u0442\u0430\u0432\u043a\u0438, \u043c\u043e\u0436\u0435 \u043f\u0440\u0438\u0437\u0432\u0435\u0441\u0442\u0438 \u0434\u043e \u0437\u043c\u0456\u043d\u0438 \u0431\u0430\u0437\u043e\u0432\u043e\u0457 \u0441\u0442\u0440\u0430\u0442\u0435\u0433\u0456\u0457 \u043d\u0430 \u0431\u0456\u043b\u044c\u0448 \u0437\u0430\u0433\u0430\u043b\u044c\u043d\u0443, \u044f\u043a\u0430 \u043c\u043e\u0436\u0435 \u0432\u043f\u043b\u0438\u043d\u0443\u0442\u0438 \u043d\u0430 \u0432\u0441\u0456 \u0456\u043d\u0448\u0456.<\/b> \u041f\u0435\u0440\u0448\u0430 - \u0437 \u0440\u0443\u043a\u043e\u044e 16 \u043f\u0440\u043e\u0442\u0438 \u0440\u0443\u043a\u0438 10 \u043d\u0430 \u0431\u0430\u043d\u043a\u0443. \u0412\u0438 \u043f\u043e\u0432\u0438\u043d\u043d\u0456 \u043f\u0456\u0434\u0456\u0440\u0432\u0430\u0442\u0438 \u0440\u0430\u0445\u0443\u043d\u043e\u043a, \u044f\u043a\u0449\u043e \u0432\u0456\u043d \u0434\u043e\u0440\u0456\u0432\u043d\u044e\u0454 0 \u0430\u0431\u043e \u044f\u043a\u0449\u043e \u0432\u0456\u043d \u043c\u0435\u043d\u0448\u0438\u0439 \u0437\u0430 0. \u0426\u0435 \u043e\u0437\u043d\u0430\u0447\u0430\u0454, \u0449\u043e \u044f\u043a\u0449\u043e \u043f\u043e\u0442\u043e\u0447\u043d\u0438\u0439 \u0440\u0430\u0445\u0443\u043d\u043e\u043a \u0431\u0456\u043b\u044c\u0448\u0438\u0439 \u0430\u0431\u043e \u043c\u0435\u043d\u0448\u0438\u0439 \u0437\u0430 0, \u043f\u043e\u0442\u0440\u0456\u0431\u043d\u043e \u0432\u0438\u043f\u0440\u0430\u0432\u0438\u0442\u0438. \u042f\u043a\u0449\u043e \u0446\u0438\u0444\u0440\u0430 \u0432\u0456\u0434\u043d\u043e\u0441\u043d\u043e \"\u0440\u0456\u0448\u0435\u043d\u043d\u044f\" \u0434\u043e\u0440\u0456\u0432\u043d\u044e\u0454 0, \u043d\u0435 \u043e\u0431\u043e\u0432'\u044f\u0437\u043a\u043e\u0432\u043e \u043e\u0431\u0447\u0438\u0441\u043b\u044e\u0432\u0430\u0442\u0438 \u0441\u043f\u0440\u0430\u0432\u0436\u043d\u044e \u043a\u0456\u043b\u044c\u043a\u0456\u0441\u0442\u044c - \u0432 \u0446\u044c\u043e\u043c\u0443 \u0432\u0438\u043f\u0430\u0434\u043a\u0443 \u0432\u043e\u043d\u0430 \u0431\u0443\u0434\u0435 \u043c\u0435\u043d\u0448\u043e\u044e. \u041d\u0435 \u0440\u043e\u0431\u0456\u0442\u044c \u0446\u044c\u043e\u0433\u043e \u0443 \u0434\u0430\u043d\u043e\u043c\u0443 \u0432\u0438\u043f\u0430\u0434\u043a\u0443. \u041c\u0430\u0439\u0436\u0435 \u0432\u0441\u0456 \u0432\u0430\u0440\u0456\u0430\u043d\u0442\u0438 \u0431\u0430\u0437\u043e\u0432\u043e\u0457 \u0441\u0442\u0440\u0430\u0442\u0435\u0433\u0456\u0457 \u0432\u043f\u043b\u0438\u0432\u0430\u044e\u0442\u044c \u043d\u0430 \u0456\u0441\u0442\u0438\u043d\u043d\u0443 \u043a\u0456\u043b\u044c\u043a\u0456\u0441\u0442\u044c, \u0430\u043b\u0435 \u0434\u043b\u044f \u0442\u0438\u0445, \u0443 \u044f\u043a\u0438\u0445 \u043a\u0456\u043b\u044c\u043a\u0456\u0441\u0442\u044c \u0440\u0456\u0448\u0435\u043d\u044c \u0434\u043e\u0440\u0456\u0432\u043d\u044e\u0454 0, \u0434\u043e\u0441\u0442\u0430\u0442\u043d\u044c\u043e \u043e\u0431\u0447\u0438\u0441\u043b\u0438\u0442\u0438 \u043f\u043e\u0442\u043e\u0447\u043d\u0435 \u0447\u0438\u0441\u043b\u043e.<\/p>\n<p>\u0414\u0440\u0443\u0433\u0438\u0439 \u0441\u043f\u043e\u0441\u0456\u0431 \u0443 \u043f\u043e\u0440\u044f\u0434\u043a\u0443 \u0432\u0430\u0436\u043b\u0438\u0432\u043e\u0441\u0442\u0456 - \u0446\u0435 15 \u043f\u0440\u043e\u0442\u0438 10 \u0443 \u0431\u0430\u043d\u043a\u0443. \u042f\u043a\u0449\u043e \u0432\u0438 \u0441\u0442\u0430\u0432\u0438\u0442\u0435 \u0447\u043e\u0442\u0438\u0440\u0438 \u0430\u0431\u043e \u0431\u0456\u043b\u044c\u0448\u0435 \u043c\u0430\u0437\u043a\u0456\u0432, \u0442\u043e \u043f\u0440\u0430\u0432\u0438\u043b\u044c\u043d\u0438\u043c \u0447\u0438\u0441\u043b\u043e\u043c \u0431\u0443\u0434\u0435 4. \u0426\u0456 \u0432\u0430\u0440\u0456\u0430\u0446\u0456\u0457 \u0442\u0430 \u0456\u043d\u0448\u0456 \u043f\u043e\u043f\u0435\u0440\u0435\u0434\u043d\u0456 \u0432\u0430\u0440\u0456\u0430\u043d\u0442\u0438 \u043c\u043e\u0436\u0443\u0442\u044c \u0431\u0443\u0442\u0438 \u043b\u0435\u0433\u043a\u043e \u043f\u043e\u0434\u043e\u043b\u0430\u043d\u0456 \u0437\u0430 \u0434\u043e\u043f\u043e\u043c\u043e\u0433\u043e\u044e \u0444\u043b\u0435\u0448-\u043a\u0430\u0440\u0442\u0438. \u041d\u0435 \u043e\u0431\u043e\u0432'\u044f\u0437\u043a\u043e\u0432\u043e, \u0449\u043e\u0431 \u0432\u043e\u043d\u0438 \u0431\u0443\u043b\u0438 \u043a\u0430\u0440\u0438\u043a\u0430\u0442\u0443\u0440\u043d\u0438\u043c\u0438 \u0430\u0431\u043e \u0441\u043e\u0444\u0456\u0441\u0442\u0438\u0447\u043d\u0438\u043c\u0438; \u0434\u043e\u0441\u0442\u0430\u0442\u043d\u044c\u043e, \u0449\u043e\u0431 \u0432\u043e\u043d\u0438 \u0431\u0443\u043b\u0438 \u0442\u043e\u0447\u043d\u0438\u043c\u0438. Fate qualche quadratino con le cartelle manila e sicuramente funzioneranno bene ugualmente. Una flashcard tipica sar\u00e0 come questa<\/p>\n<div class=\"text-center\">\n<img loading=\"lazy\" decoding=\"async\" src=\"\/img\/Blackjack-School\/flashcard1.jpg\" width=\"144\" height=\"144\" alt=\"Flash Card 1\" data-no-auto-translation=\"\">\n<\/div>\n<p>\u0423\u044f\u0432\u0456\u0442\u044c \u0441\u043e\u0431\u0456 10 \u0442\u0430 16 \u043a\u043b\u0456\u0442\u0438\u043d\u043e\u043a \u0443 \u0446\u0435\u043d\u0442\u0440\u0430\u043b\u044c\u043d\u0456\u0439 \u0437\u043e\u043d\u0456 \u043a\u0432\u0430\u0434\u0440\u0430\u0442\u0430 2\u2033 X 2\u2033, \u0430 \u0442\u0430\u043a\u043e\u0436 0 \u0443 \u0431\u0430\u0441\u043e\u0432\u043e\u043c\u0443 \u0433\u043e\u043b\u043e\u0441\u0456 \u0442\u0430\u043a, \u0449\u043e\u0431 \u0432\u0430\u0448 \u043e\u043f\u0438\u0442\u0443\u0432\u0430\u043d\u0438\u0439 \u043c\u0456\u0433 \u0441\u043a\u043e\u043f\u0456\u044e\u0432\u0430\u0442\u0438 \u0446\u0435 \u0447\u0438\u0441\u043b\u043e. \u041a\u043e\u043b\u0438 \u0432\u0438 \u0431\u0443\u0434\u0435\u0442\u0435 \u0434\u043e\u0441\u043b\u0456\u0434\u0436\u0443\u0432\u0430\u0442\u0438 \u043f\u0430\u043b\u0438\u0446\u044e, \u0441\u043a\u0430\u0436\u0456\u0442\u044c \"sedici contro 10, fermarsi a zero\" (\u0430\u0431\u043e \"pi\u00f9 di 0\"). \u042f\u043a\u0449\u043e \u0432\u0438 \u0432\u0438\u043a\u043e\u043d\u0430\u043b\u0438 15 \u043f\u0440\u043e\u0442\u0438 10, \u043a\u0430\u0440\u0442\u0430 \u0431\u0443\u0434\u0435 \u0432\u0438\u0433\u043b\u044f\u0434\u0430\u0442\u0438 \u043d\u0430\u0441\u0442\u0443\u043f\u043d\u0438\u043c \u0447\u0438\u043d\u043e\u043c<\/p>\n<div class=\"text-center\">\n<img loading=\"lazy\" decoding=\"async\" src=\"\/img\/Blackjack-School\/flashcard2.jpg\" width=\"144\" height=\"144\" alt=\"Flash Card 2\" data-no-auto-translation=\"\">\n<\/div>\n<p>\u041a\u043e\u043b\u0438 \u0432\u0438 \u043f\u0440\u0438\u0439\u0434\u0435\u0442\u0435 \u0434\u043e \u0446\u0456\u0454\u0457 \u043a\u0430\u0440\u0442\u043a\u0438, \u0441\u043a\u0430\u0436\u0456\u0442\u044c \"15 \u043f\u0440\u043e\u0442\u0438 10; \u043f\u0435\u0440\u0435\u043c\u043a\u043d\u0456\u0442\u044c \u043d\u0430 4\".<\/p>\n<p>\u041f\u0456\u0434 \u0447\u0430\u0441 \u043f\u0440\u043e\u0445\u043e\u0434\u0436\u0435\u043d\u043d\u044f \u0447\u0430\u0441\u0443, \u043d\u0435 \u043f\u043e\u0442\u0440\u0456\u0431\u043d\u043e \u0437\u0430\u043f\u0438\u0441\u0443\u0432\u0430\u0442\u0438, \u0449\u043e \u043f\u043e\u0442\u0440\u0456\u0431\u043d\u043e \u0437\u0440\u043e\u0431\u0438\u0442\u0438 \u0437 15 \u043f\u0440\u043e\u0442\u0438 10, \u0442\u043e\u043c\u0443 \u043d\u0430\u043f\u0438\u0448\u0456\u0442\u044c \"15 \u043f\u0440\u043e\u0442\u0438 10 \u0456 4\".<\/p>\n<p><b>Ecco i numeri che dovrete imparare.<\/b> \u0427\u0438\u0441\u043b\u0430, \u044f\u043a\u0456 \u0432\u0438 \u0437\u043d\u0430\u0439\u0434\u0435\u0442\u0435 \u0432 \u043a\u043d\u0438\u0433\u0430\u0445 \u0421\u0442\u0435\u043d\u0444\u043e\u0440\u0434\u0430 \u0412\u043e\u043d\u0433\u0430 \"\u041f\u0440\u043e\u0444\u0435\u0441\u0456\u0439\u043d\u0438\u0439 \u0431\u043b\u0435\u043a\u0434\u0436\u0435\u043a\", \u043c\u043e\u0436\u0443\u0442\u044c \u0432\u0456\u0434\u0440\u0456\u0437\u043d\u044f\u0442\u0438\u0441\u044f, \u0430\u043b\u0435 \u0442\u0456, \u0449\u043e \u044f \u0432\u043a\u0430\u0437\u0430\u0432, \u0454 \u0441\u043f\u0435\u0446\u0438\u0444\u0456\u0447\u043d\u0438\u043c\u0438 \u0434\u043b\u044f \u0433\u0440\u0438 \u0432 \u0431\u043b\u0435\u043a\u0434\u0436\u0435\u043a \u0456\u0437 \u0441\u0456\u043c\u043e\u043c\u0430 \u043c\u0430\u0437\u043a\u0430\u043c\u0438 \u0432 \u0431\u0430\u043d\u043a\u0443 \u0437 A-6, \u0456 \u0434\u0435\u044f\u043a\u0456 \u0437 \u043d\u0438\u0445 \u0431\u0443\u043b\u0438 \u043c\u043e\u0434\u0438\u0444\u0456\u043a\u043e\u0432\u0430\u043d\u0456 \u043d\u0430 \u043e\u0441\u043d\u043e\u0432\u0456 \u0442\u0435\u043e\u0440\u0456\u0457 \u0433\u0440\u0438 \u0432 \u0431\u043b\u0435\u043a\u0434\u0436\u0435\u043a \"avversione al rischio\", \u044f\u043a\u0430 \u0431\u0443\u043b\u0430 \u0432\u0438\u043f\u0443\u0449\u0435\u043d\u0430 \u0431\u043b\u0438\u0437\u044c\u043a\u043e 15 \u0440\u043e\u043a\u0456\u0432 \u0442\u043e\u043c\u0443. \u0426\u0456 \u0447\u0438\u0441\u043b\u0430 \u0444\u0443\u043d\u043a\u0446\u0456\u043e\u043d\u0443\u0432\u0430\u043b\u0438 \u0434\u043e\u0431\u0440\u0435; \u0432\u043e\u043d\u0438 \u0431\u0443\u043b\u0438 \u043f\u043e\u0441\u043b\u0430\u043d\u0446\u044f\u043c\u0438 \u0432\u0441\u0456\u0454\u0457 \u043f\u0440\u043e\u0432\u0438\u0434\u0456\u043d\u043d\u044f \u0437 \u043c\u0456\u0433\u0440\u0430\u0446\u0456\u0454\u044e \u0440\u0443\u0434\u0438, \u044f\u043a\u0443 \u044f \u0442\u0430 \u043c\u043e\u0457 \u0441\u0442\u0443\u0434\u0435\u043d\u0442\u0438 \u0433\u0440\u0430\u043b\u0438 \u0432 \u043a\u0430\u0437\u0438\u043d\u043e. \u041d\u0435 \u0432\u0438\u043a\u043e\u0440\u0438\u0441\u0442\u043e\u0432\u0443\u0439\u0442\u0435, \u0431\u0443\u0434\u044c \u043b\u0430\u0441\u043a\u0430, \u0433\u0440\u0443 \u0437 \u043e\u0434\u043d\u0438\u043c \u043c\u0443\u0437\u0438\u0447\u043d\u0438\u043c \u0456\u043d\u0441\u0442\u0440\u0443\u043c\u0435\u043d\u0442\u043e\u043c. Il gioco con un solo mazzo richiede cifre differenti e verr\u00e0 esaminato in una prossima lezione.<\/p>\n<hr \/>\n<p class=\"ctr\"><b>Variazioni Strategia Base: 6 Mazzi, Il Banco si ferma con A-6<\/b><\/p>\n<table class=\"gbs-ctable\">\n<tbody>\n<tr>\n<td class=\"w20\">12 \u043f\u0440\u043e\u0442\u0438 2<\/td>\n<td class=\"w30\">Fermarsi con 3 o superiore<\/td>\n<\/tr>\n<tr>\n<td>12 \u043f\u0440\u043e\u0442\u0438 3<\/td>\n<td>Fermarsi con 2 o superiore<\/td>\n<\/tr>\n<tr>\n<td>12 \u043f\u0440\u043e\u0442\u0438 4<\/td>\n<td>Fermarsi \u0437 0 \u0430\u0431\u043e \u0432\u0438\u0449\u0435<\/td>\n<td class=\"smaller\">(\u042f\u043a\u0449\u043e \u043a\u0456\u043b\u044c\u043a\u0456\u0441\u0442\u044c \u043f\u0440\u043e\u0431\u0456\u0433\u0456\u0432 \u043d\u0435\u0433\u0430\u0442\u0438\u0432\u043d\u0430, \u0432\u0438\u0431\u0435\u0440\u0456\u0442\u044c 12 \u043f\u0440\u043e\u0442\u0438 4. \u0412\u0438 \u0437\u0434\u0438\u0432\u0443\u0454\u0442\u0435 \u0456\u043d\u0448\u0438\u0445 \u0433\u0440\u0430\u0432\u0446\u0456\u0432 \u0443 \u0442\u0430\u0432\u043e\u043b\u0456!!!)<\/td>\n<\/tr>\n<tr>\n<td>12 \u043f\u0440\u043e\u0442\u0438 5<\/td>\n<td>Fermarsi \u0437 -1 \u0430\u0431\u043e \u0432\u0438\u0449\u0435<\/td>\n<td class=\"smaller\">(\u0426\u0435 \u043e\u0437\u043d\u0430\u0447\u0430\u0454, \u0449\u043e \u0432\u0438 \u043f\u043e\u0432\u0438\u043d\u043d\u0456 \u043d\u0430\u0442\u0438\u0441\u043d\u0443\u0442\u0438 \u043d\u0430 \u043a\u043b\u0430\u0432\u0456\u0448\u0443 \u0437 \u0431\u0456\u043b\u044c\u0448 \u043d\u0438\u0437\u044c\u043a\u0438\u043c \u0431\u0430\u0441\u043e\u043c -1).<\/td>\n<\/tr>\n<tr>\n<td>13 \u043f\u0440\u043e\u0442\u0438 2<\/td>\n<td>Fermarsi \u0437 -1 \u0430\u0431\u043e \u0432\u0438\u0449\u0435<\/td>\n<\/tr>\n<tr>\n<td>14 \u043f\u0440\u043e\u0442\u0438 \u0410<\/td>\n<td>Fermarsi con 9 o superiore<\/td>\n<\/tr>\n<tr>\n<td>15 \u043f\u0440\u043e\u0442\u0438 7<\/td>\n<td>Fermarsi con 10 o superiore<\/td>\n<\/tr>\n<tr>\n<td>15 \u043f\u0440\u043e\u0442\u0438 8<\/td>\n<td>Fermarsi con 10 o superiore<\/td>\n<\/tr>\n<tr>\n<td>15 \u043f\u0440\u043e\u0442\u0438 9<\/td>\n<td>Fermarsi con 8 o superiore<\/td>\n<\/tr>\n<tr>\n<td>15 \u043f\u0440\u043e\u0442\u0438 10<\/td>\n<td>Fermarsi con 4 o superiore<\/td>\n<\/tr>\n<tr>\n<td>15 \u043f\u0440\u043e\u0442\u0438 \u0410<\/td>\n<td>Fermarsi con 9 o superiore<\/td>\n<\/tr>\n<tr>\n<td>16 \u043f\u0440\u043e\u0442\u0438 7<\/td>\n<td>Fermarsi con 9 o superiore<\/td>\n<\/tr>\n<tr>\n<td>16 \u043f\u0440\u043e\u0442\u0438 8<\/td>\n<td>Fermarsi con 7 o superiore<\/td>\n<\/tr>\n<tr>\n<td>16 \u043f\u0440\u043e\u0442\u0438 9<\/td>\n<td>Fermarsi con 5 o superiore<\/td>\n<\/tr>\n<tr>\n<td>16 \u043f\u0440\u043e\u0442\u0438 10<\/td>\n<td>Fermarsi \u0437 0 \u0430\u0431\u043e \u0432\u0438\u0449\u0435<\/td>\n<\/tr>\n<tr>\n<td>16 \u043f\u0440\u043e\u0442\u0438 A<\/td>\n<td>Fermarsi con 8 o superiore<\/td>\n<\/tr>\n<\/tbody>\n<\/table>\n<hr \/>\n<p>E per finire, un gioco strano: Fermarsi con un A-7 contro un Asso con 1 o superiore.<\/p>\n<h3 class=\"gbs-heading\">Compiti per casa<\/h3>\n<p>\u0421\u0442\u0432\u043e\u0440\u0456\u0442\u044c \u043e\u043a\u0440\u0435\u043c\u0443 \u0444\u043b\u0435\u0448-\u043a\u0430\u0440\u0442\u0443 \u0442\u0430 \u0437\u0430\u043f\u0443\u0441\u0442\u0456\u0442\u044c \u0457\u0457, \u0449\u043e\u0431 \u0443\u043d\u0435\u043c\u043e\u0436\u043b\u0438\u0432\u0438\u0442\u0438 \u0446\u0456 \u0437\u043c\u0456\u043d\u0438.<\/p>","protected":false},"excerpt":{"rendered":"<p>Variazioni della Strategia Base: Tirare o Fermarsi? La decisione pi\u00f9 comune che ogni giocatore deve fare al tavolo da Blackjack \u00e8 se tirare o fermarsi, di conseguenza ci\u00f2 diventer\u00e0 la variazione della strategia base pi\u00f9 comune che dovreste imparare fra tutte le altre. La prima \u00e8 con una mano di 16 contro un 10 del [&hellip;]<\/p>\n","protected":false},"author":4,"featured_media":0,"parent":2715,"menu_order":0,"comment_status":"open","ping_status":"open","template":"page-blacjack-school-it.php","meta":{"_acf_changed":false,"footnotes":""},"tags":[],"class_list":["post-2784","page","type-page","status-publish","hentry"],"acf":[],"yoast_head":"<!-- This site is optimized with the Yoast SEO plugin v26.6 - https:\/\/yoast.com\/wordpress\/plugins\/seo\/ -->\n<title>Lezione 14 - Il Corso Avanzato - Parte 2<\/title>\n<meta name=\"description\" content=\"Variazioni della Strategia Base: Tirare o Fermarsi? La decisione pi\u00f9 comune che ogni giocatore deve fare al tavolo da Blackjack \u00e8 se tirare o fermarsi, di\" \/>\n<meta name=\"robots\" content=\"index, follow, max-snippet:-1, max-image-preview:large, max-video-preview:-1\" \/>\n<link rel=\"canonical\" href=\"https:\/\/www.blackjackinfo.com\/uk\/\u0448\u043a\u043e\u043b\u0430-\u0431\u043b\u0435\u043a\u0434\u0436\u0435\u043a\u0430\/\u0443\u0440\u043e\u043a-14-\u043f\u0440\u043e\u0441\u0443\u043d\u0443\u0442\u0438\u0439-\u043a\u0443\u0440\u0441-\u0447\u0430\u0441\u0442\u0438\u043d\u0430-2\/\" \/>\n<meta property=\"og:locale\" content=\"uk_UA\" \/>\n<meta property=\"og:type\" content=\"article\" \/>\n<meta property=\"og:title\" content=\"Lezione 14 - Il Corso Avanzato - Parte 2\" \/>\n<meta property=\"og:description\" content=\"Variazioni della Strategia Base: Tirare o Fermarsi? La decisione pi\u00f9 comune che ogni giocatore deve fare al tavolo da Blackjack \u00e8 se tirare o fermarsi, di\" \/>\n<meta property=\"og:url\" content=\"https:\/\/www.blackjackinfo.com\/uk\/\u0448\u043a\u043e\u043b\u0430-\u0431\u043b\u0435\u043a\u0434\u0436\u0435\u043a\u0430\/\u0443\u0440\u043e\u043a-14-\u043f\u0440\u043e\u0441\u0443\u043d\u0443\u0442\u0438\u0439-\u043a\u0443\u0440\u0441-\u0447\u0430\u0441\u0442\u0438\u043d\u0430-2\/\" \/>\n<meta property=\"og:site_name\" content=\"BlackjackInfo.com\" \/>\n<meta property=\"article:modified_time\" content=\"2018-04-18T07:07:13+00:00\" \/>\n<meta name=\"twitter:label1\" content=\"\u041f\u0440\u0438\u0431\u043b. \u0447\u0430\u0441 \u0447\u0438\u0442\u0430\u043d\u043d\u044f\" \/>\n\t<meta name=\"twitter:data1\" content=\"3 \u0445\u0432\u0438\u043b\u0438\u043d\u0438\" \/>\n<script type=\"application\/ld+json\" class=\"yoast-schema-graph\">{\"@context\":\"https:\/\/schema.org\",\"@graph\":[{\"@type\":\"WebPage\",\"@id\":\"https:\/\/www.blackjackinfo.com\/blackjack-school\/lesson-14-advanced-course-part-2\/\",\"url\":\"https:\/\/www.blackjackinfo.com\/blackjack-school\/lesson-14-advanced-course-part-2\/\",\"name\":\"Lezione 14 - Il Corso Avanzato - Parte 2\",\"isPartOf\":{\"@id\":\"https:\/\/www.blackjackinfo.com\/#website\"},\"datePublished\":\"2017-03-13T03:12:34+00:00\",\"dateModified\":\"2018-04-18T07:07:13+00:00\",\"description\":\"Variazioni della Strategia Base: Tirare o Fermarsi? La decisione pi\u00f9 comune che ogni giocatore deve fare al tavolo da Blackjack \u00e8 se tirare o fermarsi, di\",\"breadcrumb\":{\"@id\":\"https:\/\/www.blackjackinfo.com\/blackjack-school\/lesson-14-advanced-course-part-2\/#breadcrumb\"},\"inLanguage\":\"uk\",\"potentialAction\":[{\"@type\":\"ReadAction\",\"target\":[\"https:\/\/www.blackjackinfo.com\/blackjack-school\/lesson-14-advanced-course-part-2\/\"]}]},{\"@type\":\"BreadcrumbList\",\"@id\":\"https:\/\/www.blackjackinfo.com\/blackjack-school\/lesson-14-advanced-course-part-2\/#breadcrumb\",\"itemListElement\":[{\"@type\":\"ListItem\",\"position\":1,\"name\":\"Home\",\"item\":\"https:\/\/www.blackjackinfo.com\/\"},{\"@type\":\"ListItem\",\"position\":2,\"name\":\"La Scuola di Blackjack di GameMaster\",\"item\":\"https:\/\/www.it.blackjackinfo.com\/scuola-di-blackjack\/\"},{\"@type\":\"ListItem\",\"position\":3,\"name\":\"Lezione 14 &#8211; Il Corso Avanzato &#8211; Parte 2\"}]},{\"@type\":\"WebSite\",\"@id\":\"https:\/\/www.blackjackinfo.com\/#website\",\"url\":\"https:\/\/www.blackjackinfo.com\/\",\"name\":\"BlackjackInfo.com\",\"description\":\"Because Winning is More Fun!\",\"potentialAction\":[{\"@type\":\"SearchAction\",\"target\":{\"@type\":\"EntryPoint\",\"urlTemplate\":\"https:\/\/www.blackjackinfo.com\/?s={search_term_string}\"},\"query-input\":{\"@type\":\"PropertyValueSpecification\",\"valueRequired\":true,\"valueName\":\"search_term_string\"}}],\"inLanguage\":\"uk\"}]}<\/script>\n<!-- \/ Yoast SEO plugin. -->","yoast_head_json":{"title":"Lezione 14 - Il Corso Avanzato - Parte 2","description":"\u0417\u043c\u0456\u043d\u0438 \u0421\u0442\u0440\u0430\u0442\u0435\u0433\u0456\u0447\u043d\u043e\u0457 \u0431\u0430\u0437\u0438: Tirare o Fermarsi? \u0420\u0456\u0448\u0435\u043d\u043d\u044f \u043f\u0440\u043e \u0442\u0435, \u0449\u043e \u043a\u043e\u0436\u0435\u043d \u0433\u0440\u0430\u0432\u0435\u0446\u044c \u043f\u043e\u0432\u0438\u043d\u0435\u043d \u0437\u0440\u043e\u0431\u0438\u0442\u0438 \u0432 \u0431\u043b\u0435\u043a\u0434\u0436\u0435\u043a - \u0432\u0437\u044f\u0442\u0438 \u0447\u0438 \u043d\u0435 \u0432\u0437\u044f\u0442\u0438 \u0444\u0435\u0440\u043c\u0430\u0440\u0438, \u0437\u0430\u043b\u0435\u0436\u0438\u0442\u044c \u0432\u0456\u0434 \u0442\u043e\u0433\u043e, \u0449\u043e \u0432\u0456\u043d \u0432\u0438\u0440\u0456\u0448\u0438\u0442\u044c","robots":{"index":"index","follow":"follow","max-snippet":"max-snippet:-1","max-image-preview":"max-image-preview:large","max-video-preview":"max-video-preview:-1"},"canonical":"https:\/\/www.blackjackinfo.com\/uk\/\u0448\u043a\u043e\u043b\u0430-\u0431\u043b\u0435\u043a\u0434\u0436\u0435\u043a\u0430\/\u0443\u0440\u043e\u043a-14-\u043f\u0440\u043e\u0441\u0443\u043d\u0443\u0442\u0438\u0439-\u043a\u0443\u0440\u0441-\u0447\u0430\u0441\u0442\u0438\u043d\u0430-2\/","og_locale":"uk_UA","og_type":"article","og_title":"Lezione 14 - Il Corso Avanzato - Parte 2","og_description":"Variazioni della Strategia Base: Tirare o Fermarsi? La decisione pi\u00f9 comune che ogni giocatore deve fare al tavolo da Blackjack \u00e8 se tirare o fermarsi, di","og_url":"https:\/\/www.blackjackinfo.com\/uk\/\u0448\u043a\u043e\u043b\u0430-\u0431\u043b\u0435\u043a\u0434\u0436\u0435\u043a\u0430\/\u0443\u0440\u043e\u043a-14-\u043f\u0440\u043e\u0441\u0443\u043d\u0443\u0442\u0438\u0439-\u043a\u0443\u0440\u0441-\u0447\u0430\u0441\u0442\u0438\u043d\u0430-2\/","og_site_name":"BlackjackInfo.com","article_modified_time":"2018-04-18T07:07:13+00:00","twitter_misc":{"\u041f\u0440\u0438\u0431\u043b. \u0447\u0430\u0441 \u0447\u0438\u0442\u0430\u043d\u043d\u044f":"3 \u0445\u0432\u0438\u043b\u0438\u043d\u0438"},"schema":{"@context":"https:\/\/schema.org","@graph":[{"@type":"WebPage","@id":"https:\/\/www.blackjackinfo.com\/blackjack-school\/lesson-14-advanced-course-part-2\/","url":"https:\/\/www.blackjackinfo.com\/blackjack-school\/lesson-14-advanced-course-part-2\/","name":"Lezione 14 - Il Corso Avanzato - Parte 2","isPartOf":{"@id":"https:\/\/www.blackjackinfo.com\/#website"},"datePublished":"2017-03-13T03:12:34+00:00","dateModified":"2018-04-18T07:07:13+00:00","description":"\u0417\u043c\u0456\u043d\u0438 \u0421\u0442\u0440\u0430\u0442\u0435\u0433\u0456\u0447\u043d\u043e\u0457 \u0431\u0430\u0437\u0438: Tirare o Fermarsi? \u0420\u0456\u0448\u0435\u043d\u043d\u044f \u043f\u0440\u043e \u0442\u0435, \u0449\u043e \u043a\u043e\u0436\u0435\u043d \u0433\u0440\u0430\u0432\u0435\u0446\u044c \u043f\u043e\u0432\u0438\u043d\u0435\u043d \u0437\u0440\u043e\u0431\u0438\u0442\u0438 \u0432 \u0431\u043b\u0435\u043a\u0434\u0436\u0435\u043a - \u0432\u0437\u044f\u0442\u0438 \u0447\u0438 \u043d\u0435 \u0432\u0437\u044f\u0442\u0438 \u0444\u0435\u0440\u043c\u0430\u0440\u0438, \u0437\u0430\u043b\u0435\u0436\u0438\u0442\u044c \u0432\u0456\u0434 \u0442\u043e\u0433\u043e, \u0449\u043e \u0432\u0456\u043d \u0432\u0438\u0440\u0456\u0448\u0438\u0442\u044c","breadcrumb":{"@id":"https:\/\/www.blackjackinfo.com\/blackjack-school\/lesson-14-advanced-course-part-2\/#breadcrumb"},"inLanguage":"uk","potentialAction":[{"@type":"ReadAction","target":["https:\/\/www.blackjackinfo.com\/blackjack-school\/lesson-14-advanced-course-part-2\/"]}]},{"@type":"BreadcrumbList","@id":"https:\/\/www.blackjackinfo.com\/blackjack-school\/lesson-14-advanced-course-part-2\/#breadcrumb","itemListElement":[{"@type":"ListItem","position":1,"name":"Home","item":"https:\/\/www.blackjackinfo.com\/"},{"@type":"ListItem","position":2,"name":"La Scuola di Blackjack di GameMaster","item":"https:\/\/www.it.blackjackinfo.com\/scuola-di-blackjack\/"},{"@type":"ListItem","position":3,"name":"Lezione 14 &#8211; Il Corso Avanzato &#8211; Parte 2"}]},{"@type":"WebSite","@id":"https:\/\/www.blackjackinfo.com\/#website","url":"https:\/\/www.blackjackinfo.com\/","name":"BlackjackInfo.com","description":"\u0422\u043e\u043c\u0443 \u0449\u043e \u043f\u0435\u0440\u0435\u043c\u0430\u0433\u0430\u0442\u0438 \u0432\u0435\u0441\u0435\u043b\u0456\u0448\u0435!","potentialAction":[{"@type":"SearchAction","target":{"@type":"EntryPoint","urlTemplate":"https:\/\/www.blackjackinfo.com\/?s={search_term_string}"},"query-input":{"@type":"PropertyValueSpecification","valueRequired":true,"valueName":"search_term_string"}}],"inLanguage":"uk"}]}},"_links":{"self":[{"href":"https:\/\/www.blackjackinfo.com\/uk\/wp-json\/wp\/v2\/pages\/2784","targetHints":{"allow":["GET"]}}],"collection":[{"href":"https:\/\/www.blackjackinfo.com\/uk\/wp-json\/wp\/v2\/pages"}],"about":[{"href":"https:\/\/www.blackjackinfo.com\/uk\/wp-json\/wp\/v2\/types\/page"}],"author":[{"embeddable":true,"href":"https:\/\/www.blackjackinfo.com\/uk\/wp-json\/wp\/v2\/users\/4"}],"replies":[{"embeddable":true,"href":"https:\/\/www.blackjackinfo.com\/uk\/wp-json\/wp\/v2\/comments?post=2784"}],"version-history":[{"count":3,"href":"https:\/\/www.blackjackinfo.com\/uk\/wp-json\/wp\/v2\/pages\/2784\/revisions"}],"predecessor-version":[{"id":2787,"href":"https:\/\/www.blackjackinfo.com\/uk\/wp-json\/wp\/v2\/pages\/2784\/revisions\/2787"}],"up":[{"embeddable":true,"href":"https:\/\/www.blackjackinfo.com\/uk\/wp-json\/wp\/v2\/pages\/2715"}],"wp:attachment":[{"href":"https:\/\/www.blackjackinfo.com\/uk\/wp-json\/wp\/v2\/media?parent=2784"}],"wp:term":[{"taxonomy":"post_tag","embeddable":true,"href":"https:\/\/www.blackjackinfo.com\/uk\/wp-json\/wp\/v2\/tags?post=2784"}],"curies":[{"name":"wp","href":"https:\/\/api.w.org\/{rel}","templated":true}]}}