{"id":2790,"date":"2017-03-12T22:23:01","date_gmt":"2017-03-13T03:23:01","guid":{"rendered":"https:\/\/www.blackjackinfo.com\/?page_id=2790\/"},"modified":"2018-04-18T02:07:13","modified_gmt":"2018-04-18T07:07:13","slug":"lezione-16-il-corso-avanzato-parte-4","status":"publish","type":"page","link":"https:\/\/www.blackjackinfo.com\/uk\/scuola-di-blackjack\/lezione-16-il-corso-avanzato-parte-4\/","title":{"rendered":"Lezione 16 Il Corso Avanzato - Parte 4"},"content":{"rendered":"<h3 class=\"gbs-heading\">Variazioni Strategia Base: \u0420\u043e\u0437\u0434\u0456\u043b\u044f\u0442\u0438 \u0447\u0438 \u043d\u0435 \u0440\u043e\u0437\u0434\u0456\u043b\u044f\u0442\u0438<\/h3>\n<p class=\"intro\"><b>\u041d\u0430\u0439\u0433\u043e\u043b\u043e\u0432\u043d\u0456\u0448\u0435, \u0449\u043e \u043f\u043e\u0442\u0440\u0456\u0431\u043d\u043e \u0432\u0440\u0430\u0445\u043e\u0432\u0443\u0432\u0430\u0442\u0438, \u0446\u0435 \u0442\u0435, \u043a\u043e\u043b\u0438 \u0434\u0456\u043b\u0438\u0442\u0438 \u043a\u043e\u043f\u0456\u0457, \u0456 \u0447\u0438 \u0434\u043e\u0437\u0432\u043e\u043b\u044f\u0454 \u043a\u0430\u0437\u0438\u043d\u043e, \u0432 \u044f\u043a\u043e\u043c\u0443 \u0432\u043e\u043d\u0438 \u0437\u043d\u0430\u0445\u043e\u0434\u044f\u0442\u044c\u0441\u044f, \u0447\u0438 \u043d\u0456, - \u0446\u0435 \u0440\u043e\u0437\u043f\u043e\u0434\u0456\u043b \u043f\u0456\u0441\u043b\u044f \u043f\u043e\u0434\u0456\u043b\u0443 (DAS).<\/b> \u042f\u043a\u0449\u043e DAS \u0454 \u043a\u043e\u043d\u0446\u0435\u0441\u0456\u0454\u044e, \u043d\u0435\u043e\u0431\u0445\u0456\u0434\u043d\u043e \u0437\u0430\u043f\u0430\u043c'\u044f\u0442\u0430\u0442\u0438 \u0441\u0442\u0440\u0430\u0442\u0435\u0433\u0456\u044e \u0432\u0438\u043f\u0440\u0430\u0432\u043b\u0435\u043d\u043d\u044f \u043f\u043e\u043c\u0438\u043b\u043e\u043a. \u0411\u0430\u0433\u0430\u0442\u043e \u0445\u0442\u043e \u0440\u043e\u0431\u0438\u0442\u044c \u0431\u0430\u0433\u0430\u0442\u043e \u043f\u043e\u043c\u0438\u043b\u043e\u043a \u043f\u0440\u0438 \u0434\u0456\u043b\u0435\u043d\u043d\u0456 \u043a\u043e\u043f\u0456\u0439, \u0432 \u043e\u0441\u043d\u043e\u0432\u043d\u043e\u043c\u0443 \u0437 \u0440\u0443\u043a\u043e\u044e 8, 8. \u0411\u0430\u0433\u0430\u0442\u043e \u0445\u0442\u043e \u0437\u043d\u0430\u0454, \u0449\u043e \u043a\u043e\u043f\u0456\u0439\u043a\u0430 \u0437 \u0446\u0438\u0444\u0440\u043e\u044e 8 \u0434\u0456\u043b\u0438\u0442\u044c\u0441\u044f \u043d\u0430 \u044f\u043a\u0456\u0441\u043d\u0443 \u043a\u0430\u0440\u0442\u043a\u0443 \u0431\u0430\u043d\u043a\u0443, \u0430\u043b\u0435 \u0431\u0430\u0433\u0430\u0442\u043e \u0445\u0442\u043e \u043f\u043e\u043c\u0438\u043b\u044f\u0454\u0442\u044c\u0441\u044f \u0437 \u0446\u0438\u0444\u0440\u043e\u044e 10. \u0412\u0430\u0440\u0442\u0456\u0441\u0442\u044c \u0446\u0456\u0454\u0457 \u043f\u043e\u043c\u0438\u043b\u043a\u0438 \u043d\u0435 \u0454 \u0432\u0435\u043b\u0438\u043a\u043e\u044e, \u043c\u0430\u0439\u0436\u0435 \u0437\u0430\u0432\u0436\u0434\u0438, \u0445\u043e\u0447\u0430 \u0440\u0443\u043a\u0430 8,8 \u0454 \u0434\u043e\u0441\u0438\u0442\u044c \u0440\u0456\u0434\u043a\u0456\u0441\u043d\u043e\u044e. \u0410\u043b\u0435, \u0437 \u0456\u043d\u0448\u043e\u0433\u043e \u0431\u043e\u043a\u0443, \u0443 giocatore \u0454 \u043f\u0435\u0440\u0435\u0434\u0431\u0430\u0447\u0435\u043d\u043d\u044f -0,537%, \u0430 \u0443 divisendo (\u044f\u043a\u0449\u043e il DAS \u0454 \u043a\u043e\u043d\u0446\u0435\u0441\u0456\u0454\u044e), \u043f\u0435\u0440\u0435\u0434\u0431\u0430\u0447\u0435\u043d\u043d\u044f -0,483%. \u0422\u0430\u043a\u0438\u043c \u0447\u0438\u043d\u043e\u043c, \u0434\u043e\u0434\u0430\u0442\u043a\u043e\u0432\u0456 \u043f\u0440\u043e\u0434\u0430\u0436\u0456, \u044f\u043a\u0456 \u0431\u0443\u0434\u0443\u0442\u044c \u0437\u0434\u0456\u0439\u0441\u043d\u0435\u043d\u0456 \u0437 \u0440\u0438\u0437\u0438\u043a\u043e\u043c - \u0443 \u043d\u0430\u0439\u0431\u043b\u0438\u0436\u0447\u043e\u043c\u0443 \u043c\u0430\u0439\u0431\u0443\u0442\u043d\u044c\u043e\u043c\u0443 - \u043c\u0430\u0442\u0438\u043c\u0443\u0442\u044c \u0431\u0456\u043b\u044c\u0448\u0438\u0439 \u043f\u0440\u0438\u0431\u0443\u0442\u043e\u043a. \u0411\u0443\u0434\u044c \u043b\u0430\u0441\u043a\u0430, \u043f\u043e\u0434\u0443\u043c\u0430\u0439\u0442\u0435 \u043f\u0440\u043e \u0446\u0435. \u0412\u0456\u0434\u0434\u0430\u0454\u0442\u0435 \u043f\u0435\u0440\u0435\u0432\u0430\u0433\u0443 \u043f\u0435\u0440\u0435\u0433\u043b\u044f\u0434\u0443 \u0437 16 \u043d\u0430 10 \u0447\u0438 \u0437 8 \u043d\u0430 10? \u0420\u043e\u0437\u0434\u0456\u043b\u0438\u0432\u0448\u0438, \u0432\u0438 \u043e\u0442\u0440\u0438\u043c\u0430\u0454\u0442\u0435 \u043c\u043e\u0436\u043b\u0438\u0432\u0456\u0441\u0442\u044c \u043f\u0440\u0430\u0446\u044e\u0432\u0430\u0442\u0438 \u0437 \u0432\u0456\u0441\u0456\u043c\u043a\u043e\u044e. \u042f\u043a \u043f\u0440\u0430\u0432\u0438\u043b\u043e, \u0447\u0438\u0441\u043b\u0430 \u0432\u043a\u0430\u0437\u0443\u044e\u0442\u044c \u043d\u0430 \u0442\u0435, \u0449\u043e \u0441\u043b\u0456\u0434 \u0434\u0456\u043b\u0438\u0442\u0438 \u043d\u0430\u0432\u0456\u0442\u044c \u0442\u043e\u0434\u0456, \u043a\u043e\u043b\u0438 DAS \u043d\u0435 \u0454 \u043f\u043e\u0441\u0442\u0443\u043f\u043a\u043e\u044e, \u043d\u0430\u0432\u0456\u0442\u044c \u044f\u043a\u0449\u043e \u0440\u0456\u0437\u043d\u0438\u0446\u044f \u043d\u0435 \u0454 \u0432\u0435\u043b\u0438\u043a\u043e\u044e.<\/p>\n<p><b>\u041a\u043e\u043b\u0438 \u0456\u0441\u0442\u0438\u043d\u043d\u0438\u0439 \u0440\u0430\u0445\u0443\u043d\u043e\u043a \u043f\u0440\u043e\u0434\u0430\u0454\u0442\u044c\u0441\u044f, \u0434\u0456\u043b\u0438\u0442\u044c\u0441\u044f \u043d\u0430 \u0431\u0456\u043b\u044c\u0448\u0435, \u0430 \u043f\u043e\u0442\u0456\u043c \u0434\u0456\u043b\u0438\u0442\u044c\u0441\u044f \u043d\u0430 \u043c\u0435\u043d\u0448\u0435.<\/b> \u0423 \u0432\u0438\u043f\u0430\u0434\u043a\u0443 \u0437 \u0432\u0438\u0441\u043e\u043a\u0438\u043c \u043a\u043e\u043d\u0442\u0435\u0433\u0433\u0456\u043e\u043d\u043e\u043c - \u0446\u0435 \u043f\u043e\u0434\u0456\u043b \u043d\u0430 10. Per esempio, ci potrebbe essere un caso in cui vale la pena dividere un paio di carte vestite contro un 6. In questo caso specifico consiglio ai miei studenti di evitare di giocare in questo modo poich\u00e8 ci\u00f2 scatena una reazione negativa al tavolo da parte degli altri giocatori. \u041d\u0435\u0432\u0430\u0436\u043b\u0438\u0432\u043e, \u0449\u043e \u0456\u043d\u0448\u0456 \u0433\u0440\u0430\u0432\u0446\u0456 \u0434\u0443\u043c\u0430\u044e\u0442\u044c \u043f\u0440\u043e \u043c\u043e\u044e \u0437\u0430\u044f\u0432\u043a\u0443, \u0430\u043b\u0435 \u044f\u043a\u0449\u043e \u043f\u0440\u0430\u0446\u0456\u0432\u043d\u0438\u043a \u043a\u0430\u0437\u0438\u043d\u043e \u043f\u043e\u0431\u0430\u0447\u0438\u0442\u044c \u0440\u0435\u043a\u043b\u0430\u043c\u0443 \u0442\u043e\u0433\u043e, \u0449\u043e \u0432\u0438\u0433\u0440\u0430\u0432, \u0439\u043e\u0433\u043e \u043f\u0435\u0440\u0448\u0435 \u0432\u0440\u0430\u0436\u0435\u043d\u043d\u044f \u0431\u0443\u0434\u0435, \u0449\u043e \u0432\u0438 - \u0448\u0430\u0445\u0440\u0430\u0439. \u042f\u043a\u0449\u043e \u044f \u043f\u043e\u0431\u0430\u0447\u0443, \u0449\u043e \u0443 \u043c\u0435\u043d\u0435 \u0454 \u0445\u043e\u0440\u043e\u0448\u0430 \u0441\u0442\u0440\u0430\u0442\u0435\u0433\u0456\u044f \u0456 \u044f \u0456\u043c\u043f\u0440\u043e\u0432\u0456\u0437\u0443\u044e, \u043d\u0430\u043c\u0430\u0433\u0430\u044e\u0447\u0438\u0441\u044c \u0440\u043e\u0437\u0434\u0456\u043b\u0438\u0442\u0438 10 \u043d\u0430 6, \u044f \u043f\u043e\u0434\u0443\u043c\u0430\u044e, \u0449\u043e \u044f \u0430\u0431\u043e \u0434\u0443\u0440\u0435\u043d\u044c, \u0430\u0431\u043e \u0434\u0443\u0436\u0435 \u0440\u043e\u0437\u0443\u043c\u043d\u0438\u0439, \u0430\u0431\u043e \u0434\u0443\u0436\u0435 \u0440\u043e\u0437\u0443\u043c\u043d\u0438\u0439. La mia opinione \u00e8 che tutto sia collegato all'imagine que proiettate nel casino; se siete un 'tipo sgangherato', potete farlo. \u0410\u043b\u0435 \u044f\u043a\u0449\u043e \u0432\u0438 \u0441\u043f\u043e\u043a\u0456\u0439\u043d\u0438\u0439, \u0434\u043e\u0431\u0440\u043e\u0437\u0438\u0447\u043b\u0438\u0432\u0438\u0439 \u0456 \u043d\u0435 \u0430\u0437\u0430\u0440\u0442\u043d\u0438\u0439, \u044f \u0440\u0430\u0434\u0436\u0443 \u0432\u0430\u043c \u043d\u0435 \u0434\u0456\u043b\u0438\u0442\u0438 10 \u043d\u0430 10.<\/p>\n<p><b>\u0412\u0441\u0456 \u0456\u043d\u0448\u0456 \u0432\u0438\u043f\u0430\u0434\u043a\u0438 \u043f\u043e\u0434\u0456\u043b\u0443 \u043f\u043e\u0432\u0438\u043d\u043d\u0456 \u0432\u0456\u0434\u043f\u043e\u0432\u0456\u0434\u0430\u0442\u0438 \u0431\u0443\u043a\u0432\u0456; \u043e\u0441\u043e\u0431\u043b\u0438\u0432\u043e \u0442\u0456, \u0449\u043e \u0441\u0442\u043e\u0441\u0443\u044e\u0442\u044c\u0441\u044f \u043f\u043e\u0434\u0456\u043b\u0443 \u0456 4 \u043f\u0440\u043e\u0442\u0438 \u0456 5 \u0430\u0431\u043e \u0456 6 (\u044f\u043a\u0449\u043e DAS \u0454 \u043a\u043e\u043d\u0446\u0435\u0441\u0456\u0454\u044e).<\/b> Molte persone non memorizzano perfettamente la strategia base che riguarda le copie, di conseguenza non sapranno cosa \u00e8 giusto o sbagliato fare e molti pensano que \u00e8 sbagliato dividere i 4. Nulla di meglio che giocare correttamente e sembrare al contempo un tonto!<\/p>\n<p>\u041f\u0456\u0434 \u0447\u0430\u0441 \u043f\u043e\u0434\u0430\u043b\u044c\u0448\u043e\u0457 \u0440\u043e\u0431\u043e\u0442\u0438 \u0437 \u043a\u043e\u043f\u0456\u044f\u043c\u0438 \u0441\u043b\u0456\u0434 \u0437\u0432\u0435\u0440\u043d\u0443\u0442\u0438 \u0443\u0432\u0430\u0433\u0443 \u043d\u0430 \u0442\u0435, \u0449\u043e \u0434\u0435\u044f\u043a\u0456 \u0437 \u043d\u0438\u0445 \u043d\u0435 \u0437\u0431\u0456\u0433\u0430\u044e\u0442\u044c\u0441\u044f \u0437 \u043f\u0443\u0431\u043b\u0456\u043a\u0430\u0446\u0456\u044f\u043c\u0438 \u0421\u0442\u0435\u043d\u0444\u043e\u0440\u0434\u0430 \u0412\u043e\u043d\u0433\u0430 \u0442\u0430 \u0456\u043d\u0448\u0438\u0445 \u0430\u0432\u0442\u043e\u0440\u0456\u0432. \u042f\u043a \u0456 \u0432 \u043f\u043e\u043f\u0435\u0440\u0435\u0434\u043d\u044c\u043e\u043c\u0443 \u0432\u0438\u043f\u0430\u0434\u043a\u0443, \u0434\u0435\u044f\u043a\u0456 \u0437 \u043d\u0438\u0445 \u043c\u043e\u0436\u0443\u0442\u044c \u0431\u0443\u0442\u0438 \u0437\u043c\u0456\u043d\u0435\u043d\u0456, \u043e\u0441\u043a\u0456\u043b\u044c\u043a\u0438 \u0440\u0435\u0437\u0443\u043b\u044c\u0442\u0430\u0442\u0438 \u0434\u043e\u0441\u043b\u0456\u0434\u0436\u0435\u043d\u044c \u0424\u0440\u0456\u0434\u043c\u0430\u043d\u0430 \u043d\u0435 \u0432\u0456\u0434\u043f\u043e\u0432\u0456\u0434\u0430\u044e\u0442\u044c \u0440\u0438\u0437\u0438\u043a\u0430\u043c, \u043f\u043e\u0432'\u044f\u0437\u0430\u043d\u0438\u043c \u0456\u0437 \u0437\u043e\u043b\u043e\u0442\u043e\u044e \u0436\u0438\u043b\u043e\u044e.<\/p>\n<hr \/>\n<table class=\"gbs-ctable\">\n<tbody>\n<tr>\n<th colspan=\"3\">Variazoni Strategia Base:<br \/>\nDAS \u00e8 concesso<\/th>\n<\/tr>\n<tr>\n<td>3,3 \u043f\u0440\u043e\u0442\u0438 2<\/td>\n<td>Tirare con 0 o meno.<\/td>\n<td>(Invece di dividere.)<\/td>\n<\/tr>\n<tr>\n<td>4,4 \u043f\u0440\u043e\u0442\u0438 5<\/td>\n<td>\u0407\u0434\u044c\u0442\u0435 \u0437 -1 \u0434\u043e 1.<\/td>\n<td>(Invece di dividere.)<\/td>\n<\/tr>\n<tr>\n<td>4,4 \u043f\u0440\u043e\u0442\u0438 6<\/td>\n<td>\u0407\u0434\u044c\u0442\u0435 \u0437 \u0442\u0435\u043c\u043f\u0435\u0440\u0430\u0442\u0443\u0440\u043e\u044e -2 \u0433\u0440\u0430\u0434\u0443\u0441\u0438 \u0437\u0430 \u0426\u0435\u043b\u044c\u0441\u0456\u0454\u043c.<\/td>\n<td>(Invece di dividere.)<\/td>\n<\/tr>\n<tr>\n<td>6,6 \u043f\u0440\u043e\u0442\u0438 2<\/td>\n<td>\u0407\u0434\u044c\u0442\u0435 \u0437 -1 \u0434\u043e 1.<\/td>\n<td>(Invece di dividere.)<\/td>\n<\/tr>\n<tr>\n<td>8,8 \u043f\u0440\u043e\u0442\u0438 10<\/td>\n<td>Fermarsi con 8.<\/td>\n<td>(\u042f\u043a\u0449\u043e \u043a\u043e\u043d\u0442\u0435\u0433\u0433\u0456\u043e \u0454 \u0434\u0443\u0436\u0435 \u0432\u0438\u0441\u043e\u043a\u0438\u043c, \u0432\u0438 \u0444\u0435\u0440\u043c\u0435\u0440\u0443\u0454\u0442\u0435 \u0447\u0435\u0440\u0435\u0437 \u0442\u0435, \u0449\u043e \u0442\u0438 \u043f\u0440\u0430\u0446\u044e\u0454\u0448).<\/td>\n<\/tr>\n<tr>\n<td>9,9 \u043f\u0440\u043e\u0442\u0438 7<\/td>\n<td>\u0420\u043e\u0437\u0434\u0456\u043b\u0456\u0442\u044c \u043d\u0430 6.<\/td>\n<\/tr>\n<\/tbody>\n<\/table>","protected":false},"excerpt":{"rendered":"<p>Variazioni Strategia Base: Dividere o Non Dividere Il fattore principale da considerare quando dividete le coppie \u00e8 se il casino in cui giocate permette o meno il raddoppio dopo la divisione (DAS). Se il DAS \u00e8 concesso, \u00e8 necessario memorizzarsi la strategia di base corretta. Noto giocatori che commettono molti errori nel dividere le coppie, [&hellip;]<\/p>\n","protected":false},"author":4,"featured_media":0,"parent":2715,"menu_order":0,"comment_status":"open","ping_status":"open","template":"page-blacjack-school-it.php","meta":{"_acf_changed":false,"footnotes":""},"tags":[],"class_list":["post-2790","page","type-page","status-publish","hentry"],"acf":[],"yoast_head":"<!-- This site is optimized with the Yoast SEO plugin v26.6 - https:\/\/yoast.com\/wordpress\/plugins\/seo\/ -->\n<title>Lezione 16 Il Corso Avanzato - Parte 4<\/title>\n<meta name=\"description\" content=\"Variazioni Strategia Base: Dividere o Non Dividere Il fattore principale da considerare quando dividete le coppie \u00e8 se il casino in cui giocate permette o\" \/>\n<meta name=\"robots\" content=\"index, follow, max-snippet:-1, max-image-preview:large, max-video-preview:-1\" \/>\n<link rel=\"canonical\" href=\"https:\/\/www.blackjackinfo.com\/uk\/\u0448\u043a\u043e\u043b\u0430-\u0431\u043b\u0435\u043a\u0434\u0436\u0435\u043a\u0430\/\u0443\u0440\u043e\u043a-16-\u043f\u0440\u043e\u0441\u0443\u043d\u0443\u0442\u0438\u0439-\u043a\u0443\u0440\u0441-\u0447\u0430\u0441\u0442\u0438\u043d\u0430-4\/\" \/>\n<meta property=\"og:locale\" content=\"uk_UA\" \/>\n<meta property=\"og:type\" content=\"article\" \/>\n<meta property=\"og:title\" content=\"Lezione 16 Il Corso Avanzato - Parte 4\" \/>\n<meta property=\"og:description\" content=\"Variazioni Strategia Base: Dividere o Non Dividere Il fattore principale da considerare quando dividete le coppie \u00e8 se il casino in cui giocate permette o\" \/>\n<meta property=\"og:url\" content=\"https:\/\/www.blackjackinfo.com\/uk\/\u0448\u043a\u043e\u043b\u0430-\u0431\u043b\u0435\u043a\u0434\u0436\u0435\u043a\u0430\/\u0443\u0440\u043e\u043a-16-\u043f\u0440\u043e\u0441\u0443\u043d\u0443\u0442\u0438\u0439-\u043a\u0443\u0440\u0441-\u0447\u0430\u0441\u0442\u0438\u043d\u0430-4\/\" \/>\n<meta property=\"og:site_name\" content=\"BlackjackInfo.com\" \/>\n<meta property=\"article:modified_time\" content=\"2018-04-18T07:07:13+00:00\" \/>\n<meta name=\"twitter:label1\" content=\"\u041f\u0440\u0438\u0431\u043b. \u0447\u0430\u0441 \u0447\u0438\u0442\u0430\u043d\u043d\u044f\" \/>\n\t<meta name=\"twitter:data1\" content=\"3 \u0445\u0432\u0438\u043b\u0438\u043d\u0438\" \/>\n<script type=\"application\/ld+json\" class=\"yoast-schema-graph\">{\"@context\":\"https:\/\/schema.org\",\"@graph\":[{\"@type\":\"WebPage\",\"@id\":\"https:\/\/www.blackjackinfo.com\/blackjack-school\/lesson-16-advanced-course-part-4\/\",\"url\":\"https:\/\/www.blackjackinfo.com\/blackjack-school\/lesson-16-advanced-course-part-4\/\",\"name\":\"Lezione 16 Il Corso Avanzato - Parte 4\",\"isPartOf\":{\"@id\":\"https:\/\/www.blackjackinfo.com\/#website\"},\"datePublished\":\"2017-03-13T03:23:01+00:00\",\"dateModified\":\"2018-04-18T07:07:13+00:00\",\"description\":\"Variazioni Strategia Base: Dividere o Non Dividere Il fattore principale da considerare quando dividete le coppie \u00e8 se il casino in cui giocate permette o\",\"breadcrumb\":{\"@id\":\"https:\/\/www.blackjackinfo.com\/blackjack-school\/lesson-16-advanced-course-part-4\/#breadcrumb\"},\"inLanguage\":\"uk\",\"potentialAction\":[{\"@type\":\"ReadAction\",\"target\":[\"https:\/\/www.blackjackinfo.com\/blackjack-school\/lesson-16-advanced-course-part-4\/\"]}]},{\"@type\":\"BreadcrumbList\",\"@id\":\"https:\/\/www.blackjackinfo.com\/blackjack-school\/lesson-16-advanced-course-part-4\/#breadcrumb\",\"itemListElement\":[{\"@type\":\"ListItem\",\"position\":1,\"name\":\"Home\",\"item\":\"https:\/\/www.blackjackinfo.com\/\"},{\"@type\":\"ListItem\",\"position\":2,\"name\":\"La Scuola di Blackjack di GameMaster\",\"item\":\"https:\/\/www.it.blackjackinfo.com\/scuola-di-blackjack\/\"},{\"@type\":\"ListItem\",\"position\":3,\"name\":\"Lezione 16 Il Corso Avanzato &#8211; Parte 4\"}]},{\"@type\":\"WebSite\",\"@id\":\"https:\/\/www.blackjackinfo.com\/#website\",\"url\":\"https:\/\/www.blackjackinfo.com\/\",\"name\":\"BlackjackInfo.com\",\"description\":\"Because Winning is More Fun!\",\"potentialAction\":[{\"@type\":\"SearchAction\",\"target\":{\"@type\":\"EntryPoint\",\"urlTemplate\":\"https:\/\/www.blackjackinfo.com\/?s={search_term_string}\"},\"query-input\":{\"@type\":\"PropertyValueSpecification\",\"valueRequired\":true,\"valueName\":\"search_term_string\"}}],\"inLanguage\":\"uk\"}]}<\/script>\n<!-- \/ Yoast SEO plugin. -->","yoast_head_json":{"title":"Lezione 16 Il Corso Avanzato - Parte 4","description":"\u0412\u0430\u0440\u0456\u0430\u0446\u0456\u0457 \u0431\u0430\u0437\u043e\u0432\u043e\u0457 \u0441\u0442\u0440\u0430\u0442\u0435\u0433\u0456\u0457: \u0420\u043e\u0437\u0434\u0456\u043b\u044f\u0442\u0438 \u0447\u0438 \u043d\u0435 \u0440\u043e\u0437\u0434\u0456\u043b\u044f\u0442\u0438 \u041e\u0441\u043d\u043e\u0432\u043d\u0435, \u0449\u043e \u043f\u043e\u0442\u0440\u0456\u0431\u043d\u043e \u0432\u0440\u0430\u0445\u043e\u0432\u0443\u0432\u0430\u0442\u0438, \u0446\u0435 \u0442\u0435, \u043a\u043e\u043b\u0438 \u0434\u0456\u043b\u0438\u0442\u0438 \u043a\u043e\u043f\u0456\u0457 \u0442\u0430 \u0447\u0438 \u0434\u043e\u0437\u0432\u043e\u043b\u044f\u0454 \u043a\u0430\u0437\u0438\u043d\u043e, \u0432 \u044f\u043a\u043e\u043c\u0443 \u0432\u0438 \u0433\u0440\u0430\u0454\u0442\u0435, \u0440\u043e\u0437\u0434\u0456\u043b\u044f\u0442\u0438 \u0430\u0431\u043e \u043d\u0435 \u0440\u043e\u0437\u0434\u0456\u043b\u044f\u0442\u0438","robots":{"index":"index","follow":"follow","max-snippet":"max-snippet:-1","max-image-preview":"max-image-preview:large","max-video-preview":"max-video-preview:-1"},"canonical":"https:\/\/www.blackjackinfo.com\/uk\/\u0448\u043a\u043e\u043b\u0430-\u0431\u043b\u0435\u043a\u0434\u0436\u0435\u043a\u0430\/\u0443\u0440\u043e\u043a-16-\u043f\u0440\u043e\u0441\u0443\u043d\u0443\u0442\u0438\u0439-\u043a\u0443\u0440\u0441-\u0447\u0430\u0441\u0442\u0438\u043d\u0430-4\/","og_locale":"uk_UA","og_type":"article","og_title":"Lezione 16 Il Corso Avanzato - Parte 4","og_description":"Variazioni Strategia Base: Dividere o Non Dividere Il fattore principale da considerare quando dividete le coppie \u00e8 se il casino in cui giocate permette o","og_url":"https:\/\/www.blackjackinfo.com\/uk\/\u0448\u043a\u043e\u043b\u0430-\u0431\u043b\u0435\u043a\u0434\u0436\u0435\u043a\u0430\/\u0443\u0440\u043e\u043a-16-\u043f\u0440\u043e\u0441\u0443\u043d\u0443\u0442\u0438\u0439-\u043a\u0443\u0440\u0441-\u0447\u0430\u0441\u0442\u0438\u043d\u0430-4\/","og_site_name":"BlackjackInfo.com","article_modified_time":"2018-04-18T07:07:13+00:00","twitter_misc":{"\u041f\u0440\u0438\u0431\u043b. \u0447\u0430\u0441 \u0447\u0438\u0442\u0430\u043d\u043d\u044f":"3 \u0445\u0432\u0438\u043b\u0438\u043d\u0438"},"schema":{"@context":"https:\/\/schema.org","@graph":[{"@type":"WebPage","@id":"https:\/\/www.blackjackinfo.com\/blackjack-school\/lesson-16-advanced-course-part-4\/","url":"https:\/\/www.blackjackinfo.com\/blackjack-school\/lesson-16-advanced-course-part-4\/","name":"Lezione 16 Il Corso Avanzato - Parte 4","isPartOf":{"@id":"https:\/\/www.blackjackinfo.com\/#website"},"datePublished":"2017-03-13T03:23:01+00:00","dateModified":"2018-04-18T07:07:13+00:00","description":"\u0412\u0430\u0440\u0456\u0430\u0446\u0456\u0457 \u0431\u0430\u0437\u043e\u0432\u043e\u0457 \u0441\u0442\u0440\u0430\u0442\u0435\u0433\u0456\u0457: \u0420\u043e\u0437\u0434\u0456\u043b\u044f\u0442\u0438 \u0447\u0438 \u043d\u0435 \u0440\u043e\u0437\u0434\u0456\u043b\u044f\u0442\u0438 \u041e\u0441\u043d\u043e\u0432\u043d\u0435, \u0449\u043e \u043f\u043e\u0442\u0440\u0456\u0431\u043d\u043e \u0432\u0440\u0430\u0445\u043e\u0432\u0443\u0432\u0430\u0442\u0438, \u0446\u0435 \u0442\u0435, \u043a\u043e\u043b\u0438 \u0434\u0456\u043b\u0438\u0442\u0438 \u043a\u043e\u043f\u0456\u0457 \u0442\u0430 \u0447\u0438 \u0434\u043e\u0437\u0432\u043e\u043b\u044f\u0454 \u043a\u0430\u0437\u0438\u043d\u043e, \u0432 \u044f\u043a\u043e\u043c\u0443 \u0432\u0438 \u0433\u0440\u0430\u0454\u0442\u0435, \u0440\u043e\u0437\u0434\u0456\u043b\u044f\u0442\u0438 \u0430\u0431\u043e \u043d\u0435 \u0440\u043e\u0437\u0434\u0456\u043b\u044f\u0442\u0438","breadcrumb":{"@id":"https:\/\/www.blackjackinfo.com\/blackjack-school\/lesson-16-advanced-course-part-4\/#breadcrumb"},"inLanguage":"uk","potentialAction":[{"@type":"ReadAction","target":["https:\/\/www.blackjackinfo.com\/blackjack-school\/lesson-16-advanced-course-part-4\/"]}]},{"@type":"BreadcrumbList","@id":"https:\/\/www.blackjackinfo.com\/blackjack-school\/lesson-16-advanced-course-part-4\/#breadcrumb","itemListElement":[{"@type":"ListItem","position":1,"name":"Home","item":"https:\/\/www.blackjackinfo.com\/"},{"@type":"ListItem","position":2,"name":"La Scuola di Blackjack di GameMaster","item":"https:\/\/www.it.blackjackinfo.com\/scuola-di-blackjack\/"},{"@type":"ListItem","position":3,"name":"Lezione 16 Il Corso Avanzato &#8211; Parte 4"}]},{"@type":"WebSite","@id":"https:\/\/www.blackjackinfo.com\/#website","url":"https:\/\/www.blackjackinfo.com\/","name":"BlackjackInfo.com","description":"\u0422\u043e\u043c\u0443 \u0449\u043e \u043f\u0435\u0440\u0435\u043c\u0430\u0433\u0430\u0442\u0438 \u0432\u0435\u0441\u0435\u043b\u0456\u0448\u0435!","potentialAction":[{"@type":"SearchAction","target":{"@type":"EntryPoint","urlTemplate":"https:\/\/www.blackjackinfo.com\/?s={search_term_string}"},"query-input":{"@type":"PropertyValueSpecification","valueRequired":true,"valueName":"search_term_string"}}],"inLanguage":"uk"}]}},"_links":{"self":[{"href":"https:\/\/www.blackjackinfo.com\/uk\/wp-json\/wp\/v2\/pages\/2790","targetHints":{"allow":["GET"]}}],"collection":[{"href":"https:\/\/www.blackjackinfo.com\/uk\/wp-json\/wp\/v2\/pages"}],"about":[{"href":"https:\/\/www.blackjackinfo.com\/uk\/wp-json\/wp\/v2\/types\/page"}],"author":[{"embeddable":true,"href":"https:\/\/www.blackjackinfo.com\/uk\/wp-json\/wp\/v2\/users\/4"}],"replies":[{"embeddable":true,"href":"https:\/\/www.blackjackinfo.com\/uk\/wp-json\/wp\/v2\/comments?post=2790"}],"version-history":[{"count":1,"href":"https:\/\/www.blackjackinfo.com\/uk\/wp-json\/wp\/v2\/pages\/2790\/revisions"}],"predecessor-version":[{"id":2791,"href":"https:\/\/www.blackjackinfo.com\/uk\/wp-json\/wp\/v2\/pages\/2790\/revisions\/2791"}],"up":[{"embeddable":true,"href":"https:\/\/www.blackjackinfo.com\/uk\/wp-json\/wp\/v2\/pages\/2715"}],"wp:attachment":[{"href":"https:\/\/www.blackjackinfo.com\/uk\/wp-json\/wp\/v2\/media?parent=2790"}],"wp:term":[{"taxonomy":"post_tag","embeddable":true,"href":"https:\/\/www.blackjackinfo.com\/uk\/wp-json\/wp\/v2\/tags?post=2790"}],"curies":[{"name":"wp","href":"https:\/\/api.w.org\/{rel}","templated":true}]}}