{"id":2813,"date":"2017-03-12T23:40:35","date_gmt":"2017-03-13T04:40:35","guid":{"rendered":"https:\/\/www.blackjackinfo.com\/?page_id=2813\/"},"modified":"2018-04-17T01:21:32","modified_gmt":"2018-04-17T06:21:32","slug":"conteggio-carte","status":"publish","type":"page","link":"https:\/\/www.blackjackinfo.com\/uk\/conteggio-carte\/","title":{"rendered":"Conteggio Carte"},"content":{"rendered":"<p>Il conteggio delle carte \u00e8 un metodo legale di gioco, che permetto di acquire un vantaggio matematico rispetto al casino.<\/p>\n<p class=\"intro\">\u0411\u043b\u0435\u043a\u0434\u0436\u0435\u043a \u0432\u0456\u0434\u0440\u0456\u0437\u043d\u044f\u0454\u0442\u044c\u0441\u044f \u0432\u0456\u0434 \u0456\u043d\u0448\u0438\u0445 \u0456\u0433\u043e\u0440 \u043a\u0430\u0437\u0438\u043d\u043e. Si pu\u00f2 battere. \u041e\u0441\u043a\u0456\u043b\u044c\u043a\u0438 \u043f\u0456\u0434 \u0447\u0430\u0441 \u0433\u0440\u0438 \u0432 \u0431\u043b\u0435\u043a\u0434\u0436\u0435\u043a \u0456 \u0432 \u0456\u043d\u0448\u0456 \u0456\u0433\u0440\u0438 \u0432\u0438 \u0431\u0430\u0447\u0438\u0442\u0435 \u0440\u0456\u0437\u043d\u0456 \u0432\u0430\u0440\u0456\u0430\u043d\u0442\u0438, \u0434\u0438\u043b\u0435\u0440 \u0432\u0438\u043a\u043e\u0440\u0438\u0441\u0442\u043e\u0432\u0443\u0454 \u0446\u044e \u0456\u043d\u0444\u043e\u0440\u043c\u0430\u0446\u0456\u044e \u043d\u0430 \u0432\u0441\u0456\u0445 \u043a\u0430\u0440\u0442\u0430\u0445 \u0434\u043b\u044f \u0442\u043e\u0433\u043e, \u0449\u043e\u0431 \u043f\u0435\u0440\u0435\u0434\u0431\u0430\u0447\u0438\u0442\u0438, \u044f\u043a\u0443 \u0437 \u043d\u0438\u0445 \u0432\u0456\u043d \u0437\u043c\u043e\u0436\u0435 \u0432\u0438\u043a\u043e\u0440\u0438\u0441\u0442\u0430\u0442\u0438 \u043d\u0430\u0434\u0430\u043b\u0456. \u0420\u0456\u0437\u043d\u0438\u0446\u044f \u0432 \u043a\u0430\u0440\u0442\u0430\u0445, \u044f\u043a \u0443 \u0440\u0443\u043b\u0435\u0442\u0446\u0456 \u0430\u0431\u043e \u0442\u0430\u043c, \u0434\u0435 \u043f\u043e\u043f\u0435\u0440\u0435\u0434\u043d\u0456\u0439 \u0432\u0438\u043f\u0430\u0434\u043e\u043a \u043d\u0435 \u0432\u043f\u043b\u0438\u043d\u0443\u0432 \u043d\u0430 \u043c\u0430\u0439\u0431\u0443\u0442\u043d\u0456 \u0440\u0456\u0448\u0435\u043d\u043d\u044f, \u043a\u043e\u0436\u043d\u0430 \u0440\u0443\u043a\u0430 \u0432 \u0431\u043b\u0435\u043a\u0434\u0436\u0435\u043a\u0443 \u0437\u0431\u0456\u0434\u043d\u044e\u0454 \u043a\u043e\u043b\u043e\u0434\u0443 \u043a\u0430\u0440\u0442, \u0449\u043e \u0437\u0430\u043b\u0438\u0448\u0438\u043b\u0438\u0441\u044f. \u0417 \u0446\u044c\u043e\u0433\u043e \u043d\u0430\u043f\u0456\u0432\u0444\u0430\u0431\u0440\u0438\u043a\u0430\u0442\u0443 \u043d\u0430\u0440\u043e\u0434\u0438\u043b\u0430\u0441\u044f \u0456\u0434\u0435\u044f \u043a\u043e\u043d\u0442\u0435\u0433\u043c\u0435\u043d\u0442\u0430\u0446\u0456\u0457 \u043a\u0430\u0440\u0442, \u0437\u0430\u043a\u043e\u043d\u043d\u043e\u0433\u043e \u043c\u0435\u0442\u043e\u0434\u0443 \u0433\u0440\u0438, \u044f\u043a\u0438\u0439 \u0434\u0430\u0454 \u0433\u0440\u0430\u0432\u0446\u0435\u0432\u0456 \u043c\u0430\u0442\u0435\u043c\u0430\u0442\u0438\u0447\u043d\u0435 \u043f\u0435\u0440\u0435\u0434\u0431\u0430\u0447\u0435\u043d\u043d\u044f \u0432 \u043a\u0430\u0437\u0438\u043d\u043e.<\/p>\n<p>\u042f\u043a\u0449\u043e \u043a\u0430\u0440\u0442\u0430 \u0446\u0456\u043d\u043d\u043e\u0441\u0442\u0456 \u0432\u0438\u0441\u043e\u043a\u0430, \u044f\u043a \u043d\u0430 \u043c\u0430\u043b\u044e\u043d\u043a\u0443, \u0442\u043e \u0444\u0456\u0433\u0443\u0440\u043a\u0438, \u0449\u043e \u043b\u0435\u0442\u044f\u0442\u044c \u0443 \u043c\u0430\u0437\u0430\u043d\u043d\u0456, \u0456 \u0442\u0456, \u0449\u043e \u043c\u043e\u0436\u0443\u0442\u044c \u0437'\u044f\u0432\u0438\u0442\u0438\u0441\u044f \u0437\u043d\u043e\u0432\u0443, \u043c\u0430\u044e\u0442\u044c \u0431\u0456\u043b\u044c\u0448\u0443 \u0432\u0438\u0441\u043e\u0442\u0443, \u043d\u0456\u0436 \u043a\u0430\u0440\u0442\u0430 \u0446\u0456\u043d\u043d\u043e\u0441\u0442\u0456 \u043d\u0438\u0437\u044c\u043a\u0430, \u0430 \u043e\u0442\u0436\u0435, \u0437\u0431\u0456\u043b\u044c\u0448\u0443\u0454\u0442\u044c\u0441\u044f \u0448\u0432\u0438\u0434\u043a\u0456\u0441\u0442\u044c \u0440\u0443\u0445\u0443 \u043a\u0430\u0440\u0443\u0441\u0435\u043b\u0456. \u0414\u0456\u0439\u0441\u043d\u043e, \u043a\u043e\u043d\u0442\u0435\u0433\u0433\u0456\u043e \u0434\u0435\u043b\u043b\u0435 \u043a\u0430\u0440\u0442\u0435 - \u0446\u0435 \u043c\u0430\u0439\u0436\u0435 \u0437\u0430\u0432\u0436\u0434\u0438 \u043c\u0435\u0442\u043e\u0434, \u044f\u043a\u0438\u0439 \u0432\u0438\u0437\u043d\u0430\u0447\u0430\u0454, \u043a\u043e\u043b\u0438 \u043c\u0430\u0437\u0430\u0444\u0430\u043a\u0430 \u0437\u0430\u043b\u0438\u0448\u0430\u0454\u0442\u044c\u0441\u044f \u043d\u0430 \u043a\u043e\u0440\u0438\u0441\u0442\u044c \u0433\u0456\u043e\u043a\u0430\u0442\u043e\u0440\u0430. Quando il mazzo \u00e8 \"ricco\" di assi e di carte con valore dieci, il giocatore effettua puntate alte. Quando invece il mazzo ha pi\u00f9 carte di valore basso come dai due ai sei, il giocatore far\u00e0 puntate molto piccole or lascer\u00e0 il tavolo.<\/p>\n<p>\u0417\u0430 \u0434\u043e\u043f\u043e\u043c\u043e\u0433\u043e\u044e \u0441\u0442\u0430\u0442\u0435\u0439 \u0442\u0430 \u0434\u0438\u0441\u043a\u0443\u0441\u0456\u0439, \u044f\u043a\u0456 \u0432\u0438 \u0437\u043d\u0430\u0439\u0434\u0435\u0442\u0435 \u0442\u0443\u0442, \u0432\u0438 \u043c\u043e\u0436\u0435\u0442\u0435 \u0437\u0440\u043e\u0437\u0443\u043c\u0456\u0442\u0438, \u0449\u043e \u043a\u043e\u043d\u0442\u0435\u0433\u043c\u0435\u043d\u0442\u0430\u0446\u0456\u044f \u043a\u0430\u0440\u0442 \u043d\u0435 \u0454 \u043b\u0438\u0448\u0435 \u043c\u0430\u0442\u0435\u043c\u0430\u0442\u0438\u0447\u043d\u043e\u044e, \u0430 \u0439 \u0432\u0456\u0434\u0440\u0456\u0437\u043d\u044f\u0454\u0442\u044c\u0441\u044f \u0432\u0456\u0434 \u0442\u043e\u0433\u043e, \u0449\u043e \u0440\u043e\u0437\u043f\u043e\u0432\u0456\u0434\u0430\u044e\u0442\u044c \u043f\u0440\u043e \u043d\u0438\u0445 \u0443 \u0444\u0456\u043b\u044c\u043c\u0430\u0445. <i>\"\u041b\u044e\u0434\u0438\u043d\u0430 \u0434\u043e\u0449\u0443\"<\/i> o <i>\u201c21\u201d<\/i>. \u0412\u0442\u0456\u043c, \u0431\u0430\u0433\u0430\u0442\u043e \u0433\u0440\u0430\u0432\u0446\u0456\u0432, \u044f\u043a\u0456 \u0431\u0430\u0436\u0430\u044e\u0442\u044c \u0432\u0437\u044f\u0442\u0438 \u0443\u0447\u0430\u0441\u0442\u044c \u0443 \u0446\u0456\u0439 \u0434\u0456\u044f\u043b\u044c\u043d\u043e\u0441\u0442\u0456, \u043c\u043e\u0436\u0443\u0442\u044c \u0441\u0442\u0430\u0442\u0438 \u0441\u043f\u0440\u0430\u0432\u0436\u043d\u0456\u043c\u0438 \u0433\u0435\u043c\u0431\u043b\u0435\u0440\u0430\u043c\u0438 \u0431\u043b\u0435\u043a\u0434\u0436\u0435\u043a\u0430.<\/p>\n<h2 class=\"title\">Articoli sul conteggio delle carte al Blackjack<\/h2>\n<h3 class=\"gbs-heading\">In Italiano<\/h3>\n<ul class=\"articles\">\n<li><a href=\"https:\/\/www.it.blackjackinfo.com\/it\/scuola-di-blackjack\/\">La Scuola di Blackjack di GameMaster<\/a>: \u0411\u0435\u0437\u043a\u043e\u0448\u0442\u043e\u0432\u043d\u0438\u0439 \u043a\u043e\u0440\u0441 \u0443 \u0440\u043e\u0437\u043c\u0456\u0440\u0456 24 \u043b\u0435\u0446\u0456\u0439 \u0437\u0430 \u043f\u0440\u043e\u0442\u0438\u0441\u0442\u0430\u0432\u043b\u0435\u043d\u043d\u044f \u043a\u0430\u0440\u0442 \u0434\u043e \u0431\u043b\u0435\u043a\u0434\u0436\u0435\u043a\u0443.<\/li>\n<li><a href=\"https:\/\/www.it.blackjackinfo.com\/it\/miglior-lavoro-del-mondo.php\">Il Miglior Lavoro del Mondo<\/a>: \u041f\u0430\u043d\u043e\u0440\u0430\u043c\u0430 \u0436\u0438\u0442\u0442\u044f \u043f\u0440\u043e\u0444\u0435\u0441\u0456\u043e\u043d\u0430\u043b\u0430, \u044f\u043a\u0438\u0439 \u0437\u0430\u0445\u043e\u043f\u043b\u044e\u0454\u0442\u044c\u0441\u044f \u0431\u043b\u0435\u043a\u0434\u0436\u0435\u043a\u043e\u043c.\n<div class=\"meta\">\u0434\u0456 \u041a\u0435\u0432\u0456\u043d \u0411\u043b\u0435\u043a\u0432\u0443\u0434<\/div>\n<blockquote><p><strong>\u041a\u0435\u0432\u0456\u043d \u0411\u043b\u0435\u043a\u0432\u0443\u0434<\/strong> \u0432\u0456\u043d \u0434\u043e\u0432\u0433\u0438\u0439 \u0447\u0430\u0441 \u0431\u0443\u0432 \u043f\u0440\u043e\u0444\u0435\u0441\u0456\u0439\u043d\u0438\u043c \u0433\u0440\u0430\u0432\u0446\u0435\u043c \u0443 \u0431\u043b\u0435\u043a\u0434\u0436\u0435\u043a, \u044f\u043a\u0438\u0439 \u0432\u0438\u0433\u0440\u0430\u0432 \u043f\u043e\u043d\u0430\u0434 \u043c\u0456\u043b\u044c\u0439\u043e\u043d \u0434\u043e\u043b\u0430\u0440\u0456\u0432 \u0443 \u043a\u0430\u0437\u0438\u043d\u043e, \u0433\u0440\u0430\u044e\u0447\u0438 \u0437\u0430 \u043a\u0430\u0440\u0442\u0430\u043c\u0438. \u041a\u0440\u0456\u043c \u0442\u043e\u0433\u043e, \u0432\u0456\u043d \u0442\u0430\u043a\u043e\u0436 \u0454 \u0433\u0440\u0456\u0437\u043d\u0438\u043c \u043f\u0438\u0441\u044c\u043c\u0435\u043d\u043d\u0438\u043a\u043e\u043c, \u0430\u0432\u0442\u043e\u0440\u043e\u043c <a href=\"https:\/\/www.it.blackjackinfo.com\/store\/play-blackjack-like-the-pros.html\">\u0413\u0440\u0430\u0439\u0442\u0435 \u0432 \u0431\u043b\u0435\u043a\u0434\u0436\u0435\u043a \u044f\u043a \u043f\u0440\u043e\u0444\u0435\u0441\u0456\u043e\u043d\u0430\u043b\u0438<\/a> \u0432\u0438\u0434\u0430\u043d\u0438\u0439 \u0432\u0438\u0434\u0430\u0432\u043d\u0438\u0446\u0442\u0432\u043e\u043c Harper Collins. Gli altri suoi lavori includono un romanzo <a href=\"http:\/\/www.amazon.com\/dp\/0971727309\/?tag=theblackjacbasic\">\u041b\u0456\u0447\u0438\u043b\u044c\u043d\u0438\u043a<\/a>, e <a href=\"http:\/\/www.amazon.com\/dp\/047175286X\/?tag=theblackjacbasic\">\u0410\u0437\u0430\u0440\u0442\u043d\u0456 \u0456\u0433\u0440\u0438 \u0432 \u043a\u0430\u0437\u0438\u043d\u043e \u0434\u043b\u044f \u043f\u043e\u0447\u0430\u0442\u043a\u0456\u0432\u0446\u0456\u0432<\/a>. \u0420\u0430\u0437\u043e\u043c \u0437 \u041b\u0430\u0440\u0440\u0456 \u0411\u0430\u0440\u043a\u0435\u0440\u043e\u043c, \u0441\u043f\u0456\u0432\u0430\u0432\u0442\u043e\u0440\u043e\u043c \u0435\u043b\u0435\u043a\u0442\u0440\u043e\u043d\u043d\u043e\u0457 \u043a\u043d\u0438\u0433\u0438 <a href=\"http:\/\/deepnettech.com\/estore\/index.php?main_page=product_info&amp;cPath=2&amp;products_id=60\">\u041b\u0435\u0433\u0435\u043d\u0434\u0438 \u0431\u043b\u0435\u043a\u0434\u0436\u0435\u043a\u0430<\/a>.<\/p><\/blockquote>\n<\/li>\n<\/ul>\n<h3 class=\"gbs-heading\">\u0410\u043d\u0433\u043b\u0456\u0439\u0441\u044c\u043a\u043e\u044e \u043c\u043e\u0432\u043e\u044e<\/h3>\n<ul class=\"articles\">\n<li><a href=\"https:\/\/www.it.blackjackinfo.com\/files\/Ben-Franklin-Count.pdf\"><span lang=\"en\">\u0413\u0440\u0430\u0444 \u0411\u0435\u043d \u0424\u0440\u0430\u043d\u043a\u043b\u0456\u043d<\/span><\/a><img loading=\"lazy\" decoding=\"async\" class=\"icon\" src=\"https:\/\/www.it.blackjackinfo.com\/it\/AcrobatLogo.gif\" alt=\"Adobe Acrobat\" width=\"32\" height=\"32\" data-no-auto-translation=\"\" \/>(\u0443 \u0444\u043e\u0440\u043c\u0430\u0442\u0456 PDF): Un sistema di conteggio per giochi con 6 o 8 mazzi di carte, che arrotonda tutti gli indici numerici a 0, 5, o 10 per semplificarne l'uso. \u041f\u0440\u043e\u0434\u0443\u043a\u0442 \u0432\u0456\u0434 \u043a\u043e\u0440\u0438\u0441\u0442\u0443\u0432\u0430\u0447\u0430 \u043d\u0430\u0448\u043e\u0433\u043e \u0444\u043e\u0440\u0443\u043c\u0443, Automatic Monkey.<\/li>\n<li><a href=\"https:\/\/www.it.blackjackinfo.com\/knowledge-base\/\">\u0410\u0440\u0445\u0456\u0432\u0438 \u0444\u043e\u0440\u0443\u043c\u0443<\/a>: Archivio dei messaggi inseriti dal vecchio forum.<\/li>\n<\/ul>","protected":false},"excerpt":{"rendered":"<p>Il conteggio delle carte \u00e8 un metodo legale di gioco che permette di acquisire un vantaggio matematico rispetto al casino. Il Blackjack \u00e8 differente rispetto agli altri giochi da casino. Si pu\u00f2 battere. Poich\u00e8 pi\u00f9 mani escono tra i vari giocatori durante una mischiata ed un&#8217;altra, un giocatore pu\u00f2 usare queste informazioni, sulle carte giocate, [&hellip;]<\/p>\n","protected":false},"author":4,"featured_media":0,"parent":0,"menu_order":0,"comment_status":"open","ping_status":"closed","template":"page-with-sidebar.php","meta":{"_acf_changed":false,"footnotes":""},"tags":[],"class_list":["post-2813","page","type-page","status-publish","hentry"],"acf":[],"yoast_head":"<!-- This site is optimized with the Yoast SEO plugin v26.6 - https:\/\/yoast.com\/wordpress\/plugins\/seo\/ -->\n<title>Conteggio Carte<\/title>\n<meta name=\"description\" content=\"Il conteggio delle carte \u00e8 un metodo legale di gioco che permette di acquisire un vantaggio matematico rispetto al casino. Il Blackjack \u00e8 differente\" \/>\n<meta name=\"robots\" content=\"index, follow, max-snippet:-1, max-image-preview:large, max-video-preview:-1\" \/>\n<link rel=\"canonical\" href=\"https:\/\/www.blackjackinfo.com\/uk\/\u043f\u0456\u0434\u0440\u0430\u0445\u0443\u043d\u043e\u043a-\u043a\u0430\u0440\u0442\u043e\u043a\/\" \/>\n<meta property=\"og:locale\" content=\"uk_UA\" \/>\n<meta property=\"og:type\" content=\"article\" \/>\n<meta property=\"og:title\" content=\"Conteggio Carte\" \/>\n<meta property=\"og:description\" content=\"Il conteggio delle carte \u00e8 un metodo legale di gioco che permette di acquisire un vantaggio matematico rispetto al casino. Il Blackjack \u00e8 differente\" \/>\n<meta property=\"og:url\" content=\"https:\/\/www.blackjackinfo.com\/uk\/\u043f\u0456\u0434\u0440\u0430\u0445\u0443\u043d\u043e\u043a-\u043a\u0430\u0440\u0442\u043e\u043a\/\" \/>\n<meta property=\"og:site_name\" content=\"BlackjackInfo.com\" \/>\n<meta property=\"article:modified_time\" content=\"2018-04-17T06:21:32+00:00\" \/>\n<meta property=\"og:image\" content=\"https:\/\/www.it.blackjackinfo.com\/it\/AcrobatLogo.gif\" \/>\n<meta name=\"twitter:label1\" content=\"\u041f\u0440\u0438\u0431\u043b. \u0447\u0430\u0441 \u0447\u0438\u0442\u0430\u043d\u043d\u044f\" \/>\n\t<meta name=\"twitter:data1\" content=\"2 \u0445\u0432\u0438\u043b\u0438\u043d\u0438\" \/>\n<script type=\"application\/ld+json\" class=\"yoast-schema-graph\">{\"@context\":\"https:\/\/schema.org\",\"@graph\":[{\"@type\":\"WebPage\",\"@id\":\"https:\/\/www.blackjackinfo.com\/card-counting\/\",\"url\":\"https:\/\/www.blackjackinfo.com\/card-counting\/\",\"name\":\"Conteggio Carte\",\"isPartOf\":{\"@id\":\"https:\/\/www.blackjackinfo.com\/#website\"},\"primaryImageOfPage\":{\"@id\":\"https:\/\/www.blackjackinfo.com\/card-counting\/#primaryimage\"},\"image\":{\"@id\":\"https:\/\/www.blackjackinfo.com\/card-counting\/#primaryimage\"},\"thumbnailUrl\":\"https:\/\/www.it.blackjackinfo.com\/it\/AcrobatLogo.gif\",\"datePublished\":\"2017-03-13T04:40:35+00:00\",\"dateModified\":\"2018-04-17T06:21:32+00:00\",\"description\":\"Il conteggio delle carte \u00e8 un metodo legale di gioco che permette di acquisire un vantaggio matematico rispetto al casino. Il Blackjack \u00e8 differente\",\"breadcrumb\":{\"@id\":\"https:\/\/www.blackjackinfo.com\/card-counting\/#breadcrumb\"},\"inLanguage\":\"uk\",\"potentialAction\":[{\"@type\":\"ReadAction\",\"target\":[\"https:\/\/www.blackjackinfo.com\/card-counting\/\"]}]},{\"@type\":\"ImageObject\",\"inLanguage\":\"uk\",\"@id\":\"https:\/\/www.blackjackinfo.com\/card-counting\/#primaryimage\",\"url\":\"https:\/\/www.it.blackjackinfo.com\/it\/AcrobatLogo.gif\",\"contentUrl\":\"https:\/\/www.it.blackjackinfo.com\/it\/AcrobatLogo.gif\"},{\"@type\":\"BreadcrumbList\",\"@id\":\"https:\/\/www.blackjackinfo.com\/card-counting\/#breadcrumb\",\"itemListElement\":[{\"@type\":\"ListItem\",\"position\":1,\"name\":\"Home\",\"item\":\"https:\/\/www.blackjackinfo.com\/\"},{\"@type\":\"ListItem\",\"position\":2,\"name\":\"Conteggio Carte\"}]},{\"@type\":\"WebSite\",\"@id\":\"https:\/\/www.blackjackinfo.com\/#website\",\"url\":\"https:\/\/www.blackjackinfo.com\/\",\"name\":\"BlackjackInfo.com\",\"description\":\"Because Winning is More Fun!\",\"potentialAction\":[{\"@type\":\"SearchAction\",\"target\":{\"@type\":\"EntryPoint\",\"urlTemplate\":\"https:\/\/www.blackjackinfo.com\/?s={search_term_string}\"},\"query-input\":{\"@type\":\"PropertyValueSpecification\",\"valueRequired\":true,\"valueName\":\"search_term_string\"}}],\"inLanguage\":\"uk\"}]}<\/script>\n<!-- \/ Yoast SEO plugin. -->","yoast_head_json":{"title":"Conteggio Carte","description":"\u041a\u043e\u043d\u0442\u0435\u0433\u0433\u0430\u0446\u0456\u044f \u043a\u0430\u0440\u0442 - \u0446\u0435 \u043b\u0435\u0433\u0430\u043b\u044c\u043d\u0438\u0439 \u043c\u0435\u0442\u043e\u0434 \u0433\u0440\u0438 \u0432 \u0430\u0437\u0430\u0440\u0442\u043d\u0456 \u0456\u0433\u0440\u0438, \u044f\u043a\u0438\u0439 \u0434\u043e\u0437\u0432\u043e\u043b\u044f\u0454 \u043e\u0442\u0440\u0438\u043c\u0430\u0442\u0438 \u043c\u0430\u0442\u0435\u043c\u0430\u0442\u0438\u0447\u043d\u0438\u0439 \u043c\u0430\u0442\u0435\u043c\u0430\u0442\u0438\u0447\u043d\u0438\u0439 \u0432\u0438\u0433\u0440\u0430\u0448 \u0443 \u043a\u0430\u0437\u0438\u043d\u043e. \u0411\u043b\u0435\u043a\u0434\u0436\u0435\u043a \u0432\u0456\u0434\u0440\u0456\u0437\u043d\u044f\u0454\u0442\u044c\u0441\u044f","robots":{"index":"index","follow":"follow","max-snippet":"max-snippet:-1","max-image-preview":"max-image-preview:large","max-video-preview":"max-video-preview:-1"},"canonical":"https:\/\/www.blackjackinfo.com\/uk\/\u043f\u0456\u0434\u0440\u0430\u0445\u0443\u043d\u043e\u043a-\u043a\u0430\u0440\u0442\u043e\u043a\/","og_locale":"uk_UA","og_type":"article","og_title":"Conteggio Carte","og_description":"Il conteggio delle carte \u00e8 un metodo legale di gioco che permette di acquisire un vantaggio matematico rispetto al casino. Il Blackjack \u00e8 differente","og_url":"https:\/\/www.blackjackinfo.com\/uk\/\u043f\u0456\u0434\u0440\u0430\u0445\u0443\u043d\u043e\u043a-\u043a\u0430\u0440\u0442\u043e\u043a\/","og_site_name":"BlackjackInfo.com","article_modified_time":"2018-04-17T06:21:32+00:00","og_image":[{"url":"https:\/\/www.it.blackjackinfo.com\/it\/AcrobatLogo.gif","type":"","width":"","height":""}],"twitter_misc":{"\u041f\u0440\u0438\u0431\u043b. \u0447\u0430\u0441 \u0447\u0438\u0442\u0430\u043d\u043d\u044f":"2 \u0445\u0432\u0438\u043b\u0438\u043d\u0438"},"schema":{"@context":"https:\/\/schema.org","@graph":[{"@type":"WebPage","@id":"https:\/\/www.blackjackinfo.com\/card-counting\/","url":"https:\/\/www.blackjackinfo.com\/card-counting\/","name":"Conteggio Carte","isPartOf":{"@id":"https:\/\/www.blackjackinfo.com\/#website"},"primaryImageOfPage":{"@id":"https:\/\/www.blackjackinfo.com\/card-counting\/#primaryimage"},"image":{"@id":"https:\/\/www.blackjackinfo.com\/card-counting\/#primaryimage"},"thumbnailUrl":"https:\/\/www.it.blackjackinfo.com\/it\/AcrobatLogo.gif","datePublished":"2017-03-13T04:40:35+00:00","dateModified":"2018-04-17T06:21:32+00:00","description":"\u041a\u043e\u043d\u0442\u0435\u0433\u0433\u0430\u0446\u0456\u044f \u043a\u0430\u0440\u0442 - \u0446\u0435 \u043b\u0435\u0433\u0430\u043b\u044c\u043d\u0438\u0439 \u043c\u0435\u0442\u043e\u0434 \u0433\u0440\u0438 \u0432 \u0430\u0437\u0430\u0440\u0442\u043d\u0456 \u0456\u0433\u0440\u0438, \u044f\u043a\u0438\u0439 \u0434\u043e\u0437\u0432\u043e\u043b\u044f\u0454 \u043e\u0442\u0440\u0438\u043c\u0430\u0442\u0438 \u043c\u0430\u0442\u0435\u043c\u0430\u0442\u0438\u0447\u043d\u0438\u0439 \u043c\u0430\u0442\u0435\u043c\u0430\u0442\u0438\u0447\u043d\u0438\u0439 \u0432\u0438\u0433\u0440\u0430\u0448 \u0443 \u043a\u0430\u0437\u0438\u043d\u043e. \u0411\u043b\u0435\u043a\u0434\u0436\u0435\u043a \u0432\u0456\u0434\u0440\u0456\u0437\u043d\u044f\u0454\u0442\u044c\u0441\u044f","breadcrumb":{"@id":"https:\/\/www.blackjackinfo.com\/card-counting\/#breadcrumb"},"inLanguage":"uk","potentialAction":[{"@type":"ReadAction","target":["https:\/\/www.blackjackinfo.com\/card-counting\/"]}]},{"@type":"ImageObject","inLanguage":"uk","@id":"https:\/\/www.blackjackinfo.com\/card-counting\/#primaryimage","url":"https:\/\/www.it.blackjackinfo.com\/it\/AcrobatLogo.gif","contentUrl":"https:\/\/www.it.blackjackinfo.com\/it\/AcrobatLogo.gif"},{"@type":"BreadcrumbList","@id":"https:\/\/www.blackjackinfo.com\/card-counting\/#breadcrumb","itemListElement":[{"@type":"ListItem","position":1,"name":"Home","item":"https:\/\/www.blackjackinfo.com\/"},{"@type":"ListItem","position":2,"name":"Conteggio Carte"}]},{"@type":"WebSite","@id":"https:\/\/www.blackjackinfo.com\/#website","url":"https:\/\/www.blackjackinfo.com\/","name":"BlackjackInfo.com","description":"\u0422\u043e\u043c\u0443 \u0449\u043e \u043f\u0435\u0440\u0435\u043c\u0430\u0433\u0430\u0442\u0438 \u0432\u0435\u0441\u0435\u043b\u0456\u0448\u0435!","potentialAction":[{"@type":"SearchAction","target":{"@type":"EntryPoint","urlTemplate":"https:\/\/www.blackjackinfo.com\/?s={search_term_string}"},"query-input":{"@type":"PropertyValueSpecification","valueRequired":true,"valueName":"search_term_string"}}],"inLanguage":"uk"}]}},"_links":{"self":[{"href":"https:\/\/www.blackjackinfo.com\/uk\/wp-json\/wp\/v2\/pages\/2813","targetHints":{"allow":["GET"]}}],"collection":[{"href":"https:\/\/www.blackjackinfo.com\/uk\/wp-json\/wp\/v2\/pages"}],"about":[{"href":"https:\/\/www.blackjackinfo.com\/uk\/wp-json\/wp\/v2\/types\/page"}],"author":[{"embeddable":true,"href":"https:\/\/www.blackjackinfo.com\/uk\/wp-json\/wp\/v2\/users\/4"}],"replies":[{"embeddable":true,"href":"https:\/\/www.blackjackinfo.com\/uk\/wp-json\/wp\/v2\/comments?post=2813"}],"version-history":[{"count":1,"href":"https:\/\/www.blackjackinfo.com\/uk\/wp-json\/wp\/v2\/pages\/2813\/revisions"}],"predecessor-version":[{"id":2814,"href":"https:\/\/www.blackjackinfo.com\/uk\/wp-json\/wp\/v2\/pages\/2813\/revisions\/2814"}],"wp:attachment":[{"href":"https:\/\/www.blackjackinfo.com\/uk\/wp-json\/wp\/v2\/media?parent=2813"}],"wp:term":[{"taxonomy":"post_tag","embeddable":true,"href":"https:\/\/www.blackjackinfo.com\/uk\/wp-json\/wp\/v2\/tags?post=2813"}],"curies":[{"name":"wp","href":"https:\/\/api.w.org\/{rel}","templated":true}]}}